{"id":21060,"date":"2020-01-13T17:44:03","date_gmt":"2020-01-13T22:44:03","guid":{"rendered":"https:\/\/thehometownlawyers.com\/?page_id=21060"},"modified":"2025-02-05T15:40:07","modified_gmt":"2025-02-05T20:40:07","slug":"conducir-bajo-suspension","status":"publish","type":"page","link":"https:\/\/thehometownlawyers.com\/es\/abogados-de-defensa-criminal-de-hamilton\/conducir-bajo-suspension\/","title":{"rendered":"Abogado de Conducir Bajo Suspensi\u00f3n en Hamilton"},"content":{"rendered":"<h2>Conducir bajo suspensi\u00f3n<\/h2>\n<p>Es importante que todos los conductores de Ohio recuerden que conducir bajo suspensi\u00f3n en el estado es un <a href=\"https:\/\/www.bmv.ohio.gov\/suspensions-reinstatements.aspx\" target=\"_blank\" rel=\"noopener\">delito grave<\/a> . Si usted o un ser querido son acusados de conducir con una licencia suspendida, debe tener en cuenta las sanciones que podr\u00edan estar involucradas.<\/p>\n<p class=\"rs-content-cta rs-content-cta-small\">Para una consulta legal gratuita, llame al <a href=\"tel:+15138943333\">513-894-3333 <\/a><\/p><h2>Las sanciones asociadas con conducir con una licencia suspendida<\/h2>\n<p>Mucha gente est\u00e1 familiarizada con la ley de Ohio que establece que es ilegal que una persona conduzca con una licencia suspendida. Sin embargo, pocas personas conocen las diversas sanciones asociadas con conducir con una licencia suspendida. Las sanciones exactas que puede enfrentar como resultado de conducir con una licencia suspendida dependen de una serie de factores, incluido si tiene antecedentes de dicha conducta. El estado de Ohio clasifica los diversos grados de conducci\u00f3n sin licencia suspendida de la siguiente manera:<\/p>\n<ul>\n<li><strong>Conducir con licencia suspendida por primera vez. <\/strong>Este delito es un delito menor de primer grado y puede resultar en seis meses de c\u00e1rcel y hasta $1,000 en multas. Adem\u00e1s, se incrementar\u00e1 el per\u00edodo de suspensi\u00f3n de su licencia. Se le pedir\u00e1 que pague una tarifa para restablecer su licencia despu\u00e9s de que se haya agotado el tiempo de suspensi\u00f3n. A algunos conductores se les exige inmovilizar su veh\u00edculo durante 30 d\u00edas y confiscar sus placas durante 30 d\u00edas.<\/li>\n<li><strong>Conducir con licencia suspendida por segunda vez o subsiguientes. <\/strong>Si se le acusa de conducir con una licencia suspendida dos veces o m\u00e1s en un per\u00edodo de tres a\u00f1os, enfrentar\u00e1 un delito menor de primer grado que puede resultar en seis meses de c\u00e1rcel y una multa de hasta $1,000. Tambi\u00e9n se incrementar\u00e1 el per\u00edodo de suspensi\u00f3n de su licencia de conducir. Despu\u00e9s de un segundo cargo de conducir con una licencia suspendida, su veh\u00edculo ser\u00e1 inmovilizado por 60 d\u00edas y su placa ser\u00e1 confiscada por 60 d\u00edas. Si se le acusa de conducir por tercera vez con un delito de licencia suspendida, la polic\u00eda incautar\u00e1 su veh\u00edculo.<\/li>\n<li><strong>Conducci\u00f3n con suspensi\u00f3n de 12 puntos.<\/strong> Si recibe 12 puntos en su licencia en un per\u00edodo de dos a\u00f1os, el estado de Ohio suspender\u00e1 su licencia por seis meses. Si lo atrapan conduciendo durante ese per\u00edodo de seis meses, se le agregar\u00e1n seis puntos adicionales a su licencia y se le acusar\u00e1 de un delito menor de primer grado, cuyo castigo es un m\u00ednimo de tres d\u00edas en la c\u00e1rcel.<\/li>\n<li><strong>Conducci\u00f3n con suspensi\u00f3n <a href=\"https:\/\/thehometownlawyers.com\/es\/abogados-de-defensa-criminal-de-hamilton\/abogados-defensores-de-ovi-dui-en-hamilton-oh\/\">OVI<\/a> .<\/strong> Si su licencia ha sido suspendida por una condena OVI y lo atrapan conduciendo un veh\u00edculo, puede enfrentar algunas sanciones graves. Estos incluyen multas, encarcelamiento de al menos tres d\u00edas, arresto domiciliario, una suspensi\u00f3n adicional de la licencia por un a\u00f1o y seis puntos agregados a su licencia. Su autom\u00f3vil tambi\u00e9n puede ser incautado por un m\u00ednimo de 30 d\u00edas.<\/li>\n<\/ul>\n<p class=\"rs-content-cta\">Abogado de Defensa Criminal de hamilton Cerca de M\u00ed <a href=\"tel:+15138943333\">513-894-3333<\/a><\/p><h2>Hable con un abogado de defensa criminal experimentado hoy<\/h2>\n<p>Si bien hay una serie de razones por las que el estado de Ohio suspender\u00e1 su licencia de conducir, algunas de las m\u00e1s comunes que vemos incluyen acumular demasiados puntos en el historial de manejo, no aprobar un examen de manejo, <u><a href=\"https:\/\/thehometownlawyers.com\/es\/abogados-de-defensa-criminal-de-hamilton\/abogados-defensores-de-ovi-dui-en-hamilton-oh\/\" target=\"_blank\" rel=\"noopener noreferrer\">condenas por OVI<\/a><\/u> y no comparecer ante el tribunal. o pagar multas. No importa el motivo, ser acusado de conducir con una licencia suspendida puede ser una situaci\u00f3n inc\u00f3moda. Es com\u00fan estar preocupado por c\u00f3mo se resolver\u00e1 el caso. No debe dudar en ponerse en contacto con un <a href=\"https:\/\/thehometownlawyers.com\/es\/abogados-de-defensa-criminal-de-hamilton\/\">abogado penalista<\/a> de <u><a href=\"https:\/\/thehometownlawyers.com\/es\/contacto\/\">Kruger &amp; Hodges<\/a><\/u> hoy mismo para que le ayude a determinar su mejor estrategia para responder a los cargos de conducir con una licencia suspendida.<\/p>\n<p class=\"rs-content-cta rs-content-cta-small\">Llame o env\u00ede un mensaje de texto al <a href=\"tel:+15138943333\">513-894-3333<\/a> o complete una <a href=\"\/es\/contacto\/\">evaluaci\u00f3n gratuita de su caso<\/a><\/p>","protected":false},"excerpt":{"rendered":"<p>Conducir bajo suspensi\u00f3n Es importante que todos los conductores de Ohio recuerden que conducir bajo suspensi\u00f3n en el estado es un delito grave . Si usted o un ser querido son acusados de conducir con una licencia suspendida, debe tener en cuenta las sanciones que podr\u00edan estar involucradas. Para una consulta legal gratuita, llame al &#8230;<\/p>\n","protected":false},"author":7,"featured_media":24531,"parent":20980,"menu_order":0,"comment_status":"closed","ping_status":"closed","template":"","meta":{"_acf_changed":false,"inline_featured_image":false,"_genesis_hide_title":false,"_genesis_hide_breadcrumbs":false,"_genesis_hide_singular_image":false,"_genesis_hide_footer_widgets":false,"_genesis_custom_body_class":"","_genesis_custom_post_class":"","_genesis_layout":"","footnotes":""},"hc_faqs":[],"hc_spanish_faqs":[],"class_list":{"0":"post-21060","1":"page","2":"type-page","3":"status-publish","4":"has-post-thumbnail","6":"hc_city_location-hamilton-es-2","7":"entry"},"acf":[],"yoast_head":"<!-- This site is optimized with the Yoast SEO plugin v27.3 - https:\/\/yoast.com\/product\/yoast-seo-wordpress\/ -->\n<title>Abogado de Conducir Bajo Suspensi\u00f3n en Hamilton | Consulta Gratuita<\/title>\n<meta name=\"description\" content=\"Es importante que todos los conductores de Ohio recuerden que conducir bajo suspensi\u00f3n en el estado es un delito grave.\" \/>\n<meta name=\"robots\" content=\"index, follow, max-snippet:-1, max-image-preview:large, max-video-preview:-1\" \/>\n<link rel=\"canonical\" href=\"https:\/\/thehometownlawyers.com\/es\/abogados-de-defensa-criminal-de-hamilton\/conducir-bajo-suspension\/\" \/>\n<meta property=\"og:locale\" content=\"es_MX\" \/>\n<meta property=\"og:type\" content=\"article\" \/>\n<meta property=\"og:title\" content=\"Abogado de Conducir Bajo Suspensi\u00f3n en Hamilton | Consulta Gratuita\" \/>\n<meta property=\"og:description\" content=\"Es importante que todos los conductores de Ohio recuerden que conducir bajo suspensi\u00f3n en el estado es un delito grave.\" \/>\n<meta property=\"og:url\" content=\"https:\/\/thehometownlawyers.com\/es\/abogados-de-defensa-criminal-de-hamilton\/conducir-bajo-suspension\/\" \/>\n<meta property=\"og:site_name\" content=\"Kruger &amp; Hodges Abogados De Lesiones\" \/>\n<meta property=\"article:publisher\" content=\"https:\/\/www.facebook.com\/KrugerHodges\/\" \/>\n<meta property=\"article:modified_time\" content=\"2025-02-05T20:40:07+00:00\" \/>\n<meta property=\"og:image\" content=\"https:\/\/thehometownlawyers.com\/wp-content\/uploads\/2021\/08\/car-driver-wheel.jpg\" \/>\n\t<meta property=\"og:image:width\" content=\"1920\" \/>\n\t<meta property=\"og:image:height\" content=\"1080\" \/>\n\t<meta property=\"og:image:type\" content=\"image\/jpeg\" \/>\n<meta name=\"twitter:card\" content=\"summary_large_image\" \/>\n<meta name=\"twitter:label1\" content=\"Tiempo de lectura\" \/>\n\t<meta name=\"twitter:data1\" content=\"3 minutos\" \/>\n<script type=\"application\/ld+json\" class=\"yoast-schema-graph\">{\"@context\":\"https:\\\/\\\/schema.org\",\"@graph\":[{\"@type\":\"WebPage\",\"@id\":\"https:\\\/\\\/thehometownlawyers.com\\\/es\\\/abogados-de-defensa-criminal-de-hamilton\\\/conducir-bajo-suspension\\\/\",\"url\":\"https:\\\/\\\/thehometownlawyers.com\\\/es\\\/abogados-de-defensa-criminal-de-hamilton\\\/conducir-bajo-suspension\\\/\",\"name\":\"Abogado de Conducir Bajo Suspensi\u00f3n en Hamilton | Consulta Gratuita\",\"isPartOf\":{\"@id\":\"https:\\\/\\\/thehometownlawyers.com\\\/es\\\/#website\"},\"primaryImageOfPage\":{\"@id\":\"https:\\\/\\\/thehometownlawyers.com\\\/es\\\/abogados-de-defensa-criminal-de-hamilton\\\/conducir-bajo-suspension\\\/#primaryimage\"},\"image\":{\"@id\":\"https:\\\/\\\/thehometownlawyers.com\\\/es\\\/abogados-de-defensa-criminal-de-hamilton\\\/conducir-bajo-suspension\\\/#primaryimage\"},\"thumbnailUrl\":\"https:\\\/\\\/thehometownlawyers.com\\\/wp-content\\\/uploads\\\/2025\\\/03\\\/hamilton-criminal-defense-lawyer-driving-under-suspension.jpg\",\"datePublished\":\"2020-01-13T22:44:03+00:00\",\"dateModified\":\"2025-02-05T20:40:07+00:00\",\"description\":\"Es importante que todos los conductores de Ohio recuerden que conducir bajo suspensi\u00f3n en el estado es un delito grave.\",\"breadcrumb\":{\"@id\":\"https:\\\/\\\/thehometownlawyers.com\\\/es\\\/abogados-de-defensa-criminal-de-hamilton\\\/conducir-bajo-suspension\\\/#breadcrumb\"},\"inLanguage\":\"es\",\"potentialAction\":[{\"@type\":\"ReadAction\",\"target\":[\"https:\\\/\\\/thehometownlawyers.com\\\/es\\\/abogados-de-defensa-criminal-de-hamilton\\\/conducir-bajo-suspension\\\/\"]}]},{\"@type\":\"ImageObject\",\"inLanguage\":\"es\",\"@id\":\"https:\\\/\\\/thehometownlawyers.com\\\/es\\\/abogados-de-defensa-criminal-de-hamilton\\\/conducir-bajo-suspension\\\/#primaryimage\",\"url\":\"https:\\\/\\\/thehometownlawyers.com\\\/wp-content\\\/uploads\\\/2025\\\/03\\\/hamilton-criminal-defense-lawyer-driving-under-suspension.jpg\",\"contentUrl\":\"https:\\\/\\\/thehometownlawyers.com\\\/wp-content\\\/uploads\\\/2025\\\/03\\\/hamilton-criminal-defense-lawyer-driving-under-suspension.jpg\",\"width\":768,\"height\":432,\"caption\":\"Highway Traffic Patrol Car Pulls over Vehicle on the Road.\"},{\"@type\":\"BreadcrumbList\",\"@id\":\"https:\\\/\\\/thehometownlawyers.com\\\/es\\\/abogados-de-defensa-criminal-de-hamilton\\\/conducir-bajo-suspension\\\/#breadcrumb\",\"itemListElement\":[{\"@type\":\"ListItem\",\"position\":1,\"name\":\"Home\",\"item\":\"https:\\\/\\\/thehometownlawyers.com\\\/es\\\/\"},{\"@type\":\"ListItem\",\"position\":2,\"name\":\"Abogado de Defensa Criminal en Hamilton\",\"item\":\"https:\\\/\\\/thehometownlawyers.com\\\/es\\\/abogados-de-defensa-criminal-de-hamilton\\\/\"},{\"@type\":\"ListItem\",\"position\":3,\"name\":\"Abogado de Conducir Bajo Suspensi\u00f3n en Hamilton\"}]},{\"@type\":\"WebSite\",\"@id\":\"https:\\\/\\\/thehometownlawyers.com\\\/es\\\/#website\",\"url\":\"https:\\\/\\\/thehometownlawyers.com\\\/es\\\/\",\"name\":\"Kruger & Hodges Hometown Injury Lawyers | Accident Attorneys\",\"description\":\"Attorneys for Car, Truck and Motorcycle Accidents, Personal Injuries, and Criminal Defense.\",\"publisher\":{\"@id\":\"https:\\\/\\\/thehometownlawyers.com\\\/es\\\/#organization\"},\"alternateName\":\"Kruger & Hodges Personal Injury Lawyers\",\"inLanguage\":\"es\"},{\"@type\":\"Organization\",\"@id\":\"https:\\\/\\\/thehometownlawyers.com\\\/es\\\/#organization\",\"name\":\"Kruger & Hodges Hometown Injury Lawyers\",\"alternateName\":\"Kruger & Hodges\",\"url\":\"https:\\\/\\\/thehometownlawyers.com\\\/es\\\/\",\"logo\":{\"@type\":\"ImageObject\",\"inLanguage\":\"es\",\"@id\":\"https:\\\/\\\/thehometownlawyers.com\\\/es\\\/#\\\/schema\\\/logo\\\/image\\\/\",\"url\":\"https:\\\/\\\/thehometownlawyers.com\\\/wp-content\\\/uploads\\\/2025\\\/12\\\/revised-kh-logo-vertical-white-background-scaled.png\",\"contentUrl\":\"https:\\\/\\\/thehometownlawyers.com\\\/wp-content\\\/uploads\\\/2025\\\/12\\\/revised-kh-logo-vertical-white-background-scaled.png\",\"width\":2560,\"height\":1440,\"caption\":\"Kruger & Hodges Hometown Injury Lawyers\"},\"image\":{\"@id\":\"https:\\\/\\\/thehometownlawyers.com\\\/es\\\/#\\\/schema\\\/logo\\\/image\\\/\"},\"sameAs\":[\"https:\\\/\\\/www.facebook.com\\\/KrugerHodges\\\/\",\"https:\\\/\\\/www.instagram.com\\\/krugerhodges\\\/\",\"https:\\\/\\\/www.linkedin.com\\\/company\\\/kruger-hodges-hometown-injury-lawyers\\\/\",\"https:\\\/\\\/www.youtube.com\\\/channel\\\/UCeYcMaMaN2rb9jMlqt4EIdQ\",\"https:\\\/\\\/www.tiktok.com\\\/@thehometownlawyer\"]}]}<\/script>\n<!-- \/ Yoast SEO plugin. -->","yoast_head_json":{"title":"Abogado de Conducir Bajo Suspensi\u00f3n en Hamilton | Consulta Gratuita","description":"Es importante que todos los conductores de Ohio recuerden que conducir bajo suspensi\u00f3n en el estado es un delito grave.","robots":{"index":"index","follow":"follow","max-snippet":"max-snippet:-1","max-image-preview":"max-image-preview:large","max-video-preview":"max-video-preview:-1"},"canonical":"https:\/\/thehometownlawyers.com\/es\/abogados-de-defensa-criminal-de-hamilton\/conducir-bajo-suspension\/","og_locale":"es_MX","og_type":"article","og_title":"Abogado de Conducir Bajo Suspensi\u00f3n en Hamilton | Consulta Gratuita","og_description":"Es importante que todos los conductores de Ohio recuerden que conducir bajo suspensi\u00f3n en el estado es un delito grave.","og_url":"https:\/\/thehometownlawyers.com\/es\/abogados-de-defensa-criminal-de-hamilton\/conducir-bajo-suspension\/","og_site_name":"Kruger &amp; Hodges Abogados De Lesiones","article_publisher":"https:\/\/www.facebook.com\/KrugerHodges\/","article_modified_time":"2025-02-05T20:40:07+00:00","og_image":[{"width":1920,"height":1080,"url":"https:\/\/thehometownlawyers.com\/wp-content\/uploads\/2021\/08\/car-driver-wheel.jpg","type":"image\/jpeg"}],"twitter_card":"summary_large_image","twitter_misc":{"Tiempo de lectura":"3 minutos"},"schema":{"@context":"https:\/\/schema.org","@graph":[{"@type":"WebPage","@id":"https:\/\/thehometownlawyers.com\/es\/abogados-de-defensa-criminal-de-hamilton\/conducir-bajo-suspension\/","url":"https:\/\/thehometownlawyers.com\/es\/abogados-de-defensa-criminal-de-hamilton\/conducir-bajo-suspension\/","name":"Abogado de Conducir Bajo Suspensi\u00f3n en Hamilton | Consulta Gratuita","isPartOf":{"@id":"https:\/\/thehometownlawyers.com\/es\/#website"},"primaryImageOfPage":{"@id":"https:\/\/thehometownlawyers.com\/es\/abogados-de-defensa-criminal-de-hamilton\/conducir-bajo-suspension\/#primaryimage"},"image":{"@id":"https:\/\/thehometownlawyers.com\/es\/abogados-de-defensa-criminal-de-hamilton\/conducir-bajo-suspension\/#primaryimage"},"thumbnailUrl":"https:\/\/thehometownlawyers.com\/wp-content\/uploads\/2025\/03\/hamilton-criminal-defense-lawyer-driving-under-suspension.jpg","datePublished":"2020-01-13T22:44:03+00:00","dateModified":"2025-02-05T20:40:07+00:00","description":"Es importante que todos los conductores de Ohio recuerden que conducir bajo suspensi\u00f3n en el estado es un delito grave.","breadcrumb":{"@id":"https:\/\/thehometownlawyers.com\/es\/abogados-de-defensa-criminal-de-hamilton\/conducir-bajo-suspension\/#breadcrumb"},"inLanguage":"es","potentialAction":[{"@type":"ReadAction","target":["https:\/\/thehometownlawyers.com\/es\/abogados-de-defensa-criminal-de-hamilton\/conducir-bajo-suspension\/"]}]},{"@type":"ImageObject","inLanguage":"es","@id":"https:\/\/thehometownlawyers.com\/es\/abogados-de-defensa-criminal-de-hamilton\/conducir-bajo-suspension\/#primaryimage","url":"https:\/\/thehometownlawyers.com\/wp-content\/uploads\/2025\/03\/hamilton-criminal-defense-lawyer-driving-under-suspension.jpg","contentUrl":"https:\/\/thehometownlawyers.com\/wp-content\/uploads\/2025\/03\/hamilton-criminal-defense-lawyer-driving-under-suspension.jpg","width":768,"height":432,"caption":"Highway Traffic Patrol Car Pulls over Vehicle on the Road."},{"@type":"BreadcrumbList","@id":"https:\/\/thehometownlawyers.com\/es\/abogados-de-defensa-criminal-de-hamilton\/conducir-bajo-suspension\/#breadcrumb","itemListElement":[{"@type":"ListItem","position":1,"name":"Home","item":"https:\/\/thehometownlawyers.com\/es\/"},{"@type":"ListItem","position":2,"name":"Abogado de Defensa Criminal en Hamilton","item":"https:\/\/thehometownlawyers.com\/es\/abogados-de-defensa-criminal-de-hamilton\/"},{"@type":"ListItem","position":3,"name":"Abogado de Conducir Bajo Suspensi\u00f3n en Hamilton"}]},{"@type":"WebSite","@id":"https:\/\/thehometownlawyers.com\/es\/#website","url":"https:\/\/thehometownlawyers.com\/es\/","name":"Kruger & Hodges Hometown Injury Lawyers | Accident Attorneys","description":"Attorneys for Car, Truck and Motorcycle Accidents, Personal Injuries, and Criminal Defense.","publisher":{"@id":"https:\/\/thehometownlawyers.com\/es\/#organization"},"alternateName":"Kruger & Hodges Personal Injury Lawyers","inLanguage":"es"},{"@type":"Organization","@id":"https:\/\/thehometownlawyers.com\/es\/#organization","name":"Kruger & Hodges Hometown Injury Lawyers","alternateName":"Kruger & Hodges","url":"https:\/\/thehometownlawyers.com\/es\/","logo":{"@type":"ImageObject","inLanguage":"es","@id":"https:\/\/thehometownlawyers.com\/es\/#\/schema\/logo\/image\/","url":"https:\/\/thehometownlawyers.com\/wp-content\/uploads\/2025\/12\/revised-kh-logo-vertical-white-background-scaled.png","contentUrl":"https:\/\/thehometownlawyers.com\/wp-content\/uploads\/2025\/12\/revised-kh-logo-vertical-white-background-scaled.png","width":2560,"height":1440,"caption":"Kruger & Hodges Hometown Injury Lawyers"},"image":{"@id":"https:\/\/thehometownlawyers.com\/es\/#\/schema\/logo\/image\/"},"sameAs":["https:\/\/www.facebook.com\/KrugerHodges\/","https:\/\/www.instagram.com\/krugerhodges\/","https:\/\/www.linkedin.com\/company\/kruger-hodges-hometown-injury-lawyers\/","https:\/\/www.youtube.com\/channel\/UCeYcMaMaN2rb9jMlqt4EIdQ","https:\/\/www.tiktok.com\/@thehometownlawyer"]}]}},"_links":{"self":[{"href":"https:\/\/thehometownlawyers.com\/es\/wp-json\/wp\/v2\/pages\/21060","targetHints":{"allow":["GET"]}}],"collection":[{"href":"https:\/\/thehometownlawyers.com\/es\/wp-json\/wp\/v2\/pages"}],"about":[{"href":"https:\/\/thehometownlawyers.com\/es\/wp-json\/wp\/v2\/types\/page"}],"author":[{"embeddable":true,"href":"https:\/\/thehometownlawyers.com\/es\/wp-json\/wp\/v2\/users\/7"}],"replies":[{"embeddable":true,"href":"https:\/\/thehometownlawyers.com\/es\/wp-json\/wp\/v2\/comments?post=21060"}],"version-history":[{"count":0,"href":"https:\/\/thehometownlawyers.com\/es\/wp-json\/wp\/v2\/pages\/21060\/revisions"}],"up":[{"embeddable":true,"href":"https:\/\/thehometownlawyers.com\/es\/wp-json\/wp\/v2\/pages\/20980"}],"wp:featuredmedia":[{"embeddable":true,"href":"https:\/\/thehometownlawyers.com\/es\/wp-json\/wp\/v2\/media\/24531"}],"wp:attachment":[{"href":"https:\/\/thehometownlawyers.com\/es\/wp-json\/wp\/v2\/media?parent=21060"}],"wp:term":[{"taxonomy":"hc_faqs","embeddable":true,"href":"https:\/\/thehometownlawyers.com\/es\/wp-json\/wp\/v2\/hc_faqs?post=21060"},{"taxonomy":"hc_spanish_faqs","embeddable":true,"href":"https:\/\/thehometownlawyers.com\/es\/wp-json\/wp\/v2\/hc_spanish_faqs?post=21060"}],"curies":[{"name":"wp","href":"https:\/\/api.w.org\/{rel}","templated":true}]}}