{"id":21061,"date":"2020-01-13T18:48:55","date_gmt":"2020-01-13T23:48:55","guid":{"rendered":"https:\/\/thehometownlawyers.com\/?page_id=21061"},"modified":"2025-02-05T15:39:44","modified_gmt":"2025-02-05T20:39:44","slug":"abogados-defensores-por-cargos-de-armas","status":"publish","type":"page","link":"https:\/\/thehometownlawyers.com\/es\/abogados-de-defensa-criminal-de-hamilton\/abogados-defensores-por-cargos-de-armas\/","title":{"rendered":"Abogado de Delitos de Armas en Hamilton"},"content":{"rendered":"<h2>Abogados defensores de cargos relacionados con armas<\/h2>\n<p>A diferencia de muchos otros estados, Ohio tiene leyes <a href=\"https:\/\/opencarry.org\/state-info-n-s\/ohio\/\" target=\"_blank\" rel=\"noopener\">de portaci\u00f3n abiertas<\/a> , lo que significa que los transportistas calificados en el estado pueden comprar y portar armas de fuego sin obtener primero una licencia. Sin embargo, el estado tiene muchas otras leyes complejas en los libros que involucran el uso y la propiedad de armas. Es importante que las personas que poseen armas de fuego o que est\u00e1n acusadas de portar un arma de fuego entiendan algunas de estas leyes importantes, as\u00ed como consultar a los abogados defensores de <a href=\"https:\/\/thehometownlawyers.com\/es\/acerca-de-los-abogados-de-kruger-hodges\/\">Kruger &amp; Hodges<\/a> por cargos de armas.<\/p>\n<p class=\"rs-content-cta rs-content-cta-small\">Para una consulta legal gratuita, llame al <a href=\"tel:+15138943333\">513-894-3333 <\/a><\/p><h2>Leyes de porte oculto en Ohio<\/h2>\n<p>Los adultos en Ohio no est\u00e1n obligados a portar armas de fuego abiertamente. Sin embargo, deben obtener licencias para portar armas de fuego que est\u00e9n ocultas en su cuerpo o en su veh\u00edculo. Se realiza una verificaci\u00f3n de antecedentes penales como parte del proceso de concesi\u00f3n de licencias del estado para los permisos de porte oculto.<\/p>\n<h2>Delincuentes convictos en Ohio y armas de fuego<\/h2>\n<p><a href=\"https:\/\/ohn.fd.org\/\" target=\"_blank\" rel=\"noopener\">La ley en el estado<\/a> de Ohio proh\u00edbe que las personas que han sido condenadas por delitos de drogas o delitos graves violentos posean un arma de fuego. Si bien algunos estados permiten que los delincuentes condenados soliciten derechos de armas, Ohio no permite estas peticiones. Como resultado, si ha sido condenado por un delito de drogas o un delito grave, perder\u00e1 para siempre su derecho a poseer un arma de fuego en el estado de Ohio.<\/p>\n<p class=\"rs-content-cta rs-content-cta-small\"><a href=\"\/es\/contacto\/\">Haga clic para contactar<\/a> con nuestros defensa criminal abogados hoy<\/p><h2>Donde las armas nunca est\u00e1n permitidas<\/h2>\n<p>Ohio permite el porte de armas de fuego en varios lugares. Sin embargo, un lugar donde los habitantes de Ohio no pueden portar un arma de fuego es cualquier lugar donde se venda alcohol. Ohio tambi\u00e9n proh\u00edbe que las personas posean armas de fuego en las zonas de seguridad escolar.<\/p>\n<p class=\"rs-content-cta rs-content-cta-small\">Complete una <a href=\"\/es\/contacto\/\">evaluaci\u00f3n gratuita de su caso<\/a> ahora<\/p><h2>Castigo por varios delitos con armas de fuego en Ohio<\/h2>\n<p>Las sanciones exactas que puede esperar enfrentar dependen de qu\u00e9 delito de arma de fuego de Ohio cometa. Los siguientes son solo algunos ejemplos de las diversas sanciones asociadas con los delitos con armas de fuego en el estado:<\/p>\n<ul>\n<li>Es probable que una persona a la que se descubra portando un arma oculta sin permiso enfrente un primer delito menor que resulte en 180 d\u00edas de c\u00e1rcel y una multa m\u00e1xima de $1,000.<\/li>\n<li>Una persona a la que se descubre que posee un arma de fuego en una zona de seguridad escolar probablemente enfrenta un delito grave de quinto grado que se castiga con un m\u00e1ximo de 12 meses de prisi\u00f3n y una multa de hasta $2,500.<\/li>\n<li>Una persona que es un delincuente condenado o acusado y que se encuentra en posesi\u00f3n de un arma de fuego puede enfrentar un m\u00e1ximo de cinco a\u00f1os de prisi\u00f3n y una multa de hasta $10,000.<\/li>\n<li>Una persona a la que se descubre que posee un arma de fuego en un bar puede enfrentar un delito grave de quinto grado si el arma se port\u00f3 abiertamente y un delito grave de tercer grado si se port\u00f3 de manera oculta.<\/li>\n<\/ul>\n<h2>Hable con nuestros abogados defensores experimentados en cargos por armas<\/h2>\n<p>Si usted o un ser querido enfrenta cargos penales relacionados con la posesi\u00f3n de un arma de fuego, no debe dudar en obtener la asistencia de nuestros abogados defensores experimentados en cargos por armas de fuego, quienes seguir\u00e1n comprometidos a garantizar que su caso se resuelva de la mejor manera posible. <a href=\"https:\/\/thehometownlawyers.com\/es\/contacto\/\">P\u00f3ngase<\/a> en contacto con Kruger &amp; Hodges hoy para programar una consulta inicial gratuita durante la cual le informaremos sobre lo que puede esperar de sus cargos y las posibles defensas disponibles para usted.<\/p>\n<p class=\"rs-content-cta rs-content-cta-small\">Llame o env\u00ede un mensaje de texto al <a href=\"tel:+15138943333\">513-894-3333<\/a> o complete una <a href=\"\/es\/contacto\/\">evaluaci\u00f3n gratuita de su caso<\/a><\/p>","protected":false},"excerpt":{"rendered":"<p>Abogados defensores de cargos relacionados con armas A diferencia de muchos otros estados, Ohio tiene leyes de portaci\u00f3n abiertas , lo que significa que los transportistas calificados en el estado pueden comprar y portar armas de fuego sin obtener primero una licencia. Sin embargo, el estado tiene muchas otras leyes complejas en los libros que &#8230;<\/p>\n","protected":false},"author":7,"featured_media":23241,"parent":20980,"menu_order":0,"comment_status":"closed","ping_status":"closed","template":"","meta":{"_acf_changed":false,"inline_featured_image":false,"_genesis_hide_title":false,"_genesis_hide_breadcrumbs":false,"_genesis_hide_singular_image":false,"_genesis_hide_footer_widgets":false,"_genesis_custom_body_class":"","_genesis_custom_post_class":"","_genesis_layout":"","footnotes":""},"hc_faqs":[],"hc_spanish_faqs":[],"class_list":{"0":"post-21061","1":"page","2":"type-page","3":"status-publish","4":"has-post-thumbnail","6":"entry"},"acf":[],"yoast_head":"<!-- This site is optimized with the Yoast SEO plugin v27.4 - https:\/\/yoast.com\/product\/yoast-seo-wordpress\/ -->\n<title>Abogado de Delitos de Armas en Hamilton | Consulta gratuita<\/title>\n<meta name=\"description\" content=\"Aquellos acusados de portaci\u00f3n ilegal deben entender estas importantes leyes y consultar a nuestros abogados defensores por cargos de armas.\" \/>\n<meta name=\"robots\" content=\"index, follow, max-snippet:-1, max-image-preview:large, max-video-preview:-1\" \/>\n<link rel=\"canonical\" href=\"https:\/\/thehometownlawyers.com\/es\/abogados-de-defensa-criminal-de-hamilton\/abogados-defensores-por-cargos-de-armas\/\" \/>\n<meta property=\"og:locale\" content=\"es_MX\" \/>\n<meta property=\"og:type\" content=\"article\" \/>\n<meta property=\"og:title\" content=\"Abogado de Delitos de Armas en Hamilton | Consulta gratuita\" \/>\n<meta property=\"og:description\" content=\"Aquellos acusados de portaci\u00f3n ilegal deben entender estas importantes leyes y consultar a nuestros abogados defensores por cargos de armas.\" \/>\n<meta property=\"og:url\" content=\"https:\/\/thehometownlawyers.com\/es\/abogados-de-defensa-criminal-de-hamilton\/abogados-defensores-por-cargos-de-armas\/\" \/>\n<meta property=\"og:site_name\" content=\"Kruger &amp; Hodges Abogados De Lesiones\" \/>\n<meta property=\"article:publisher\" content=\"https:\/\/www.facebook.com\/KrugerHodges\/\" \/>\n<meta property=\"article:modified_time\" content=\"2025-02-05T20:39:44+00:00\" \/>\n<meta property=\"og:image\" content=\"https:\/\/thehometownlawyers.com\/wp-content\/uploads\/2024\/04\/gun-bullets-weapon.webp\" \/>\n\t<meta property=\"og:image:width\" content=\"1920\" \/>\n\t<meta property=\"og:image:height\" content=\"1080\" \/>\n\t<meta property=\"og:image:type\" content=\"image\/webp\" \/>\n<meta name=\"twitter:card\" content=\"summary_large_image\" \/>\n<meta name=\"twitter:label1\" content=\"Tiempo de lectura\" \/>\n\t<meta name=\"twitter:data1\" content=\"3 minutos\" \/>\n<script type=\"application\/ld+json\" class=\"yoast-schema-graph\">{\"@context\":\"https:\\\/\\\/schema.org\",\"@graph\":[{\"@type\":\"WebPage\",\"@id\":\"https:\\\/\\\/thehometownlawyers.com\\\/es\\\/abogados-de-defensa-criminal-de-hamilton\\\/abogados-defensores-por-cargos-de-armas\\\/\",\"url\":\"https:\\\/\\\/thehometownlawyers.com\\\/es\\\/abogados-de-defensa-criminal-de-hamilton\\\/abogados-defensores-por-cargos-de-armas\\\/\",\"name\":\"Abogado de Delitos de Armas en Hamilton | Consulta gratuita\",\"isPartOf\":{\"@id\":\"https:\\\/\\\/thehometownlawyers.com\\\/es\\\/#website\"},\"primaryImageOfPage\":{\"@id\":\"https:\\\/\\\/thehometownlawyers.com\\\/es\\\/abogados-de-defensa-criminal-de-hamilton\\\/abogados-defensores-por-cargos-de-armas\\\/#primaryimage\"},\"image\":{\"@id\":\"https:\\\/\\\/thehometownlawyers.com\\\/es\\\/abogados-de-defensa-criminal-de-hamilton\\\/abogados-defensores-por-cargos-de-armas\\\/#primaryimage\"},\"thumbnailUrl\":\"https:\\\/\\\/thehometownlawyers.com\\\/wp-content\\\/uploads\\\/2024\\\/04\\\/gun-bullets-weapon.webp\",\"datePublished\":\"2020-01-13T23:48:55+00:00\",\"dateModified\":\"2025-02-05T20:39:44+00:00\",\"description\":\"Aquellos acusados de portaci\u00f3n ilegal deben entender estas importantes leyes y consultar a nuestros abogados defensores por cargos de armas.\",\"breadcrumb\":{\"@id\":\"https:\\\/\\\/thehometownlawyers.com\\\/es\\\/abogados-de-defensa-criminal-de-hamilton\\\/abogados-defensores-por-cargos-de-armas\\\/#breadcrumb\"},\"inLanguage\":\"es\",\"potentialAction\":[{\"@type\":\"ReadAction\",\"target\":[\"https:\\\/\\\/thehometownlawyers.com\\\/es\\\/abogados-de-defensa-criminal-de-hamilton\\\/abogados-defensores-por-cargos-de-armas\\\/\"]}]},{\"@type\":\"ImageObject\",\"inLanguage\":\"es\",\"@id\":\"https:\\\/\\\/thehometownlawyers.com\\\/es\\\/abogados-de-defensa-criminal-de-hamilton\\\/abogados-defensores-por-cargos-de-armas\\\/#primaryimage\",\"url\":\"https:\\\/\\\/thehometownlawyers.com\\\/wp-content\\\/uploads\\\/2024\\\/04\\\/gun-bullets-weapon.webp\",\"contentUrl\":\"https:\\\/\\\/thehometownlawyers.com\\\/wp-content\\\/uploads\\\/2024\\\/04\\\/gun-bullets-weapon.webp\",\"width\":1920,\"height\":1080,\"caption\":\"gun-bullets-weapon\"},{\"@type\":\"BreadcrumbList\",\"@id\":\"https:\\\/\\\/thehometownlawyers.com\\\/es\\\/abogados-de-defensa-criminal-de-hamilton\\\/abogados-defensores-por-cargos-de-armas\\\/#breadcrumb\",\"itemListElement\":[{\"@type\":\"ListItem\",\"position\":1,\"name\":\"Home\",\"item\":\"https:\\\/\\\/thehometownlawyers.com\\\/es\\\/\"},{\"@type\":\"ListItem\",\"position\":2,\"name\":\"Abogado de Defensa Criminal en Hamilton\",\"item\":\"https:\\\/\\\/thehometownlawyers.com\\\/es\\\/abogados-de-defensa-criminal-de-hamilton\\\/\"},{\"@type\":\"ListItem\",\"position\":3,\"name\":\"Abogado de Delitos de Armas en Hamilton\"}]},{\"@type\":\"WebSite\",\"@id\":\"https:\\\/\\\/thehometownlawyers.com\\\/es\\\/#website\",\"url\":\"https:\\\/\\\/thehometownlawyers.com\\\/es\\\/\",\"name\":\"Kruger & Hodges Hometown Injury Lawyers | Accident Attorneys\",\"description\":\"Attorneys for Car, Truck and Motorcycle Accidents, Personal Injuries, and Criminal Defense.\",\"publisher\":{\"@id\":\"https:\\\/\\\/thehometownlawyers.com\\\/es\\\/#organization\"},\"alternateName\":\"Kruger & Hodges Personal Injury Lawyers\",\"inLanguage\":\"es\"},{\"@type\":\"Organization\",\"@id\":\"https:\\\/\\\/thehometownlawyers.com\\\/es\\\/#organization\",\"name\":\"Kruger & Hodges Hometown Injury Lawyers\",\"alternateName\":\"Kruger & Hodges\",\"url\":\"https:\\\/\\\/thehometownlawyers.com\\\/es\\\/\",\"logo\":{\"@type\":\"ImageObject\",\"inLanguage\":\"es\",\"@id\":\"https:\\\/\\\/thehometownlawyers.com\\\/es\\\/#\\\/schema\\\/logo\\\/image\\\/\",\"url\":\"https:\\\/\\\/thehometownlawyers.com\\\/wp-content\\\/uploads\\\/2025\\\/12\\\/revised-kh-logo-vertical-white-background-scaled.png\",\"contentUrl\":\"https:\\\/\\\/thehometownlawyers.com\\\/wp-content\\\/uploads\\\/2025\\\/12\\\/revised-kh-logo-vertical-white-background-scaled.png\",\"width\":2560,\"height\":1440,\"caption\":\"Kruger & Hodges Hometown Injury Lawyers\"},\"image\":{\"@id\":\"https:\\\/\\\/thehometownlawyers.com\\\/es\\\/#\\\/schema\\\/logo\\\/image\\\/\"},\"sameAs\":[\"https:\\\/\\\/www.facebook.com\\\/KrugerHodges\\\/\",\"https:\\\/\\\/www.instagram.com\\\/krugerhodges\\\/\",\"https:\\\/\\\/www.linkedin.com\\\/company\\\/kruger-hodges-hometown-injury-lawyers\\\/\",\"https:\\\/\\\/www.youtube.com\\\/channel\\\/UCeYcMaMaN2rb9jMlqt4EIdQ\",\"https:\\\/\\\/www.tiktok.com\\\/@thehometownlawyer\"]}]}<\/script>\n<!-- \/ Yoast SEO plugin. -->","yoast_head_json":{"title":"Abogado de Delitos de Armas en Hamilton | Consulta gratuita","description":"Aquellos acusados de portaci\u00f3n ilegal deben entender estas importantes leyes y consultar a nuestros abogados defensores por cargos de armas.","robots":{"index":"index","follow":"follow","max-snippet":"max-snippet:-1","max-image-preview":"max-image-preview:large","max-video-preview":"max-video-preview:-1"},"canonical":"https:\/\/thehometownlawyers.com\/es\/abogados-de-defensa-criminal-de-hamilton\/abogados-defensores-por-cargos-de-armas\/","og_locale":"es_MX","og_type":"article","og_title":"Abogado de Delitos de Armas en Hamilton | Consulta gratuita","og_description":"Aquellos acusados de portaci\u00f3n ilegal deben entender estas importantes leyes y consultar a nuestros abogados defensores por cargos de armas.","og_url":"https:\/\/thehometownlawyers.com\/es\/abogados-de-defensa-criminal-de-hamilton\/abogados-defensores-por-cargos-de-armas\/","og_site_name":"Kruger &amp; Hodges Abogados De Lesiones","article_publisher":"https:\/\/www.facebook.com\/KrugerHodges\/","article_modified_time":"2025-02-05T20:39:44+00:00","og_image":[{"width":1920,"height":1080,"url":"https:\/\/thehometownlawyers.com\/wp-content\/uploads\/2024\/04\/gun-bullets-weapon.webp","type":"image\/webp"}],"twitter_card":"summary_large_image","twitter_misc":{"Tiempo de lectura":"3 minutos"},"schema":{"@context":"https:\/\/schema.org","@graph":[{"@type":"WebPage","@id":"https:\/\/thehometownlawyers.com\/es\/abogados-de-defensa-criminal-de-hamilton\/abogados-defensores-por-cargos-de-armas\/","url":"https:\/\/thehometownlawyers.com\/es\/abogados-de-defensa-criminal-de-hamilton\/abogados-defensores-por-cargos-de-armas\/","name":"Abogado de Delitos de Armas en Hamilton | Consulta gratuita","isPartOf":{"@id":"https:\/\/thehometownlawyers.com\/es\/#website"},"primaryImageOfPage":{"@id":"https:\/\/thehometownlawyers.com\/es\/abogados-de-defensa-criminal-de-hamilton\/abogados-defensores-por-cargos-de-armas\/#primaryimage"},"image":{"@id":"https:\/\/thehometownlawyers.com\/es\/abogados-de-defensa-criminal-de-hamilton\/abogados-defensores-por-cargos-de-armas\/#primaryimage"},"thumbnailUrl":"https:\/\/thehometownlawyers.com\/wp-content\/uploads\/2024\/04\/gun-bullets-weapon.webp","datePublished":"2020-01-13T23:48:55+00:00","dateModified":"2025-02-05T20:39:44+00:00","description":"Aquellos acusados de portaci\u00f3n ilegal deben entender estas importantes leyes y consultar a nuestros abogados defensores por cargos de armas.","breadcrumb":{"@id":"https:\/\/thehometownlawyers.com\/es\/abogados-de-defensa-criminal-de-hamilton\/abogados-defensores-por-cargos-de-armas\/#breadcrumb"},"inLanguage":"es","potentialAction":[{"@type":"ReadAction","target":["https:\/\/thehometownlawyers.com\/es\/abogados-de-defensa-criminal-de-hamilton\/abogados-defensores-por-cargos-de-armas\/"]}]},{"@type":"ImageObject","inLanguage":"es","@id":"https:\/\/thehometownlawyers.com\/es\/abogados-de-defensa-criminal-de-hamilton\/abogados-defensores-por-cargos-de-armas\/#primaryimage","url":"https:\/\/thehometownlawyers.com\/wp-content\/uploads\/2024\/04\/gun-bullets-weapon.webp","contentUrl":"https:\/\/thehometownlawyers.com\/wp-content\/uploads\/2024\/04\/gun-bullets-weapon.webp","width":1920,"height":1080,"caption":"gun-bullets-weapon"},{"@type":"BreadcrumbList","@id":"https:\/\/thehometownlawyers.com\/es\/abogados-de-defensa-criminal-de-hamilton\/abogados-defensores-por-cargos-de-armas\/#breadcrumb","itemListElement":[{"@type":"ListItem","position":1,"name":"Home","item":"https:\/\/thehometownlawyers.com\/es\/"},{"@type":"ListItem","position":2,"name":"Abogado de Defensa Criminal en Hamilton","item":"https:\/\/thehometownlawyers.com\/es\/abogados-de-defensa-criminal-de-hamilton\/"},{"@type":"ListItem","position":3,"name":"Abogado de Delitos de Armas en Hamilton"}]},{"@type":"WebSite","@id":"https:\/\/thehometownlawyers.com\/es\/#website","url":"https:\/\/thehometownlawyers.com\/es\/","name":"Kruger & Hodges Hometown Injury Lawyers | Accident Attorneys","description":"Attorneys for Car, Truck and Motorcycle Accidents, Personal Injuries, and Criminal Defense.","publisher":{"@id":"https:\/\/thehometownlawyers.com\/es\/#organization"},"alternateName":"Kruger & Hodges Personal Injury Lawyers","inLanguage":"es"},{"@type":"Organization","@id":"https:\/\/thehometownlawyers.com\/es\/#organization","name":"Kruger & Hodges Hometown Injury Lawyers","alternateName":"Kruger & Hodges","url":"https:\/\/thehometownlawyers.com\/es\/","logo":{"@type":"ImageObject","inLanguage":"es","@id":"https:\/\/thehometownlawyers.com\/es\/#\/schema\/logo\/image\/","url":"https:\/\/thehometownlawyers.com\/wp-content\/uploads\/2025\/12\/revised-kh-logo-vertical-white-background-scaled.png","contentUrl":"https:\/\/thehometownlawyers.com\/wp-content\/uploads\/2025\/12\/revised-kh-logo-vertical-white-background-scaled.png","width":2560,"height":1440,"caption":"Kruger & Hodges Hometown Injury Lawyers"},"image":{"@id":"https:\/\/thehometownlawyers.com\/es\/#\/schema\/logo\/image\/"},"sameAs":["https:\/\/www.facebook.com\/KrugerHodges\/","https:\/\/www.instagram.com\/krugerhodges\/","https:\/\/www.linkedin.com\/company\/kruger-hodges-hometown-injury-lawyers\/","https:\/\/www.youtube.com\/channel\/UCeYcMaMaN2rb9jMlqt4EIdQ","https:\/\/www.tiktok.com\/@thehometownlawyer"]}]}},"_links":{"self":[{"href":"https:\/\/thehometownlawyers.com\/es\/wp-json\/wp\/v2\/pages\/21061","targetHints":{"allow":["GET"]}}],"collection":[{"href":"https:\/\/thehometownlawyers.com\/es\/wp-json\/wp\/v2\/pages"}],"about":[{"href":"https:\/\/thehometownlawyers.com\/es\/wp-json\/wp\/v2\/types\/page"}],"author":[{"embeddable":true,"href":"https:\/\/thehometownlawyers.com\/es\/wp-json\/wp\/v2\/users\/7"}],"replies":[{"embeddable":true,"href":"https:\/\/thehometownlawyers.com\/es\/wp-json\/wp\/v2\/comments?post=21061"}],"version-history":[{"count":0,"href":"https:\/\/thehometownlawyers.com\/es\/wp-json\/wp\/v2\/pages\/21061\/revisions"}],"up":[{"embeddable":true,"href":"https:\/\/thehometownlawyers.com\/es\/wp-json\/wp\/v2\/pages\/20980"}],"wp:featuredmedia":[{"embeddable":true,"href":"https:\/\/thehometownlawyers.com\/es\/wp-json\/wp\/v2\/media\/23241"}],"wp:attachment":[{"href":"https:\/\/thehometownlawyers.com\/es\/wp-json\/wp\/v2\/media?parent=21061"}],"wp:term":[{"taxonomy":"hc_faqs","embeddable":true,"href":"https:\/\/thehometownlawyers.com\/es\/wp-json\/wp\/v2\/hc_faqs?post=21061"},{"taxonomy":"hc_spanish_faqs","embeddable":true,"href":"https:\/\/thehometownlawyers.com\/es\/wp-json\/wp\/v2\/hc_spanish_faqs?post=21061"}],"curies":[{"name":"wp","href":"https:\/\/api.w.org\/{rel}","templated":true}]}}