{"id":21062,"date":"2020-01-13T19:39:52","date_gmt":"2020-01-14T00:39:52","guid":{"rendered":"https:\/\/thehometownlawyers.com\/?page_id=21062"},"modified":"2025-04-02T13:31:52","modified_gmt":"2025-04-02T17:31:52","slug":"multas-de-trafico","status":"publish","type":"page","link":"https:\/\/thehometownlawyers.com\/es\/abogados-de-defensa-criminal-de-hamilton\/multas-de-trafico\/","title":{"rendered":"Abogado de Multas de Tr\u00e1ficos en Hamilton"},"content":{"rendered":"<h2>Multas de tr\u00e1fico en Hamilton, Ohio<\/h2>\n<p>Nuestro asesor legal ha representado con \u00e9xito a muchas personas acusadas de una variedad de infracciones de tr\u00e1fico, incluidas infracciones de equipo, cargos por conducci\u00f3n imprudente, cargos por exceso de velocidad, infracciones de licencia suspendida e infracciones de se\u00f1ales de tr\u00e1fico. Debido a que estos casos con frecuencia son complicados, y superar los numerosos obst\u00e1culos que surgen en el sistema judicial puede ser un desaf\u00edo, a menudo es fundamental obtener la asistencia de un abogado experimentado en multas de tr\u00e1fico.<\/p>\n<p class=\"rs-content-cta rs-content-cta-small\">Para una consulta legal gratuita, llame al <a href=\"tel:+15138943333\">513-894-3333 <\/a><\/p><h2>Infracciones de tr\u00e1nsito comunes en Ohio<\/h2>\n<p>Ser acusado de una infracci\u00f3n de tr\u00e1fico en Ohio puede dar lugar a la colocaci\u00f3n de puntos en su licencia, as\u00ed como a multas. Para algunas personas que manejan para ganarse la vida, estos cargos pueden resultar en importantes obst\u00e1culos para su carrera. Algunas de las infracciones de tr\u00e1nsito que nuestro asesor legal maneja con mayor frecuencia incluyen las siguientes:<\/p>\n<ul>\n<li><strong>Conducir dentro de los carriles de tr\u00e1fico:<\/strong> Se requiere que un operador de veh\u00edculos motorizados conduzca un veh\u00edculo tanto como sea posible de manera segura dentro de un carril de tr\u00e1fico. El incumplimiento de estas leyes puede dar lugar a que una persona se enfrente a una multa.<\/li>\n<li><strong>Falta de control de un veh\u00edculo: los<\/strong> conductores tienen <a href=\"https:\/\/law.justia.com\/codes\/ohio\/2006\/orc\/jd_4511202-eb61.html\" target=\"_blank\" rel=\"noopener noreferrer\">prohibido<\/a> tener un control razonable de un veh\u00edculo y se enfrentan a multas y puntos en su licencia de conducir si se produce una infracci\u00f3n.<\/li>\n<li><strong>Incumplimiento de un oficial de la ley:<\/strong> cada vez que un oficial de la ley da una se\u00f1al, se espera que los conductores lo sigan. Los conductores tambi\u00e9n tienen prohibido huir de la escena despu\u00e9s de que un oficial de la ley encienda las luces o sirenas de un veh\u00edculo. Estos delitos se clasifican como delitos menores de primer grado y pueden resultar en seis meses de c\u00e1rcel, una multa de hasta $1,000 y una suspensi\u00f3n de la licencia de conducir de hasta dos a\u00f1os.<\/li>\n<li><strong>Incumplimiento de los guardias de cruce escolar:<\/strong> al igual que los agentes del orden p\u00fablico, se espera que los conductores de veh\u00edculos motorizados sigan las instrucciones proporcionadas por los guardias de cruce. El incumplimiento de estas instrucciones puede resultar en una multa.<\/li>\n<li><strong>Seguir demasiado de cerca:<\/strong> Los conductores de veh\u00edculos motorizados en Ohio tienen prohibido seguir m\u00e1s de lo razonable a otros veh\u00edculos en la carretera. La mayor\u00eda de las veces, estas violaciones se clasifican como delitos menores que conllevan una multa.<\/li>\n<li><strong>Giros en U ilegales:<\/strong> Los conductores tienen <a href=\"https:\/\/codes.ohio.gov\/ohio-revised-code\/chapter-4511\" target=\"_blank\" rel=\"noopener noreferrer\">prohibido hacer giros en U<\/a> en numerosos lugares de Ohio. El incumplimiento de estas leyes puede resultar en multas por una primera infracci\u00f3n.<\/li>\n<li><strong>Operaci\u00f3n imprudente de un veh\u00edculo:<\/strong> El operador de un veh\u00edculo motorizado tiene prohibido conducir un veh\u00edculo sin tener en cuenta la seguridad de otras personas y propiedades. Estos delitos pueden resultar en que una persona enfrente una multa de varios cientos de d\u00f3lares y tiempo en la c\u00e1rcel.<\/li>\n<li><strong>Resistirse a un oficial de la ley:<\/strong> una persona tiene prohibido abusar, obstaculizar, obstruir o restringir a cualquier oficial de la ley que est\u00e9 tratando de arrestar a una persona seg\u00fan el c\u00f3digo de tr\u00e1nsito de Ohio. Estas violaciones resultan en multas.<\/li>\n<li><strong>Saltarse un sem\u00e1foro en rojo:<\/strong> Se espera que los operadores de veh\u00edculos automotores siempre sigan las se\u00f1ales de tr\u00e1fico, incluidos los sem\u00e1foros en rojo. Pasarse un sem\u00e1foro en rojo puede resultar en que una persona sea acusada de un delito menor que conlleva una multa.<\/li>\n<\/ul>\n<p class=\"rs-content-cta\">Abogado de Defensa Criminal de hamilton Cerca de M\u00ed <a href=\"tel:+15138943333\">513-894-3333<\/a><\/p><h2>Hable con un abogado experimentado<\/h2>\n<p>Nuestro asesor legal tiene una gran experiencia en la representaci\u00f3n de conductores en Ohio acusados de una variedad de infracciones de tr\u00e1nsito. <a href=\"https:\/\/thehometownlawyers.com\/es\/contacto\/\">P\u00f3ngase en contacto con Kruger &amp; Hodges<\/a> hoy para programar una consulta inicial gratuita durante la cual nuestros abogados pueden describir sus diversas opciones disponibles para obtener los mejores resultados posibles en su caso.<\/p>\n<p class=\"rs-content-cta rs-content-cta-small\">Llame o env\u00ede un mensaje de texto al <a href=\"tel:+15138943333\">513-894-3333<\/a> o complete una <a href=\"\/es\/contacto\/\">evaluaci\u00f3n gratuita de su caso<\/a><\/p>","protected":false},"excerpt":{"rendered":"<p>Multas de tr\u00e1fico en Hamilton, Ohio Nuestro asesor legal ha representado con \u00e9xito a muchas personas acusadas de una variedad de infracciones de tr\u00e1fico, incluidas infracciones de equipo, cargos por conducci\u00f3n imprudente, cargos por exceso de velocidad, infracciones de licencia suspendida e infracciones de se\u00f1ales de tr\u00e1fico. Debido a que estos casos con frecuencia son &#8230;<\/p>\n","protected":false},"author":7,"featured_media":24706,"parent":20980,"menu_order":0,"comment_status":"closed","ping_status":"closed","template":"","meta":{"_acf_changed":false,"inline_featured_image":false,"_genesis_hide_title":false,"_genesis_hide_breadcrumbs":false,"_genesis_hide_singular_image":false,"_genesis_hide_footer_widgets":false,"_genesis_custom_body_class":"","_genesis_custom_post_class":"","_genesis_layout":"","footnotes":""},"hc_faqs":[],"hc_spanish_faqs":[],"class_list":{"0":"post-21062","1":"page","2":"type-page","3":"status-publish","4":"has-post-thumbnail","6":"hc_city_location-hamilton-es-2","7":"entry"},"acf":[],"yoast_head":"<!-- This site is optimized with the Yoast SEO plugin v27.3 - https:\/\/yoast.com\/product\/yoast-seo-wordpress\/ -->\n<title>Abogado de Multas de Tr\u00e1ficos en Hamilton | Consulta Gratuita<\/title>\n<meta name=\"description\" content=\"Superar los numerosos obst\u00e1culos del sistema judicial puede ser un desaf\u00edo y llevar mucho tiempo. Nuestros abogados experimentados en multas de tr\u00e1nsito pueden ayudarlo.\" \/>\n<meta name=\"robots\" content=\"index, follow, max-snippet:-1, max-image-preview:large, max-video-preview:-1\" \/>\n<link rel=\"canonical\" href=\"https:\/\/thehometownlawyers.com\/es\/abogados-de-defensa-criminal-de-hamilton\/multas-de-trafico\/\" \/>\n<meta property=\"og:locale\" content=\"es_MX\" \/>\n<meta property=\"og:type\" content=\"article\" \/>\n<meta property=\"og:title\" content=\"Abogado de Multas de Tr\u00e1ficos en Hamilton | Consulta Gratuita\" \/>\n<meta property=\"og:description\" content=\"Superar los numerosos obst\u00e1culos del sistema judicial puede ser un desaf\u00edo y llevar mucho tiempo. Nuestros abogados experimentados en multas de tr\u00e1nsito pueden ayudarlo.\" \/>\n<meta property=\"og:url\" content=\"https:\/\/thehometownlawyers.com\/es\/abogados-de-defensa-criminal-de-hamilton\/multas-de-trafico\/\" \/>\n<meta property=\"og:site_name\" content=\"Kruger &amp; Hodges Abogados De Lesiones\" \/>\n<meta property=\"article:publisher\" content=\"https:\/\/www.facebook.com\/KrugerHodges\/\" \/>\n<meta property=\"article:modified_time\" content=\"2025-04-02T17:31:52+00:00\" \/>\n<meta property=\"og:image\" content=\"https:\/\/thehometownlawyers.com\/wp-content\/uploads\/2025\/03\/abogados-de-defensa-criminal-de-hamiltonmultas-de-trafico.jpg\" \/>\n\t<meta property=\"og:image:width\" content=\"1000\" \/>\n\t<meta property=\"og:image:height\" content=\"667\" \/>\n\t<meta property=\"og:image:type\" content=\"image\/jpeg\" \/>\n<meta name=\"twitter:card\" content=\"summary_large_image\" \/>\n<meta name=\"twitter:label1\" content=\"Tiempo de lectura\" \/>\n\t<meta name=\"twitter:data1\" content=\"3 minutos\" \/>\n<script type=\"application\/ld+json\" class=\"yoast-schema-graph\">{\"@context\":\"https:\\\/\\\/schema.org\",\"@graph\":[{\"@type\":\"WebPage\",\"@id\":\"https:\\\/\\\/thehometownlawyers.com\\\/es\\\/abogados-de-defensa-criminal-de-hamilton\\\/multas-de-trafico\\\/\",\"url\":\"https:\\\/\\\/thehometownlawyers.com\\\/es\\\/abogados-de-defensa-criminal-de-hamilton\\\/multas-de-trafico\\\/\",\"name\":\"Abogado de Multas de Tr\u00e1ficos en Hamilton | Consulta Gratuita\",\"isPartOf\":{\"@id\":\"https:\\\/\\\/thehometownlawyers.com\\\/es\\\/#website\"},\"primaryImageOfPage\":{\"@id\":\"https:\\\/\\\/thehometownlawyers.com\\\/es\\\/abogados-de-defensa-criminal-de-hamilton\\\/multas-de-trafico\\\/#primaryimage\"},\"image\":{\"@id\":\"https:\\\/\\\/thehometownlawyers.com\\\/es\\\/abogados-de-defensa-criminal-de-hamilton\\\/multas-de-trafico\\\/#primaryimage\"},\"thumbnailUrl\":\"https:\\\/\\\/thehometownlawyers.com\\\/wp-content\\\/uploads\\\/2025\\\/03\\\/abogados-de-defensa-criminal-de-hamiltonmultas-de-trafico.jpg\",\"datePublished\":\"2020-01-14T00:39:52+00:00\",\"dateModified\":\"2025-04-02T17:31:52+00:00\",\"description\":\"Superar los numerosos obst\u00e1culos del sistema judicial puede ser un desaf\u00edo y llevar mucho tiempo. Nuestros abogados experimentados en multas de tr\u00e1nsito pueden ayudarlo.\",\"breadcrumb\":{\"@id\":\"https:\\\/\\\/thehometownlawyers.com\\\/es\\\/abogados-de-defensa-criminal-de-hamilton\\\/multas-de-trafico\\\/#breadcrumb\"},\"inLanguage\":\"es\",\"potentialAction\":[{\"@type\":\"ReadAction\",\"target\":[\"https:\\\/\\\/thehometownlawyers.com\\\/es\\\/abogados-de-defensa-criminal-de-hamilton\\\/multas-de-trafico\\\/\"]}]},{\"@type\":\"ImageObject\",\"inLanguage\":\"es\",\"@id\":\"https:\\\/\\\/thehometownlawyers.com\\\/es\\\/abogados-de-defensa-criminal-de-hamilton\\\/multas-de-trafico\\\/#primaryimage\",\"url\":\"https:\\\/\\\/thehometownlawyers.com\\\/wp-content\\\/uploads\\\/2025\\\/03\\\/abogados-de-defensa-criminal-de-hamiltonmultas-de-trafico.jpg\",\"contentUrl\":\"https:\\\/\\\/thehometownlawyers.com\\\/wp-content\\\/uploads\\\/2025\\\/03\\\/abogados-de-defensa-criminal-de-hamiltonmultas-de-trafico.jpg\",\"width\":1000,\"height\":667,\"caption\":\"Police officers writing traffic ticket for parking violation.\"},{\"@type\":\"BreadcrumbList\",\"@id\":\"https:\\\/\\\/thehometownlawyers.com\\\/es\\\/abogados-de-defensa-criminal-de-hamilton\\\/multas-de-trafico\\\/#breadcrumb\",\"itemListElement\":[{\"@type\":\"ListItem\",\"position\":1,\"name\":\"Home\",\"item\":\"https:\\\/\\\/thehometownlawyers.com\\\/es\\\/\"},{\"@type\":\"ListItem\",\"position\":2,\"name\":\"Abogado de Defensa Criminal en Hamilton\",\"item\":\"https:\\\/\\\/thehometownlawyers.com\\\/es\\\/abogados-de-defensa-criminal-de-hamilton\\\/\"},{\"@type\":\"ListItem\",\"position\":3,\"name\":\"Abogado de Multas de Tr\u00e1ficos en Hamilton\"}]},{\"@type\":\"WebSite\",\"@id\":\"https:\\\/\\\/thehometownlawyers.com\\\/es\\\/#website\",\"url\":\"https:\\\/\\\/thehometownlawyers.com\\\/es\\\/\",\"name\":\"Kruger & Hodges Hometown Injury Lawyers | Accident Attorneys\",\"description\":\"Attorneys for Car, Truck and Motorcycle Accidents, Personal Injuries, and Criminal Defense.\",\"publisher\":{\"@id\":\"https:\\\/\\\/thehometownlawyers.com\\\/es\\\/#organization\"},\"alternateName\":\"Kruger & Hodges Personal Injury Lawyers\",\"inLanguage\":\"es\"},{\"@type\":\"Organization\",\"@id\":\"https:\\\/\\\/thehometownlawyers.com\\\/es\\\/#organization\",\"name\":\"Kruger & Hodges Hometown Injury Lawyers\",\"alternateName\":\"Kruger & Hodges\",\"url\":\"https:\\\/\\\/thehometownlawyers.com\\\/es\\\/\",\"logo\":{\"@type\":\"ImageObject\",\"inLanguage\":\"es\",\"@id\":\"https:\\\/\\\/thehometownlawyers.com\\\/es\\\/#\\\/schema\\\/logo\\\/image\\\/\",\"url\":\"https:\\\/\\\/thehometownlawyers.com\\\/wp-content\\\/uploads\\\/2025\\\/12\\\/revised-kh-logo-vertical-white-background-scaled.png\",\"contentUrl\":\"https:\\\/\\\/thehometownlawyers.com\\\/wp-content\\\/uploads\\\/2025\\\/12\\\/revised-kh-logo-vertical-white-background-scaled.png\",\"width\":2560,\"height\":1440,\"caption\":\"Kruger & Hodges Hometown Injury Lawyers\"},\"image\":{\"@id\":\"https:\\\/\\\/thehometownlawyers.com\\\/es\\\/#\\\/schema\\\/logo\\\/image\\\/\"},\"sameAs\":[\"https:\\\/\\\/www.facebook.com\\\/KrugerHodges\\\/\",\"https:\\\/\\\/www.instagram.com\\\/krugerhodges\\\/\",\"https:\\\/\\\/www.linkedin.com\\\/company\\\/kruger-hodges-hometown-injury-lawyers\\\/\",\"https:\\\/\\\/www.youtube.com\\\/channel\\\/UCeYcMaMaN2rb9jMlqt4EIdQ\",\"https:\\\/\\\/www.tiktok.com\\\/@thehometownlawyer\"]}]}<\/script>\n<!-- \/ Yoast SEO plugin. -->","yoast_head_json":{"title":"Abogado de Multas de Tr\u00e1ficos en Hamilton | Consulta Gratuita","description":"Superar los numerosos obst\u00e1culos del sistema judicial puede ser un desaf\u00edo y llevar mucho tiempo. Nuestros abogados experimentados en multas de tr\u00e1nsito pueden ayudarlo.","robots":{"index":"index","follow":"follow","max-snippet":"max-snippet:-1","max-image-preview":"max-image-preview:large","max-video-preview":"max-video-preview:-1"},"canonical":"https:\/\/thehometownlawyers.com\/es\/abogados-de-defensa-criminal-de-hamilton\/multas-de-trafico\/","og_locale":"es_MX","og_type":"article","og_title":"Abogado de Multas de Tr\u00e1ficos en Hamilton | Consulta Gratuita","og_description":"Superar los numerosos obst\u00e1culos del sistema judicial puede ser un desaf\u00edo y llevar mucho tiempo. Nuestros abogados experimentados en multas de tr\u00e1nsito pueden ayudarlo.","og_url":"https:\/\/thehometownlawyers.com\/es\/abogados-de-defensa-criminal-de-hamilton\/multas-de-trafico\/","og_site_name":"Kruger &amp; Hodges Abogados De Lesiones","article_publisher":"https:\/\/www.facebook.com\/KrugerHodges\/","article_modified_time":"2025-04-02T17:31:52+00:00","og_image":[{"width":1000,"height":667,"url":"https:\/\/thehometownlawyers.com\/wp-content\/uploads\/2025\/03\/abogados-de-defensa-criminal-de-hamiltonmultas-de-trafico.jpg","type":"image\/jpeg"}],"twitter_card":"summary_large_image","twitter_misc":{"Tiempo de lectura":"3 minutos"},"schema":{"@context":"https:\/\/schema.org","@graph":[{"@type":"WebPage","@id":"https:\/\/thehometownlawyers.com\/es\/abogados-de-defensa-criminal-de-hamilton\/multas-de-trafico\/","url":"https:\/\/thehometownlawyers.com\/es\/abogados-de-defensa-criminal-de-hamilton\/multas-de-trafico\/","name":"Abogado de Multas de Tr\u00e1ficos en Hamilton | Consulta Gratuita","isPartOf":{"@id":"https:\/\/thehometownlawyers.com\/es\/#website"},"primaryImageOfPage":{"@id":"https:\/\/thehometownlawyers.com\/es\/abogados-de-defensa-criminal-de-hamilton\/multas-de-trafico\/#primaryimage"},"image":{"@id":"https:\/\/thehometownlawyers.com\/es\/abogados-de-defensa-criminal-de-hamilton\/multas-de-trafico\/#primaryimage"},"thumbnailUrl":"https:\/\/thehometownlawyers.com\/wp-content\/uploads\/2025\/03\/abogados-de-defensa-criminal-de-hamiltonmultas-de-trafico.jpg","datePublished":"2020-01-14T00:39:52+00:00","dateModified":"2025-04-02T17:31:52+00:00","description":"Superar los numerosos obst\u00e1culos del sistema judicial puede ser un desaf\u00edo y llevar mucho tiempo. Nuestros abogados experimentados en multas de tr\u00e1nsito pueden ayudarlo.","breadcrumb":{"@id":"https:\/\/thehometownlawyers.com\/es\/abogados-de-defensa-criminal-de-hamilton\/multas-de-trafico\/#breadcrumb"},"inLanguage":"es","potentialAction":[{"@type":"ReadAction","target":["https:\/\/thehometownlawyers.com\/es\/abogados-de-defensa-criminal-de-hamilton\/multas-de-trafico\/"]}]},{"@type":"ImageObject","inLanguage":"es","@id":"https:\/\/thehometownlawyers.com\/es\/abogados-de-defensa-criminal-de-hamilton\/multas-de-trafico\/#primaryimage","url":"https:\/\/thehometownlawyers.com\/wp-content\/uploads\/2025\/03\/abogados-de-defensa-criminal-de-hamiltonmultas-de-trafico.jpg","contentUrl":"https:\/\/thehometownlawyers.com\/wp-content\/uploads\/2025\/03\/abogados-de-defensa-criminal-de-hamiltonmultas-de-trafico.jpg","width":1000,"height":667,"caption":"Police officers writing traffic ticket for parking violation."},{"@type":"BreadcrumbList","@id":"https:\/\/thehometownlawyers.com\/es\/abogados-de-defensa-criminal-de-hamilton\/multas-de-trafico\/#breadcrumb","itemListElement":[{"@type":"ListItem","position":1,"name":"Home","item":"https:\/\/thehometownlawyers.com\/es\/"},{"@type":"ListItem","position":2,"name":"Abogado de Defensa Criminal en Hamilton","item":"https:\/\/thehometownlawyers.com\/es\/abogados-de-defensa-criminal-de-hamilton\/"},{"@type":"ListItem","position":3,"name":"Abogado de Multas de Tr\u00e1ficos en Hamilton"}]},{"@type":"WebSite","@id":"https:\/\/thehometownlawyers.com\/es\/#website","url":"https:\/\/thehometownlawyers.com\/es\/","name":"Kruger & Hodges Hometown Injury Lawyers | Accident Attorneys","description":"Attorneys for Car, Truck and Motorcycle Accidents, Personal Injuries, and Criminal Defense.","publisher":{"@id":"https:\/\/thehometownlawyers.com\/es\/#organization"},"alternateName":"Kruger & Hodges Personal Injury Lawyers","inLanguage":"es"},{"@type":"Organization","@id":"https:\/\/thehometownlawyers.com\/es\/#organization","name":"Kruger & Hodges Hometown Injury Lawyers","alternateName":"Kruger & Hodges","url":"https:\/\/thehometownlawyers.com\/es\/","logo":{"@type":"ImageObject","inLanguage":"es","@id":"https:\/\/thehometownlawyers.com\/es\/#\/schema\/logo\/image\/","url":"https:\/\/thehometownlawyers.com\/wp-content\/uploads\/2025\/12\/revised-kh-logo-vertical-white-background-scaled.png","contentUrl":"https:\/\/thehometownlawyers.com\/wp-content\/uploads\/2025\/12\/revised-kh-logo-vertical-white-background-scaled.png","width":2560,"height":1440,"caption":"Kruger & Hodges Hometown Injury Lawyers"},"image":{"@id":"https:\/\/thehometownlawyers.com\/es\/#\/schema\/logo\/image\/"},"sameAs":["https:\/\/www.facebook.com\/KrugerHodges\/","https:\/\/www.instagram.com\/krugerhodges\/","https:\/\/www.linkedin.com\/company\/kruger-hodges-hometown-injury-lawyers\/","https:\/\/www.youtube.com\/channel\/UCeYcMaMaN2rb9jMlqt4EIdQ","https:\/\/www.tiktok.com\/@thehometownlawyer"]}]}},"_links":{"self":[{"href":"https:\/\/thehometownlawyers.com\/es\/wp-json\/wp\/v2\/pages\/21062","targetHints":{"allow":["GET"]}}],"collection":[{"href":"https:\/\/thehometownlawyers.com\/es\/wp-json\/wp\/v2\/pages"}],"about":[{"href":"https:\/\/thehometownlawyers.com\/es\/wp-json\/wp\/v2\/types\/page"}],"author":[{"embeddable":true,"href":"https:\/\/thehometownlawyers.com\/es\/wp-json\/wp\/v2\/users\/7"}],"replies":[{"embeddable":true,"href":"https:\/\/thehometownlawyers.com\/es\/wp-json\/wp\/v2\/comments?post=21062"}],"version-history":[{"count":0,"href":"https:\/\/thehometownlawyers.com\/es\/wp-json\/wp\/v2\/pages\/21062\/revisions"}],"up":[{"embeddable":true,"href":"https:\/\/thehometownlawyers.com\/es\/wp-json\/wp\/v2\/pages\/20980"}],"wp:featuredmedia":[{"embeddable":true,"href":"https:\/\/thehometownlawyers.com\/es\/wp-json\/wp\/v2\/media\/24706"}],"wp:attachment":[{"href":"https:\/\/thehometownlawyers.com\/es\/wp-json\/wp\/v2\/media?parent=21062"}],"wp:term":[{"taxonomy":"hc_faqs","embeddable":true,"href":"https:\/\/thehometownlawyers.com\/es\/wp-json\/wp\/v2\/hc_faqs?post=21062"},{"taxonomy":"hc_spanish_faqs","embeddable":true,"href":"https:\/\/thehometownlawyers.com\/es\/wp-json\/wp\/v2\/hc_spanish_faqs?post=21062"}],"curies":[{"name":"wp","href":"https:\/\/api.w.org\/{rel}","templated":true}]}}