{"id":21063,"date":"2020-01-13T18:53:34","date_gmt":"2020-01-13T23:53:34","guid":{"rendered":"https:\/\/thehometownlawyers.com\/?page_id=21063"},"modified":"2025-02-05T15:09:06","modified_gmt":"2025-02-05T20:09:06","slug":"abogados-de-defensa-criminal-juvenil","status":"publish","type":"page","link":"https:\/\/thehometownlawyers.com\/es\/abogados-de-defensa-criminal-de-hamilton\/abogados-de-defensa-criminal-juvenil\/","title":{"rendered":"Abogados de Delitos Juveniles en Hamilton"},"content":{"rendered":"<h2>Defensa Criminal Juvenil<\/h2>\n<p>Si usted es un menor o el padre de un menor que ha sido acusado de un delito penal en Ohio, es com\u00fan que le preocupen las sanciones que su hijo terminar\u00e1 enfrentando. A lo largo de los a\u00f1os, hemos ayudado a muchos menores a evitar castigos graves y a mantener sus registros libres de condenas que amenazan con perturbar su futuro. Los abogados de defensa criminal juvenil de <a href=\"https:\/\/thehometownlawyers.com\/es\/acerca-de-los-abogados-de-kruger-hodges\/\">Kruger &amp; Hodges<\/a> pueden ayudarlo a proteger sus derechos y su futuro.<\/p>\n<p class=\"rs-content-cta rs-content-cta-small\">Para una consulta legal gratuita, llame al <a href=\"tel:+15138943333\">513-894-3333 <\/a><\/p><h2>Cargos juveniles comunes de los que nos defendemos<\/h2>\n<p>Algunos de los cargos m\u00e1s comunes que defienden nuestros abogados de defensa penal juvenil incluyen los siguientes:<\/p>\n<ul>\n<li><a href=\"https:\/\/thehometownlawyers.com\/es\/abogados-de-defensa-criminal-de-hamilton\/abogados-defensores-de-delitos-de-drogas\/\">Delitos de drogas,<\/a> incluida la posesi\u00f3n de marihuana<\/li>\n<li>Delitos relacionados con <a href=\"https:\/\/thehometownlawyers.com\/es\/abogados-de-defensa-criminal-de-hamilton\/abogados-defensores-de-agresion\/\">agresiones<\/a> y violencia<\/li>\n<li><a href=\"https:\/\/thehometownlawyers.com\/es\/abogados-de-defensa-criminal-de-hamilton\/abogados-de-consumo-de-alcohol-en-menores\/\">Consumo de alcohol<\/a> y posesi\u00f3n de alcohol por parte de menores<\/li>\n<li>Delitos relacionados con el <a href=\"https:\/\/thehometownlawyers.com\/es\/abogados-de-defensa-criminal-de-hamilton\/abogados-de-defensa-de-robo\/\">robo<\/a><\/li>\n<li>Infracciones de tr\u00e1fico<\/li>\n<li>Menor de edad operando un veh\u00edculo bajo la influencia<\/li>\n<li>Vandalismo y otros tipos de delitos contra la propiedad<\/li>\n<\/ul>\n<p>Hemos ayudado a menores a responder a estos y muchos otros cargos. Entendemos c\u00f3mo crear la defensa m\u00e1s fuerte posible.<\/p>\n<p class=\"rs-content-cta\">Abogado de Defensa Criminal de hamilton Cerca de M\u00ed <a href=\"tel:+15138943333\">513-894-3333<\/a><\/p><h2>Posible castigo por delitos juveniles en Ohio<\/h2>\n<p>Los menores en Ohio que son condenados por delitos pueden esperar terminar enfrentando varios tipos diferentes de sanciones. Algunos de los castigos m\u00e1s comunes asignados a menores en Ohio incluyen:<\/p>\n<ul>\n<li>Colocaci\u00f3n en arresto domiciliario<\/li>\n<li>Colocaci\u00f3n en custodia temporal o permanente<\/li>\n<li>Requerir servicio comunitario<\/li>\n<li>Requerir que el menor obtenga un diploma de escuela secundaria<\/li>\n<li>Requerir que el menor participe en el control de drogas y alcohol<\/li>\n<li>Requerir que el menor pague los costos judiciales y las multas<\/li>\n<li>Colocaci\u00f3n en un programa de tratamiento de alcohol o drogas<\/li>\n<li>Suspensi\u00f3n de la licencia de conducir del menor<\/li>\n<\/ul>\n<p class=\"rs-content-cta rs-content-cta-small\"><a href=\"\/es\/contacto\/\">Haga clic para contactar<\/a> con nuestros defensa criminal abogados hoy<\/p><h2>Opciones para evitar una condena juvenil<\/h2>\n<p>Incluso si un menor enfrenta una condena, todav\u00eda hay algunas opciones para eliminar los antecedentes penales que seguir\u00e1n a esa persona por el resto de su vida. Estas opciones incluyen:<\/p>\n<ul>\n<li><strong>Sellado de un registro.<\/strong> Se <a href=\"https:\/\/thehometownlawyers.com\/wp-content\/uploads\/2020\/01\/Fact-Sheet-ML.pdf\" target=\"_blank\" rel=\"noopener\">permite sellar<\/a> los registros de menores en Ohio si el caso del menor se resolvi\u00f3 antes de presentar una denuncia, el menor complet\u00f3 con \u00e9xito un programa de desviaci\u00f3n o el caso del menor fue desestimado.<\/li>\n<li><strong><a href=\"https:\/\/thehometownlawyers.com\/es\/abogados-de-defensa-criminal-de-hamilton\/eliminacion-y-sellado-de-expedientes\/\">Eliminaci\u00f3n de antecedentes<\/a> .<\/strong> Los registros sellados en Ohio se eliminar\u00e1n cinco a\u00f1os despu\u00e9s de que el tribunal emita una orden para sellar los registros o cuando el menor cumpla 23 a\u00f1os. Si bien sellar un registro hace que sea m\u00e1s dif\u00edcil descubrirlo, la eliminaci\u00f3n de antecedentes penales es el equivalente a borrar el delito del registro de una persona.<\/li>\n<li><strong>Programa de Mediaci\u00f3n Juvenil. <\/strong>Antes de que se presenten cargos formales contra un menor, estos programas ofrecen la opci\u00f3n de resolver el conflicto entre la v\u00edctima del delito y el delincuente. La mediaci\u00f3n ofrece una manera de llegar a un acuerdo sin antecedentes penales.<\/li>\n<\/ul>\n<p class=\"rs-content-cta rs-content-cta-small\">Complete una <a href=\"\/es\/contacto\/\">evaluaci\u00f3n gratuita de su caso<\/a> ahora<\/p><h2>Hable con nuestros abogados defensores penales juveniles experimentados<\/h2>\n<p><a href=\"https:\/\/thehometownlawyers.com\/es\/contacto\/\">Comun\u00edquese<\/a> con Kruger &amp; Hodges hoy para programar una consulta inicial sobre el delito del que se acusa a su menor. Durante este momento dif\u00edcil, es fundamental obtener la asistencia de abogados defensores penales juveniles experimentados que entiendan c\u00f3mo crear la defensa m\u00e1s s\u00f3lida posible.<\/p>\n<p class=\"rs-content-cta rs-content-cta-small\">Llame o env\u00ede un mensaje de texto al <a href=\"tel:+15138943333\">513-894-3333<\/a> o complete una <a href=\"\/es\/contacto\/\">evaluaci\u00f3n gratuita de su caso<\/a><\/p>","protected":false},"excerpt":{"rendered":"<p>Defensa Criminal Juvenil Si usted es un menor o el padre de un menor que ha sido acusado de un delito penal en Ohio, es com\u00fan que le preocupen las sanciones que su hijo terminar\u00e1 enfrentando. A lo largo de los a\u00f1os, hemos ayudado a muchos menores a evitar castigos graves y a mantener sus &#8230;<\/p>\n","protected":false},"author":7,"featured_media":20848,"parent":20980,"menu_order":0,"comment_status":"closed","ping_status":"closed","template":"","meta":{"_acf_changed":false,"inline_featured_image":false,"_genesis_hide_title":false,"_genesis_hide_breadcrumbs":false,"_genesis_hide_singular_image":false,"_genesis_hide_footer_widgets":false,"_genesis_custom_body_class":"","_genesis_custom_post_class":"","_genesis_layout":"","footnotes":""},"hc_faqs":[],"hc_spanish_faqs":[],"class_list":{"0":"post-21063","1":"page","2":"type-page","3":"status-publish","4":"has-post-thumbnail","6":"hc_city_location-hamilton-es-2","7":"entry"},"acf":[],"yoast_head":"<!-- This site is optimized with the Yoast SEO plugin v27.4 - https:\/\/yoast.com\/product\/yoast-seo-wordpress\/ -->\n<title>Abogados de Delitos Juveniles en Hamilton | Consulta Gratuita<\/title>\n<meta name=\"description\" content=\"Durante este momento dif\u00edcil, consulte con nuestros abogados defensores penales juveniles experimentados que entienden c\u00f3mo crear la defensa m\u00e1s s\u00f3lida.\" \/>\n<meta name=\"robots\" content=\"index, follow, max-snippet:-1, max-image-preview:large, max-video-preview:-1\" \/>\n<link rel=\"canonical\" href=\"https:\/\/thehometownlawyers.com\/es\/abogados-de-defensa-criminal-de-hamilton\/abogados-de-defensa-criminal-juvenil\/\" \/>\n<meta property=\"og:locale\" content=\"es_MX\" \/>\n<meta property=\"og:type\" content=\"article\" \/>\n<meta property=\"og:title\" content=\"Abogados de Delitos Juveniles en Hamilton | Consulta Gratuita\" \/>\n<meta property=\"og:description\" content=\"Durante este momento dif\u00edcil, consulte con nuestros abogados defensores penales juveniles experimentados que entienden c\u00f3mo crear la defensa m\u00e1s s\u00f3lida.\" \/>\n<meta property=\"og:url\" content=\"https:\/\/thehometownlawyers.com\/es\/abogados-de-defensa-criminal-de-hamilton\/abogados-de-defensa-criminal-juvenil\/\" \/>\n<meta property=\"og:site_name\" content=\"Kruger &amp; Hodges Abogados De Lesiones\" \/>\n<meta property=\"article:publisher\" content=\"https:\/\/www.facebook.com\/KrugerHodges\/\" \/>\n<meta property=\"article:modified_time\" content=\"2025-02-05T20:09:06+00:00\" \/>\n<meta property=\"og:image\" content=\"https:\/\/thehometownlawyers.com\/wp-content\/uploads\/2021\/09\/teen-table-sad.jpg\" \/>\n\t<meta property=\"og:image:width\" content=\"1920\" \/>\n\t<meta property=\"og:image:height\" content=\"1080\" \/>\n\t<meta property=\"og:image:type\" content=\"image\/jpeg\" \/>\n<meta name=\"twitter:card\" content=\"summary_large_image\" \/>\n<meta name=\"twitter:label1\" content=\"Tiempo de lectura\" \/>\n\t<meta name=\"twitter:data1\" content=\"3 minutos\" \/>\n<script type=\"application\/ld+json\" class=\"yoast-schema-graph\">{\"@context\":\"https:\\\/\\\/schema.org\",\"@graph\":[{\"@type\":\"WebPage\",\"@id\":\"https:\\\/\\\/thehometownlawyers.com\\\/es\\\/abogados-de-defensa-criminal-de-hamilton\\\/abogados-de-defensa-criminal-juvenil\\\/\",\"url\":\"https:\\\/\\\/thehometownlawyers.com\\\/es\\\/abogados-de-defensa-criminal-de-hamilton\\\/abogados-de-defensa-criminal-juvenil\\\/\",\"name\":\"Abogados de Delitos Juveniles en Hamilton | Consulta Gratuita\",\"isPartOf\":{\"@id\":\"https:\\\/\\\/thehometownlawyers.com\\\/es\\\/#website\"},\"primaryImageOfPage\":{\"@id\":\"https:\\\/\\\/thehometownlawyers.com\\\/es\\\/abogados-de-defensa-criminal-de-hamilton\\\/abogados-de-defensa-criminal-juvenil\\\/#primaryimage\"},\"image\":{\"@id\":\"https:\\\/\\\/thehometownlawyers.com\\\/es\\\/abogados-de-defensa-criminal-de-hamilton\\\/abogados-de-defensa-criminal-juvenil\\\/#primaryimage\"},\"thumbnailUrl\":\"https:\\\/\\\/thehometownlawyers.com\\\/wp-content\\\/uploads\\\/2021\\\/09\\\/teen-table-sad.jpg\",\"datePublished\":\"2020-01-13T23:53:34+00:00\",\"dateModified\":\"2025-02-05T20:09:06+00:00\",\"description\":\"Durante este momento dif\u00edcil, consulte con nuestros abogados defensores penales juveniles experimentados que entienden c\u00f3mo crear la defensa m\u00e1s s\u00f3lida.\",\"breadcrumb\":{\"@id\":\"https:\\\/\\\/thehometownlawyers.com\\\/es\\\/abogados-de-defensa-criminal-de-hamilton\\\/abogados-de-defensa-criminal-juvenil\\\/#breadcrumb\"},\"inLanguage\":\"es\",\"potentialAction\":[{\"@type\":\"ReadAction\",\"target\":[\"https:\\\/\\\/thehometownlawyers.com\\\/es\\\/abogados-de-defensa-criminal-de-hamilton\\\/abogados-de-defensa-criminal-juvenil\\\/\"]}]},{\"@type\":\"ImageObject\",\"inLanguage\":\"es\",\"@id\":\"https:\\\/\\\/thehometownlawyers.com\\\/es\\\/abogados-de-defensa-criminal-de-hamilton\\\/abogados-de-defensa-criminal-juvenil\\\/#primaryimage\",\"url\":\"https:\\\/\\\/thehometownlawyers.com\\\/wp-content\\\/uploads\\\/2021\\\/09\\\/teen-table-sad.jpg\",\"contentUrl\":\"https:\\\/\\\/thehometownlawyers.com\\\/wp-content\\\/uploads\\\/2021\\\/09\\\/teen-table-sad.jpg\",\"width\":1920,\"height\":1080,\"caption\":\"adolescente triste en una mesa de cocina\"},{\"@type\":\"BreadcrumbList\",\"@id\":\"https:\\\/\\\/thehometownlawyers.com\\\/es\\\/abogados-de-defensa-criminal-de-hamilton\\\/abogados-de-defensa-criminal-juvenil\\\/#breadcrumb\",\"itemListElement\":[{\"@type\":\"ListItem\",\"position\":1,\"name\":\"Home\",\"item\":\"https:\\\/\\\/thehometownlawyers.com\\\/es\\\/\"},{\"@type\":\"ListItem\",\"position\":2,\"name\":\"Abogado de Defensa Criminal en Hamilton\",\"item\":\"https:\\\/\\\/thehometownlawyers.com\\\/es\\\/abogados-de-defensa-criminal-de-hamilton\\\/\"},{\"@type\":\"ListItem\",\"position\":3,\"name\":\"Abogados de Delitos Juveniles en Hamilton\"}]},{\"@type\":\"WebSite\",\"@id\":\"https:\\\/\\\/thehometownlawyers.com\\\/es\\\/#website\",\"url\":\"https:\\\/\\\/thehometownlawyers.com\\\/es\\\/\",\"name\":\"Kruger & Hodges Hometown Injury Lawyers | Accident Attorneys\",\"description\":\"Attorneys for Car, Truck and Motorcycle Accidents, Personal Injuries, and Criminal Defense.\",\"publisher\":{\"@id\":\"https:\\\/\\\/thehometownlawyers.com\\\/es\\\/#organization\"},\"alternateName\":\"Kruger & Hodges Personal Injury Lawyers\",\"inLanguage\":\"es\"},{\"@type\":\"Organization\",\"@id\":\"https:\\\/\\\/thehometownlawyers.com\\\/es\\\/#organization\",\"name\":\"Kruger & Hodges Hometown Injury Lawyers\",\"alternateName\":\"Kruger & Hodges\",\"url\":\"https:\\\/\\\/thehometownlawyers.com\\\/es\\\/\",\"logo\":{\"@type\":\"ImageObject\",\"inLanguage\":\"es\",\"@id\":\"https:\\\/\\\/thehometownlawyers.com\\\/es\\\/#\\\/schema\\\/logo\\\/image\\\/\",\"url\":\"https:\\\/\\\/thehometownlawyers.com\\\/wp-content\\\/uploads\\\/2025\\\/12\\\/revised-kh-logo-vertical-white-background-scaled.png\",\"contentUrl\":\"https:\\\/\\\/thehometownlawyers.com\\\/wp-content\\\/uploads\\\/2025\\\/12\\\/revised-kh-logo-vertical-white-background-scaled.png\",\"width\":2560,\"height\":1440,\"caption\":\"Kruger & Hodges Hometown Injury Lawyers\"},\"image\":{\"@id\":\"https:\\\/\\\/thehometownlawyers.com\\\/es\\\/#\\\/schema\\\/logo\\\/image\\\/\"},\"sameAs\":[\"https:\\\/\\\/www.facebook.com\\\/KrugerHodges\\\/\",\"https:\\\/\\\/www.instagram.com\\\/krugerhodges\\\/\",\"https:\\\/\\\/www.linkedin.com\\\/company\\\/kruger-hodges-hometown-injury-lawyers\\\/\",\"https:\\\/\\\/www.youtube.com\\\/channel\\\/UCeYcMaMaN2rb9jMlqt4EIdQ\",\"https:\\\/\\\/www.tiktok.com\\\/@thehometownlawyer\"]}]}<\/script>\n<!-- \/ Yoast SEO plugin. -->","yoast_head_json":{"title":"Abogados de Delitos Juveniles en Hamilton | Consulta Gratuita","description":"Durante este momento dif\u00edcil, consulte con nuestros abogados defensores penales juveniles experimentados que entienden c\u00f3mo crear la defensa m\u00e1s s\u00f3lida.","robots":{"index":"index","follow":"follow","max-snippet":"max-snippet:-1","max-image-preview":"max-image-preview:large","max-video-preview":"max-video-preview:-1"},"canonical":"https:\/\/thehometownlawyers.com\/es\/abogados-de-defensa-criminal-de-hamilton\/abogados-de-defensa-criminal-juvenil\/","og_locale":"es_MX","og_type":"article","og_title":"Abogados de Delitos Juveniles en Hamilton | Consulta Gratuita","og_description":"Durante este momento dif\u00edcil, consulte con nuestros abogados defensores penales juveniles experimentados que entienden c\u00f3mo crear la defensa m\u00e1s s\u00f3lida.","og_url":"https:\/\/thehometownlawyers.com\/es\/abogados-de-defensa-criminal-de-hamilton\/abogados-de-defensa-criminal-juvenil\/","og_site_name":"Kruger &amp; Hodges Abogados De Lesiones","article_publisher":"https:\/\/www.facebook.com\/KrugerHodges\/","article_modified_time":"2025-02-05T20:09:06+00:00","og_image":[{"width":1920,"height":1080,"url":"https:\/\/thehometownlawyers.com\/wp-content\/uploads\/2021\/09\/teen-table-sad.jpg","type":"image\/jpeg"}],"twitter_card":"summary_large_image","twitter_misc":{"Tiempo de lectura":"3 minutos"},"schema":{"@context":"https:\/\/schema.org","@graph":[{"@type":"WebPage","@id":"https:\/\/thehometownlawyers.com\/es\/abogados-de-defensa-criminal-de-hamilton\/abogados-de-defensa-criminal-juvenil\/","url":"https:\/\/thehometownlawyers.com\/es\/abogados-de-defensa-criminal-de-hamilton\/abogados-de-defensa-criminal-juvenil\/","name":"Abogados de Delitos Juveniles en Hamilton | Consulta Gratuita","isPartOf":{"@id":"https:\/\/thehometownlawyers.com\/es\/#website"},"primaryImageOfPage":{"@id":"https:\/\/thehometownlawyers.com\/es\/abogados-de-defensa-criminal-de-hamilton\/abogados-de-defensa-criminal-juvenil\/#primaryimage"},"image":{"@id":"https:\/\/thehometownlawyers.com\/es\/abogados-de-defensa-criminal-de-hamilton\/abogados-de-defensa-criminal-juvenil\/#primaryimage"},"thumbnailUrl":"https:\/\/thehometownlawyers.com\/wp-content\/uploads\/2021\/09\/teen-table-sad.jpg","datePublished":"2020-01-13T23:53:34+00:00","dateModified":"2025-02-05T20:09:06+00:00","description":"Durante este momento dif\u00edcil, consulte con nuestros abogados defensores penales juveniles experimentados que entienden c\u00f3mo crear la defensa m\u00e1s s\u00f3lida.","breadcrumb":{"@id":"https:\/\/thehometownlawyers.com\/es\/abogados-de-defensa-criminal-de-hamilton\/abogados-de-defensa-criminal-juvenil\/#breadcrumb"},"inLanguage":"es","potentialAction":[{"@type":"ReadAction","target":["https:\/\/thehometownlawyers.com\/es\/abogados-de-defensa-criminal-de-hamilton\/abogados-de-defensa-criminal-juvenil\/"]}]},{"@type":"ImageObject","inLanguage":"es","@id":"https:\/\/thehometownlawyers.com\/es\/abogados-de-defensa-criminal-de-hamilton\/abogados-de-defensa-criminal-juvenil\/#primaryimage","url":"https:\/\/thehometownlawyers.com\/wp-content\/uploads\/2021\/09\/teen-table-sad.jpg","contentUrl":"https:\/\/thehometownlawyers.com\/wp-content\/uploads\/2021\/09\/teen-table-sad.jpg","width":1920,"height":1080,"caption":"adolescente triste en una mesa de cocina"},{"@type":"BreadcrumbList","@id":"https:\/\/thehometownlawyers.com\/es\/abogados-de-defensa-criminal-de-hamilton\/abogados-de-defensa-criminal-juvenil\/#breadcrumb","itemListElement":[{"@type":"ListItem","position":1,"name":"Home","item":"https:\/\/thehometownlawyers.com\/es\/"},{"@type":"ListItem","position":2,"name":"Abogado de Defensa Criminal en Hamilton","item":"https:\/\/thehometownlawyers.com\/es\/abogados-de-defensa-criminal-de-hamilton\/"},{"@type":"ListItem","position":3,"name":"Abogados de Delitos Juveniles en Hamilton"}]},{"@type":"WebSite","@id":"https:\/\/thehometownlawyers.com\/es\/#website","url":"https:\/\/thehometownlawyers.com\/es\/","name":"Kruger & Hodges Hometown Injury Lawyers | Accident Attorneys","description":"Attorneys for Car, Truck and Motorcycle Accidents, Personal Injuries, and Criminal Defense.","publisher":{"@id":"https:\/\/thehometownlawyers.com\/es\/#organization"},"alternateName":"Kruger & Hodges Personal Injury Lawyers","inLanguage":"es"},{"@type":"Organization","@id":"https:\/\/thehometownlawyers.com\/es\/#organization","name":"Kruger & Hodges Hometown Injury Lawyers","alternateName":"Kruger & Hodges","url":"https:\/\/thehometownlawyers.com\/es\/","logo":{"@type":"ImageObject","inLanguage":"es","@id":"https:\/\/thehometownlawyers.com\/es\/#\/schema\/logo\/image\/","url":"https:\/\/thehometownlawyers.com\/wp-content\/uploads\/2025\/12\/revised-kh-logo-vertical-white-background-scaled.png","contentUrl":"https:\/\/thehometownlawyers.com\/wp-content\/uploads\/2025\/12\/revised-kh-logo-vertical-white-background-scaled.png","width":2560,"height":1440,"caption":"Kruger & Hodges Hometown Injury Lawyers"},"image":{"@id":"https:\/\/thehometownlawyers.com\/es\/#\/schema\/logo\/image\/"},"sameAs":["https:\/\/www.facebook.com\/KrugerHodges\/","https:\/\/www.instagram.com\/krugerhodges\/","https:\/\/www.linkedin.com\/company\/kruger-hodges-hometown-injury-lawyers\/","https:\/\/www.youtube.com\/channel\/UCeYcMaMaN2rb9jMlqt4EIdQ","https:\/\/www.tiktok.com\/@thehometownlawyer"]}]}},"_links":{"self":[{"href":"https:\/\/thehometownlawyers.com\/es\/wp-json\/wp\/v2\/pages\/21063","targetHints":{"allow":["GET"]}}],"collection":[{"href":"https:\/\/thehometownlawyers.com\/es\/wp-json\/wp\/v2\/pages"}],"about":[{"href":"https:\/\/thehometownlawyers.com\/es\/wp-json\/wp\/v2\/types\/page"}],"author":[{"embeddable":true,"href":"https:\/\/thehometownlawyers.com\/es\/wp-json\/wp\/v2\/users\/7"}],"replies":[{"embeddable":true,"href":"https:\/\/thehometownlawyers.com\/es\/wp-json\/wp\/v2\/comments?post=21063"}],"version-history":[{"count":0,"href":"https:\/\/thehometownlawyers.com\/es\/wp-json\/wp\/v2\/pages\/21063\/revisions"}],"up":[{"embeddable":true,"href":"https:\/\/thehometownlawyers.com\/es\/wp-json\/wp\/v2\/pages\/20980"}],"wp:featuredmedia":[{"embeddable":true,"href":"https:\/\/thehometownlawyers.com\/es\/wp-json\/wp\/v2\/media\/20848"}],"wp:attachment":[{"href":"https:\/\/thehometownlawyers.com\/es\/wp-json\/wp\/v2\/media?parent=21063"}],"wp:term":[{"taxonomy":"hc_faqs","embeddable":true,"href":"https:\/\/thehometownlawyers.com\/es\/wp-json\/wp\/v2\/hc_faqs?post=21063"},{"taxonomy":"hc_spanish_faqs","embeddable":true,"href":"https:\/\/thehometownlawyers.com\/es\/wp-json\/wp\/v2\/hc_spanish_faqs?post=21063"}],"curies":[{"name":"wp","href":"https:\/\/api.w.org\/{rel}","templated":true}]}}