{"id":21064,"date":"2020-01-13T19:42:07","date_gmt":"2020-01-14T00:42:07","guid":{"rendered":"https:\/\/thehometownlawyers.com\/?page_id=21064"},"modified":"2025-02-05T15:38:04","modified_gmt":"2025-02-05T20:38:04","slug":"abogados-de-defensa-de-robo","status":"publish","type":"page","link":"https:\/\/thehometownlawyers.com\/es\/abogados-de-defensa-criminal-de-hamilton\/abogados-de-defensa-de-robo\/","title":{"rendered":"Abogados de Robo en Hamilton"},"content":{"rendered":"<p>El robo en el estado de Ohio se clasifica como un delito de \u201cvileza moral\u201d, que implica una conducta deshonesta que carece de buenas costumbres. Estos delitos pueden resultar en obst\u00e1culos significativos que afectan las barreras de carrera y educaci\u00f3n que a veces pueden durar el resto de la vida de una persona. Si lo acusan de un delito en Ohio, es fundamental obtener r\u00e1pidamente la asistencia de nuestros abogados defensores de robo, quienes crear\u00e1n una defensa legal para aumentar las posibilidades de que su caso se resuelva de la mejor manera posible.<\/p>\n<h2>Tipos comunes de delitos de robo en Ohio<\/h2>\n<p>Algunos de los tipos m\u00e1s comunes de delitos de robo con los que se <a href=\"https:\/\/codes.ohio.gov\/ohio-revised-code\/section-2913.02\" target=\"_blank\" rel=\"noopener\">acusa con frecuencia<\/a> a las personas en el estado de Ohio incluyen:<\/p>\n<ul>\n<li><strong>Robo agravado:<\/strong> estos delitos surgen cuando una persona a sabiendas ejerce control u obtiene bienes o servicios por un valor superior a $100,000. Este robo debe realizarse sin el consentimiento del due\u00f1o de la propiedad mediante el uso de enga\u00f1o, intimidaci\u00f3n o amenaza. Estos delitos se clasifican como delitos graves de primer, segundo o tercer grado seg\u00fan el valor de la propiedad que se toma.<\/li>\n<li>Hurto mayor <strong>:<\/strong> la secci\u00f3n 2913.02 del C\u00f3digo Revisado de Ohio establece que el hurto mayor ocurre cuando una persona a sabiendas ejerce control u obtiene bienes por un valor mayor a $5,000 pero menor a $100,000 sin el consentimiento del propietario a trav\u00e9s del enga\u00f1o, la intimidaci\u00f3n o la amenaza. La mayor\u00eda de las veces, el hurto mayor se considera un delito grave de cuarto grado. Cualquier delito que involucre un veh\u00edculo motorizado o un arma de fuego tambi\u00e9n se clasifica como hurto mayor.<\/li>\n<li><strong>Hurto menor:<\/strong> Este delito ocurre cuando una persona ejerce control u obtiene a sabiendas propiedad o servicios por menos de $500 sin el consentimiento del due\u00f1o de la propiedad mediante el uso de enga\u00f1o, intimidaci\u00f3n o amenaza. Estos delitos se clasifican con mayor frecuencia como delitos menores de primer grado.<\/li>\n<li><strong>Recibir propiedad robada:<\/strong> De acuerdo con la secci\u00f3n 2913.51 del C\u00f3digo Revisado de Ohio, una persona puede ser acusada de este delito si dispone, recibe o retiene propiedad de otra persona que sabe o tiene motivos para saber que se obtuvo mediante el uso de robo Este delito se clasifica como delito menor o delito grave seg\u00fan lo que se rob\u00f3 y el valor de la propiedad robada.<\/li>\n<li><strong>Robo:<\/strong> una persona en el estado de Ohio puede ser acusada de robo si ejerce control sobre bienes o servicios valorados entre $500 y $5,000 sin el consentimiento del due\u00f1o de la propiedad mediante el uso de enga\u00f1o, intimidaci\u00f3n o amenazas.<\/li>\n<li><strong>Uso no autorizado de un veh\u00edculo:<\/strong> si una persona utiliza a sabiendas una aeronave, un veh\u00edculo motorizado, una embarcaci\u00f3n u otros tipos de veh\u00edculos propulsados por motor sin el consentimiento del due\u00f1o de la propiedad, se le puede <a href=\"https:\/\/law.justia.com\/codes\/ohio\/2006\/orc\/jd_291303-9a63.html\" target=\"_blank\" rel=\"noopener noreferrer\">acusar de un delito menor o un delito grave<\/a> .<\/li>\n<\/ul>\n<p class=\"rs-content-cta rs-content-cta-small\">Para una consulta legal gratuita, llame al <a href=\"tel:+15138943333\">513-894-3333 <\/a><\/p><h2>Hable con nuestros abogados expertos en defensa contra robos<\/h2>\n<p>Ser condenado por robo puede dar lugar a numerosos obst\u00e1culos, incluido el estigma de ser calificado de deshonesto por otros. Afortunadamente, el <a href=\"https:\/\/thehometownlawyers.com\/es\/abogados-de-defensa-criminal-de-hamilton\/\">Los abogados de defensa criminal<\/a> de Kruger &amp; Hodges seguir\u00e1n comprometidos a obtener el mejor resultado posible en su caso y entienden las numerosas complicaciones que pueden surgir al luchar contra los cargos por delitos de robo. <a href=\"https:\/\/thehometownlawyers.com\/es\/contacto\/\">No dude en ponerse en contacto con<\/a> un abogado defensor experimentado hoy mismo si lo acusan de un delito relacionado con el robo.<\/p>\n<p class=\"rs-content-cta rs-content-cta-small\">Llame o env\u00ede un mensaje de texto al <a href=\"tel:+15138943333\">513-894-3333<\/a> o complete una <a href=\"\/es\/contacto\/\">evaluaci\u00f3n gratuita de su caso<\/a><\/p>","protected":false},"excerpt":{"rendered":"<p>El robo en el estado de Ohio se clasifica como un delito de \u201cvileza moral\u201d, que implica una conducta deshonesta que carece de buenas costumbres. Estos delitos pueden resultar en obst\u00e1culos significativos que afectan las barreras de carrera y educaci\u00f3n que a veces pueden durar el resto de la vida de una persona. Si lo &#8230;<\/p>\n","protected":false},"author":7,"featured_media":20827,"parent":20980,"menu_order":0,"comment_status":"closed","ping_status":"closed","template":"","meta":{"_acf_changed":false,"inline_featured_image":false,"_genesis_hide_title":false,"_genesis_hide_breadcrumbs":false,"_genesis_hide_singular_image":false,"_genesis_hide_footer_widgets":false,"_genesis_custom_body_class":"","_genesis_custom_post_class":"","_genesis_layout":"","footnotes":""},"hc_faqs":[],"hc_spanish_faqs":[],"class_list":{"0":"post-21064","1":"page","2":"type-page","3":"status-publish","4":"has-post-thumbnail","6":"hc_city_location-hamilton-es-2","7":"entry"},"acf":[],"yoast_head":"<!-- This site is optimized with the Yoast SEO plugin v27.5 - https:\/\/yoast.com\/product\/yoast-seo-wordpress\/ -->\n<title>Abogados de Robo en Hamilton | Consulta Gratuita<\/title>\n<meta name=\"description\" content=\"Si lo acusan, comun\u00edquese con nuestros abogados defensores de robo que crear\u00e1n una defensa legal para aumentar sus posibilidades de obtener el mejor resultado posible.\" \/>\n<meta name=\"robots\" content=\"index, follow, max-snippet:-1, max-image-preview:large, max-video-preview:-1\" \/>\n<link rel=\"canonical\" href=\"https:\/\/thehometownlawyers.com\/es\/abogados-de-defensa-criminal-de-hamilton\/abogados-de-defensa-de-robo\/\" \/>\n<meta property=\"og:locale\" content=\"es_MX\" \/>\n<meta property=\"og:type\" content=\"article\" \/>\n<meta property=\"og:title\" content=\"Abogados de Robo en Hamilton | Consulta Gratuita\" \/>\n<meta property=\"og:description\" content=\"Si lo acusan, comun\u00edquese con nuestros abogados defensores de robo que crear\u00e1n una defensa legal para aumentar sus posibilidades de obtener el mejor resultado posible.\" \/>\n<meta property=\"og:url\" content=\"https:\/\/thehometownlawyers.com\/es\/abogados-de-defensa-criminal-de-hamilton\/abogados-de-defensa-de-robo\/\" \/>\n<meta property=\"og:site_name\" content=\"Kruger &amp; Hodges Abogados De Lesiones\" \/>\n<meta property=\"article:publisher\" content=\"https:\/\/www.facebook.com\/KrugerHodges\/\" \/>\n<meta property=\"article:modified_time\" content=\"2025-02-05T20:38:04+00:00\" \/>\n<meta property=\"og:image\" content=\"https:\/\/thehometownlawyers.com\/wp-content\/uploads\/2021\/08\/theft-break-window.jpg\" \/>\n\t<meta property=\"og:image:width\" content=\"1920\" \/>\n\t<meta property=\"og:image:height\" content=\"1080\" \/>\n\t<meta property=\"og:image:type\" content=\"image\/jpeg\" \/>\n<meta name=\"twitter:card\" content=\"summary_large_image\" \/>\n<meta name=\"twitter:label1\" content=\"Tiempo de lectura\" \/>\n\t<meta name=\"twitter:data1\" content=\"3 minutos\" \/>\n<script type=\"application\/ld+json\" class=\"yoast-schema-graph\">{\"@context\":\"https:\\\/\\\/schema.org\",\"@graph\":[{\"@type\":\"WebPage\",\"@id\":\"https:\\\/\\\/thehometownlawyers.com\\\/es\\\/abogados-de-defensa-criminal-de-hamilton\\\/abogados-de-defensa-de-robo\\\/\",\"url\":\"https:\\\/\\\/thehometownlawyers.com\\\/es\\\/abogados-de-defensa-criminal-de-hamilton\\\/abogados-de-defensa-de-robo\\\/\",\"name\":\"Abogados de Robo en Hamilton | Consulta Gratuita\",\"isPartOf\":{\"@id\":\"https:\\\/\\\/thehometownlawyers.com\\\/es\\\/#website\"},\"primaryImageOfPage\":{\"@id\":\"https:\\\/\\\/thehometownlawyers.com\\\/es\\\/abogados-de-defensa-criminal-de-hamilton\\\/abogados-de-defensa-de-robo\\\/#primaryimage\"},\"image\":{\"@id\":\"https:\\\/\\\/thehometownlawyers.com\\\/es\\\/abogados-de-defensa-criminal-de-hamilton\\\/abogados-de-defensa-de-robo\\\/#primaryimage\"},\"thumbnailUrl\":\"https:\\\/\\\/thehometownlawyers.com\\\/wp-content\\\/uploads\\\/2021\\\/08\\\/theft-break-window.jpg\",\"datePublished\":\"2020-01-14T00:42:07+00:00\",\"dateModified\":\"2025-02-05T20:38:04+00:00\",\"description\":\"Si lo acusan, comun\u00edquese con nuestros abogados defensores de robo que crear\u00e1n una defensa legal para aumentar sus posibilidades de obtener el mejor resultado posible.\",\"breadcrumb\":{\"@id\":\"https:\\\/\\\/thehometownlawyers.com\\\/es\\\/abogados-de-defensa-criminal-de-hamilton\\\/abogados-de-defensa-de-robo\\\/#breadcrumb\"},\"inLanguage\":\"es\",\"potentialAction\":[{\"@type\":\"ReadAction\",\"target\":[\"https:\\\/\\\/thehometownlawyers.com\\\/es\\\/abogados-de-defensa-criminal-de-hamilton\\\/abogados-de-defensa-de-robo\\\/\"]}]},{\"@type\":\"ImageObject\",\"inLanguage\":\"es\",\"@id\":\"https:\\\/\\\/thehometownlawyers.com\\\/es\\\/abogados-de-defensa-criminal-de-hamilton\\\/abogados-de-defensa-de-robo\\\/#primaryimage\",\"url\":\"https:\\\/\\\/thehometownlawyers.com\\\/wp-content\\\/uploads\\\/2021\\\/08\\\/theft-break-window.jpg\",\"contentUrl\":\"https:\\\/\\\/thehometownlawyers.com\\\/wp-content\\\/uploads\\\/2021\\\/08\\\/theft-break-window.jpg\",\"width\":1920,\"height\":1080,\"caption\":\"ladr\u00f3n entrando por una ventana\"},{\"@type\":\"BreadcrumbList\",\"@id\":\"https:\\\/\\\/thehometownlawyers.com\\\/es\\\/abogados-de-defensa-criminal-de-hamilton\\\/abogados-de-defensa-de-robo\\\/#breadcrumb\",\"itemListElement\":[{\"@type\":\"ListItem\",\"position\":1,\"name\":\"Home\",\"item\":\"https:\\\/\\\/thehometownlawyers.com\\\/es\\\/\"},{\"@type\":\"ListItem\",\"position\":2,\"name\":\"Abogado de Defensa Criminal en Hamilton\",\"item\":\"https:\\\/\\\/thehometownlawyers.com\\\/es\\\/abogados-de-defensa-criminal-de-hamilton\\\/\"},{\"@type\":\"ListItem\",\"position\":3,\"name\":\"Abogados de Robo en Hamilton\"}]},{\"@type\":\"WebSite\",\"@id\":\"https:\\\/\\\/thehometownlawyers.com\\\/es\\\/#website\",\"url\":\"https:\\\/\\\/thehometownlawyers.com\\\/es\\\/\",\"name\":\"Kruger & Hodges Hometown Injury Lawyers | Accident Attorneys\",\"description\":\"Attorneys for Car, Truck and Motorcycle Accidents, Personal Injuries, and Criminal Defense.\",\"publisher\":{\"@id\":\"https:\\\/\\\/thehometownlawyers.com\\\/es\\\/#organization\"},\"alternateName\":\"Kruger & Hodges Personal Injury Lawyers\",\"inLanguage\":\"es\"},{\"@type\":\"Organization\",\"@id\":\"https:\\\/\\\/thehometownlawyers.com\\\/es\\\/#organization\",\"name\":\"Kruger & Hodges Hometown Injury Lawyers\",\"alternateName\":\"Kruger & Hodges\",\"url\":\"https:\\\/\\\/thehometownlawyers.com\\\/es\\\/\",\"logo\":{\"@type\":\"ImageObject\",\"inLanguage\":\"es\",\"@id\":\"https:\\\/\\\/thehometownlawyers.com\\\/es\\\/#\\\/schema\\\/logo\\\/image\\\/\",\"url\":\"https:\\\/\\\/thehometownlawyers.com\\\/wp-content\\\/uploads\\\/2025\\\/12\\\/revised-kh-logo-vertical-white-background-scaled.png\",\"contentUrl\":\"https:\\\/\\\/thehometownlawyers.com\\\/wp-content\\\/uploads\\\/2025\\\/12\\\/revised-kh-logo-vertical-white-background-scaled.png\",\"width\":2560,\"height\":1440,\"caption\":\"Kruger & Hodges Hometown Injury Lawyers\"},\"image\":{\"@id\":\"https:\\\/\\\/thehometownlawyers.com\\\/es\\\/#\\\/schema\\\/logo\\\/image\\\/\"},\"sameAs\":[\"https:\\\/\\\/www.facebook.com\\\/KrugerHodges\\\/\",\"https:\\\/\\\/www.instagram.com\\\/krugerhodges\\\/\",\"https:\\\/\\\/www.linkedin.com\\\/company\\\/kruger-hodges-hometown-injury-lawyers\\\/\",\"https:\\\/\\\/www.youtube.com\\\/channel\\\/UCeYcMaMaN2rb9jMlqt4EIdQ\",\"https:\\\/\\\/www.tiktok.com\\\/@thehometownlawyer\"]}]}<\/script>\n<!-- \/ Yoast SEO plugin. -->","yoast_head_json":{"title":"Abogados de Robo en Hamilton | Consulta Gratuita","description":"Si lo acusan, comun\u00edquese con nuestros abogados defensores de robo que crear\u00e1n una defensa legal para aumentar sus posibilidades de obtener el mejor resultado posible.","robots":{"index":"index","follow":"follow","max-snippet":"max-snippet:-1","max-image-preview":"max-image-preview:large","max-video-preview":"max-video-preview:-1"},"canonical":"https:\/\/thehometownlawyers.com\/es\/abogados-de-defensa-criminal-de-hamilton\/abogados-de-defensa-de-robo\/","og_locale":"es_MX","og_type":"article","og_title":"Abogados de Robo en Hamilton | Consulta Gratuita","og_description":"Si lo acusan, comun\u00edquese con nuestros abogados defensores de robo que crear\u00e1n una defensa legal para aumentar sus posibilidades de obtener el mejor resultado posible.","og_url":"https:\/\/thehometownlawyers.com\/es\/abogados-de-defensa-criminal-de-hamilton\/abogados-de-defensa-de-robo\/","og_site_name":"Kruger &amp; Hodges Abogados De Lesiones","article_publisher":"https:\/\/www.facebook.com\/KrugerHodges\/","article_modified_time":"2025-02-05T20:38:04+00:00","og_image":[{"width":1920,"height":1080,"url":"https:\/\/thehometownlawyers.com\/wp-content\/uploads\/2021\/08\/theft-break-window.jpg","type":"image\/jpeg"}],"twitter_card":"summary_large_image","twitter_misc":{"Tiempo de lectura":"3 minutos"},"schema":{"@context":"https:\/\/schema.org","@graph":[{"@type":"WebPage","@id":"https:\/\/thehometownlawyers.com\/es\/abogados-de-defensa-criminal-de-hamilton\/abogados-de-defensa-de-robo\/","url":"https:\/\/thehometownlawyers.com\/es\/abogados-de-defensa-criminal-de-hamilton\/abogados-de-defensa-de-robo\/","name":"Abogados de Robo en Hamilton | Consulta Gratuita","isPartOf":{"@id":"https:\/\/thehometownlawyers.com\/es\/#website"},"primaryImageOfPage":{"@id":"https:\/\/thehometownlawyers.com\/es\/abogados-de-defensa-criminal-de-hamilton\/abogados-de-defensa-de-robo\/#primaryimage"},"image":{"@id":"https:\/\/thehometownlawyers.com\/es\/abogados-de-defensa-criminal-de-hamilton\/abogados-de-defensa-de-robo\/#primaryimage"},"thumbnailUrl":"https:\/\/thehometownlawyers.com\/wp-content\/uploads\/2021\/08\/theft-break-window.jpg","datePublished":"2020-01-14T00:42:07+00:00","dateModified":"2025-02-05T20:38:04+00:00","description":"Si lo acusan, comun\u00edquese con nuestros abogados defensores de robo que crear\u00e1n una defensa legal para aumentar sus posibilidades de obtener el mejor resultado posible.","breadcrumb":{"@id":"https:\/\/thehometownlawyers.com\/es\/abogados-de-defensa-criminal-de-hamilton\/abogados-de-defensa-de-robo\/#breadcrumb"},"inLanguage":"es","potentialAction":[{"@type":"ReadAction","target":["https:\/\/thehometownlawyers.com\/es\/abogados-de-defensa-criminal-de-hamilton\/abogados-de-defensa-de-robo\/"]}]},{"@type":"ImageObject","inLanguage":"es","@id":"https:\/\/thehometownlawyers.com\/es\/abogados-de-defensa-criminal-de-hamilton\/abogados-de-defensa-de-robo\/#primaryimage","url":"https:\/\/thehometownlawyers.com\/wp-content\/uploads\/2021\/08\/theft-break-window.jpg","contentUrl":"https:\/\/thehometownlawyers.com\/wp-content\/uploads\/2021\/08\/theft-break-window.jpg","width":1920,"height":1080,"caption":"ladr\u00f3n entrando por una ventana"},{"@type":"BreadcrumbList","@id":"https:\/\/thehometownlawyers.com\/es\/abogados-de-defensa-criminal-de-hamilton\/abogados-de-defensa-de-robo\/#breadcrumb","itemListElement":[{"@type":"ListItem","position":1,"name":"Home","item":"https:\/\/thehometownlawyers.com\/es\/"},{"@type":"ListItem","position":2,"name":"Abogado de Defensa Criminal en Hamilton","item":"https:\/\/thehometownlawyers.com\/es\/abogados-de-defensa-criminal-de-hamilton\/"},{"@type":"ListItem","position":3,"name":"Abogados de Robo en Hamilton"}]},{"@type":"WebSite","@id":"https:\/\/thehometownlawyers.com\/es\/#website","url":"https:\/\/thehometownlawyers.com\/es\/","name":"Kruger & Hodges Hometown Injury Lawyers | Accident Attorneys","description":"Attorneys for Car, Truck and Motorcycle Accidents, Personal Injuries, and Criminal Defense.","publisher":{"@id":"https:\/\/thehometownlawyers.com\/es\/#organization"},"alternateName":"Kruger & Hodges Personal Injury Lawyers","inLanguage":"es"},{"@type":"Organization","@id":"https:\/\/thehometownlawyers.com\/es\/#organization","name":"Kruger & Hodges Hometown Injury Lawyers","alternateName":"Kruger & Hodges","url":"https:\/\/thehometownlawyers.com\/es\/","logo":{"@type":"ImageObject","inLanguage":"es","@id":"https:\/\/thehometownlawyers.com\/es\/#\/schema\/logo\/image\/","url":"https:\/\/thehometownlawyers.com\/wp-content\/uploads\/2025\/12\/revised-kh-logo-vertical-white-background-scaled.png","contentUrl":"https:\/\/thehometownlawyers.com\/wp-content\/uploads\/2025\/12\/revised-kh-logo-vertical-white-background-scaled.png","width":2560,"height":1440,"caption":"Kruger & Hodges Hometown Injury Lawyers"},"image":{"@id":"https:\/\/thehometownlawyers.com\/es\/#\/schema\/logo\/image\/"},"sameAs":["https:\/\/www.facebook.com\/KrugerHodges\/","https:\/\/www.instagram.com\/krugerhodges\/","https:\/\/www.linkedin.com\/company\/kruger-hodges-hometown-injury-lawyers\/","https:\/\/www.youtube.com\/channel\/UCeYcMaMaN2rb9jMlqt4EIdQ","https:\/\/www.tiktok.com\/@thehometownlawyer"]}]}},"_links":{"self":[{"href":"https:\/\/thehometownlawyers.com\/es\/wp-json\/wp\/v2\/pages\/21064","targetHints":{"allow":["GET"]}}],"collection":[{"href":"https:\/\/thehometownlawyers.com\/es\/wp-json\/wp\/v2\/pages"}],"about":[{"href":"https:\/\/thehometownlawyers.com\/es\/wp-json\/wp\/v2\/types\/page"}],"author":[{"embeddable":true,"href":"https:\/\/thehometownlawyers.com\/es\/wp-json\/wp\/v2\/users\/7"}],"replies":[{"embeddable":true,"href":"https:\/\/thehometownlawyers.com\/es\/wp-json\/wp\/v2\/comments?post=21064"}],"version-history":[{"count":0,"href":"https:\/\/thehometownlawyers.com\/es\/wp-json\/wp\/v2\/pages\/21064\/revisions"}],"up":[{"embeddable":true,"href":"https:\/\/thehometownlawyers.com\/es\/wp-json\/wp\/v2\/pages\/20980"}],"wp:featuredmedia":[{"embeddable":true,"href":"https:\/\/thehometownlawyers.com\/es\/wp-json\/wp\/v2\/media\/20827"}],"wp:attachment":[{"href":"https:\/\/thehometownlawyers.com\/es\/wp-json\/wp\/v2\/media?parent=21064"}],"wp:term":[{"taxonomy":"hc_faqs","embeddable":true,"href":"https:\/\/thehometownlawyers.com\/es\/wp-json\/wp\/v2\/hc_faqs?post=21064"},{"taxonomy":"hc_spanish_faqs","embeddable":true,"href":"https:\/\/thehometownlawyers.com\/es\/wp-json\/wp\/v2\/hc_spanish_faqs?post=21064"}],"curies":[{"name":"wp","href":"https:\/\/api.w.org\/{rel}","templated":true}]}}