{"id":21065,"date":"2020-01-13T15:47:27","date_gmt":"2020-01-13T20:47:27","guid":{"rendered":"https:\/\/thehometownlawyers.com\/?page_id=21065"},"modified":"2025-03-17T11:55:15","modified_gmt":"2025-03-17T15:55:15","slug":"abogados-defensores-de-agresion","status":"publish","type":"page","link":"https:\/\/thehometownlawyers.com\/es\/abogados-de-defensa-criminal-de-hamilton\/abogados-defensores-de-agresion\/","title":{"rendered":"Abogado de Agresi\u00f3n en Hamilton"},"content":{"rendered":"<h2>Abogados defensores por cargos de agresi\u00f3n<\/h2>\n<p>Los cargos de agresi\u00f3n surgen cuando una persona causa da\u00f1o a otra e incluso en situaciones en las que alguien siente que otra persona est\u00e1 tratando de hacerle da\u00f1o, pero a\u00fan no lo ha hecho. Para las personas que enfrentan estos cargos, es esencial obtener la asistencia de abogados defensores experimentados en agresiones de Kruger &amp; Hodges. Tambi\u00e9n puede ayudar a quienes enfrentan cargos de asalto en Ohio a comprender algunos de los conceptos b\u00e1sicos de c\u00f3mo el estado persigue los delitos de asalto.<\/p>\n<p class=\"rs-content-cta rs-content-cta-small\">Para una consulta legal gratuita, llame al <a href=\"tel:+15138943333\">513-894-3333 <\/a><\/p><h2>Ley de Ohio relacionada con la agresi\u00f3n<\/h2>\n<p>En el estado de Ohio, el asalto en realidad abarca varios delitos diferentes que, seg\u00fan su gravedad, pueden ser un delito grave o un delito menor. El asalto en Ohio se divide en las siguientes categor\u00edas:<\/p>\n<ul class=\"cus_prac_ulli\">\n<li>Asalto con <strong>agravantes:<\/strong> El asalto con agravantes de acuerdo con <a href=\"https:\/\/codes.ohio.gov\/ohio-revised-code\/section-2903.12\" target=\"_blank\" rel=\"noopener noreferrer\">la Secci\u00f3n 2903.12 del C\u00f3digo Revisado de Ohio<\/a> ocurre si una persona, durante un per\u00edodo de ira o pasi\u00f3n repentina, causa da\u00f1o f\u00edsico grave a otra persona o al ni\u00f1o por nacer. El cargo tambi\u00e9n puede surgir si una persona causa da\u00f1o o intenta causar da\u00f1o con un arma mortal. En el estado de Ohio, el asalto con agravantes es un delito grave de cuarto grado, con la excepci\u00f3n de los casos en los que la v\u00edctima es un oficial de la ley, lo que eleva el delito a un delito grave de tercer grado.<\/li>\n<li><strong>Agresi\u00f3n criminal:<\/strong> El tipo de agresi\u00f3n m\u00e1s grave en Ohio, este delito ocurre cuando una persona trata de causar da\u00f1o f\u00edsico a otra persona o a un feto mediante el uso de un arma mortal.<\/li>\n<li><strong>Agresi\u00f3n negligente:<\/strong> La ley en el estado de Ohio proh\u00edbe el uso imprudente de armas, que se clasifican como agresi\u00f3n negligente cuando el arma mortal se usa negligentemente de una manera que causa da\u00f1o f\u00edsico a otra persona o al ni\u00f1o por nacer. Este delito se clasifica como un delito menor de tercer grado.<\/li>\n<li><strong>Asalto simple:<\/strong> <a href=\"https:\/\/codes.ohio.gov\/ohio-revised-code\/section-2903.13\" target=\"_blank\" rel=\"noopener noreferrer\">la secci\u00f3n 2903.13 del C\u00f3digo Revisado de Ohio<\/a> establece que el asalto simple ocurre cuando una persona causa o intenta causar da\u00f1o f\u00edsico a sabiendas o causa da\u00f1o f\u00edsico imprudentemente a otra persona o ni\u00f1o por nacer. Una persona puede enfrentar un cargo de asalto simple incluso si no toc\u00f3 a otra persona o si la persona que inici\u00f3 el cargo no result\u00f3 herida. Si bien el asalto simple a menudo se clasifica como un delito menor de primer grado, el delito puede escalar a un delito grave en ciertas circunstancias, incluido el asalto a un maestro, conductor de autob\u00fas, bombero o agente de la ley. Una persona tambi\u00e9n puede ser acusada de un delito grave si agrede a una persona que est\u00e1 bajo su cuidado o si un preso comete una agresi\u00f3n contra un oficial correccional.<\/li>\n<li><strong>Asalto vehicular:<\/strong> la ley de Ohio proh\u00edbe el uso de un veh\u00edculo para causar da\u00f1o f\u00edsico a otra persona o a un ni\u00f1o por nacer. Estos delitos incluyen operar un veh\u00edculo bajo la influencia de drogas o alcohol y la operaci\u00f3n imprudente de un veh\u00edculo en zonas de construcci\u00f3n. Para los efectos de esta ley, un veh\u00edculo puede ser un veh\u00edculo de motor, una motocicleta, una moto de nieve y una embarcaci\u00f3n. El asalto vehicular se clasifica como un delito grave de tercer grado, pero los factores agravantes pueden resultar en que el delito sea procesado como un delito grave de segundo grado.<\/li>\n<\/ul>\n<h2>P\u00f3ngase en contacto con nuestros abogados defensores de agresi\u00f3n en Hamilton, Middletown y Eaton<\/h2>\n<p>Si ha sido acusado de cualquier tipo de delito de agresi\u00f3n en el estado de Ohio, no debe dudar en ponerse en contacto con un abogado penal con experiencia que luchar\u00e1 por obtener el mejor resultado posible para su caso. <a href=\"https:\/\/thehometownlawyers.com\/es\/contacto\/\">P\u00f3ngase<\/a> en contacto con Kruger &amp; Hodges hoy para hablar con uno de nuestros abogados penales.<\/p>\n<p class=\"rs-content-cta rs-content-cta-small\">Llame o env\u00ede un mensaje de texto al <a href=\"tel:+15138943333\">513-894-3333<\/a> o complete una <a href=\"\/es\/contacto\/\">evaluaci\u00f3n gratuita de su caso<\/a><\/p>","protected":false},"excerpt":{"rendered":"<p>Abogados defensores por cargos de agresi\u00f3n Los cargos de agresi\u00f3n surgen cuando una persona causa da\u00f1o a otra e incluso en situaciones en las que alguien siente que otra persona est\u00e1 tratando de hacerle da\u00f1o, pero a\u00fan no lo ha hecho. Para las personas que enfrentan estos cargos, es esencial obtener la asistencia de abogados &#8230;<\/p>\n","protected":false},"author":7,"featured_media":20823,"parent":20980,"menu_order":0,"comment_status":"closed","ping_status":"closed","template":"","meta":{"_acf_changed":false,"inline_featured_image":false,"_genesis_hide_title":false,"_genesis_hide_breadcrumbs":false,"_genesis_hide_singular_image":false,"_genesis_hide_footer_widgets":false,"_genesis_custom_body_class":"","_genesis_custom_post_class":"","_genesis_layout":"","footnotes":""},"hc_faqs":[],"hc_spanish_faqs":[],"class_list":{"0":"post-21065","1":"page","2":"type-page","3":"status-publish","4":"has-post-thumbnail","6":"entry"},"acf":[],"yoast_head":"<!-- This site is optimized with the Yoast SEO plugin v27.3 - https:\/\/yoast.com\/product\/yoast-seo-wordpress\/ -->\n<title>Abogados de Agresi\u00f3n en Hamilton | Consulta Gratuita<\/title>\n<meta name=\"description\" content=\"Es esencial consultar a nuestros abogados defensores experimentados en agresiones y comprender los conceptos b\u00e1sicos de c\u00f3mo el estado persigue los delitos de agresi\u00f3n.\" \/>\n<meta name=\"robots\" content=\"index, follow, max-snippet:-1, max-image-preview:large, max-video-preview:-1\" \/>\n<link rel=\"canonical\" href=\"https:\/\/thehometownlawyers.com\/es\/abogados-de-defensa-criminal-de-hamilton\/abogados-defensores-de-agresion\/\" \/>\n<meta property=\"og:locale\" content=\"es_MX\" \/>\n<meta property=\"og:type\" content=\"article\" \/>\n<meta property=\"og:title\" content=\"Abogados de Agresi\u00f3n en Hamilton | Consulta Gratuita\" \/>\n<meta property=\"og:description\" content=\"Es esencial consultar a nuestros abogados defensores experimentados en agresiones y comprender los conceptos b\u00e1sicos de c\u00f3mo el estado persigue los delitos de agresi\u00f3n.\" \/>\n<meta property=\"og:url\" content=\"https:\/\/thehometownlawyers.com\/es\/abogados-de-defensa-criminal-de-hamilton\/abogados-defensores-de-agresion\/\" \/>\n<meta property=\"og:site_name\" content=\"Kruger &amp; Hodges Abogados De Lesiones\" \/>\n<meta property=\"article:publisher\" content=\"https:\/\/www.facebook.com\/KrugerHodges\/\" \/>\n<meta property=\"article:modified_time\" content=\"2025-03-17T15:55:15+00:00\" \/>\n<meta property=\"og:image\" content=\"https:\/\/thehometownlawyers.com\/wp-content\/uploads\/2021\/08\/fist-punch-angry.jpg\" \/>\n\t<meta property=\"og:image:width\" content=\"1920\" \/>\n\t<meta property=\"og:image:height\" content=\"1080\" \/>\n\t<meta property=\"og:image:type\" content=\"image\/jpeg\" \/>\n<meta name=\"twitter:card\" content=\"summary_large_image\" \/>\n<meta name=\"twitter:label1\" content=\"Tiempo de lectura\" \/>\n\t<meta name=\"twitter:data1\" content=\"3 minutos\" \/>\n<script type=\"application\/ld+json\" class=\"yoast-schema-graph\">{\"@context\":\"https:\\\/\\\/schema.org\",\"@graph\":[{\"@type\":\"WebPage\",\"@id\":\"https:\\\/\\\/thehometownlawyers.com\\\/es\\\/abogados-de-defensa-criminal-de-hamilton\\\/abogados-defensores-de-agresion\\\/\",\"url\":\"https:\\\/\\\/thehometownlawyers.com\\\/es\\\/abogados-de-defensa-criminal-de-hamilton\\\/abogados-defensores-de-agresion\\\/\",\"name\":\"Abogados de Agresi\u00f3n en Hamilton | Consulta Gratuita\",\"isPartOf\":{\"@id\":\"https:\\\/\\\/thehometownlawyers.com\\\/es\\\/#website\"},\"primaryImageOfPage\":{\"@id\":\"https:\\\/\\\/thehometownlawyers.com\\\/es\\\/abogados-de-defensa-criminal-de-hamilton\\\/abogados-defensores-de-agresion\\\/#primaryimage\"},\"image\":{\"@id\":\"https:\\\/\\\/thehometownlawyers.com\\\/es\\\/abogados-de-defensa-criminal-de-hamilton\\\/abogados-defensores-de-agresion\\\/#primaryimage\"},\"thumbnailUrl\":\"https:\\\/\\\/thehometownlawyers.com\\\/wp-content\\\/uploads\\\/2021\\\/08\\\/fist-punch-angry.jpg\",\"datePublished\":\"2020-01-13T20:47:27+00:00\",\"dateModified\":\"2025-03-17T15:55:15+00:00\",\"description\":\"Es esencial consultar a nuestros abogados defensores experimentados en agresiones y comprender los conceptos b\u00e1sicos de c\u00f3mo el estado persigue los delitos de agresi\u00f3n.\",\"breadcrumb\":{\"@id\":\"https:\\\/\\\/thehometownlawyers.com\\\/es\\\/abogados-de-defensa-criminal-de-hamilton\\\/abogados-defensores-de-agresion\\\/#breadcrumb\"},\"inLanguage\":\"es\",\"potentialAction\":[{\"@type\":\"ReadAction\",\"target\":[\"https:\\\/\\\/thehometownlawyers.com\\\/es\\\/abogados-de-defensa-criminal-de-hamilton\\\/abogados-defensores-de-agresion\\\/\"]}]},{\"@type\":\"ImageObject\",\"inLanguage\":\"es\",\"@id\":\"https:\\\/\\\/thehometownlawyers.com\\\/es\\\/abogados-de-defensa-criminal-de-hamilton\\\/abogados-defensores-de-agresion\\\/#primaryimage\",\"url\":\"https:\\\/\\\/thehometownlawyers.com\\\/wp-content\\\/uploads\\\/2021\\\/08\\\/fist-punch-angry.jpg\",\"contentUrl\":\"https:\\\/\\\/thehometownlawyers.com\\\/wp-content\\\/uploads\\\/2021\\\/08\\\/fist-punch-angry.jpg\",\"width\":1920,\"height\":1080,\"caption\":\"pu\u00f1o golpeando una pared\"},{\"@type\":\"BreadcrumbList\",\"@id\":\"https:\\\/\\\/thehometownlawyers.com\\\/es\\\/abogados-de-defensa-criminal-de-hamilton\\\/abogados-defensores-de-agresion\\\/#breadcrumb\",\"itemListElement\":[{\"@type\":\"ListItem\",\"position\":1,\"name\":\"Home\",\"item\":\"https:\\\/\\\/thehometownlawyers.com\\\/es\\\/\"},{\"@type\":\"ListItem\",\"position\":2,\"name\":\"Abogado de Defensa Criminal en Hamilton\",\"item\":\"https:\\\/\\\/thehometownlawyers.com\\\/es\\\/abogados-de-defensa-criminal-de-hamilton\\\/\"},{\"@type\":\"ListItem\",\"position\":3,\"name\":\"Abogado de Agresi\u00f3n en Hamilton\"}]},{\"@type\":\"WebSite\",\"@id\":\"https:\\\/\\\/thehometownlawyers.com\\\/es\\\/#website\",\"url\":\"https:\\\/\\\/thehometownlawyers.com\\\/es\\\/\",\"name\":\"Kruger & Hodges Hometown Injury Lawyers | Accident Attorneys\",\"description\":\"Attorneys for Car, Truck and Motorcycle Accidents, Personal Injuries, and Criminal Defense.\",\"publisher\":{\"@id\":\"https:\\\/\\\/thehometownlawyers.com\\\/es\\\/#organization\"},\"alternateName\":\"Kruger & Hodges Personal Injury Lawyers\",\"inLanguage\":\"es\"},{\"@type\":\"Organization\",\"@id\":\"https:\\\/\\\/thehometownlawyers.com\\\/es\\\/#organization\",\"name\":\"Kruger & Hodges Hometown Injury Lawyers\",\"alternateName\":\"Kruger & Hodges\",\"url\":\"https:\\\/\\\/thehometownlawyers.com\\\/es\\\/\",\"logo\":{\"@type\":\"ImageObject\",\"inLanguage\":\"es\",\"@id\":\"https:\\\/\\\/thehometownlawyers.com\\\/es\\\/#\\\/schema\\\/logo\\\/image\\\/\",\"url\":\"https:\\\/\\\/thehometownlawyers.com\\\/wp-content\\\/uploads\\\/2025\\\/12\\\/revised-kh-logo-vertical-white-background-scaled.png\",\"contentUrl\":\"https:\\\/\\\/thehometownlawyers.com\\\/wp-content\\\/uploads\\\/2025\\\/12\\\/revised-kh-logo-vertical-white-background-scaled.png\",\"width\":2560,\"height\":1440,\"caption\":\"Kruger & Hodges Hometown Injury Lawyers\"},\"image\":{\"@id\":\"https:\\\/\\\/thehometownlawyers.com\\\/es\\\/#\\\/schema\\\/logo\\\/image\\\/\"},\"sameAs\":[\"https:\\\/\\\/www.facebook.com\\\/KrugerHodges\\\/\",\"https:\\\/\\\/www.instagram.com\\\/krugerhodges\\\/\",\"https:\\\/\\\/www.linkedin.com\\\/company\\\/kruger-hodges-hometown-injury-lawyers\\\/\",\"https:\\\/\\\/www.youtube.com\\\/channel\\\/UCeYcMaMaN2rb9jMlqt4EIdQ\",\"https:\\\/\\\/www.tiktok.com\\\/@thehometownlawyer\"]}]}<\/script>\n<!-- \/ Yoast SEO plugin. -->","yoast_head_json":{"title":"Abogados de Agresi\u00f3n en Hamilton | Consulta Gratuita","description":"Es esencial consultar a nuestros abogados defensores experimentados en agresiones y comprender los conceptos b\u00e1sicos de c\u00f3mo el estado persigue los delitos de agresi\u00f3n.","robots":{"index":"index","follow":"follow","max-snippet":"max-snippet:-1","max-image-preview":"max-image-preview:large","max-video-preview":"max-video-preview:-1"},"canonical":"https:\/\/thehometownlawyers.com\/es\/abogados-de-defensa-criminal-de-hamilton\/abogados-defensores-de-agresion\/","og_locale":"es_MX","og_type":"article","og_title":"Abogados de Agresi\u00f3n en Hamilton | Consulta Gratuita","og_description":"Es esencial consultar a nuestros abogados defensores experimentados en agresiones y comprender los conceptos b\u00e1sicos de c\u00f3mo el estado persigue los delitos de agresi\u00f3n.","og_url":"https:\/\/thehometownlawyers.com\/es\/abogados-de-defensa-criminal-de-hamilton\/abogados-defensores-de-agresion\/","og_site_name":"Kruger &amp; Hodges Abogados De Lesiones","article_publisher":"https:\/\/www.facebook.com\/KrugerHodges\/","article_modified_time":"2025-03-17T15:55:15+00:00","og_image":[{"width":1920,"height":1080,"url":"https:\/\/thehometownlawyers.com\/wp-content\/uploads\/2021\/08\/fist-punch-angry.jpg","type":"image\/jpeg"}],"twitter_card":"summary_large_image","twitter_misc":{"Tiempo de lectura":"3 minutos"},"schema":{"@context":"https:\/\/schema.org","@graph":[{"@type":"WebPage","@id":"https:\/\/thehometownlawyers.com\/es\/abogados-de-defensa-criminal-de-hamilton\/abogados-defensores-de-agresion\/","url":"https:\/\/thehometownlawyers.com\/es\/abogados-de-defensa-criminal-de-hamilton\/abogados-defensores-de-agresion\/","name":"Abogados de Agresi\u00f3n en Hamilton | Consulta Gratuita","isPartOf":{"@id":"https:\/\/thehometownlawyers.com\/es\/#website"},"primaryImageOfPage":{"@id":"https:\/\/thehometownlawyers.com\/es\/abogados-de-defensa-criminal-de-hamilton\/abogados-defensores-de-agresion\/#primaryimage"},"image":{"@id":"https:\/\/thehometownlawyers.com\/es\/abogados-de-defensa-criminal-de-hamilton\/abogados-defensores-de-agresion\/#primaryimage"},"thumbnailUrl":"https:\/\/thehometownlawyers.com\/wp-content\/uploads\/2021\/08\/fist-punch-angry.jpg","datePublished":"2020-01-13T20:47:27+00:00","dateModified":"2025-03-17T15:55:15+00:00","description":"Es esencial consultar a nuestros abogados defensores experimentados en agresiones y comprender los conceptos b\u00e1sicos de c\u00f3mo el estado persigue los delitos de agresi\u00f3n.","breadcrumb":{"@id":"https:\/\/thehometownlawyers.com\/es\/abogados-de-defensa-criminal-de-hamilton\/abogados-defensores-de-agresion\/#breadcrumb"},"inLanguage":"es","potentialAction":[{"@type":"ReadAction","target":["https:\/\/thehometownlawyers.com\/es\/abogados-de-defensa-criminal-de-hamilton\/abogados-defensores-de-agresion\/"]}]},{"@type":"ImageObject","inLanguage":"es","@id":"https:\/\/thehometownlawyers.com\/es\/abogados-de-defensa-criminal-de-hamilton\/abogados-defensores-de-agresion\/#primaryimage","url":"https:\/\/thehometownlawyers.com\/wp-content\/uploads\/2021\/08\/fist-punch-angry.jpg","contentUrl":"https:\/\/thehometownlawyers.com\/wp-content\/uploads\/2021\/08\/fist-punch-angry.jpg","width":1920,"height":1080,"caption":"pu\u00f1o golpeando una pared"},{"@type":"BreadcrumbList","@id":"https:\/\/thehometownlawyers.com\/es\/abogados-de-defensa-criminal-de-hamilton\/abogados-defensores-de-agresion\/#breadcrumb","itemListElement":[{"@type":"ListItem","position":1,"name":"Home","item":"https:\/\/thehometownlawyers.com\/es\/"},{"@type":"ListItem","position":2,"name":"Abogado de Defensa Criminal en Hamilton","item":"https:\/\/thehometownlawyers.com\/es\/abogados-de-defensa-criminal-de-hamilton\/"},{"@type":"ListItem","position":3,"name":"Abogado de Agresi\u00f3n en Hamilton"}]},{"@type":"WebSite","@id":"https:\/\/thehometownlawyers.com\/es\/#website","url":"https:\/\/thehometownlawyers.com\/es\/","name":"Kruger & Hodges Hometown Injury Lawyers | Accident Attorneys","description":"Attorneys for Car, Truck and Motorcycle Accidents, Personal Injuries, and Criminal Defense.","publisher":{"@id":"https:\/\/thehometownlawyers.com\/es\/#organization"},"alternateName":"Kruger & Hodges Personal Injury Lawyers","inLanguage":"es"},{"@type":"Organization","@id":"https:\/\/thehometownlawyers.com\/es\/#organization","name":"Kruger & Hodges Hometown Injury Lawyers","alternateName":"Kruger & Hodges","url":"https:\/\/thehometownlawyers.com\/es\/","logo":{"@type":"ImageObject","inLanguage":"es","@id":"https:\/\/thehometownlawyers.com\/es\/#\/schema\/logo\/image\/","url":"https:\/\/thehometownlawyers.com\/wp-content\/uploads\/2025\/12\/revised-kh-logo-vertical-white-background-scaled.png","contentUrl":"https:\/\/thehometownlawyers.com\/wp-content\/uploads\/2025\/12\/revised-kh-logo-vertical-white-background-scaled.png","width":2560,"height":1440,"caption":"Kruger & Hodges Hometown Injury Lawyers"},"image":{"@id":"https:\/\/thehometownlawyers.com\/es\/#\/schema\/logo\/image\/"},"sameAs":["https:\/\/www.facebook.com\/KrugerHodges\/","https:\/\/www.instagram.com\/krugerhodges\/","https:\/\/www.linkedin.com\/company\/kruger-hodges-hometown-injury-lawyers\/","https:\/\/www.youtube.com\/channel\/UCeYcMaMaN2rb9jMlqt4EIdQ","https:\/\/www.tiktok.com\/@thehometownlawyer"]}]}},"_links":{"self":[{"href":"https:\/\/thehometownlawyers.com\/es\/wp-json\/wp\/v2\/pages\/21065","targetHints":{"allow":["GET"]}}],"collection":[{"href":"https:\/\/thehometownlawyers.com\/es\/wp-json\/wp\/v2\/pages"}],"about":[{"href":"https:\/\/thehometownlawyers.com\/es\/wp-json\/wp\/v2\/types\/page"}],"author":[{"embeddable":true,"href":"https:\/\/thehometownlawyers.com\/es\/wp-json\/wp\/v2\/users\/7"}],"replies":[{"embeddable":true,"href":"https:\/\/thehometownlawyers.com\/es\/wp-json\/wp\/v2\/comments?post=21065"}],"version-history":[{"count":0,"href":"https:\/\/thehometownlawyers.com\/es\/wp-json\/wp\/v2\/pages\/21065\/revisions"}],"up":[{"embeddable":true,"href":"https:\/\/thehometownlawyers.com\/es\/wp-json\/wp\/v2\/pages\/20980"}],"wp:featuredmedia":[{"embeddable":true,"href":"https:\/\/thehometownlawyers.com\/es\/wp-json\/wp\/v2\/media\/20823"}],"wp:attachment":[{"href":"https:\/\/thehometownlawyers.com\/es\/wp-json\/wp\/v2\/media?parent=21065"}],"wp:term":[{"taxonomy":"hc_faqs","embeddable":true,"href":"https:\/\/thehometownlawyers.com\/es\/wp-json\/wp\/v2\/hc_faqs?post=21065"},{"taxonomy":"hc_spanish_faqs","embeddable":true,"href":"https:\/\/thehometownlawyers.com\/es\/wp-json\/wp\/v2\/hc_spanish_faqs?post=21065"}],"curies":[{"name":"wp","href":"https:\/\/api.w.org\/{rel}","templated":true}]}}