{"id":21066,"date":"2020-01-13T16:27:58","date_gmt":"2020-01-13T21:27:58","guid":{"rendered":"https:\/\/thehometownlawyers.com\/?page_id=21066"},"modified":"2025-02-05T15:38:44","modified_gmt":"2025-02-05T20:38:44","slug":"programas-de-desvio","status":"publish","type":"page","link":"https:\/\/thehometownlawyers.com\/es\/abogados-de-defensa-criminal-de-hamilton\/abogados-defensores-de-ovi-dui-en-hamilton-oh\/programas-de-desvio\/","title":{"rendered":"Abogado de Programa de Desv\u00edo en Hamilton"},"content":{"rendered":"<h2>Desv\u00edo e Intervenci\u00f3n en Ohio<\/h2>\n<p>Los programas de desviaci\u00f3n ofrecen a algunas personas acusadas de delitos la oportunidad de evitar el enjuiciamiento. Estos programas var\u00edan significativamente seg\u00fan el condado de residencia del acusado. Los programas de desviaci\u00f3n e intervenci\u00f3n a menudo se reservan para delitos menores, mientras que en algunos casos est\u00e1n disponibles para quienes enfrentan cargos por delitos graves. Cualquier persona acusada de un delito penal que est\u00e9 interesada en la posibilidad de desviaci\u00f3n o intervenci\u00f3n debe hablar con un <a href=\"https:\/\/thehometownlawyers.com\/es\/abogados-de-defensa-criminal-de-hamilton\/\">abogado defensor penal<\/a> experimentado que pueda ayudar a determinar si uno de estos programas es una buena opci\u00f3n.<\/p>\n<p class=\"rs-content-cta rs-content-cta-small\">Para una consulta legal gratuita, llame al <a href=\"tel:+15138943333\">513-894-3333 <\/a><\/p><h2>Dos tipos de programas de desviaci\u00f3n<\/h2>\n<p>Hay dos tipos de programas de desviaci\u00f3n en Ohio, que incluyen lo siguiente:<\/p>\n<ul class=\"cus_prac_ulli\">\n<li><strong>Intervenci\u00f3n en lugar de condena:<\/strong> permitir que un delincuente de drogas complete el tratamiento y tres a\u00f1os de supervisi\u00f3n comunitaria <a href=\"https:\/\/www.ohiobar.org\/LegalHelp\/\" target=\"_blank\" rel=\"noopener\">en lugar de ser condenado<\/a> . Si bien muchas personas que enfrentan cargos por drogas en Ohio son elegibles para estos programas, no todas lo son. A veces, las personas que cometen un delito mientras act\u00faan bajo la influencia del alcohol o las drogas se consideran elegibles.<\/li>\n<li><strong>Desviaci\u00f3n previa al juicio:<\/strong> Se ofrecen a una persona acusada de un delito para que pueda <a href=\"https:\/\/codes.ohio.gov\/ohio-revised-code\/section-2935.36\" target=\"_blank\" rel=\"noopener\">evitar las penas<\/a> asignadas por un tribunal. Ser elegible para los programas de desv\u00edo antes del juicio da como resultado que se despidan los cargos iniciados contra una persona.<\/li>\n<\/ul>\n<p class=\"rs-content-cta\">Abogado de OVI\/DUI de hamilton Cerca de M\u00ed <a href=\"tel:+15138943333\">513-894-3333<\/a><\/p><h2>Criterios de elegibilidad para programas de desviaci\u00f3n<\/h2>\n<p>La ley de Ohio ofrece la oportunidad de desviaci\u00f3n si la fiscal\u00eda cree que es poco probable que la persona acusada cometa otro delito. Algunos de los delitos comunes que califican para los programas de desviaci\u00f3n incluyen pasar cheques sin fondos, consumir <a href=\"https:\/\/thehometownlawyers.com\/es\/abogados-de-defensa-criminal-de-hamilton\/abogados-de-consumo-de-alcohol-en-menores\/\">alcohol siendo menor de edad<\/a> y <a href=\"https:\/\/thehometownlawyers.com\/es\/abogados-de-defensa-criminal-de-hamilton\/abogados-de-defensa-de-robo\/\">robo<\/a> . La inscripci\u00f3n en cualquiera de estos programas a menudo est\u00e1 prohibida para los delincuentes peligrosos, las personas acusadas de amenazar con causar da\u00f1o f\u00edsico grave a otra persona, las personas acusadas de <a href=\"https:\/\/thehometownlawyers.com\/es\/abogados-de-defensa-criminal-de-hamilton\/abogados-defensores-de-agresion\/\">delitos violentos<\/a> y los delincuentes reincidentes. Si bien estos criterios de elegibilidad son a menudo la forma en que funcionan los programas de desviaci\u00f3n, sigue siendo una buena idea discutir los asuntos con un abogado de defensa criminal con experiencia si tiene preguntas sobre su elegibilidad.<\/p>\n<p class=\"rs-content-cta rs-content-cta-small\"><a href=\"\/es\/contacto\/\">Haga clic para contactar<\/a> con nuestros ovi\/dui abogados hoy<\/p><h2>Los beneficios de completar los programas de desviaci\u00f3n<\/h2>\n<p>Si una persona completa con \u00e9xito su programa, un tribunal de primera instancia desestimar\u00e1 los cargos contra la persona seg\u00fan las recomendaciones de la fiscal\u00eda. Sin embargo, debe tenerse en cuenta que si una persona se niega a participar o viola los t\u00e9rminos del programa, a\u00fan as\u00ed terminar\u00e1 enfrentando cargos.<\/p>\n<p class=\"rs-content-cta rs-content-cta-small\">Complete una <a href=\"\/es\/contacto\/\">evaluaci\u00f3n gratuita de su caso<\/a> ahora<\/p><h2>Requisitos para la finalizaci\u00f3n exitosa<\/h2>\n<p>Completar con \u00e9xito un programa requiere que una persona cumpla con varios requisitos del programa. Los requisitos exactos pueden variar significativamente entre los programas, pero la mayor\u00eda de las veces tienden a incluir clases destinadas a evitar estos delitos en el futuro, el pago de las tarifas del programa, la restituci\u00f3n a las v\u00edctimas y someterse a pruebas de detecci\u00f3n de drogas.<\/p>\n<h2>Hable con un abogado experimentado<\/h2>\n<p>Si enfrenta ciertos tipos de cargos penales, es probable que sea elegible para uno de los programas del estado de Ohio. <a href=\"https:\/\/thehometownlawyers.com\/es\/contacto\/\">P\u00f3ngase<\/a> en contacto con el bufete de abogados de <a href=\"https:\/\/thehometownlawyers.com\/es\/acerca-de-los-abogados-de-kruger-hodges\/\">Kruger &amp; Hodges<\/a> hoy para obtener m\u00e1s informaci\u00f3n sobre c\u00f3mo pueden ayudar nuestros <a href=\"https:\/\/thehometownlawyers.com\/es\/abogados-de-defensa-criminal-de-hamilton\/\">abogados de defensa penal<\/a> .<\/p>\n<p class=\"rs-content-cta rs-content-cta-small\">Llame o env\u00ede un mensaje de texto al <a href=\"tel:+15138943333\">513-894-3333<\/a> o complete una <a href=\"\/es\/contacto\/\">evaluaci\u00f3n gratuita de su caso<\/a><\/p>","protected":false},"excerpt":{"rendered":"<p>Desv\u00edo e Intervenci\u00f3n en Ohio Los programas de desviaci\u00f3n ofrecen a algunas personas acusadas de delitos la oportunidad de evitar el enjuiciamiento. Estos programas var\u00edan significativamente seg\u00fan el condado de residencia del acusado. Los programas de desviaci\u00f3n e intervenci\u00f3n a menudo se reservan para delitos menores, mientras que en algunos casos est\u00e1n disponibles para quienes &#8230;<\/p>\n","protected":false},"author":7,"featured_media":20829,"parent":21053,"menu_order":0,"comment_status":"closed","ping_status":"closed","template":"","meta":{"_acf_changed":false,"inline_featured_image":false,"_genesis_hide_title":false,"_genesis_hide_breadcrumbs":false,"_genesis_hide_singular_image":false,"_genesis_hide_footer_widgets":false,"_genesis_custom_body_class":"","_genesis_custom_post_class":"","_genesis_layout":"","footnotes":""},"hc_faqs":[],"hc_spanish_faqs":[],"class_list":{"0":"post-21066","1":"page","2":"type-page","3":"status-publish","4":"has-post-thumbnail","6":"hc_city_location-hamilton-es-2","7":"entry"},"acf":[],"yoast_head":"<!-- This site is optimized with the Yoast SEO plugin v27.4 - https:\/\/yoast.com\/product\/yoast-seo-wordpress\/ -->\n<title>Abogado de Programa de Desv\u00edo en Hamilton | Consulta gratuita<\/title>\n<meta name=\"description\" content=\"\u00bfAcusado de un delito penal? Hable con nuestros abogados de defensa criminal para ver si es elegible para alguno de los programas de desviaci\u00f3n de Ohio.\" \/>\n<meta name=\"robots\" content=\"index, follow, max-snippet:-1, max-image-preview:large, max-video-preview:-1\" \/>\n<link rel=\"canonical\" href=\"https:\/\/thehometownlawyers.com\/es\/abogados-de-defensa-criminal-de-hamilton\/abogados-defensores-de-ovi-dui-en-hamilton-oh\/programas-de-desvio\/\" \/>\n<meta property=\"og:locale\" content=\"es_MX\" \/>\n<meta property=\"og:type\" content=\"article\" \/>\n<meta property=\"og:title\" content=\"Abogado de Programa de Desv\u00edo en Hamilton | Consulta gratuita\" \/>\n<meta property=\"og:description\" content=\"\u00bfAcusado de un delito penal? Hable con nuestros abogados de defensa criminal para ver si es elegible para alguno de los programas de desviaci\u00f3n de Ohio.\" \/>\n<meta property=\"og:url\" content=\"https:\/\/thehometownlawyers.com\/es\/abogados-de-defensa-criminal-de-hamilton\/abogados-defensores-de-ovi-dui-en-hamilton-oh\/programas-de-desvio\/\" \/>\n<meta property=\"og:site_name\" content=\"Kruger &amp; Hodges Abogados De Lesiones\" \/>\n<meta property=\"article:publisher\" content=\"https:\/\/www.facebook.com\/KrugerHodges\/\" \/>\n<meta property=\"article:modified_time\" content=\"2025-02-05T20:38:44+00:00\" \/>\n<meta property=\"og:image\" content=\"https:\/\/thehometownlawyers.com\/wp-content\/uploads\/2021\/08\/courtroom-stand-gavel.jpg\" \/>\n\t<meta property=\"og:image:width\" content=\"1920\" \/>\n\t<meta property=\"og:image:height\" content=\"1080\" \/>\n\t<meta property=\"og:image:type\" content=\"image\/jpeg\" \/>\n<meta name=\"twitter:card\" content=\"summary_large_image\" \/>\n<meta name=\"twitter:label1\" content=\"Tiempo de lectura\" \/>\n\t<meta name=\"twitter:data1\" content=\"3 minutos\" \/>\n<script type=\"application\/ld+json\" class=\"yoast-schema-graph\">{\"@context\":\"https:\\\/\\\/schema.org\",\"@graph\":[{\"@type\":\"WebPage\",\"@id\":\"https:\\\/\\\/thehometownlawyers.com\\\/es\\\/abogados-de-defensa-criminal-de-hamilton\\\/abogados-defensores-de-ovi-dui-en-hamilton-oh\\\/programas-de-desvio\\\/\",\"url\":\"https:\\\/\\\/thehometownlawyers.com\\\/es\\\/abogados-de-defensa-criminal-de-hamilton\\\/abogados-defensores-de-ovi-dui-en-hamilton-oh\\\/programas-de-desvio\\\/\",\"name\":\"Abogado de Programa de Desv\u00edo en Hamilton | Consulta gratuita\",\"isPartOf\":{\"@id\":\"https:\\\/\\\/thehometownlawyers.com\\\/es\\\/#website\"},\"primaryImageOfPage\":{\"@id\":\"https:\\\/\\\/thehometownlawyers.com\\\/es\\\/abogados-de-defensa-criminal-de-hamilton\\\/abogados-defensores-de-ovi-dui-en-hamilton-oh\\\/programas-de-desvio\\\/#primaryimage\"},\"image\":{\"@id\":\"https:\\\/\\\/thehometownlawyers.com\\\/es\\\/abogados-de-defensa-criminal-de-hamilton\\\/abogados-defensores-de-ovi-dui-en-hamilton-oh\\\/programas-de-desvio\\\/#primaryimage\"},\"thumbnailUrl\":\"https:\\\/\\\/thehometownlawyers.com\\\/wp-content\\\/uploads\\\/2021\\\/08\\\/courtroom-stand-gavel.jpg\",\"datePublished\":\"2020-01-13T21:27:58+00:00\",\"dateModified\":\"2025-02-05T20:38:44+00:00\",\"description\":\"\u00bfAcusado de un delito penal? Hable con nuestros abogados de defensa criminal para ver si es elegible para alguno de los programas de desviaci\u00f3n de Ohio.\",\"breadcrumb\":{\"@id\":\"https:\\\/\\\/thehometownlawyers.com\\\/es\\\/abogados-de-defensa-criminal-de-hamilton\\\/abogados-defensores-de-ovi-dui-en-hamilton-oh\\\/programas-de-desvio\\\/#breadcrumb\"},\"inLanguage\":\"es\",\"potentialAction\":[{\"@type\":\"ReadAction\",\"target\":[\"https:\\\/\\\/thehometownlawyers.com\\\/es\\\/abogados-de-defensa-criminal-de-hamilton\\\/abogados-defensores-de-ovi-dui-en-hamilton-oh\\\/programas-de-desvio\\\/\"]}]},{\"@type\":\"ImageObject\",\"inLanguage\":\"es\",\"@id\":\"https:\\\/\\\/thehometownlawyers.com\\\/es\\\/abogados-de-defensa-criminal-de-hamilton\\\/abogados-defensores-de-ovi-dui-en-hamilton-oh\\\/programas-de-desvio\\\/#primaryimage\",\"url\":\"https:\\\/\\\/thehometownlawyers.com\\\/wp-content\\\/uploads\\\/2021\\\/08\\\/courtroom-stand-gavel.jpg\",\"contentUrl\":\"https:\\\/\\\/thehometownlawyers.com\\\/wp-content\\\/uploads\\\/2021\\\/08\\\/courtroom-stand-gavel.jpg\",\"width\":1920,\"height\":1080,\"caption\":\"sala de audiencias vac\u00eda y estrado del juez\"},{\"@type\":\"BreadcrumbList\",\"@id\":\"https:\\\/\\\/thehometownlawyers.com\\\/es\\\/abogados-de-defensa-criminal-de-hamilton\\\/abogados-defensores-de-ovi-dui-en-hamilton-oh\\\/programas-de-desvio\\\/#breadcrumb\",\"itemListElement\":[{\"@type\":\"ListItem\",\"position\":1,\"name\":\"Home\",\"item\":\"https:\\\/\\\/thehometownlawyers.com\\\/es\\\/\"},{\"@type\":\"ListItem\",\"position\":2,\"name\":\"Abogado de Defensa Criminal en Hamilton\",\"item\":\"https:\\\/\\\/thehometownlawyers.com\\\/es\\\/abogados-de-defensa-criminal-de-hamilton\\\/\"},{\"@type\":\"ListItem\",\"position\":3,\"name\":\"Abogado de OVI\\\/DUI en Hamilton\",\"item\":\"https:\\\/\\\/thehometownlawyers.com\\\/es\\\/abogados-de-defensa-criminal-de-hamilton\\\/abogados-defensores-de-ovi-dui-en-hamilton-oh\\\/\"},{\"@type\":\"ListItem\",\"position\":4,\"name\":\"Programa de Desv\u00edo\"}]},{\"@type\":\"WebSite\",\"@id\":\"https:\\\/\\\/thehometownlawyers.com\\\/es\\\/#website\",\"url\":\"https:\\\/\\\/thehometownlawyers.com\\\/es\\\/\",\"name\":\"Kruger & Hodges Hometown Injury Lawyers | Accident Attorneys\",\"description\":\"Attorneys for Car, Truck and Motorcycle Accidents, Personal Injuries, and Criminal Defense.\",\"publisher\":{\"@id\":\"https:\\\/\\\/thehometownlawyers.com\\\/es\\\/#organization\"},\"alternateName\":\"Kruger & Hodges Personal Injury Lawyers\",\"inLanguage\":\"es\"},{\"@type\":\"Organization\",\"@id\":\"https:\\\/\\\/thehometownlawyers.com\\\/es\\\/#organization\",\"name\":\"Kruger & Hodges Hometown Injury Lawyers\",\"alternateName\":\"Kruger & Hodges\",\"url\":\"https:\\\/\\\/thehometownlawyers.com\\\/es\\\/\",\"logo\":{\"@type\":\"ImageObject\",\"inLanguage\":\"es\",\"@id\":\"https:\\\/\\\/thehometownlawyers.com\\\/es\\\/#\\\/schema\\\/logo\\\/image\\\/\",\"url\":\"https:\\\/\\\/thehometownlawyers.com\\\/wp-content\\\/uploads\\\/2025\\\/12\\\/revised-kh-logo-vertical-white-background-scaled.png\",\"contentUrl\":\"https:\\\/\\\/thehometownlawyers.com\\\/wp-content\\\/uploads\\\/2025\\\/12\\\/revised-kh-logo-vertical-white-background-scaled.png\",\"width\":2560,\"height\":1440,\"caption\":\"Kruger & Hodges Hometown Injury Lawyers\"},\"image\":{\"@id\":\"https:\\\/\\\/thehometownlawyers.com\\\/es\\\/#\\\/schema\\\/logo\\\/image\\\/\"},\"sameAs\":[\"https:\\\/\\\/www.facebook.com\\\/KrugerHodges\\\/\",\"https:\\\/\\\/www.instagram.com\\\/krugerhodges\\\/\",\"https:\\\/\\\/www.linkedin.com\\\/company\\\/kruger-hodges-hometown-injury-lawyers\\\/\",\"https:\\\/\\\/www.youtube.com\\\/channel\\\/UCeYcMaMaN2rb9jMlqt4EIdQ\",\"https:\\\/\\\/www.tiktok.com\\\/@thehometownlawyer\"]}]}<\/script>\n<!-- \/ Yoast SEO plugin. -->","yoast_head_json":{"title":"Abogado de Programa de Desv\u00edo en Hamilton | Consulta gratuita","description":"\u00bfAcusado de un delito penal? Hable con nuestros abogados de defensa criminal para ver si es elegible para alguno de los programas de desviaci\u00f3n de Ohio.","robots":{"index":"index","follow":"follow","max-snippet":"max-snippet:-1","max-image-preview":"max-image-preview:large","max-video-preview":"max-video-preview:-1"},"canonical":"https:\/\/thehometownlawyers.com\/es\/abogados-de-defensa-criminal-de-hamilton\/abogados-defensores-de-ovi-dui-en-hamilton-oh\/programas-de-desvio\/","og_locale":"es_MX","og_type":"article","og_title":"Abogado de Programa de Desv\u00edo en Hamilton | Consulta gratuita","og_description":"\u00bfAcusado de un delito penal? Hable con nuestros abogados de defensa criminal para ver si es elegible para alguno de los programas de desviaci\u00f3n de Ohio.","og_url":"https:\/\/thehometownlawyers.com\/es\/abogados-de-defensa-criminal-de-hamilton\/abogados-defensores-de-ovi-dui-en-hamilton-oh\/programas-de-desvio\/","og_site_name":"Kruger &amp; Hodges Abogados De Lesiones","article_publisher":"https:\/\/www.facebook.com\/KrugerHodges\/","article_modified_time":"2025-02-05T20:38:44+00:00","og_image":[{"width":1920,"height":1080,"url":"https:\/\/thehometownlawyers.com\/wp-content\/uploads\/2021\/08\/courtroom-stand-gavel.jpg","type":"image\/jpeg"}],"twitter_card":"summary_large_image","twitter_misc":{"Tiempo de lectura":"3 minutos"},"schema":{"@context":"https:\/\/schema.org","@graph":[{"@type":"WebPage","@id":"https:\/\/thehometownlawyers.com\/es\/abogados-de-defensa-criminal-de-hamilton\/abogados-defensores-de-ovi-dui-en-hamilton-oh\/programas-de-desvio\/","url":"https:\/\/thehometownlawyers.com\/es\/abogados-de-defensa-criminal-de-hamilton\/abogados-defensores-de-ovi-dui-en-hamilton-oh\/programas-de-desvio\/","name":"Abogado de Programa de Desv\u00edo en Hamilton | Consulta gratuita","isPartOf":{"@id":"https:\/\/thehometownlawyers.com\/es\/#website"},"primaryImageOfPage":{"@id":"https:\/\/thehometownlawyers.com\/es\/abogados-de-defensa-criminal-de-hamilton\/abogados-defensores-de-ovi-dui-en-hamilton-oh\/programas-de-desvio\/#primaryimage"},"image":{"@id":"https:\/\/thehometownlawyers.com\/es\/abogados-de-defensa-criminal-de-hamilton\/abogados-defensores-de-ovi-dui-en-hamilton-oh\/programas-de-desvio\/#primaryimage"},"thumbnailUrl":"https:\/\/thehometownlawyers.com\/wp-content\/uploads\/2021\/08\/courtroom-stand-gavel.jpg","datePublished":"2020-01-13T21:27:58+00:00","dateModified":"2025-02-05T20:38:44+00:00","description":"\u00bfAcusado de un delito penal? Hable con nuestros abogados de defensa criminal para ver si es elegible para alguno de los programas de desviaci\u00f3n de Ohio.","breadcrumb":{"@id":"https:\/\/thehometownlawyers.com\/es\/abogados-de-defensa-criminal-de-hamilton\/abogados-defensores-de-ovi-dui-en-hamilton-oh\/programas-de-desvio\/#breadcrumb"},"inLanguage":"es","potentialAction":[{"@type":"ReadAction","target":["https:\/\/thehometownlawyers.com\/es\/abogados-de-defensa-criminal-de-hamilton\/abogados-defensores-de-ovi-dui-en-hamilton-oh\/programas-de-desvio\/"]}]},{"@type":"ImageObject","inLanguage":"es","@id":"https:\/\/thehometownlawyers.com\/es\/abogados-de-defensa-criminal-de-hamilton\/abogados-defensores-de-ovi-dui-en-hamilton-oh\/programas-de-desvio\/#primaryimage","url":"https:\/\/thehometownlawyers.com\/wp-content\/uploads\/2021\/08\/courtroom-stand-gavel.jpg","contentUrl":"https:\/\/thehometownlawyers.com\/wp-content\/uploads\/2021\/08\/courtroom-stand-gavel.jpg","width":1920,"height":1080,"caption":"sala de audiencias vac\u00eda y estrado del juez"},{"@type":"BreadcrumbList","@id":"https:\/\/thehometownlawyers.com\/es\/abogados-de-defensa-criminal-de-hamilton\/abogados-defensores-de-ovi-dui-en-hamilton-oh\/programas-de-desvio\/#breadcrumb","itemListElement":[{"@type":"ListItem","position":1,"name":"Home","item":"https:\/\/thehometownlawyers.com\/es\/"},{"@type":"ListItem","position":2,"name":"Abogado de Defensa Criminal en Hamilton","item":"https:\/\/thehometownlawyers.com\/es\/abogados-de-defensa-criminal-de-hamilton\/"},{"@type":"ListItem","position":3,"name":"Abogado de OVI\/DUI en Hamilton","item":"https:\/\/thehometownlawyers.com\/es\/abogados-de-defensa-criminal-de-hamilton\/abogados-defensores-de-ovi-dui-en-hamilton-oh\/"},{"@type":"ListItem","position":4,"name":"Programa de Desv\u00edo"}]},{"@type":"WebSite","@id":"https:\/\/thehometownlawyers.com\/es\/#website","url":"https:\/\/thehometownlawyers.com\/es\/","name":"Kruger & Hodges Hometown Injury Lawyers | Accident Attorneys","description":"Attorneys for Car, Truck and Motorcycle Accidents, Personal Injuries, and Criminal Defense.","publisher":{"@id":"https:\/\/thehometownlawyers.com\/es\/#organization"},"alternateName":"Kruger & Hodges Personal Injury Lawyers","inLanguage":"es"},{"@type":"Organization","@id":"https:\/\/thehometownlawyers.com\/es\/#organization","name":"Kruger & Hodges Hometown Injury Lawyers","alternateName":"Kruger & Hodges","url":"https:\/\/thehometownlawyers.com\/es\/","logo":{"@type":"ImageObject","inLanguage":"es","@id":"https:\/\/thehometownlawyers.com\/es\/#\/schema\/logo\/image\/","url":"https:\/\/thehometownlawyers.com\/wp-content\/uploads\/2025\/12\/revised-kh-logo-vertical-white-background-scaled.png","contentUrl":"https:\/\/thehometownlawyers.com\/wp-content\/uploads\/2025\/12\/revised-kh-logo-vertical-white-background-scaled.png","width":2560,"height":1440,"caption":"Kruger & Hodges Hometown Injury Lawyers"},"image":{"@id":"https:\/\/thehometownlawyers.com\/es\/#\/schema\/logo\/image\/"},"sameAs":["https:\/\/www.facebook.com\/KrugerHodges\/","https:\/\/www.instagram.com\/krugerhodges\/","https:\/\/www.linkedin.com\/company\/kruger-hodges-hometown-injury-lawyers\/","https:\/\/www.youtube.com\/channel\/UCeYcMaMaN2rb9jMlqt4EIdQ","https:\/\/www.tiktok.com\/@thehometownlawyer"]}]}},"_links":{"self":[{"href":"https:\/\/thehometownlawyers.com\/es\/wp-json\/wp\/v2\/pages\/21066","targetHints":{"allow":["GET"]}}],"collection":[{"href":"https:\/\/thehometownlawyers.com\/es\/wp-json\/wp\/v2\/pages"}],"about":[{"href":"https:\/\/thehometownlawyers.com\/es\/wp-json\/wp\/v2\/types\/page"}],"author":[{"embeddable":true,"href":"https:\/\/thehometownlawyers.com\/es\/wp-json\/wp\/v2\/users\/7"}],"replies":[{"embeddable":true,"href":"https:\/\/thehometownlawyers.com\/es\/wp-json\/wp\/v2\/comments?post=21066"}],"version-history":[{"count":0,"href":"https:\/\/thehometownlawyers.com\/es\/wp-json\/wp\/v2\/pages\/21066\/revisions"}],"up":[{"embeddable":true,"href":"https:\/\/thehometownlawyers.com\/es\/wp-json\/wp\/v2\/pages\/21053"}],"wp:featuredmedia":[{"embeddable":true,"href":"https:\/\/thehometownlawyers.com\/es\/wp-json\/wp\/v2\/media\/20829"}],"wp:attachment":[{"href":"https:\/\/thehometownlawyers.com\/es\/wp-json\/wp\/v2\/media?parent=21066"}],"wp:term":[{"taxonomy":"hc_faqs","embeddable":true,"href":"https:\/\/thehometownlawyers.com\/es\/wp-json\/wp\/v2\/hc_faqs?post=21066"},{"taxonomy":"hc_spanish_faqs","embeddable":true,"href":"https:\/\/thehometownlawyers.com\/es\/wp-json\/wp\/v2\/hc_spanish_faqs?post=21066"}],"curies":[{"name":"wp","href":"https:\/\/api.w.org\/{rel}","templated":true}]}}