{"id":21067,"date":"2020-01-13T19:00:27","date_gmt":"2020-01-14T00:00:27","guid":{"rendered":"https:\/\/thehometownlawyers.com\/?page_id=21067"},"modified":"2025-02-05T15:41:11","modified_gmt":"2025-02-05T20:41:11","slug":"violaciones-de-libertad-condicional","status":"publish","type":"page","link":"https:\/\/thehometownlawyers.com\/es\/abogados-de-defensa-criminal-de-hamilton\/violaciones-de-libertad-condicional\/","title":{"rendered":"Abogado de Violaci\u00f3n de la Libertad Condicional en Hamilton"},"content":{"rendered":"<h2>Violaciones de libertad condicional<\/h2>\n<p>La ley de Ohio ofrece libertad condicional como una alternativa al encarcelamiento para aquellas personas que califiquen. Cuando las personas no cumplen con los t\u00e9rminos de la libertad condicional, <a href=\"https:\/\/codes.ohio.gov\/ohio-revised-code\/chapter-2951\" target=\"_blank\" rel=\"noopener\">los fiscales de Ohio<\/a> consideran estas violaciones graves. Con frecuencia, las violaciones de la libertad condicional dan como resultado que una persona enfrente sanciones adicionales. Si ha violado la libertad condicional, es fundamental obtener r\u00e1pidamente la asistencia de un abogado que seguir\u00e1 comprometido a asegurarse de que su caso se resuelva de la mejor manera posible.<\/p>\n<p class=\"rs-content-cta rs-content-cta-small\">Para una consulta legal gratuita, llame al <a href=\"tel:+15138943333\">513-894-3333 <\/a><\/p><h2>Lo que puede esperar como t\u00e9rminos de su libertad condicional<\/h2>\n<p>Los t\u00e9rminos de la libertad condicional son serios y el estado de Ohio espera que los cumpla a la perfecci\u00f3n. Algunos de los t\u00e9rminos m\u00e1s comunes que puede esperar que incluya su libertad condicional son los siguientes:<\/p>\n<ul>\n<li>Asistir a clases o sesiones de asesoramiento.<\/li>\n<li>Encuentre un trabajo apropiado<\/li>\n<li>Haga que su casa est\u00e9 disponible para la observaci\u00f3n de un oficial<\/li>\n<li>No salir de un \u00e1rea espec\u00edfica<\/li>\n<li>Pagar cualquier tarifa asociada o restituci\u00f3n<\/li>\n<li>Realizando servicio comunitario<\/li>\n<li>Someterse a pruebas aleatorias de alcohol o drogas<\/li>\n<li>Apoyar a cualquier persona que dependa de usted<\/li>\n<li>Informe oportuno a su oficial de libertad condicional<\/li>\n<\/ul>\n<p>Si viola alguno de los t\u00e9rminos que componen su orden de libertad condicional o si su oficial de libertad condicional o de libertad condicional tiene motivos razonables para creer que ha violado cualquiera de los t\u00e9rminos de su libertad condicional, ser\u00e1 arrestado por la polic\u00eda.<\/p>\n<p class=\"rs-content-cta\">Abogado de Defensa Criminal de hamilton Cerca de M\u00ed <a href=\"tel:+15138943333\">513-894-3333<\/a><\/p><h2>Sanciones asociadas con la violaci\u00f3n de la libertad condicional en Ohio<\/h2>\n<p>Existen numerosas sanciones que puede enfrentar debido a una violaci\u00f3n de la libertad condicional en Ohio, pero las sanciones m\u00e1s comunes que puede enfrentar incluyen:<\/p>\n<ul>\n<li>Se agregan cargos y sanciones adicionales a su sentencia inicial<\/li>\n<li>Arrestar<\/li>\n<li>Una condena por el delito original<\/li>\n<li>Sin derecho a fianza despu\u00e9s de un arresto<\/li>\n<li>Recibir el m\u00e1ximo castigo posible por la sentencia original<\/li>\n<li>El tiempo en libertad condicional que ya ha cumplido no cuenta para su sentencia<\/li>\n<\/ul>\n<p class=\"rs-content-cta rs-content-cta-small\"><a href=\"\/es\/contacto\/\">Haga clic para contactar<\/a> con nuestros defensa criminal abogados hoy<\/p><h2>Audiencias de libertad condicional por infracciones<\/h2>\n<p>Despu\u00e9s de un arresto por violar la libertad condicional, puede esperar asistir a una audiencia frente a un juez. Un jurado no estar\u00e1 presente en esta audiencia porque ya ha sido condenado por un delito. En cambio, un juez de sentencia escuchar\u00e1 los detalles sobre su violaci\u00f3n y decidir\u00e1 si realmente ocurri\u00f3 una violaci\u00f3n de los t\u00e9rminos y condiciones establecidos. Adem\u00e1s, a diferencia de un juicio penal, el juez puede exigirle que testifique contra usted mismo. El enjuiciamiento durante las audiencias de libertad condicional no est\u00e1 obligado a establecer que usted viol\u00f3 la libertad condicional m\u00e1s all\u00e1 de una duda razonable, sino por el est\u00e1ndar m\u00e1s bajo de <u><a href=\"https:\/\/dictionary.law.com\/Default.aspx?selected=1586\" target=\"_blank\" rel=\"noopener noreferrer\">preponderancia de la evidencia<\/a><\/u> , lo que implica demostrar que es m\u00e1s probable que cometi\u00f3 la violaci\u00f3n. Dados estos muchos detalles complicados, a menudo es fundamental contar con un abogado que lo ayude a navegar este proceso.<\/p>\n<p class=\"rs-content-cta rs-content-cta-small\">Complete una <a href=\"\/es\/contacto\/\">evaluaci\u00f3n gratuita de su caso<\/a> ahora<\/p><h2>Hable con un abogado de defensa criminal con experiencia<\/h2>\n<p>Es fundamental contratar de inmediato los servicios de un abogado defensor penal con experiencia si ha violado los t\u00e9rminos de su libertad condicional. En <u><a href=\"https:\/\/thehometownlawyers.com\/es\/acerca-de-los-abogados-de-kruger-hodges\/\">Kruger &amp; Hodges<\/a><\/u> , entendemos las diversas leyes relacionadas con las violaciones de la libertad condicional y estamos comprometidos a asegurarnos de que usted tenga la mejor defensa posible. Comun\u00edquese con nuestra oficina legal hoy para programar una evaluaci\u00f3n inicial gratuita de su caso con uno de nuestros <a href=\"https:\/\/thehometownlawyers.com\/es\/abogados-de-defensa-criminal-de-hamilton\/\">abogados de defensa criminal<\/a> .<\/p>\n<p class=\"rs-content-cta rs-content-cta-small\">Llame o env\u00ede un mensaje de texto al <a href=\"tel:+15138943333\">513-894-3333<\/a> o complete una <a href=\"\/es\/contacto\/\">evaluaci\u00f3n gratuita de su caso<\/a><\/p>","protected":false},"excerpt":{"rendered":"<p>Violaciones de libertad condicional La ley de Ohio ofrece libertad condicional como una alternativa al encarcelamiento para aquellas personas que califiquen. Cuando las personas no cumplen con los t\u00e9rminos de la libertad condicional, los fiscales de Ohio consideran estas violaciones graves. Con frecuencia, las violaciones de la libertad condicional dan como resultado que una persona &#8230;<\/p>\n","protected":false},"author":7,"featured_media":20828,"parent":20980,"menu_order":0,"comment_status":"closed","ping_status":"closed","template":"","meta":{"_acf_changed":false,"inline_featured_image":false,"_genesis_hide_title":false,"_genesis_hide_breadcrumbs":false,"_genesis_hide_singular_image":false,"_genesis_hide_footer_widgets":false,"_genesis_custom_body_class":"","_genesis_custom_post_class":"","_genesis_layout":"","footnotes":""},"hc_faqs":[],"hc_spanish_faqs":[],"class_list":{"0":"post-21067","1":"page","2":"type-page","3":"status-publish","4":"has-post-thumbnail","6":"hc_city_location-hamilton-es-2","7":"entry"},"acf":[],"yoast_head":"<!-- This site is optimized with the Yoast SEO plugin v27.4 - https:\/\/yoast.com\/product\/yoast-seo-wordpress\/ -->\n<title>Abogado de Violaci\u00f3n de la Libertad Condicional en Hamilton | Consulta gratuita<\/title>\n<meta name=\"description\" content=\"Las violaciones de la libertad condicional pueden resultar en sanciones adicionales. Si ha violado la libertad condicional, es fundamental obtener la asistencia de un abogado.\" \/>\n<meta name=\"robots\" content=\"index, follow, max-snippet:-1, max-image-preview:large, max-video-preview:-1\" \/>\n<link rel=\"canonical\" href=\"https:\/\/thehometownlawyers.com\/es\/abogados-de-defensa-criminal-de-hamilton\/violaciones-de-libertad-condicional\/\" \/>\n<meta property=\"og:locale\" content=\"es_MX\" \/>\n<meta property=\"og:type\" content=\"article\" \/>\n<meta property=\"og:title\" content=\"Abogado de Violaci\u00f3n de la Libertad Condicional en Hamilton | Consulta gratuita\" \/>\n<meta property=\"og:description\" content=\"Las violaciones de la libertad condicional pueden resultar en sanciones adicionales. Si ha violado la libertad condicional, es fundamental obtener la asistencia de un abogado.\" \/>\n<meta property=\"og:url\" content=\"https:\/\/thehometownlawyers.com\/es\/abogados-de-defensa-criminal-de-hamilton\/violaciones-de-libertad-condicional\/\" \/>\n<meta property=\"og:site_name\" content=\"Kruger &amp; Hodges Abogados De Lesiones\" \/>\n<meta property=\"article:publisher\" content=\"https:\/\/www.facebook.com\/KrugerHodges\/\" \/>\n<meta property=\"article:modified_time\" content=\"2025-02-05T20:41:11+00:00\" \/>\n<meta property=\"og:image\" content=\"https:\/\/thehometownlawyers.com\/wp-content\/uploads\/2021\/08\/parole-police-officer.jpg\" \/>\n\t<meta property=\"og:image:width\" content=\"1920\" \/>\n\t<meta property=\"og:image:height\" content=\"1080\" \/>\n\t<meta property=\"og:image:type\" content=\"image\/jpeg\" \/>\n<meta name=\"twitter:card\" content=\"summary_large_image\" \/>\n<meta name=\"twitter:label1\" content=\"Tiempo de lectura\" \/>\n\t<meta name=\"twitter:data1\" content=\"3 minutos\" \/>\n<script type=\"application\/ld+json\" class=\"yoast-schema-graph\">{\"@context\":\"https:\\\/\\\/schema.org\",\"@graph\":[{\"@type\":\"WebPage\",\"@id\":\"https:\\\/\\\/thehometownlawyers.com\\\/es\\\/abogados-de-defensa-criminal-de-hamilton\\\/violaciones-de-libertad-condicional\\\/\",\"url\":\"https:\\\/\\\/thehometownlawyers.com\\\/es\\\/abogados-de-defensa-criminal-de-hamilton\\\/violaciones-de-libertad-condicional\\\/\",\"name\":\"Abogado de Violaci\u00f3n de la Libertad Condicional en Hamilton | Consulta gratuita\",\"isPartOf\":{\"@id\":\"https:\\\/\\\/thehometownlawyers.com\\\/es\\\/#website\"},\"primaryImageOfPage\":{\"@id\":\"https:\\\/\\\/thehometownlawyers.com\\\/es\\\/abogados-de-defensa-criminal-de-hamilton\\\/violaciones-de-libertad-condicional\\\/#primaryimage\"},\"image\":{\"@id\":\"https:\\\/\\\/thehometownlawyers.com\\\/es\\\/abogados-de-defensa-criminal-de-hamilton\\\/violaciones-de-libertad-condicional\\\/#primaryimage\"},\"thumbnailUrl\":\"https:\\\/\\\/thehometownlawyers.com\\\/wp-content\\\/uploads\\\/2021\\\/08\\\/parole-police-officer.jpg\",\"datePublished\":\"2020-01-14T00:00:27+00:00\",\"dateModified\":\"2025-02-05T20:41:11+00:00\",\"description\":\"Las violaciones de la libertad condicional pueden resultar en sanciones adicionales. Si ha violado la libertad condicional, es fundamental obtener la asistencia de un abogado.\",\"breadcrumb\":{\"@id\":\"https:\\\/\\\/thehometownlawyers.com\\\/es\\\/abogados-de-defensa-criminal-de-hamilton\\\/violaciones-de-libertad-condicional\\\/#breadcrumb\"},\"inLanguage\":\"es\",\"potentialAction\":[{\"@type\":\"ReadAction\",\"target\":[\"https:\\\/\\\/thehometownlawyers.com\\\/es\\\/abogados-de-defensa-criminal-de-hamilton\\\/violaciones-de-libertad-condicional\\\/\"]}]},{\"@type\":\"ImageObject\",\"inLanguage\":\"es\",\"@id\":\"https:\\\/\\\/thehometownlawyers.com\\\/es\\\/abogados-de-defensa-criminal-de-hamilton\\\/violaciones-de-libertad-condicional\\\/#primaryimage\",\"url\":\"https:\\\/\\\/thehometownlawyers.com\\\/wp-content\\\/uploads\\\/2021\\\/08\\\/parole-police-officer.jpg\",\"contentUrl\":\"https:\\\/\\\/thehometownlawyers.com\\\/wp-content\\\/uploads\\\/2021\\\/08\\\/parole-police-officer.jpg\",\"width\":1920,\"height\":1080,\"caption\":\"oficial de polic\u00eda emitiendo un boleto\"},{\"@type\":\"BreadcrumbList\",\"@id\":\"https:\\\/\\\/thehometownlawyers.com\\\/es\\\/abogados-de-defensa-criminal-de-hamilton\\\/violaciones-de-libertad-condicional\\\/#breadcrumb\",\"itemListElement\":[{\"@type\":\"ListItem\",\"position\":1,\"name\":\"Home\",\"item\":\"https:\\\/\\\/thehometownlawyers.com\\\/es\\\/\"},{\"@type\":\"ListItem\",\"position\":2,\"name\":\"Abogado de Defensa Criminal en Hamilton\",\"item\":\"https:\\\/\\\/thehometownlawyers.com\\\/es\\\/abogados-de-defensa-criminal-de-hamilton\\\/\"},{\"@type\":\"ListItem\",\"position\":3,\"name\":\"Abogado de Violaci\u00f3n de la Libertad Condicional en Hamilton\"}]},{\"@type\":\"WebSite\",\"@id\":\"https:\\\/\\\/thehometownlawyers.com\\\/es\\\/#website\",\"url\":\"https:\\\/\\\/thehometownlawyers.com\\\/es\\\/\",\"name\":\"Kruger & Hodges Hometown Injury Lawyers | Accident Attorneys\",\"description\":\"Attorneys for Car, Truck and Motorcycle Accidents, Personal Injuries, and Criminal Defense.\",\"publisher\":{\"@id\":\"https:\\\/\\\/thehometownlawyers.com\\\/es\\\/#organization\"},\"alternateName\":\"Kruger & Hodges Personal Injury Lawyers\",\"inLanguage\":\"es\"},{\"@type\":\"Organization\",\"@id\":\"https:\\\/\\\/thehometownlawyers.com\\\/es\\\/#organization\",\"name\":\"Kruger & Hodges Hometown Injury Lawyers\",\"alternateName\":\"Kruger & Hodges\",\"url\":\"https:\\\/\\\/thehometownlawyers.com\\\/es\\\/\",\"logo\":{\"@type\":\"ImageObject\",\"inLanguage\":\"es\",\"@id\":\"https:\\\/\\\/thehometownlawyers.com\\\/es\\\/#\\\/schema\\\/logo\\\/image\\\/\",\"url\":\"https:\\\/\\\/thehometownlawyers.com\\\/wp-content\\\/uploads\\\/2025\\\/12\\\/revised-kh-logo-vertical-white-background-scaled.png\",\"contentUrl\":\"https:\\\/\\\/thehometownlawyers.com\\\/wp-content\\\/uploads\\\/2025\\\/12\\\/revised-kh-logo-vertical-white-background-scaled.png\",\"width\":2560,\"height\":1440,\"caption\":\"Kruger & Hodges Hometown Injury Lawyers\"},\"image\":{\"@id\":\"https:\\\/\\\/thehometownlawyers.com\\\/es\\\/#\\\/schema\\\/logo\\\/image\\\/\"},\"sameAs\":[\"https:\\\/\\\/www.facebook.com\\\/KrugerHodges\\\/\",\"https:\\\/\\\/www.instagram.com\\\/krugerhodges\\\/\",\"https:\\\/\\\/www.linkedin.com\\\/company\\\/kruger-hodges-hometown-injury-lawyers\\\/\",\"https:\\\/\\\/www.youtube.com\\\/channel\\\/UCeYcMaMaN2rb9jMlqt4EIdQ\",\"https:\\\/\\\/www.tiktok.com\\\/@thehometownlawyer\"]}]}<\/script>\n<!-- \/ Yoast SEO plugin. -->","yoast_head_json":{"title":"Abogado de Violaci\u00f3n de la Libertad Condicional en Hamilton | Consulta gratuita","description":"Las violaciones de la libertad condicional pueden resultar en sanciones adicionales. Si ha violado la libertad condicional, es fundamental obtener la asistencia de un abogado.","robots":{"index":"index","follow":"follow","max-snippet":"max-snippet:-1","max-image-preview":"max-image-preview:large","max-video-preview":"max-video-preview:-1"},"canonical":"https:\/\/thehometownlawyers.com\/es\/abogados-de-defensa-criminal-de-hamilton\/violaciones-de-libertad-condicional\/","og_locale":"es_MX","og_type":"article","og_title":"Abogado de Violaci\u00f3n de la Libertad Condicional en Hamilton | Consulta gratuita","og_description":"Las violaciones de la libertad condicional pueden resultar en sanciones adicionales. Si ha violado la libertad condicional, es fundamental obtener la asistencia de un abogado.","og_url":"https:\/\/thehometownlawyers.com\/es\/abogados-de-defensa-criminal-de-hamilton\/violaciones-de-libertad-condicional\/","og_site_name":"Kruger &amp; Hodges Abogados De Lesiones","article_publisher":"https:\/\/www.facebook.com\/KrugerHodges\/","article_modified_time":"2025-02-05T20:41:11+00:00","og_image":[{"width":1920,"height":1080,"url":"https:\/\/thehometownlawyers.com\/wp-content\/uploads\/2021\/08\/parole-police-officer.jpg","type":"image\/jpeg"}],"twitter_card":"summary_large_image","twitter_misc":{"Tiempo de lectura":"3 minutos"},"schema":{"@context":"https:\/\/schema.org","@graph":[{"@type":"WebPage","@id":"https:\/\/thehometownlawyers.com\/es\/abogados-de-defensa-criminal-de-hamilton\/violaciones-de-libertad-condicional\/","url":"https:\/\/thehometownlawyers.com\/es\/abogados-de-defensa-criminal-de-hamilton\/violaciones-de-libertad-condicional\/","name":"Abogado de Violaci\u00f3n de la Libertad Condicional en Hamilton | Consulta gratuita","isPartOf":{"@id":"https:\/\/thehometownlawyers.com\/es\/#website"},"primaryImageOfPage":{"@id":"https:\/\/thehometownlawyers.com\/es\/abogados-de-defensa-criminal-de-hamilton\/violaciones-de-libertad-condicional\/#primaryimage"},"image":{"@id":"https:\/\/thehometownlawyers.com\/es\/abogados-de-defensa-criminal-de-hamilton\/violaciones-de-libertad-condicional\/#primaryimage"},"thumbnailUrl":"https:\/\/thehometownlawyers.com\/wp-content\/uploads\/2021\/08\/parole-police-officer.jpg","datePublished":"2020-01-14T00:00:27+00:00","dateModified":"2025-02-05T20:41:11+00:00","description":"Las violaciones de la libertad condicional pueden resultar en sanciones adicionales. Si ha violado la libertad condicional, es fundamental obtener la asistencia de un abogado.","breadcrumb":{"@id":"https:\/\/thehometownlawyers.com\/es\/abogados-de-defensa-criminal-de-hamilton\/violaciones-de-libertad-condicional\/#breadcrumb"},"inLanguage":"es","potentialAction":[{"@type":"ReadAction","target":["https:\/\/thehometownlawyers.com\/es\/abogados-de-defensa-criminal-de-hamilton\/violaciones-de-libertad-condicional\/"]}]},{"@type":"ImageObject","inLanguage":"es","@id":"https:\/\/thehometownlawyers.com\/es\/abogados-de-defensa-criminal-de-hamilton\/violaciones-de-libertad-condicional\/#primaryimage","url":"https:\/\/thehometownlawyers.com\/wp-content\/uploads\/2021\/08\/parole-police-officer.jpg","contentUrl":"https:\/\/thehometownlawyers.com\/wp-content\/uploads\/2021\/08\/parole-police-officer.jpg","width":1920,"height":1080,"caption":"oficial de polic\u00eda emitiendo un boleto"},{"@type":"BreadcrumbList","@id":"https:\/\/thehometownlawyers.com\/es\/abogados-de-defensa-criminal-de-hamilton\/violaciones-de-libertad-condicional\/#breadcrumb","itemListElement":[{"@type":"ListItem","position":1,"name":"Home","item":"https:\/\/thehometownlawyers.com\/es\/"},{"@type":"ListItem","position":2,"name":"Abogado de Defensa Criminal en Hamilton","item":"https:\/\/thehometownlawyers.com\/es\/abogados-de-defensa-criminal-de-hamilton\/"},{"@type":"ListItem","position":3,"name":"Abogado de Violaci\u00f3n de la Libertad Condicional en Hamilton"}]},{"@type":"WebSite","@id":"https:\/\/thehometownlawyers.com\/es\/#website","url":"https:\/\/thehometownlawyers.com\/es\/","name":"Kruger & Hodges Hometown Injury Lawyers | Accident Attorneys","description":"Attorneys for Car, Truck and Motorcycle Accidents, Personal Injuries, and Criminal Defense.","publisher":{"@id":"https:\/\/thehometownlawyers.com\/es\/#organization"},"alternateName":"Kruger & Hodges Personal Injury Lawyers","inLanguage":"es"},{"@type":"Organization","@id":"https:\/\/thehometownlawyers.com\/es\/#organization","name":"Kruger & Hodges Hometown Injury Lawyers","alternateName":"Kruger & Hodges","url":"https:\/\/thehometownlawyers.com\/es\/","logo":{"@type":"ImageObject","inLanguage":"es","@id":"https:\/\/thehometownlawyers.com\/es\/#\/schema\/logo\/image\/","url":"https:\/\/thehometownlawyers.com\/wp-content\/uploads\/2025\/12\/revised-kh-logo-vertical-white-background-scaled.png","contentUrl":"https:\/\/thehometownlawyers.com\/wp-content\/uploads\/2025\/12\/revised-kh-logo-vertical-white-background-scaled.png","width":2560,"height":1440,"caption":"Kruger & Hodges Hometown Injury Lawyers"},"image":{"@id":"https:\/\/thehometownlawyers.com\/es\/#\/schema\/logo\/image\/"},"sameAs":["https:\/\/www.facebook.com\/KrugerHodges\/","https:\/\/www.instagram.com\/krugerhodges\/","https:\/\/www.linkedin.com\/company\/kruger-hodges-hometown-injury-lawyers\/","https:\/\/www.youtube.com\/channel\/UCeYcMaMaN2rb9jMlqt4EIdQ","https:\/\/www.tiktok.com\/@thehometownlawyer"]}]}},"_links":{"self":[{"href":"https:\/\/thehometownlawyers.com\/es\/wp-json\/wp\/v2\/pages\/21067","targetHints":{"allow":["GET"]}}],"collection":[{"href":"https:\/\/thehometownlawyers.com\/es\/wp-json\/wp\/v2\/pages"}],"about":[{"href":"https:\/\/thehometownlawyers.com\/es\/wp-json\/wp\/v2\/types\/page"}],"author":[{"embeddable":true,"href":"https:\/\/thehometownlawyers.com\/es\/wp-json\/wp\/v2\/users\/7"}],"replies":[{"embeddable":true,"href":"https:\/\/thehometownlawyers.com\/es\/wp-json\/wp\/v2\/comments?post=21067"}],"version-history":[{"count":0,"href":"https:\/\/thehometownlawyers.com\/es\/wp-json\/wp\/v2\/pages\/21067\/revisions"}],"up":[{"embeddable":true,"href":"https:\/\/thehometownlawyers.com\/es\/wp-json\/wp\/v2\/pages\/20980"}],"wp:featuredmedia":[{"embeddable":true,"href":"https:\/\/thehometownlawyers.com\/es\/wp-json\/wp\/v2\/media\/20828"}],"wp:attachment":[{"href":"https:\/\/thehometownlawyers.com\/es\/wp-json\/wp\/v2\/media?parent=21067"}],"wp:term":[{"taxonomy":"hc_faqs","embeddable":true,"href":"https:\/\/thehometownlawyers.com\/es\/wp-json\/wp\/v2\/hc_faqs?post=21067"},{"taxonomy":"hc_spanish_faqs","embeddable":true,"href":"https:\/\/thehometownlawyers.com\/es\/wp-json\/wp\/v2\/hc_spanish_faqs?post=21067"}],"curies":[{"name":"wp","href":"https:\/\/api.w.org\/{rel}","templated":true}]}}