{"id":21069,"date":"2020-01-15T11:55:00","date_gmt":"2020-01-15T16:55:00","guid":{"rendered":"https:\/\/thehometownlawyers.com\/?page_id=21069"},"modified":"2026-02-25T12:24:09","modified_gmt":"2026-02-25T17:24:09","slug":"hamilton-ohio-oficinas-legales-de-kruger-hodges","status":"publish","type":"page","link":"https:\/\/thehometownlawyers.com\/es\/contacto\/hamilton-ohio-oficinas-legales-de-kruger-hodges\/","title":{"rendered":"Hamilton, Ohio Oficinas Legales de Kruger &amp; Hodges"},"content":{"rendered":"<h2>Oficinas Legales de Kruger &amp; Hodges, Abogados en Ley en Hamilton<\/h2>\n<p>Las oficinas legales <a href=\"https:\/\/thehometownlawyers.com\/es\/acerca-de-los-abogados-de-kruger-hodges\/\">de Kruger &amp; Hodges en<\/a> Hamilton, Ohio, est\u00e1n ubicadas en 220 S 3rd St, en Hamilton, Ohio, para brindar un mejor servicio a nuestra ciudad natal y al \u00e1rea del condado de Butler.<\/p>\n<p><strong>Direcci\u00f3n:<\/strong> 220 S 3rd St, Hamilton, OH 45011<br \/>\n<strong>Tel\u00e9fono:<\/strong> <a href=\"tel:513-894-3333\">513-894-3333<\/a><br \/>\n<strong>Fax:<\/strong> <a href=\"tel:513-894-3331\">513-894-3331<\/a><br \/>\n<strong>Correo electr\u00f3nico:<\/strong> <a href=\"mailto:office@thehometownlawyers.com\">office@thehometownlawyers.com<\/a><br \/>\n<strong>Horario:<\/strong> Lun-Dom 24hr<\/p>\n<p><iframe loading=\"lazy\" style=\"border: 0;\" src=\"https:\/\/www.google.com\/maps\/embed?pb=!1m14!1m8!1m3!1d2156.849460773326!2d-84.56770985884829!3d39.40062249745879!3m2!1i1024!2i768!4f13.1!3m3!1m2!1s0x0%3A0x8303ec6bd08b9d98!2sKruger%20%26%20Hodges%20Attorneys%20at%20Law!5e0!3m2!1sen!2sus!4v1630371245993!5m2!1sen!2sus\" width=\"600\" height=\"450\" allowfullscreen=\"allowfullscreen\"><\/iframe><\/p>\n<p>Ayudamos a cualquier persona lesionada sin culpa propia en todo tipo de accidentes, pero la mayor\u00eda de nuestros casos se encuentran dentro de una de las siguientes categor\u00edas (haga clic en cualquier enlace para obtener m\u00e1s informaci\u00f3n sobre una categor\u00eda en particular):<\/p>\n<h3>Abogados de lesiones personales en Hamilton, Ohio<\/h3>\n<p>ACCIDENTES AUTOMOVIL\u00cdSTICOS<\/p>\n<p><span style=\"font-weight: 400;\">Sus abogados de lesiones personales en Hamilton, Ohio, est\u00e1n familiarizados con las concurridas calles de nuestra ciudad. Tambi\u00e9n sabemos que su viaje diario al trabajo o para dejar a los ni\u00f1os puede convertirse en un desastre si se ve involucrado en un accidente automovil\u00edstico. Cuando observamos los crecientes niveles de tr\u00e1fico, no sorprende que los accidentes automovil\u00edsticos se hayan convertido en algo habitual. <\/span><\/p>\n<p><span style=\"font-weight: 400;\">El proceso de litigio despu\u00e9s de un accidente automovil\u00edstico generalmente involucra discusiones entre compa\u00f1\u00edas de seguros. En la fase previa al litigio, se realizar\u00e1 una investigaci\u00f3n y sus abogados se comunicar\u00e1n con las autoridades. Adem\u00e1s, sus abogados de lesiones personales de Hamilton realizar\u00e1n investigaciones y negociar\u00e1n el mejor resultado posible. <\/span><\/p>\n<p><a href=\"https:\/\/thehometownlawyers.com\/es\/\">ACCIDENTES DE MOTO<\/a><\/p>\n<p><span style=\"font-weight: 400;\">Los accidentes de motocicleta pueden ser situaciones particularmente da\u00f1inas debido a la naturaleza m\u00e1s riesgosa de operar este tipo de veh\u00edculos. A menudo, las lesiones son m\u00e1s graves. De acuerdo con la Administraci\u00f3n Nacional de Seguridad del Tr\u00e1fico en las Carreteras, los conductores de motocicletas son <\/span><a href=\"https:\/\/crashstats.nhtsa.dot.gov\/Api\/Public\/ViewPublication\/812979.pdf\" target=\"_blank\" rel=\"noopener\"><span style=\"font-weight: 400;\">m\u00e1s de veinticinco veces<\/span><\/a> <span style=\"font-weight: 400;\">m\u00e1s probabilidades de morir en un accidente y<\/span> <span style=\"font-weight: 400;\">diez veces<\/span> <span style=\"font-weight: 400;\">m\u00e1s probabilidades de recibir una lesi\u00f3n grave.<\/span> <span style=\"font-weight: 400;\">Sus abogados de lesiones personales en Hamilton, Ohio, est\u00e1n dispuestos y pueden ayudarlo a usted o a un miembro de su familia a obtener una compensaci\u00f3n si estuvieron involucrados en un accidente de motocicleta.<\/span><\/p>\n<p><a href=\"https:\/\/thehometownlawyers.com\/es\/\">ACCIDENTES DE CAMIONES<\/a><\/p>\n<p><span style=\"font-weight: 400;\">Un accidente de cami\u00f3n puede ser especialmente peligroso para cualquiera que est\u00e9 fuera del cami\u00f3n. Los camiones, ya sean furgones, semirremolques o cargueros de 18 ruedas, pueden causar da\u00f1os graves debido a su tama\u00f1o, peso e incapacidad para detenerse r\u00e1pidamente. <\/span><span style=\"font-weight: 400;\">Afortunadamente, los conductores de camiones deben operar con un seguro de conductor comercial. que normalmente proporciona una amplia cobertura. Al igual que un accidente automovil\u00edstico, sus abogados de lesiones personales en Hamilton, Ohio Law Offices of <a href=\"https:\/\/thehometownlawyers.com\/es\/acerca-de-los-abogados-de-kruger-hodges\/\">Kruger &amp; Hodges<\/a> facilitar\u00e1n las negociaciones entre las compa\u00f1\u00edas de seguros para garantizar que obtenga el mejor resultado posible. Si las negociaciones no funcionan, litigaremos su caso en los tribunales.<\/span><\/p>\n<p>MORDIDAS DE PERRO<\/p>\n<p><span style=\"font-weight: 400;\">La ley de Ohio favorece a la v\u00edctima en la mayor\u00eda de los reclamos por lesiones por mordedura de perro. La \u201cresponsabilidad estricta\u201d de Ohio para este tipo de casos significa que si la v\u00edctima puede probar que fue mordida, el due\u00f1o del perro puede ser responsable. No es necesario que la v\u00edctima demuestre que el propietario fue negligente. Pero recopilar evidencia de lesiones por mordedura de perro puede ser una situaci\u00f3n desafiante. Sus abogados de lesiones personales de Hamilton tienen experiencia en el manejo de este tipo de casos y se asegurar\u00e1n de tomar las medidas correctas para obtener la compensaci\u00f3n que se le debe.<\/span><\/p>\n<p><span style=\"font-weight: 400;\">Los abogados de lesiones personales de las oficinas legales de Kruger &amp; Hodges en Hamilton, Ohio, saben lo que es lidiar con lesiones graves y las monta\u00f1as de papeleo y llamadas telef\u00f3nicas que siguen. Tambi\u00e9n ayudamos a nuestros clientes que han experimentado lesiones relacionadas con: <\/span><\/p>\n<p>ACCIDENTES DE BICICLETA<br \/>\nACCIDENTES DE PEATONES<br \/>\n<a href=\"https:\/\/thehometownlawyers.com\/es\/\">RESPONSABILIDAD DEL LOCAL<\/a><br \/>\nRESBALONES Y CA\u00cdDAS<br \/>\n<a href=\"https:\/\/thehometownlawyers.com\/es\/\">NEGLIGENCIA M\u00c9DICA<\/a><br \/>\n<a href=\"https:\/\/thehometownlawyers.com\/es\/\">ABUSO EN HOGARES DE ANCIANOS<\/a><br \/>\nMUERTE INJUSTA<\/p>\n<h3>Abogados de defensa criminal en Hamilton, Ohio<\/h3>\n<p><a href=\"https:\/\/thehometownlawyers.com\/es\/abogados-de-defensa-criminal-de-hamilton\/abogados-defensores-de-delitos-de-drogas\/\">DELITOS DE DROGAS<\/a><br \/>\nDERECHO PENAL PARA LA INMIGRACI\u00d3N<br \/>\n<a href=\"https:\/\/thehometownlawyers.com\/es\/abogados-de-defensa-criminal-de-hamilton\/eliminacion-y-sellado-de-expedientes\/\">ELIMINACI\u00d3N Y SELLADO DE REGISTROS<\/a><br \/>\n<a href=\"https:\/\/thehometownlawyers.com\/es\/abogados-de-defensa-criminal-de-hamilton\/abogados-defensores-de-agresion\/\">AGRESI\u00d3N<\/a><br \/>\n<a href=\"https:\/\/thehometownlawyers.com\/es\/abogados-de-defensa-criminal-de-hamilton\/abogados-de-delitos-sexuales-en-hamilton-oh\/\">DELITOS SEXUALES<\/a><br \/>\n<a href=\"https:\/\/thehometownlawyers.com\/es\/abogados-de-defensa-criminal-de-hamilton\/multas-de-trafico\/\">BOLETOS DE TR\u00c1FICO<\/a><br \/>\n<a href=\"https:\/\/thehometownlawyers.com\/es\/abogados-de-defensa-criminal-de-hamilton\/abogados-de-defensa-de-robo\/\">HURTO<\/a><br \/>\n<a href=\"https:\/\/thehometownlawyers.com\/es\/abogados-de-defensa-criminal-de-hamilton\/abogados-defensores-de-ovi-dui-en-hamilton-oh\/\">DUI<\/a><br \/>\n<a href=\"https:\/\/thehometownlawyers.com\/es\/abogados-de-defensa-criminal-de-hamilton\/abogados-de-consumo-de-alcohol-en-menores\/\">CONSUMO DE MENORES<\/a><br \/>\n<a href=\"https:\/\/thehometownlawyers.com\/es\/abogados-de-defensa-criminal-de-hamilton\/abogados-defensores-de-ovi-dui-en-hamilton-oh\/programas-de-desvio\/\">PROGRAMAS DE DESV\u00cdO<\/a><br \/>\n<a href=\"https:\/\/thehometownlawyers.com\/es\/abogados-de-defensa-criminal-de-hamilton\/violaciones-de-libertad-condicional\/\">VIOLACIONES DE LA LIBERTAD CONDICIONAL<\/a><br \/>\n<a href=\"https:\/\/thehometownlawyers.com\/es\/abogados-de-defensa-criminal-de-hamilton\/abogados-defensores-por-cargos-de-armas\/\">CARGOS RELACIONADOS CON ARMAS<\/a><br \/>\n<a href=\"https:\/\/thehometownlawyers.com\/es\/abogados-de-defensa-criminal-de-hamilton\/abogados-defensores-de-violencia-domestica\/\">VIOLENCIA DOM\u00c9STICA<\/a><br \/>\n<a href=\"https:\/\/thehometownlawyers.com\/es\/abogados-de-defensa-criminal-de-hamilton\/abogados-de-defensa-criminal-juvenil\/\">DEFENSA PENAL JUVENIL<\/a><br \/>\n<a href=\"https:\/\/thehometownlawyers.com\/es\/abogados-de-defensa-criminal-de-hamilton\/conducir-bajo-suspension\/\">CONDUCCI\u00d3N BAJO SUSPENSI\u00d3N<\/a><\/p>\n<h3>Kruger &amp; Hodges Hamilton, Ohio Law Offices \u00a1Apoye a nuestra comunidad!<\/h3>\n<p><a href=\"https:\/\/www.hamiltonohiorotary.com\/\" target=\"_blank\" rel=\"noopener\">Club Rotario de Hamilton<\/a><br \/>\n<a href=\"https:\/\/www.parachutecasa.org\/\" target=\"_blank\" rel=\"noopener\">condado de mayordomo de paraca\u00eddas<\/a><br \/>\n<a href=\"https:\/\/www.hamiltonfoundation.org\/\" target=\"_blank\" rel=\"noopener\">Fundaci\u00f3n Comunitaria de Hamilton<\/a><br \/>\n<a href=\"https:\/\/www.hflloh.org\/\" target=\"_blank\" rel=\"noopener\">Liga peque\u00f1a de Hamilton Fairfield<\/a><br \/>\n<a href=\"http:\/\/historicdaytonlane.org\/\" target=\"_blank\" rel=\"noopener\">Carril hist\u00f3rico de Dayton<\/a><br \/>\n<a href=\"https:\/\/www.africanprofessionalsnetwork.org\/\" target=\"_blank\" rel=\"noopener\">Red de profesionales africanos<\/a><br \/>\n<a href=\"https:\/\/www.hamiltoncityschools.com\/\" target=\"_blank\" rel=\"noopener\">Escuelas de la ciudad de Hamilton<\/a><br \/>\n<a href=\"https:\/\/www.hamilton2020.com\/\" target=\"_blank\" rel=\"noopener\">Comisi\u00f3n de Visi\u00f3n de Hamilton<\/a><br \/>\n<a href=\"https:\/\/hmdd.org\/\" target=\"_blank\" rel=\"noopener\">Pasame Dobes<\/a><br \/>\nEstudio InsideOut<br \/>\n<a href=\"https:\/\/www.rhs.rossrams.com\/\" target=\"_blank\" rel=\"noopener\">escuela secundaria ross<\/a><br \/>\n<a href=\"https:\/\/www.badinhs.org\/\" target=\"_blank\" rel=\"noopener\">Escuela secundaria Badin<\/a><br \/>\nEscuela secundaria de Eaton<br \/>\n<a href=\"https:\/\/www.facebook.com\/WSLL2012\/\" target=\"_blank\" rel=\"noopener\">Peque\u00f1as ligas del lado oeste<\/a><br \/>\n<a href=\"https:\/\/tshq.bluesombrero.com\/eatonlittleleague\" target=\"_blank\" rel=\"noopener\">Peque\u00f1a liga de Eaton<\/a><br \/>\n<a href=\"https:\/\/www.animalfriendshs.org\/\" target=\"_blank\" rel=\"noopener\">Sociedad Protectora de Animales Amigos de los Animales<\/a><\/p>\n","protected":false},"excerpt":{"rendered":"<p>Oficinas Legales de Kruger &amp; Hodges, Abogados en Ley en Hamilton Las oficinas legales de Kruger &amp; Hodges en Hamilton, Ohio, est\u00e1n ubicadas en 220 S 3rd St, en Hamilton, Ohio, para brindar un mejor servicio a nuestra ciudad natal y al \u00e1rea del condado de Butler. Direcci\u00f3n: 220 S 3rd St, Hamilton, OH 45011 &#8230;<\/p>\n","protected":false},"author":7,"featured_media":20729,"parent":20972,"menu_order":0,"comment_status":"closed","ping_status":"closed","template":"","meta":{"_acf_changed":false,"inline_featured_image":false,"_genesis_hide_title":false,"_genesis_hide_breadcrumbs":false,"_genesis_hide_singular_image":false,"_genesis_hide_footer_widgets":false,"_genesis_custom_body_class":"","_genesis_custom_post_class":"","_genesis_layout":"","footnotes":""},"hc_faqs":[],"hc_spanish_faqs":[],"class_list":{"0":"post-21069","1":"page","2":"type-page","3":"status-publish","4":"has-post-thumbnail","6":"entry"},"acf":[],"yoast_head":"<!-- This site is optimized with the Yoast SEO plugin v27.4 - https:\/\/yoast.com\/product\/yoast-seo-wordpress\/ -->\n<title>Hamilton, Ohio Oficinas Legales de Kruger &amp; Hodges | Abogados lesiones personales<\/title>\n<meta name=\"description\" content=\"Las oficinas legales de Kruger &amp; Hodges en Hamilton, Ohio, est\u00e1n ubicadas en 220 South Monument Avenue, Suite 100, para brindar un mejor servicio al \u00e1rea del condado de Butler.\" \/>\n<meta name=\"robots\" content=\"index, follow, max-snippet:-1, max-image-preview:large, max-video-preview:-1\" \/>\n<link rel=\"canonical\" href=\"https:\/\/thehometownlawyers.com\/es\/contacto\/hamilton-ohio-oficinas-legales-de-kruger-hodges\/\" \/>\n<meta property=\"og:locale\" content=\"es_MX\" \/>\n<meta property=\"og:type\" content=\"article\" \/>\n<meta property=\"og:title\" content=\"Hamilton, Ohio Oficinas Legales de Kruger &amp; Hodges | Abogados lesiones personales\" \/>\n<meta property=\"og:description\" content=\"Las oficinas legales de Kruger &amp; Hodges en Hamilton, Ohio, est\u00e1n ubicadas en 220 South Monument Avenue, Suite 100, para brindar un mejor servicio al \u00e1rea del condado de Butler.\" \/>\n<meta property=\"og:url\" content=\"https:\/\/thehometownlawyers.com\/es\/contacto\/hamilton-ohio-oficinas-legales-de-kruger-hodges\/\" \/>\n<meta property=\"og:site_name\" content=\"Kruger &amp; Hodges Abogados De Lesiones\" \/>\n<meta property=\"article:publisher\" content=\"https:\/\/www.facebook.com\/KrugerHodges\/\" \/>\n<meta property=\"article:modified_time\" content=\"2026-02-25T17:24:09+00:00\" \/>\n<meta property=\"og:image\" content=\"https:\/\/thehometownlawyers.com\/wp-content\/uploads\/2019\/01\/Lawyers-in-Hamilton-Ohio.jpg\" \/>\n\t<meta property=\"og:image:width\" content=\"360\" \/>\n\t<meta property=\"og:image:height\" content=\"241\" \/>\n\t<meta property=\"og:image:type\" content=\"image\/jpeg\" \/>\n<meta name=\"twitter:card\" content=\"summary_large_image\" \/>\n<meta name=\"twitter:label1\" content=\"Tiempo de lectura\" \/>\n\t<meta name=\"twitter:data1\" content=\"4 minutos\" \/>\n<script type=\"application\/ld+json\" class=\"yoast-schema-graph\">{\"@context\":\"https:\\\/\\\/schema.org\",\"@graph\":[{\"@type\":\"WebPage\",\"@id\":\"https:\\\/\\\/thehometownlawyers.com\\\/es\\\/contacto\\\/hamilton-ohio-oficinas-legales-de-kruger-hodges\\\/\",\"url\":\"https:\\\/\\\/thehometownlawyers.com\\\/es\\\/contacto\\\/hamilton-ohio-oficinas-legales-de-kruger-hodges\\\/\",\"name\":\"Hamilton, Ohio Oficinas Legales de Kruger &amp; Hodges | Abogados lesiones personales\",\"isPartOf\":{\"@id\":\"https:\\\/\\\/thehometownlawyers.com\\\/es\\\/#website\"},\"primaryImageOfPage\":{\"@id\":\"https:\\\/\\\/thehometownlawyers.com\\\/es\\\/contacto\\\/hamilton-ohio-oficinas-legales-de-kruger-hodges\\\/#primaryimage\"},\"image\":{\"@id\":\"https:\\\/\\\/thehometownlawyers.com\\\/es\\\/contacto\\\/hamilton-ohio-oficinas-legales-de-kruger-hodges\\\/#primaryimage\"},\"thumbnailUrl\":\"https:\\\/\\\/thehometownlawyers.com\\\/wp-content\\\/uploads\\\/2019\\\/01\\\/Lawyers-in-Hamilton-Ohio.jpg\",\"datePublished\":\"2020-01-15T16:55:00+00:00\",\"dateModified\":\"2026-02-25T17:24:09+00:00\",\"description\":\"Las oficinas legales de Kruger & Hodges en Hamilton, Ohio, est\u00e1n ubicadas en 220 South Monument Avenue, Suite 100, para brindar un mejor servicio al \u00e1rea del condado de Butler.\",\"breadcrumb\":{\"@id\":\"https:\\\/\\\/thehometownlawyers.com\\\/es\\\/contacto\\\/hamilton-ohio-oficinas-legales-de-kruger-hodges\\\/#breadcrumb\"},\"inLanguage\":\"es\",\"potentialAction\":[{\"@type\":\"ReadAction\",\"target\":[\"https:\\\/\\\/thehometownlawyers.com\\\/es\\\/contacto\\\/hamilton-ohio-oficinas-legales-de-kruger-hodges\\\/\"]}]},{\"@type\":\"ImageObject\",\"inLanguage\":\"es\",\"@id\":\"https:\\\/\\\/thehometownlawyers.com\\\/es\\\/contacto\\\/hamilton-ohio-oficinas-legales-de-kruger-hodges\\\/#primaryimage\",\"url\":\"https:\\\/\\\/thehometownlawyers.com\\\/wp-content\\\/uploads\\\/2019\\\/01\\\/Lawyers-in-Hamilton-Ohio.jpg\",\"contentUrl\":\"https:\\\/\\\/thehometownlawyers.com\\\/wp-content\\\/uploads\\\/2019\\\/01\\\/Lawyers-in-Hamilton-Ohio.jpg\",\"width\":360,\"height\":241,\"caption\":\"Abogado de accidentes\"},{\"@type\":\"BreadcrumbList\",\"@id\":\"https:\\\/\\\/thehometownlawyers.com\\\/es\\\/contacto\\\/hamilton-ohio-oficinas-legales-de-kruger-hodges\\\/#breadcrumb\",\"itemListElement\":[{\"@type\":\"ListItem\",\"position\":1,\"name\":\"Home\",\"item\":\"https:\\\/\\\/thehometownlawyers.com\\\/es\\\/\"},{\"@type\":\"ListItem\",\"position\":2,\"name\":\"Contacto\",\"item\":\"https:\\\/\\\/thehometownlawyers.com\\\/es\\\/contacto\\\/\"},{\"@type\":\"ListItem\",\"position\":3,\"name\":\"Hamilton, Ohio Oficinas Legales de Kruger &amp; Hodges\"}]},{\"@type\":\"WebSite\",\"@id\":\"https:\\\/\\\/thehometownlawyers.com\\\/es\\\/#website\",\"url\":\"https:\\\/\\\/thehometownlawyers.com\\\/es\\\/\",\"name\":\"Kruger & Hodges Hometown Injury Lawyers | Accident Attorneys\",\"description\":\"Attorneys for Car, Truck and Motorcycle Accidents, Personal Injuries, and Criminal Defense.\",\"publisher\":{\"@id\":\"https:\\\/\\\/thehometownlawyers.com\\\/es\\\/#organization\"},\"alternateName\":\"Kruger & Hodges Personal Injury Lawyers\",\"inLanguage\":\"es\"},{\"@type\":\"Organization\",\"@id\":\"https:\\\/\\\/thehometownlawyers.com\\\/es\\\/#organization\",\"name\":\"Kruger & Hodges Hometown Injury Lawyers\",\"alternateName\":\"Kruger & Hodges\",\"url\":\"https:\\\/\\\/thehometownlawyers.com\\\/es\\\/\",\"logo\":{\"@type\":\"ImageObject\",\"inLanguage\":\"es\",\"@id\":\"https:\\\/\\\/thehometownlawyers.com\\\/es\\\/#\\\/schema\\\/logo\\\/image\\\/\",\"url\":\"https:\\\/\\\/thehometownlawyers.com\\\/wp-content\\\/uploads\\\/2025\\\/12\\\/revised-kh-logo-vertical-white-background-scaled.png\",\"contentUrl\":\"https:\\\/\\\/thehometownlawyers.com\\\/wp-content\\\/uploads\\\/2025\\\/12\\\/revised-kh-logo-vertical-white-background-scaled.png\",\"width\":2560,\"height\":1440,\"caption\":\"Kruger & Hodges Hometown Injury Lawyers\"},\"image\":{\"@id\":\"https:\\\/\\\/thehometownlawyers.com\\\/es\\\/#\\\/schema\\\/logo\\\/image\\\/\"},\"sameAs\":[\"https:\\\/\\\/www.facebook.com\\\/KrugerHodges\\\/\",\"https:\\\/\\\/www.instagram.com\\\/krugerhodges\\\/\",\"https:\\\/\\\/www.linkedin.com\\\/company\\\/kruger-hodges-hometown-injury-lawyers\\\/\",\"https:\\\/\\\/www.youtube.com\\\/channel\\\/UCeYcMaMaN2rb9jMlqt4EIdQ\",\"https:\\\/\\\/www.tiktok.com\\\/@thehometownlawyer\"]}]}<\/script>\n<!-- \/ Yoast SEO plugin. -->","yoast_head_json":{"title":"Hamilton, Ohio Oficinas Legales de Kruger &amp; Hodges | Abogados lesiones personales","description":"Las oficinas legales de Kruger & Hodges en Hamilton, Ohio, est\u00e1n ubicadas en 220 South Monument Avenue, Suite 100, para brindar un mejor servicio al \u00e1rea del condado de Butler.","robots":{"index":"index","follow":"follow","max-snippet":"max-snippet:-1","max-image-preview":"max-image-preview:large","max-video-preview":"max-video-preview:-1"},"canonical":"https:\/\/thehometownlawyers.com\/es\/contacto\/hamilton-ohio-oficinas-legales-de-kruger-hodges\/","og_locale":"es_MX","og_type":"article","og_title":"Hamilton, Ohio Oficinas Legales de Kruger &amp; Hodges | Abogados lesiones personales","og_description":"Las oficinas legales de Kruger & Hodges en Hamilton, Ohio, est\u00e1n ubicadas en 220 South Monument Avenue, Suite 100, para brindar un mejor servicio al \u00e1rea del condado de Butler.","og_url":"https:\/\/thehometownlawyers.com\/es\/contacto\/hamilton-ohio-oficinas-legales-de-kruger-hodges\/","og_site_name":"Kruger &amp; Hodges Abogados De Lesiones","article_publisher":"https:\/\/www.facebook.com\/KrugerHodges\/","article_modified_time":"2026-02-25T17:24:09+00:00","og_image":[{"width":360,"height":241,"url":"https:\/\/thehometownlawyers.com\/wp-content\/uploads\/2019\/01\/Lawyers-in-Hamilton-Ohio.jpg","type":"image\/jpeg"}],"twitter_card":"summary_large_image","twitter_misc":{"Tiempo de lectura":"4 minutos"},"schema":{"@context":"https:\/\/schema.org","@graph":[{"@type":"WebPage","@id":"https:\/\/thehometownlawyers.com\/es\/contacto\/hamilton-ohio-oficinas-legales-de-kruger-hodges\/","url":"https:\/\/thehometownlawyers.com\/es\/contacto\/hamilton-ohio-oficinas-legales-de-kruger-hodges\/","name":"Hamilton, Ohio Oficinas Legales de Kruger &amp; Hodges | Abogados lesiones personales","isPartOf":{"@id":"https:\/\/thehometownlawyers.com\/es\/#website"},"primaryImageOfPage":{"@id":"https:\/\/thehometownlawyers.com\/es\/contacto\/hamilton-ohio-oficinas-legales-de-kruger-hodges\/#primaryimage"},"image":{"@id":"https:\/\/thehometownlawyers.com\/es\/contacto\/hamilton-ohio-oficinas-legales-de-kruger-hodges\/#primaryimage"},"thumbnailUrl":"https:\/\/thehometownlawyers.com\/wp-content\/uploads\/2019\/01\/Lawyers-in-Hamilton-Ohio.jpg","datePublished":"2020-01-15T16:55:00+00:00","dateModified":"2026-02-25T17:24:09+00:00","description":"Las oficinas legales de Kruger & Hodges en Hamilton, Ohio, est\u00e1n ubicadas en 220 South Monument Avenue, Suite 100, para brindar un mejor servicio al \u00e1rea del condado de Butler.","breadcrumb":{"@id":"https:\/\/thehometownlawyers.com\/es\/contacto\/hamilton-ohio-oficinas-legales-de-kruger-hodges\/#breadcrumb"},"inLanguage":"es","potentialAction":[{"@type":"ReadAction","target":["https:\/\/thehometownlawyers.com\/es\/contacto\/hamilton-ohio-oficinas-legales-de-kruger-hodges\/"]}]},{"@type":"ImageObject","inLanguage":"es","@id":"https:\/\/thehometownlawyers.com\/es\/contacto\/hamilton-ohio-oficinas-legales-de-kruger-hodges\/#primaryimage","url":"https:\/\/thehometownlawyers.com\/wp-content\/uploads\/2019\/01\/Lawyers-in-Hamilton-Ohio.jpg","contentUrl":"https:\/\/thehometownlawyers.com\/wp-content\/uploads\/2019\/01\/Lawyers-in-Hamilton-Ohio.jpg","width":360,"height":241,"caption":"Abogado de accidentes"},{"@type":"BreadcrumbList","@id":"https:\/\/thehometownlawyers.com\/es\/contacto\/hamilton-ohio-oficinas-legales-de-kruger-hodges\/#breadcrumb","itemListElement":[{"@type":"ListItem","position":1,"name":"Home","item":"https:\/\/thehometownlawyers.com\/es\/"},{"@type":"ListItem","position":2,"name":"Contacto","item":"https:\/\/thehometownlawyers.com\/es\/contacto\/"},{"@type":"ListItem","position":3,"name":"Hamilton, Ohio Oficinas Legales de Kruger &amp; Hodges"}]},{"@type":"WebSite","@id":"https:\/\/thehometownlawyers.com\/es\/#website","url":"https:\/\/thehometownlawyers.com\/es\/","name":"Kruger & Hodges Hometown Injury Lawyers | Accident Attorneys","description":"Attorneys for Car, Truck and Motorcycle Accidents, Personal Injuries, and Criminal Defense.","publisher":{"@id":"https:\/\/thehometownlawyers.com\/es\/#organization"},"alternateName":"Kruger & Hodges Personal Injury Lawyers","inLanguage":"es"},{"@type":"Organization","@id":"https:\/\/thehometownlawyers.com\/es\/#organization","name":"Kruger & Hodges Hometown Injury Lawyers","alternateName":"Kruger & Hodges","url":"https:\/\/thehometownlawyers.com\/es\/","logo":{"@type":"ImageObject","inLanguage":"es","@id":"https:\/\/thehometownlawyers.com\/es\/#\/schema\/logo\/image\/","url":"https:\/\/thehometownlawyers.com\/wp-content\/uploads\/2025\/12\/revised-kh-logo-vertical-white-background-scaled.png","contentUrl":"https:\/\/thehometownlawyers.com\/wp-content\/uploads\/2025\/12\/revised-kh-logo-vertical-white-background-scaled.png","width":2560,"height":1440,"caption":"Kruger & Hodges Hometown Injury Lawyers"},"image":{"@id":"https:\/\/thehometownlawyers.com\/es\/#\/schema\/logo\/image\/"},"sameAs":["https:\/\/www.facebook.com\/KrugerHodges\/","https:\/\/www.instagram.com\/krugerhodges\/","https:\/\/www.linkedin.com\/company\/kruger-hodges-hometown-injury-lawyers\/","https:\/\/www.youtube.com\/channel\/UCeYcMaMaN2rb9jMlqt4EIdQ","https:\/\/www.tiktok.com\/@thehometownlawyer"]}]}},"_links":{"self":[{"href":"https:\/\/thehometownlawyers.com\/es\/wp-json\/wp\/v2\/pages\/21069","targetHints":{"allow":["GET"]}}],"collection":[{"href":"https:\/\/thehometownlawyers.com\/es\/wp-json\/wp\/v2\/pages"}],"about":[{"href":"https:\/\/thehometownlawyers.com\/es\/wp-json\/wp\/v2\/types\/page"}],"author":[{"embeddable":true,"href":"https:\/\/thehometownlawyers.com\/es\/wp-json\/wp\/v2\/users\/7"}],"replies":[{"embeddable":true,"href":"https:\/\/thehometownlawyers.com\/es\/wp-json\/wp\/v2\/comments?post=21069"}],"version-history":[{"count":0,"href":"https:\/\/thehometownlawyers.com\/es\/wp-json\/wp\/v2\/pages\/21069\/revisions"}],"up":[{"embeddable":true,"href":"https:\/\/thehometownlawyers.com\/es\/wp-json\/wp\/v2\/pages\/20972"}],"wp:featuredmedia":[{"embeddable":true,"href":"https:\/\/thehometownlawyers.com\/es\/wp-json\/wp\/v2\/media\/20729"}],"wp:attachment":[{"href":"https:\/\/thehometownlawyers.com\/es\/wp-json\/wp\/v2\/media?parent=21069"}],"wp:term":[{"taxonomy":"hc_faqs","embeddable":true,"href":"https:\/\/thehometownlawyers.com\/es\/wp-json\/wp\/v2\/hc_faqs?post=21069"},{"taxonomy":"hc_spanish_faqs","embeddable":true,"href":"https:\/\/thehometownlawyers.com\/es\/wp-json\/wp\/v2\/hc_spanish_faqs?post=21069"}],"curies":[{"name":"wp","href":"https:\/\/api.w.org\/{rel}","templated":true}]}}