{"id":21122,"date":"2018-07-15T19:09:07","date_gmt":"2018-07-15T23:09:07","guid":{"rendered":"https:\/\/thehometownlawyers.com\/?p=21122"},"modified":"2025-02-11T17:24:43","modified_gmt":"2025-02-11T22:24:43","slug":"la-diferencia-entre-juicios-ante-tribunal-y-ante-jurado","status":"publish","type":"page","link":"https:\/\/thehometownlawyers.com\/es\/preguntas-frecuentes\/diferentes-entre-juicios-ante-tribunal-y-ante-jurado\/","title":{"rendered":"La diferencia entre juicios ante tribunal y ante jurado"},"content":{"rendered":"<p>Hay varias formas diferentes en las que se pueden resolver los cargos penales, incluidos los juicios con jurado y los juicios sin jurado. Si bien muchas personas han o\u00eddo hablar de estos diversos procedimientos legales, la mayor\u00eda no est\u00e1 segura de las diferencias entre ellos. Esta publicaci\u00f3n revisar\u00e1 las ventajas y desventajas de cada proceso, as\u00ed como una descripci\u00f3n de lo que implica cada proceso. Es importante recordar que si debe someterse a alguno de estos procedimientos, debe obtener los servicios de un <a href=\"https:\/\/thehometownlawyers.com\/es\/abogados-de-defensa-criminal-de-hamilton\/\">abogado defensor penal<\/a> que seguir\u00e1 comprometido a luchar por el resultado que usted merece.<\/p>\n<h2>Pruebas de banco<\/h2>\n<p>Los juicios sin jurado no involucran a un jurado en el proceso. En cambio, un juez es responsable de revisar la evidencia y tomar una decisi\u00f3n sobre la culpabilidad o inocencia de una persona. Los abogados no solo no est\u00e1n obligados a informar al jurado sobre las diversas leyes y pruebas involucradas en un caso, sino que estos procedimientos no requieren declaraciones de apertura ni instrucciones al jurado.<\/p>\n<p>Una de las principales ventajas de los juicios sin jurado es que estos procedimientos pueden resolverse mucho m\u00e1s r\u00e1pido que los juicios que involucran a un jurado. En algunos condados de Ohio, los juicios de banco ocurren durante las tardes y duran tantos d\u00edas como sea necesario. La segunda ventaja de los juicios sin jurado es que debido a que los jueces conocen la ley, el abogado defensor a veces puede argumentar defensas m\u00e1s te\u00f3ricas o matizadas que las que se podr\u00edan usar con un jurado.<\/p>\n<p>Sin embargo, hay algunas desventajas en las pruebas de banco. Por ejemplo, la decisi\u00f3n sobre la culpabilidad o inocencia de una persona la tomar\u00e1 una sola persona. Esto significa que una persona no tendr\u00e1 la opci\u00f3n de argumentar un caso frente a un jurado. Muchos jueces en Ohio tampoco est\u00e1n tan influenciados por las defensas que se basan en la emoci\u00f3n, como lo estar\u00eda un jurado. Como resultado, alguien que proceda con un juicio sin jurado podr\u00eda encontrar que un juez no es tan emp\u00e1tico como un jurado de sus pares. Por lo tanto, el conocimiento de un juez en particular por parte de un abogado penalista local es muy importante.<\/p>\n<h2>Juicios con jurado<\/h2>\n<p>Los juicios con jurado en Ohio por <a href=\"https:\/\/libguides.hamilton-co.org\/c.php?g=801468&amp;p=5733655\" target=\"_blank\" rel=\"noopener\">delitos menores<\/a> se escuchan frente a ocho jurados y un suplente, mientras que los juicios por jurado de delitos graves se escuchan ante 12 jurados y dos suplentes.<\/p>\n<p>Una de las ventajas de un juicio con jurado es que, a menos que los ocho miembros del jurado acuerden por unanimidad que una persona es culpable, la persona no ser\u00e1 condenada. Si incluso uno de los miembros del jurado no puede llegar a un acuerdo, se producir\u00e1 un &#8220;jurado en desacuerdo&#8221;. Si ocurre un jurado dividido, la oficina del fiscal decidir\u00e1 c\u00f3mo responder, lo que puede resultar en la desestimaci\u00f3n de los cargos, la celebraci\u00f3n de un acuerdo con la fiscal\u00eda u otra alternativa. Debido a que es dif\u00edcil convencer a ocho personas de que alguien es culpable, este suele ser el tipo de juicio preferido para muchas personas en lugar de los juicios sin jurado.<\/p>\n<p>La desventaja de los juicios con jurado es que los jurados suelen ser impredecibles, lo que significa que no est\u00e1 claro c\u00f3mo se resolver\u00e1 el caso.<\/p>\n<h2>Hable con un abogado experimentado en defensa criminal<\/h2>\n<p>Si est\u00e1 procediendo a trav\u00e9s de un tribunal o un juicio con jurado, a menudo es fundamental obtener la asistencia de un abogado defensor penal experto que pueda asegurarse de que su caso se resuelva de la mejor manera posible. Comun\u00edquese con <a href=\"https:\/\/thehometownlawyers.com\/es\/contacto\/\">Kruger &amp; Hodges<\/a> si necesita hablar con un abogado penalista.<\/p>\n","protected":false},"excerpt":{"rendered":"<p>Hay varias formas diferentes en las que se pueden resolver los cargos penales, incluidos los juicios con jurado y los juicios sin jurado. Si bien muchas personas han o\u00eddo hablar de estos diversos procedimientos legales, la mayor\u00eda no est\u00e1 segura de las diferencias entre ellos.<\/p>\n","protected":false},"author":7,"featured_media":20691,"parent":20989,"menu_order":0,"comment_status":"closed","ping_status":"closed","template":"","meta":{"_acf_changed":false,"inline_featured_image":false,"_genesis_hide_title":false,"_genesis_hide_breadcrumbs":false,"_genesis_hide_singular_image":false,"_genesis_hide_footer_widgets":false,"_genesis_custom_body_class":"","_genesis_custom_post_class":"","_genesis_layout":"","footnotes":""},"hc_faqs":[],"hc_spanish_faqs":[],"class_list":{"0":"post-21122","1":"page","2":"type-page","3":"status-publish","4":"has-post-thumbnail","6":"entry"},"acf":[],"yoast_head":"<!-- This site is optimized with the Yoast SEO plugin v27.4 - https:\/\/yoast.com\/product\/yoast-seo-wordpress\/ -->\n<title>La diferencia entre juicios ante tribunal y ante jurado: Consulta gratuita<\/title>\n<meta name=\"description\" content=\"Los abogados defensores penales de Kruger &amp; Hodges han experimentado de primera mano la diferencia entre juicios ante jurado y ante jurado. Consulta gratis.\" \/>\n<meta name=\"robots\" content=\"index, follow, max-snippet:-1, max-image-preview:large, max-video-preview:-1\" \/>\n<link rel=\"canonical\" href=\"https:\/\/thehometownlawyers.com\/es\/preguntas-frecuentes\/diferentes-entre-juicios-ante-tribunal-y-ante-jurado\/\" \/>\n<meta property=\"og:locale\" content=\"es_MX\" \/>\n<meta property=\"og:type\" content=\"article\" \/>\n<meta property=\"og:title\" content=\"La diferencia entre juicios ante tribunal y ante jurado: Consulta gratuita\" \/>\n<meta property=\"og:description\" content=\"Los abogados defensores penales de Kruger &amp; Hodges han experimentado de primera mano la diferencia entre juicios ante jurado y ante jurado. Consulta gratis.\" \/>\n<meta property=\"og:url\" content=\"https:\/\/thehometownlawyers.com\/es\/preguntas-frecuentes\/diferentes-entre-juicios-ante-tribunal-y-ante-jurado\/\" \/>\n<meta property=\"og:site_name\" content=\"Kruger &amp; Hodges Abogados De Lesiones\" \/>\n<meta property=\"article:publisher\" content=\"https:\/\/www.facebook.com\/KrugerHodges\/\" \/>\n<meta property=\"article:modified_time\" content=\"2025-02-11T22:24:43+00:00\" \/>\n<meta property=\"og:image\" content=\"https:\/\/thehometownlawyers.com\/wp-content\/uploads\/2020\/01\/photodune-4488545-gavel-xs.jpg\" \/>\n\t<meta property=\"og:image:width\" content=\"548\" \/>\n\t<meta property=\"og:image:height\" content=\"365\" \/>\n\t<meta property=\"og:image:type\" content=\"image\/jpeg\" \/>\n<meta name=\"twitter:card\" content=\"summary_large_image\" \/>\n<meta name=\"twitter:label1\" content=\"Tiempo de lectura\" \/>\n\t<meta name=\"twitter:data1\" content=\"3 minutos\" \/>\n<script type=\"application\/ld+json\" class=\"yoast-schema-graph\">{\"@context\":\"https:\\\/\\\/schema.org\",\"@graph\":[{\"@type\":\"WebPage\",\"@id\":\"https:\\\/\\\/thehometownlawyers.com\\\/es\\\/preguntas-frecuentes\\\/diferentes-entre-juicios-ante-tribunal-y-ante-jurado\\\/\",\"url\":\"https:\\\/\\\/thehometownlawyers.com\\\/es\\\/preguntas-frecuentes\\\/diferentes-entre-juicios-ante-tribunal-y-ante-jurado\\\/\",\"name\":\"La diferencia entre juicios ante tribunal y ante jurado: Consulta gratuita\",\"isPartOf\":{\"@id\":\"https:\\\/\\\/thehometownlawyers.com\\\/es\\\/#website\"},\"primaryImageOfPage\":{\"@id\":\"https:\\\/\\\/thehometownlawyers.com\\\/es\\\/preguntas-frecuentes\\\/diferentes-entre-juicios-ante-tribunal-y-ante-jurado\\\/#primaryimage\"},\"image\":{\"@id\":\"https:\\\/\\\/thehometownlawyers.com\\\/es\\\/preguntas-frecuentes\\\/diferentes-entre-juicios-ante-tribunal-y-ante-jurado\\\/#primaryimage\"},\"thumbnailUrl\":\"https:\\\/\\\/thehometownlawyers.com\\\/wp-content\\\/uploads\\\/2020\\\/01\\\/photodune-4488545-gavel-xs.jpg\",\"datePublished\":\"2018-07-15T23:09:07+00:00\",\"dateModified\":\"2025-02-11T22:24:43+00:00\",\"description\":\"Los abogados defensores penales de Kruger & Hodges han experimentado de primera mano la diferencia entre juicios ante jurado y ante jurado. Consulta gratis.\",\"breadcrumb\":{\"@id\":\"https:\\\/\\\/thehometownlawyers.com\\\/es\\\/preguntas-frecuentes\\\/diferentes-entre-juicios-ante-tribunal-y-ante-jurado\\\/#breadcrumb\"},\"inLanguage\":\"es\",\"potentialAction\":[{\"@type\":\"ReadAction\",\"target\":[\"https:\\\/\\\/thehometownlawyers.com\\\/es\\\/preguntas-frecuentes\\\/diferentes-entre-juicios-ante-tribunal-y-ante-jurado\\\/\"]}]},{\"@type\":\"ImageObject\",\"inLanguage\":\"es\",\"@id\":\"https:\\\/\\\/thehometownlawyers.com\\\/es\\\/preguntas-frecuentes\\\/diferentes-entre-juicios-ante-tribunal-y-ante-jurado\\\/#primaryimage\",\"url\":\"https:\\\/\\\/thehometownlawyers.com\\\/wp-content\\\/uploads\\\/2020\\\/01\\\/photodune-4488545-gavel-xs.jpg\",\"contentUrl\":\"https:\\\/\\\/thehometownlawyers.com\\\/wp-content\\\/uploads\\\/2020\\\/01\\\/photodune-4488545-gavel-xs.jpg\",\"width\":548,\"height\":365,\"caption\":\"juicios con jurado\"},{\"@type\":\"BreadcrumbList\",\"@id\":\"https:\\\/\\\/thehometownlawyers.com\\\/es\\\/preguntas-frecuentes\\\/diferentes-entre-juicios-ante-tribunal-y-ante-jurado\\\/#breadcrumb\",\"itemListElement\":[{\"@type\":\"ListItem\",\"position\":1,\"name\":\"Home\",\"item\":\"https:\\\/\\\/thehometownlawyers.com\\\/es\\\/\"},{\"@type\":\"ListItem\",\"position\":2,\"name\":\"Preguntas Frecuentes\",\"item\":\"https:\\\/\\\/thehometownlawyers.com\\\/es\\\/preguntas-frecuentes\\\/\"},{\"@type\":\"ListItem\",\"position\":3,\"name\":\"La diferencia entre juicios ante tribunal y ante jurado\"}]},{\"@type\":\"WebSite\",\"@id\":\"https:\\\/\\\/thehometownlawyers.com\\\/es\\\/#website\",\"url\":\"https:\\\/\\\/thehometownlawyers.com\\\/es\\\/\",\"name\":\"Kruger & Hodges Hometown Injury Lawyers | Accident Attorneys\",\"description\":\"Attorneys for Car, Truck and Motorcycle Accidents, Personal Injuries, and Criminal Defense.\",\"publisher\":{\"@id\":\"https:\\\/\\\/thehometownlawyers.com\\\/es\\\/#organization\"},\"alternateName\":\"Kruger & Hodges Personal Injury Lawyers\",\"inLanguage\":\"es\"},{\"@type\":\"Organization\",\"@id\":\"https:\\\/\\\/thehometownlawyers.com\\\/es\\\/#organization\",\"name\":\"Kruger & Hodges Hometown Injury Lawyers\",\"alternateName\":\"Kruger & Hodges\",\"url\":\"https:\\\/\\\/thehometownlawyers.com\\\/es\\\/\",\"logo\":{\"@type\":\"ImageObject\",\"inLanguage\":\"es\",\"@id\":\"https:\\\/\\\/thehometownlawyers.com\\\/es\\\/#\\\/schema\\\/logo\\\/image\\\/\",\"url\":\"https:\\\/\\\/thehometownlawyers.com\\\/wp-content\\\/uploads\\\/2025\\\/12\\\/revised-kh-logo-vertical-white-background-scaled.png\",\"contentUrl\":\"https:\\\/\\\/thehometownlawyers.com\\\/wp-content\\\/uploads\\\/2025\\\/12\\\/revised-kh-logo-vertical-white-background-scaled.png\",\"width\":2560,\"height\":1440,\"caption\":\"Kruger & Hodges Hometown Injury Lawyers\"},\"image\":{\"@id\":\"https:\\\/\\\/thehometownlawyers.com\\\/es\\\/#\\\/schema\\\/logo\\\/image\\\/\"},\"sameAs\":[\"https:\\\/\\\/www.facebook.com\\\/KrugerHodges\\\/\",\"https:\\\/\\\/www.instagram.com\\\/krugerhodges\\\/\",\"https:\\\/\\\/www.linkedin.com\\\/company\\\/kruger-hodges-hometown-injury-lawyers\\\/\",\"https:\\\/\\\/www.youtube.com\\\/channel\\\/UCeYcMaMaN2rb9jMlqt4EIdQ\",\"https:\\\/\\\/www.tiktok.com\\\/@thehometownlawyer\"]}]}<\/script>\n<!-- \/ Yoast SEO plugin. -->","yoast_head_json":{"title":"La diferencia entre juicios ante tribunal y ante jurado: Consulta gratuita","description":"Los abogados defensores penales de Kruger & Hodges han experimentado de primera mano la diferencia entre juicios ante jurado y ante jurado. Consulta gratis.","robots":{"index":"index","follow":"follow","max-snippet":"max-snippet:-1","max-image-preview":"max-image-preview:large","max-video-preview":"max-video-preview:-1"},"canonical":"https:\/\/thehometownlawyers.com\/es\/preguntas-frecuentes\/diferentes-entre-juicios-ante-tribunal-y-ante-jurado\/","og_locale":"es_MX","og_type":"article","og_title":"La diferencia entre juicios ante tribunal y ante jurado: Consulta gratuita","og_description":"Los abogados defensores penales de Kruger & Hodges han experimentado de primera mano la diferencia entre juicios ante jurado y ante jurado. Consulta gratis.","og_url":"https:\/\/thehometownlawyers.com\/es\/preguntas-frecuentes\/diferentes-entre-juicios-ante-tribunal-y-ante-jurado\/","og_site_name":"Kruger &amp; Hodges Abogados De Lesiones","article_publisher":"https:\/\/www.facebook.com\/KrugerHodges\/","article_modified_time":"2025-02-11T22:24:43+00:00","og_image":[{"width":548,"height":365,"url":"https:\/\/thehometownlawyers.com\/wp-content\/uploads\/2020\/01\/photodune-4488545-gavel-xs.jpg","type":"image\/jpeg"}],"twitter_card":"summary_large_image","twitter_misc":{"Tiempo de lectura":"3 minutos"},"schema":{"@context":"https:\/\/schema.org","@graph":[{"@type":"WebPage","@id":"https:\/\/thehometownlawyers.com\/es\/preguntas-frecuentes\/diferentes-entre-juicios-ante-tribunal-y-ante-jurado\/","url":"https:\/\/thehometownlawyers.com\/es\/preguntas-frecuentes\/diferentes-entre-juicios-ante-tribunal-y-ante-jurado\/","name":"La diferencia entre juicios ante tribunal y ante jurado: Consulta gratuita","isPartOf":{"@id":"https:\/\/thehometownlawyers.com\/es\/#website"},"primaryImageOfPage":{"@id":"https:\/\/thehometownlawyers.com\/es\/preguntas-frecuentes\/diferentes-entre-juicios-ante-tribunal-y-ante-jurado\/#primaryimage"},"image":{"@id":"https:\/\/thehometownlawyers.com\/es\/preguntas-frecuentes\/diferentes-entre-juicios-ante-tribunal-y-ante-jurado\/#primaryimage"},"thumbnailUrl":"https:\/\/thehometownlawyers.com\/wp-content\/uploads\/2020\/01\/photodune-4488545-gavel-xs.jpg","datePublished":"2018-07-15T23:09:07+00:00","dateModified":"2025-02-11T22:24:43+00:00","description":"Los abogados defensores penales de Kruger & Hodges han experimentado de primera mano la diferencia entre juicios ante jurado y ante jurado. Consulta gratis.","breadcrumb":{"@id":"https:\/\/thehometownlawyers.com\/es\/preguntas-frecuentes\/diferentes-entre-juicios-ante-tribunal-y-ante-jurado\/#breadcrumb"},"inLanguage":"es","potentialAction":[{"@type":"ReadAction","target":["https:\/\/thehometownlawyers.com\/es\/preguntas-frecuentes\/diferentes-entre-juicios-ante-tribunal-y-ante-jurado\/"]}]},{"@type":"ImageObject","inLanguage":"es","@id":"https:\/\/thehometownlawyers.com\/es\/preguntas-frecuentes\/diferentes-entre-juicios-ante-tribunal-y-ante-jurado\/#primaryimage","url":"https:\/\/thehometownlawyers.com\/wp-content\/uploads\/2020\/01\/photodune-4488545-gavel-xs.jpg","contentUrl":"https:\/\/thehometownlawyers.com\/wp-content\/uploads\/2020\/01\/photodune-4488545-gavel-xs.jpg","width":548,"height":365,"caption":"juicios con jurado"},{"@type":"BreadcrumbList","@id":"https:\/\/thehometownlawyers.com\/es\/preguntas-frecuentes\/diferentes-entre-juicios-ante-tribunal-y-ante-jurado\/#breadcrumb","itemListElement":[{"@type":"ListItem","position":1,"name":"Home","item":"https:\/\/thehometownlawyers.com\/es\/"},{"@type":"ListItem","position":2,"name":"Preguntas Frecuentes","item":"https:\/\/thehometownlawyers.com\/es\/preguntas-frecuentes\/"},{"@type":"ListItem","position":3,"name":"La diferencia entre juicios ante tribunal y ante jurado"}]},{"@type":"WebSite","@id":"https:\/\/thehometownlawyers.com\/es\/#website","url":"https:\/\/thehometownlawyers.com\/es\/","name":"Kruger & Hodges Hometown Injury Lawyers | Accident Attorneys","description":"Attorneys for Car, Truck and Motorcycle Accidents, Personal Injuries, and Criminal Defense.","publisher":{"@id":"https:\/\/thehometownlawyers.com\/es\/#organization"},"alternateName":"Kruger & Hodges Personal Injury Lawyers","inLanguage":"es"},{"@type":"Organization","@id":"https:\/\/thehometownlawyers.com\/es\/#organization","name":"Kruger & Hodges Hometown Injury Lawyers","alternateName":"Kruger & Hodges","url":"https:\/\/thehometownlawyers.com\/es\/","logo":{"@type":"ImageObject","inLanguage":"es","@id":"https:\/\/thehometownlawyers.com\/es\/#\/schema\/logo\/image\/","url":"https:\/\/thehometownlawyers.com\/wp-content\/uploads\/2025\/12\/revised-kh-logo-vertical-white-background-scaled.png","contentUrl":"https:\/\/thehometownlawyers.com\/wp-content\/uploads\/2025\/12\/revised-kh-logo-vertical-white-background-scaled.png","width":2560,"height":1440,"caption":"Kruger & Hodges Hometown Injury Lawyers"},"image":{"@id":"https:\/\/thehometownlawyers.com\/es\/#\/schema\/logo\/image\/"},"sameAs":["https:\/\/www.facebook.com\/KrugerHodges\/","https:\/\/www.instagram.com\/krugerhodges\/","https:\/\/www.linkedin.com\/company\/kruger-hodges-hometown-injury-lawyers\/","https:\/\/www.youtube.com\/channel\/UCeYcMaMaN2rb9jMlqt4EIdQ","https:\/\/www.tiktok.com\/@thehometownlawyer"]}]}},"_links":{"self":[{"href":"https:\/\/thehometownlawyers.com\/es\/wp-json\/wp\/v2\/pages\/21122","targetHints":{"allow":["GET"]}}],"collection":[{"href":"https:\/\/thehometownlawyers.com\/es\/wp-json\/wp\/v2\/pages"}],"about":[{"href":"https:\/\/thehometownlawyers.com\/es\/wp-json\/wp\/v2\/types\/page"}],"author":[{"embeddable":true,"href":"https:\/\/thehometownlawyers.com\/es\/wp-json\/wp\/v2\/users\/7"}],"replies":[{"embeddable":true,"href":"https:\/\/thehometownlawyers.com\/es\/wp-json\/wp\/v2\/comments?post=21122"}],"version-history":[{"count":0,"href":"https:\/\/thehometownlawyers.com\/es\/wp-json\/wp\/v2\/pages\/21122\/revisions"}],"up":[{"embeddable":true,"href":"https:\/\/thehometownlawyers.com\/es\/wp-json\/wp\/v2\/pages\/20989"}],"wp:featuredmedia":[{"embeddable":true,"href":"https:\/\/thehometownlawyers.com\/es\/wp-json\/wp\/v2\/media\/20691"}],"wp:attachment":[{"href":"https:\/\/thehometownlawyers.com\/es\/wp-json\/wp\/v2\/media?parent=21122"}],"wp:term":[{"taxonomy":"hc_faqs","embeddable":true,"href":"https:\/\/thehometownlawyers.com\/es\/wp-json\/wp\/v2\/hc_faqs?post=21122"},{"taxonomy":"hc_spanish_faqs","embeddable":true,"href":"https:\/\/thehometownlawyers.com\/es\/wp-json\/wp\/v2\/hc_spanish_faqs?post=21122"}],"curies":[{"name":"wp","href":"https:\/\/api.w.org\/{rel}","templated":true}]}}