{"id":21131,"date":"2020-01-13T17:21:09","date_gmt":"2020-01-13T22:21:09","guid":{"rendered":"https:\/\/thehometownlawyers.com\/?page_id=21131"},"modified":"2025-03-17T11:56:33","modified_gmt":"2025-03-17T15:56:33","slug":"abogados-defensores-de-delitos-de-drogas","status":"publish","type":"page","link":"https:\/\/thehometownlawyers.com\/es\/abogados-de-defensa-criminal-de-hamilton\/abogados-defensores-de-delitos-de-drogas\/","title":{"rendered":"Abogado de Delitos de Drogas en Hamilton"},"content":{"rendered":"<h2>Abogados defensores de delitos de drogas<\/h2>\n<p>Los cargos por drogas en Ohio pueden variar significativamente en t\u00e9rminos de gravedad, desde la simple posesi\u00f3n hasta los cargos por distribuci\u00f3n y fabricaci\u00f3n. Independientemente del delito de drogas que se le acuse, es una buena idea obtener la asistencia de un abogado defensor penal con experiencia que pueda ayudarlo a crear una estrategia legal s\u00f3lida y asegurarse de que su caso se resuelva de la mejor manera posible. Si usted o un ser querido est\u00e1 siendo acusado de un delito de drogas, es fundamental que se comunique con los abogados defensores de delitos de drogas de Kruger &amp; Hodges. Tambi\u00e9n es importante comprender algunos datos clave sobre c\u00f3mo se procesan los delitos de drogas en Ohio.<\/p>\n<p class=\"rs-content-cta rs-content-cta-small\">Para una consulta legal gratuita, llame al <a href=\"tel:+15138943333\">513-894-3333 <\/a><\/p><h2>Listas de Sustancias Controladas<\/h2>\n<p>El gobierno federal tiene una lista o programa de sustancias controladas. Ohio tiene una lista similar. El lugar donde se encuentra una droga en esta lista influye en los cargos que una persona puede terminar enfrentando. El programa de sustancias controladas en Ohio incluye lo siguiente:<\/p>\n<ul class=\"cus_prac_ulli\">\n<li><strong>Lista I:<\/strong> esta categor\u00eda incluye drogas como la hero\u00edna, que no tienen un prop\u00f3sito aceptado y tienen el mayor riesgo de adicci\u00f3n.<\/li>\n<li><strong>Lista II:<\/strong> esta categor\u00eda incluye una gran cantidad de analg\u00e9sicos, que tienen un uso m\u00e9dicamente aceptado pero tambi\u00e9n tienen un alto riesgo de abuso y adicci\u00f3n.<\/li>\n<li><strong>Lista III:<\/strong> las drogas como los esteroides anab\u00f3licos se incluyen en este grupo e incluyen sustancias que tienen un riesgo moderado de adicci\u00f3n pero usos m\u00e9dicos leg\u00edtimos.<\/li>\n<li><strong>Lista IV:<\/strong> Esta categor\u00eda incluye sedantes que tienen un bajo riesgo de adicci\u00f3n pero un uso m\u00e9dico aceptado.<\/li>\n<li><strong>Lista V:<\/strong> Las drogas con una peque\u00f1a cantidad de code\u00edna se incluyen en esta categor\u00eda y tienen un bajo riesgo de adicci\u00f3n pero un uso m\u00e9dico com\u00fanmente aceptado.<\/li>\n<\/ul>\n<p class=\"rs-content-cta\">Abogado de Defensa Criminal de hamilton Cerca de M\u00ed <a href=\"tel:+15138943333\">513-894-3333<\/a><\/p><h2>Delitos de drogas en Ohio<\/h2>\n<p>Algunos de los delitos de drogas m\u00e1s comunes de los que se acusa a las personas en Ohio incluyen los siguientes:<\/p>\n<ul class=\"cus_prac_ulli\">\n<li><strong>Posesi\u00f3n de drogas:<\/strong> la ley de Ohio <a href=\"https:\/\/codes.ohio.gov\/ohio-revised-code\/chapter-3719\" target=\"_blank\" rel=\"noopener\">proh\u00edbe<\/a> que una persona obtenga, posea o use una sustancia controlada a sabiendas, a menos que esa persona sea un fabricante de drogas, tenga una licencia para recetar drogas o tenga una receta v\u00e1lida.<\/li>\n<li><strong>Parafernalia de drogas:<\/strong> la ley de Ohio establece que es ilegal poseer parafernalia de drogas, lo que incluye cualquier tipo de equipo o producto que se use o tenga la intenci\u00f3n de usarse para el cultivo, la fabricaci\u00f3n, la producci\u00f3n, el procesamiento, el empaque o el almacenamiento de drogas ilegales. Estos cargos a menudo surgen adem\u00e1s de otros delitos de drogas.<\/li>\n<li><strong>Tr\u00e1fico de drogas:<\/strong> estos cargos surgen cuando una persona entrega, vende, ofrece vender, prepara la distribuci\u00f3n, prepara el env\u00edo o transporta drogas a sabiendas.<\/li>\n<li><strong>Posesi\u00f3n de hero\u00edna:<\/strong> la hero\u00edna se clasifica como una droga de la Lista I. Mientras que la posesi\u00f3n de menos de 1 gramo de hero\u00edna es un delito grave de quinto grado que resulta en hasta 12 meses de prisi\u00f3n y multas de hasta $2,500, la posesi\u00f3n de m\u00e1s de 250 gramos de hero\u00edna resulta en un requisito de 11 a\u00f1os de prisi\u00f3n y multas de hasta a $20,000.<\/li>\n<li><strong>Posesi\u00f3n de marihuana:<\/strong> clasificada como una droga de la Lista I en Ohio, las sanciones que enfrenta una persona por posesi\u00f3n de marihuana var\u00edan significativamente seg\u00fan la cantidad involucrada. Mientras que menos de 100 gramos de marihuana generalmente se clasifica como un delito menor que resulta en multas de $150, la posesi\u00f3n de 40,000 gramos de marihuana es un delito grave de segundo grado que puede resultar en hasta ocho a\u00f1os de prisi\u00f3n y una multa de hasta $15,000.<\/li>\n<\/ul>\n<p class=\"rs-content-cta rs-content-cta-small\"><a href=\"\/es\/contacto\/\">Haga clic para contactar<\/a> con nuestros defensa criminal abogados hoy<\/p><h2>Obtenga los Servicios de Nuestros Abogados Especializados en Defensa de Delitos de Drogas<\/h2>\n<p>Si ha sido acusado de cualquier tipo de delito de drogas en Hamilton, Eaton o Middletown, no dude en <a href=\"https:\/\/thehometownlawyers.com\/es\/contacto\/\">comunicarse<\/a> con los abogados defensores de delitos de drogas del bufete de abogados de Kruger &amp; Hodges para programar una consulta inicial gratuita. De principio a fin, nuestros <a href=\"https:\/\/thehometownlawyers.com\/es\/abogados-de-defensa-criminal-de-hamilton\/\">abogados de defensa criminal<\/a> seguir\u00e1n comprometidos a obtener los mejores resultados posibles en su caso.<\/p>\n<p class=\"rs-content-cta rs-content-cta-small\">Llame o env\u00ede un mensaje de texto al <a href=\"tel:+15138943333\">513-894-3333<\/a> o complete una <a href=\"\/es\/contacto\/\">evaluaci\u00f3n gratuita de su caso<\/a><\/p>","protected":false},"excerpt":{"rendered":"<p>Abogados defensores de delitos de drogas Los cargos por drogas en Ohio pueden variar significativamente en t\u00e9rminos de gravedad, desde la simple posesi\u00f3n hasta los cargos por distribuci\u00f3n y fabricaci\u00f3n. Independientemente del delito de drogas que se le acuse, es una buena idea obtener la asistencia de un abogado defensor penal con experiencia que pueda &#8230;<\/p>\n","protected":false},"author":7,"featured_media":20826,"parent":20980,"menu_order":0,"comment_status":"closed","ping_status":"closed","template":"","meta":{"_acf_changed":false,"inline_featured_image":false,"_genesis_hide_title":false,"_genesis_hide_breadcrumbs":false,"_genesis_hide_singular_image":false,"_genesis_hide_footer_widgets":false,"_genesis_custom_body_class":"","_genesis_custom_post_class":"","_genesis_layout":"","footnotes":""},"hc_faqs":[],"hc_spanish_faqs":[],"class_list":{"0":"post-21131","1":"page","2":"type-page","3":"status-publish","4":"has-post-thumbnail","6":"hc_city_location-hamilton-es-2","7":"entry"},"acf":[],"yoast_head":"<!-- This site is optimized with the Yoast SEO plugin v27.3 - https:\/\/yoast.com\/product\/yoast-seo-wordpress\/ -->\n<title>Abogado de Delitos de Drogas en Hamilton | Consulta gratuita<\/title>\n<meta name=\"description\" content=\"Si lo acusan de un delito de drogas, es esencial que se comunique con los abogados defensores de delitos de drogas de Kruger &amp; Hodges en Hamilton, Ohio.\" \/>\n<meta name=\"robots\" content=\"index, follow, max-snippet:-1, max-image-preview:large, max-video-preview:-1\" \/>\n<link rel=\"canonical\" href=\"https:\/\/thehometownlawyers.com\/es\/abogados-de-defensa-criminal-de-hamilton\/abogados-defensores-de-delitos-de-drogas\/\" \/>\n<meta property=\"og:locale\" content=\"es_MX\" \/>\n<meta property=\"og:type\" content=\"article\" \/>\n<meta property=\"og:title\" content=\"Abogado de Delitos de Drogas en Hamilton | Consulta gratuita\" \/>\n<meta property=\"og:description\" content=\"Si lo acusan de un delito de drogas, es esencial que se comunique con los abogados defensores de delitos de drogas de Kruger &amp; Hodges en Hamilton, Ohio.\" \/>\n<meta property=\"og:url\" content=\"https:\/\/thehometownlawyers.com\/es\/abogados-de-defensa-criminal-de-hamilton\/abogados-defensores-de-delitos-de-drogas\/\" \/>\n<meta property=\"og:site_name\" content=\"Kruger &amp; Hodges Abogados De Lesiones\" \/>\n<meta property=\"article:publisher\" content=\"https:\/\/www.facebook.com\/KrugerHodges\/\" \/>\n<meta property=\"article:modified_time\" content=\"2025-03-17T15:56:33+00:00\" \/>\n<meta property=\"og:image\" content=\"https:\/\/thehometownlawyers.com\/wp-content\/uploads\/2021\/08\/drugs-crimes-marijuana.jpg\" \/>\n\t<meta property=\"og:image:width\" content=\"1920\" \/>\n\t<meta property=\"og:image:height\" content=\"1080\" \/>\n\t<meta property=\"og:image:type\" content=\"image\/jpeg\" \/>\n<meta name=\"twitter:card\" content=\"summary_large_image\" \/>\n<meta name=\"twitter:label1\" content=\"Tiempo de lectura\" \/>\n\t<meta name=\"twitter:data1\" content=\"4 minutos\" \/>\n<script type=\"application\/ld+json\" class=\"yoast-schema-graph\">{\"@context\":\"https:\\\/\\\/schema.org\",\"@graph\":[{\"@type\":\"WebPage\",\"@id\":\"https:\\\/\\\/thehometownlawyers.com\\\/es\\\/abogados-de-defensa-criminal-de-hamilton\\\/abogados-defensores-de-delitos-de-drogas\\\/\",\"url\":\"https:\\\/\\\/thehometownlawyers.com\\\/es\\\/abogados-de-defensa-criminal-de-hamilton\\\/abogados-defensores-de-delitos-de-drogas\\\/\",\"name\":\"Abogado de Delitos de Drogas en Hamilton | Consulta gratuita\",\"isPartOf\":{\"@id\":\"https:\\\/\\\/thehometownlawyers.com\\\/es\\\/#website\"},\"primaryImageOfPage\":{\"@id\":\"https:\\\/\\\/thehometownlawyers.com\\\/es\\\/abogados-de-defensa-criminal-de-hamilton\\\/abogados-defensores-de-delitos-de-drogas\\\/#primaryimage\"},\"image\":{\"@id\":\"https:\\\/\\\/thehometownlawyers.com\\\/es\\\/abogados-de-defensa-criminal-de-hamilton\\\/abogados-defensores-de-delitos-de-drogas\\\/#primaryimage\"},\"thumbnailUrl\":\"https:\\\/\\\/thehometownlawyers.com\\\/wp-content\\\/uploads\\\/2021\\\/08\\\/drugs-crimes-marijuana.jpg\",\"datePublished\":\"2020-01-13T22:21:09+00:00\",\"dateModified\":\"2025-03-17T15:56:33+00:00\",\"description\":\"Si lo acusan de un delito de drogas, es esencial que se comunique con los abogados defensores de delitos de drogas de Kruger & Hodges en Hamilton, Ohio.\",\"breadcrumb\":{\"@id\":\"https:\\\/\\\/thehometownlawyers.com\\\/es\\\/abogados-de-defensa-criminal-de-hamilton\\\/abogados-defensores-de-delitos-de-drogas\\\/#breadcrumb\"},\"inLanguage\":\"es\",\"potentialAction\":[{\"@type\":\"ReadAction\",\"target\":[\"https:\\\/\\\/thehometownlawyers.com\\\/es\\\/abogados-de-defensa-criminal-de-hamilton\\\/abogados-defensores-de-delitos-de-drogas\\\/\"]}]},{\"@type\":\"ImageObject\",\"inLanguage\":\"es\",\"@id\":\"https:\\\/\\\/thehometownlawyers.com\\\/es\\\/abogados-de-defensa-criminal-de-hamilton\\\/abogados-defensores-de-delitos-de-drogas\\\/#primaryimage\",\"url\":\"https:\\\/\\\/thehometownlawyers.com\\\/wp-content\\\/uploads\\\/2021\\\/08\\\/drugs-crimes-marijuana.jpg\",\"contentUrl\":\"https:\\\/\\\/thehometownlawyers.com\\\/wp-content\\\/uploads\\\/2021\\\/08\\\/drugs-crimes-marijuana.jpg\",\"width\":1920,\"height\":1080,\"caption\":\"bolsa de marihuana\"},{\"@type\":\"BreadcrumbList\",\"@id\":\"https:\\\/\\\/thehometownlawyers.com\\\/es\\\/abogados-de-defensa-criminal-de-hamilton\\\/abogados-defensores-de-delitos-de-drogas\\\/#breadcrumb\",\"itemListElement\":[{\"@type\":\"ListItem\",\"position\":1,\"name\":\"Home\",\"item\":\"https:\\\/\\\/thehometownlawyers.com\\\/es\\\/\"},{\"@type\":\"ListItem\",\"position\":2,\"name\":\"Abogado de Defensa Criminal en Hamilton\",\"item\":\"https:\\\/\\\/thehometownlawyers.com\\\/es\\\/abogados-de-defensa-criminal-de-hamilton\\\/\"},{\"@type\":\"ListItem\",\"position\":3,\"name\":\"Abogado de Delitos de Drogas en Hamilton\"}]},{\"@type\":\"WebSite\",\"@id\":\"https:\\\/\\\/thehometownlawyers.com\\\/es\\\/#website\",\"url\":\"https:\\\/\\\/thehometownlawyers.com\\\/es\\\/\",\"name\":\"Kruger & Hodges Hometown Injury Lawyers | Accident Attorneys\",\"description\":\"Attorneys for Car, Truck and Motorcycle Accidents, Personal Injuries, and Criminal Defense.\",\"publisher\":{\"@id\":\"https:\\\/\\\/thehometownlawyers.com\\\/es\\\/#organization\"},\"alternateName\":\"Kruger & Hodges Personal Injury Lawyers\",\"inLanguage\":\"es\"},{\"@type\":\"Organization\",\"@id\":\"https:\\\/\\\/thehometownlawyers.com\\\/es\\\/#organization\",\"name\":\"Kruger & Hodges Hometown Injury Lawyers\",\"alternateName\":\"Kruger & Hodges\",\"url\":\"https:\\\/\\\/thehometownlawyers.com\\\/es\\\/\",\"logo\":{\"@type\":\"ImageObject\",\"inLanguage\":\"es\",\"@id\":\"https:\\\/\\\/thehometownlawyers.com\\\/es\\\/#\\\/schema\\\/logo\\\/image\\\/\",\"url\":\"https:\\\/\\\/thehometownlawyers.com\\\/wp-content\\\/uploads\\\/2025\\\/12\\\/revised-kh-logo-vertical-white-background-scaled.png\",\"contentUrl\":\"https:\\\/\\\/thehometownlawyers.com\\\/wp-content\\\/uploads\\\/2025\\\/12\\\/revised-kh-logo-vertical-white-background-scaled.png\",\"width\":2560,\"height\":1440,\"caption\":\"Kruger & Hodges Hometown Injury Lawyers\"},\"image\":{\"@id\":\"https:\\\/\\\/thehometownlawyers.com\\\/es\\\/#\\\/schema\\\/logo\\\/image\\\/\"},\"sameAs\":[\"https:\\\/\\\/www.facebook.com\\\/KrugerHodges\\\/\",\"https:\\\/\\\/www.instagram.com\\\/krugerhodges\\\/\",\"https:\\\/\\\/www.linkedin.com\\\/company\\\/kruger-hodges-hometown-injury-lawyers\\\/\",\"https:\\\/\\\/www.youtube.com\\\/channel\\\/UCeYcMaMaN2rb9jMlqt4EIdQ\",\"https:\\\/\\\/www.tiktok.com\\\/@thehometownlawyer\"]}]}<\/script>\n<!-- \/ Yoast SEO plugin. -->","yoast_head_json":{"title":"Abogado de Delitos de Drogas en Hamilton | Consulta gratuita","description":"Si lo acusan de un delito de drogas, es esencial que se comunique con los abogados defensores de delitos de drogas de Kruger & Hodges en Hamilton, Ohio.","robots":{"index":"index","follow":"follow","max-snippet":"max-snippet:-1","max-image-preview":"max-image-preview:large","max-video-preview":"max-video-preview:-1"},"canonical":"https:\/\/thehometownlawyers.com\/es\/abogados-de-defensa-criminal-de-hamilton\/abogados-defensores-de-delitos-de-drogas\/","og_locale":"es_MX","og_type":"article","og_title":"Abogado de Delitos de Drogas en Hamilton | Consulta gratuita","og_description":"Si lo acusan de un delito de drogas, es esencial que se comunique con los abogados defensores de delitos de drogas de Kruger & Hodges en Hamilton, Ohio.","og_url":"https:\/\/thehometownlawyers.com\/es\/abogados-de-defensa-criminal-de-hamilton\/abogados-defensores-de-delitos-de-drogas\/","og_site_name":"Kruger &amp; Hodges Abogados De Lesiones","article_publisher":"https:\/\/www.facebook.com\/KrugerHodges\/","article_modified_time":"2025-03-17T15:56:33+00:00","og_image":[{"width":1920,"height":1080,"url":"https:\/\/thehometownlawyers.com\/wp-content\/uploads\/2021\/08\/drugs-crimes-marijuana.jpg","type":"image\/jpeg"}],"twitter_card":"summary_large_image","twitter_misc":{"Tiempo de lectura":"4 minutos"},"schema":{"@context":"https:\/\/schema.org","@graph":[{"@type":"WebPage","@id":"https:\/\/thehometownlawyers.com\/es\/abogados-de-defensa-criminal-de-hamilton\/abogados-defensores-de-delitos-de-drogas\/","url":"https:\/\/thehometownlawyers.com\/es\/abogados-de-defensa-criminal-de-hamilton\/abogados-defensores-de-delitos-de-drogas\/","name":"Abogado de Delitos de Drogas en Hamilton | Consulta gratuita","isPartOf":{"@id":"https:\/\/thehometownlawyers.com\/es\/#website"},"primaryImageOfPage":{"@id":"https:\/\/thehometownlawyers.com\/es\/abogados-de-defensa-criminal-de-hamilton\/abogados-defensores-de-delitos-de-drogas\/#primaryimage"},"image":{"@id":"https:\/\/thehometownlawyers.com\/es\/abogados-de-defensa-criminal-de-hamilton\/abogados-defensores-de-delitos-de-drogas\/#primaryimage"},"thumbnailUrl":"https:\/\/thehometownlawyers.com\/wp-content\/uploads\/2021\/08\/drugs-crimes-marijuana.jpg","datePublished":"2020-01-13T22:21:09+00:00","dateModified":"2025-03-17T15:56:33+00:00","description":"Si lo acusan de un delito de drogas, es esencial que se comunique con los abogados defensores de delitos de drogas de Kruger & Hodges en Hamilton, Ohio.","breadcrumb":{"@id":"https:\/\/thehometownlawyers.com\/es\/abogados-de-defensa-criminal-de-hamilton\/abogados-defensores-de-delitos-de-drogas\/#breadcrumb"},"inLanguage":"es","potentialAction":[{"@type":"ReadAction","target":["https:\/\/thehometownlawyers.com\/es\/abogados-de-defensa-criminal-de-hamilton\/abogados-defensores-de-delitos-de-drogas\/"]}]},{"@type":"ImageObject","inLanguage":"es","@id":"https:\/\/thehometownlawyers.com\/es\/abogados-de-defensa-criminal-de-hamilton\/abogados-defensores-de-delitos-de-drogas\/#primaryimage","url":"https:\/\/thehometownlawyers.com\/wp-content\/uploads\/2021\/08\/drugs-crimes-marijuana.jpg","contentUrl":"https:\/\/thehometownlawyers.com\/wp-content\/uploads\/2021\/08\/drugs-crimes-marijuana.jpg","width":1920,"height":1080,"caption":"bolsa de marihuana"},{"@type":"BreadcrumbList","@id":"https:\/\/thehometownlawyers.com\/es\/abogados-de-defensa-criminal-de-hamilton\/abogados-defensores-de-delitos-de-drogas\/#breadcrumb","itemListElement":[{"@type":"ListItem","position":1,"name":"Home","item":"https:\/\/thehometownlawyers.com\/es\/"},{"@type":"ListItem","position":2,"name":"Abogado de Defensa Criminal en Hamilton","item":"https:\/\/thehometownlawyers.com\/es\/abogados-de-defensa-criminal-de-hamilton\/"},{"@type":"ListItem","position":3,"name":"Abogado de Delitos de Drogas en Hamilton"}]},{"@type":"WebSite","@id":"https:\/\/thehometownlawyers.com\/es\/#website","url":"https:\/\/thehometownlawyers.com\/es\/","name":"Kruger & Hodges Hometown Injury Lawyers | Accident Attorneys","description":"Attorneys for Car, Truck and Motorcycle Accidents, Personal Injuries, and Criminal Defense.","publisher":{"@id":"https:\/\/thehometownlawyers.com\/es\/#organization"},"alternateName":"Kruger & Hodges Personal Injury Lawyers","inLanguage":"es"},{"@type":"Organization","@id":"https:\/\/thehometownlawyers.com\/es\/#organization","name":"Kruger & Hodges Hometown Injury Lawyers","alternateName":"Kruger & Hodges","url":"https:\/\/thehometownlawyers.com\/es\/","logo":{"@type":"ImageObject","inLanguage":"es","@id":"https:\/\/thehometownlawyers.com\/es\/#\/schema\/logo\/image\/","url":"https:\/\/thehometownlawyers.com\/wp-content\/uploads\/2025\/12\/revised-kh-logo-vertical-white-background-scaled.png","contentUrl":"https:\/\/thehometownlawyers.com\/wp-content\/uploads\/2025\/12\/revised-kh-logo-vertical-white-background-scaled.png","width":2560,"height":1440,"caption":"Kruger & Hodges Hometown Injury Lawyers"},"image":{"@id":"https:\/\/thehometownlawyers.com\/es\/#\/schema\/logo\/image\/"},"sameAs":["https:\/\/www.facebook.com\/KrugerHodges\/","https:\/\/www.instagram.com\/krugerhodges\/","https:\/\/www.linkedin.com\/company\/kruger-hodges-hometown-injury-lawyers\/","https:\/\/www.youtube.com\/channel\/UCeYcMaMaN2rb9jMlqt4EIdQ","https:\/\/www.tiktok.com\/@thehometownlawyer"]}]}},"_links":{"self":[{"href":"https:\/\/thehometownlawyers.com\/es\/wp-json\/wp\/v2\/pages\/21131","targetHints":{"allow":["GET"]}}],"collection":[{"href":"https:\/\/thehometownlawyers.com\/es\/wp-json\/wp\/v2\/pages"}],"about":[{"href":"https:\/\/thehometownlawyers.com\/es\/wp-json\/wp\/v2\/types\/page"}],"author":[{"embeddable":true,"href":"https:\/\/thehometownlawyers.com\/es\/wp-json\/wp\/v2\/users\/7"}],"replies":[{"embeddable":true,"href":"https:\/\/thehometownlawyers.com\/es\/wp-json\/wp\/v2\/comments?post=21131"}],"version-history":[{"count":0,"href":"https:\/\/thehometownlawyers.com\/es\/wp-json\/wp\/v2\/pages\/21131\/revisions"}],"up":[{"embeddable":true,"href":"https:\/\/thehometownlawyers.com\/es\/wp-json\/wp\/v2\/pages\/20980"}],"wp:featuredmedia":[{"embeddable":true,"href":"https:\/\/thehometownlawyers.com\/es\/wp-json\/wp\/v2\/media\/20826"}],"wp:attachment":[{"href":"https:\/\/thehometownlawyers.com\/es\/wp-json\/wp\/v2\/media?parent=21131"}],"wp:term":[{"taxonomy":"hc_faqs","embeddable":true,"href":"https:\/\/thehometownlawyers.com\/es\/wp-json\/wp\/v2\/hc_faqs?post=21131"},{"taxonomy":"hc_spanish_faqs","embeddable":true,"href":"https:\/\/thehometownlawyers.com\/es\/wp-json\/wp\/v2\/hc_spanish_faqs?post=21131"}],"curies":[{"name":"wp","href":"https:\/\/api.w.org\/{rel}","templated":true}]}}