{"id":21133,"date":"2020-01-14T11:54:30","date_gmt":"2020-01-14T16:54:30","guid":{"rendered":"https:\/\/thehometownlawyers.com\/?page_id=21133"},"modified":"2025-03-17T11:42:27","modified_gmt":"2025-03-17T15:42:27","slug":"abogados-de-accidentes-por-resbalones-y-caidas","status":"publish","type":"page","link":"https:\/\/thehometownlawyers.com\/es\/hamilton\/abogado-de-accidente-por-resbalon-y-caida\/","title":{"rendered":"Abogado de Accidente por Resbal\u00f3n y Ca\u00edda en Hamilton"},"content":{"rendered":"<h2>Abogados de accidentes por resbalones y ca\u00eddas en Hamilton, Ohio<\/h2>\n<p>Si est\u00e1 en el <a href=\"https:\/\/thehometownlawyers.com\/es\/\">negocio, el hogar o la propiedad<\/a> de alguien, tiene la expectativa de que permanecer\u00e1 a salvo y no sufrir\u00e1 lesiones. Esta expectativa a menudo incluye la creencia de que la propiedad de la otra persona se mantiene en un estado razonable de reparaci\u00f3n y que si hay peligros, la otra persona le advertir\u00e1 de ellos. Cuando ocurren accidentes en la propiedad de otra persona, las lesiones resultantes pueden ser graves. Afortunadamente, en estas situaciones, nuestros abogados experimentados en accidentes por resbalones y ca\u00eddas pueden ayudarlo a responsabilizar a la parte responsable por sus p\u00e9rdidas.<\/p>\n<p class=\"rs-content-cta rs-content-cta-small\">Para una consulta legal gratuita, llame al <a href=\"tel:+15138943333\">513-894-3333 <\/a><\/p><h2>Leyes de Ohio relacionadas con accidentes por resbalones y ca\u00eddas<\/h2>\n<p>Si se lesiona en la propiedad de otra persona, el due\u00f1o de la propiedad a menudo es legalmente responsable de compensarlo por varios da\u00f1os, incluidos los gastos m\u00e9dicos.<\/p>\n<p>La \u201c <a href=\"https:\/\/thehometownlawyers.com\/es\/\">responsabilidad<\/a> del establecimiento\u201d es el tipo de ley de <a href=\"https:\/\/thehometownlawyers.com\/es\/\">lesiones personales<\/a> que se aplica a los accidentes que ocurren debido a peligros en la propiedad de otra persona. En la mayor\u00eda de las situaciones, el due\u00f1o de una propiedad es responsable de las lesiones sufridas en su propiedad debido a defectos que el due\u00f1o conoc\u00eda pero que no corrigi\u00f3 ni advirti\u00f3. Algunos de los defectos m\u00e1s comunes que conducen a accidentes por resbalones y ca\u00eddas incluyen pasamanos rotos, escalones rotos, grietas en el pavimento, mala iluminaci\u00f3n, charcos y derrames.<\/p>\n<p>Hay, sin embargo, algunas excepciones a la responsabilidad del local. Estas excepciones incluyen lo siguiente:<\/p>\n<ul>\n<li><strong>Negligencia comparativa:<\/strong> en el estado de Ohio, una persona a menudo encuentra obst\u00e1culos para recibir compensaci\u00f3n por lesiones relacionadas con un defecto en la propiedad de alguien cuando las propias acciones de esa persona contribuyeron al accidente. Esto se conoce como negligencia comparativa.<\/li>\n<li><strong>Peligros abiertos y obvios:<\/strong> si un peligro que caus\u00f3 un accidente era obvio para una persona y algo que una persona deber\u00eda haber sido capaz de evitar, la ley de Ohio permite que los propietarios presenten estos motivos como defensa.<\/li>\n<li><strong>Usuarios recreativos:<\/strong> la ley en el estado de Ohio reconoce excepciones espec\u00edficas para las personas que <a href=\"https:\/\/www.ohiobar.org\/public-resources\/commonly-asked-law-questions-results\/ohio-law-protects-property-owners-from-recreational-user-liability\/\" target=\"_blank\" rel=\"noopener noreferrer\">usan una propiedad con fines recreativos<\/a> , incluso para pescar, hacer caminatas o cazar. En estas situaciones, el due\u00f1o de la propiedad no ser\u00e1 responsable si una persona se lesiona mientras usa la propiedad.<\/li>\n<\/ul>\n<p class=\"rs-content-cta\">Abogado de Lesiones Personales de hamilton Cerca de M\u00ed <a href=\"tel:+15138943333\">513-894-3333<\/a><\/p><h2>Estatuto de limitaciones de Ohio para reclamos de accidentes por resbalones y ca\u00eddas<\/h2>\n<p>Un estatuto de limitaciones se refiere al tiempo que una persona tiene para iniciar una acci\u00f3n legal. Si no se inicia una demanda dentro de este per\u00edodo de tiempo, la mayor\u00eda de las veces resulta en que el tribunal proh\u00edba la acci\u00f3n. <a href=\"https:\/\/codes.ohio.gov\/ohio-revised-code\/chapter-2305\" target=\"_blank\" rel=\"noopener noreferrer\">La secci\u00f3n 2305.10 del C\u00f3digo Revisado de Ohio<\/a> establece que se debe iniciar una acci\u00f3n por lesiones corporales dentro de los dos a\u00f1os a partir de la fecha en que ocurre el accidente. Esto significa que sus abogados de accidentes por resbalones y ca\u00eddas deben iniciar una acci\u00f3n dentro de los dos a\u00f1os posteriores a la fecha en que ocurri\u00f3 la ca\u00edda.<\/p>\n<p class=\"rs-content-cta rs-content-cta-small\"><a href=\"\/es\/contacto\/\">Haga clic para contactar<\/a> con nuestros lesiones personales abogados hoy<\/p><h2>Comun\u00edquese con nuestros abogados con experiencia en responsabilidad de locales de Ohio<\/h2>\n<p>En <a href=\"https:\/\/thehometownlawyers.com\/es\/contacto\/\">Kruger &amp; Hodges<\/a> , nuestro asesor legal tiene la experiencia necesaria para ayudar a las personas que se han visto afectadas por accidentes por resbalones y ca\u00eddas. Nuestros abogados de resbalones y ca\u00eddas entienden cu\u00e1n devastadores pueden ser estos accidentes y seguir\u00e1n comprometidos a asegurarse de que obtenga la compensaci\u00f3n que merece. <a href=\"https:\/\/thehometownlawyers.com\/es\/contacto\/\">Cont\u00e1ctenos<\/a> hoy para programar una consulta inicial gratuita con un <a href=\"https:\/\/thehometownlawyers.com\/es\/\">abogado de responsabilidad de locales<\/a> .<\/p>\n<p class=\"rs-content-cta rs-content-cta-small\">Llame o env\u00ede un mensaje de texto al <a href=\"tel:+15138943333\">513-894-3333<\/a> o complete una <a href=\"\/es\/contacto\/\">evaluaci\u00f3n gratuita de su caso<\/a><\/p>","protected":false},"excerpt":{"rendered":"<p>Abogados de accidentes por resbalones y ca\u00eddas en Hamilton, Ohio Si est\u00e1 en el negocio, el hogar o la propiedad de alguien, tiene la expectativa de que permanecer\u00e1 a salvo y no sufrir\u00e1 lesiones. Esta expectativa a menudo incluye la creencia de que la propiedad de la otra persona se mantiene en un estado razonable &#8230;<\/p>\n","protected":false},"author":7,"featured_media":20684,"parent":20908,"menu_order":0,"comment_status":"closed","ping_status":"closed","template":"","meta":{"_acf_changed":false,"inline_featured_image":false,"_genesis_hide_title":false,"_genesis_hide_breadcrumbs":false,"_genesis_hide_singular_image":false,"_genesis_hide_footer_widgets":false,"_genesis_custom_body_class":"","_genesis_custom_post_class":"","_genesis_layout":"","footnotes":""},"hc_faqs":[],"hc_spanish_faqs":[],"class_list":{"0":"post-21133","1":"page","2":"type-page","3":"status-publish","4":"has-post-thumbnail","6":"hc_city_location-hamilton-es-2","7":"entry"},"acf":[],"yoast_head":"<!-- This site is optimized with the Yoast SEO plugin v27.3 - https:\/\/yoast.com\/product\/yoast-seo-wordpress\/ -->\n<title>Abogado de Accidente por Resbal\u00f3n y Ca\u00edda en Hamilton | Consulta Gratuita<\/title>\n<meta name=\"description\" content=\"Cuando ocurren accidentes en la propiedad de otra persona, las lesiones pueden ser graves. En estas situaciones, nuestros abogados de accidentes por resbalones y ca\u00eddas pueden ayudar.\" \/>\n<meta name=\"robots\" content=\"index, follow, max-snippet:-1, max-image-preview:large, max-video-preview:-1\" \/>\n<link rel=\"canonical\" href=\"https:\/\/thehometownlawyers.com\/es\/hamilton\/abogado-de-accidente-por-resbalon-y-caida\/\" \/>\n<meta property=\"og:locale\" content=\"es_MX\" \/>\n<meta property=\"og:type\" content=\"article\" \/>\n<meta property=\"og:title\" content=\"Abogado de Accidente por Resbal\u00f3n y Ca\u00edda en Hamilton | Consulta Gratuita\" \/>\n<meta property=\"og:description\" content=\"Cuando ocurren accidentes en la propiedad de otra persona, las lesiones pueden ser graves. En estas situaciones, nuestros abogados de accidentes por resbalones y ca\u00eddas pueden ayudar.\" \/>\n<meta property=\"og:url\" content=\"https:\/\/thehometownlawyers.com\/es\/hamilton\/abogado-de-accidente-por-resbalon-y-caida\/\" \/>\n<meta property=\"og:site_name\" content=\"Kruger &amp; Hodges Abogados De Lesiones\" \/>\n<meta property=\"article:publisher\" content=\"https:\/\/www.facebook.com\/KrugerHodges\/\" \/>\n<meta property=\"article:modified_time\" content=\"2025-03-17T15:42:27+00:00\" \/>\n<meta property=\"og:image\" content=\"https:\/\/thehometownlawyers.com\/wp-content\/uploads\/2020\/01\/Personal-injury-lawyers-1.jpg\" \/>\n\t<meta property=\"og:image:width\" content=\"2048\" \/>\n\t<meta property=\"og:image:height\" content=\"906\" \/>\n\t<meta property=\"og:image:type\" content=\"image\/jpeg\" \/>\n<meta name=\"twitter:card\" content=\"summary_large_image\" \/>\n<meta name=\"twitter:label1\" content=\"Tiempo de lectura\" \/>\n\t<meta name=\"twitter:data1\" content=\"3 minutos\" \/>\n<script type=\"application\/ld+json\" class=\"yoast-schema-graph\">{\"@context\":\"https:\\\/\\\/schema.org\",\"@graph\":[{\"@type\":\"WebPage\",\"@id\":\"https:\\\/\\\/thehometownlawyers.com\\\/es\\\/hamilton\\\/abogado-de-accidente-por-resbalon-y-caida\\\/\",\"url\":\"https:\\\/\\\/thehometownlawyers.com\\\/es\\\/hamilton\\\/abogado-de-accidente-por-resbalon-y-caida\\\/\",\"name\":\"Abogado de Accidente por Resbal\u00f3n y Ca\u00edda en Hamilton | Consulta Gratuita\",\"isPartOf\":{\"@id\":\"https:\\\/\\\/thehometownlawyers.com\\\/es\\\/#website\"},\"primaryImageOfPage\":{\"@id\":\"https:\\\/\\\/thehometownlawyers.com\\\/es\\\/hamilton\\\/abogado-de-accidente-por-resbalon-y-caida\\\/#primaryimage\"},\"image\":{\"@id\":\"https:\\\/\\\/thehometownlawyers.com\\\/es\\\/hamilton\\\/abogado-de-accidente-por-resbalon-y-caida\\\/#primaryimage\"},\"thumbnailUrl\":\"https:\\\/\\\/thehometownlawyers.com\\\/wp-content\\\/uploads\\\/2020\\\/01\\\/Personal-injury-lawyers-1.jpg\",\"datePublished\":\"2020-01-14T16:54:30+00:00\",\"dateModified\":\"2025-03-17T15:42:27+00:00\",\"description\":\"Cuando ocurren accidentes en la propiedad de otra persona, las lesiones pueden ser graves. En estas situaciones, nuestros abogados de accidentes por resbalones y ca\u00eddas pueden ayudar.\",\"breadcrumb\":{\"@id\":\"https:\\\/\\\/thehometownlawyers.com\\\/es\\\/hamilton\\\/abogado-de-accidente-por-resbalon-y-caida\\\/#breadcrumb\"},\"inLanguage\":\"es\",\"potentialAction\":[{\"@type\":\"ReadAction\",\"target\":[\"https:\\\/\\\/thehometownlawyers.com\\\/es\\\/hamilton\\\/abogado-de-accidente-por-resbalon-y-caida\\\/\"]}]},{\"@type\":\"ImageObject\",\"inLanguage\":\"es\",\"@id\":\"https:\\\/\\\/thehometownlawyers.com\\\/es\\\/hamilton\\\/abogado-de-accidente-por-resbalon-y-caida\\\/#primaryimage\",\"url\":\"https:\\\/\\\/thehometownlawyers.com\\\/wp-content\\\/uploads\\\/2020\\\/01\\\/Personal-injury-lawyers-1.jpg\",\"contentUrl\":\"https:\\\/\\\/thehometownlawyers.com\\\/wp-content\\\/uploads\\\/2020\\\/01\\\/Personal-injury-lawyers-1.jpg\",\"width\":2048,\"height\":906},{\"@type\":\"BreadcrumbList\",\"@id\":\"https:\\\/\\\/thehometownlawyers.com\\\/es\\\/hamilton\\\/abogado-de-accidente-por-resbalon-y-caida\\\/#breadcrumb\",\"itemListElement\":[{\"@type\":\"ListItem\",\"position\":1,\"name\":\"Home\",\"item\":\"https:\\\/\\\/thehometownlawyers.com\\\/es\\\/\"},{\"@type\":\"ListItem\",\"position\":2,\"name\":\"Abogados de Lesiones Personales en Hamilton\",\"item\":\"https:\\\/\\\/thehometownlawyers.com\\\/es\\\/\"},{\"@type\":\"ListItem\",\"position\":3,\"name\":\"Abogado de Accidente por Resbal\u00f3n y Ca\u00edda en Hamilton\"}]},{\"@type\":\"WebSite\",\"@id\":\"https:\\\/\\\/thehometownlawyers.com\\\/es\\\/#website\",\"url\":\"https:\\\/\\\/thehometownlawyers.com\\\/es\\\/\",\"name\":\"Kruger & Hodges Hometown Injury Lawyers | Accident Attorneys\",\"description\":\"Attorneys for Car, Truck and Motorcycle Accidents, Personal Injuries, and Criminal Defense.\",\"publisher\":{\"@id\":\"https:\\\/\\\/thehometownlawyers.com\\\/es\\\/#organization\"},\"alternateName\":\"Kruger & Hodges Personal Injury Lawyers\",\"inLanguage\":\"es\"},{\"@type\":\"Organization\",\"@id\":\"https:\\\/\\\/thehometownlawyers.com\\\/es\\\/#organization\",\"name\":\"Kruger & Hodges Hometown Injury Lawyers\",\"alternateName\":\"Kruger & Hodges\",\"url\":\"https:\\\/\\\/thehometownlawyers.com\\\/es\\\/\",\"logo\":{\"@type\":\"ImageObject\",\"inLanguage\":\"es\",\"@id\":\"https:\\\/\\\/thehometownlawyers.com\\\/es\\\/#\\\/schema\\\/logo\\\/image\\\/\",\"url\":\"https:\\\/\\\/thehometownlawyers.com\\\/wp-content\\\/uploads\\\/2025\\\/12\\\/revised-kh-logo-vertical-white-background-scaled.png\",\"contentUrl\":\"https:\\\/\\\/thehometownlawyers.com\\\/wp-content\\\/uploads\\\/2025\\\/12\\\/revised-kh-logo-vertical-white-background-scaled.png\",\"width\":2560,\"height\":1440,\"caption\":\"Kruger & Hodges Hometown Injury Lawyers\"},\"image\":{\"@id\":\"https:\\\/\\\/thehometownlawyers.com\\\/es\\\/#\\\/schema\\\/logo\\\/image\\\/\"},\"sameAs\":[\"https:\\\/\\\/www.facebook.com\\\/KrugerHodges\\\/\",\"https:\\\/\\\/www.instagram.com\\\/krugerhodges\\\/\",\"https:\\\/\\\/www.linkedin.com\\\/company\\\/kruger-hodges-hometown-injury-lawyers\\\/\",\"https:\\\/\\\/www.youtube.com\\\/channel\\\/UCeYcMaMaN2rb9jMlqt4EIdQ\",\"https:\\\/\\\/www.tiktok.com\\\/@thehometownlawyer\"]}]}<\/script>\n<!-- \/ Yoast SEO plugin. -->","yoast_head_json":{"title":"Abogado de Accidente por Resbal\u00f3n y Ca\u00edda en Hamilton | Consulta Gratuita","description":"Cuando ocurren accidentes en la propiedad de otra persona, las lesiones pueden ser graves. En estas situaciones, nuestros abogados de accidentes por resbalones y ca\u00eddas pueden ayudar.","robots":{"index":"index","follow":"follow","max-snippet":"max-snippet:-1","max-image-preview":"max-image-preview:large","max-video-preview":"max-video-preview:-1"},"canonical":"https:\/\/thehometownlawyers.com\/es\/hamilton\/abogado-de-accidente-por-resbalon-y-caida\/","og_locale":"es_MX","og_type":"article","og_title":"Abogado de Accidente por Resbal\u00f3n y Ca\u00edda en Hamilton | Consulta Gratuita","og_description":"Cuando ocurren accidentes en la propiedad de otra persona, las lesiones pueden ser graves. En estas situaciones, nuestros abogados de accidentes por resbalones y ca\u00eddas pueden ayudar.","og_url":"https:\/\/thehometownlawyers.com\/es\/hamilton\/abogado-de-accidente-por-resbalon-y-caida\/","og_site_name":"Kruger &amp; Hodges Abogados De Lesiones","article_publisher":"https:\/\/www.facebook.com\/KrugerHodges\/","article_modified_time":"2025-03-17T15:42:27+00:00","og_image":[{"width":2048,"height":906,"url":"https:\/\/thehometownlawyers.com\/wp-content\/uploads\/2020\/01\/Personal-injury-lawyers-1.jpg","type":"image\/jpeg"}],"twitter_card":"summary_large_image","twitter_misc":{"Tiempo de lectura":"3 minutos"},"schema":{"@context":"https:\/\/schema.org","@graph":[{"@type":"WebPage","@id":"https:\/\/thehometownlawyers.com\/es\/hamilton\/abogado-de-accidente-por-resbalon-y-caida\/","url":"https:\/\/thehometownlawyers.com\/es\/hamilton\/abogado-de-accidente-por-resbalon-y-caida\/","name":"Abogado de Accidente por Resbal\u00f3n y Ca\u00edda en Hamilton | Consulta Gratuita","isPartOf":{"@id":"https:\/\/thehometownlawyers.com\/es\/#website"},"primaryImageOfPage":{"@id":"https:\/\/thehometownlawyers.com\/es\/hamilton\/abogado-de-accidente-por-resbalon-y-caida\/#primaryimage"},"image":{"@id":"https:\/\/thehometownlawyers.com\/es\/hamilton\/abogado-de-accidente-por-resbalon-y-caida\/#primaryimage"},"thumbnailUrl":"https:\/\/thehometownlawyers.com\/wp-content\/uploads\/2020\/01\/Personal-injury-lawyers-1.jpg","datePublished":"2020-01-14T16:54:30+00:00","dateModified":"2025-03-17T15:42:27+00:00","description":"Cuando ocurren accidentes en la propiedad de otra persona, las lesiones pueden ser graves. En estas situaciones, nuestros abogados de accidentes por resbalones y ca\u00eddas pueden ayudar.","breadcrumb":{"@id":"https:\/\/thehometownlawyers.com\/es\/hamilton\/abogado-de-accidente-por-resbalon-y-caida\/#breadcrumb"},"inLanguage":"es","potentialAction":[{"@type":"ReadAction","target":["https:\/\/thehometownlawyers.com\/es\/hamilton\/abogado-de-accidente-por-resbalon-y-caida\/"]}]},{"@type":"ImageObject","inLanguage":"es","@id":"https:\/\/thehometownlawyers.com\/es\/hamilton\/abogado-de-accidente-por-resbalon-y-caida\/#primaryimage","url":"https:\/\/thehometownlawyers.com\/wp-content\/uploads\/2020\/01\/Personal-injury-lawyers-1.jpg","contentUrl":"https:\/\/thehometownlawyers.com\/wp-content\/uploads\/2020\/01\/Personal-injury-lawyers-1.jpg","width":2048,"height":906},{"@type":"BreadcrumbList","@id":"https:\/\/thehometownlawyers.com\/es\/hamilton\/abogado-de-accidente-por-resbalon-y-caida\/#breadcrumb","itemListElement":[{"@type":"ListItem","position":1,"name":"Home","item":"https:\/\/thehometownlawyers.com\/es\/"},{"@type":"ListItem","position":2,"name":"Abogados de Lesiones Personales en Hamilton","item":"https:\/\/thehometownlawyers.com\/es\/"},{"@type":"ListItem","position":3,"name":"Abogado de Accidente por Resbal\u00f3n y Ca\u00edda en Hamilton"}]},{"@type":"WebSite","@id":"https:\/\/thehometownlawyers.com\/es\/#website","url":"https:\/\/thehometownlawyers.com\/es\/","name":"Kruger & Hodges Hometown Injury Lawyers | Accident Attorneys","description":"Attorneys for Car, Truck and Motorcycle Accidents, Personal Injuries, and Criminal Defense.","publisher":{"@id":"https:\/\/thehometownlawyers.com\/es\/#organization"},"alternateName":"Kruger & Hodges Personal Injury Lawyers","inLanguage":"es"},{"@type":"Organization","@id":"https:\/\/thehometownlawyers.com\/es\/#organization","name":"Kruger & Hodges Hometown Injury Lawyers","alternateName":"Kruger & Hodges","url":"https:\/\/thehometownlawyers.com\/es\/","logo":{"@type":"ImageObject","inLanguage":"es","@id":"https:\/\/thehometownlawyers.com\/es\/#\/schema\/logo\/image\/","url":"https:\/\/thehometownlawyers.com\/wp-content\/uploads\/2025\/12\/revised-kh-logo-vertical-white-background-scaled.png","contentUrl":"https:\/\/thehometownlawyers.com\/wp-content\/uploads\/2025\/12\/revised-kh-logo-vertical-white-background-scaled.png","width":2560,"height":1440,"caption":"Kruger & Hodges Hometown Injury Lawyers"},"image":{"@id":"https:\/\/thehometownlawyers.com\/es\/#\/schema\/logo\/image\/"},"sameAs":["https:\/\/www.facebook.com\/KrugerHodges\/","https:\/\/www.instagram.com\/krugerhodges\/","https:\/\/www.linkedin.com\/company\/kruger-hodges-hometown-injury-lawyers\/","https:\/\/www.youtube.com\/channel\/UCeYcMaMaN2rb9jMlqt4EIdQ","https:\/\/www.tiktok.com\/@thehometownlawyer"]}]}},"_links":{"self":[{"href":"https:\/\/thehometownlawyers.com\/es\/wp-json\/wp\/v2\/pages\/21133","targetHints":{"allow":["GET"]}}],"collection":[{"href":"https:\/\/thehometownlawyers.com\/es\/wp-json\/wp\/v2\/pages"}],"about":[{"href":"https:\/\/thehometownlawyers.com\/es\/wp-json\/wp\/v2\/types\/page"}],"author":[{"embeddable":true,"href":"https:\/\/thehometownlawyers.com\/es\/wp-json\/wp\/v2\/users\/7"}],"replies":[{"embeddable":true,"href":"https:\/\/thehometownlawyers.com\/es\/wp-json\/wp\/v2\/comments?post=21133"}],"version-history":[{"count":0,"href":"https:\/\/thehometownlawyers.com\/es\/wp-json\/wp\/v2\/pages\/21133\/revisions"}],"up":[{"embeddable":true,"href":"https:\/\/thehometownlawyers.com\/es\/wp-json\/wp\/v2\/pages\/20908"}],"wp:featuredmedia":[{"embeddable":true,"href":"https:\/\/thehometownlawyers.com\/es\/wp-json\/wp\/v2\/media\/20684"}],"wp:attachment":[{"href":"https:\/\/thehometownlawyers.com\/es\/wp-json\/wp\/v2\/media?parent=21133"}],"wp:term":[{"taxonomy":"hc_faqs","embeddable":true,"href":"https:\/\/thehometownlawyers.com\/es\/wp-json\/wp\/v2\/hc_faqs?post=21133"},{"taxonomy":"hc_spanish_faqs","embeddable":true,"href":"https:\/\/thehometownlawyers.com\/es\/wp-json\/wp\/v2\/hc_spanish_faqs?post=21133"}],"curies":[{"name":"wp","href":"https:\/\/api.w.org\/{rel}","templated":true}]}}