{"id":21138,"date":"2022-01-04T21:01:37","date_gmt":"2022-01-05T02:01:37","guid":{"rendered":"https:\/\/thehometownlawyers.com\/?page_id=21138"},"modified":"2025-02-03T09:49:18","modified_gmt":"2025-02-03T14:49:18","slug":"lesiones-personales-en-new-paris-ohio","status":"publish","type":"page","link":"https:\/\/thehometownlawyers.com\/es\/lesiones-personales-en-new-paris-ohio\/","title":{"rendered":"Abogado de Lesiones Personales en New Paris"},"content":{"rendered":"<h2>Lesiones personales en New Paris<\/h2>\n<p>Cuando te lastimas en un accidente automovil\u00edstico, tu mundo puede ponerse patas arriba. Las lesiones personales en New Paris pueden ser traum\u00e1ticas y aterradoras. Si est\u00e1 gravemente herido, probablemente necesite pasar mucho tiempo en el hospital mientras se somete a pruebas, cirug\u00eda y otros procedimientos. La recuperaci\u00f3n puede llevar semanas, meses o a\u00f1os. A veces, las lesiones son tan graves que provocan una discapacidad. La <a href=\"https:\/\/statepatrol.ohio.gov\/statistics\/statspage3.asp\" target=\"_blank\" rel=\"noopener\">Patrulla de Carreteras del Estado de Ohio<\/a> recopila y publica anualmente estad\u00edsticas de accidentes del estado. En 2020 hubo 1154 accidentes automovil\u00edsticos fatales en Ohio que resultaron en 1230 muertes. El n\u00famero de accidentes de tr\u00e1fico mortales no ha disminuido en los \u00faltimos a\u00f1os, a pesar de que ha habido mejoras en la seguridad de los veh\u00edculos.<\/p>\n<p class=\"rs-content-cta rs-content-cta-small\">Para una consulta legal gratuita, llame al <a href=\"tel:+15138943333\">513-894-3333 <\/a><\/p><h2>Reclamos comunes por lesiones personales en New Paris<\/h2>\n<h3>Accidentes automovil\u00edsticos<\/h3>\n<p>Es probable que todos los conductores se vean involucrados en un accidente automovil\u00edstico en alg\u00fan momento de sus vidas. La mayor\u00eda de los accidentes son peque\u00f1os golpes de guardabarros, pero cuando el choque es m\u00e1s significativo y causa lesiones graves, la parte negligente debe pagar los da\u00f1os. Cuando los accidentes automovil\u00edsticos en New Paris, Ohio, resultan en lesiones, la parte negligente debe pagar sus costos m\u00e9dicos y otros. Aunque New Paris es un pueblo peque\u00f1o con una poblaci\u00f3n de menos de 2000 habitantes, a\u00fan puede verse involucrado en un accidente automovil\u00edstico grave.<\/p>\n<h3>Accidentes de motocicleta<\/h3>\n<p>Las motocicletas son divertidas de manejar y pueden ahorrar mucho dinero en gasolina. Desafortunadamente, los choques de motocicletas pueden resultar en lesiones graves y muertes. Las lesiones causadas por accidentes de motocicleta en New Paris, Ohio, pueden ser extremadamente graves y potencialmente mortales. Cabe destacar que Ohio no tiene una ley de cascos para mayores de 18 a\u00f1os con licencia o endoso de motocicleta. Aun as\u00ed, los cascos de motocicleta pueden ayudar a reducir las muertes en choques. En 2020, 212 personas murieron en accidentes de motocicleta en Ohio. De ese n\u00famero, solo 53 llevaban casco.<\/p>\n<h3>Accidentes de Camiones<\/h3>\n<p>Los camiones son una parte esencial de nuestra econom\u00eda, pero pueden causar condiciones peligrosas en la carretera. Compartimos nuestras carreteras con muchos camiones a diario. Lamentablemente, los accidentes de camiones en New Paris, Ohio, pueden dejarlo con lesiones incapacitantes que requieren una recuperaci\u00f3n prolongada. Los accidentes de camiones son extremadamente complejos y pueden requerir expertos en reconstrucci\u00f3n de accidentes para encontrar los factores que causaron y contribuyeron al accidente.<\/p>\n<p class=\"rs-content-cta\">Abogado de Lesiones Personales de New Paris Cerca de M\u00ed <a href=\"tel:+15138943333\">513-894-3333<\/a><\/p><h2>Causas de lesiones personales en New Paris<\/h2>\n<p>Los accidentes pueden ser causados por una variedad de factores. Los factores que causan y contribuyen a los accidentes generalmente encajan en una de tres categor\u00edas que incluyen error humano, falla mec\u00e1nica y problemas ambientales. El error humano es, con mucho, la causa m\u00e1s com\u00fan de accidentes. El exceso de velocidad, no seguir las se\u00f1ales de tr\u00e1fico, las distracciones, conducir en estado de ebriedad y cambiar de carril de manera incorrecta son solo algunos de los muchos errores que cometen los conductores. La falla mec\u00e1nica se asocia con mayor frecuencia con accidentes de camiones y puede incluir cosas como mal funcionamiento de los frenos y pinchazos de llantas. Los factores ambientales incluyen el mal tiempo, la mala visibilidad y las condiciones de la carretera, por nombrar solo algunos.<\/p>\n<p class=\"rs-content-cta rs-content-cta-small\"><a href=\"\/es\/contacto\/\">Haga clic para contactar<\/a> con nuestros lesiones personales abogados hoy<\/p><h2>Lesiones y otros da\u00f1os<\/h2>\n<p>Las lesiones y otros da\u00f1os debido a accidentes de veh\u00edculos pueden ser monetarios o no monetarios. Los da\u00f1os monetarios son aquellos que tienen un valor real, como facturas m\u00e9dicas, gastos de medicamentos, costos de rehabilitaci\u00f3n y salarios perdidos. Tambi\u00e9n se le pueden deber otros tipos de da\u00f1os. Por ejemplo, el otro conductor puede deberle una compensaci\u00f3n por dolor y sufrimiento, p\u00e9rdida de compa\u00f1\u00eda o trauma emocional. Es importante evaluar sus gastos una vez que tenga una comprensi\u00f3n completa de ellos. No resuelva su reclamo hasta que est\u00e9 seguro de que obtendr\u00e1 suficiente dinero para cubrir sus costos actuales y futuros relacionados con el accidente.<\/p>\n<p class=\"rs-content-cta rs-content-cta-small\">Complete una <a href=\"\/es\/contacto\/\">evaluaci\u00f3n gratuita de su caso<\/a> ahora<\/p><h2>\u00bfQu\u00e9 es la negligencia?<\/h2>\n<p>Para cobrar una compensaci\u00f3n por una lesi\u00f3n, debe probar negligencia por parte del otro conductor. <a href=\"https:\/\/www.law.cornell.edu\/wex\/negligence#:~:text=Definition,victims%20of%20one's%20previous%20conduct).\" target=\"_blank\" rel=\"noopener\">La negligencia<\/a> en un accidente de veh\u00edculo es la falta de cuidado ordinario cuando se est\u00e1 detr\u00e1s del volante. Una persona promedio sabe o deber\u00eda saber que una acci\u00f3n o falta de acci\u00f3n en particular es peligrosa y podr\u00eda resultar razonablemente en da\u00f1o a otra persona. Se producir\u00e1 una determinaci\u00f3n de negligencia y se atribuir\u00e1 una parte a cada parte responsable.<\/p>\n<p>En Ohio, puede ser parcialmente responsable de un accidente y aun as\u00ed cobrar una compensaci\u00f3n, siempre que sea menos del 50% de negligencia. Deber\u00e1 probar que la otra parte fue negligente. Hay cuatro partes principales de negligencia para probar su reclamo, que incluyen deber, incumplimiento, causalidad y da\u00f1os. La otra parte debe haber tenido el deber de actuar con cuidado y no lo hizo. El accidente caus\u00f3 da\u00f1os reales que usted sufri\u00f3 como resultado. Un abogado experto en lesiones personales en New Paris, Ohio, lo ayudar\u00e1 con los aspectos legales de su reclamo.<\/p>\n<p>Si usted o alguien a quien ama result\u00f3 herido en un accidente automovil\u00edstico, de motocicleta o de cami\u00f3n en New Paris, Ohio, necesita la orientaci\u00f3n de un abogado con experiencia en lesiones personales para ayudarlo a obtener la compensaci\u00f3n que merece. Comun\u00edquese con nuestro equipo legal profesional en <a href=\"https:\/\/thehometownlawyers.com\/es\/contacto\/\">Kruger &amp; Hodges<\/a> al (937) 733-6079 para discutir los detalles de su caso hoy.<\/p>\n<p class=\"rs-content-cta rs-content-cta-small\">Llame o env\u00ede un mensaje de texto al <a href=\"tel:+15138943333\">513-894-3333<\/a> o complete una <a href=\"\/es\/contacto\/\">evaluaci\u00f3n gratuita de su caso<\/a><\/p>","protected":false},"excerpt":{"rendered":"<p>Lesiones personales en New Paris Cuando te lastimas en un accidente automovil\u00edstico, tu mundo puede ponerse patas arriba. Las lesiones personales en New Paris pueden ser traum\u00e1ticas y aterradoras. Si est\u00e1 gravemente herido, probablemente necesite pasar mucho tiempo en el hospital mientras se somete a pruebas, cirug\u00eda y otros procedimientos. La recuperaci\u00f3n puede llevar semanas, &#8230;<\/p>\n","protected":false},"author":7,"featured_media":20730,"parent":0,"menu_order":0,"comment_status":"closed","ping_status":"closed","template":"","meta":{"_acf_changed":false,"inline_featured_image":false,"_genesis_hide_title":false,"_genesis_hide_breadcrumbs":false,"_genesis_hide_singular_image":false,"_genesis_hide_footer_widgets":false,"_genesis_custom_body_class":"","_genesis_custom_post_class":"","_genesis_layout":"","footnotes":""},"hc_faqs":[],"hc_spanish_faqs":[],"class_list":{"0":"post-21138","1":"page","2":"type-page","3":"status-publish","4":"has-post-thumbnail","6":"hc_city_location-new-paris-es","7":"entry"},"acf":[],"yoast_head":"<!-- This site is optimized with the Yoast SEO plugin v27.3 - https:\/\/yoast.com\/product\/yoast-seo-wordpress\/ -->\n<title>Lesiones personales en New Paris | Abogados de Kruger &amp; Hodges<\/title>\n<meta name=\"description\" content=\"Si tiene problemas con una lesi\u00f3n personal en New Paris, comun\u00edquese con uno de nuestros abogados expertos que puede ayudarlo.\" \/>\n<meta name=\"robots\" content=\"index, follow, max-snippet:-1, max-image-preview:large, max-video-preview:-1\" \/>\n<link rel=\"canonical\" href=\"https:\/\/thehometownlawyers.com\/es\/lesiones-personales-en-new-paris-ohio\/\" \/>\n<meta property=\"og:locale\" content=\"es_MX\" \/>\n<meta property=\"og:type\" content=\"article\" \/>\n<meta property=\"og:title\" content=\"Lesiones personales en New Paris | Abogados de Kruger &amp; Hodges\" \/>\n<meta property=\"og:description\" content=\"Si tiene problemas con una lesi\u00f3n personal en New Paris, comun\u00edquese con uno de nuestros abogados expertos que puede ayudarlo.\" \/>\n<meta property=\"og:url\" content=\"https:\/\/thehometownlawyers.com\/es\/lesiones-personales-en-new-paris-ohio\/\" \/>\n<meta property=\"og:site_name\" content=\"Kruger &amp; Hodges Abogados De Lesiones\" \/>\n<meta property=\"article:publisher\" content=\"https:\/\/www.facebook.com\/KrugerHodges\/\" \/>\n<meta property=\"article:modified_time\" content=\"2025-02-03T14:49:18+00:00\" \/>\n<meta property=\"og:image\" content=\"https:\/\/thehometownlawyers.com\/wp-content\/uploads\/2019\/01\/Leg-Injury-Photo.jpeg\" \/>\n\t<meta property=\"og:image:width\" content=\"640\" \/>\n\t<meta property=\"og:image:height\" content=\"426\" \/>\n\t<meta property=\"og:image:type\" content=\"image\/jpeg\" \/>\n<meta name=\"twitter:card\" content=\"summary_large_image\" \/>\n<meta name=\"twitter:label1\" content=\"Tiempo de lectura\" \/>\n\t<meta name=\"twitter:data1\" content=\"5 minutos\" \/>\n<script type=\"application\/ld+json\" class=\"yoast-schema-graph\">{\"@context\":\"https:\\\/\\\/schema.org\",\"@graph\":[{\"@type\":\"WebPage\",\"@id\":\"https:\\\/\\\/thehometownlawyers.com\\\/es\\\/lesiones-personales-en-new-paris-ohio\\\/\",\"url\":\"https:\\\/\\\/thehometownlawyers.com\\\/es\\\/lesiones-personales-en-new-paris-ohio\\\/\",\"name\":\"Lesiones personales en New Paris | Abogados de Kruger & Hodges\",\"isPartOf\":{\"@id\":\"https:\\\/\\\/thehometownlawyers.com\\\/es\\\/#website\"},\"primaryImageOfPage\":{\"@id\":\"https:\\\/\\\/thehometownlawyers.com\\\/es\\\/lesiones-personales-en-new-paris-ohio\\\/#primaryimage\"},\"image\":{\"@id\":\"https:\\\/\\\/thehometownlawyers.com\\\/es\\\/lesiones-personales-en-new-paris-ohio\\\/#primaryimage\"},\"thumbnailUrl\":\"https:\\\/\\\/thehometownlawyers.com\\\/wp-content\\\/uploads\\\/2019\\\/01\\\/Leg-Injury-Photo.jpeg\",\"datePublished\":\"2022-01-05T02:01:37+00:00\",\"dateModified\":\"2025-02-03T14:49:18+00:00\",\"description\":\"Si tiene problemas con una lesi\u00f3n personal en New Paris, comun\u00edquese con uno de nuestros abogados expertos que puede ayudarlo.\",\"breadcrumb\":{\"@id\":\"https:\\\/\\\/thehometownlawyers.com\\\/es\\\/lesiones-personales-en-new-paris-ohio\\\/#breadcrumb\"},\"inLanguage\":\"es\",\"potentialAction\":[{\"@type\":\"ReadAction\",\"target\":[\"https:\\\/\\\/thehometownlawyers.com\\\/es\\\/lesiones-personales-en-new-paris-ohio\\\/\"]}]},{\"@type\":\"ImageObject\",\"inLanguage\":\"es\",\"@id\":\"https:\\\/\\\/thehometownlawyers.com\\\/es\\\/lesiones-personales-en-new-paris-ohio\\\/#primaryimage\",\"url\":\"https:\\\/\\\/thehometownlawyers.com\\\/wp-content\\\/uploads\\\/2019\\\/01\\\/Leg-Injury-Photo.jpeg\",\"contentUrl\":\"https:\\\/\\\/thehometownlawyers.com\\\/wp-content\\\/uploads\\\/2019\\\/01\\\/Leg-Injury-Photo.jpeg\",\"width\":640,\"height\":426,\"caption\":\"Abogado de lesiones personales Condado de Darke, Ohio\"},{\"@type\":\"BreadcrumbList\",\"@id\":\"https:\\\/\\\/thehometownlawyers.com\\\/es\\\/lesiones-personales-en-new-paris-ohio\\\/#breadcrumb\",\"itemListElement\":[{\"@type\":\"ListItem\",\"position\":1,\"name\":\"Home\",\"item\":\"https:\\\/\\\/thehometownlawyers.com\\\/es\\\/\"},{\"@type\":\"ListItem\",\"position\":2,\"name\":\"Abogado de Lesiones Personales en New Paris\"}]},{\"@type\":\"WebSite\",\"@id\":\"https:\\\/\\\/thehometownlawyers.com\\\/es\\\/#website\",\"url\":\"https:\\\/\\\/thehometownlawyers.com\\\/es\\\/\",\"name\":\"Kruger & Hodges Hometown Injury Lawyers | Accident Attorneys\",\"description\":\"Attorneys for Car, Truck and Motorcycle Accidents, Personal Injuries, and Criminal Defense.\",\"publisher\":{\"@id\":\"https:\\\/\\\/thehometownlawyers.com\\\/es\\\/#organization\"},\"alternateName\":\"Kruger & Hodges Personal Injury Lawyers\",\"inLanguage\":\"es\"},{\"@type\":\"Organization\",\"@id\":\"https:\\\/\\\/thehometownlawyers.com\\\/es\\\/#organization\",\"name\":\"Kruger & Hodges Hometown Injury Lawyers\",\"alternateName\":\"Kruger & Hodges\",\"url\":\"https:\\\/\\\/thehometownlawyers.com\\\/es\\\/\",\"logo\":{\"@type\":\"ImageObject\",\"inLanguage\":\"es\",\"@id\":\"https:\\\/\\\/thehometownlawyers.com\\\/es\\\/#\\\/schema\\\/logo\\\/image\\\/\",\"url\":\"https:\\\/\\\/thehometownlawyers.com\\\/wp-content\\\/uploads\\\/2025\\\/12\\\/revised-kh-logo-vertical-white-background-scaled.png\",\"contentUrl\":\"https:\\\/\\\/thehometownlawyers.com\\\/wp-content\\\/uploads\\\/2025\\\/12\\\/revised-kh-logo-vertical-white-background-scaled.png\",\"width\":2560,\"height\":1440,\"caption\":\"Kruger & Hodges Hometown Injury Lawyers\"},\"image\":{\"@id\":\"https:\\\/\\\/thehometownlawyers.com\\\/es\\\/#\\\/schema\\\/logo\\\/image\\\/\"},\"sameAs\":[\"https:\\\/\\\/www.facebook.com\\\/KrugerHodges\\\/\",\"https:\\\/\\\/www.instagram.com\\\/krugerhodges\\\/\",\"https:\\\/\\\/www.linkedin.com\\\/company\\\/kruger-hodges-hometown-injury-lawyers\\\/\",\"https:\\\/\\\/www.youtube.com\\\/channel\\\/UCeYcMaMaN2rb9jMlqt4EIdQ\",\"https:\\\/\\\/www.tiktok.com\\\/@thehometownlawyer\"]}]}<\/script>\n<!-- \/ Yoast SEO plugin. -->","yoast_head_json":{"title":"Lesiones personales en New Paris | Abogados de Kruger & Hodges","description":"Si tiene problemas con una lesi\u00f3n personal en New Paris, comun\u00edquese con uno de nuestros abogados expertos que puede ayudarlo.","robots":{"index":"index","follow":"follow","max-snippet":"max-snippet:-1","max-image-preview":"max-image-preview:large","max-video-preview":"max-video-preview:-1"},"canonical":"https:\/\/thehometownlawyers.com\/es\/lesiones-personales-en-new-paris-ohio\/","og_locale":"es_MX","og_type":"article","og_title":"Lesiones personales en New Paris | Abogados de Kruger & Hodges","og_description":"Si tiene problemas con una lesi\u00f3n personal en New Paris, comun\u00edquese con uno de nuestros abogados expertos que puede ayudarlo.","og_url":"https:\/\/thehometownlawyers.com\/es\/lesiones-personales-en-new-paris-ohio\/","og_site_name":"Kruger &amp; Hodges Abogados De Lesiones","article_publisher":"https:\/\/www.facebook.com\/KrugerHodges\/","article_modified_time":"2025-02-03T14:49:18+00:00","og_image":[{"width":640,"height":426,"url":"https:\/\/thehometownlawyers.com\/wp-content\/uploads\/2019\/01\/Leg-Injury-Photo.jpeg","type":"image\/jpeg"}],"twitter_card":"summary_large_image","twitter_misc":{"Tiempo de lectura":"5 minutos"},"schema":{"@context":"https:\/\/schema.org","@graph":[{"@type":"WebPage","@id":"https:\/\/thehometownlawyers.com\/es\/lesiones-personales-en-new-paris-ohio\/","url":"https:\/\/thehometownlawyers.com\/es\/lesiones-personales-en-new-paris-ohio\/","name":"Lesiones personales en New Paris | Abogados de Kruger & Hodges","isPartOf":{"@id":"https:\/\/thehometownlawyers.com\/es\/#website"},"primaryImageOfPage":{"@id":"https:\/\/thehometownlawyers.com\/es\/lesiones-personales-en-new-paris-ohio\/#primaryimage"},"image":{"@id":"https:\/\/thehometownlawyers.com\/es\/lesiones-personales-en-new-paris-ohio\/#primaryimage"},"thumbnailUrl":"https:\/\/thehometownlawyers.com\/wp-content\/uploads\/2019\/01\/Leg-Injury-Photo.jpeg","datePublished":"2022-01-05T02:01:37+00:00","dateModified":"2025-02-03T14:49:18+00:00","description":"Si tiene problemas con una lesi\u00f3n personal en New Paris, comun\u00edquese con uno de nuestros abogados expertos que puede ayudarlo.","breadcrumb":{"@id":"https:\/\/thehometownlawyers.com\/es\/lesiones-personales-en-new-paris-ohio\/#breadcrumb"},"inLanguage":"es","potentialAction":[{"@type":"ReadAction","target":["https:\/\/thehometownlawyers.com\/es\/lesiones-personales-en-new-paris-ohio\/"]}]},{"@type":"ImageObject","inLanguage":"es","@id":"https:\/\/thehometownlawyers.com\/es\/lesiones-personales-en-new-paris-ohio\/#primaryimage","url":"https:\/\/thehometownlawyers.com\/wp-content\/uploads\/2019\/01\/Leg-Injury-Photo.jpeg","contentUrl":"https:\/\/thehometownlawyers.com\/wp-content\/uploads\/2019\/01\/Leg-Injury-Photo.jpeg","width":640,"height":426,"caption":"Abogado de lesiones personales Condado de Darke, Ohio"},{"@type":"BreadcrumbList","@id":"https:\/\/thehometownlawyers.com\/es\/lesiones-personales-en-new-paris-ohio\/#breadcrumb","itemListElement":[{"@type":"ListItem","position":1,"name":"Home","item":"https:\/\/thehometownlawyers.com\/es\/"},{"@type":"ListItem","position":2,"name":"Abogado de Lesiones Personales en New Paris"}]},{"@type":"WebSite","@id":"https:\/\/thehometownlawyers.com\/es\/#website","url":"https:\/\/thehometownlawyers.com\/es\/","name":"Kruger & Hodges Hometown Injury Lawyers | Accident Attorneys","description":"Attorneys for Car, Truck and Motorcycle Accidents, Personal Injuries, and Criminal Defense.","publisher":{"@id":"https:\/\/thehometownlawyers.com\/es\/#organization"},"alternateName":"Kruger & Hodges Personal Injury Lawyers","inLanguage":"es"},{"@type":"Organization","@id":"https:\/\/thehometownlawyers.com\/es\/#organization","name":"Kruger & Hodges Hometown Injury Lawyers","alternateName":"Kruger & Hodges","url":"https:\/\/thehometownlawyers.com\/es\/","logo":{"@type":"ImageObject","inLanguage":"es","@id":"https:\/\/thehometownlawyers.com\/es\/#\/schema\/logo\/image\/","url":"https:\/\/thehometownlawyers.com\/wp-content\/uploads\/2025\/12\/revised-kh-logo-vertical-white-background-scaled.png","contentUrl":"https:\/\/thehometownlawyers.com\/wp-content\/uploads\/2025\/12\/revised-kh-logo-vertical-white-background-scaled.png","width":2560,"height":1440,"caption":"Kruger & Hodges Hometown Injury Lawyers"},"image":{"@id":"https:\/\/thehometownlawyers.com\/es\/#\/schema\/logo\/image\/"},"sameAs":["https:\/\/www.facebook.com\/KrugerHodges\/","https:\/\/www.instagram.com\/krugerhodges\/","https:\/\/www.linkedin.com\/company\/kruger-hodges-hometown-injury-lawyers\/","https:\/\/www.youtube.com\/channel\/UCeYcMaMaN2rb9jMlqt4EIdQ","https:\/\/www.tiktok.com\/@thehometownlawyer"]}]}},"_links":{"self":[{"href":"https:\/\/thehometownlawyers.com\/es\/wp-json\/wp\/v2\/pages\/21138","targetHints":{"allow":["GET"]}}],"collection":[{"href":"https:\/\/thehometownlawyers.com\/es\/wp-json\/wp\/v2\/pages"}],"about":[{"href":"https:\/\/thehometownlawyers.com\/es\/wp-json\/wp\/v2\/types\/page"}],"author":[{"embeddable":true,"href":"https:\/\/thehometownlawyers.com\/es\/wp-json\/wp\/v2\/users\/7"}],"replies":[{"embeddable":true,"href":"https:\/\/thehometownlawyers.com\/es\/wp-json\/wp\/v2\/comments?post=21138"}],"version-history":[{"count":0,"href":"https:\/\/thehometownlawyers.com\/es\/wp-json\/wp\/v2\/pages\/21138\/revisions"}],"wp:featuredmedia":[{"embeddable":true,"href":"https:\/\/thehometownlawyers.com\/es\/wp-json\/wp\/v2\/media\/20730"}],"wp:attachment":[{"href":"https:\/\/thehometownlawyers.com\/es\/wp-json\/wp\/v2\/media?parent=21138"}],"wp:term":[{"taxonomy":"hc_faqs","embeddable":true,"href":"https:\/\/thehometownlawyers.com\/es\/wp-json\/wp\/v2\/hc_faqs?post=21138"},{"taxonomy":"hc_spanish_faqs","embeddable":true,"href":"https:\/\/thehometownlawyers.com\/es\/wp-json\/wp\/v2\/hc_spanish_faqs?post=21138"}],"curies":[{"name":"wp","href":"https:\/\/api.w.org\/{rel}","templated":true}]}}