{"id":21140,"date":"2021-12-28T18:54:57","date_gmt":"2021-12-28T23:54:57","guid":{"rendered":"https:\/\/thehometownlawyers.com\/?page_id=21140"},"modified":"2025-04-02T13:27:46","modified_gmt":"2025-04-02T17:27:46","slug":"lesiones-personales-en-camden-ohio","status":"publish","type":"page","link":"https:\/\/thehometownlawyers.com\/es\/lesiones-personales-en-camden-ohio\/","title":{"rendered":"Abogado de Lesiones Personales en Camden"},"content":{"rendered":"<h2>Lesiones personales en Camden, Ohio<\/h2>\n<p>Camden, Ohio es una comunidad rural ubicada en el lado occidental del <a href=\"https:\/\/thehometownlawyers.com\/es\/\">condado de Preble<\/a> . El \u00e1rea es un gran lugar para vivir y criar ni\u00f1os. Camden, Ohio, es el hogar del Festival anual de la nuez. Debido a la naturaleza rural de la zona, tienes que conducir a casi todos los lugares a los que vayas. Eso significa que compartir\u00e1 la carretera con otros veh\u00edculos y camiones. Aunque la mayor\u00eda de los accidentes en Ohio ocurren en \u00e1reas urbanas, el condado de Preble todav\u00eda tiene su parte de accidentes de tr\u00e1fico graves. Si resulta herido en un accidente automovil\u00edstico, la parte negligente es responsable de pagar sus facturas m\u00e9dicas y otros da\u00f1os. Un abogado con experiencia en lesiones personales en Camden, Ohio, lo ayudar\u00e1 a obtener el dinero que se merece por sus lesiones.<\/p>\n<p class=\"rs-content-cta rs-content-cta-small\">Para una consulta legal gratuita, llame al <a href=\"tel:+15138943333\">513-894-3333 <\/a><\/p><h2>Choques de veh\u00edculos en Camden, Ohio<\/h2>\n<p>Hay muchos tipos de accidentes de veh\u00edculos en Camden, Ohio. Algunos de los accidentes m\u00e1s comunes incluyen accidentes automovil\u00edsticos, accidentes de motocicleta y accidentes de cami\u00f3n. Los choques graves a menudo resultan en lesiones graves o muertes. El a\u00f1o pasado, la <a href=\"https:\/\/www.statepatrol.ohio.gov\/statistics\/statspage.asp?Area1=68&amp;B2=Submit#gsc.tab=0\" target=\"_blank\" rel=\"noopener\">Patrulla de Carreteras del Estado de Ohio<\/a> investig\u00f3 al menos 321 accidentes en el condado de Preble.<\/p>\n<p class=\"rs-content-cta\">Abogado de Lesiones Personales de Camden Cerca de M\u00ed <a href=\"tel:+15138943333\">513-894-3333<\/a><\/p><h2>Accidentes automovil\u00edsticos<\/h2>\n<p>Los accidentes automovil\u00edsticos en Camden , Ohio, ocurren regularmente. Aunque la mayor\u00eda de estos accidentes son choques menores, algunos son graves y resultan en lesiones graves. Si est\u00e1 involucrado en un accidente automovil\u00edstico, aseg\u00farese de obtener un informe policial y busque atenci\u00f3n m\u00e9dica lo antes posible. Mantenga informaci\u00f3n y registros del accidente y el tratamiento m\u00e9dico que recibi\u00f3 para que la parte negligente pueda pagar por sus da\u00f1os.<\/p>\n<p class=\"rs-content-cta rs-content-cta-small\"><a href=\"\/es\/contacto\/\">Haga clic para contactar<\/a> con nuestros lesiones personales abogados hoy<\/p><h2>Accidentes de motocicleta<\/h2>\n<p>Los accidentes de motocicleta en Camden , Ohio, pueden provocar lesiones graves o potencialmente mortales. Algunos de los tipos comunes de lesiones incluyen traumatismo craneoencef\u00e1lico, lesiones en el cuello y la espalda, huesos rotos y lesiones internas. Estos tipos de lesiones a menudo requieren pruebas exhaustivas, cirug\u00eda y hospitalizaci\u00f3n prolongada para su recuperaci\u00f3n. Las lesiones en la cabeza y la m\u00e9dula espinal pueden provocar discapacidades y la necesidad de atenci\u00f3n continua.<\/p>\n<p class=\"rs-content-cta rs-content-cta-small\">Complete una <a href=\"\/es\/contacto\/\">evaluaci\u00f3n gratuita de su caso<\/a> ahora<\/p><h2>Accidentes de Camiones<\/h2>\n<p>Con muchas autopistas cercanas, es seguro que compartir\u00e1 el camino con muchos camiones grandes. Cuando los veh\u00edculos de pasajeros chocan con camiones grandes, los resultados pueden ser devastadores. Los accidentes de camiones en Camden , Ohio, a menudo causan lesiones que pueden poner en peligro la vida, como lesiones cerebrales traum\u00e1ticas y lesiones en la espalda y el cuello. El tratamiento inmediato es fundamental para la supervivencia y los gastos m\u00e9dicos pueden ser astron\u00f3micos. El conductor negligente debe ser responsable de pagar los costos asociados con sus lesiones.<\/p>\n<h2>Negligencia en casos de lesiones personales en Camden, Ohio<\/h2>\n<p>Generalmente, uno o m\u00e1s conductores son responsables del accidente. La parte negligente es responsable de los da\u00f1os sufridos por las v\u00edctimas del accidente. Ohio tiene una ley de <a href=\"https:\/\/insurance.ohio.gov\/wps\/portal\/gov\/odi\/consumers\/automobile\/comparative-negligence#:~:text=In%201980%2C%20Ohio%20became%20the,injury%20or%20damage%20to%20another.\" target=\"_blank\" rel=\"noopener\">negligencia comparativa<\/a> vigente. De acuerdo con la ley de Ohio, la negligencia se define como \u201cla falta de ejercer el grado de cuidado requerido de una persona razonable y prudente en cualquier circunstancia que resulte en lesiones o da\u00f1os a otra persona\u201d. La compa\u00f1\u00eda de seguros revisa el reclamo y generalmente atribuye negligencia a cada parte. La negligencia comparativa le permite cobrar dinero por sus da\u00f1os siempre que sea menos del 50% responsable del accidente. Hay cuatro elementos principales de negligencia que debe probar en un reclamo legal. Estos incluyen el deber, el incumplimiento, la causalidad y los da\u00f1os. El otro conductor ten\u00eda el deber de conducir de manera segura y no lo hizo. Como resultado, sufri\u00f3 lesiones y da\u00f1os.<\/p>\n<h2>C\u00f3mo obtener un acuerdo favorable<\/h2>\n<p>Trabajar con la compa\u00f1\u00eda de seguros despu\u00e9s de un accidente puede ser dif\u00edcil y estresante. El ajustador de seguros se comunicar\u00e1 con usted para obtener una declaraci\u00f3n y discutir el accidente. Tenga en cuenta que graban la conversaci\u00f3n y pueden usar lo que dice para reducir el monto del reclamo o negarlo por completo. Si la compa\u00f1\u00eda de seguros ofrece un acuerdo r\u00e1pido, aseg\u00farese de hablar con un abogado antes de aceptar el cheque. Muchas veces, el acuerdo no es suficiente para cubrir sus da\u00f1os y una vez que cobra el cheque, renuncia a su derecho de tratar de obtener m\u00e1s dinero. Un abogado experto en lesiones personales en Camden, Ohio, trabajar\u00e1 con la compa\u00f1\u00eda de seguros en su nombre para obtener el mejor acuerdo posible.<\/p>\n<h2>Ayuda de un abogado de lesiones personales en Camden, Ohio<\/h2>\n<p>Muchos reclamos por lesiones personales se resuelven a trav\u00e9s de un acuerdo. Su abogado reunir\u00e1 evidencia y documentaci\u00f3n para probar su caso y trabajar\u00e1 para obtener un acuerdo justo. Si no se puede llegar a un acuerdo, el asunto podr\u00eda proceder a los tribunales. Los da\u00f1os compensatorios son aquellos que cubren su p\u00e9rdida. El juez tambi\u00e9n puede imponer da\u00f1os punitivos que tienen por objeto castigar a la parte negligente y prevenir futuras ocurrencias. Si usted o un ser querido result\u00f3 herido en un accidente en Camden, Ohio, estamos aqu\u00ed para ayudarlo. Comun\u00edquese con nuestro equipo de abogados de <a href=\"https:\/\/thehometownlawyers.com\/es\/contacto\/\">Kruger &amp; Hodges<\/a> al (937) 733-6079 para programar una consulta inicial gratuita para analizar su caso.<\/p>\n<p class=\"rs-content-cta rs-content-cta-small\">Llame o env\u00ede un mensaje de texto al <a href=\"tel:+15138943333\">513-894-3333<\/a> o complete una <a href=\"\/es\/contacto\/\">evaluaci\u00f3n gratuita de su caso<\/a><\/p>","protected":false},"excerpt":{"rendered":"<p>Lesiones personales en Camden, Ohio Camden, Ohio es una comunidad rural ubicada en el lado occidental del condado de Preble . El \u00e1rea es un gran lugar para vivir y criar ni\u00f1os. Camden, Ohio, es el hogar del Festival anual de la nuez. Debido a la naturaleza rural de la zona, tienes que conducir a &#8230;<\/p>\n","protected":false},"author":7,"featured_media":20897,"parent":0,"menu_order":0,"comment_status":"closed","ping_status":"closed","template":"","meta":{"_acf_changed":false,"inline_featured_image":false,"_genesis_hide_title":false,"_genesis_hide_breadcrumbs":false,"_genesis_hide_singular_image":false,"_genesis_hide_footer_widgets":false,"_genesis_custom_body_class":"","_genesis_custom_post_class":"","_genesis_layout":"","footnotes":""},"hc_faqs":[],"hc_spanish_faqs":[],"class_list":{"0":"post-21140","1":"page","2":"type-page","3":"status-publish","4":"has-post-thumbnail","6":"hc_city_location-camden-es","7":"entry"},"acf":[],"yoast_head":"<!-- This site is optimized with the Yoast SEO plugin v27.4 - https:\/\/yoast.com\/product\/yoast-seo-wordpress\/ -->\n<title>Lesiones personales en Camden, Ohio: Consulta gratuita<\/title>\n<meta name=\"description\" content=\"Si sufri\u00f3 una lesi\u00f3n personal en Camden, Ohio debido a un accidente, comun\u00edquese con una profesi\u00f3n con experiencia que pueda ayudarlo.\" \/>\n<meta name=\"robots\" content=\"index, follow, max-snippet:-1, max-image-preview:large, max-video-preview:-1\" \/>\n<link rel=\"canonical\" href=\"https:\/\/thehometownlawyers.com\/es\/lesiones-personales-en-camden-ohio\/\" \/>\n<meta property=\"og:locale\" content=\"es_MX\" \/>\n<meta property=\"og:type\" content=\"article\" \/>\n<meta property=\"og:title\" content=\"Lesiones personales en Camden, Ohio: Consulta gratuita\" \/>\n<meta property=\"og:description\" content=\"Si sufri\u00f3 una lesi\u00f3n personal en Camden, Ohio debido a un accidente, comun\u00edquese con una profesi\u00f3n con experiencia que pueda ayudarlo.\" \/>\n<meta property=\"og:url\" content=\"https:\/\/thehometownlawyers.com\/es\/lesiones-personales-en-camden-ohio\/\" \/>\n<meta property=\"og:site_name\" content=\"Kruger &amp; Hodges Abogados De Lesiones\" \/>\n<meta property=\"article:publisher\" content=\"https:\/\/www.facebook.com\/KrugerHodges\/\" \/>\n<meta property=\"article:modified_time\" content=\"2025-04-02T17:27:46+00:00\" \/>\n<meta property=\"og:image\" content=\"https:\/\/thehometownlawyers.com\/wp-content\/uploads\/2022\/03\/Do-I-Need-a-Lawyer-for-an-Ohio-Dog-Bite-Injury-.jpg\" \/>\n\t<meta property=\"og:image:width\" content=\"1260\" \/>\n\t<meta property=\"og:image:height\" content=\"1484\" \/>\n\t<meta property=\"og:image:type\" content=\"image\/jpeg\" \/>\n<meta name=\"twitter:card\" content=\"summary_large_image\" \/>\n<meta name=\"twitter:label1\" content=\"Tiempo de lectura\" \/>\n\t<meta name=\"twitter:data1\" content=\"4 minutos\" \/>\n<script type=\"application\/ld+json\" class=\"yoast-schema-graph\">{\"@context\":\"https:\\\/\\\/schema.org\",\"@graph\":[{\"@type\":\"WebPage\",\"@id\":\"https:\\\/\\\/thehometownlawyers.com\\\/es\\\/lesiones-personales-en-camden-ohio\\\/\",\"url\":\"https:\\\/\\\/thehometownlawyers.com\\\/es\\\/lesiones-personales-en-camden-ohio\\\/\",\"name\":\"Lesiones personales en Camden, Ohio: Consulta gratuita\",\"isPartOf\":{\"@id\":\"https:\\\/\\\/thehometownlawyers.com\\\/es\\\/#website\"},\"primaryImageOfPage\":{\"@id\":\"https:\\\/\\\/thehometownlawyers.com\\\/es\\\/lesiones-personales-en-camden-ohio\\\/#primaryimage\"},\"image\":{\"@id\":\"https:\\\/\\\/thehometownlawyers.com\\\/es\\\/lesiones-personales-en-camden-ohio\\\/#primaryimage\"},\"thumbnailUrl\":\"https:\\\/\\\/thehometownlawyers.com\\\/wp-content\\\/uploads\\\/2022\\\/03\\\/Do-I-Need-a-Lawyer-for-an-Ohio-Dog-Bite-Injury-.jpg\",\"datePublished\":\"2021-12-28T23:54:57+00:00\",\"dateModified\":\"2025-04-02T17:27:46+00:00\",\"description\":\"Si sufri\u00f3 una lesi\u00f3n personal en Camden, Ohio debido a un accidente, comun\u00edquese con una profesi\u00f3n con experiencia que pueda ayudarlo.\",\"breadcrumb\":{\"@id\":\"https:\\\/\\\/thehometownlawyers.com\\\/es\\\/lesiones-personales-en-camden-ohio\\\/#breadcrumb\"},\"inLanguage\":\"es\",\"potentialAction\":[{\"@type\":\"ReadAction\",\"target\":[\"https:\\\/\\\/thehometownlawyers.com\\\/es\\\/lesiones-personales-en-camden-ohio\\\/\"]}]},{\"@type\":\"ImageObject\",\"inLanguage\":\"es\",\"@id\":\"https:\\\/\\\/thehometownlawyers.com\\\/es\\\/lesiones-personales-en-camden-ohio\\\/#primaryimage\",\"url\":\"https:\\\/\\\/thehometownlawyers.com\\\/wp-content\\\/uploads\\\/2022\\\/03\\\/Do-I-Need-a-Lawyer-for-an-Ohio-Dog-Bite-Injury-.jpg\",\"contentUrl\":\"https:\\\/\\\/thehometownlawyers.com\\\/wp-content\\\/uploads\\\/2022\\\/03\\\/Do-I-Need-a-Lawyer-for-an-Ohio-Dog-Bite-Injury-.jpg\",\"width\":1260,\"height\":1484},{\"@type\":\"BreadcrumbList\",\"@id\":\"https:\\\/\\\/thehometownlawyers.com\\\/es\\\/lesiones-personales-en-camden-ohio\\\/#breadcrumb\",\"itemListElement\":[{\"@type\":\"ListItem\",\"position\":1,\"name\":\"Home\",\"item\":\"https:\\\/\\\/thehometownlawyers.com\\\/es\\\/\"},{\"@type\":\"ListItem\",\"position\":2,\"name\":\"Abogado de Lesiones Personales en Camden\"}]},{\"@type\":\"WebSite\",\"@id\":\"https:\\\/\\\/thehometownlawyers.com\\\/es\\\/#website\",\"url\":\"https:\\\/\\\/thehometownlawyers.com\\\/es\\\/\",\"name\":\"Kruger & Hodges Hometown Injury Lawyers | Accident Attorneys\",\"description\":\"Attorneys for Car, Truck and Motorcycle Accidents, Personal Injuries, and Criminal Defense.\",\"publisher\":{\"@id\":\"https:\\\/\\\/thehometownlawyers.com\\\/es\\\/#organization\"},\"alternateName\":\"Kruger & Hodges Personal Injury Lawyers\",\"inLanguage\":\"es\"},{\"@type\":\"Organization\",\"@id\":\"https:\\\/\\\/thehometownlawyers.com\\\/es\\\/#organization\",\"name\":\"Kruger & Hodges Hometown Injury Lawyers\",\"alternateName\":\"Kruger & Hodges\",\"url\":\"https:\\\/\\\/thehometownlawyers.com\\\/es\\\/\",\"logo\":{\"@type\":\"ImageObject\",\"inLanguage\":\"es\",\"@id\":\"https:\\\/\\\/thehometownlawyers.com\\\/es\\\/#\\\/schema\\\/logo\\\/image\\\/\",\"url\":\"https:\\\/\\\/thehometownlawyers.com\\\/wp-content\\\/uploads\\\/2025\\\/12\\\/revised-kh-logo-vertical-white-background-scaled.png\",\"contentUrl\":\"https:\\\/\\\/thehometownlawyers.com\\\/wp-content\\\/uploads\\\/2025\\\/12\\\/revised-kh-logo-vertical-white-background-scaled.png\",\"width\":2560,\"height\":1440,\"caption\":\"Kruger & Hodges Hometown Injury Lawyers\"},\"image\":{\"@id\":\"https:\\\/\\\/thehometownlawyers.com\\\/es\\\/#\\\/schema\\\/logo\\\/image\\\/\"},\"sameAs\":[\"https:\\\/\\\/www.facebook.com\\\/KrugerHodges\\\/\",\"https:\\\/\\\/www.instagram.com\\\/krugerhodges\\\/\",\"https:\\\/\\\/www.linkedin.com\\\/company\\\/kruger-hodges-hometown-injury-lawyers\\\/\",\"https:\\\/\\\/www.youtube.com\\\/channel\\\/UCeYcMaMaN2rb9jMlqt4EIdQ\",\"https:\\\/\\\/www.tiktok.com\\\/@thehometownlawyer\"]}]}<\/script>\n<!-- \/ Yoast SEO plugin. -->","yoast_head_json":{"title":"Lesiones personales en Camden, Ohio: Consulta gratuita","description":"Si sufri\u00f3 una lesi\u00f3n personal en Camden, Ohio debido a un accidente, comun\u00edquese con una profesi\u00f3n con experiencia que pueda ayudarlo.","robots":{"index":"index","follow":"follow","max-snippet":"max-snippet:-1","max-image-preview":"max-image-preview:large","max-video-preview":"max-video-preview:-1"},"canonical":"https:\/\/thehometownlawyers.com\/es\/lesiones-personales-en-camden-ohio\/","og_locale":"es_MX","og_type":"article","og_title":"Lesiones personales en Camden, Ohio: Consulta gratuita","og_description":"Si sufri\u00f3 una lesi\u00f3n personal en Camden, Ohio debido a un accidente, comun\u00edquese con una profesi\u00f3n con experiencia que pueda ayudarlo.","og_url":"https:\/\/thehometownlawyers.com\/es\/lesiones-personales-en-camden-ohio\/","og_site_name":"Kruger &amp; Hodges Abogados De Lesiones","article_publisher":"https:\/\/www.facebook.com\/KrugerHodges\/","article_modified_time":"2025-04-02T17:27:46+00:00","og_image":[{"width":1260,"height":1484,"url":"https:\/\/thehometownlawyers.com\/wp-content\/uploads\/2022\/03\/Do-I-Need-a-Lawyer-for-an-Ohio-Dog-Bite-Injury-.jpg","type":"image\/jpeg"}],"twitter_card":"summary_large_image","twitter_misc":{"Tiempo de lectura":"4 minutos"},"schema":{"@context":"https:\/\/schema.org","@graph":[{"@type":"WebPage","@id":"https:\/\/thehometownlawyers.com\/es\/lesiones-personales-en-camden-ohio\/","url":"https:\/\/thehometownlawyers.com\/es\/lesiones-personales-en-camden-ohio\/","name":"Lesiones personales en Camden, Ohio: Consulta gratuita","isPartOf":{"@id":"https:\/\/thehometownlawyers.com\/es\/#website"},"primaryImageOfPage":{"@id":"https:\/\/thehometownlawyers.com\/es\/lesiones-personales-en-camden-ohio\/#primaryimage"},"image":{"@id":"https:\/\/thehometownlawyers.com\/es\/lesiones-personales-en-camden-ohio\/#primaryimage"},"thumbnailUrl":"https:\/\/thehometownlawyers.com\/wp-content\/uploads\/2022\/03\/Do-I-Need-a-Lawyer-for-an-Ohio-Dog-Bite-Injury-.jpg","datePublished":"2021-12-28T23:54:57+00:00","dateModified":"2025-04-02T17:27:46+00:00","description":"Si sufri\u00f3 una lesi\u00f3n personal en Camden, Ohio debido a un accidente, comun\u00edquese con una profesi\u00f3n con experiencia que pueda ayudarlo.","breadcrumb":{"@id":"https:\/\/thehometownlawyers.com\/es\/lesiones-personales-en-camden-ohio\/#breadcrumb"},"inLanguage":"es","potentialAction":[{"@type":"ReadAction","target":["https:\/\/thehometownlawyers.com\/es\/lesiones-personales-en-camden-ohio\/"]}]},{"@type":"ImageObject","inLanguage":"es","@id":"https:\/\/thehometownlawyers.com\/es\/lesiones-personales-en-camden-ohio\/#primaryimage","url":"https:\/\/thehometownlawyers.com\/wp-content\/uploads\/2022\/03\/Do-I-Need-a-Lawyer-for-an-Ohio-Dog-Bite-Injury-.jpg","contentUrl":"https:\/\/thehometownlawyers.com\/wp-content\/uploads\/2022\/03\/Do-I-Need-a-Lawyer-for-an-Ohio-Dog-Bite-Injury-.jpg","width":1260,"height":1484},{"@type":"BreadcrumbList","@id":"https:\/\/thehometownlawyers.com\/es\/lesiones-personales-en-camden-ohio\/#breadcrumb","itemListElement":[{"@type":"ListItem","position":1,"name":"Home","item":"https:\/\/thehometownlawyers.com\/es\/"},{"@type":"ListItem","position":2,"name":"Abogado de Lesiones Personales en Camden"}]},{"@type":"WebSite","@id":"https:\/\/thehometownlawyers.com\/es\/#website","url":"https:\/\/thehometownlawyers.com\/es\/","name":"Kruger & Hodges Hometown Injury Lawyers | Accident Attorneys","description":"Attorneys for Car, Truck and Motorcycle Accidents, Personal Injuries, and Criminal Defense.","publisher":{"@id":"https:\/\/thehometownlawyers.com\/es\/#organization"},"alternateName":"Kruger & Hodges Personal Injury Lawyers","inLanguage":"es"},{"@type":"Organization","@id":"https:\/\/thehometownlawyers.com\/es\/#organization","name":"Kruger & Hodges Hometown Injury Lawyers","alternateName":"Kruger & Hodges","url":"https:\/\/thehometownlawyers.com\/es\/","logo":{"@type":"ImageObject","inLanguage":"es","@id":"https:\/\/thehometownlawyers.com\/es\/#\/schema\/logo\/image\/","url":"https:\/\/thehometownlawyers.com\/wp-content\/uploads\/2025\/12\/revised-kh-logo-vertical-white-background-scaled.png","contentUrl":"https:\/\/thehometownlawyers.com\/wp-content\/uploads\/2025\/12\/revised-kh-logo-vertical-white-background-scaled.png","width":2560,"height":1440,"caption":"Kruger & Hodges Hometown Injury Lawyers"},"image":{"@id":"https:\/\/thehometownlawyers.com\/es\/#\/schema\/logo\/image\/"},"sameAs":["https:\/\/www.facebook.com\/KrugerHodges\/","https:\/\/www.instagram.com\/krugerhodges\/","https:\/\/www.linkedin.com\/company\/kruger-hodges-hometown-injury-lawyers\/","https:\/\/www.youtube.com\/channel\/UCeYcMaMaN2rb9jMlqt4EIdQ","https:\/\/www.tiktok.com\/@thehometownlawyer"]}]}},"_links":{"self":[{"href":"https:\/\/thehometownlawyers.com\/es\/wp-json\/wp\/v2\/pages\/21140","targetHints":{"allow":["GET"]}}],"collection":[{"href":"https:\/\/thehometownlawyers.com\/es\/wp-json\/wp\/v2\/pages"}],"about":[{"href":"https:\/\/thehometownlawyers.com\/es\/wp-json\/wp\/v2\/types\/page"}],"author":[{"embeddable":true,"href":"https:\/\/thehometownlawyers.com\/es\/wp-json\/wp\/v2\/users\/7"}],"replies":[{"embeddable":true,"href":"https:\/\/thehometownlawyers.com\/es\/wp-json\/wp\/v2\/comments?post=21140"}],"version-history":[{"count":0,"href":"https:\/\/thehometownlawyers.com\/es\/wp-json\/wp\/v2\/pages\/21140\/revisions"}],"wp:featuredmedia":[{"embeddable":true,"href":"https:\/\/thehometownlawyers.com\/es\/wp-json\/wp\/v2\/media\/20897"}],"wp:attachment":[{"href":"https:\/\/thehometownlawyers.com\/es\/wp-json\/wp\/v2\/media?parent=21140"}],"wp:term":[{"taxonomy":"hc_faqs","embeddable":true,"href":"https:\/\/thehometownlawyers.com\/es\/wp-json\/wp\/v2\/hc_faqs?post=21140"},{"taxonomy":"hc_spanish_faqs","embeddable":true,"href":"https:\/\/thehometownlawyers.com\/es\/wp-json\/wp\/v2\/hc_spanish_faqs?post=21140"}],"curies":[{"name":"wp","href":"https:\/\/api.w.org\/{rel}","templated":true}]}}