{"id":21141,"date":"2022-02-23T15:32:37","date_gmt":"2022-02-23T20:32:37","guid":{"rendered":"https:\/\/thehometownlawyers.com\/?page_id=21141"},"modified":"2025-03-04T18:14:18","modified_gmt":"2025-03-04T23:14:18","slug":"abogados-de-lesiones-personales-de-brookville-ohio","status":"publish","type":"page","link":"https:\/\/thehometownlawyers.com\/es\/abogados-de-lesiones-personales-de-brookville-ohio\/","title":{"rendered":"Abogado de Lesiones Personales en Brookville"},"content":{"rendered":"<p>Si ha sufrido una lesi\u00f3n debido a la negligencia de otra persona en la ciudad de Brookville o en el \u00e1rea metropolitana de Ohio, es posible que tenga derecho a una compensaci\u00f3n. Independientemente de su lesi\u00f3n, si fue causada por la imprudencia de otra parte, es posible que tenga un reclamo de la ley de lesiones personales. Si bien nada puede evitar que suceda un accidente, una demanda por lesiones personales est\u00e1 dise\u00f1ada para devolverlo a la posici\u00f3n financiera en la que hubiera estado si el accidente nunca hubiera ocurrido. Esto incluye la compensaci\u00f3n por todas las facturas m\u00e9dicas y los gastos relacionados con la lesi\u00f3n, la p\u00e9rdida de salarios y el dolor y el sufrimiento. Hay innumerables cosas que entran en la categor\u00eda de lesiones personales, pero a continuaci\u00f3n hemos incluido algunas de las formas m\u00e1s comunes de lesiones personales en Brookville. Esta lista no pretende ser exhaustiva, sino reflejar algunos de los asuntos por los que nuestros abogados de lesiones personales que prestan servicios en Brookville, Ohio, pueden obtener una compensaci\u00f3n.<\/p>\n<h2><strong>Accidentes por resbalones y ca\u00eddas en Brookville<\/strong><\/h2>\n<p>Los accidentes por resbalones y ca\u00eddas son una de las <a href=\"https:\/\/codes.ohio.gov\/ohio-revised-code\/section-2305.10\" target=\"_blank\" rel=\"noopener\">principales causas<\/a> de lesiones personales y pueden ser particularmente comunes en los meses fr\u00edos del a\u00f1o en Ohio. Los accidentes por resbalones y ca\u00eddas pueden ocurrir en tiendas o restaurantes, negocios, estacionamientos y residencias privadas. Los accidentes por resbalones y ca\u00eddas tambi\u00e9n ocurren con frecuencia en hospitales, hogares de ancianos y hoteles. Si el due\u00f1o de una propiedad es o no responsable por las lesiones sufridas en un accidente de resbal\u00f3n y ca\u00edda se basa en gran medida en la ley de responsabilidad de las instalaciones, que determina el deber que le deben a usted. Seg\u00fan la ley de responsabilidad de las instalaciones de Ohio, las empresas tienen el deber m\u00e1s alto de cuidar a los consumidores. Los propietarios de viviendas privadas tienen el siguiente deber de cuidado m\u00e1s alto con los hu\u00e9spedes, y tanto las empresas como los propietarios de viviendas privadas tienen el deber de cuidado m\u00e1s bajo con los intrusos. Las empresas tambi\u00e9n son responsables de mantener instalaciones seguras dentro de sus locales y en sus estacionamientos y aceras.<\/p>\n<p class=\"rs-content-cta rs-content-cta-small\">Para una consulta legal gratuita, llame al <a href=\"tel:+15138943333\">513-894-3333 <\/a><\/p><h2><strong>Accidentes de auto, cami\u00f3n y motocicleta en Brookville<\/strong><\/h2>\n<p>Los accidentes de veh\u00edculos son la causa principal de todos los accidentes con lesiones personales en los Estados Unidos. Con muchas carreteras transitadas propias, Ohio no es una excepci\u00f3n. Los accidentes de autom\u00f3viles, camiones y motocicletas pueden tener consecuencias catastr\u00f3ficas y generar facturas m\u00e9dicas masivas. Si ha estado involucrado en un accidente automovil\u00edstico, es importante buscar atenci\u00f3n m\u00e9dica y hablar con un abogado de lesiones personales de Brookville lo antes posible para asegurarse de no aceptar un acuerdo de seguro de bajo nivel que ni siquiera cubrir\u00e1 por completo sus lesiones. Un abogado tambi\u00e9n puede ayudarlo a determinar si hay otras partes potencialmente responsables que puedan rendir cuentas, como el empleador del conductor del cami\u00f3n . Si usted era un pasajero en un veh\u00edculo que se condujo de manera negligente y estuvo involucrado en un accidente, a\u00fan tiene derecho a presentar una demanda por lesiones personales contra el conductor.<\/p>\n<p class=\"rs-content-cta\">Abogado de Lesiones Personales de Brookville Cerca de M\u00ed <a href=\"tel:+15138943333\">513-894-3333<\/a><\/p><h2><strong>Accidentes de peatones en Brookville<\/strong><\/h2>\n<p>Los peatones son incre\u00edblemente vulnerables a las lesiones cuando usan las aceras y los cruces peatonales. Los conductores de veh\u00edculos a menudo no prestan atenci\u00f3n, aceleran, se distraen o conducen de manera imprudente y esto puede costarles la vida a los peatones. Es probable que los peatones que sobreviven a una colisi\u00f3n de veh\u00edculos experimenten lesiones graves, que incluyen huesos rotos y fracturados en la pierna, da\u00f1os en el cuello y la columna vertebral, lesiones cerebrales traum\u00e1ticas y hemorragia interna y da\u00f1os en los \u00f3rganos.<\/p>\n<p class=\"rs-content-cta rs-content-cta-small\"><a href=\"\/es\/contacto\/\">Haga clic para contactar<\/a> con nuestros lesiones personales abogados hoy<\/p><h2><strong>Accidentes de bicicletas, botes y scooters el\u00e9ctricos <\/strong><\/h2>\n<p>Si result\u00f3 lesionado en un accidente de bicicleta, patinete el\u00e9ctrico o bote, debido a la negligencia de otra persona o parte, puede responsabilizarlos y recuperar sus lesiones. Los conductores ebrios golpean con frecuencia a los ciclistas y a los ciclistas de patinetes el\u00e9ctricos que usan correctamente su carril designado. Es importante hacerlos responsables y obtener el apoyo financiero que necesita para recuperarse.<\/p>\n<p class=\"rs-content-cta rs-content-cta-small\">Complete una <a href=\"\/es\/contacto\/\">evaluaci\u00f3n gratuita de su caso<\/a> ahora<\/p><h2><strong>Accidentes por conducir ebrio en Brookville<\/strong><\/h2>\n<p>Pocas cosas son m\u00e1s dif\u00edciles de aceptar que la realidad de que tu vida se ha visto alterada por la mala decisi\u00f3n de otra persona. Cuando tiene un accidente automovil\u00edstico debido a un conductor ebrio , puede causar una gran cantidad de da\u00f1os y lesiones graves que pueden requerir hospitalizaci\u00f3n, cirug\u00eda, tiempo fuera del trabajo y rehabilitaci\u00f3n extensa. La prueba de que el otro conductor estaba ebrio tambi\u00e9n crea una presunci\u00f3n autom\u00e1tica de negligencia que es dif\u00edcil de superar para ellos, lo que le brinda a\u00fan m\u00e1s incentivo para presentar un reclamo.<\/p>\n<h2><strong>Peleas de bar, violencia dom\u00e9stica y da\u00f1o intencional en Brookville<\/strong><\/h2>\n<p>Las lesiones personales no solo se aplican a la negligencia y los accidentes. Los incidentes en los que alguien le causa da\u00f1o intencionalmente tambi\u00e9n dan lugar a una demanda. Esto se conoce como un agravio intencional, en lugar de otras cosas, como un accidente automovil\u00edstico, que se basan en negligencia y la intenci\u00f3n es irrelevante. Si alguien lo agrede o golpea en Ohio y sufre da\u00f1os f\u00edsicos, emocionales y financieros como resultado de sus acciones, tiene derecho a una compensaci\u00f3n.<\/p>\n<h2><strong>Negligencia m\u00e9dica<\/strong><\/h2>\n<p>Confiamos en los m\u00e9dicos y profesionales m\u00e9dicos para mantenernos a salvo, pero \u00bfqu\u00e9 sucede cuando terminan caus\u00e1ndonos m\u00e1s da\u00f1o? Las demandas por negligencia m\u00e9dica le permiten responsabilizar a los m\u00e9dicos, cirujanos, enfermeras, profesionales m\u00e9dicos y los hospitales u organizaciones para los que trabajan cuando act\u00faan de manera negligente y, como resultado, le causan da\u00f1o. No todos los accidentes ocurridos en el curso del tratamiento de alguien constituyen negligencia, pero si el m\u00e9dico act\u00faa de una manera que no lo har\u00eda un m\u00e9dico en una situaci\u00f3n similar, eso es una bandera roja para un hallazgo de negligencia. Cabe se\u00f1alar que la falta de tratamiento es una forma com\u00fan de negligencia m\u00e9dica, junto con un diagn\u00f3stico incorrecto, errores en la dosificaci\u00f3n de las p\u00edldoras y errores quir\u00fargicos.<\/p>\n<h2><strong>Lesiones de contratistas independientes<\/strong><\/h2>\n<p>Las personas clasificadas como empleados no tienen la opci\u00f3n de demandar a su empleador porque est\u00e1n cubiertas por el seguro de compensaci\u00f3n para trabajadores. Sin embargo, los contratistas independientes no est\u00e1n limitados en su capacidad de demandar a su empleador por lesiones sufridas en el curso de su empleo, siempre que su empleador o un tercero hayan sido negligentes al causarlas.<\/p>\n<h2><strong>Reclamaciones de muerte por negligencia en Brookville<\/strong><\/h2>\n<p>Los reclamos por lesiones personales permiten que las personas que han resultado lesionadas debido a la negligencia de otra persona se recuperen financieramente. Las demandas por muerte por negligencia son esencialmente demandas por lesiones personales presentadas en nombre de alguien que muri\u00f3 debido a la negligencia de otra persona. Estos reclamos pueden ser presentados por familiares cercanos para recuperar los da\u00f1os resultantes de la muerte de sus seres queridos, incluida la atenci\u00f3n m\u00e9dica de emergencia, hospitalizaci\u00f3n, gastos funerarios, p\u00e9rdida de consorcio, p\u00e9rdida de compa\u00f1\u00eda, p\u00e9rdida de ingresos y m\u00e1s.<\/p>\n<h2><strong>Programe una consulta con el bufete de abogados de Kruger &amp; Hodges <\/strong><\/h2>\n<p>Si result\u00f3 lesionado en Ohio debido a la negligencia de otra persona, es hora de tomar medidas, hacer valer sus derechos y obtener la compensaci\u00f3n que necesita para recuperarse y seguir adelante. Los abogados con experiencia en lesiones personales del <a href=\"https:\/\/thehometownlawyers.com\/es\/abogados-de-lesiones-personales-en-eaton-ohio\/\">bufete de abogados Kruger &amp; Hodges<\/a> est\u00e1n listos para ayudar. Cont\u00e1ctenos hoy mismo en nuestras <a href=\"https:\/\/thehometownlawyers.com\/es\/contacto\/\">oficinas legales de Eaton, Ohio,<\/a> para programar una consulta.<\/p>\n<p class=\"rs-content-cta rs-content-cta-small\">Llame o env\u00ede un mensaje de texto al <a href=\"tel:+15138943333\">513-894-3333<\/a> o complete una <a href=\"\/es\/contacto\/\">evaluaci\u00f3n gratuita de su caso<\/a><\/p>","protected":false},"excerpt":{"rendered":"<p>Si ha sufrido una lesi\u00f3n debido a la negligencia de otra persona en la ciudad de Brookville o en el \u00e1rea metropolitana de Ohio, es posible que tenga derecho a una compensaci\u00f3n. Independientemente de su lesi\u00f3n, si fue causada por la imprudencia de otra parte, es posible que tenga un reclamo de la ley de &#8230;<\/p>\n","protected":false},"author":7,"featured_media":20769,"parent":0,"menu_order":0,"comment_status":"closed","ping_status":"closed","template":"","meta":{"_acf_changed":false,"inline_featured_image":false,"_genesis_hide_title":false,"_genesis_hide_breadcrumbs":false,"_genesis_hide_singular_image":false,"_genesis_hide_footer_widgets":false,"_genesis_custom_body_class":"","_genesis_custom_post_class":"","_genesis_layout":"","footnotes":""},"hc_faqs":[],"hc_spanish_faqs":[],"class_list":{"0":"post-21141","1":"page","2":"type-page","3":"status-publish","4":"has-post-thumbnail","6":"hc_city_location-brookville-es","7":"entry"},"acf":[],"yoast_head":"<!-- This site is optimized with the Yoast SEO plugin v27.3 - https:\/\/yoast.com\/product\/yoast-seo-wordpress\/ -->\n<title>Abogados de Lesiones Personales de Brookville, Ohio: Consulta gratuita<\/title>\n<meta name=\"description\" content=\"Si result\u00f3 lesionado en un accidente, es fundamental que busque atenci\u00f3n m\u00e9dica de inmediato y hable con nuestros abogados de lesiones personales de Brookville, OH.\" \/>\n<meta name=\"robots\" content=\"index, follow, max-snippet:-1, max-image-preview:large, max-video-preview:-1\" \/>\n<link rel=\"canonical\" href=\"https:\/\/thehometownlawyers.com\/es\/abogados-de-lesiones-personales-de-brookville-ohio\/\" \/>\n<meta property=\"og:locale\" content=\"es_MX\" \/>\n<meta property=\"og:type\" content=\"article\" \/>\n<meta property=\"og:title\" content=\"Abogados de Lesiones Personales de Brookville, Ohio: Consulta gratuita\" \/>\n<meta property=\"og:description\" content=\"Si result\u00f3 lesionado en un accidente, es fundamental que busque atenci\u00f3n m\u00e9dica de inmediato y hable con nuestros abogados de lesiones personales de Brookville, OH.\" \/>\n<meta property=\"og:url\" content=\"https:\/\/thehometownlawyers.com\/es\/abogados-de-lesiones-personales-de-brookville-ohio\/\" \/>\n<meta property=\"og:site_name\" content=\"Kruger &amp; Hodges Abogados De Lesiones\" \/>\n<meta property=\"article:publisher\" content=\"https:\/\/www.facebook.com\/KrugerHodges\/\" \/>\n<meta property=\"article:modified_time\" content=\"2025-03-04T23:14:18+00:00\" \/>\n<meta property=\"og:image\" content=\"https:\/\/thehometownlawyers.com\/wp-content\/uploads\/2021\/02\/IMG_6276-scaled-1.jpg\" \/>\n\t<meta property=\"og:image:width\" content=\"2048\" \/>\n\t<meta property=\"og:image:height\" content=\"1536\" \/>\n\t<meta property=\"og:image:type\" content=\"image\/jpeg\" \/>\n<meta name=\"twitter:card\" content=\"summary_large_image\" \/>\n<meta name=\"twitter:label1\" content=\"Tiempo de lectura\" \/>\n\t<meta name=\"twitter:data1\" content=\"6 minutos\" \/>\n<script type=\"application\/ld+json\" class=\"yoast-schema-graph\">{\"@context\":\"https:\\\/\\\/schema.org\",\"@graph\":[{\"@type\":\"WebPage\",\"@id\":\"https:\\\/\\\/thehometownlawyers.com\\\/es\\\/abogados-de-lesiones-personales-de-brookville-ohio\\\/\",\"url\":\"https:\\\/\\\/thehometownlawyers.com\\\/es\\\/abogados-de-lesiones-personales-de-brookville-ohio\\\/\",\"name\":\"Abogados de Lesiones Personales de Brookville, Ohio: Consulta gratuita\",\"isPartOf\":{\"@id\":\"https:\\\/\\\/thehometownlawyers.com\\\/es\\\/#website\"},\"primaryImageOfPage\":{\"@id\":\"https:\\\/\\\/thehometownlawyers.com\\\/es\\\/abogados-de-lesiones-personales-de-brookville-ohio\\\/#primaryimage\"},\"image\":{\"@id\":\"https:\\\/\\\/thehometownlawyers.com\\\/es\\\/abogados-de-lesiones-personales-de-brookville-ohio\\\/#primaryimage\"},\"thumbnailUrl\":\"https:\\\/\\\/thehometownlawyers.com\\\/wp-content\\\/uploads\\\/2021\\\/02\\\/IMG_6276-scaled-1.jpg\",\"datePublished\":\"2022-02-23T20:32:37+00:00\",\"dateModified\":\"2025-03-04T23:14:18+00:00\",\"description\":\"Si result\u00f3 lesionado en un accidente, es fundamental que busque atenci\u00f3n m\u00e9dica de inmediato y hable con nuestros abogados de lesiones personales de Brookville, OH.\",\"breadcrumb\":{\"@id\":\"https:\\\/\\\/thehometownlawyers.com\\\/es\\\/abogados-de-lesiones-personales-de-brookville-ohio\\\/#breadcrumb\"},\"inLanguage\":\"es\",\"potentialAction\":[{\"@type\":\"ReadAction\",\"target\":[\"https:\\\/\\\/thehometownlawyers.com\\\/es\\\/abogados-de-lesiones-personales-de-brookville-ohio\\\/\"]}]},{\"@type\":\"ImageObject\",\"inLanguage\":\"es\",\"@id\":\"https:\\\/\\\/thehometownlawyers.com\\\/es\\\/abogados-de-lesiones-personales-de-brookville-ohio\\\/#primaryimage\",\"url\":\"https:\\\/\\\/thehometownlawyers.com\\\/wp-content\\\/uploads\\\/2021\\\/02\\\/IMG_6276-scaled-1.jpg\",\"contentUrl\":\"https:\\\/\\\/thehometownlawyers.com\\\/wp-content\\\/uploads\\\/2021\\\/02\\\/IMG_6276-scaled-1.jpg\",\"width\":2048,\"height\":1536,\"caption\":\"Eaton Ohio Reloj\"},{\"@type\":\"BreadcrumbList\",\"@id\":\"https:\\\/\\\/thehometownlawyers.com\\\/es\\\/abogados-de-lesiones-personales-de-brookville-ohio\\\/#breadcrumb\",\"itemListElement\":[{\"@type\":\"ListItem\",\"position\":1,\"name\":\"Home\",\"item\":\"https:\\\/\\\/thehometownlawyers.com\\\/es\\\/\"},{\"@type\":\"ListItem\",\"position\":2,\"name\":\"Abogado de Lesiones Personales en Brookville\"}]},{\"@type\":\"WebSite\",\"@id\":\"https:\\\/\\\/thehometownlawyers.com\\\/es\\\/#website\",\"url\":\"https:\\\/\\\/thehometownlawyers.com\\\/es\\\/\",\"name\":\"Kruger & Hodges Hometown Injury Lawyers | Accident Attorneys\",\"description\":\"Attorneys for Car, Truck and Motorcycle Accidents, Personal Injuries, and Criminal Defense.\",\"publisher\":{\"@id\":\"https:\\\/\\\/thehometownlawyers.com\\\/es\\\/#organization\"},\"alternateName\":\"Kruger & Hodges Personal Injury Lawyers\",\"inLanguage\":\"es\"},{\"@type\":\"Organization\",\"@id\":\"https:\\\/\\\/thehometownlawyers.com\\\/es\\\/#organization\",\"name\":\"Kruger & Hodges Hometown Injury Lawyers\",\"alternateName\":\"Kruger & Hodges\",\"url\":\"https:\\\/\\\/thehometownlawyers.com\\\/es\\\/\",\"logo\":{\"@type\":\"ImageObject\",\"inLanguage\":\"es\",\"@id\":\"https:\\\/\\\/thehometownlawyers.com\\\/es\\\/#\\\/schema\\\/logo\\\/image\\\/\",\"url\":\"https:\\\/\\\/thehometownlawyers.com\\\/wp-content\\\/uploads\\\/2025\\\/12\\\/revised-kh-logo-vertical-white-background-scaled.png\",\"contentUrl\":\"https:\\\/\\\/thehometownlawyers.com\\\/wp-content\\\/uploads\\\/2025\\\/12\\\/revised-kh-logo-vertical-white-background-scaled.png\",\"width\":2560,\"height\":1440,\"caption\":\"Kruger & Hodges Hometown Injury Lawyers\"},\"image\":{\"@id\":\"https:\\\/\\\/thehometownlawyers.com\\\/es\\\/#\\\/schema\\\/logo\\\/image\\\/\"},\"sameAs\":[\"https:\\\/\\\/www.facebook.com\\\/KrugerHodges\\\/\",\"https:\\\/\\\/www.instagram.com\\\/krugerhodges\\\/\",\"https:\\\/\\\/www.linkedin.com\\\/company\\\/kruger-hodges-hometown-injury-lawyers\\\/\",\"https:\\\/\\\/www.youtube.com\\\/channel\\\/UCeYcMaMaN2rb9jMlqt4EIdQ\",\"https:\\\/\\\/www.tiktok.com\\\/@thehometownlawyer\"]}]}<\/script>\n<!-- \/ Yoast SEO plugin. -->","yoast_head_json":{"title":"Abogados de Lesiones Personales de Brookville, Ohio: Consulta gratuita","description":"Si result\u00f3 lesionado en un accidente, es fundamental que busque atenci\u00f3n m\u00e9dica de inmediato y hable con nuestros abogados de lesiones personales de Brookville, OH.","robots":{"index":"index","follow":"follow","max-snippet":"max-snippet:-1","max-image-preview":"max-image-preview:large","max-video-preview":"max-video-preview:-1"},"canonical":"https:\/\/thehometownlawyers.com\/es\/abogados-de-lesiones-personales-de-brookville-ohio\/","og_locale":"es_MX","og_type":"article","og_title":"Abogados de Lesiones Personales de Brookville, Ohio: Consulta gratuita","og_description":"Si result\u00f3 lesionado en un accidente, es fundamental que busque atenci\u00f3n m\u00e9dica de inmediato y hable con nuestros abogados de lesiones personales de Brookville, OH.","og_url":"https:\/\/thehometownlawyers.com\/es\/abogados-de-lesiones-personales-de-brookville-ohio\/","og_site_name":"Kruger &amp; Hodges Abogados De Lesiones","article_publisher":"https:\/\/www.facebook.com\/KrugerHodges\/","article_modified_time":"2025-03-04T23:14:18+00:00","og_image":[{"width":2048,"height":1536,"url":"https:\/\/thehometownlawyers.com\/wp-content\/uploads\/2021\/02\/IMG_6276-scaled-1.jpg","type":"image\/jpeg"}],"twitter_card":"summary_large_image","twitter_misc":{"Tiempo de lectura":"6 minutos"},"schema":{"@context":"https:\/\/schema.org","@graph":[{"@type":"WebPage","@id":"https:\/\/thehometownlawyers.com\/es\/abogados-de-lesiones-personales-de-brookville-ohio\/","url":"https:\/\/thehometownlawyers.com\/es\/abogados-de-lesiones-personales-de-brookville-ohio\/","name":"Abogados de Lesiones Personales de Brookville, Ohio: Consulta gratuita","isPartOf":{"@id":"https:\/\/thehometownlawyers.com\/es\/#website"},"primaryImageOfPage":{"@id":"https:\/\/thehometownlawyers.com\/es\/abogados-de-lesiones-personales-de-brookville-ohio\/#primaryimage"},"image":{"@id":"https:\/\/thehometownlawyers.com\/es\/abogados-de-lesiones-personales-de-brookville-ohio\/#primaryimage"},"thumbnailUrl":"https:\/\/thehometownlawyers.com\/wp-content\/uploads\/2021\/02\/IMG_6276-scaled-1.jpg","datePublished":"2022-02-23T20:32:37+00:00","dateModified":"2025-03-04T23:14:18+00:00","description":"Si result\u00f3 lesionado en un accidente, es fundamental que busque atenci\u00f3n m\u00e9dica de inmediato y hable con nuestros abogados de lesiones personales de Brookville, OH.","breadcrumb":{"@id":"https:\/\/thehometownlawyers.com\/es\/abogados-de-lesiones-personales-de-brookville-ohio\/#breadcrumb"},"inLanguage":"es","potentialAction":[{"@type":"ReadAction","target":["https:\/\/thehometownlawyers.com\/es\/abogados-de-lesiones-personales-de-brookville-ohio\/"]}]},{"@type":"ImageObject","inLanguage":"es","@id":"https:\/\/thehometownlawyers.com\/es\/abogados-de-lesiones-personales-de-brookville-ohio\/#primaryimage","url":"https:\/\/thehometownlawyers.com\/wp-content\/uploads\/2021\/02\/IMG_6276-scaled-1.jpg","contentUrl":"https:\/\/thehometownlawyers.com\/wp-content\/uploads\/2021\/02\/IMG_6276-scaled-1.jpg","width":2048,"height":1536,"caption":"Eaton Ohio Reloj"},{"@type":"BreadcrumbList","@id":"https:\/\/thehometownlawyers.com\/es\/abogados-de-lesiones-personales-de-brookville-ohio\/#breadcrumb","itemListElement":[{"@type":"ListItem","position":1,"name":"Home","item":"https:\/\/thehometownlawyers.com\/es\/"},{"@type":"ListItem","position":2,"name":"Abogado de Lesiones Personales en Brookville"}]},{"@type":"WebSite","@id":"https:\/\/thehometownlawyers.com\/es\/#website","url":"https:\/\/thehometownlawyers.com\/es\/","name":"Kruger & Hodges Hometown Injury Lawyers | Accident Attorneys","description":"Attorneys for Car, Truck and Motorcycle Accidents, Personal Injuries, and Criminal Defense.","publisher":{"@id":"https:\/\/thehometownlawyers.com\/es\/#organization"},"alternateName":"Kruger & Hodges Personal Injury Lawyers","inLanguage":"es"},{"@type":"Organization","@id":"https:\/\/thehometownlawyers.com\/es\/#organization","name":"Kruger & Hodges Hometown Injury Lawyers","alternateName":"Kruger & Hodges","url":"https:\/\/thehometownlawyers.com\/es\/","logo":{"@type":"ImageObject","inLanguage":"es","@id":"https:\/\/thehometownlawyers.com\/es\/#\/schema\/logo\/image\/","url":"https:\/\/thehometownlawyers.com\/wp-content\/uploads\/2025\/12\/revised-kh-logo-vertical-white-background-scaled.png","contentUrl":"https:\/\/thehometownlawyers.com\/wp-content\/uploads\/2025\/12\/revised-kh-logo-vertical-white-background-scaled.png","width":2560,"height":1440,"caption":"Kruger & Hodges Hometown Injury Lawyers"},"image":{"@id":"https:\/\/thehometownlawyers.com\/es\/#\/schema\/logo\/image\/"},"sameAs":["https:\/\/www.facebook.com\/KrugerHodges\/","https:\/\/www.instagram.com\/krugerhodges\/","https:\/\/www.linkedin.com\/company\/kruger-hodges-hometown-injury-lawyers\/","https:\/\/www.youtube.com\/channel\/UCeYcMaMaN2rb9jMlqt4EIdQ","https:\/\/www.tiktok.com\/@thehometownlawyer"]}]}},"_links":{"self":[{"href":"https:\/\/thehometownlawyers.com\/es\/wp-json\/wp\/v2\/pages\/21141","targetHints":{"allow":["GET"]}}],"collection":[{"href":"https:\/\/thehometownlawyers.com\/es\/wp-json\/wp\/v2\/pages"}],"about":[{"href":"https:\/\/thehometownlawyers.com\/es\/wp-json\/wp\/v2\/types\/page"}],"author":[{"embeddable":true,"href":"https:\/\/thehometownlawyers.com\/es\/wp-json\/wp\/v2\/users\/7"}],"replies":[{"embeddable":true,"href":"https:\/\/thehometownlawyers.com\/es\/wp-json\/wp\/v2\/comments?post=21141"}],"version-history":[{"count":0,"href":"https:\/\/thehometownlawyers.com\/es\/wp-json\/wp\/v2\/pages\/21141\/revisions"}],"wp:featuredmedia":[{"embeddable":true,"href":"https:\/\/thehometownlawyers.com\/es\/wp-json\/wp\/v2\/media\/20769"}],"wp:attachment":[{"href":"https:\/\/thehometownlawyers.com\/es\/wp-json\/wp\/v2\/media?parent=21141"}],"wp:term":[{"taxonomy":"hc_faqs","embeddable":true,"href":"https:\/\/thehometownlawyers.com\/es\/wp-json\/wp\/v2\/hc_faqs?post=21141"},{"taxonomy":"hc_spanish_faqs","embeddable":true,"href":"https:\/\/thehometownlawyers.com\/es\/wp-json\/wp\/v2\/hc_spanish_faqs?post=21141"}],"curies":[{"name":"wp","href":"https:\/\/api.w.org\/{rel}","templated":true}]}}