{"id":21143,"date":"2022-01-04T20:48:24","date_gmt":"2022-01-05T01:48:24","guid":{"rendered":"https:\/\/thehometownlawyers.com\/?page_id=21143"},"modified":"2025-02-05T15:48:12","modified_gmt":"2025-02-05T20:48:12","slug":"accidentes-automovilisticos-en-new-paris-ohio","status":"publish","type":"page","link":"https:\/\/thehometownlawyers.com\/es\/lesiones-personales-en-new-paris-ohio\/accidentes-automovilisticos-en-new-paris-ohio\/","title":{"rendered":"Abogado de Accidente Automovil\u00edstico en New Paris"},"content":{"rendered":"<h2>Accidentes automovil\u00edsticos en Nuevo Par\u00eds<\/h2>\n<p>New Paris, Ohio, es un peque\u00f1o pueblo ubicado en el condado de Preble. Se considera un suburbio de Dayton. Tenemos varias carreteras cercanas. En particular, la Interestatal 70 atraviesa New Paris y nos conecta directamente con Dayton. Aunque somos una comunidad peque\u00f1a, los accidentes automovil\u00edsticos no son raros en New Paris, Ohio. Cuando se lastima en un accidente automovil\u00edstico, el conductor negligente debe ser responsable de sus facturas m\u00e9dicas y de todos los dem\u00e1s da\u00f1os causados por el choque. Un abogado con experiencia en accidentes automovil\u00edsticos en New Paris lo ayudar\u00e1 a obtener la compensaci\u00f3n que merece por sus lesiones.<\/p>\n<p class=\"rs-content-cta rs-content-cta-small\">Para una consulta legal gratuita, llame al <a href=\"tel:+15138943333\">513-894-3333 <\/a><\/p><h2>\u00bfQu\u00e9 causa los accidentes automovil\u00edsticos en New Paris, Ohio?<\/h2>\n<p>Los accidentes automovil\u00edsticos ocurren debido a muchos factores. Por lo general, uno o m\u00e1s de los conductores hicieron algo mal o no actuaron y provocaron el accidente. Los accidentes automovil\u00edsticos a menudo se deben a errores humanos. Es posible que el conductor haya estado conduciendo por encima del l\u00edmite de velocidad o demasiado r\u00e1pido para las condiciones. Otras veces, es posible que el conductor no haya estado prestando atenci\u00f3n a la carretera. Estas son algunas de las causas m\u00e1s comunes de accidentes automovil\u00edsticos:<\/p>\n<ul>\n<li><a href=\"https:\/\/www.nhtsa.gov\/risky-driving\/distracted-driving\" target=\"_blank\" rel=\"noopener\">Conducci\u00f3n distraida<\/a><\/li>\n<li>Exceso de velocidad<\/li>\n<li>Conducir bajo la influencia de drogas o alcohol<\/li>\n<li>Desobedecer se\u00f1ales o se\u00f1ales de tr\u00e1fico<\/li>\n<li>No poder rendir<\/li>\n<li>Conducci\u00f3n temeraria<\/li>\n<li>Malas condiciones clim\u00e1ticas<\/li>\n<li>Inexperiencia<\/li>\n<\/ul>\n<p class=\"rs-content-cta\">Abogado de Lesiones Personales de New Paris Cerca de M\u00ed <a href=\"tel:+15138943333\">513-894-3333<\/a><\/p><h2>Tipos de Accidentes<\/h2>\n<p>Hay diferentes tipos de accidentes dependiendo del \u00e1rea de impacto del choque. Las colisiones traseras se encuentran entre las m\u00e1s comunes. Suceden cuando un veh\u00edculo golpea a otro por detr\u00e1s. Los accidentes de impacto lateral ocurren con mayor frecuencia cuando un conductor cambia de carril o corta el paso a alguien en el tr\u00e1fico. Estos tipos de accidentes a veces tambi\u00e9n se denominan golpes laterales.<\/p>\n<p>Los accidentes de T-bone ocurren cuando un autom\u00f3vil golpea a otro en el costado, formando la letra T. Este tipo de choque ocurre con mayor frecuencia en las intersecciones cuando un conductor no obedece una se\u00f1al de tr\u00e1fico.<\/p>\n<p>Los choques frontales son los m\u00e1s devastadores. Cuando dos veh\u00edculos chocan de frente, a menudo viajan a alta velocidad. Las colisiones frontales pueden ocurrir, por ejemplo, cuando un conductor entra en un carril de tr\u00e1fico que se aproxima. Esto puede deberse a un rebasamiento o cuando alguien conduce en direcci\u00f3n contraria en una autopista, por ejemplo.<\/p>\n<p class=\"rs-content-cta rs-content-cta-small\"><a href=\"\/es\/contacto\/\">Haga clic para contactar<\/a> con nuestros lesiones personales abogados hoy<\/p><h2>Lesiones causadas por accidentes automovil\u00edsticos en New Paris, Ohio<\/h2>\n<p>Las lesiones var\u00edan mucho en tipo y gravedad seg\u00fan los factores individuales del choque. Las lesiones comunes debido a accidentes automovil\u00edsticos son:<\/p>\n<ul>\n<li>Trauma de la cabeza<\/li>\n<li>Latigazo<\/li>\n<li>Lesiones de espalda y columna<\/li>\n<li>Huesos rotos<\/li>\n<li>Da\u00f1o a \u00f3rganos internos<\/li>\n<li>quemaduras<\/li>\n<li>Laceraciones y contusiones<\/li>\n<\/ul>\n<p>Muchas veces, las v\u00edctimas de accidentes automovil\u00edsticos requieren tratamiento de emergencia. Es posible que la v\u00edctima de un accidente automovil\u00edstico deba someterse a una serie de pruebas y exploraciones para determinar el alcance de las lesiones. Luego, podr\u00edan requerir cirug\u00eda y atenci\u00f3n continua. En algunos casos, las lesiones pueden ser incapacitantes y es posible que no sea posible una recuperaci\u00f3n completa. El alcance de las lesiones a menudo depende del tipo de choque y la velocidad de los veh\u00edculos en el momento del impacto.<\/p>\n<p class=\"rs-content-cta rs-content-cta-small\">Complete una <a href=\"\/es\/contacto\/\">evaluaci\u00f3n gratuita de su caso<\/a> ahora<\/p><h2>\u00bfQu\u00e9 son los da\u00f1os en accidentes automovil\u00edsticos?<\/h2>\n<p>Cuando usted es v\u00edctima de un accidente automovil\u00edstico, el conductor negligente debe pagar por sus da\u00f1os. Da\u00f1os es una palabra que cubre la totalidad de sus p\u00e9rdidas debido a un accidente. Los tipos m\u00e1s comunes de da\u00f1os son los gastos m\u00e9dicos, sin embargo, hay muchos otros tipos de da\u00f1os en los que puede incurrir. El conductor negligente debe proporcionarle un pago para cubrir todos y cada uno de los costos que se atribuyen al accidente.<\/p>\n<p>Los da\u00f1os monetarios son aquellos que tienen un valor real, como facturas de hospital, cirug\u00eda, medicamentos, rehabilitaci\u00f3n y costos m\u00e9dicos futuros. Si no pudo trabajar mientras se recupera, tambi\u00e9n se le debe dinero por salarios perdidos. Tambi\u00e9n puede incurrir en otros da\u00f1os que pueden no ser monetarios. Algunos de estos son el dolor y el sufrimiento, y el trauma emocional. La parte negligente es responsable de proporcionar el pago de todos sus da\u00f1os comprobables.<\/p>\n<h2>Negligencia<\/h2>\n<p>La parte negligente es el conductor responsable del accidente. Negligencia significa que el conductor sab\u00eda o deber\u00eda haber sabido que sus acciones podr\u00edan causar da\u00f1os graves o la muerte a otra persona. El conductor hizo algo que un conductor razonable no har\u00eda y result\u00f3 en lesiones y otros da\u00f1os. La negligencia puede ser tan simple como el exceso de velocidad, porque el conductor sab\u00eda que viajar por encima del l\u00edmite pod\u00eda ser peligroso y posiblemente podr\u00eda resultar en lesiones graves o muertes. Ohio contempla la <a href=\"https:\/\/insurance.ohio.gov\/wps\/portal\/gov\/odi\/consumers\/automobile\/comparative-negligence#:~:text=In%201980%2C%20Ohio%20became%20the,injury%20or%20damage%20to%20another.\" target=\"_blank\" rel=\"noopener\">negligencia concurrente<\/a> . Se asigna una parte de la negligencia a cada parte. Todav\u00eda puede cobrar da\u00f1os incluso si es parcialmente responsable, siempre que su parte sea inferior al 50%.<\/p>\n<p>Un abogado experto en accidentes automovil\u00edsticos en New Paris, Ohio, guiar\u00e1 el proceso legal, recopilar\u00e1 informaci\u00f3n y evidencia, y se har\u00e1 cargo del proceso para que pueda concentrarse en la curaci\u00f3n. Si result\u00f3 herido en un accidente automovil\u00edstico, no se demore. Comun\u00edquese con nuestro equipo legal compasivo en <a href=\"https:\/\/thehometownlawyers.com\/es\/contacto\/\">Kruger &amp; Hodges<\/a> al (937) 733-6079 para hablar sobre su reclamo en una consulta gratuita.<\/p>\n<p class=\"rs-content-cta rs-content-cta-small\">Llame o env\u00ede un mensaje de texto al <a href=\"tel:+15138943333\">513-894-3333<\/a> o complete una <a href=\"\/es\/contacto\/\">evaluaci\u00f3n gratuita de su caso<\/a><\/p>","protected":false},"excerpt":{"rendered":"<p>Accidentes automovil\u00edsticos en Nuevo Par\u00eds New Paris, Ohio, es un peque\u00f1o pueblo ubicado en el condado de Preble. Se considera un suburbio de Dayton. Tenemos varias carreteras cercanas. En particular, la Interestatal 70 atraviesa New Paris y nos conecta directamente con Dayton. Aunque somos una comunidad peque\u00f1a, los accidentes automovil\u00edsticos no son raros en New &#8230;<\/p>\n","protected":false},"author":7,"featured_media":20890,"parent":21138,"menu_order":0,"comment_status":"closed","ping_status":"closed","template":"","meta":{"_acf_changed":false,"inline_featured_image":false,"_genesis_hide_title":false,"_genesis_hide_breadcrumbs":false,"_genesis_hide_singular_image":false,"_genesis_hide_footer_widgets":false,"_genesis_custom_body_class":"","_genesis_custom_post_class":"","_genesis_layout":"","footnotes":""},"hc_faqs":[],"hc_spanish_faqs":[],"class_list":{"0":"post-21143","1":"page","2":"type-page","3":"status-publish","4":"has-post-thumbnail","6":"hc_city_location-new-paris-es","7":"entry"},"acf":[],"yoast_head":"<!-- This site is optimized with the Yoast SEO plugin v27.4 - https:\/\/yoast.com\/product\/yoast-seo-wordpress\/ -->\n<title>Abogado de Accidente Automovil\u00edstico en New Paris | Consulta Gratuita<\/title>\n<meta name=\"description\" content=\"Un abogado con conocimientos sobre accidentes automovil\u00edsticos en New Paris lo ayudar\u00e1 a obtener la compensaci\u00f3n que merece por sus lesiones.\" \/>\n<meta name=\"robots\" content=\"index, follow, max-snippet:-1, max-image-preview:large, max-video-preview:-1\" \/>\n<link rel=\"canonical\" href=\"https:\/\/thehometownlawyers.com\/es\/lesiones-personales-en-new-paris-ohio\/accidentes-automovilisticos-en-new-paris-ohio\/\" \/>\n<meta property=\"og:locale\" content=\"es_MX\" \/>\n<meta property=\"og:type\" content=\"article\" \/>\n<meta property=\"og:title\" content=\"Abogado de Accidente Automovil\u00edstico en New Paris | Consulta Gratuita\" \/>\n<meta property=\"og:description\" content=\"Un abogado con conocimientos sobre accidentes automovil\u00edsticos en New Paris lo ayudar\u00e1 a obtener la compensaci\u00f3n que merece por sus lesiones.\" \/>\n<meta property=\"og:url\" content=\"https:\/\/thehometownlawyers.com\/es\/lesiones-personales-en-new-paris-ohio\/accidentes-automovilisticos-en-new-paris-ohio\/\" \/>\n<meta property=\"og:site_name\" content=\"Kruger &amp; Hodges Abogados De Lesiones\" \/>\n<meta property=\"article:publisher\" content=\"https:\/\/www.facebook.com\/KrugerHodges\/\" \/>\n<meta property=\"article:modified_time\" content=\"2025-02-05T20:48:12+00:00\" \/>\n<meta property=\"og:image\" content=\"https:\/\/thehometownlawyers.com\/wp-content\/uploads\/2021\/11\/car-crash-attorneys-middletown.jpg\" \/>\n\t<meta property=\"og:image:width\" content=\"1200\" \/>\n\t<meta property=\"og:image:height\" content=\"800\" \/>\n\t<meta property=\"og:image:type\" content=\"image\/jpeg\" \/>\n<meta name=\"twitter:card\" content=\"summary_large_image\" \/>\n<meta name=\"twitter:label1\" content=\"Tiempo de lectura\" \/>\n\t<meta name=\"twitter:data1\" content=\"4 minutos\" \/>\n<script type=\"application\/ld+json\" class=\"yoast-schema-graph\">{\"@context\":\"https:\\\/\\\/schema.org\",\"@graph\":[{\"@type\":\"WebPage\",\"@id\":\"https:\\\/\\\/thehometownlawyers.com\\\/es\\\/lesiones-personales-en-new-paris-ohio\\\/accidentes-automovilisticos-en-new-paris-ohio\\\/\",\"url\":\"https:\\\/\\\/thehometownlawyers.com\\\/es\\\/lesiones-personales-en-new-paris-ohio\\\/accidentes-automovilisticos-en-new-paris-ohio\\\/\",\"name\":\"Abogado de Accidente Automovil\u00edstico en New Paris | Consulta Gratuita\",\"isPartOf\":{\"@id\":\"https:\\\/\\\/thehometownlawyers.com\\\/es\\\/#website\"},\"primaryImageOfPage\":{\"@id\":\"https:\\\/\\\/thehometownlawyers.com\\\/es\\\/lesiones-personales-en-new-paris-ohio\\\/accidentes-automovilisticos-en-new-paris-ohio\\\/#primaryimage\"},\"image\":{\"@id\":\"https:\\\/\\\/thehometownlawyers.com\\\/es\\\/lesiones-personales-en-new-paris-ohio\\\/accidentes-automovilisticos-en-new-paris-ohio\\\/#primaryimage\"},\"thumbnailUrl\":\"https:\\\/\\\/thehometownlawyers.com\\\/wp-content\\\/uploads\\\/2021\\\/11\\\/car-crash-attorneys-middletown.jpg\",\"datePublished\":\"2022-01-05T01:48:24+00:00\",\"dateModified\":\"2025-02-05T20:48:12+00:00\",\"description\":\"Un abogado con conocimientos sobre accidentes automovil\u00edsticos en New Paris lo ayudar\u00e1 a obtener la compensaci\u00f3n que merece por sus lesiones.\",\"breadcrumb\":{\"@id\":\"https:\\\/\\\/thehometownlawyers.com\\\/es\\\/lesiones-personales-en-new-paris-ohio\\\/accidentes-automovilisticos-en-new-paris-ohio\\\/#breadcrumb\"},\"inLanguage\":\"es\",\"potentialAction\":[{\"@type\":\"ReadAction\",\"target\":[\"https:\\\/\\\/thehometownlawyers.com\\\/es\\\/lesiones-personales-en-new-paris-ohio\\\/accidentes-automovilisticos-en-new-paris-ohio\\\/\"]}]},{\"@type\":\"ImageObject\",\"inLanguage\":\"es\",\"@id\":\"https:\\\/\\\/thehometownlawyers.com\\\/es\\\/lesiones-personales-en-new-paris-ohio\\\/accidentes-automovilisticos-en-new-paris-ohio\\\/#primaryimage\",\"url\":\"https:\\\/\\\/thehometownlawyers.com\\\/wp-content\\\/uploads\\\/2021\\\/11\\\/car-crash-attorneys-middletown.jpg\",\"contentUrl\":\"https:\\\/\\\/thehometownlawyers.com\\\/wp-content\\\/uploads\\\/2021\\\/11\\\/car-crash-attorneys-middletown.jpg\",\"width\":1200,\"height\":800,\"caption\":\"accidentes automovil\u00edsticos para abogados de accidentes automovil\u00edsticos en Middletown OH\"},{\"@type\":\"BreadcrumbList\",\"@id\":\"https:\\\/\\\/thehometownlawyers.com\\\/es\\\/lesiones-personales-en-new-paris-ohio\\\/accidentes-automovilisticos-en-new-paris-ohio\\\/#breadcrumb\",\"itemListElement\":[{\"@type\":\"ListItem\",\"position\":1,\"name\":\"Home\",\"item\":\"https:\\\/\\\/thehometownlawyers.com\\\/es\\\/\"},{\"@type\":\"ListItem\",\"position\":2,\"name\":\"Abogado de Lesiones Personales en New Paris\",\"item\":\"https:\\\/\\\/thehometownlawyers.com\\\/es\\\/lesiones-personales-en-new-paris-ohio\\\/\"},{\"@type\":\"ListItem\",\"position\":3,\"name\":\"Abogado de Accidente Automovil\u00edstico en New Paris\"}]},{\"@type\":\"WebSite\",\"@id\":\"https:\\\/\\\/thehometownlawyers.com\\\/es\\\/#website\",\"url\":\"https:\\\/\\\/thehometownlawyers.com\\\/es\\\/\",\"name\":\"Kruger & Hodges Hometown Injury Lawyers | Accident Attorneys\",\"description\":\"Attorneys for Car, Truck and Motorcycle Accidents, Personal Injuries, and Criminal Defense.\",\"publisher\":{\"@id\":\"https:\\\/\\\/thehometownlawyers.com\\\/es\\\/#organization\"},\"alternateName\":\"Kruger & Hodges Personal Injury Lawyers\",\"inLanguage\":\"es\"},{\"@type\":\"Organization\",\"@id\":\"https:\\\/\\\/thehometownlawyers.com\\\/es\\\/#organization\",\"name\":\"Kruger & Hodges Hometown Injury Lawyers\",\"alternateName\":\"Kruger & Hodges\",\"url\":\"https:\\\/\\\/thehometownlawyers.com\\\/es\\\/\",\"logo\":{\"@type\":\"ImageObject\",\"inLanguage\":\"es\",\"@id\":\"https:\\\/\\\/thehometownlawyers.com\\\/es\\\/#\\\/schema\\\/logo\\\/image\\\/\",\"url\":\"https:\\\/\\\/thehometownlawyers.com\\\/wp-content\\\/uploads\\\/2025\\\/12\\\/revised-kh-logo-vertical-white-background-scaled.png\",\"contentUrl\":\"https:\\\/\\\/thehometownlawyers.com\\\/wp-content\\\/uploads\\\/2025\\\/12\\\/revised-kh-logo-vertical-white-background-scaled.png\",\"width\":2560,\"height\":1440,\"caption\":\"Kruger & Hodges Hometown Injury Lawyers\"},\"image\":{\"@id\":\"https:\\\/\\\/thehometownlawyers.com\\\/es\\\/#\\\/schema\\\/logo\\\/image\\\/\"},\"sameAs\":[\"https:\\\/\\\/www.facebook.com\\\/KrugerHodges\\\/\",\"https:\\\/\\\/www.instagram.com\\\/krugerhodges\\\/\",\"https:\\\/\\\/www.linkedin.com\\\/company\\\/kruger-hodges-hometown-injury-lawyers\\\/\",\"https:\\\/\\\/www.youtube.com\\\/channel\\\/UCeYcMaMaN2rb9jMlqt4EIdQ\",\"https:\\\/\\\/www.tiktok.com\\\/@thehometownlawyer\"]}]}<\/script>\n<!-- \/ Yoast SEO plugin. -->","yoast_head_json":{"title":"Abogado de Accidente Automovil\u00edstico en New Paris | Consulta Gratuita","description":"Un abogado con conocimientos sobre accidentes automovil\u00edsticos en New Paris lo ayudar\u00e1 a obtener la compensaci\u00f3n que merece por sus lesiones.","robots":{"index":"index","follow":"follow","max-snippet":"max-snippet:-1","max-image-preview":"max-image-preview:large","max-video-preview":"max-video-preview:-1"},"canonical":"https:\/\/thehometownlawyers.com\/es\/lesiones-personales-en-new-paris-ohio\/accidentes-automovilisticos-en-new-paris-ohio\/","og_locale":"es_MX","og_type":"article","og_title":"Abogado de Accidente Automovil\u00edstico en New Paris | Consulta Gratuita","og_description":"Un abogado con conocimientos sobre accidentes automovil\u00edsticos en New Paris lo ayudar\u00e1 a obtener la compensaci\u00f3n que merece por sus lesiones.","og_url":"https:\/\/thehometownlawyers.com\/es\/lesiones-personales-en-new-paris-ohio\/accidentes-automovilisticos-en-new-paris-ohio\/","og_site_name":"Kruger &amp; Hodges Abogados De Lesiones","article_publisher":"https:\/\/www.facebook.com\/KrugerHodges\/","article_modified_time":"2025-02-05T20:48:12+00:00","og_image":[{"width":1200,"height":800,"url":"https:\/\/thehometownlawyers.com\/wp-content\/uploads\/2021\/11\/car-crash-attorneys-middletown.jpg","type":"image\/jpeg"}],"twitter_card":"summary_large_image","twitter_misc":{"Tiempo de lectura":"4 minutos"},"schema":{"@context":"https:\/\/schema.org","@graph":[{"@type":"WebPage","@id":"https:\/\/thehometownlawyers.com\/es\/lesiones-personales-en-new-paris-ohio\/accidentes-automovilisticos-en-new-paris-ohio\/","url":"https:\/\/thehometownlawyers.com\/es\/lesiones-personales-en-new-paris-ohio\/accidentes-automovilisticos-en-new-paris-ohio\/","name":"Abogado de Accidente Automovil\u00edstico en New Paris | Consulta Gratuita","isPartOf":{"@id":"https:\/\/thehometownlawyers.com\/es\/#website"},"primaryImageOfPage":{"@id":"https:\/\/thehometownlawyers.com\/es\/lesiones-personales-en-new-paris-ohio\/accidentes-automovilisticos-en-new-paris-ohio\/#primaryimage"},"image":{"@id":"https:\/\/thehometownlawyers.com\/es\/lesiones-personales-en-new-paris-ohio\/accidentes-automovilisticos-en-new-paris-ohio\/#primaryimage"},"thumbnailUrl":"https:\/\/thehometownlawyers.com\/wp-content\/uploads\/2021\/11\/car-crash-attorneys-middletown.jpg","datePublished":"2022-01-05T01:48:24+00:00","dateModified":"2025-02-05T20:48:12+00:00","description":"Un abogado con conocimientos sobre accidentes automovil\u00edsticos en New Paris lo ayudar\u00e1 a obtener la compensaci\u00f3n que merece por sus lesiones.","breadcrumb":{"@id":"https:\/\/thehometownlawyers.com\/es\/lesiones-personales-en-new-paris-ohio\/accidentes-automovilisticos-en-new-paris-ohio\/#breadcrumb"},"inLanguage":"es","potentialAction":[{"@type":"ReadAction","target":["https:\/\/thehometownlawyers.com\/es\/lesiones-personales-en-new-paris-ohio\/accidentes-automovilisticos-en-new-paris-ohio\/"]}]},{"@type":"ImageObject","inLanguage":"es","@id":"https:\/\/thehometownlawyers.com\/es\/lesiones-personales-en-new-paris-ohio\/accidentes-automovilisticos-en-new-paris-ohio\/#primaryimage","url":"https:\/\/thehometownlawyers.com\/wp-content\/uploads\/2021\/11\/car-crash-attorneys-middletown.jpg","contentUrl":"https:\/\/thehometownlawyers.com\/wp-content\/uploads\/2021\/11\/car-crash-attorneys-middletown.jpg","width":1200,"height":800,"caption":"accidentes automovil\u00edsticos para abogados de accidentes automovil\u00edsticos en Middletown OH"},{"@type":"BreadcrumbList","@id":"https:\/\/thehometownlawyers.com\/es\/lesiones-personales-en-new-paris-ohio\/accidentes-automovilisticos-en-new-paris-ohio\/#breadcrumb","itemListElement":[{"@type":"ListItem","position":1,"name":"Home","item":"https:\/\/thehometownlawyers.com\/es\/"},{"@type":"ListItem","position":2,"name":"Abogado de Lesiones Personales en New Paris","item":"https:\/\/thehometownlawyers.com\/es\/lesiones-personales-en-new-paris-ohio\/"},{"@type":"ListItem","position":3,"name":"Abogado de Accidente Automovil\u00edstico en New Paris"}]},{"@type":"WebSite","@id":"https:\/\/thehometownlawyers.com\/es\/#website","url":"https:\/\/thehometownlawyers.com\/es\/","name":"Kruger & Hodges Hometown Injury Lawyers | Accident Attorneys","description":"Attorneys for Car, Truck and Motorcycle Accidents, Personal Injuries, and Criminal Defense.","publisher":{"@id":"https:\/\/thehometownlawyers.com\/es\/#organization"},"alternateName":"Kruger & Hodges Personal Injury Lawyers","inLanguage":"es"},{"@type":"Organization","@id":"https:\/\/thehometownlawyers.com\/es\/#organization","name":"Kruger & Hodges Hometown Injury Lawyers","alternateName":"Kruger & Hodges","url":"https:\/\/thehometownlawyers.com\/es\/","logo":{"@type":"ImageObject","inLanguage":"es","@id":"https:\/\/thehometownlawyers.com\/es\/#\/schema\/logo\/image\/","url":"https:\/\/thehometownlawyers.com\/wp-content\/uploads\/2025\/12\/revised-kh-logo-vertical-white-background-scaled.png","contentUrl":"https:\/\/thehometownlawyers.com\/wp-content\/uploads\/2025\/12\/revised-kh-logo-vertical-white-background-scaled.png","width":2560,"height":1440,"caption":"Kruger & Hodges Hometown Injury Lawyers"},"image":{"@id":"https:\/\/thehometownlawyers.com\/es\/#\/schema\/logo\/image\/"},"sameAs":["https:\/\/www.facebook.com\/KrugerHodges\/","https:\/\/www.instagram.com\/krugerhodges\/","https:\/\/www.linkedin.com\/company\/kruger-hodges-hometown-injury-lawyers\/","https:\/\/www.youtube.com\/channel\/UCeYcMaMaN2rb9jMlqt4EIdQ","https:\/\/www.tiktok.com\/@thehometownlawyer"]}]}},"_links":{"self":[{"href":"https:\/\/thehometownlawyers.com\/es\/wp-json\/wp\/v2\/pages\/21143","targetHints":{"allow":["GET"]}}],"collection":[{"href":"https:\/\/thehometownlawyers.com\/es\/wp-json\/wp\/v2\/pages"}],"about":[{"href":"https:\/\/thehometownlawyers.com\/es\/wp-json\/wp\/v2\/types\/page"}],"author":[{"embeddable":true,"href":"https:\/\/thehometownlawyers.com\/es\/wp-json\/wp\/v2\/users\/7"}],"replies":[{"embeddable":true,"href":"https:\/\/thehometownlawyers.com\/es\/wp-json\/wp\/v2\/comments?post=21143"}],"version-history":[{"count":0,"href":"https:\/\/thehometownlawyers.com\/es\/wp-json\/wp\/v2\/pages\/21143\/revisions"}],"up":[{"embeddable":true,"href":"https:\/\/thehometownlawyers.com\/es\/wp-json\/wp\/v2\/pages\/21138"}],"wp:featuredmedia":[{"embeddable":true,"href":"https:\/\/thehometownlawyers.com\/es\/wp-json\/wp\/v2\/media\/20890"}],"wp:attachment":[{"href":"https:\/\/thehometownlawyers.com\/es\/wp-json\/wp\/v2\/media?parent=21143"}],"wp:term":[{"taxonomy":"hc_faqs","embeddable":true,"href":"https:\/\/thehometownlawyers.com\/es\/wp-json\/wp\/v2\/hc_faqs?post=21143"},{"taxonomy":"hc_spanish_faqs","embeddable":true,"href":"https:\/\/thehometownlawyers.com\/es\/wp-json\/wp\/v2\/hc_spanish_faqs?post=21143"}],"curies":[{"name":"wp","href":"https:\/\/api.w.org\/{rel}","templated":true}]}}