{"id":21144,"date":"2021-12-27T21:50:03","date_gmt":"2021-12-28T02:50:03","guid":{"rendered":"https:\/\/thehometownlawyers.com\/?page_id=21144"},"modified":"2025-04-03T13:47:27","modified_gmt":"2025-04-03T17:47:27","slug":"abogados-de-accidentes-automovilisticos-en-lewisburg-ohio","status":"publish","type":"page","link":"https:\/\/thehometownlawyers.com\/es\/abogados-de-lesiones-personales-en-lewisburg-ohio\/abogados-de-accidentes-automovilisticos-en-lewisburg-ohio\/","title":{"rendered":"Abogado de Accidente Automovil\u00edstico en Lewisburg"},"content":{"rendered":"<h2>Abogados de accidentes automovil\u00edsticos en Lewisburg, Ohio<\/h2>\n<p>Los accidentes automovil\u00edsticos ocurren todo el tiempo, y es probable que todos los conductores se vean involucrados en un choque en alg\u00fan momento de su vida. El condado de Preble es el condado m\u00e1s grande del estado y, por lo tanto, hay muchos accidentes aqu\u00ed. Si bien Lewisburg solo tiene una poblaci\u00f3n de poco menos de 2,000 residentes, tiene varios accidentes debido a que varias carreteras principales lo atraviesan. La <a href=\"https:\/\/www.statepatrol.ohio.gov\/statistics\/statspage.asp?Area1=68&amp;B2=Submit#gsc.tab=0\" target=\"_blank\" rel=\"noopener\">Patrulla de Carreteras del Estado de Ohio<\/a> investig\u00f3 373 accidentes hasta el momento en 2021 en el condado de Preble, un aumento de 54 con respecto a 2020. Los accidentes automovil\u00edsticos en Lewisburg, Ohio, pueden provocar lesiones graves o muertes. A la v\u00edctima de un accidente automovil\u00edstico se le puede deber una compensaci\u00f3n por los da\u00f1os causados por la parte negligente y los abogados de accidentes automovil\u00edsticos en Lewisburg pueden ayudar.<\/p>\n<p class=\"rs-content-cta rs-content-cta-small\">Para una consulta legal gratuita, llame al <a href=\"tel:+15138943333\">513-894-3333 <\/a><\/p><h2>\u00bfQu\u00e9 causa los accidentes automovil\u00edsticos en Lewisburg, Ohio?<\/h2>\n<p>Muchos factores pueden causar o contribuir a accidentes automovil\u00edsticos importantes en Lewisburg, Ohio. La conducci\u00f3n negligente suele ser la culpable e incluye acciones como exceso de velocidad, conducci\u00f3n en estado de ebriedad, conducci\u00f3n distra\u00edda, no ceder el paso, no obedecer las se\u00f1ales o se\u00f1ales de tr\u00e1fico, y m\u00e1s. La negligencia ocurre cuando un conductor sabe o deber\u00eda haber sabido que sus acciones podr\u00edan causar un accidente con lesiones graves o muertes. De las muchas causas de accidentes, el exceso de velocidad es probablemente una de las causas m\u00e1s comunes en Lewisburg. Los accidentes de carretera que ocurren a altas velocidades a menudo resultan en lesiones graves o potencialmente mortales. Los cambios de carril incorrectos, conducir demasiado r\u00e1pido para las condiciones y entrar o salir de la carretera de manera incorrecta pueden causar accidentes peligrosos.<\/p>\n<p class=\"rs-content-cta\">Abogado de Lesiones Personales de Lewisburg Cerca de M\u00ed <a href=\"tel:+15138943333\">513-894-3333<\/a><\/p><h2>Lesiones Causadas por Accidentes Automovil\u00edsticos<\/h2>\n<p>Los accidentes importantes a menudo causan lesiones graves a los conductores y pasajeros. Algunas de las lesiones m\u00e1s comunes por accidentes automovil\u00edsticos incluyen:<\/p>\n<ul>\n<li>Trauma de la cabeza<\/li>\n<li><a href=\"https:\/\/www.mayoclinic.org\/diseases-conditions\/whiplash\/diagnosis-treatment\/drc-20378926\" target=\"_blank\" rel=\"noopener\">Latigazo<\/a><\/li>\n<li>Lesiones en el cuello y la columna<\/li>\n<li>Lesiones cerebrales traum\u00e1ticas<\/li>\n<li>lesiones por aplastamiento<\/li>\n<li>Lesiones por quemaduras<\/li>\n<li>Huesos rotos<\/li>\n<li>Contusiones y laceraciones<\/li>\n<li>TEPT<\/li>\n<\/ul>\n<p>Muchas lesiones graves requieren hospitalizaci\u00f3n inmediata, cirug\u00eda y largos per\u00edodos de recuperaci\u00f3n. Estas lesiones requieren una evaluaci\u00f3n y un tratamiento m\u00e9dico r\u00e1pidos para obtener el mejor resultado posible. Algunas lesiones graves pueden tardar meses o a\u00f1os en sanar, mientras que otras pueden ser incapacitantes. Como resultado, podr\u00eda pasar bastante tiempo cur\u00e1ndose y recuper\u00e1ndose de un accidente grave. El conductor negligente debe ser considerado responsable de los da\u00f1os que caus\u00f3 en el accidente.<\/p>\n<p class=\"rs-content-cta rs-content-cta-small\"><a href=\"\/es\/contacto\/\">Haga clic para contactar<\/a> con nuestros lesiones personales abogados hoy<\/p><h2>Da\u00f1os en un reclamo de accidente automovil\u00edstico<\/h2>\n<p>Como v\u00edctima de un accidente automovil\u00edstico grave, puede sufrir una variedad de da\u00f1os. Los da\u00f1os pueden ser monetarios o no monetarios. Los da\u00f1os monetarios son aquellos que tienen un valor real, como facturas m\u00e9dicas, costos de hospitalizaci\u00f3n, gastos de medicamentos, cirug\u00eda, rehabilitaci\u00f3n y salarios perdidos. Los da\u00f1os no monetarios son aquellos que tienen valores abstractos como dolor y sufrimiento, p\u00e9rdida de consorcio y trauma emocional, por nombrar algunos. Es esencial incluir todos sus da\u00f1os actuales y futuros cuando solicita compensaci\u00f3n por accidentes automovil\u00edsticos en Lewisburg, Ohio.<\/p>\n<p class=\"rs-content-cta rs-content-cta-small\">Complete una <a href=\"\/es\/contacto\/\">evaluaci\u00f3n gratuita de su caso<\/a> ahora<\/p><h2>Compensaci\u00f3n por Da\u00f1os en Casos de Accidentes Automovil\u00edsticos<\/h2>\n<p>El conductor negligente es responsable de pagar los da\u00f1os causados por el accidente. Depende de usted demostrar que sufri\u00f3 una p\u00e9rdida como resultado del accidente. Su abogado de accidentes automovil\u00edsticos lo ayudar\u00e1 a probar los cuatro elementos principales de negligencia en su caso. \u00c9stas incluyen:<\/p>\n<ul>\n<li>El conductor ten\u00eda el deber de conducir con seguridad y seguir las leyes de tr\u00e1nsito.<\/li>\n<li>El conductor incumpli\u00f3 el deber al conducir de manera insegura<\/li>\n<li>Las acciones del conductor causaron el accidente.<\/li>\n<li>Usted sufri\u00f3 da\u00f1os debido al accidente.<\/li>\n<\/ul>\n<p>Hay muchos tipos de evidencia que puede usar para probar negligencia. Parte de la informaci\u00f3n y la documentaci\u00f3n que debe recopilar incluyen informes de accidentes, declaraciones de conductores y testigos, videos, datos de reconstrucci\u00f3n de accidentes, da\u00f1os a veh\u00edculos y m\u00e1s. Tambi\u00e9n deber\u00e1 probar sus lesiones con informes m\u00e9dicos, declaraciones m\u00e9dicas, evaluaciones, documentos de empleo y otras pruebas.<\/p>\n<h2>Lo que los abogados de accidentes automovil\u00edsticos en Lewisburg le sugieren que haga despu\u00e9s de un accidente automovil\u00edstico<\/h2>\n<p>Si es v\u00edctima de un accidente automovil\u00edstico grave causado por la negligencia de alguien, desea asegurarse de obtener la compensaci\u00f3n que merece. Despu\u00e9s de un accidente automovil\u00edstico en Lewisburg, Ohio, siempre llame a la polic\u00eda para hacer un informe. La polic\u00eda investiga la escena y recopila informaci\u00f3n cr\u00edtica. Busque atenci\u00f3n m\u00e9dica lo antes posible despu\u00e9s del accidente. Si no visita al m\u00e9dico o a la sala de emergencias poco despu\u00e9s del accidente, puede ser m\u00e1s dif\u00edcil demostrar que sufri\u00f3 las lesiones en el momento del accidente. Tenga cuidado cuando hable con la compa\u00f1\u00eda de seguros porque pueden tratar de llegar a un acuerdo con una cantidad que no sea suficiente para cubrir sus da\u00f1os.<\/p>\n<p>Discuta el accidente con un abogado experimentado en accidentes automovil\u00edsticos en Lewisburg, Ohio. Su abogado revisar\u00e1 los detalles del incidente y lo ayudar\u00e1 a recuperar una compensaci\u00f3n adecuada por sus lesiones. Si result\u00f3 herido en un accidente automovil\u00edstico, no se demore. Comun\u00edquese con nuestro equipo legal de <a href=\"https:\/\/thehometownlawyers.com\/es\/contacto\/\">Kruger &amp; Hodges<\/a> en l\u00ednea o al (937) 733-6079 para programar una consulta gratuita.<\/p>\n<p class=\"rs-content-cta rs-content-cta-small\">Llame o env\u00ede un mensaje de texto al <a href=\"tel:+15138943333\">513-894-3333<\/a> o complete una <a href=\"\/es\/contacto\/\">evaluaci\u00f3n gratuita de su caso<\/a><\/p>","protected":false},"excerpt":{"rendered":"<p>Abogados de accidentes automovil\u00edsticos en Lewisburg, Ohio Los accidentes automovil\u00edsticos ocurren todo el tiempo, y es probable que todos los conductores se vean involucrados en un choque en alg\u00fan momento de su vida. El condado de Preble es el condado m\u00e1s grande del estado y, por lo tanto, hay muchos accidentes aqu\u00ed. Si bien Lewisburg &#8230;<\/p>\n","protected":false},"author":7,"featured_media":24684,"parent":21155,"menu_order":0,"comment_status":"closed","ping_status":"closed","template":"","meta":{"_acf_changed":false,"inline_featured_image":false,"_genesis_hide_title":false,"_genesis_hide_breadcrumbs":false,"_genesis_hide_singular_image":false,"_genesis_hide_footer_widgets":false,"_genesis_custom_body_class":"","_genesis_custom_post_class":"","_genesis_layout":"","footnotes":""},"hc_faqs":[],"hc_spanish_faqs":[],"class_list":{"0":"post-21144","1":"page","2":"type-page","3":"status-publish","4":"has-post-thumbnail","6":"hc_city_location-lewisburg-es","7":"entry"},"acf":[],"yoast_head":"<!-- This site is optimized with the Yoast SEO plugin v27.3 - https:\/\/yoast.com\/product\/yoast-seo-wordpress\/ -->\n<title>Abogados de accidentes automovil\u00edsticos en Lewisburg, Ohio: Consulta gratuita<\/title>\n<meta name=\"description\" content=\"Los conductores negligentes pueden tenerlo luchando despu\u00e9s de un accidente automovil\u00edstico. P\u00f3ngase en contacto con los abogados de accidentes automovil\u00edsticos en Lewisburg en los que pueda confiar.\" \/>\n<meta name=\"robots\" content=\"index, follow, max-snippet:-1, max-image-preview:large, max-video-preview:-1\" \/>\n<link rel=\"canonical\" href=\"https:\/\/thehometownlawyers.com\/es\/abogados-de-lesiones-personales-en-lewisburg-ohio\/abogados-de-accidentes-automovilisticos-en-lewisburg-ohio\/\" \/>\n<meta property=\"og:locale\" content=\"es_MX\" \/>\n<meta property=\"og:type\" content=\"article\" \/>\n<meta property=\"og:title\" content=\"Abogados de accidentes automovil\u00edsticos en Lewisburg, Ohio: Consulta gratuita\" \/>\n<meta property=\"og:description\" content=\"Los conductores negligentes pueden tenerlo luchando despu\u00e9s de un accidente automovil\u00edstico. P\u00f3ngase en contacto con los abogados de accidentes automovil\u00edsticos en Lewisburg en los que pueda confiar.\" \/>\n<meta property=\"og:url\" content=\"https:\/\/thehometownlawyers.com\/es\/abogados-de-lesiones-personales-en-lewisburg-ohio\/abogados-de-accidentes-automovilisticos-en-lewisburg-ohio\/\" \/>\n<meta property=\"og:site_name\" content=\"Kruger &amp; Hodges Abogados De Lesiones\" \/>\n<meta property=\"article:publisher\" content=\"https:\/\/www.facebook.com\/KrugerHodges\/\" \/>\n<meta property=\"article:modified_time\" content=\"2025-04-03T17:47:27+00:00\" \/>\n<meta property=\"og:image\" content=\"https:\/\/thehometownlawyers.com\/wp-content\/uploads\/2025\/03\/abogados-de-accidentes-automovilisticos-en-lewisburg-ohio.jpg\" \/>\n\t<meta property=\"og:image:width\" content=\"768\" \/>\n\t<meta property=\"og:image:height\" content=\"512\" \/>\n\t<meta property=\"og:image:type\" content=\"image\/jpeg\" \/>\n<meta name=\"twitter:card\" content=\"summary_large_image\" \/>\n<meta name=\"twitter:label1\" content=\"Tiempo de lectura\" \/>\n\t<meta name=\"twitter:data1\" content=\"4 minutos\" \/>\n<script type=\"application\/ld+json\" class=\"yoast-schema-graph\">{\"@context\":\"https:\\\/\\\/schema.org\",\"@graph\":[{\"@type\":\"WebPage\",\"@id\":\"https:\\\/\\\/thehometownlawyers.com\\\/es\\\/abogados-de-lesiones-personales-en-lewisburg-ohio\\\/abogados-de-accidentes-automovilisticos-en-lewisburg-ohio\\\/\",\"url\":\"https:\\\/\\\/thehometownlawyers.com\\\/es\\\/abogados-de-lesiones-personales-en-lewisburg-ohio\\\/abogados-de-accidentes-automovilisticos-en-lewisburg-ohio\\\/\",\"name\":\"Abogados de accidentes automovil\u00edsticos en Lewisburg, Ohio: Consulta gratuita\",\"isPartOf\":{\"@id\":\"https:\\\/\\\/thehometownlawyers.com\\\/es\\\/#website\"},\"primaryImageOfPage\":{\"@id\":\"https:\\\/\\\/thehometownlawyers.com\\\/es\\\/abogados-de-lesiones-personales-en-lewisburg-ohio\\\/abogados-de-accidentes-automovilisticos-en-lewisburg-ohio\\\/#primaryimage\"},\"image\":{\"@id\":\"https:\\\/\\\/thehometownlawyers.com\\\/es\\\/abogados-de-lesiones-personales-en-lewisburg-ohio\\\/abogados-de-accidentes-automovilisticos-en-lewisburg-ohio\\\/#primaryimage\"},\"thumbnailUrl\":\"https:\\\/\\\/thehometownlawyers.com\\\/wp-content\\\/uploads\\\/2025\\\/03\\\/abogados-de-accidentes-automovilisticos-en-lewisburg-ohio.jpg\",\"datePublished\":\"2021-12-28T02:50:03+00:00\",\"dateModified\":\"2025-04-03T17:47:27+00:00\",\"description\":\"Los conductores negligentes pueden tenerlo luchando despu\u00e9s de un accidente automovil\u00edstico. P\u00f3ngase en contacto con los abogados de accidentes automovil\u00edsticos en Lewisburg en los que pueda confiar.\",\"breadcrumb\":{\"@id\":\"https:\\\/\\\/thehometownlawyers.com\\\/es\\\/abogados-de-lesiones-personales-en-lewisburg-ohio\\\/abogados-de-accidentes-automovilisticos-en-lewisburg-ohio\\\/#breadcrumb\"},\"inLanguage\":\"es\",\"potentialAction\":[{\"@type\":\"ReadAction\",\"target\":[\"https:\\\/\\\/thehometownlawyers.com\\\/es\\\/abogados-de-lesiones-personales-en-lewisburg-ohio\\\/abogados-de-accidentes-automovilisticos-en-lewisburg-ohio\\\/\"]}]},{\"@type\":\"ImageObject\",\"inLanguage\":\"es\",\"@id\":\"https:\\\/\\\/thehometownlawyers.com\\\/es\\\/abogados-de-lesiones-personales-en-lewisburg-ohio\\\/abogados-de-accidentes-automovilisticos-en-lewisburg-ohio\\\/#primaryimage\",\"url\":\"https:\\\/\\\/thehometownlawyers.com\\\/wp-content\\\/uploads\\\/2025\\\/03\\\/abogados-de-accidentes-automovilisticos-en-lewisburg-ohio.jpg\",\"contentUrl\":\"https:\\\/\\\/thehometownlawyers.com\\\/wp-content\\\/uploads\\\/2025\\\/03\\\/abogados-de-accidentes-automovilisticos-en-lewisburg-ohio.jpg\",\"width\":768,\"height\":512,\"caption\":\"Abogado de Accidente Automovil\u00edstico en Lewisburg\"},{\"@type\":\"BreadcrumbList\",\"@id\":\"https:\\\/\\\/thehometownlawyers.com\\\/es\\\/abogados-de-lesiones-personales-en-lewisburg-ohio\\\/abogados-de-accidentes-automovilisticos-en-lewisburg-ohio\\\/#breadcrumb\",\"itemListElement\":[{\"@type\":\"ListItem\",\"position\":1,\"name\":\"Home\",\"item\":\"https:\\\/\\\/thehometownlawyers.com\\\/es\\\/\"},{\"@type\":\"ListItem\",\"position\":2,\"name\":\"Abogado de Lesiones Personales en Lewisburg\",\"item\":\"https:\\\/\\\/thehometownlawyers.com\\\/es\\\/lewisburg\\\/personal-injury-lawyer\\\/\"},{\"@type\":\"ListItem\",\"position\":3,\"name\":\"Abogado de Accidente Automovil\u00edstico en Lewisburg\"}]},{\"@type\":\"WebSite\",\"@id\":\"https:\\\/\\\/thehometownlawyers.com\\\/es\\\/#website\",\"url\":\"https:\\\/\\\/thehometownlawyers.com\\\/es\\\/\",\"name\":\"Kruger & Hodges Hometown Injury Lawyers | Accident Attorneys\",\"description\":\"Attorneys for Car, Truck and Motorcycle Accidents, Personal Injuries, and Criminal Defense.\",\"publisher\":{\"@id\":\"https:\\\/\\\/thehometownlawyers.com\\\/es\\\/#organization\"},\"alternateName\":\"Kruger & Hodges Personal Injury Lawyers\",\"inLanguage\":\"es\"},{\"@type\":\"Organization\",\"@id\":\"https:\\\/\\\/thehometownlawyers.com\\\/es\\\/#organization\",\"name\":\"Kruger & Hodges Hometown Injury Lawyers\",\"alternateName\":\"Kruger & Hodges\",\"url\":\"https:\\\/\\\/thehometownlawyers.com\\\/es\\\/\",\"logo\":{\"@type\":\"ImageObject\",\"inLanguage\":\"es\",\"@id\":\"https:\\\/\\\/thehometownlawyers.com\\\/es\\\/#\\\/schema\\\/logo\\\/image\\\/\",\"url\":\"https:\\\/\\\/thehometownlawyers.com\\\/wp-content\\\/uploads\\\/2025\\\/12\\\/revised-kh-logo-vertical-white-background-scaled.png\",\"contentUrl\":\"https:\\\/\\\/thehometownlawyers.com\\\/wp-content\\\/uploads\\\/2025\\\/12\\\/revised-kh-logo-vertical-white-background-scaled.png\",\"width\":2560,\"height\":1440,\"caption\":\"Kruger & Hodges Hometown Injury Lawyers\"},\"image\":{\"@id\":\"https:\\\/\\\/thehometownlawyers.com\\\/es\\\/#\\\/schema\\\/logo\\\/image\\\/\"},\"sameAs\":[\"https:\\\/\\\/www.facebook.com\\\/KrugerHodges\\\/\",\"https:\\\/\\\/www.instagram.com\\\/krugerhodges\\\/\",\"https:\\\/\\\/www.linkedin.com\\\/company\\\/kruger-hodges-hometown-injury-lawyers\\\/\",\"https:\\\/\\\/www.youtube.com\\\/channel\\\/UCeYcMaMaN2rb9jMlqt4EIdQ\",\"https:\\\/\\\/www.tiktok.com\\\/@thehometownlawyer\"]}]}<\/script>\n<!-- \/ Yoast SEO plugin. -->","yoast_head_json":{"title":"Abogados de accidentes automovil\u00edsticos en Lewisburg, Ohio: Consulta gratuita","description":"Los conductores negligentes pueden tenerlo luchando despu\u00e9s de un accidente automovil\u00edstico. P\u00f3ngase en contacto con los abogados de accidentes automovil\u00edsticos en Lewisburg en los que pueda confiar.","robots":{"index":"index","follow":"follow","max-snippet":"max-snippet:-1","max-image-preview":"max-image-preview:large","max-video-preview":"max-video-preview:-1"},"canonical":"https:\/\/thehometownlawyers.com\/es\/abogados-de-lesiones-personales-en-lewisburg-ohio\/abogados-de-accidentes-automovilisticos-en-lewisburg-ohio\/","og_locale":"es_MX","og_type":"article","og_title":"Abogados de accidentes automovil\u00edsticos en Lewisburg, Ohio: Consulta gratuita","og_description":"Los conductores negligentes pueden tenerlo luchando despu\u00e9s de un accidente automovil\u00edstico. P\u00f3ngase en contacto con los abogados de accidentes automovil\u00edsticos en Lewisburg en los que pueda confiar.","og_url":"https:\/\/thehometownlawyers.com\/es\/abogados-de-lesiones-personales-en-lewisburg-ohio\/abogados-de-accidentes-automovilisticos-en-lewisburg-ohio\/","og_site_name":"Kruger &amp; Hodges Abogados De Lesiones","article_publisher":"https:\/\/www.facebook.com\/KrugerHodges\/","article_modified_time":"2025-04-03T17:47:27+00:00","og_image":[{"width":768,"height":512,"url":"https:\/\/thehometownlawyers.com\/wp-content\/uploads\/2025\/03\/abogados-de-accidentes-automovilisticos-en-lewisburg-ohio.jpg","type":"image\/jpeg"}],"twitter_card":"summary_large_image","twitter_misc":{"Tiempo de lectura":"4 minutos"},"schema":{"@context":"https:\/\/schema.org","@graph":[{"@type":"WebPage","@id":"https:\/\/thehometownlawyers.com\/es\/abogados-de-lesiones-personales-en-lewisburg-ohio\/abogados-de-accidentes-automovilisticos-en-lewisburg-ohio\/","url":"https:\/\/thehometownlawyers.com\/es\/abogados-de-lesiones-personales-en-lewisburg-ohio\/abogados-de-accidentes-automovilisticos-en-lewisburg-ohio\/","name":"Abogados de accidentes automovil\u00edsticos en Lewisburg, Ohio: Consulta gratuita","isPartOf":{"@id":"https:\/\/thehometownlawyers.com\/es\/#website"},"primaryImageOfPage":{"@id":"https:\/\/thehometownlawyers.com\/es\/abogados-de-lesiones-personales-en-lewisburg-ohio\/abogados-de-accidentes-automovilisticos-en-lewisburg-ohio\/#primaryimage"},"image":{"@id":"https:\/\/thehometownlawyers.com\/es\/abogados-de-lesiones-personales-en-lewisburg-ohio\/abogados-de-accidentes-automovilisticos-en-lewisburg-ohio\/#primaryimage"},"thumbnailUrl":"https:\/\/thehometownlawyers.com\/wp-content\/uploads\/2025\/03\/abogados-de-accidentes-automovilisticos-en-lewisburg-ohio.jpg","datePublished":"2021-12-28T02:50:03+00:00","dateModified":"2025-04-03T17:47:27+00:00","description":"Los conductores negligentes pueden tenerlo luchando despu\u00e9s de un accidente automovil\u00edstico. P\u00f3ngase en contacto con los abogados de accidentes automovil\u00edsticos en Lewisburg en los que pueda confiar.","breadcrumb":{"@id":"https:\/\/thehometownlawyers.com\/es\/abogados-de-lesiones-personales-en-lewisburg-ohio\/abogados-de-accidentes-automovilisticos-en-lewisburg-ohio\/#breadcrumb"},"inLanguage":"es","potentialAction":[{"@type":"ReadAction","target":["https:\/\/thehometownlawyers.com\/es\/abogados-de-lesiones-personales-en-lewisburg-ohio\/abogados-de-accidentes-automovilisticos-en-lewisburg-ohio\/"]}]},{"@type":"ImageObject","inLanguage":"es","@id":"https:\/\/thehometownlawyers.com\/es\/abogados-de-lesiones-personales-en-lewisburg-ohio\/abogados-de-accidentes-automovilisticos-en-lewisburg-ohio\/#primaryimage","url":"https:\/\/thehometownlawyers.com\/wp-content\/uploads\/2025\/03\/abogados-de-accidentes-automovilisticos-en-lewisburg-ohio.jpg","contentUrl":"https:\/\/thehometownlawyers.com\/wp-content\/uploads\/2025\/03\/abogados-de-accidentes-automovilisticos-en-lewisburg-ohio.jpg","width":768,"height":512,"caption":"Abogado de Accidente Automovil\u00edstico en Lewisburg"},{"@type":"BreadcrumbList","@id":"https:\/\/thehometownlawyers.com\/es\/abogados-de-lesiones-personales-en-lewisburg-ohio\/abogados-de-accidentes-automovilisticos-en-lewisburg-ohio\/#breadcrumb","itemListElement":[{"@type":"ListItem","position":1,"name":"Home","item":"https:\/\/thehometownlawyers.com\/es\/"},{"@type":"ListItem","position":2,"name":"Abogado de Lesiones Personales en Lewisburg","item":"https:\/\/thehometownlawyers.com\/es\/lewisburg\/personal-injury-lawyer\/"},{"@type":"ListItem","position":3,"name":"Abogado de Accidente Automovil\u00edstico en Lewisburg"}]},{"@type":"WebSite","@id":"https:\/\/thehometownlawyers.com\/es\/#website","url":"https:\/\/thehometownlawyers.com\/es\/","name":"Kruger & Hodges Hometown Injury Lawyers | Accident Attorneys","description":"Attorneys for Car, Truck and Motorcycle Accidents, Personal Injuries, and Criminal Defense.","publisher":{"@id":"https:\/\/thehometownlawyers.com\/es\/#organization"},"alternateName":"Kruger & Hodges Personal Injury Lawyers","inLanguage":"es"},{"@type":"Organization","@id":"https:\/\/thehometownlawyers.com\/es\/#organization","name":"Kruger & Hodges Hometown Injury Lawyers","alternateName":"Kruger & Hodges","url":"https:\/\/thehometownlawyers.com\/es\/","logo":{"@type":"ImageObject","inLanguage":"es","@id":"https:\/\/thehometownlawyers.com\/es\/#\/schema\/logo\/image\/","url":"https:\/\/thehometownlawyers.com\/wp-content\/uploads\/2025\/12\/revised-kh-logo-vertical-white-background-scaled.png","contentUrl":"https:\/\/thehometownlawyers.com\/wp-content\/uploads\/2025\/12\/revised-kh-logo-vertical-white-background-scaled.png","width":2560,"height":1440,"caption":"Kruger & Hodges Hometown Injury Lawyers"},"image":{"@id":"https:\/\/thehometownlawyers.com\/es\/#\/schema\/logo\/image\/"},"sameAs":["https:\/\/www.facebook.com\/KrugerHodges\/","https:\/\/www.instagram.com\/krugerhodges\/","https:\/\/www.linkedin.com\/company\/kruger-hodges-hometown-injury-lawyers\/","https:\/\/www.youtube.com\/channel\/UCeYcMaMaN2rb9jMlqt4EIdQ","https:\/\/www.tiktok.com\/@thehometownlawyer"]}]}},"_links":{"self":[{"href":"https:\/\/thehometownlawyers.com\/es\/wp-json\/wp\/v2\/pages\/21144","targetHints":{"allow":["GET"]}}],"collection":[{"href":"https:\/\/thehometownlawyers.com\/es\/wp-json\/wp\/v2\/pages"}],"about":[{"href":"https:\/\/thehometownlawyers.com\/es\/wp-json\/wp\/v2\/types\/page"}],"author":[{"embeddable":true,"href":"https:\/\/thehometownlawyers.com\/es\/wp-json\/wp\/v2\/users\/7"}],"replies":[{"embeddable":true,"href":"https:\/\/thehometownlawyers.com\/es\/wp-json\/wp\/v2\/comments?post=21144"}],"version-history":[{"count":0,"href":"https:\/\/thehometownlawyers.com\/es\/wp-json\/wp\/v2\/pages\/21144\/revisions"}],"up":[{"embeddable":true,"href":"https:\/\/thehometownlawyers.com\/es\/wp-json\/wp\/v2\/pages\/21155"}],"wp:featuredmedia":[{"embeddable":true,"href":"https:\/\/thehometownlawyers.com\/es\/wp-json\/wp\/v2\/media\/24684"}],"wp:attachment":[{"href":"https:\/\/thehometownlawyers.com\/es\/wp-json\/wp\/v2\/media?parent=21144"}],"wp:term":[{"taxonomy":"hc_faqs","embeddable":true,"href":"https:\/\/thehometownlawyers.com\/es\/wp-json\/wp\/v2\/hc_faqs?post=21144"},{"taxonomy":"hc_spanish_faqs","embeddable":true,"href":"https:\/\/thehometownlawyers.com\/es\/wp-json\/wp\/v2\/hc_spanish_faqs?post=21144"}],"curies":[{"name":"wp","href":"https:\/\/api.w.org\/{rel}","templated":true}]}}