{"id":21145,"date":"2022-01-03T21:30:51","date_gmt":"2022-01-04T02:30:51","guid":{"rendered":"https:\/\/thehometownlawyers.com\/?page_id=21145"},"modified":"2025-02-03T09:54:24","modified_gmt":"2025-02-03T14:54:24","slug":"accidentes-de-motocicleta-en-west-alexandria-ohio","status":"publish","type":"page","link":"https:\/\/thehometownlawyers.com\/es\/lesiones-personales-en-west-alexandria-ohio\/accidentes-de-motocicleta-en-west-alexandria-ohio\/","title":{"rendered":"Abogado de Accidente de Motocicleta en West Alexandria"},"content":{"rendered":"<h2>Accidentes de motocicleta en West Alexandria<\/h2>\n<p>Ohio tiene m\u00e1s de 400 000 motocicletas registradas, lo que lo convierte en uno de los estados m\u00e1s populares para los motociclistas. Nuestro hermoso pueblo de West Alexandria es un gran lugar para andar en motocicleta. Tenemos una comunidad maravillosa y mucho espacio para llevar tu bicicleta a dar un paseo agradable. Desafortunadamente, los accidentes de motocicleta pueden ocurrir en West Alexandria, como en cualquier otro lugar. Los choques de motocicletas suelen ser m\u00e1s graves que otros tipos de accidentes porque suelen provocar lesiones graves o potencialmente mortales. Un abogado con experiencia en accidentes de motocicleta en West Alexandria lo ayudar\u00e1 a obtener el dinero que necesita de la parte negligente.<\/p>\n<p class=\"rs-content-cta rs-content-cta-small\">Para una consulta legal gratuita, llame al <a href=\"tel:+15138943333\">513-894-3333 <\/a><\/p><h2>Lesiones Comunes de Accidentes de Motocicleta<\/h2>\n<p>Las lesiones por accidentes de motocicleta suelen ser mucho m\u00e1s graves que las lesiones en otros tipos de accidentes. Cuando una motocicleta es golpeada, el conductor cae al pavimento, a veces a gran velocidad. El cuerpo est\u00e1 expuesto al suelo y tiene poca protecci\u00f3n contra lastimarse. Como resultado, a menudo hay algunas lesiones incapacitantes asociadas con los choques de motocicletas. Incluso si conduce a baja velocidad o est\u00e1 detenido, a\u00fan puede lastimarse.<\/p>\n<p>Las lesiones comunes en los accidentes de motocicleta incluyen:<\/p>\n<ul>\n<li>Lesi\u00f3n cerebral traum\u00e1tica<\/li>\n<li>Lesiones de cuello y espalda<\/li>\n<li>Da\u00f1o de la m\u00e9dula espinal<\/li>\n<li>Huesos rotos<\/li>\n<li>Heridas internas<\/li>\n<li>quemaduras<\/li>\n<li>Contusiones y cortes<\/li>\n<\/ul>\n<p><a href=\"https:\/\/thehometownlawyers.com\/es\/\">La lesi\u00f3n cerebral traum\u00e1tica (TBI)<\/a> es una de las lesiones m\u00e1s graves que pueden ocurrir debido a un accidente de motocicleta. Este tipo de lesi\u00f3n puede variar en gravedad y, a menudo, requiere un largo per\u00edodo de recuperaci\u00f3n. Es posible que las personas con TBI nunca se recuperen por completo y algunas tienen discapacidades de por vida que requieren atenci\u00f3n continua.<\/p>\n<p class=\"rs-content-cta\">Abogado de Lesiones Personales de West Alexandria Cerca de M\u00ed <a href=\"tel:+15138943333\">513-894-3333<\/a><\/p><h2>Leyes de motocicletas en Ohio<\/h2>\n<p>Ohio requiere que los motociclistas obtengan una licencia o endoso para motocicletas. Los conductores menores de 18 a\u00f1os y aquellos que est\u00e1n aprendiendo a montar deben usar casco de motocicleta. El casco debe estar aprobado por el Departamento de Transporte de los Estados Unidos. Los motociclistas deben revisar y seguir las reglas de tr\u00e1nsito que se aplican a todos los conductores. Ohio promueve la seguridad de las motocicletas al ofrecer clases para mejorar las habilidades de conducci\u00f3n. El curso <a href=\"https:\/\/motorcycle.ohio.gov\/wps\/portal\/gov\/motorcycle\/information-for-riders\/rider-courses\/basic-rider-skills\" target=\"_blank\" rel=\"noopener\">Basic Rider Skill<\/a> (BRS) proporciona aprendizaje pr\u00e1ctico y en el aula para motociclistas nuevos y experimentados. Aunque la ley no exige que los adultos con licencia usen casco, los cascos pueden salvar vidas. En Ohio, solo alrededor del 30% de los motociclistas usan cascos, seg\u00fan la Administraci\u00f3n Nacional de Seguridad del Tr\u00e1fico en las Carreteras (NHTSA). Menos accidentes de motocicleta son fatales cuando el conductor usa casco.<\/p>\n<p class=\"rs-content-cta rs-content-cta-small\"><a href=\"\/es\/contacto\/\">Haga clic para contactar<\/a> con nuestros lesiones personales abogados hoy<\/p><h2>Negligencia en Accidentes de Motocicleta<\/h2>\n<p>Los accidentes de motocicleta a menudo son causados por otros conductores descuidados que no notan la motocicleta en la carretera. Para obtener una compensaci\u00f3n por sus da\u00f1os, debe probar que el otro conductor fue negligente. Hay cuatro elementos principales en la negligencia que son:<\/p>\n<ul>\n<li>Deber<\/li>\n<li>Incumplimiento del deber<\/li>\n<li>Causalidad<\/li>\n<li>Da\u00f1os y perjuicios<\/li>\n<\/ul>\n<p>Los conductores tienen el deber de actuar de manera razonable. Si el conductor sab\u00eda o deber\u00eda haber sabido que una acci\u00f3n podr\u00eda causar da\u00f1o a otro, podr\u00eda considerarse negligente. Acciones como el exceso de velocidad, no obedecer las se\u00f1ales de tr\u00e1fico, conducir distra\u00eddo, no ceder el paso y muchas otras pueden ser negligentes. Por ejemplo, cuando un conductor acelera, sabe que podr\u00eda resultar en un accidente grave que podr\u00eda lesionar a alguien.<\/p>\n<p class=\"rs-content-cta rs-content-cta-small\">Complete una <a href=\"\/es\/contacto\/\">evaluaci\u00f3n gratuita de su caso<\/a> ahora<\/p><h2>Qu\u00e9 hacer despu\u00e9s de un accidente de motocicleta en West Alexandria<\/h2>\n<p>Un accidente de motocicleta puede ser una de las experiencias m\u00e1s aterradoras de tu vida. Probablemente ha resultado herido y debe visitar el hospital lo antes posible. Llame a la polic\u00eda para denunciar el accidente. La polic\u00eda revisar\u00e1 la escena del accidente, reunir\u00e1 evidencia, hablar\u00e1 con los testigos y asegurar\u00e1 el \u00e1rea. El parte del accidente ser\u00e1 necesario m\u00e1s adelante cuando necesite probar c\u00f3mo ocurri\u00f3 el accidente.<\/p>\n<p>Siempre vaya al m\u00e9dico o a la sala de emergencias inmediatamente despu\u00e9s del choque, incluso si no est\u00e1 seguro de si est\u00e1 herido. Tenga en cuenta que algunas lesiones, en particular los traumatismos craneales, pueden empeorar con el tiempo. La atenci\u00f3n m\u00e9dica es crucial para garantizar que un m\u00e9dico eval\u00fae y trate sus lesiones en la cabeza y cualquier otra lesi\u00f3n que haya sufrido en el accidente. Aseg\u00farese de guardar todos los informes m\u00e9dicos y las facturas que reciba durante el tratamiento.<\/p>\n<p>Es posible que la compa\u00f1\u00eda de seguros se comunique con usted muy pronto despu\u00e9s del accidente. Quieren obtener una declaraci\u00f3n grabada de usted sobre el accidente. Puede ser \u00fatil hablar con un abogado antes de hablar con el ajustador de seguros. Desea asegurarse de proporcionar informaci\u00f3n precisa y \u00fatil, lo que puede ser un desaf\u00edo si tiene dolor y recibe atenci\u00f3n m\u00e9dica. Su abogado manejar\u00e1 el reclamo legal y trabajar\u00e1 para obtener dinero por sus lesiones y otros da\u00f1os.<\/p>\n<p>Si result\u00f3 herido en un accidente de motocicleta, no se demore. La ley limita el tiempo para presentar un reclamo. Comun\u00edquese con nuestro equipo legal en <a href=\"https:\/\/thehometownlawyers.com\/es\/contacto\/\">Kruger &amp; Hodges<\/a> al (937) 733-6079 para programar una consulta.<\/p>\n<p class=\"rs-content-cta rs-content-cta-small\">Llame o env\u00ede un mensaje de texto al <a href=\"tel:+15138943333\">513-894-3333<\/a> o complete una <a href=\"\/es\/contacto\/\">evaluaci\u00f3n gratuita de su caso<\/a><\/p>","protected":false},"excerpt":{"rendered":"<p>Accidentes de motocicleta en West Alexandria Ohio tiene m\u00e1s de 400 000 motocicletas registradas, lo que lo convierte en uno de los estados m\u00e1s populares para los motociclistas. Nuestro hermoso pueblo de West Alexandria es un gran lugar para andar en motocicleta. Tenemos una comunidad maravillosa y mucho espacio para llevar tu bicicleta a dar &#8230;<\/p>\n","protected":false},"author":7,"featured_media":20740,"parent":21162,"menu_order":0,"comment_status":"closed","ping_status":"closed","template":"","meta":{"_acf_changed":false,"inline_featured_image":false,"_genesis_hide_title":false,"_genesis_hide_breadcrumbs":false,"_genesis_hide_singular_image":false,"_genesis_hide_footer_widgets":false,"_genesis_custom_body_class":"","_genesis_custom_post_class":"","_genesis_layout":"","footnotes":""},"hc_faqs":[],"hc_spanish_faqs":[],"class_list":{"0":"post-21145","1":"page","2":"type-page","3":"status-publish","4":"has-post-thumbnail","6":"hc_city_location-west-alexandria-es","7":"entry"},"acf":[],"yoast_head":"<!-- This site is optimized with the Yoast SEO plugin v27.3 - https:\/\/yoast.com\/product\/yoast-seo-wordpress\/ -->\n<title>Accidentes de motocicleta en West Alexandria Ohio: Consulta gratuita<\/title>\n<meta name=\"description\" content=\"Un abogado con experiencia y familiarizado con los accidentes de motocicleta en West Alexandria lo ayudar\u00e1 a obtener el dinero que necesita de una parte negligente.\" \/>\n<meta name=\"robots\" content=\"index, follow, max-snippet:-1, max-image-preview:large, max-video-preview:-1\" \/>\n<link rel=\"canonical\" href=\"https:\/\/thehometownlawyers.com\/es\/lesiones-personales-en-west-alexandria-ohio\/accidentes-de-motocicleta-en-west-alexandria-ohio\/\" \/>\n<meta property=\"og:locale\" content=\"es_MX\" \/>\n<meta property=\"og:type\" content=\"article\" \/>\n<meta property=\"og:title\" content=\"Accidentes de motocicleta en West Alexandria Ohio: Consulta gratuita\" \/>\n<meta property=\"og:description\" content=\"Un abogado con experiencia y familiarizado con los accidentes de motocicleta en West Alexandria lo ayudar\u00e1 a obtener el dinero que necesita de una parte negligente.\" \/>\n<meta property=\"og:url\" content=\"https:\/\/thehometownlawyers.com\/es\/lesiones-personales-en-west-alexandria-ohio\/accidentes-de-motocicleta-en-west-alexandria-ohio\/\" \/>\n<meta property=\"og:site_name\" content=\"Kruger &amp; Hodges Abogados De Lesiones\" \/>\n<meta property=\"article:publisher\" content=\"https:\/\/www.facebook.com\/KrugerHodges\/\" \/>\n<meta property=\"article:modified_time\" content=\"2025-02-03T14:54:24+00:00\" \/>\n<meta property=\"og:image\" content=\"https:\/\/thehometownlawyers.com\/wp-content\/uploads\/2020\/02\/iStock-912151500.jpg\" \/>\n\t<meta property=\"og:image:width\" content=\"2048\" \/>\n\t<meta property=\"og:image:height\" content=\"1365\" \/>\n\t<meta property=\"og:image:type\" content=\"image\/jpeg\" \/>\n<meta name=\"twitter:card\" content=\"summary_large_image\" \/>\n<meta name=\"twitter:label1\" content=\"Tiempo de lectura\" \/>\n\t<meta name=\"twitter:data1\" content=\"4 minutos\" \/>\n<script type=\"application\/ld+json\" class=\"yoast-schema-graph\">{\"@context\":\"https:\\\/\\\/schema.org\",\"@graph\":[{\"@type\":\"WebPage\",\"@id\":\"https:\\\/\\\/thehometownlawyers.com\\\/es\\\/lesiones-personales-en-west-alexandria-ohio\\\/accidentes-de-motocicleta-en-west-alexandria-ohio\\\/\",\"url\":\"https:\\\/\\\/thehometownlawyers.com\\\/es\\\/lesiones-personales-en-west-alexandria-ohio\\\/accidentes-de-motocicleta-en-west-alexandria-ohio\\\/\",\"name\":\"Accidentes de motocicleta en West Alexandria Ohio: Consulta gratuita\",\"isPartOf\":{\"@id\":\"https:\\\/\\\/thehometownlawyers.com\\\/es\\\/#website\"},\"primaryImageOfPage\":{\"@id\":\"https:\\\/\\\/thehometownlawyers.com\\\/es\\\/lesiones-personales-en-west-alexandria-ohio\\\/accidentes-de-motocicleta-en-west-alexandria-ohio\\\/#primaryimage\"},\"image\":{\"@id\":\"https:\\\/\\\/thehometownlawyers.com\\\/es\\\/lesiones-personales-en-west-alexandria-ohio\\\/accidentes-de-motocicleta-en-west-alexandria-ohio\\\/#primaryimage\"},\"thumbnailUrl\":\"https:\\\/\\\/thehometownlawyers.com\\\/wp-content\\\/uploads\\\/2020\\\/02\\\/iStock-912151500.jpg\",\"datePublished\":\"2022-01-04T02:30:51+00:00\",\"dateModified\":\"2025-02-03T14:54:24+00:00\",\"description\":\"Un abogado con experiencia y familiarizado con los accidentes de motocicleta en West Alexandria lo ayudar\u00e1 a obtener el dinero que necesita de una parte negligente.\",\"breadcrumb\":{\"@id\":\"https:\\\/\\\/thehometownlawyers.com\\\/es\\\/lesiones-personales-en-west-alexandria-ohio\\\/accidentes-de-motocicleta-en-west-alexandria-ohio\\\/#breadcrumb\"},\"inLanguage\":\"es\",\"potentialAction\":[{\"@type\":\"ReadAction\",\"target\":[\"https:\\\/\\\/thehometownlawyers.com\\\/es\\\/lesiones-personales-en-west-alexandria-ohio\\\/accidentes-de-motocicleta-en-west-alexandria-ohio\\\/\"]}]},{\"@type\":\"ImageObject\",\"inLanguage\":\"es\",\"@id\":\"https:\\\/\\\/thehometownlawyers.com\\\/es\\\/lesiones-personales-en-west-alexandria-ohio\\\/accidentes-de-motocicleta-en-west-alexandria-ohio\\\/#primaryimage\",\"url\":\"https:\\\/\\\/thehometownlawyers.com\\\/wp-content\\\/uploads\\\/2020\\\/02\\\/iStock-912151500.jpg\",\"contentUrl\":\"https:\\\/\\\/thehometownlawyers.com\\\/wp-content\\\/uploads\\\/2020\\\/02\\\/iStock-912151500.jpg\",\"width\":2048,\"height\":1365,\"caption\":\"Motocicleta y casco volcados en la calle tras colisi\u00f3n con el coche\"},{\"@type\":\"BreadcrumbList\",\"@id\":\"https:\\\/\\\/thehometownlawyers.com\\\/es\\\/lesiones-personales-en-west-alexandria-ohio\\\/accidentes-de-motocicleta-en-west-alexandria-ohio\\\/#breadcrumb\",\"itemListElement\":[{\"@type\":\"ListItem\",\"position\":1,\"name\":\"Home\",\"item\":\"https:\\\/\\\/thehometownlawyers.com\\\/es\\\/\"},{\"@type\":\"ListItem\",\"position\":2,\"name\":\"Abogado de Lesiones Personales en West Alexandria\",\"item\":\"https:\\\/\\\/thehometownlawyers.com\\\/es\\\/lesiones-personales-en-west-alexandria-ohio\\\/\"},{\"@type\":\"ListItem\",\"position\":3,\"name\":\"Abogado de Accidente de Motocicleta en West Alexandria\"}]},{\"@type\":\"WebSite\",\"@id\":\"https:\\\/\\\/thehometownlawyers.com\\\/es\\\/#website\",\"url\":\"https:\\\/\\\/thehometownlawyers.com\\\/es\\\/\",\"name\":\"Kruger & Hodges Hometown Injury Lawyers | Accident Attorneys\",\"description\":\"Attorneys for Car, Truck and Motorcycle Accidents, Personal Injuries, and Criminal Defense.\",\"publisher\":{\"@id\":\"https:\\\/\\\/thehometownlawyers.com\\\/es\\\/#organization\"},\"alternateName\":\"Kruger & Hodges Personal Injury Lawyers\",\"inLanguage\":\"es\"},{\"@type\":\"Organization\",\"@id\":\"https:\\\/\\\/thehometownlawyers.com\\\/es\\\/#organization\",\"name\":\"Kruger & Hodges Hometown Injury Lawyers\",\"alternateName\":\"Kruger & Hodges\",\"url\":\"https:\\\/\\\/thehometownlawyers.com\\\/es\\\/\",\"logo\":{\"@type\":\"ImageObject\",\"inLanguage\":\"es\",\"@id\":\"https:\\\/\\\/thehometownlawyers.com\\\/es\\\/#\\\/schema\\\/logo\\\/image\\\/\",\"url\":\"https:\\\/\\\/thehometownlawyers.com\\\/wp-content\\\/uploads\\\/2025\\\/12\\\/revised-kh-logo-vertical-white-background-scaled.png\",\"contentUrl\":\"https:\\\/\\\/thehometownlawyers.com\\\/wp-content\\\/uploads\\\/2025\\\/12\\\/revised-kh-logo-vertical-white-background-scaled.png\",\"width\":2560,\"height\":1440,\"caption\":\"Kruger & Hodges Hometown Injury Lawyers\"},\"image\":{\"@id\":\"https:\\\/\\\/thehometownlawyers.com\\\/es\\\/#\\\/schema\\\/logo\\\/image\\\/\"},\"sameAs\":[\"https:\\\/\\\/www.facebook.com\\\/KrugerHodges\\\/\",\"https:\\\/\\\/www.instagram.com\\\/krugerhodges\\\/\",\"https:\\\/\\\/www.linkedin.com\\\/company\\\/kruger-hodges-hometown-injury-lawyers\\\/\",\"https:\\\/\\\/www.youtube.com\\\/channel\\\/UCeYcMaMaN2rb9jMlqt4EIdQ\",\"https:\\\/\\\/www.tiktok.com\\\/@thehometownlawyer\"]}]}<\/script>\n<!-- \/ Yoast SEO plugin. -->","yoast_head_json":{"title":"Accidentes de motocicleta en West Alexandria Ohio: Consulta gratuita","description":"Un abogado con experiencia y familiarizado con los accidentes de motocicleta en West Alexandria lo ayudar\u00e1 a obtener el dinero que necesita de una parte negligente.","robots":{"index":"index","follow":"follow","max-snippet":"max-snippet:-1","max-image-preview":"max-image-preview:large","max-video-preview":"max-video-preview:-1"},"canonical":"https:\/\/thehometownlawyers.com\/es\/lesiones-personales-en-west-alexandria-ohio\/accidentes-de-motocicleta-en-west-alexandria-ohio\/","og_locale":"es_MX","og_type":"article","og_title":"Accidentes de motocicleta en West Alexandria Ohio: Consulta gratuita","og_description":"Un abogado con experiencia y familiarizado con los accidentes de motocicleta en West Alexandria lo ayudar\u00e1 a obtener el dinero que necesita de una parte negligente.","og_url":"https:\/\/thehometownlawyers.com\/es\/lesiones-personales-en-west-alexandria-ohio\/accidentes-de-motocicleta-en-west-alexandria-ohio\/","og_site_name":"Kruger &amp; Hodges Abogados De Lesiones","article_publisher":"https:\/\/www.facebook.com\/KrugerHodges\/","article_modified_time":"2025-02-03T14:54:24+00:00","og_image":[{"width":2048,"height":1365,"url":"https:\/\/thehometownlawyers.com\/wp-content\/uploads\/2020\/02\/iStock-912151500.jpg","type":"image\/jpeg"}],"twitter_card":"summary_large_image","twitter_misc":{"Tiempo de lectura":"4 minutos"},"schema":{"@context":"https:\/\/schema.org","@graph":[{"@type":"WebPage","@id":"https:\/\/thehometownlawyers.com\/es\/lesiones-personales-en-west-alexandria-ohio\/accidentes-de-motocicleta-en-west-alexandria-ohio\/","url":"https:\/\/thehometownlawyers.com\/es\/lesiones-personales-en-west-alexandria-ohio\/accidentes-de-motocicleta-en-west-alexandria-ohio\/","name":"Accidentes de motocicleta en West Alexandria Ohio: Consulta gratuita","isPartOf":{"@id":"https:\/\/thehometownlawyers.com\/es\/#website"},"primaryImageOfPage":{"@id":"https:\/\/thehometownlawyers.com\/es\/lesiones-personales-en-west-alexandria-ohio\/accidentes-de-motocicleta-en-west-alexandria-ohio\/#primaryimage"},"image":{"@id":"https:\/\/thehometownlawyers.com\/es\/lesiones-personales-en-west-alexandria-ohio\/accidentes-de-motocicleta-en-west-alexandria-ohio\/#primaryimage"},"thumbnailUrl":"https:\/\/thehometownlawyers.com\/wp-content\/uploads\/2020\/02\/iStock-912151500.jpg","datePublished":"2022-01-04T02:30:51+00:00","dateModified":"2025-02-03T14:54:24+00:00","description":"Un abogado con experiencia y familiarizado con los accidentes de motocicleta en West Alexandria lo ayudar\u00e1 a obtener el dinero que necesita de una parte negligente.","breadcrumb":{"@id":"https:\/\/thehometownlawyers.com\/es\/lesiones-personales-en-west-alexandria-ohio\/accidentes-de-motocicleta-en-west-alexandria-ohio\/#breadcrumb"},"inLanguage":"es","potentialAction":[{"@type":"ReadAction","target":["https:\/\/thehometownlawyers.com\/es\/lesiones-personales-en-west-alexandria-ohio\/accidentes-de-motocicleta-en-west-alexandria-ohio\/"]}]},{"@type":"ImageObject","inLanguage":"es","@id":"https:\/\/thehometownlawyers.com\/es\/lesiones-personales-en-west-alexandria-ohio\/accidentes-de-motocicleta-en-west-alexandria-ohio\/#primaryimage","url":"https:\/\/thehometownlawyers.com\/wp-content\/uploads\/2020\/02\/iStock-912151500.jpg","contentUrl":"https:\/\/thehometownlawyers.com\/wp-content\/uploads\/2020\/02\/iStock-912151500.jpg","width":2048,"height":1365,"caption":"Motocicleta y casco volcados en la calle tras colisi\u00f3n con el coche"},{"@type":"BreadcrumbList","@id":"https:\/\/thehometownlawyers.com\/es\/lesiones-personales-en-west-alexandria-ohio\/accidentes-de-motocicleta-en-west-alexandria-ohio\/#breadcrumb","itemListElement":[{"@type":"ListItem","position":1,"name":"Home","item":"https:\/\/thehometownlawyers.com\/es\/"},{"@type":"ListItem","position":2,"name":"Abogado de Lesiones Personales en West Alexandria","item":"https:\/\/thehometownlawyers.com\/es\/lesiones-personales-en-west-alexandria-ohio\/"},{"@type":"ListItem","position":3,"name":"Abogado de Accidente de Motocicleta en West Alexandria"}]},{"@type":"WebSite","@id":"https:\/\/thehometownlawyers.com\/es\/#website","url":"https:\/\/thehometownlawyers.com\/es\/","name":"Kruger & Hodges Hometown Injury Lawyers | Accident Attorneys","description":"Attorneys for Car, Truck and Motorcycle Accidents, Personal Injuries, and Criminal Defense.","publisher":{"@id":"https:\/\/thehometownlawyers.com\/es\/#organization"},"alternateName":"Kruger & Hodges Personal Injury Lawyers","inLanguage":"es"},{"@type":"Organization","@id":"https:\/\/thehometownlawyers.com\/es\/#organization","name":"Kruger & Hodges Hometown Injury Lawyers","alternateName":"Kruger & Hodges","url":"https:\/\/thehometownlawyers.com\/es\/","logo":{"@type":"ImageObject","inLanguage":"es","@id":"https:\/\/thehometownlawyers.com\/es\/#\/schema\/logo\/image\/","url":"https:\/\/thehometownlawyers.com\/wp-content\/uploads\/2025\/12\/revised-kh-logo-vertical-white-background-scaled.png","contentUrl":"https:\/\/thehometownlawyers.com\/wp-content\/uploads\/2025\/12\/revised-kh-logo-vertical-white-background-scaled.png","width":2560,"height":1440,"caption":"Kruger & Hodges Hometown Injury Lawyers"},"image":{"@id":"https:\/\/thehometownlawyers.com\/es\/#\/schema\/logo\/image\/"},"sameAs":["https:\/\/www.facebook.com\/KrugerHodges\/","https:\/\/www.instagram.com\/krugerhodges\/","https:\/\/www.linkedin.com\/company\/kruger-hodges-hometown-injury-lawyers\/","https:\/\/www.youtube.com\/channel\/UCeYcMaMaN2rb9jMlqt4EIdQ","https:\/\/www.tiktok.com\/@thehometownlawyer"]}]}},"_links":{"self":[{"href":"https:\/\/thehometownlawyers.com\/es\/wp-json\/wp\/v2\/pages\/21145","targetHints":{"allow":["GET"]}}],"collection":[{"href":"https:\/\/thehometownlawyers.com\/es\/wp-json\/wp\/v2\/pages"}],"about":[{"href":"https:\/\/thehometownlawyers.com\/es\/wp-json\/wp\/v2\/types\/page"}],"author":[{"embeddable":true,"href":"https:\/\/thehometownlawyers.com\/es\/wp-json\/wp\/v2\/users\/7"}],"replies":[{"embeddable":true,"href":"https:\/\/thehometownlawyers.com\/es\/wp-json\/wp\/v2\/comments?post=21145"}],"version-history":[{"count":0,"href":"https:\/\/thehometownlawyers.com\/es\/wp-json\/wp\/v2\/pages\/21145\/revisions"}],"up":[{"embeddable":true,"href":"https:\/\/thehometownlawyers.com\/es\/wp-json\/wp\/v2\/pages\/21162"}],"wp:featuredmedia":[{"embeddable":true,"href":"https:\/\/thehometownlawyers.com\/es\/wp-json\/wp\/v2\/media\/20740"}],"wp:attachment":[{"href":"https:\/\/thehometownlawyers.com\/es\/wp-json\/wp\/v2\/media?parent=21145"}],"wp:term":[{"taxonomy":"hc_faqs","embeddable":true,"href":"https:\/\/thehometownlawyers.com\/es\/wp-json\/wp\/v2\/hc_faqs?post=21145"},{"taxonomy":"hc_spanish_faqs","embeddable":true,"href":"https:\/\/thehometownlawyers.com\/es\/wp-json\/wp\/v2\/hc_spanish_faqs?post=21145"}],"curies":[{"name":"wp","href":"https:\/\/api.w.org\/{rel}","templated":true}]}}