{"id":21147,"date":"2021-12-27T21:37:46","date_gmt":"2021-12-28T02:37:46","guid":{"rendered":"https:\/\/thehometownlawyers.com\/?page_id=21147"},"modified":"2025-01-31T10:48:07","modified_gmt":"2025-01-31T15:48:07","slug":"abogados-de-accidentes-de-motocicleta-en-lewisburg","status":"publish","type":"page","link":"https:\/\/thehometownlawyers.com\/es\/abogados-de-lesiones-personales-en-lewisburg-ohio\/abogados-de-accidentes-de-motocicleta-en-lewisburg\/","title":{"rendered":"Abogado de Accidente de Motocicleta en Lewisburg"},"content":{"rendered":"<h2>Abogados de accidentes de motocicleta en Lewisburg, Ohio<\/h2>\n<p>Las motocicletas son una forma popular de transporte. Puede conducir una motocicleta para ir al trabajo, para hacer mandados y simplemente por placer. Con el precio de la gasolina en su nivel m\u00e1s alto en muchos a\u00f1os, las motocicletas tienen un atractivo a\u00fan mayor porque son muy eficientes y ahorran dinero en el surtidor. Desafortunadamente, los accidentes de motocicleta ocurren con cierta frecuencia. Los accidentes de motocicleta en Lewisburg, Ohio, no son raros, especialmente con tantas carreteras ubicadas en nuestra \u00e1rea. Tenemos varias carreteras interestatales y estatales grandes que atraviesan el condado de Preble. Estas carreteras tienen l\u00edmites de velocidad altos que pueden provocar lesiones m\u00e1s graves cuando ocurre un choque. Si tiene dificultades despu\u00e9s de un accidente de motocicleta, los abogados de accidentes de motocicleta en Lewisburg, Ohio, est\u00e1n aqu\u00ed para guiarlo.<\/p>\n<p class=\"rs-content-cta rs-content-cta-small\">Para una consulta legal gratuita, llame al <a href=\"tel:+15138943333\">513-894-3333 <\/a><\/p><h2>\u00bfQu\u00e9 hace que las motocicletas sean peligrosas?<\/h2>\n<p>Los accidentes de motocicleta son peligrosos porque los conductores tienen muy poca protecci\u00f3n contra el impacto. Las motocicletas comparten la carretera con muchos veh\u00edculos m\u00e1s grandes, como autom\u00f3viles, camionetas, SUV y semirremolques grandes. Es posible que estos veh\u00edculos m\u00e1s grandes no siempre vean motocicletas en la carretera. Las lesiones pueden ser extremadamente graves, especialmente cuando el accidente ocurre a alta velocidad. Los accidentes con motocicletas son 27 veces m\u00e1s frecuentes que los accidentes con otro tipo de veh\u00edculos, seg\u00fan la Administraci\u00f3n Nacional de Seguridad del Tr\u00e1fico (NHTSA). Los accidentes de motocicleta a menudo resultan en lesiones que amenazan la vida porque la motocicleta se cae y el cuerpo entra en contacto con el pavimento, a menudo golpeando el suelo o desliz\u00e1ndose una distancia.<\/p>\n<p class=\"rs-content-cta\">Abogado de Lesiones Personales de Lewisburg Cerca de M\u00ed <a href=\"tel:+15138943333\">513-894-3333<\/a><\/p><h2>Leyes de motocicletas para proteger a los pasajeros<\/h2>\n<p>Ohio requiere que los motociclistas obtengan una licencia o aprobaci\u00f3n de motocicleta antes de salir a la carretera. Los motociclistas deben pasar una prueba especializada que cubre las principales preocupaciones de los motociclistas en el estado. Los motociclistas deben obedecer todas las leyes de tr\u00e1nsito que se aplican a otros veh\u00edculos. Puede revisar la seguridad de las motocicletas en el <a href=\"https:\/\/motorcycle.ohio.gov\/wps\/portal\/gov\/motorcycle\/rider-safety-resources\/motorcycle-operator-manual\" target=\"_blank\" rel=\"noopener\">Manual del operador de motocicletas de Ohio<\/a> . La ley no requiere que la mayor\u00eda de los motociclistas usen cascos. La <a href=\"https:\/\/www.ghsa.org\/node\/4796\" target=\"_blank\" rel=\"noopener\">ley de Ohio<\/a> solo requiere que los ciclistas novatos y los menores de 18 a\u00f1os usen cascos. Los pasajeros de los obligados a llevar casco tambi\u00e9n deber\u00e1n llevarlo. Si bien los cascos no son necesarios para muchos motociclistas, un casco puede ayudar a proteger su cabeza durante un impacto.<\/p>\n<p class=\"rs-content-cta rs-content-cta-small\"><a href=\"\/es\/contacto\/\">Haga clic para contactar<\/a> con nuestros lesiones personales abogados hoy<\/p><h2>Accidentes de motocicleta en Lewisburg, Ohio<\/h2>\n<p>Cuando una motocicleta choca con un veh\u00edculo m\u00e1s grande, el motociclista puede sufrir lesiones graves. El motociclista no tiene la misma protecci\u00f3n contra da\u00f1os que ofrece un veh\u00edculo y, por lo tanto, las lesiones graves no son infrecuentes. Algunas de las lesiones m\u00e1s comunes debido a accidentes de motocicleta incluyen:<\/p>\n<ul>\n<li>Trauma de la cabeza<\/li>\n<li><a href=\"https:\/\/thehometownlawyers.com\/es\/\">Lesiones cerebrales traum\u00e1ticas<\/a><\/li>\n<li>Huesos rotos<\/li>\n<li>Heridas internas<\/li>\n<li>Lesiones de espalda y cuello<\/li>\n<li>Lesiones en la m\u00e9dula espinal<\/li>\n<li>quemaduras<\/li>\n<li>Contusiones y laceraciones<\/li>\n<\/ul>\n<p>Durante un choque, una motocicleta a menudo se desliza por una distancia, causando lesiones al conductor y al pasajero. Los tipos m\u00e1s graves de lesiones son las de la cabeza y la columna vertebral. Las lesiones en la cabeza ocurren cuando el cuerpo golpea el pavimento y pueden ser extremadamente graves y potencialmente mortales. Las v\u00edctimas de accidentes de motocicleta pueden tener un largo camino hacia la recuperaci\u00f3n que puede incluir una estad\u00eda prolongada en el hospital, cirug\u00eda y un per\u00edodo de recuperaci\u00f3n y rehabilitaci\u00f3n.<\/p>\n<p class=\"rs-content-cta rs-content-cta-small\">Complete una <a href=\"\/es\/contacto\/\">evaluaci\u00f3n gratuita de su caso<\/a> ahora<\/p><h2>Lo que los abogados de accidentes de motocicleta en Lewisburg le sugieren que haga despu\u00e9s de un accidente de motocicleta<\/h2>\n<p>Un accidente de motocicleta puede ser extremadamente traum\u00e1tico para los conductores y pasajeros. Llame a la polic\u00eda para denunciar el accidente y busque atenci\u00f3n m\u00e9dica de inmediato. El traumatismo craneoencef\u00e1lico y otras lesiones pueden no ser evidentes de inmediato en el momento del incidente debido a los efectos de la adrenalina. Sin embargo, una lesi\u00f3n en la cabeza puede ser muy grave e incluso potencialmente mortal, as\u00ed que no se demore en ir al hospital, incluso si no est\u00e1 seguro de sus lesiones en ese momento. La polic\u00eda investigar\u00e1 el accidente, buscar\u00e1 testigos y tratar\u00e1 de determinar qu\u00e9 sucedi\u00f3. Esta informaci\u00f3n ser\u00e1 extremadamente \u00fatil m\u00e1s adelante cuando necesite procesar su reclamo. Hable con un abogado de lesiones personales para que lo ayude con su caso. Su abogado trabajar\u00e1 en su nombre mientras se concentra en su recuperaci\u00f3n.<\/p>\n<h2>\u00bfCu\u00e1les son mis da\u00f1os despu\u00e9s de un accidente de motocicleta?<\/h2>\n<p>Los accidentes de motocicleta en Lewisburg, Ohio, resultan en da\u00f1os que pueden ser tanto monetarios como no monetarios. Es probable que los da\u00f1os m\u00e1s significativos sean los gastos m\u00e9dicos en los que incurra como resultado del accidente. Otros da\u00f1os son necesidades m\u00e9dicas futuras, salarios perdidos, dolor y sufrimiento y trauma emocional, entre otros. El conductor negligente es responsable de pagar todos los da\u00f1os que usted incurra como resultado del choque. Su abogado reunir\u00e1 las pruebas necesarias para obtener una compensaci\u00f3n adecuada por sus lesiones. Desea asegurarse de obtener el dinero que necesita para pagar su atenci\u00f3n m\u00e9dica y otros costos asociados con el accidente.<\/p>\n<p>Un accidente de motocicleta grave puede generar un momento estresante y doloroso para usted y su familia. Si result\u00f3 herido como resultado de un conductor negligente, lo ayudaremos a obtener el dinero que se le debe. Comun\u00edquese con nuestros abogados experimentados en <a href=\"https:\/\/thehometownlawyers.com\/es\/contacto\/\">Kruger &amp; Hodges<\/a> al (937) 733-6079 para programar una consulta gratuita para analizar su caso.<\/p>\n<p class=\"rs-content-cta rs-content-cta-small\">Llame o env\u00ede un mensaje de texto al <a href=\"tel:+15138943333\">513-894-3333<\/a> o complete una <a href=\"\/es\/contacto\/\">evaluaci\u00f3n gratuita de su caso<\/a><\/p>","protected":false},"excerpt":{"rendered":"<p>Abogados de accidentes de motocicleta en Lewisburg, Ohio Las motocicletas son una forma popular de transporte. Puede conducir una motocicleta para ir al trabajo, para hacer mandados y simplemente por placer. Con el precio de la gasolina en su nivel m\u00e1s alto en muchos a\u00f1os, las motocicletas tienen un atractivo a\u00fan mayor porque son muy &#8230;<\/p>\n","protected":false},"author":7,"featured_media":20740,"parent":21155,"menu_order":0,"comment_status":"closed","ping_status":"closed","template":"","meta":{"_acf_changed":false,"inline_featured_image":false,"_genesis_hide_title":false,"_genesis_hide_breadcrumbs":false,"_genesis_hide_singular_image":false,"_genesis_hide_footer_widgets":false,"_genesis_custom_body_class":"","_genesis_custom_post_class":"","_genesis_layout":"","footnotes":""},"hc_faqs":[],"hc_spanish_faqs":[],"class_list":{"0":"post-21147","1":"page","2":"type-page","3":"status-publish","4":"has-post-thumbnail","6":"hc_city_location-lewisburg-es","7":"entry"},"acf":[],"yoast_head":"<!-- This site is optimized with the Yoast SEO plugin v27.3 - https:\/\/yoast.com\/product\/yoast-seo-wordpress\/ -->\n<title>Abogados de accidentes de motocicleta en Lewisburg: Consulta gratuita<\/title>\n<meta name=\"description\" content=\"Si tiene problemas despu\u00e9s de un accidente de motocicleta, comun\u00edquese con los abogados de accidentes de motocicleta en Lewisburg que pueden ayudarlo.\" \/>\n<meta name=\"robots\" content=\"index, follow, max-snippet:-1, max-image-preview:large, max-video-preview:-1\" \/>\n<link rel=\"canonical\" href=\"https:\/\/thehometownlawyers.com\/es\/abogados-de-lesiones-personales-en-lewisburg-ohio\/abogados-de-accidentes-de-motocicleta-en-lewisburg\/\" \/>\n<meta property=\"og:locale\" content=\"es_MX\" \/>\n<meta property=\"og:type\" content=\"article\" \/>\n<meta property=\"og:title\" content=\"Abogados de accidentes de motocicleta en Lewisburg: Consulta gratuita\" \/>\n<meta property=\"og:description\" content=\"Si tiene problemas despu\u00e9s de un accidente de motocicleta, comun\u00edquese con los abogados de accidentes de motocicleta en Lewisburg que pueden ayudarlo.\" \/>\n<meta property=\"og:url\" content=\"https:\/\/thehometownlawyers.com\/es\/abogados-de-lesiones-personales-en-lewisburg-ohio\/abogados-de-accidentes-de-motocicleta-en-lewisburg\/\" \/>\n<meta property=\"og:site_name\" content=\"Kruger &amp; Hodges Abogados De Lesiones\" \/>\n<meta property=\"article:publisher\" content=\"https:\/\/www.facebook.com\/KrugerHodges\/\" \/>\n<meta property=\"article:modified_time\" content=\"2025-01-31T15:48:07+00:00\" \/>\n<meta property=\"og:image\" content=\"https:\/\/thehometownlawyers.com\/wp-content\/uploads\/2020\/02\/iStock-912151500.jpg\" \/>\n\t<meta property=\"og:image:width\" content=\"2048\" \/>\n\t<meta property=\"og:image:height\" content=\"1365\" \/>\n\t<meta property=\"og:image:type\" content=\"image\/jpeg\" \/>\n<meta name=\"twitter:card\" content=\"summary_large_image\" \/>\n<meta name=\"twitter:label1\" content=\"Tiempo de lectura\" \/>\n\t<meta name=\"twitter:data1\" content=\"5 minutos\" \/>\n<script type=\"application\/ld+json\" class=\"yoast-schema-graph\">{\"@context\":\"https:\\\/\\\/schema.org\",\"@graph\":[{\"@type\":\"WebPage\",\"@id\":\"https:\\\/\\\/thehometownlawyers.com\\\/es\\\/abogados-de-lesiones-personales-en-lewisburg-ohio\\\/abogados-de-accidentes-de-motocicleta-en-lewisburg\\\/\",\"url\":\"https:\\\/\\\/thehometownlawyers.com\\\/es\\\/abogados-de-lesiones-personales-en-lewisburg-ohio\\\/abogados-de-accidentes-de-motocicleta-en-lewisburg\\\/\",\"name\":\"Abogados de accidentes de motocicleta en Lewisburg: Consulta gratuita\",\"isPartOf\":{\"@id\":\"https:\\\/\\\/thehometownlawyers.com\\\/es\\\/#website\"},\"primaryImageOfPage\":{\"@id\":\"https:\\\/\\\/thehometownlawyers.com\\\/es\\\/abogados-de-lesiones-personales-en-lewisburg-ohio\\\/abogados-de-accidentes-de-motocicleta-en-lewisburg\\\/#primaryimage\"},\"image\":{\"@id\":\"https:\\\/\\\/thehometownlawyers.com\\\/es\\\/abogados-de-lesiones-personales-en-lewisburg-ohio\\\/abogados-de-accidentes-de-motocicleta-en-lewisburg\\\/#primaryimage\"},\"thumbnailUrl\":\"https:\\\/\\\/thehometownlawyers.com\\\/wp-content\\\/uploads\\\/2020\\\/02\\\/iStock-912151500.jpg\",\"datePublished\":\"2021-12-28T02:37:46+00:00\",\"dateModified\":\"2025-01-31T15:48:07+00:00\",\"description\":\"Si tiene problemas despu\u00e9s de un accidente de motocicleta, comun\u00edquese con los abogados de accidentes de motocicleta en Lewisburg que pueden ayudarlo.\",\"breadcrumb\":{\"@id\":\"https:\\\/\\\/thehometownlawyers.com\\\/es\\\/abogados-de-lesiones-personales-en-lewisburg-ohio\\\/abogados-de-accidentes-de-motocicleta-en-lewisburg\\\/#breadcrumb\"},\"inLanguage\":\"es\",\"potentialAction\":[{\"@type\":\"ReadAction\",\"target\":[\"https:\\\/\\\/thehometownlawyers.com\\\/es\\\/abogados-de-lesiones-personales-en-lewisburg-ohio\\\/abogados-de-accidentes-de-motocicleta-en-lewisburg\\\/\"]}]},{\"@type\":\"ImageObject\",\"inLanguage\":\"es\",\"@id\":\"https:\\\/\\\/thehometownlawyers.com\\\/es\\\/abogados-de-lesiones-personales-en-lewisburg-ohio\\\/abogados-de-accidentes-de-motocicleta-en-lewisburg\\\/#primaryimage\",\"url\":\"https:\\\/\\\/thehometownlawyers.com\\\/wp-content\\\/uploads\\\/2020\\\/02\\\/iStock-912151500.jpg\",\"contentUrl\":\"https:\\\/\\\/thehometownlawyers.com\\\/wp-content\\\/uploads\\\/2020\\\/02\\\/iStock-912151500.jpg\",\"width\":2048,\"height\":1365,\"caption\":\"Motocicleta y casco volcados en la calle tras colisi\u00f3n con el coche\"},{\"@type\":\"BreadcrumbList\",\"@id\":\"https:\\\/\\\/thehometownlawyers.com\\\/es\\\/abogados-de-lesiones-personales-en-lewisburg-ohio\\\/abogados-de-accidentes-de-motocicleta-en-lewisburg\\\/#breadcrumb\",\"itemListElement\":[{\"@type\":\"ListItem\",\"position\":1,\"name\":\"Home\",\"item\":\"https:\\\/\\\/thehometownlawyers.com\\\/es\\\/\"},{\"@type\":\"ListItem\",\"position\":2,\"name\":\"Abogado de Lesiones Personales en Lewisburg\",\"item\":\"https:\\\/\\\/thehometownlawyers.com\\\/es\\\/lewisburg\\\/personal-injury-lawyer\\\/\"},{\"@type\":\"ListItem\",\"position\":3,\"name\":\"Abogado de Accidente de Motocicleta en Lewisburg\"}]},{\"@type\":\"WebSite\",\"@id\":\"https:\\\/\\\/thehometownlawyers.com\\\/es\\\/#website\",\"url\":\"https:\\\/\\\/thehometownlawyers.com\\\/es\\\/\",\"name\":\"Kruger & Hodges Hometown Injury Lawyers | Accident Attorneys\",\"description\":\"Attorneys for Car, Truck and Motorcycle Accidents, Personal Injuries, and Criminal Defense.\",\"publisher\":{\"@id\":\"https:\\\/\\\/thehometownlawyers.com\\\/es\\\/#organization\"},\"alternateName\":\"Kruger & Hodges Personal Injury Lawyers\",\"inLanguage\":\"es\"},{\"@type\":\"Organization\",\"@id\":\"https:\\\/\\\/thehometownlawyers.com\\\/es\\\/#organization\",\"name\":\"Kruger & Hodges Hometown Injury Lawyers\",\"alternateName\":\"Kruger & Hodges\",\"url\":\"https:\\\/\\\/thehometownlawyers.com\\\/es\\\/\",\"logo\":{\"@type\":\"ImageObject\",\"inLanguage\":\"es\",\"@id\":\"https:\\\/\\\/thehometownlawyers.com\\\/es\\\/#\\\/schema\\\/logo\\\/image\\\/\",\"url\":\"https:\\\/\\\/thehometownlawyers.com\\\/wp-content\\\/uploads\\\/2025\\\/12\\\/revised-kh-logo-vertical-white-background-scaled.png\",\"contentUrl\":\"https:\\\/\\\/thehometownlawyers.com\\\/wp-content\\\/uploads\\\/2025\\\/12\\\/revised-kh-logo-vertical-white-background-scaled.png\",\"width\":2560,\"height\":1440,\"caption\":\"Kruger & Hodges Hometown Injury Lawyers\"},\"image\":{\"@id\":\"https:\\\/\\\/thehometownlawyers.com\\\/es\\\/#\\\/schema\\\/logo\\\/image\\\/\"},\"sameAs\":[\"https:\\\/\\\/www.facebook.com\\\/KrugerHodges\\\/\",\"https:\\\/\\\/www.instagram.com\\\/krugerhodges\\\/\",\"https:\\\/\\\/www.linkedin.com\\\/company\\\/kruger-hodges-hometown-injury-lawyers\\\/\",\"https:\\\/\\\/www.youtube.com\\\/channel\\\/UCeYcMaMaN2rb9jMlqt4EIdQ\",\"https:\\\/\\\/www.tiktok.com\\\/@thehometownlawyer\"]}]}<\/script>\n<!-- \/ Yoast SEO plugin. -->","yoast_head_json":{"title":"Abogados de accidentes de motocicleta en Lewisburg: Consulta gratuita","description":"Si tiene problemas despu\u00e9s de un accidente de motocicleta, comun\u00edquese con los abogados de accidentes de motocicleta en Lewisburg que pueden ayudarlo.","robots":{"index":"index","follow":"follow","max-snippet":"max-snippet:-1","max-image-preview":"max-image-preview:large","max-video-preview":"max-video-preview:-1"},"canonical":"https:\/\/thehometownlawyers.com\/es\/abogados-de-lesiones-personales-en-lewisburg-ohio\/abogados-de-accidentes-de-motocicleta-en-lewisburg\/","og_locale":"es_MX","og_type":"article","og_title":"Abogados de accidentes de motocicleta en Lewisburg: Consulta gratuita","og_description":"Si tiene problemas despu\u00e9s de un accidente de motocicleta, comun\u00edquese con los abogados de accidentes de motocicleta en Lewisburg que pueden ayudarlo.","og_url":"https:\/\/thehometownlawyers.com\/es\/abogados-de-lesiones-personales-en-lewisburg-ohio\/abogados-de-accidentes-de-motocicleta-en-lewisburg\/","og_site_name":"Kruger &amp; Hodges Abogados De Lesiones","article_publisher":"https:\/\/www.facebook.com\/KrugerHodges\/","article_modified_time":"2025-01-31T15:48:07+00:00","og_image":[{"width":2048,"height":1365,"url":"https:\/\/thehometownlawyers.com\/wp-content\/uploads\/2020\/02\/iStock-912151500.jpg","type":"image\/jpeg"}],"twitter_card":"summary_large_image","twitter_misc":{"Tiempo de lectura":"5 minutos"},"schema":{"@context":"https:\/\/schema.org","@graph":[{"@type":"WebPage","@id":"https:\/\/thehometownlawyers.com\/es\/abogados-de-lesiones-personales-en-lewisburg-ohio\/abogados-de-accidentes-de-motocicleta-en-lewisburg\/","url":"https:\/\/thehometownlawyers.com\/es\/abogados-de-lesiones-personales-en-lewisburg-ohio\/abogados-de-accidentes-de-motocicleta-en-lewisburg\/","name":"Abogados de accidentes de motocicleta en Lewisburg: Consulta gratuita","isPartOf":{"@id":"https:\/\/thehometownlawyers.com\/es\/#website"},"primaryImageOfPage":{"@id":"https:\/\/thehometownlawyers.com\/es\/abogados-de-lesiones-personales-en-lewisburg-ohio\/abogados-de-accidentes-de-motocicleta-en-lewisburg\/#primaryimage"},"image":{"@id":"https:\/\/thehometownlawyers.com\/es\/abogados-de-lesiones-personales-en-lewisburg-ohio\/abogados-de-accidentes-de-motocicleta-en-lewisburg\/#primaryimage"},"thumbnailUrl":"https:\/\/thehometownlawyers.com\/wp-content\/uploads\/2020\/02\/iStock-912151500.jpg","datePublished":"2021-12-28T02:37:46+00:00","dateModified":"2025-01-31T15:48:07+00:00","description":"Si tiene problemas despu\u00e9s de un accidente de motocicleta, comun\u00edquese con los abogados de accidentes de motocicleta en Lewisburg que pueden ayudarlo.","breadcrumb":{"@id":"https:\/\/thehometownlawyers.com\/es\/abogados-de-lesiones-personales-en-lewisburg-ohio\/abogados-de-accidentes-de-motocicleta-en-lewisburg\/#breadcrumb"},"inLanguage":"es","potentialAction":[{"@type":"ReadAction","target":["https:\/\/thehometownlawyers.com\/es\/abogados-de-lesiones-personales-en-lewisburg-ohio\/abogados-de-accidentes-de-motocicleta-en-lewisburg\/"]}]},{"@type":"ImageObject","inLanguage":"es","@id":"https:\/\/thehometownlawyers.com\/es\/abogados-de-lesiones-personales-en-lewisburg-ohio\/abogados-de-accidentes-de-motocicleta-en-lewisburg\/#primaryimage","url":"https:\/\/thehometownlawyers.com\/wp-content\/uploads\/2020\/02\/iStock-912151500.jpg","contentUrl":"https:\/\/thehometownlawyers.com\/wp-content\/uploads\/2020\/02\/iStock-912151500.jpg","width":2048,"height":1365,"caption":"Motocicleta y casco volcados en la calle tras colisi\u00f3n con el coche"},{"@type":"BreadcrumbList","@id":"https:\/\/thehometownlawyers.com\/es\/abogados-de-lesiones-personales-en-lewisburg-ohio\/abogados-de-accidentes-de-motocicleta-en-lewisburg\/#breadcrumb","itemListElement":[{"@type":"ListItem","position":1,"name":"Home","item":"https:\/\/thehometownlawyers.com\/es\/"},{"@type":"ListItem","position":2,"name":"Abogado de Lesiones Personales en Lewisburg","item":"https:\/\/thehometownlawyers.com\/es\/lewisburg\/personal-injury-lawyer\/"},{"@type":"ListItem","position":3,"name":"Abogado de Accidente de Motocicleta en Lewisburg"}]},{"@type":"WebSite","@id":"https:\/\/thehometownlawyers.com\/es\/#website","url":"https:\/\/thehometownlawyers.com\/es\/","name":"Kruger & Hodges Hometown Injury Lawyers | Accident Attorneys","description":"Attorneys for Car, Truck and Motorcycle Accidents, Personal Injuries, and Criminal Defense.","publisher":{"@id":"https:\/\/thehometownlawyers.com\/es\/#organization"},"alternateName":"Kruger & Hodges Personal Injury Lawyers","inLanguage":"es"},{"@type":"Organization","@id":"https:\/\/thehometownlawyers.com\/es\/#organization","name":"Kruger & Hodges Hometown Injury Lawyers","alternateName":"Kruger & Hodges","url":"https:\/\/thehometownlawyers.com\/es\/","logo":{"@type":"ImageObject","inLanguage":"es","@id":"https:\/\/thehometownlawyers.com\/es\/#\/schema\/logo\/image\/","url":"https:\/\/thehometownlawyers.com\/wp-content\/uploads\/2025\/12\/revised-kh-logo-vertical-white-background-scaled.png","contentUrl":"https:\/\/thehometownlawyers.com\/wp-content\/uploads\/2025\/12\/revised-kh-logo-vertical-white-background-scaled.png","width":2560,"height":1440,"caption":"Kruger & Hodges Hometown Injury Lawyers"},"image":{"@id":"https:\/\/thehometownlawyers.com\/es\/#\/schema\/logo\/image\/"},"sameAs":["https:\/\/www.facebook.com\/KrugerHodges\/","https:\/\/www.instagram.com\/krugerhodges\/","https:\/\/www.linkedin.com\/company\/kruger-hodges-hometown-injury-lawyers\/","https:\/\/www.youtube.com\/channel\/UCeYcMaMaN2rb9jMlqt4EIdQ","https:\/\/www.tiktok.com\/@thehometownlawyer"]}]}},"_links":{"self":[{"href":"https:\/\/thehometownlawyers.com\/es\/wp-json\/wp\/v2\/pages\/21147","targetHints":{"allow":["GET"]}}],"collection":[{"href":"https:\/\/thehometownlawyers.com\/es\/wp-json\/wp\/v2\/pages"}],"about":[{"href":"https:\/\/thehometownlawyers.com\/es\/wp-json\/wp\/v2\/types\/page"}],"author":[{"embeddable":true,"href":"https:\/\/thehometownlawyers.com\/es\/wp-json\/wp\/v2\/users\/7"}],"replies":[{"embeddable":true,"href":"https:\/\/thehometownlawyers.com\/es\/wp-json\/wp\/v2\/comments?post=21147"}],"version-history":[{"count":0,"href":"https:\/\/thehometownlawyers.com\/es\/wp-json\/wp\/v2\/pages\/21147\/revisions"}],"up":[{"embeddable":true,"href":"https:\/\/thehometownlawyers.com\/es\/wp-json\/wp\/v2\/pages\/21155"}],"wp:featuredmedia":[{"embeddable":true,"href":"https:\/\/thehometownlawyers.com\/es\/wp-json\/wp\/v2\/media\/20740"}],"wp:attachment":[{"href":"https:\/\/thehometownlawyers.com\/es\/wp-json\/wp\/v2\/media?parent=21147"}],"wp:term":[{"taxonomy":"hc_faqs","embeddable":true,"href":"https:\/\/thehometownlawyers.com\/es\/wp-json\/wp\/v2\/hc_faqs?post=21147"},{"taxonomy":"hc_spanish_faqs","embeddable":true,"href":"https:\/\/thehometownlawyers.com\/es\/wp-json\/wp\/v2\/hc_spanish_faqs?post=21147"}],"curies":[{"name":"wp","href":"https:\/\/api.w.org\/{rel}","templated":true}]}}