{"id":21148,"date":"2022-01-04T20:39:22","date_gmt":"2022-01-05T01:39:22","guid":{"rendered":"https:\/\/thehometownlawyers.com\/?page_id=21148"},"modified":"2025-02-03T09:51:56","modified_gmt":"2025-02-03T14:51:56","slug":"accidentes-de-motocicleta-en-new-paris-ohio","status":"publish","type":"page","link":"https:\/\/thehometownlawyers.com\/es\/lesiones-personales-en-new-paris-ohio\/accidentes-de-motocicleta-en-new-paris-ohio\/","title":{"rendered":"Abogado de Accidente de Motocicleta en New Paris"},"content":{"rendered":"<h2>Accidentes de motocicleta en New Paris<\/h2>\n<p>Las motocicletas pueden ser un medio de transporte divertido y econ\u00f3mico. Ya sea que viaje al trabajo, por la ciudad o en viajes por carretera, una motocicleta es una excelente opci\u00f3n. Seg\u00fan Statista, Ohio tiene el <a href=\"https:\/\/www.statista.com\/statistics\/191002\/number-of-registered-motorcycles-in-the-us-by-state\/\" target=\"_blank\" rel=\"noopener\">cuarto mayor n\u00famero de registros de motocicletas<\/a> en los Estados Unidos, con m\u00e1s de 406.000. Desafortunadamente, los accidentes de motocicleta contin\u00faan siendo una preocupaci\u00f3n. Los accidentes de motocicleta pueden causar lesiones graves y muertes. Si result\u00f3 herido en un accidente de motocicleta, la parte negligente es responsable de pagar sus lesiones y otros da\u00f1os. Un abogado con experiencia en accidentes de motocicleta en New Paris, Ohio, lo ayudar\u00e1 a obtener la compensaci\u00f3n que merece por sus lesiones.<\/p>\n<p class=\"rs-content-cta rs-content-cta-small\">Para una consulta legal gratuita, llame al <a href=\"tel:+15138943333\">513-894-3333 <\/a><\/p><h2>Accidentes de motocicleta<\/h2>\n<p>New Paris, Ohio, es un peque\u00f1o pueblo ubicado en el condado de Preble. Es parte del \u00c1rea Estad\u00edstica Metropolitana de Dayton. El pueblo est\u00e1 cerca de varias carreteras importantes, incluidas la Interestatal 70, la Ruta estatal 120 y la Ruta estatal 320. Ohio tuvo uno de los n\u00fameros m\u00e1s altos de <a href=\"https:\/\/www.iihs.org\/topics\/fatality-statistics\/detail\/state-by-state\" target=\"_blank\" rel=\"noopener\">muertes de motocicletas<\/a> el a\u00f1o pasado, con un total de 162 muertes en el estado. Alrededor del 14% de todas las muertes por accidentes de tr\u00e1nsito en Ohio fueron motociclistas. Los motociclistas tienen m\u00e1s probabilidades de morir en un accidente de tr\u00e1fico que los que conducen otro tipo de veh\u00edculos.<\/p>\n<p class=\"rs-content-cta\">Abogado de Lesiones Personales de New Paris Cerca de M\u00ed <a href=\"tel:+15138943333\">513-894-3333<\/a><\/p><h2>\u00bfQu\u00e9 causa los accidentes de motocicleta en New Paris, Ohio?<\/h2>\n<p>Los accidentes de motocicleta en New Paris, Ohio, pueden ocurrir debido a una variedad de causas. Las motocicletas est\u00e1n cerca del suelo y muchos veh\u00edculos m\u00e1s grandes, como camionetas y SUV, tampoco pueden verlas. Las motocicletas pueden meterse m\u00e1s f\u00e1cilmente en el punto ciego de otro veh\u00edculo. Si otros conductores no son cautelosos y conscientes, podr\u00edan chocar con una motocicleta. Los accidentes de motocicleta generalmente se deben a errores humanos, fallas mec\u00e1nicas o condiciones de la carretera. El conductor negligente es responsable de pagar los gastos m\u00e9dicos y otros da\u00f1os que sufra el motociclista en el accidente.<\/p>\n<p class=\"rs-content-cta rs-content-cta-small\"><a href=\"\/es\/contacto\/\">Haga clic para contactar<\/a> con nuestros lesiones personales abogados hoy<\/p><h2>C\u00f3mo probar negligencia<\/h2>\n<p>Para probar su reclamo, deber\u00e1 probar los cuatro elementos de negligencia. \u00c9stas incluyen:<\/p>\n<ul>\n<li>Deber<\/li>\n<li>Incumplimiento<\/li>\n<li>Causalidad<\/li>\n<li>Da\u00f1os y perjuicios<\/li>\n<\/ul>\n<p>Debe demostrar que la parte ten\u00eda el deber de estar seguro en la carretera y el conductor incumpli\u00f3 ese deber. Deber\u00e1 probar que sufri\u00f3 da\u00f1os reales debido al accidente y que el accidente fue la causa de su da\u00f1o. Los dos primeros elementos tienen que ver con el conductor y la causa del choque. Por ejemplo, el conductor puede haber estado acelerando y eso es lo que caus\u00f3 el accidente. Tambi\u00e9n deber\u00e1 demostrar que sufri\u00f3 lesiones u otros da\u00f1os.<\/p>\n<p>Puede proporcionar informes m\u00e9dicos y otra documentaci\u00f3n para demostrar que tuvo una lesi\u00f3n causada por el accidente. Es importante ir al hospital o visitar al m\u00e9dico inmediatamente despu\u00e9s de un accidente. Si espera demasiado para buscar tratamiento m\u00e9dico, ser\u00e1 m\u00e1s dif\u00edcil probar que sus lesiones fueron causadas por el choque y no por alg\u00fan otro motivo. Su abogado trabajar\u00e1 en su nombre para ayudarlo a recopilar los datos que necesita para su reclamo.<\/p>\n<p class=\"rs-content-cta rs-content-cta-small\">Complete una <a href=\"\/es\/contacto\/\">evaluaci\u00f3n gratuita de su caso<\/a> ahora<\/p><h2>Accidentes de motocicleta resultan en lesiones graves<\/h2>\n<p>Las motocicletas no cuentan con la misma protecci\u00f3n que los veh\u00edculos de pasajeros y, por lo tanto, cualquier tipo de accidente provocar\u00e1 que el conductor y el piloto caigan al pavimento. La velocidad del choque y otros factores pueden determinar la gravedad de las lesiones que podr\u00eda sufrir. Algunos de los tipos m\u00e1s comunes de lesiones por accidentes de motocicleta en New Paris son:<\/p>\n<ul>\n<li>Trauma de la cabeza<\/li>\n<li>Lesiones de cuello y espalda<\/li>\n<li>Lesiones de la m\u00e9dula espinal<\/li>\n<li>Huesos rotos<\/li>\n<li>Heridas internas<\/li>\n<li>Contusiones y laceraciones<\/li>\n<li>quemaduras<\/li>\n<\/ul>\n<p>Cualquiera de estas lesiones puede ser extremadamente grave y potencialmente mortal. El traumatismo craneal puede ser una de las lesiones m\u00e1s graves. Si sufre una lesi\u00f3n cerebral traum\u00e1tica (TMI), podr\u00eda tener un largo per\u00edodo de recuperaci\u00f3n y podr\u00eda quedar discapacitado. El tratamiento de las lesiones por accidentes puede incluir hospitalizaci\u00f3n, cirug\u00eda y rehabilitaci\u00f3n.<\/p>\n<h2>Compensaci\u00f3n por Da\u00f1os<\/h2>\n<p>Poco despu\u00e9s del accidente, la compa\u00f1\u00eda de seguros se comunicar\u00e1 con usted con respecto al accidente. Tenga en cuenta que la conversaci\u00f3n se grabar\u00e1 y lo que diga es importante para el resultado de su reclamo. A menudo, es mejor hablar con un abogado antes de responder las preguntas de la compa\u00f1\u00eda de seguros. Recuerde que no necesita aceptar una oferta de liquidaci\u00f3n inicial. Si lo hace, renunciar\u00e1 a su derecho a solicitar m\u00e1s dinero, incluso si la cantidad no cubre adecuadamente sus costos. Un abogado con experiencia en lesiones personales negociar\u00e1 con la compa\u00f1\u00eda de seguros para obtener un acuerdo que satisfaga sus necesidades. En algunos casos, es posible que el asunto deba ir a los tribunales para su resoluci\u00f3n.<\/p>\n<h2>Elija un abogado experto en accidentes de motocicleta en New Paris<\/h2>\n<p>Su objetivo es recibir una compensaci\u00f3n para cubrir sus facturas m\u00e9dicas, dolor y sufrimiento y otros da\u00f1os que recibi\u00f3 como resultado del accidente. No se le debe dejar que pague estos costos de su propio bolsillo. No espere para hablar con un abogado despu\u00e9s de un accidente de motocicleta en New Paris, Ohio. Su abogado se encargar\u00e1 de los asuntos legales del reclamo mientras usted se concentra en su recuperaci\u00f3n. Si result\u00f3 herido en un accidente de motocicleta que no fue su culpa, podemos ayudarlo a obtener el dinero que se merece. Comun\u00edquese con nuestro equipo legal en <a href=\"https:\/\/thehometownlawyers.com\/es\/contacto\/\">Kruger &amp; Hodges<\/a> al (937) 733-6079 para programar una consulta.<\/p>\n<p class=\"rs-content-cta rs-content-cta-small\">Llame o env\u00ede un mensaje de texto al <a href=\"tel:+15138943333\">513-894-3333<\/a> o complete una <a href=\"\/es\/contacto\/\">evaluaci\u00f3n gratuita de su caso<\/a><\/p>","protected":false},"excerpt":{"rendered":"<p>Accidentes de motocicleta en New Paris Las motocicletas pueden ser un medio de transporte divertido y econ\u00f3mico. Ya sea que viaje al trabajo, por la ciudad o en viajes por carretera, una motocicleta es una excelente opci\u00f3n. Seg\u00fan Statista, Ohio tiene el cuarto mayor n\u00famero de registros de motocicletas en los Estados Unidos, con m\u00e1s &#8230;<\/p>\n","protected":false},"author":7,"featured_media":24474,"parent":21138,"menu_order":0,"comment_status":"closed","ping_status":"closed","template":"","meta":{"_acf_changed":false,"inline_featured_image":false,"_genesis_hide_title":false,"_genesis_hide_breadcrumbs":false,"_genesis_hide_singular_image":false,"_genesis_hide_footer_widgets":false,"_genesis_custom_body_class":"","_genesis_custom_post_class":"","_genesis_layout":"","footnotes":""},"hc_faqs":[],"hc_spanish_faqs":[],"class_list":{"0":"post-21148","1":"page","2":"type-page","3":"status-publish","4":"has-post-thumbnail","6":"hc_city_location-new-paris-es","7":"entry"},"acf":[],"yoast_head":"<!-- This site is optimized with the Yoast SEO plugin v27.5 - https:\/\/yoast.com\/product\/yoast-seo-wordpress\/ -->\n<title>Accidentes de motocicleta en New Paris | Abogados de Kruger &amp; Hodges<\/title>\n<meta name=\"description\" content=\"Un abogado con conocimientos sobre accidentes de motocicleta en New Paris lo ayudar\u00e1 a obtener la compensaci\u00f3n que merece por sus lesiones.\" \/>\n<meta name=\"robots\" content=\"index, follow, max-snippet:-1, max-image-preview:large, max-video-preview:-1\" \/>\n<link rel=\"canonical\" href=\"https:\/\/thehometownlawyers.com\/es\/lesiones-personales-en-new-paris-ohio\/accidentes-de-motocicleta-en-new-paris-ohio\/\" \/>\n<meta property=\"og:locale\" content=\"es_MX\" \/>\n<meta property=\"og:type\" content=\"article\" \/>\n<meta property=\"og:title\" content=\"Accidentes de motocicleta en New Paris | Abogados de Kruger &amp; Hodges\" \/>\n<meta property=\"og:description\" content=\"Un abogado con conocimientos sobre accidentes de motocicleta en New Paris lo ayudar\u00e1 a obtener la compensaci\u00f3n que merece por sus lesiones.\" \/>\n<meta property=\"og:url\" content=\"https:\/\/thehometownlawyers.com\/es\/lesiones-personales-en-new-paris-ohio\/accidentes-de-motocicleta-en-new-paris-ohio\/\" \/>\n<meta property=\"og:site_name\" content=\"Kruger &amp; Hodges Abogados De Lesiones\" \/>\n<meta property=\"article:publisher\" content=\"https:\/\/www.facebook.com\/KrugerHodges\/\" \/>\n<meta property=\"article:modified_time\" content=\"2025-02-03T14:51:56+00:00\" \/>\n<meta property=\"og:image\" content=\"https:\/\/thehometownlawyers.com\/wp-content\/uploads\/2021\/04\/service-1.png\" \/>\n\t<meta property=\"og:image:width\" content=\"415\" \/>\n\t<meta property=\"og:image:height\" content=\"306\" \/>\n\t<meta property=\"og:image:type\" content=\"image\/png\" \/>\n<meta name=\"twitter:card\" content=\"summary_large_image\" \/>\n<meta name=\"twitter:label1\" content=\"Tiempo de lectura\" \/>\n\t<meta name=\"twitter:data1\" content=\"5 minutos\" \/>\n<script type=\"application\/ld+json\" class=\"yoast-schema-graph\">{\"@context\":\"https:\\\/\\\/schema.org\",\"@graph\":[{\"@type\":\"WebPage\",\"@id\":\"https:\\\/\\\/thehometownlawyers.com\\\/es\\\/lesiones-personales-en-new-paris-ohio\\\/accidentes-de-motocicleta-en-new-paris-ohio\\\/\",\"url\":\"https:\\\/\\\/thehometownlawyers.com\\\/es\\\/lesiones-personales-en-new-paris-ohio\\\/accidentes-de-motocicleta-en-new-paris-ohio\\\/\",\"name\":\"Accidentes de motocicleta en New Paris | Abogados de Kruger & Hodges\",\"isPartOf\":{\"@id\":\"https:\\\/\\\/thehometownlawyers.com\\\/es\\\/#website\"},\"primaryImageOfPage\":{\"@id\":\"https:\\\/\\\/thehometownlawyers.com\\\/es\\\/lesiones-personales-en-new-paris-ohio\\\/accidentes-de-motocicleta-en-new-paris-ohio\\\/#primaryimage\"},\"image\":{\"@id\":\"https:\\\/\\\/thehometownlawyers.com\\\/es\\\/lesiones-personales-en-new-paris-ohio\\\/accidentes-de-motocicleta-en-new-paris-ohio\\\/#primaryimage\"},\"thumbnailUrl\":\"https:\\\/\\\/thehometownlawyers.com\\\/wp-content\\\/uploads\\\/2025\\\/03\\\/new-paris-motorcycle-accident-lawyer.jpg\",\"datePublished\":\"2022-01-05T01:39:22+00:00\",\"dateModified\":\"2025-02-03T14:51:56+00:00\",\"description\":\"Un abogado con conocimientos sobre accidentes de motocicleta en New Paris lo ayudar\u00e1 a obtener la compensaci\u00f3n que merece por sus lesiones.\",\"breadcrumb\":{\"@id\":\"https:\\\/\\\/thehometownlawyers.com\\\/es\\\/lesiones-personales-en-new-paris-ohio\\\/accidentes-de-motocicleta-en-new-paris-ohio\\\/#breadcrumb\"},\"inLanguage\":\"es\",\"potentialAction\":[{\"@type\":\"ReadAction\",\"target\":[\"https:\\\/\\\/thehometownlawyers.com\\\/es\\\/lesiones-personales-en-new-paris-ohio\\\/accidentes-de-motocicleta-en-new-paris-ohio\\\/\"]}]},{\"@type\":\"ImageObject\",\"inLanguage\":\"es\",\"@id\":\"https:\\\/\\\/thehometownlawyers.com\\\/es\\\/lesiones-personales-en-new-paris-ohio\\\/accidentes-de-motocicleta-en-new-paris-ohio\\\/#primaryimage\",\"url\":\"https:\\\/\\\/thehometownlawyers.com\\\/wp-content\\\/uploads\\\/2025\\\/03\\\/new-paris-motorcycle-accident-lawyer.jpg\",\"contentUrl\":\"https:\\\/\\\/thehometownlawyers.com\\\/wp-content\\\/uploads\\\/2025\\\/03\\\/new-paris-motorcycle-accident-lawyer.jpg\",\"width\":1000,\"height\":667,\"caption\":\"Man in a Motorcycle with gloves is an important protective clothing for motorcycling throttle control, safety concept.\"},{\"@type\":\"BreadcrumbList\",\"@id\":\"https:\\\/\\\/thehometownlawyers.com\\\/es\\\/lesiones-personales-en-new-paris-ohio\\\/accidentes-de-motocicleta-en-new-paris-ohio\\\/#breadcrumb\",\"itemListElement\":[{\"@type\":\"ListItem\",\"position\":1,\"name\":\"Home\",\"item\":\"https:\\\/\\\/thehometownlawyers.com\\\/es\\\/\"},{\"@type\":\"ListItem\",\"position\":2,\"name\":\"Abogado de Lesiones Personales en New Paris\",\"item\":\"https:\\\/\\\/thehometownlawyers.com\\\/es\\\/lesiones-personales-en-new-paris-ohio\\\/\"},{\"@type\":\"ListItem\",\"position\":3,\"name\":\"Abogado de Accidente de Motocicleta en New Paris\"}]},{\"@type\":\"WebSite\",\"@id\":\"https:\\\/\\\/thehometownlawyers.com\\\/es\\\/#website\",\"url\":\"https:\\\/\\\/thehometownlawyers.com\\\/es\\\/\",\"name\":\"Kruger & Hodges Hometown Injury Lawyers | Accident Attorneys\",\"description\":\"Attorneys for Car, Truck and Motorcycle Accidents, Personal Injuries, and Criminal Defense.\",\"publisher\":{\"@id\":\"https:\\\/\\\/thehometownlawyers.com\\\/es\\\/#organization\"},\"alternateName\":\"Kruger & Hodges Personal Injury Lawyers\",\"inLanguage\":\"es\"},{\"@type\":\"Organization\",\"@id\":\"https:\\\/\\\/thehometownlawyers.com\\\/es\\\/#organization\",\"name\":\"Kruger & Hodges Hometown Injury Lawyers\",\"alternateName\":\"Kruger & Hodges\",\"url\":\"https:\\\/\\\/thehometownlawyers.com\\\/es\\\/\",\"logo\":{\"@type\":\"ImageObject\",\"inLanguage\":\"es\",\"@id\":\"https:\\\/\\\/thehometownlawyers.com\\\/es\\\/#\\\/schema\\\/logo\\\/image\\\/\",\"url\":\"https:\\\/\\\/thehometownlawyers.com\\\/wp-content\\\/uploads\\\/2025\\\/12\\\/revised-kh-logo-vertical-white-background-scaled.png\",\"contentUrl\":\"https:\\\/\\\/thehometownlawyers.com\\\/wp-content\\\/uploads\\\/2025\\\/12\\\/revised-kh-logo-vertical-white-background-scaled.png\",\"width\":2560,\"height\":1440,\"caption\":\"Kruger & Hodges Hometown Injury Lawyers\"},\"image\":{\"@id\":\"https:\\\/\\\/thehometownlawyers.com\\\/es\\\/#\\\/schema\\\/logo\\\/image\\\/\"},\"sameAs\":[\"https:\\\/\\\/www.facebook.com\\\/KrugerHodges\\\/\",\"https:\\\/\\\/www.instagram.com\\\/krugerhodges\\\/\",\"https:\\\/\\\/www.linkedin.com\\\/company\\\/kruger-hodges-hometown-injury-lawyers\\\/\",\"https:\\\/\\\/www.youtube.com\\\/channel\\\/UCeYcMaMaN2rb9jMlqt4EIdQ\",\"https:\\\/\\\/www.tiktok.com\\\/@thehometownlawyer\"]}]}<\/script>\n<!-- \/ Yoast SEO plugin. -->","yoast_head_json":{"title":"Accidentes de motocicleta en New Paris | Abogados de Kruger & Hodges","description":"Un abogado con conocimientos sobre accidentes de motocicleta en New Paris lo ayudar\u00e1 a obtener la compensaci\u00f3n que merece por sus lesiones.","robots":{"index":"index","follow":"follow","max-snippet":"max-snippet:-1","max-image-preview":"max-image-preview:large","max-video-preview":"max-video-preview:-1"},"canonical":"https:\/\/thehometownlawyers.com\/es\/lesiones-personales-en-new-paris-ohio\/accidentes-de-motocicleta-en-new-paris-ohio\/","og_locale":"es_MX","og_type":"article","og_title":"Accidentes de motocicleta en New Paris | Abogados de Kruger & Hodges","og_description":"Un abogado con conocimientos sobre accidentes de motocicleta en New Paris lo ayudar\u00e1 a obtener la compensaci\u00f3n que merece por sus lesiones.","og_url":"https:\/\/thehometownlawyers.com\/es\/lesiones-personales-en-new-paris-ohio\/accidentes-de-motocicleta-en-new-paris-ohio\/","og_site_name":"Kruger &amp; Hodges Abogados De Lesiones","article_publisher":"https:\/\/www.facebook.com\/KrugerHodges\/","article_modified_time":"2025-02-03T14:51:56+00:00","og_image":[{"width":415,"height":306,"url":"https:\/\/thehometownlawyers.com\/wp-content\/uploads\/2021\/04\/service-1.png","type":"image\/png"}],"twitter_card":"summary_large_image","twitter_misc":{"Tiempo de lectura":"5 minutos"},"schema":{"@context":"https:\/\/schema.org","@graph":[{"@type":"WebPage","@id":"https:\/\/thehometownlawyers.com\/es\/lesiones-personales-en-new-paris-ohio\/accidentes-de-motocicleta-en-new-paris-ohio\/","url":"https:\/\/thehometownlawyers.com\/es\/lesiones-personales-en-new-paris-ohio\/accidentes-de-motocicleta-en-new-paris-ohio\/","name":"Accidentes de motocicleta en New Paris | Abogados de Kruger & Hodges","isPartOf":{"@id":"https:\/\/thehometownlawyers.com\/es\/#website"},"primaryImageOfPage":{"@id":"https:\/\/thehometownlawyers.com\/es\/lesiones-personales-en-new-paris-ohio\/accidentes-de-motocicleta-en-new-paris-ohio\/#primaryimage"},"image":{"@id":"https:\/\/thehometownlawyers.com\/es\/lesiones-personales-en-new-paris-ohio\/accidentes-de-motocicleta-en-new-paris-ohio\/#primaryimage"},"thumbnailUrl":"https:\/\/thehometownlawyers.com\/wp-content\/uploads\/2025\/03\/new-paris-motorcycle-accident-lawyer.jpg","datePublished":"2022-01-05T01:39:22+00:00","dateModified":"2025-02-03T14:51:56+00:00","description":"Un abogado con conocimientos sobre accidentes de motocicleta en New Paris lo ayudar\u00e1 a obtener la compensaci\u00f3n que merece por sus lesiones.","breadcrumb":{"@id":"https:\/\/thehometownlawyers.com\/es\/lesiones-personales-en-new-paris-ohio\/accidentes-de-motocicleta-en-new-paris-ohio\/#breadcrumb"},"inLanguage":"es","potentialAction":[{"@type":"ReadAction","target":["https:\/\/thehometownlawyers.com\/es\/lesiones-personales-en-new-paris-ohio\/accidentes-de-motocicleta-en-new-paris-ohio\/"]}]},{"@type":"ImageObject","inLanguage":"es","@id":"https:\/\/thehometownlawyers.com\/es\/lesiones-personales-en-new-paris-ohio\/accidentes-de-motocicleta-en-new-paris-ohio\/#primaryimage","url":"https:\/\/thehometownlawyers.com\/wp-content\/uploads\/2025\/03\/new-paris-motorcycle-accident-lawyer.jpg","contentUrl":"https:\/\/thehometownlawyers.com\/wp-content\/uploads\/2025\/03\/new-paris-motorcycle-accident-lawyer.jpg","width":1000,"height":667,"caption":"Man in a Motorcycle with gloves is an important protective clothing for motorcycling throttle control, safety concept."},{"@type":"BreadcrumbList","@id":"https:\/\/thehometownlawyers.com\/es\/lesiones-personales-en-new-paris-ohio\/accidentes-de-motocicleta-en-new-paris-ohio\/#breadcrumb","itemListElement":[{"@type":"ListItem","position":1,"name":"Home","item":"https:\/\/thehometownlawyers.com\/es\/"},{"@type":"ListItem","position":2,"name":"Abogado de Lesiones Personales en New Paris","item":"https:\/\/thehometownlawyers.com\/es\/lesiones-personales-en-new-paris-ohio\/"},{"@type":"ListItem","position":3,"name":"Abogado de Accidente de Motocicleta en New Paris"}]},{"@type":"WebSite","@id":"https:\/\/thehometownlawyers.com\/es\/#website","url":"https:\/\/thehometownlawyers.com\/es\/","name":"Kruger & Hodges Hometown Injury Lawyers | Accident Attorneys","description":"Attorneys for Car, Truck and Motorcycle Accidents, Personal Injuries, and Criminal Defense.","publisher":{"@id":"https:\/\/thehometownlawyers.com\/es\/#organization"},"alternateName":"Kruger & Hodges Personal Injury Lawyers","inLanguage":"es"},{"@type":"Organization","@id":"https:\/\/thehometownlawyers.com\/es\/#organization","name":"Kruger & Hodges Hometown Injury Lawyers","alternateName":"Kruger & Hodges","url":"https:\/\/thehometownlawyers.com\/es\/","logo":{"@type":"ImageObject","inLanguage":"es","@id":"https:\/\/thehometownlawyers.com\/es\/#\/schema\/logo\/image\/","url":"https:\/\/thehometownlawyers.com\/wp-content\/uploads\/2025\/12\/revised-kh-logo-vertical-white-background-scaled.png","contentUrl":"https:\/\/thehometownlawyers.com\/wp-content\/uploads\/2025\/12\/revised-kh-logo-vertical-white-background-scaled.png","width":2560,"height":1440,"caption":"Kruger & Hodges Hometown Injury Lawyers"},"image":{"@id":"https:\/\/thehometownlawyers.com\/es\/#\/schema\/logo\/image\/"},"sameAs":["https:\/\/www.facebook.com\/KrugerHodges\/","https:\/\/www.instagram.com\/krugerhodges\/","https:\/\/www.linkedin.com\/company\/kruger-hodges-hometown-injury-lawyers\/","https:\/\/www.youtube.com\/channel\/UCeYcMaMaN2rb9jMlqt4EIdQ","https:\/\/www.tiktok.com\/@thehometownlawyer"]}]}},"_links":{"self":[{"href":"https:\/\/thehometownlawyers.com\/es\/wp-json\/wp\/v2\/pages\/21148","targetHints":{"allow":["GET"]}}],"collection":[{"href":"https:\/\/thehometownlawyers.com\/es\/wp-json\/wp\/v2\/pages"}],"about":[{"href":"https:\/\/thehometownlawyers.com\/es\/wp-json\/wp\/v2\/types\/page"}],"author":[{"embeddable":true,"href":"https:\/\/thehometownlawyers.com\/es\/wp-json\/wp\/v2\/users\/7"}],"replies":[{"embeddable":true,"href":"https:\/\/thehometownlawyers.com\/es\/wp-json\/wp\/v2\/comments?post=21148"}],"version-history":[{"count":0,"href":"https:\/\/thehometownlawyers.com\/es\/wp-json\/wp\/v2\/pages\/21148\/revisions"}],"up":[{"embeddable":true,"href":"https:\/\/thehometownlawyers.com\/es\/wp-json\/wp\/v2\/pages\/21138"}],"wp:featuredmedia":[{"embeddable":true,"href":"https:\/\/thehometownlawyers.com\/es\/wp-json\/wp\/v2\/media\/24474"}],"wp:attachment":[{"href":"https:\/\/thehometownlawyers.com\/es\/wp-json\/wp\/v2\/media?parent=21148"}],"wp:term":[{"taxonomy":"hc_faqs","embeddable":true,"href":"https:\/\/thehometownlawyers.com\/es\/wp-json\/wp\/v2\/hc_faqs?post=21148"},{"taxonomy":"hc_spanish_faqs","embeddable":true,"href":"https:\/\/thehometownlawyers.com\/es\/wp-json\/wp\/v2\/hc_spanish_faqs?post=21148"}],"curies":[{"name":"wp","href":"https:\/\/api.w.org\/{rel}","templated":true}]}}