{"id":21150,"date":"2021-12-27T21:22:16","date_gmt":"2021-12-28T02:22:16","guid":{"rendered":"https:\/\/thehometownlawyers.com\/?page_id=21150"},"modified":"2025-01-31T10:47:56","modified_gmt":"2025-01-31T15:47:56","slug":"abogados-de-accidentes-de-camiones-en-lewisburg-ohio","status":"publish","type":"page","link":"https:\/\/thehometownlawyers.com\/es\/abogados-de-lesiones-personales-en-lewisburg-ohio\/abogados-de-accidentes-de-camiones-en-lewisburg-ohio\/","title":{"rendered":"Abogado de Accidente de Cami\u00f3n en Lewisburg"},"content":{"rendered":"<h2>Abogados de accidentes de camiones en Lewisburg, Ohio<\/h2>\n<p>Los camiones son esenciales para nuestra econom\u00eda. Llevan mercanc\u00edas y paquetes que mantienen a nuestro pa\u00eds en marcha. Aunque los camiones son necesarios, pueden ser peligrosos en la carretera. Los camiones son grandes y pesados y pueden pesar hasta 80,000 libras, por lo que cuando chocan con un veh\u00edculo, los da\u00f1os y las lesiones pueden ser extensos. Lewisburg es una comunidad peque\u00f1a, pero tenemos acceso a carreteras frecuentadas por camiones grandes. Los camiones comerciales a veces se denominan semirremolques o remolques de tractores. Los accidentes de camiones en Lewisburg, Ohio, pueden ocurrir y ocurren, y cuando ocurren, resultan en lesiones graves o muertes. Los abogados de accidentes de camiones en Lewisburg lo ayudar\u00e1n a obtener una compensaci\u00f3n por sus lesiones causadas por un conductor de cami\u00f3n negligente.<\/p>\n<p class=\"rs-content-cta rs-content-cta-small\">Para una consulta legal gratuita, llame al <a href=\"tel:+15138943333\">513-894-3333 <\/a><\/p><h2>Accidentes de camiones en Lewisburg, Ohio<\/h2>\n<p>Lewisburg en s\u00ed no es muy grande, pero tiene una buena cantidad de camiones debido a la proximidad de las principales autopistas. Los camiones viajan a menudo por la Interestatal 70, la Interestatal 71 y la Interestatal 75, que son parte de nuestra comunidad. Adem\u00e1s de las carreteras interestatales, tambi\u00e9n hay varias carreteras estatales, incluidas Ohio 503, US 40 y US 127, todas ubicadas en las cercan\u00edas. Esto significa que cuando viaja por nuestro condado, es probable que comparta la carretera con camiones. Existe la posibilidad de tener un accidente de cami\u00f3n en Lewisburg, Ohio. Siempre es importante conducir a la defensiva, pero no importa cu\u00e1n cuidadoso sea, podr\u00eda tener un accidente que no sea su culpa.<\/p>\n<p class=\"rs-content-cta\">Abogado de Lesiones Personales de Lewisburg Cerca de M\u00ed <a href=\"tel:+15138943333\">513-894-3333<\/a><\/p><h2>\u00bfQu\u00e9 causa los accidentes de camiones?<\/h2>\n<p>Los accidentes de camiones pueden ser complejos. La <a href=\"https:\/\/www.fmcsa.dot.gov\/safety\/research-and-analysis\/large-truck-crash-causation-study-analysis-brief\" target=\"_blank\" rel=\"noopener\">Asociaci\u00f3n Federal de Autotransportistas<\/a> (FMCSA) complet\u00f3 un estudio para determinar las causas de los accidentes de camiones. Observaron una variedad de cosas que podr\u00edan causar o contribuir a los accidentes de camiones y los clasificaron en tres categor\u00edas principales. Estas categor\u00edas principales son el controlador, el equipo y el medio ambiente. Los factores del conductor son las causas m\u00e1s comunes de accidentes de camiones. Los factores impulsores se clasifican en estas categor\u00edas:<\/p>\n<ul>\n<li>incumplimiento<\/li>\n<li>Reconocimiento<\/li>\n<li>Decisi\u00f3n<\/li>\n<li>Rendimiento<\/li>\n<\/ul>\n<p>El incumplimiento significa que el conductor no hizo algo necesario y puede haberse quedado dormido o haber sufrido una condici\u00f3n m\u00e9dica que no le permiti\u00f3 actuar. El reconocimiento es probablemente el m\u00e1s com\u00fan y ocurre cuando el conductor no presta atenci\u00f3n o est\u00e1 distra\u00eddo. Un conductor puede no tomar la decisi\u00f3n correcta mientras conduce, causando un accidente. Por ejemplo, el conductor puede estar acelerando. El rendimiento generalmente se refiere a los errores que comete el conductor, como corregir en exceso. La inexperiencia puede ser responsable de cuestiones de bajo rendimiento.<\/p>\n<p class=\"rs-content-cta rs-content-cta-small\"><a href=\"\/es\/contacto\/\">Haga clic para contactar<\/a> con nuestros lesiones personales abogados hoy<\/p><h2>Tipos de Accidentes<\/h2>\n<p>Hay muchos tipos de accidentes de camiones en Lewisburg, Ohio. Los accidentes pueden ocurrir en las intersecciones, al girar, al cambiar de carril o al viajar por la carretera. Algunos de los tipos de accidentes de camiones son:<\/p>\n<ul>\n<li>Colisiones traseras<\/li>\n<li>De frente<\/li>\n<li>Impacto lateral<\/li>\n<li>chulet\u00f3n<\/li>\n<li>Accidentes de Carretera<\/li>\n<\/ul>\n<p>Es importante tener en cuenta que los camiones tardan m\u00e1s en reducir la velocidad y detenerse que otros veh\u00edculos m\u00e1s peque\u00f1os. Esto puede resultar en colisiones graves, especialmente en la carretera. Los camiones que no reducen la velocidad o se detienen cuando se encuentran con atascos de tr\u00e1fico pueden causar colisiones traseras y choques en cadena. Cuando la carga de un cami\u00f3n se mueve, como puede ocurrir si la carga no est\u00e1 debidamente asegurada, el conductor tiene que responder r\u00e1pidamente o el cami\u00f3n podr\u00eda volcarse o perder el control. Los cambios de carril incorrectos pueden provocar accidentes cuando el conductor del cami\u00f3n no puede ver otros veh\u00edculos en el \u00e1rea.<\/p>\n<p class=\"rs-content-cta rs-content-cta-small\">Complete una <a href=\"\/es\/contacto\/\">evaluaci\u00f3n gratuita de su caso<\/a> ahora<\/p><h2>Negligencia en Accidentes de Camiones<\/h2>\n<p>Ohio es un estado que requiere que el conductor culpable pague los da\u00f1os del accidente. Por lo tanto, deber\u00e1 demostrar que el conductor del cami\u00f3n tuvo la culpa del accidente. Ohio usa <a href=\"https:\/\/insurance.ohio.gov\/wps\/portal\/gov\/odi\/consumers\/automobile\/comparative-negligence#:~:text=In%201980%2C%20Ohio%20became%20the,enact%20a%20comparative%20negligence%20law.&amp;text=In%20Ohio%2C%20if%20a%20party,involving%20a%20home%20or%20business.\" target=\"_blank\" rel=\"noopener\">negligencia comparativa<\/a> , lo que significa que usted puede recuperar da\u00f1os incluso si tiene parte de la culpa. Para probar negligencia, debe demostrar que el otro conductor hizo algo mal para causar el choque. Los accidentes de camiones en Lewisburg, Ohio y en otros lugares pueden ser complejos porque hay muchos factores que pueden causar o contribuir a los accidentes. Es fundamental recopilar evidencia r\u00e1pidamente tan pronto como sea posible despu\u00e9s del accidente. Los registros del conductor del cami\u00f3n y los registros de mantenimiento pueden ser necesarios para probar su reclamo en un caso de accidente de cami\u00f3n. Los abogados con experiencia en accidentes de camiones entienden c\u00f3mo recopilar los datos necesarios para probar su caso.<\/p>\n<h2>\u00bfNecesita compensaci\u00f3n? Los abogados de accidentes de camiones en Lewisburg, Ohio pueden ayudar<\/h2>\n<p>Puede experimentar grandes p\u00e9rdidas como resultado de sus lesiones en un accidente de cami\u00f3n. Las facturas del hospital pueden acumularse r\u00e1pidamente y los da\u00f1os pueden ser astron\u00f3micos. La parte responsable debe pagar por sus da\u00f1os, que pueden incluir gastos m\u00e9dicos, costos de medicamentos, facturas m\u00e9dicas futuras, gastos de rehabilitaci\u00f3n, salarios perdidos, dolor y sufrimiento, y m\u00e1s. Los abogados expertos en accidentes de camiones en Lewisburg, Ohio, trabajar\u00e1n para obtener la compensaci\u00f3n que merece por sus lesiones. No se conforme con menos de lo que necesita despu\u00e9s de un grave accidente de cami\u00f3n. P\u00f3ngase en contacto con nuestro equipo legal con la experiencia para manejar su reclamo. Ll\u00e1menos hoy a <a href=\"https:\/\/thehometownlawyers.com\/es\/contacto\/\">Kruger &amp; Hodges<\/a> al (937) 733-6079 para una consulta inicial gratuita.<\/p>\n<p class=\"rs-content-cta rs-content-cta-small\">Llame o env\u00ede un mensaje de texto al <a href=\"tel:+15138943333\">513-894-3333<\/a> o complete una <a href=\"\/es\/contacto\/\">evaluaci\u00f3n gratuita de su caso<\/a><\/p>","protected":false},"excerpt":{"rendered":"<p>Abogados de accidentes de camiones en Lewisburg, Ohio Los camiones son esenciales para nuestra econom\u00eda. Llevan mercanc\u00edas y paquetes que mantienen a nuestro pa\u00eds en marcha. Aunque los camiones son necesarios, pueden ser peligrosos en la carretera. Los camiones son grandes y pesados y pueden pesar hasta 80,000 libras, por lo que cuando chocan con &#8230;<\/p>\n","protected":false},"author":7,"featured_media":20857,"parent":21155,"menu_order":0,"comment_status":"closed","ping_status":"closed","template":"","meta":{"_acf_changed":false,"inline_featured_image":false,"_genesis_hide_title":false,"_genesis_hide_breadcrumbs":false,"_genesis_hide_singular_image":false,"_genesis_hide_footer_widgets":false,"_genesis_custom_body_class":"","_genesis_custom_post_class":"","_genesis_layout":"","footnotes":""},"hc_faqs":[],"hc_spanish_faqs":[],"class_list":{"0":"post-21150","1":"page","2":"type-page","3":"status-publish","4":"has-post-thumbnail","6":"hc_city_location-lewisburg-es","7":"entry"},"acf":[],"yoast_head":"<!-- This site is optimized with the Yoast SEO plugin v27.3 - https:\/\/yoast.com\/product\/yoast-seo-wordpress\/ -->\n<title>Abogados de Accidentes de Camiones en Lewisburg Ohio: Consulta gratuita<\/title>\n<meta name=\"description\" content=\"Los abogados de accidentes de camiones en Lewisburg lo ayudar\u00e1n a obtener una compensaci\u00f3n por sus lesiones causadas por un conductor de cami\u00f3n negligente.\" \/>\n<meta name=\"robots\" content=\"index, follow, max-snippet:-1, max-image-preview:large, max-video-preview:-1\" \/>\n<link rel=\"canonical\" href=\"https:\/\/thehometownlawyers.com\/es\/abogados-de-lesiones-personales-en-lewisburg-ohio\/abogados-de-accidentes-de-camiones-en-lewisburg-ohio\/\" \/>\n<meta property=\"og:locale\" content=\"es_MX\" \/>\n<meta property=\"og:type\" content=\"article\" \/>\n<meta property=\"og:title\" content=\"Abogados de Accidentes de Camiones en Lewisburg Ohio: Consulta gratuita\" \/>\n<meta property=\"og:description\" content=\"Los abogados de accidentes de camiones en Lewisburg lo ayudar\u00e1n a obtener una compensaci\u00f3n por sus lesiones causadas por un conductor de cami\u00f3n negligente.\" \/>\n<meta property=\"og:url\" content=\"https:\/\/thehometownlawyers.com\/es\/abogados-de-lesiones-personales-en-lewisburg-ohio\/abogados-de-accidentes-de-camiones-en-lewisburg-ohio\/\" \/>\n<meta property=\"og:site_name\" content=\"Kruger &amp; Hodges Abogados De Lesiones\" \/>\n<meta property=\"article:publisher\" content=\"https:\/\/www.facebook.com\/KrugerHodges\/\" \/>\n<meta property=\"article:modified_time\" content=\"2025-01-31T15:47:56+00:00\" \/>\n<meta property=\"og:image\" content=\"https:\/\/thehometownlawyers.com\/wp-content\/uploads\/2021\/09\/wrecked-truck-field.jpg\" \/>\n\t<meta property=\"og:image:width\" content=\"1920\" \/>\n\t<meta property=\"og:image:height\" content=\"1080\" \/>\n\t<meta property=\"og:image:type\" content=\"image\/jpeg\" \/>\n<meta name=\"twitter:card\" content=\"summary_large_image\" \/>\n<meta name=\"twitter:label1\" content=\"Tiempo de lectura\" \/>\n\t<meta name=\"twitter:data1\" content=\"5 minutos\" \/>\n<script type=\"application\/ld+json\" class=\"yoast-schema-graph\">{\"@context\":\"https:\\\/\\\/schema.org\",\"@graph\":[{\"@type\":\"WebPage\",\"@id\":\"https:\\\/\\\/thehometownlawyers.com\\\/es\\\/abogados-de-lesiones-personales-en-lewisburg-ohio\\\/abogados-de-accidentes-de-camiones-en-lewisburg-ohio\\\/\",\"url\":\"https:\\\/\\\/thehometownlawyers.com\\\/es\\\/abogados-de-lesiones-personales-en-lewisburg-ohio\\\/abogados-de-accidentes-de-camiones-en-lewisburg-ohio\\\/\",\"name\":\"Abogados de Accidentes de Camiones en Lewisburg Ohio: Consulta gratuita\",\"isPartOf\":{\"@id\":\"https:\\\/\\\/thehometownlawyers.com\\\/es\\\/#website\"},\"primaryImageOfPage\":{\"@id\":\"https:\\\/\\\/thehometownlawyers.com\\\/es\\\/abogados-de-lesiones-personales-en-lewisburg-ohio\\\/abogados-de-accidentes-de-camiones-en-lewisburg-ohio\\\/#primaryimage\"},\"image\":{\"@id\":\"https:\\\/\\\/thehometownlawyers.com\\\/es\\\/abogados-de-lesiones-personales-en-lewisburg-ohio\\\/abogados-de-accidentes-de-camiones-en-lewisburg-ohio\\\/#primaryimage\"},\"thumbnailUrl\":\"https:\\\/\\\/thehometownlawyers.com\\\/wp-content\\\/uploads\\\/2021\\\/09\\\/wrecked-truck-field.jpg\",\"datePublished\":\"2021-12-28T02:22:16+00:00\",\"dateModified\":\"2025-01-31T15:47:56+00:00\",\"description\":\"Los abogados de accidentes de camiones en Lewisburg lo ayudar\u00e1n a obtener una compensaci\u00f3n por sus lesiones causadas por un conductor de cami\u00f3n negligente.\",\"breadcrumb\":{\"@id\":\"https:\\\/\\\/thehometownlawyers.com\\\/es\\\/abogados-de-lesiones-personales-en-lewisburg-ohio\\\/abogados-de-accidentes-de-camiones-en-lewisburg-ohio\\\/#breadcrumb\"},\"inLanguage\":\"es\",\"potentialAction\":[{\"@type\":\"ReadAction\",\"target\":[\"https:\\\/\\\/thehometownlawyers.com\\\/es\\\/abogados-de-lesiones-personales-en-lewisburg-ohio\\\/abogados-de-accidentes-de-camiones-en-lewisburg-ohio\\\/\"]}]},{\"@type\":\"ImageObject\",\"inLanguage\":\"es\",\"@id\":\"https:\\\/\\\/thehometownlawyers.com\\\/es\\\/abogados-de-lesiones-personales-en-lewisburg-ohio\\\/abogados-de-accidentes-de-camiones-en-lewisburg-ohio\\\/#primaryimage\",\"url\":\"https:\\\/\\\/thehometownlawyers.com\\\/wp-content\\\/uploads\\\/2021\\\/09\\\/wrecked-truck-field.jpg\",\"contentUrl\":\"https:\\\/\\\/thehometownlawyers.com\\\/wp-content\\\/uploads\\\/2021\\\/09\\\/wrecked-truck-field.jpg\",\"width\":1920,\"height\":1080,\"caption\":\"accidentes de camiones en ohio\"},{\"@type\":\"BreadcrumbList\",\"@id\":\"https:\\\/\\\/thehometownlawyers.com\\\/es\\\/abogados-de-lesiones-personales-en-lewisburg-ohio\\\/abogados-de-accidentes-de-camiones-en-lewisburg-ohio\\\/#breadcrumb\",\"itemListElement\":[{\"@type\":\"ListItem\",\"position\":1,\"name\":\"Home\",\"item\":\"https:\\\/\\\/thehometownlawyers.com\\\/es\\\/\"},{\"@type\":\"ListItem\",\"position\":2,\"name\":\"Abogado de Lesiones Personales en Lewisburg\",\"item\":\"https:\\\/\\\/thehometownlawyers.com\\\/es\\\/lewisburg\\\/personal-injury-lawyer\\\/\"},{\"@type\":\"ListItem\",\"position\":3,\"name\":\"Abogado de Accidente de Cami\u00f3n en Lewisburg\"}]},{\"@type\":\"WebSite\",\"@id\":\"https:\\\/\\\/thehometownlawyers.com\\\/es\\\/#website\",\"url\":\"https:\\\/\\\/thehometownlawyers.com\\\/es\\\/\",\"name\":\"Kruger & Hodges Hometown Injury Lawyers | Accident Attorneys\",\"description\":\"Attorneys for Car, Truck and Motorcycle Accidents, Personal Injuries, and Criminal Defense.\",\"publisher\":{\"@id\":\"https:\\\/\\\/thehometownlawyers.com\\\/es\\\/#organization\"},\"alternateName\":\"Kruger & Hodges Personal Injury Lawyers\",\"inLanguage\":\"es\"},{\"@type\":\"Organization\",\"@id\":\"https:\\\/\\\/thehometownlawyers.com\\\/es\\\/#organization\",\"name\":\"Kruger & Hodges Hometown Injury Lawyers\",\"alternateName\":\"Kruger & Hodges\",\"url\":\"https:\\\/\\\/thehometownlawyers.com\\\/es\\\/\",\"logo\":{\"@type\":\"ImageObject\",\"inLanguage\":\"es\",\"@id\":\"https:\\\/\\\/thehometownlawyers.com\\\/es\\\/#\\\/schema\\\/logo\\\/image\\\/\",\"url\":\"https:\\\/\\\/thehometownlawyers.com\\\/wp-content\\\/uploads\\\/2025\\\/12\\\/revised-kh-logo-vertical-white-background-scaled.png\",\"contentUrl\":\"https:\\\/\\\/thehometownlawyers.com\\\/wp-content\\\/uploads\\\/2025\\\/12\\\/revised-kh-logo-vertical-white-background-scaled.png\",\"width\":2560,\"height\":1440,\"caption\":\"Kruger & Hodges Hometown Injury Lawyers\"},\"image\":{\"@id\":\"https:\\\/\\\/thehometownlawyers.com\\\/es\\\/#\\\/schema\\\/logo\\\/image\\\/\"},\"sameAs\":[\"https:\\\/\\\/www.facebook.com\\\/KrugerHodges\\\/\",\"https:\\\/\\\/www.instagram.com\\\/krugerhodges\\\/\",\"https:\\\/\\\/www.linkedin.com\\\/company\\\/kruger-hodges-hometown-injury-lawyers\\\/\",\"https:\\\/\\\/www.youtube.com\\\/channel\\\/UCeYcMaMaN2rb9jMlqt4EIdQ\",\"https:\\\/\\\/www.tiktok.com\\\/@thehometownlawyer\"]}]}<\/script>\n<!-- \/ Yoast SEO plugin. -->","yoast_head_json":{"title":"Abogados de Accidentes de Camiones en Lewisburg Ohio: Consulta gratuita","description":"Los abogados de accidentes de camiones en Lewisburg lo ayudar\u00e1n a obtener una compensaci\u00f3n por sus lesiones causadas por un conductor de cami\u00f3n negligente.","robots":{"index":"index","follow":"follow","max-snippet":"max-snippet:-1","max-image-preview":"max-image-preview:large","max-video-preview":"max-video-preview:-1"},"canonical":"https:\/\/thehometownlawyers.com\/es\/abogados-de-lesiones-personales-en-lewisburg-ohio\/abogados-de-accidentes-de-camiones-en-lewisburg-ohio\/","og_locale":"es_MX","og_type":"article","og_title":"Abogados de Accidentes de Camiones en Lewisburg Ohio: Consulta gratuita","og_description":"Los abogados de accidentes de camiones en Lewisburg lo ayudar\u00e1n a obtener una compensaci\u00f3n por sus lesiones causadas por un conductor de cami\u00f3n negligente.","og_url":"https:\/\/thehometownlawyers.com\/es\/abogados-de-lesiones-personales-en-lewisburg-ohio\/abogados-de-accidentes-de-camiones-en-lewisburg-ohio\/","og_site_name":"Kruger &amp; Hodges Abogados De Lesiones","article_publisher":"https:\/\/www.facebook.com\/KrugerHodges\/","article_modified_time":"2025-01-31T15:47:56+00:00","og_image":[{"width":1920,"height":1080,"url":"https:\/\/thehometownlawyers.com\/wp-content\/uploads\/2021\/09\/wrecked-truck-field.jpg","type":"image\/jpeg"}],"twitter_card":"summary_large_image","twitter_misc":{"Tiempo de lectura":"5 minutos"},"schema":{"@context":"https:\/\/schema.org","@graph":[{"@type":"WebPage","@id":"https:\/\/thehometownlawyers.com\/es\/abogados-de-lesiones-personales-en-lewisburg-ohio\/abogados-de-accidentes-de-camiones-en-lewisburg-ohio\/","url":"https:\/\/thehometownlawyers.com\/es\/abogados-de-lesiones-personales-en-lewisburg-ohio\/abogados-de-accidentes-de-camiones-en-lewisburg-ohio\/","name":"Abogados de Accidentes de Camiones en Lewisburg Ohio: Consulta gratuita","isPartOf":{"@id":"https:\/\/thehometownlawyers.com\/es\/#website"},"primaryImageOfPage":{"@id":"https:\/\/thehometownlawyers.com\/es\/abogados-de-lesiones-personales-en-lewisburg-ohio\/abogados-de-accidentes-de-camiones-en-lewisburg-ohio\/#primaryimage"},"image":{"@id":"https:\/\/thehometownlawyers.com\/es\/abogados-de-lesiones-personales-en-lewisburg-ohio\/abogados-de-accidentes-de-camiones-en-lewisburg-ohio\/#primaryimage"},"thumbnailUrl":"https:\/\/thehometownlawyers.com\/wp-content\/uploads\/2021\/09\/wrecked-truck-field.jpg","datePublished":"2021-12-28T02:22:16+00:00","dateModified":"2025-01-31T15:47:56+00:00","description":"Los abogados de accidentes de camiones en Lewisburg lo ayudar\u00e1n a obtener una compensaci\u00f3n por sus lesiones causadas por un conductor de cami\u00f3n negligente.","breadcrumb":{"@id":"https:\/\/thehometownlawyers.com\/es\/abogados-de-lesiones-personales-en-lewisburg-ohio\/abogados-de-accidentes-de-camiones-en-lewisburg-ohio\/#breadcrumb"},"inLanguage":"es","potentialAction":[{"@type":"ReadAction","target":["https:\/\/thehometownlawyers.com\/es\/abogados-de-lesiones-personales-en-lewisburg-ohio\/abogados-de-accidentes-de-camiones-en-lewisburg-ohio\/"]}]},{"@type":"ImageObject","inLanguage":"es","@id":"https:\/\/thehometownlawyers.com\/es\/abogados-de-lesiones-personales-en-lewisburg-ohio\/abogados-de-accidentes-de-camiones-en-lewisburg-ohio\/#primaryimage","url":"https:\/\/thehometownlawyers.com\/wp-content\/uploads\/2021\/09\/wrecked-truck-field.jpg","contentUrl":"https:\/\/thehometownlawyers.com\/wp-content\/uploads\/2021\/09\/wrecked-truck-field.jpg","width":1920,"height":1080,"caption":"accidentes de camiones en ohio"},{"@type":"BreadcrumbList","@id":"https:\/\/thehometownlawyers.com\/es\/abogados-de-lesiones-personales-en-lewisburg-ohio\/abogados-de-accidentes-de-camiones-en-lewisburg-ohio\/#breadcrumb","itemListElement":[{"@type":"ListItem","position":1,"name":"Home","item":"https:\/\/thehometownlawyers.com\/es\/"},{"@type":"ListItem","position":2,"name":"Abogado de Lesiones Personales en Lewisburg","item":"https:\/\/thehometownlawyers.com\/es\/lewisburg\/personal-injury-lawyer\/"},{"@type":"ListItem","position":3,"name":"Abogado de Accidente de Cami\u00f3n en Lewisburg"}]},{"@type":"WebSite","@id":"https:\/\/thehometownlawyers.com\/es\/#website","url":"https:\/\/thehometownlawyers.com\/es\/","name":"Kruger & Hodges Hometown Injury Lawyers | Accident Attorneys","description":"Attorneys for Car, Truck and Motorcycle Accidents, Personal Injuries, and Criminal Defense.","publisher":{"@id":"https:\/\/thehometownlawyers.com\/es\/#organization"},"alternateName":"Kruger & Hodges Personal Injury Lawyers","inLanguage":"es"},{"@type":"Organization","@id":"https:\/\/thehometownlawyers.com\/es\/#organization","name":"Kruger & Hodges Hometown Injury Lawyers","alternateName":"Kruger & Hodges","url":"https:\/\/thehometownlawyers.com\/es\/","logo":{"@type":"ImageObject","inLanguage":"es","@id":"https:\/\/thehometownlawyers.com\/es\/#\/schema\/logo\/image\/","url":"https:\/\/thehometownlawyers.com\/wp-content\/uploads\/2025\/12\/revised-kh-logo-vertical-white-background-scaled.png","contentUrl":"https:\/\/thehometownlawyers.com\/wp-content\/uploads\/2025\/12\/revised-kh-logo-vertical-white-background-scaled.png","width":2560,"height":1440,"caption":"Kruger & Hodges Hometown Injury Lawyers"},"image":{"@id":"https:\/\/thehometownlawyers.com\/es\/#\/schema\/logo\/image\/"},"sameAs":["https:\/\/www.facebook.com\/KrugerHodges\/","https:\/\/www.instagram.com\/krugerhodges\/","https:\/\/www.linkedin.com\/company\/kruger-hodges-hometown-injury-lawyers\/","https:\/\/www.youtube.com\/channel\/UCeYcMaMaN2rb9jMlqt4EIdQ","https:\/\/www.tiktok.com\/@thehometownlawyer"]}]}},"_links":{"self":[{"href":"https:\/\/thehometownlawyers.com\/es\/wp-json\/wp\/v2\/pages\/21150","targetHints":{"allow":["GET"]}}],"collection":[{"href":"https:\/\/thehometownlawyers.com\/es\/wp-json\/wp\/v2\/pages"}],"about":[{"href":"https:\/\/thehometownlawyers.com\/es\/wp-json\/wp\/v2\/types\/page"}],"author":[{"embeddable":true,"href":"https:\/\/thehometownlawyers.com\/es\/wp-json\/wp\/v2\/users\/7"}],"replies":[{"embeddable":true,"href":"https:\/\/thehometownlawyers.com\/es\/wp-json\/wp\/v2\/comments?post=21150"}],"version-history":[{"count":0,"href":"https:\/\/thehometownlawyers.com\/es\/wp-json\/wp\/v2\/pages\/21150\/revisions"}],"up":[{"embeddable":true,"href":"https:\/\/thehometownlawyers.com\/es\/wp-json\/wp\/v2\/pages\/21155"}],"wp:featuredmedia":[{"embeddable":true,"href":"https:\/\/thehometownlawyers.com\/es\/wp-json\/wp\/v2\/media\/20857"}],"wp:attachment":[{"href":"https:\/\/thehometownlawyers.com\/es\/wp-json\/wp\/v2\/media?parent=21150"}],"wp:term":[{"taxonomy":"hc_faqs","embeddable":true,"href":"https:\/\/thehometownlawyers.com\/es\/wp-json\/wp\/v2\/hc_faqs?post=21150"},{"taxonomy":"hc_spanish_faqs","embeddable":true,"href":"https:\/\/thehometownlawyers.com\/es\/wp-json\/wp\/v2\/hc_spanish_faqs?post=21150"}],"curies":[{"name":"wp","href":"https:\/\/api.w.org\/{rel}","templated":true}]}}