{"id":21151,"date":"2022-01-04T20:29:14","date_gmt":"2022-01-05T01:29:14","guid":{"rendered":"https:\/\/thehometownlawyers.com\/?page_id=21151"},"modified":"2025-04-03T13:51:15","modified_gmt":"2025-04-03T17:51:15","slug":"accidentes-de-camiones-en-new-paris-ohio","status":"publish","type":"page","link":"https:\/\/thehometownlawyers.com\/es\/lesiones-personales-en-new-paris-ohio\/accidentes-de-camiones-en-new-paris-ohio\/","title":{"rendered":"Abogado de Accidente de Cami\u00f3n en New Paris"},"content":{"rendered":"<h2>Accidentes de camiones en New Paris<\/h2>\n<p>Contamos con camiones grandes para transportar nuestros productos por todo el pa\u00eds y el estado, y tambi\u00e9n necesitamos camiones para entregar productos y productos a nuestros hogares. Miles de camiones en las carreteras significa que compartiremos las carreteras con estos grandes tractores comerciales a diario. Desafortunadamente, los accidentes de camiones pueden ocurrir incluso en una hermosa comunidad como New Paris, Ohio. Cuando suceden, el resultado puede ser devastador. Las lesiones pueden dejarlo con problemas f\u00edsicos, emocionales y financieros. Un abogado con experiencia en accidentes de camiones en New Paris, Ohio, lo ayudar\u00e1 a buscar una compensaci\u00f3n de la parte responsable.<\/p>\n<p class=\"rs-content-cta rs-content-cta-small\">Para una consulta legal gratuita, llame al <a href=\"tel:+15138943333\">513-894-3333 <\/a><\/p><h2>Datos de Big Rig Crash<\/h2>\n<p>Los camiones grandes son una preocupaci\u00f3n para otros conductores. Seg\u00fan la <a href=\"https:\/\/www.bts.gov\/browse-statistical-products-and-data\/national-transportation-statistics\/number-us-truck\" target=\"_blank\" rel=\"noopener\">Oficina de Transporte de EE<\/a> . UU., hay casi tres millones de camiones grandes registrados en los Estados Unidos. Muchos camiones comerciales viajan por nuestro estado y, por lo tanto, es probable que veamos un cami\u00f3n en la carretera todos los d\u00edas. Los accidentes de camiones representan solo alrededor del 7% de todos los choques, sin embargo, es mucho m\u00e1s probable que los accidentes de camiones causen muertes. Varias autopistas grandes, incluida la Interestatal 70, est\u00e1n cerca de New Paris, por lo que hay muchos camiones grandes que viajan cerca.<\/p>\n<p class=\"rs-content-cta\">Abogado de Lesiones Personales de New Paris Cerca de M\u00ed <a href=\"tel:+15138943333\">513-894-3333<\/a><\/p><h2>Causas de accidentes de camiones en New Paris<\/h2>\n<p>Los accidentes de camiones en New Paris, Ohio y en otros lugares, generalmente son causados por una variedad de factores. Las causas principales y los factores contribuyentes generalmente encajan en varias categor\u00edas principales, que incluyen:<\/p>\n<ul>\n<li>Error del controlador<\/li>\n<li>Falla mec\u00e1nica<\/li>\n<li>Factores medioambientales<\/li>\n<\/ul>\n<p>El error del conductor es la causa m\u00e1s com\u00fan de la mayor\u00eda de los accidentes. Los errores de los conductores incluyen cosas como la inexperiencia, la capacitaci\u00f3n inadecuada, la conducci\u00f3n fatigada, la conducci\u00f3n distra\u00edda y la conducci\u00f3n bajo la influencia de drogas o alcohol. Algunos problemas comunes atribuidos a los conductores son el exceso de velocidad, los cambios de carril inadecuados, no ceder el paso, no obedecer las se\u00f1ales de tr\u00e1fico y otros. Cuando un conductor encuentra un problema mec\u00e1nico o una condici\u00f3n desfavorable del camino, puede tomar una mala decisi\u00f3n debido a la fatiga u otros problemas.<\/p>\n<p class=\"rs-content-cta rs-content-cta-small\"><a href=\"\/es\/contacto\/\">Haga clic para contactar<\/a> con nuestros lesiones personales abogados hoy<\/p><h2>\u00bfQu\u00e9 lesiones pueden ocurrir como resultado de accidentes de camiones en New Paris?<\/h2>\n<p>Los camiones son grandes y pueden pesar hasta 80,000 libras cuando est\u00e1n totalmente cargados. El peso y el tama\u00f1o de un cami\u00f3n junto con la velocidad pueden causar bastante da\u00f1o a las personas en los veh\u00edculos que golpean. Algunas de las lesiones m\u00e1s comunes son:<\/p>\n<ul>\n<li>Lesiones cerebrales traum\u00e1ticas<\/li>\n<li>Lesiones en la cabeza y el cuello<\/li>\n<li>Da\u00f1o de la m\u00e9dula espinal<\/li>\n<li>lesiones por aplastamiento<\/li>\n<li>Huesos rotos<\/li>\n<li>Latigazo<\/li>\n<li>quemaduras<\/li>\n<\/ul>\n<p>Muchas veces, las lesiones debidas a accidentes de camiones requieren tratamiento de emergencia y transporte al centro de traumatolog\u00eda m\u00e1s cercano. Las lesiones en la cabeza pueden ser extremadamente peligrosas porque es posible que no sepa de inmediato que est\u00e1 herido. Si se golpea la cabeza en un accidente, h\u00e1gase un examen y radiograf\u00edas lo antes posible para evitar que la lesi\u00f3n empeore. Mantenga registros de todas sus visitas m\u00e9dicas y facturas.<\/p>\n<p class=\"rs-content-cta rs-content-cta-small\">Complete una <a href=\"\/es\/contacto\/\">evaluaci\u00f3n gratuita de su caso<\/a> ahora<\/p><h2>Da\u00f1os Monetarios y No Monetarios<\/h2>\n<p>Hay dos tipos principales de da\u00f1os que puede sufrir como resultado de un accidente de cami\u00f3n. Los da\u00f1os monetarios son los gastos en los que incurre debido al accidente e incluyen cosas tales como facturas m\u00e9dicas, medicamentos, gastos de hospital, costos de rehabilitaci\u00f3n y salarios perdidos. Tambi\u00e9n puede incurrir en da\u00f1os no monetarios como dolor y sufrimiento, p\u00e9rdida de compa\u00f1\u00eda y trauma emocional. Ambos tipos de da\u00f1os deben incluirse en la compensaci\u00f3n que recibe de la parte negligente. No deber\u00eda tener que pagar estos costos de su propio bolsillo. Los costos m\u00e9dicos por s\u00ed solos pueden ser extremadamente altos y pueden causarle estr\u00e9s financiero. La atenci\u00f3n m\u00e9dica suele ser extensa despu\u00e9s de un accidente de cami\u00f3n y algunas v\u00edctimas pueden requerir atenci\u00f3n continua si quedan discapacitadas.<\/p>\n<h2>Negligencia en Casos de Accidentes de Camiones<\/h2>\n<p>El conductor negligente debe pagar sus gastos m\u00e9dicos y da\u00f1os. Negligencia significa que el conductor no tuvo el cuidado adecuado y caus\u00f3 da\u00f1o a otro. Cada parte involucrada en el accidente tendr\u00e1 una parte de negligencia basada en los detalles del accidente. Ohio utiliza una regla de negligencia comparativa para determinar la culpa en un accidente. Usted puede ser en parte culpable del accidente y aun as\u00ed recibir una compensaci\u00f3n, siempre que tenga menos del 50% de la culpa. Los accidentes de camiones son extremadamente complicados y m\u00e1s de una parte podr\u00eda ser negligente en el caso. Por ejemplo, si el conductor estaba fatigado, podr\u00eda ser negligente por el choque. La empresa de camiones tambi\u00e9n podr\u00eda ser considerada responsable si no mantuviera adecuadamente el veh\u00edculo y contribuyera al accidente.<\/p>\n<h2>C\u00f3mo ayudar\u00e1 un abogado de accidentes de camiones<\/h2>\n<p>Trabajar con la compa\u00f1\u00eda de seguros despu\u00e9s de un accidente de cami\u00f3n puede ser un desaf\u00edo. Debe lidiar con los muchos problemas del bloqueo en un momento en que todav\u00eda est\u00e1 manejando su recuperaci\u00f3n. Un abogado que maneja accidentes de camiones en New Paris, Ohio, lo representar\u00e1 durante todo el proceso de reclamo. Su abogado negociar\u00e1 un acuerdo con la compa\u00f1\u00eda de seguros, lo cual es mucho m\u00e1s dif\u00edcil de hacer por su cuenta. Un abogado sabe c\u00f3mo reunir las pruebas necesarias para probar la negligencia y mostrar sus lesiones y otros da\u00f1os para que obtenga la mejor compensaci\u00f3n posible.<\/p>\n<p>Si result\u00f3 herido en un accidente de cami\u00f3n, comun\u00edquese con nuestro equipo legal en <a href=\"https:\/\/thehometownlawyers.com\/es\/contacto\/\">Kruger &amp; Hodges<\/a> al (937) 733-6079 para programar una consulta para discutir los detalles de su caso.<\/p>\n<p class=\"rs-content-cta rs-content-cta-small\">Llame o env\u00ede un mensaje de texto al <a href=\"tel:+15138943333\">513-894-3333<\/a> o complete una <a href=\"\/es\/contacto\/\">evaluaci\u00f3n gratuita de su caso<\/a><\/p>","protected":false},"excerpt":{"rendered":"<p>Accidentes de camiones en New Paris Contamos con camiones grandes para transportar nuestros productos por todo el pa\u00eds y el estado, y tambi\u00e9n necesitamos camiones para entregar productos y productos a nuestros hogares. Miles de camiones en las carreteras significa que compartiremos las carreteras con estos grandes tractores comerciales a diario. Desafortunadamente, los accidentes de &#8230;<\/p>\n","protected":false},"author":7,"featured_media":24595,"parent":21138,"menu_order":0,"comment_status":"closed","ping_status":"closed","template":"","meta":{"_acf_changed":false,"inline_featured_image":false,"_genesis_hide_title":false,"_genesis_hide_breadcrumbs":false,"_genesis_hide_singular_image":false,"_genesis_hide_footer_widgets":false,"_genesis_custom_body_class":"","_genesis_custom_post_class":"","_genesis_layout":"","footnotes":""},"hc_faqs":[],"hc_spanish_faqs":[],"class_list":{"0":"post-21151","1":"page","2":"type-page","3":"status-publish","4":"has-post-thumbnail","6":"hc_city_location-new-paris-es","7":"entry"},"acf":[],"yoast_head":"<!-- This site is optimized with the Yoast SEO plugin v27.4 - https:\/\/yoast.com\/product\/yoast-seo-wordpress\/ -->\n<title>Accidentes de camiones en New Paris | Abogados de Kruger &amp; Hodges<\/title>\n<meta name=\"description\" content=\"Conf\u00ede en un abogado con experiencia en accidentes de camiones en New Paris para que lo ayude a buscar una compensaci\u00f3n de la parte responsable.\" \/>\n<meta name=\"robots\" content=\"index, follow, max-snippet:-1, max-image-preview:large, max-video-preview:-1\" \/>\n<link rel=\"canonical\" href=\"https:\/\/thehometownlawyers.com\/es\/lesiones-personales-en-new-paris-ohio\/accidentes-de-camiones-en-new-paris-ohio\/\" \/>\n<meta property=\"og:locale\" content=\"es_MX\" \/>\n<meta property=\"og:type\" content=\"article\" \/>\n<meta property=\"og:title\" content=\"Accidentes de camiones en New Paris | Abogados de Kruger &amp; Hodges\" \/>\n<meta property=\"og:description\" content=\"Conf\u00ede en un abogado con experiencia en accidentes de camiones en New Paris para que lo ayude a buscar una compensaci\u00f3n de la parte responsable.\" \/>\n<meta property=\"og:url\" content=\"https:\/\/thehometownlawyers.com\/es\/lesiones-personales-en-new-paris-ohio\/accidentes-de-camiones-en-new-paris-ohio\/\" \/>\n<meta property=\"og:site_name\" content=\"Kruger &amp; Hodges Abogados De Lesiones\" \/>\n<meta property=\"article:publisher\" content=\"https:\/\/www.facebook.com\/KrugerHodges\/\" \/>\n<meta property=\"article:modified_time\" content=\"2025-04-03T17:51:15+00:00\" \/>\n<meta property=\"og:image\" content=\"https:\/\/thehometownlawyers.com\/wp-content\/uploads\/2025\/03\/lesiones-personales-en-new-paris-ohio-accidentes-de-camiones-en-new-paris-ohio.jpg\" \/>\n\t<meta property=\"og:image:width\" content=\"768\" \/>\n\t<meta property=\"og:image:height\" content=\"512\" \/>\n\t<meta property=\"og:image:type\" content=\"image\/jpeg\" \/>\n<meta name=\"twitter:card\" content=\"summary_large_image\" \/>\n<meta name=\"twitter:label1\" content=\"Tiempo de lectura\" \/>\n\t<meta name=\"twitter:data1\" content=\"5 minutos\" \/>\n<script type=\"application\/ld+json\" class=\"yoast-schema-graph\">{\"@context\":\"https:\\\/\\\/schema.org\",\"@graph\":[{\"@type\":\"WebPage\",\"@id\":\"https:\\\/\\\/thehometownlawyers.com\\\/es\\\/lesiones-personales-en-new-paris-ohio\\\/accidentes-de-camiones-en-new-paris-ohio\\\/\",\"url\":\"https:\\\/\\\/thehometownlawyers.com\\\/es\\\/lesiones-personales-en-new-paris-ohio\\\/accidentes-de-camiones-en-new-paris-ohio\\\/\",\"name\":\"Accidentes de camiones en New Paris | Abogados de Kruger & Hodges\",\"isPartOf\":{\"@id\":\"https:\\\/\\\/thehometownlawyers.com\\\/es\\\/#website\"},\"primaryImageOfPage\":{\"@id\":\"https:\\\/\\\/thehometownlawyers.com\\\/es\\\/lesiones-personales-en-new-paris-ohio\\\/accidentes-de-camiones-en-new-paris-ohio\\\/#primaryimage\"},\"image\":{\"@id\":\"https:\\\/\\\/thehometownlawyers.com\\\/es\\\/lesiones-personales-en-new-paris-ohio\\\/accidentes-de-camiones-en-new-paris-ohio\\\/#primaryimage\"},\"thumbnailUrl\":\"https:\\\/\\\/thehometownlawyers.com\\\/wp-content\\\/uploads\\\/2025\\\/03\\\/lesiones-personales-en-new-paris-ohio-accidentes-de-camiones-en-new-paris-ohio.jpg\",\"datePublished\":\"2022-01-05T01:29:14+00:00\",\"dateModified\":\"2025-04-03T17:51:15+00:00\",\"description\":\"Conf\u00ede en un abogado con experiencia en accidentes de camiones en New Paris para que lo ayude a buscar una compensaci\u00f3n de la parte responsable.\",\"breadcrumb\":{\"@id\":\"https:\\\/\\\/thehometownlawyers.com\\\/es\\\/lesiones-personales-en-new-paris-ohio\\\/accidentes-de-camiones-en-new-paris-ohio\\\/#breadcrumb\"},\"inLanguage\":\"es\",\"potentialAction\":[{\"@type\":\"ReadAction\",\"target\":[\"https:\\\/\\\/thehometownlawyers.com\\\/es\\\/lesiones-personales-en-new-paris-ohio\\\/accidentes-de-camiones-en-new-paris-ohio\\\/\"]}]},{\"@type\":\"ImageObject\",\"inLanguage\":\"es\",\"@id\":\"https:\\\/\\\/thehometownlawyers.com\\\/es\\\/lesiones-personales-en-new-paris-ohio\\\/accidentes-de-camiones-en-new-paris-ohio\\\/#primaryimage\",\"url\":\"https:\\\/\\\/thehometownlawyers.com\\\/wp-content\\\/uploads\\\/2025\\\/03\\\/lesiones-personales-en-new-paris-ohio-accidentes-de-camiones-en-new-paris-ohio.jpg\",\"contentUrl\":\"https:\\\/\\\/thehometownlawyers.com\\\/wp-content\\\/uploads\\\/2025\\\/03\\\/lesiones-personales-en-new-paris-ohio-accidentes-de-camiones-en-new-paris-ohio.jpg\",\"width\":768,\"height\":512,\"caption\":\"Woman truck driver with safety vest entering a cabin, shot from outside the truck.\"},{\"@type\":\"BreadcrumbList\",\"@id\":\"https:\\\/\\\/thehometownlawyers.com\\\/es\\\/lesiones-personales-en-new-paris-ohio\\\/accidentes-de-camiones-en-new-paris-ohio\\\/#breadcrumb\",\"itemListElement\":[{\"@type\":\"ListItem\",\"position\":1,\"name\":\"Home\",\"item\":\"https:\\\/\\\/thehometownlawyers.com\\\/es\\\/\"},{\"@type\":\"ListItem\",\"position\":2,\"name\":\"Abogado de Lesiones Personales en New Paris\",\"item\":\"https:\\\/\\\/thehometownlawyers.com\\\/es\\\/lesiones-personales-en-new-paris-ohio\\\/\"},{\"@type\":\"ListItem\",\"position\":3,\"name\":\"Abogado de Accidente de Cami\u00f3n en New Paris\"}]},{\"@type\":\"WebSite\",\"@id\":\"https:\\\/\\\/thehometownlawyers.com\\\/es\\\/#website\",\"url\":\"https:\\\/\\\/thehometownlawyers.com\\\/es\\\/\",\"name\":\"Kruger & Hodges Hometown Injury Lawyers | Accident Attorneys\",\"description\":\"Attorneys for Car, Truck and Motorcycle Accidents, Personal Injuries, and Criminal Defense.\",\"publisher\":{\"@id\":\"https:\\\/\\\/thehometownlawyers.com\\\/es\\\/#organization\"},\"alternateName\":\"Kruger & Hodges Personal Injury Lawyers\",\"inLanguage\":\"es\"},{\"@type\":\"Organization\",\"@id\":\"https:\\\/\\\/thehometownlawyers.com\\\/es\\\/#organization\",\"name\":\"Kruger & Hodges Hometown Injury Lawyers\",\"alternateName\":\"Kruger & Hodges\",\"url\":\"https:\\\/\\\/thehometownlawyers.com\\\/es\\\/\",\"logo\":{\"@type\":\"ImageObject\",\"inLanguage\":\"es\",\"@id\":\"https:\\\/\\\/thehometownlawyers.com\\\/es\\\/#\\\/schema\\\/logo\\\/image\\\/\",\"url\":\"https:\\\/\\\/thehometownlawyers.com\\\/wp-content\\\/uploads\\\/2025\\\/12\\\/revised-kh-logo-vertical-white-background-scaled.png\",\"contentUrl\":\"https:\\\/\\\/thehometownlawyers.com\\\/wp-content\\\/uploads\\\/2025\\\/12\\\/revised-kh-logo-vertical-white-background-scaled.png\",\"width\":2560,\"height\":1440,\"caption\":\"Kruger & Hodges Hometown Injury Lawyers\"},\"image\":{\"@id\":\"https:\\\/\\\/thehometownlawyers.com\\\/es\\\/#\\\/schema\\\/logo\\\/image\\\/\"},\"sameAs\":[\"https:\\\/\\\/www.facebook.com\\\/KrugerHodges\\\/\",\"https:\\\/\\\/www.instagram.com\\\/krugerhodges\\\/\",\"https:\\\/\\\/www.linkedin.com\\\/company\\\/kruger-hodges-hometown-injury-lawyers\\\/\",\"https:\\\/\\\/www.youtube.com\\\/channel\\\/UCeYcMaMaN2rb9jMlqt4EIdQ\",\"https:\\\/\\\/www.tiktok.com\\\/@thehometownlawyer\"]}]}<\/script>\n<!-- \/ Yoast SEO plugin. -->","yoast_head_json":{"title":"Accidentes de camiones en New Paris | Abogados de Kruger & Hodges","description":"Conf\u00ede en un abogado con experiencia en accidentes de camiones en New Paris para que lo ayude a buscar una compensaci\u00f3n de la parte responsable.","robots":{"index":"index","follow":"follow","max-snippet":"max-snippet:-1","max-image-preview":"max-image-preview:large","max-video-preview":"max-video-preview:-1"},"canonical":"https:\/\/thehometownlawyers.com\/es\/lesiones-personales-en-new-paris-ohio\/accidentes-de-camiones-en-new-paris-ohio\/","og_locale":"es_MX","og_type":"article","og_title":"Accidentes de camiones en New Paris | Abogados de Kruger & Hodges","og_description":"Conf\u00ede en un abogado con experiencia en accidentes de camiones en New Paris para que lo ayude a buscar una compensaci\u00f3n de la parte responsable.","og_url":"https:\/\/thehometownlawyers.com\/es\/lesiones-personales-en-new-paris-ohio\/accidentes-de-camiones-en-new-paris-ohio\/","og_site_name":"Kruger &amp; Hodges Abogados De Lesiones","article_publisher":"https:\/\/www.facebook.com\/KrugerHodges\/","article_modified_time":"2025-04-03T17:51:15+00:00","og_image":[{"width":768,"height":512,"url":"https:\/\/thehometownlawyers.com\/wp-content\/uploads\/2025\/03\/lesiones-personales-en-new-paris-ohio-accidentes-de-camiones-en-new-paris-ohio.jpg","type":"image\/jpeg"}],"twitter_card":"summary_large_image","twitter_misc":{"Tiempo de lectura":"5 minutos"},"schema":{"@context":"https:\/\/schema.org","@graph":[{"@type":"WebPage","@id":"https:\/\/thehometownlawyers.com\/es\/lesiones-personales-en-new-paris-ohio\/accidentes-de-camiones-en-new-paris-ohio\/","url":"https:\/\/thehometownlawyers.com\/es\/lesiones-personales-en-new-paris-ohio\/accidentes-de-camiones-en-new-paris-ohio\/","name":"Accidentes de camiones en New Paris | Abogados de Kruger & Hodges","isPartOf":{"@id":"https:\/\/thehometownlawyers.com\/es\/#website"},"primaryImageOfPage":{"@id":"https:\/\/thehometownlawyers.com\/es\/lesiones-personales-en-new-paris-ohio\/accidentes-de-camiones-en-new-paris-ohio\/#primaryimage"},"image":{"@id":"https:\/\/thehometownlawyers.com\/es\/lesiones-personales-en-new-paris-ohio\/accidentes-de-camiones-en-new-paris-ohio\/#primaryimage"},"thumbnailUrl":"https:\/\/thehometownlawyers.com\/wp-content\/uploads\/2025\/03\/lesiones-personales-en-new-paris-ohio-accidentes-de-camiones-en-new-paris-ohio.jpg","datePublished":"2022-01-05T01:29:14+00:00","dateModified":"2025-04-03T17:51:15+00:00","description":"Conf\u00ede en un abogado con experiencia en accidentes de camiones en New Paris para que lo ayude a buscar una compensaci\u00f3n de la parte responsable.","breadcrumb":{"@id":"https:\/\/thehometownlawyers.com\/es\/lesiones-personales-en-new-paris-ohio\/accidentes-de-camiones-en-new-paris-ohio\/#breadcrumb"},"inLanguage":"es","potentialAction":[{"@type":"ReadAction","target":["https:\/\/thehometownlawyers.com\/es\/lesiones-personales-en-new-paris-ohio\/accidentes-de-camiones-en-new-paris-ohio\/"]}]},{"@type":"ImageObject","inLanguage":"es","@id":"https:\/\/thehometownlawyers.com\/es\/lesiones-personales-en-new-paris-ohio\/accidentes-de-camiones-en-new-paris-ohio\/#primaryimage","url":"https:\/\/thehometownlawyers.com\/wp-content\/uploads\/2025\/03\/lesiones-personales-en-new-paris-ohio-accidentes-de-camiones-en-new-paris-ohio.jpg","contentUrl":"https:\/\/thehometownlawyers.com\/wp-content\/uploads\/2025\/03\/lesiones-personales-en-new-paris-ohio-accidentes-de-camiones-en-new-paris-ohio.jpg","width":768,"height":512,"caption":"Woman truck driver with safety vest entering a cabin, shot from outside the truck."},{"@type":"BreadcrumbList","@id":"https:\/\/thehometownlawyers.com\/es\/lesiones-personales-en-new-paris-ohio\/accidentes-de-camiones-en-new-paris-ohio\/#breadcrumb","itemListElement":[{"@type":"ListItem","position":1,"name":"Home","item":"https:\/\/thehometownlawyers.com\/es\/"},{"@type":"ListItem","position":2,"name":"Abogado de Lesiones Personales en New Paris","item":"https:\/\/thehometownlawyers.com\/es\/lesiones-personales-en-new-paris-ohio\/"},{"@type":"ListItem","position":3,"name":"Abogado de Accidente de Cami\u00f3n en New Paris"}]},{"@type":"WebSite","@id":"https:\/\/thehometownlawyers.com\/es\/#website","url":"https:\/\/thehometownlawyers.com\/es\/","name":"Kruger & Hodges Hometown Injury Lawyers | Accident Attorneys","description":"Attorneys for Car, Truck and Motorcycle Accidents, Personal Injuries, and Criminal Defense.","publisher":{"@id":"https:\/\/thehometownlawyers.com\/es\/#organization"},"alternateName":"Kruger & Hodges Personal Injury Lawyers","inLanguage":"es"},{"@type":"Organization","@id":"https:\/\/thehometownlawyers.com\/es\/#organization","name":"Kruger & Hodges Hometown Injury Lawyers","alternateName":"Kruger & Hodges","url":"https:\/\/thehometownlawyers.com\/es\/","logo":{"@type":"ImageObject","inLanguage":"es","@id":"https:\/\/thehometownlawyers.com\/es\/#\/schema\/logo\/image\/","url":"https:\/\/thehometownlawyers.com\/wp-content\/uploads\/2025\/12\/revised-kh-logo-vertical-white-background-scaled.png","contentUrl":"https:\/\/thehometownlawyers.com\/wp-content\/uploads\/2025\/12\/revised-kh-logo-vertical-white-background-scaled.png","width":2560,"height":1440,"caption":"Kruger & Hodges Hometown Injury Lawyers"},"image":{"@id":"https:\/\/thehometownlawyers.com\/es\/#\/schema\/logo\/image\/"},"sameAs":["https:\/\/www.facebook.com\/KrugerHodges\/","https:\/\/www.instagram.com\/krugerhodges\/","https:\/\/www.linkedin.com\/company\/kruger-hodges-hometown-injury-lawyers\/","https:\/\/www.youtube.com\/channel\/UCeYcMaMaN2rb9jMlqt4EIdQ","https:\/\/www.tiktok.com\/@thehometownlawyer"]}]}},"_links":{"self":[{"href":"https:\/\/thehometownlawyers.com\/es\/wp-json\/wp\/v2\/pages\/21151","targetHints":{"allow":["GET"]}}],"collection":[{"href":"https:\/\/thehometownlawyers.com\/es\/wp-json\/wp\/v2\/pages"}],"about":[{"href":"https:\/\/thehometownlawyers.com\/es\/wp-json\/wp\/v2\/types\/page"}],"author":[{"embeddable":true,"href":"https:\/\/thehometownlawyers.com\/es\/wp-json\/wp\/v2\/users\/7"}],"replies":[{"embeddable":true,"href":"https:\/\/thehometownlawyers.com\/es\/wp-json\/wp\/v2\/comments?post=21151"}],"version-history":[{"count":0,"href":"https:\/\/thehometownlawyers.com\/es\/wp-json\/wp\/v2\/pages\/21151\/revisions"}],"up":[{"embeddable":true,"href":"https:\/\/thehometownlawyers.com\/es\/wp-json\/wp\/v2\/pages\/21138"}],"wp:featuredmedia":[{"embeddable":true,"href":"https:\/\/thehometownlawyers.com\/es\/wp-json\/wp\/v2\/media\/24595"}],"wp:attachment":[{"href":"https:\/\/thehometownlawyers.com\/es\/wp-json\/wp\/v2\/media?parent=21151"}],"wp:term":[{"taxonomy":"hc_faqs","embeddable":true,"href":"https:\/\/thehometownlawyers.com\/es\/wp-json\/wp\/v2\/hc_faqs?post=21151"},{"taxonomy":"hc_spanish_faqs","embeddable":true,"href":"https:\/\/thehometownlawyers.com\/es\/wp-json\/wp\/v2\/hc_spanish_faqs?post=21151"}],"curies":[{"name":"wp","href":"https:\/\/api.w.org\/{rel}","templated":true}]}}