{"id":21152,"date":"2022-02-23T10:08:22","date_gmt":"2022-02-23T15:08:22","guid":{"rendered":"https:\/\/thehometownlawyers.com\/?page_id=21152"},"modified":"2025-02-03T14:24:20","modified_gmt":"2025-02-03T19:24:20","slug":"abogados-de-accidentes-automovilisticos-de-brookville-ohio","status":"publish","type":"page","link":"https:\/\/thehometownlawyers.com\/es\/abogados-de-lesiones-personales-de-brookville-ohio\/abogados-de-accidentes-automovilisticos-de-brookville-ohio\/","title":{"rendered":"Abogado de Accidente Automovil\u00edstico en Brookville"},"content":{"rendered":"<p>Si est\u00e1 buscando en Google, &#8220;abogado de accidentes automovil\u00edsticos cerca de m\u00ed&#8221;, es probable que necesite alg\u00fan apoyo legal experimentado. Los abogados experimentados en accidentes automovil\u00edsticos de Kruger &amp; Hodges Attorneys at Law, que prestan servicios en Brookville, Ohio, est\u00e1n listos para ayudar. Los accidentes automovil\u00edsticos pueden causar lesiones f\u00edsicas graves, as\u00ed como una carga financiera aparentemente insuperable. Para muchas v\u00edctimas de conductores negligentes, la \u00fanica forma de recuperarse financieramente de un accidente automovil\u00edstico es presentar una demanda por lesiones personales. Las demandas por lesiones personales est\u00e1n dise\u00f1adas para hacer que una v\u00edctima de la negligencia financiera de otra persona vuelva a estar financieramente completa despu\u00e9s de un accidente. Mientras que nada puede evitar que suceda el accidente, una demanda exitosa por accidente automovil\u00edstico puede aliviarlo de su carga financiera, asegurando que tenga la capacidad de recuperarse y seguir adelante en la vida.<\/p>\n<h2><strong>\u00bfPuedo demandar por un accidente automovil\u00edstico en Brookville?<\/strong><\/h2>\n<p>Si result\u00f3 lesionado en un accidente automovil\u00edstico en Ohio o en una colisi\u00f3n de veh\u00edculos que no fue su culpa, es probable que tenga derecho a presentar una demanda para recuperar una compensaci\u00f3n por sus lesiones. En Ohio, los <a href=\"https:\/\/codes.ohio.gov\/ohio-revised-code\/section-2305.10\" target=\"_blank\" rel=\"noopener\">requisitos<\/a> para presentar una demanda por lesiones personales son sencillos: otra parte debe haber sido negligente, su conducta negligente debe haber causado el accidente y, como resultado, usted debe haber sufrido da\u00f1os f\u00edsicos y financieros. El da\u00f1o financiero puede tomar la forma de facturas m\u00e9dicas y salarios perdidos si no pudo trabajar como resultado de sus lesiones. Si no est\u00e1 seguro de poder demandar por un accidente automovil\u00edstico en el que estuvo involucrado, siempre debe consultar con nuestros abogados de accidentes automovil\u00edsticos de Brookville, Ohio.<\/p>\n<p class=\"rs-content-cta rs-content-cta-small\">Para una consulta legal gratuita, llame al <a href=\"tel:+15138943333\">513-894-3333 <\/a><\/p><h2><strong>Establecimiento de negligencia en un accidente automovil\u00edstico de Brookville <\/strong><\/h2>\n<p>Generalmente, la determinaci\u00f3n de negligencia la hacen las compa\u00f1\u00edas de seguros despu\u00e9s del accidente. Al tomar su determinaci\u00f3n, pueden basarse en el informe policial, las declaraciones del conductor y de los testigos, las im\u00e1genes de video y cualquier otra evidencia disponible. Es posible que pueda ser parcialmente negligente por causar el accidente y aun as\u00ed presentar un reclamo, siempre que no sea el principal responsable. Sus da\u00f1os se reducir\u00e1n entonces por la cantidad de culpa que tenga. Por ejemplo, si usted fue responsable en un 10% por causar el accidente y se le otorgan $10,000 en da\u00f1os, recibir\u00e1 $9,000 ($10,000 al 10%). Un abogado puede ayudarlo a construir el caso m\u00e1s s\u00f3lido posible, lo que incluye argumentar que usted no es responsable o luchar para reducir la cantidad de responsabilidad que se le ha asignado. En algunas situaciones, como cuando el otro conductor estaba bajo la influencia, se presumir\u00e1 <a href=\"https:\/\/codes.ohio.gov\/ohio-revised-code\/section-2315.33\">negligencia<\/a> .<\/p>\n<h2><strong>\u00bfCu\u00e1nto vale una demanda por accidente automovil\u00edstico?<\/strong><\/h2>\n<p>El monto de los da\u00f1os a los que tiene derecho en un accidente automovil\u00edstico es proporcional al da\u00f1o f\u00edsico y financiero que sufri\u00f3 como resultado del mismo. Cuanto m\u00e1s graves sean sus lesiones, m\u00e1s costar\u00e1 tratarlas y, como resultado, tendr\u00e1 derecho a m\u00e1s da\u00f1os. La gravedad de una lesi\u00f3n se basa en la gravedad y la permanencia. Una demanda por lesiones personales est\u00e1 dise\u00f1ada para restaurarlo a la posici\u00f3n financiera en la que hubiera estado si el accidente nunca hubiera ocurrido. Esto significa que se le reembolsar\u00e1n todos los gastos m\u00e9dicos y de tratamiento relacionados con el accidente. Esto incluye cirug\u00edas, medicamentos, fisioterapia y cualquier costo incurrido debido a su lesi\u00f3n. Una estimaci\u00f3n adecuada de los da\u00f1os tambi\u00e9n debe tener en cuenta el costo esperado de la atenci\u00f3n futura si se requiere un tratamiento continuo.<\/p>\n<p>Puede recibir da\u00f1os por salarios perdidos si tuvo que ausentarse del trabajo para recuperarse. Si no puede regresar al trabajo, o al mismo tipo de trabajo que estaba haciendo antes del accidente como resultado de su lesi\u00f3n, tambi\u00e9n puede buscar una compensaci\u00f3n por salarios perdidos o p\u00e9rdida de ingresos potenciales. La compensaci\u00f3n por dolor y sufrimiento tambi\u00e9n est\u00e1 disponible. Estos da\u00f1os generalmente se calculan en funci\u00f3n de la cantidad total de da\u00f1os econ\u00f3micos y la gravedad de los mismos. La mejor manera de obtener una comprensi\u00f3n precisa del valor aproximado de su reclamo es hablar con un abogado de lesiones personales de Brookville. Cada caso es diferente, por lo que es importante que un abogado con experiencia revise los hechos de su caso y se asegure de obtener la estimaci\u00f3n m\u00e1s precisa y equitativa de sus da\u00f1os antes de decidir si sigue adelante o acepta un acuerdo.<\/p>\n<p class=\"rs-content-cta rs-content-cta-small\"><a href=\"\/es\/contacto\/\">Haga clic para contactar<\/a> con nuestros lesiones personales abogados hoy<\/p><h2><strong>Por qu\u00e9 necesita abogados de accidentes automovil\u00edsticos en Brookville, Ohio<\/strong><\/h2>\n<p>Despu\u00e9s de un accidente automovil\u00edstico, es probable que comience a recibir comunicaciones de los ajustadores de reclamos de seguros muy r\u00e1pidamente. Si bien puede pensar que lo mejor para usted es resolver el asunto lo antes posible, es importante comprender que esto es lo peor que puede hacer. Los ajustadores de reclamos de seguros pueden parecer \u00fatiles agentes de servicio al cliente, pero su lealtad es hacia su empleador, no hacia usted, y su empleador tiene un inter\u00e9s personal en resolver su reclamo por la menor cantidad posible. Los ajustadores saben que podr\u00e1n ofrecerle el acuerdo m\u00e1s bajo inmediatamente despu\u00e9s del accidente porque en ese momento no podr\u00e1 tener una idea precisa de sus da\u00f1os. Por eso es importante ponerse en contacto con un abogado de accidentes automovil\u00edsticos de Brookville lo antes posible despu\u00e9s del accidente. Se har\u00e1n cargo de las negociaciones con la compa\u00f1\u00eda de seguros y se asegurar\u00e1n de que tenga toda la informaci\u00f3n necesaria antes de calcular los da\u00f1os y aceptar una oferta de liquidaci\u00f3n. Tambi\u00e9n pueden determinar si es necesaria una acci\u00f3n legal adicional.<\/p>\n<p class=\"rs-content-cta rs-content-cta-small\">Complete una <a href=\"\/es\/contacto\/\">evaluaci\u00f3n gratuita de su caso<\/a> ahora<\/p><h2><strong>P\u00f3ngase en contacto con nuestros abogados de Kruger &amp; Hodges<\/strong><\/h2>\n<p>Si ha estado en un accidente automovil\u00edstico en Ohio que no fue su culpa y ha sufrido lesiones graves como resultado, no tiene que asumir la carga solo. Los abogados experimentados en accidentes automovil\u00edsticos de Brookville, Ohio en el bufete de abogados de Kruger &amp; Hodges luchar\u00e1n para obtener la cantidad m\u00e1xima de compensaci\u00f3n a la que tiene derecho. Cuando ha resultado gravemente herido, necesita un poderoso aliado para luchar por sus mejores intereses. <a href=\"https:\/\/thehometownlawyers.com\/es\/abogados-de-lesiones-personales-en-eaton-ohio\/\">El bufete de abogados de Kruger &amp; Hodges<\/a> har\u00e1 exactamente eso. Llame a nuestras <a href=\"https:\/\/thehometownlawyers.com\/es\/contacto\/\">oficinas legales de Eaton, OH<\/a> hoy para programar una consulta y averiguar c\u00f3mo podemos ayudarlo.<\/p>\n<p class=\"rs-content-cta rs-content-cta-small\">Llame o env\u00ede un mensaje de texto al <a href=\"tel:+15138943333\">513-894-3333<\/a> o complete una <a href=\"\/es\/contacto\/\">evaluaci\u00f3n gratuita de su caso<\/a><\/p>","protected":false},"excerpt":{"rendered":"<p>Si est\u00e1 buscando en Google, &#8220;abogado de accidentes automovil\u00edsticos cerca de m\u00ed&#8221;, es probable que necesite alg\u00fan apoyo legal experimentado. Los abogados experimentados en accidentes automovil\u00edsticos de Kruger &amp; Hodges Attorneys at Law, que prestan servicios en Brookville, Ohio, est\u00e1n listos para ayudar. Los accidentes automovil\u00edsticos pueden causar lesiones f\u00edsicas graves, as\u00ed como una carga &#8230;<\/p>\n","protected":false},"author":7,"featured_media":20890,"parent":21141,"menu_order":0,"comment_status":"closed","ping_status":"closed","template":"","meta":{"_acf_changed":false,"inline_featured_image":false,"_genesis_hide_title":false,"_genesis_hide_breadcrumbs":false,"_genesis_hide_singular_image":false,"_genesis_hide_footer_widgets":false,"_genesis_custom_body_class":"","_genesis_custom_post_class":"","_genesis_layout":"","footnotes":""},"hc_faqs":[],"hc_spanish_faqs":[],"class_list":{"0":"post-21152","1":"page","2":"type-page","3":"status-publish","4":"has-post-thumbnail","6":"entry"},"acf":[],"yoast_head":"<!-- This site is optimized with the Yoast SEO plugin v27.3 - https:\/\/yoast.com\/product\/yoast-seo-wordpress\/ -->\n<title>Abogados de accidentes automovil\u00edsticos de Brookville, Ohio: Consulta gratuita<\/title>\n<meta name=\"description\" content=\"Si no est\u00e1 seguro de poder demandar por una lesi\u00f3n en un accidente automovil\u00edstico, siempre debe consultar con nuestros abogados de accidentes automovil\u00edsticos de Brookville, Ohio.\" \/>\n<meta name=\"robots\" content=\"index, follow, max-snippet:-1, max-image-preview:large, max-video-preview:-1\" \/>\n<link rel=\"canonical\" href=\"https:\/\/thehometownlawyers.com\/es\/abogados-de-lesiones-personales-de-brookville-ohio\/abogados-de-accidentes-automovilisticos-de-brookville-ohio\/\" \/>\n<meta property=\"og:locale\" content=\"es_MX\" \/>\n<meta property=\"og:type\" content=\"article\" \/>\n<meta property=\"og:title\" content=\"Abogados de accidentes automovil\u00edsticos de Brookville, Ohio: Consulta gratuita\" \/>\n<meta property=\"og:description\" content=\"Si no est\u00e1 seguro de poder demandar por una lesi\u00f3n en un accidente automovil\u00edstico, siempre debe consultar con nuestros abogados de accidentes automovil\u00edsticos de Brookville, Ohio.\" \/>\n<meta property=\"og:url\" content=\"https:\/\/thehometownlawyers.com\/es\/abogados-de-lesiones-personales-de-brookville-ohio\/abogados-de-accidentes-automovilisticos-de-brookville-ohio\/\" \/>\n<meta property=\"og:site_name\" content=\"Kruger &amp; Hodges Abogados De Lesiones\" \/>\n<meta property=\"article:publisher\" content=\"https:\/\/www.facebook.com\/KrugerHodges\/\" \/>\n<meta property=\"article:modified_time\" content=\"2025-02-03T19:24:20+00:00\" \/>\n<meta property=\"og:image\" content=\"https:\/\/thehometownlawyers.com\/wp-content\/uploads\/2021\/11\/car-crash-attorneys-middletown.jpg\" \/>\n\t<meta property=\"og:image:width\" content=\"1200\" \/>\n\t<meta property=\"og:image:height\" content=\"800\" \/>\n\t<meta property=\"og:image:type\" content=\"image\/jpeg\" \/>\n<meta name=\"twitter:card\" content=\"summary_large_image\" \/>\n<meta name=\"twitter:label1\" content=\"Tiempo de lectura\" \/>\n\t<meta name=\"twitter:data1\" content=\"5 minutos\" \/>\n<script type=\"application\/ld+json\" class=\"yoast-schema-graph\">{\"@context\":\"https:\\\/\\\/schema.org\",\"@graph\":[{\"@type\":\"WebPage\",\"@id\":\"https:\\\/\\\/thehometownlawyers.com\\\/es\\\/abogados-de-lesiones-personales-de-brookville-ohio\\\/abogados-de-accidentes-automovilisticos-de-brookville-ohio\\\/\",\"url\":\"https:\\\/\\\/thehometownlawyers.com\\\/es\\\/abogados-de-lesiones-personales-de-brookville-ohio\\\/abogados-de-accidentes-automovilisticos-de-brookville-ohio\\\/\",\"name\":\"Abogados de accidentes automovil\u00edsticos de Brookville, Ohio: Consulta gratuita\",\"isPartOf\":{\"@id\":\"https:\\\/\\\/thehometownlawyers.com\\\/es\\\/#website\"},\"primaryImageOfPage\":{\"@id\":\"https:\\\/\\\/thehometownlawyers.com\\\/es\\\/abogados-de-lesiones-personales-de-brookville-ohio\\\/abogados-de-accidentes-automovilisticos-de-brookville-ohio\\\/#primaryimage\"},\"image\":{\"@id\":\"https:\\\/\\\/thehometownlawyers.com\\\/es\\\/abogados-de-lesiones-personales-de-brookville-ohio\\\/abogados-de-accidentes-automovilisticos-de-brookville-ohio\\\/#primaryimage\"},\"thumbnailUrl\":\"https:\\\/\\\/thehometownlawyers.com\\\/wp-content\\\/uploads\\\/2021\\\/11\\\/car-crash-attorneys-middletown.jpg\",\"datePublished\":\"2022-02-23T15:08:22+00:00\",\"dateModified\":\"2025-02-03T19:24:20+00:00\",\"description\":\"Si no est\u00e1 seguro de poder demandar por una lesi\u00f3n en un accidente automovil\u00edstico, siempre debe consultar con nuestros abogados de accidentes automovil\u00edsticos de Brookville, Ohio.\",\"breadcrumb\":{\"@id\":\"https:\\\/\\\/thehometownlawyers.com\\\/es\\\/abogados-de-lesiones-personales-de-brookville-ohio\\\/abogados-de-accidentes-automovilisticos-de-brookville-ohio\\\/#breadcrumb\"},\"inLanguage\":\"es\",\"potentialAction\":[{\"@type\":\"ReadAction\",\"target\":[\"https:\\\/\\\/thehometownlawyers.com\\\/es\\\/abogados-de-lesiones-personales-de-brookville-ohio\\\/abogados-de-accidentes-automovilisticos-de-brookville-ohio\\\/\"]}]},{\"@type\":\"ImageObject\",\"inLanguage\":\"es\",\"@id\":\"https:\\\/\\\/thehometownlawyers.com\\\/es\\\/abogados-de-lesiones-personales-de-brookville-ohio\\\/abogados-de-accidentes-automovilisticos-de-brookville-ohio\\\/#primaryimage\",\"url\":\"https:\\\/\\\/thehometownlawyers.com\\\/wp-content\\\/uploads\\\/2021\\\/11\\\/car-crash-attorneys-middletown.jpg\",\"contentUrl\":\"https:\\\/\\\/thehometownlawyers.com\\\/wp-content\\\/uploads\\\/2021\\\/11\\\/car-crash-attorneys-middletown.jpg\",\"width\":1200,\"height\":800,\"caption\":\"accidentes automovil\u00edsticos para abogados de accidentes automovil\u00edsticos en Middletown OH\"},{\"@type\":\"BreadcrumbList\",\"@id\":\"https:\\\/\\\/thehometownlawyers.com\\\/es\\\/abogados-de-lesiones-personales-de-brookville-ohio\\\/abogados-de-accidentes-automovilisticos-de-brookville-ohio\\\/#breadcrumb\",\"itemListElement\":[{\"@type\":\"ListItem\",\"position\":1,\"name\":\"Home\",\"item\":\"https:\\\/\\\/thehometownlawyers.com\\\/es\\\/\"},{\"@type\":\"ListItem\",\"position\":2,\"name\":\"Abogado de Lesiones Personales en Brookville\",\"item\":\"https:\\\/\\\/thehometownlawyers.com\\\/es\\\/abogados-de-lesiones-personales-de-brookville-ohio\\\/\"},{\"@type\":\"ListItem\",\"position\":3,\"name\":\"Abogado de Accidente Automovil\u00edstico en Brookville\"}]},{\"@type\":\"WebSite\",\"@id\":\"https:\\\/\\\/thehometownlawyers.com\\\/es\\\/#website\",\"url\":\"https:\\\/\\\/thehometownlawyers.com\\\/es\\\/\",\"name\":\"Kruger & Hodges Hometown Injury Lawyers | Accident Attorneys\",\"description\":\"Attorneys for Car, Truck and Motorcycle Accidents, Personal Injuries, and Criminal Defense.\",\"publisher\":{\"@id\":\"https:\\\/\\\/thehometownlawyers.com\\\/es\\\/#organization\"},\"alternateName\":\"Kruger & Hodges Personal Injury Lawyers\",\"inLanguage\":\"es\"},{\"@type\":\"Organization\",\"@id\":\"https:\\\/\\\/thehometownlawyers.com\\\/es\\\/#organization\",\"name\":\"Kruger & Hodges Hometown Injury Lawyers\",\"alternateName\":\"Kruger & Hodges Accident Attorneys\",\"url\":\"https:\\\/\\\/thehometownlawyers.com\\\/es\\\/\",\"logo\":{\"@type\":\"ImageObject\",\"inLanguage\":\"es\",\"@id\":\"https:\\\/\\\/thehometownlawyers.com\\\/es\\\/#\\\/schema\\\/logo\\\/image\\\/\",\"url\":\"https:\\\/\\\/thehometownlawyers.com\\\/wp-content\\\/uploads\\\/2025\\\/12\\\/revised-kh-logo-vertical-white-background-scaled.png\",\"contentUrl\":\"https:\\\/\\\/thehometownlawyers.com\\\/wp-content\\\/uploads\\\/2025\\\/12\\\/revised-kh-logo-vertical-white-background-scaled.png\",\"width\":2560,\"height\":1440,\"caption\":\"Kruger & Hodges Hometown Injury Lawyers\"},\"image\":{\"@id\":\"https:\\\/\\\/thehometownlawyers.com\\\/es\\\/#\\\/schema\\\/logo\\\/image\\\/\"},\"sameAs\":[\"https:\\\/\\\/www.facebook.com\\\/KrugerHodges\\\/\",\"https:\\\/\\\/www.instagram.com\\\/krugerhodges\\\/\",\"https:\\\/\\\/www.linkedin.com\\\/company\\\/kruger-hodges-hometown-injury-lawyers\\\/\",\"https:\\\/\\\/www.youtube.com\\\/channel\\\/UCeYcMaMaN2rb9jMlqt4EIdQ\",\"https:\\\/\\\/www.tiktok.com\\\/@thehometownlawyer\"]}]}<\/script>\n<!-- \/ Yoast SEO plugin. -->","yoast_head_json":{"title":"Abogados de accidentes automovil\u00edsticos de Brookville, Ohio: Consulta gratuita","description":"Si no est\u00e1 seguro de poder demandar por una lesi\u00f3n en un accidente automovil\u00edstico, siempre debe consultar con nuestros abogados de accidentes automovil\u00edsticos de Brookville, Ohio.","robots":{"index":"index","follow":"follow","max-snippet":"max-snippet:-1","max-image-preview":"max-image-preview:large","max-video-preview":"max-video-preview:-1"},"canonical":"https:\/\/thehometownlawyers.com\/es\/abogados-de-lesiones-personales-de-brookville-ohio\/abogados-de-accidentes-automovilisticos-de-brookville-ohio\/","og_locale":"es_MX","og_type":"article","og_title":"Abogados de accidentes automovil\u00edsticos de Brookville, Ohio: Consulta gratuita","og_description":"Si no est\u00e1 seguro de poder demandar por una lesi\u00f3n en un accidente automovil\u00edstico, siempre debe consultar con nuestros abogados de accidentes automovil\u00edsticos de Brookville, Ohio.","og_url":"https:\/\/thehometownlawyers.com\/es\/abogados-de-lesiones-personales-de-brookville-ohio\/abogados-de-accidentes-automovilisticos-de-brookville-ohio\/","og_site_name":"Kruger &amp; Hodges Abogados De Lesiones","article_publisher":"https:\/\/www.facebook.com\/KrugerHodges\/","article_modified_time":"2025-02-03T19:24:20+00:00","og_image":[{"width":1200,"height":800,"url":"https:\/\/thehometownlawyers.com\/wp-content\/uploads\/2021\/11\/car-crash-attorneys-middletown.jpg","type":"image\/jpeg"}],"twitter_card":"summary_large_image","twitter_misc":{"Tiempo de lectura":"5 minutos"},"schema":{"@context":"https:\/\/schema.org","@graph":[{"@type":"WebPage","@id":"https:\/\/thehometownlawyers.com\/es\/abogados-de-lesiones-personales-de-brookville-ohio\/abogados-de-accidentes-automovilisticos-de-brookville-ohio\/","url":"https:\/\/thehometownlawyers.com\/es\/abogados-de-lesiones-personales-de-brookville-ohio\/abogados-de-accidentes-automovilisticos-de-brookville-ohio\/","name":"Abogados de accidentes automovil\u00edsticos de Brookville, Ohio: Consulta gratuita","isPartOf":{"@id":"https:\/\/thehometownlawyers.com\/es\/#website"},"primaryImageOfPage":{"@id":"https:\/\/thehometownlawyers.com\/es\/abogados-de-lesiones-personales-de-brookville-ohio\/abogados-de-accidentes-automovilisticos-de-brookville-ohio\/#primaryimage"},"image":{"@id":"https:\/\/thehometownlawyers.com\/es\/abogados-de-lesiones-personales-de-brookville-ohio\/abogados-de-accidentes-automovilisticos-de-brookville-ohio\/#primaryimage"},"thumbnailUrl":"https:\/\/thehometownlawyers.com\/wp-content\/uploads\/2021\/11\/car-crash-attorneys-middletown.jpg","datePublished":"2022-02-23T15:08:22+00:00","dateModified":"2025-02-03T19:24:20+00:00","description":"Si no est\u00e1 seguro de poder demandar por una lesi\u00f3n en un accidente automovil\u00edstico, siempre debe consultar con nuestros abogados de accidentes automovil\u00edsticos de Brookville, Ohio.","breadcrumb":{"@id":"https:\/\/thehometownlawyers.com\/es\/abogados-de-lesiones-personales-de-brookville-ohio\/abogados-de-accidentes-automovilisticos-de-brookville-ohio\/#breadcrumb"},"inLanguage":"es","potentialAction":[{"@type":"ReadAction","target":["https:\/\/thehometownlawyers.com\/es\/abogados-de-lesiones-personales-de-brookville-ohio\/abogados-de-accidentes-automovilisticos-de-brookville-ohio\/"]}]},{"@type":"ImageObject","inLanguage":"es","@id":"https:\/\/thehometownlawyers.com\/es\/abogados-de-lesiones-personales-de-brookville-ohio\/abogados-de-accidentes-automovilisticos-de-brookville-ohio\/#primaryimage","url":"https:\/\/thehometownlawyers.com\/wp-content\/uploads\/2021\/11\/car-crash-attorneys-middletown.jpg","contentUrl":"https:\/\/thehometownlawyers.com\/wp-content\/uploads\/2021\/11\/car-crash-attorneys-middletown.jpg","width":1200,"height":800,"caption":"accidentes automovil\u00edsticos para abogados de accidentes automovil\u00edsticos en Middletown OH"},{"@type":"BreadcrumbList","@id":"https:\/\/thehometownlawyers.com\/es\/abogados-de-lesiones-personales-de-brookville-ohio\/abogados-de-accidentes-automovilisticos-de-brookville-ohio\/#breadcrumb","itemListElement":[{"@type":"ListItem","position":1,"name":"Home","item":"https:\/\/thehometownlawyers.com\/es\/"},{"@type":"ListItem","position":2,"name":"Abogado de Lesiones Personales en Brookville","item":"https:\/\/thehometownlawyers.com\/es\/abogados-de-lesiones-personales-de-brookville-ohio\/"},{"@type":"ListItem","position":3,"name":"Abogado de Accidente Automovil\u00edstico en Brookville"}]},{"@type":"WebSite","@id":"https:\/\/thehometownlawyers.com\/es\/#website","url":"https:\/\/thehometownlawyers.com\/es\/","name":"Kruger & Hodges Hometown Injury Lawyers | Accident Attorneys","description":"Attorneys for Car, Truck and Motorcycle Accidents, Personal Injuries, and Criminal Defense.","publisher":{"@id":"https:\/\/thehometownlawyers.com\/es\/#organization"},"alternateName":"Kruger & Hodges Personal Injury Lawyers","inLanguage":"es"},{"@type":"Organization","@id":"https:\/\/thehometownlawyers.com\/es\/#organization","name":"Kruger & Hodges Hometown Injury Lawyers","alternateName":"Kruger & Hodges Accident Attorneys","url":"https:\/\/thehometownlawyers.com\/es\/","logo":{"@type":"ImageObject","inLanguage":"es","@id":"https:\/\/thehometownlawyers.com\/es\/#\/schema\/logo\/image\/","url":"https:\/\/thehometownlawyers.com\/wp-content\/uploads\/2025\/12\/revised-kh-logo-vertical-white-background-scaled.png","contentUrl":"https:\/\/thehometownlawyers.com\/wp-content\/uploads\/2025\/12\/revised-kh-logo-vertical-white-background-scaled.png","width":2560,"height":1440,"caption":"Kruger & Hodges Hometown Injury Lawyers"},"image":{"@id":"https:\/\/thehometownlawyers.com\/es\/#\/schema\/logo\/image\/"},"sameAs":["https:\/\/www.facebook.com\/KrugerHodges\/","https:\/\/www.instagram.com\/krugerhodges\/","https:\/\/www.linkedin.com\/company\/kruger-hodges-hometown-injury-lawyers\/","https:\/\/www.youtube.com\/channel\/UCeYcMaMaN2rb9jMlqt4EIdQ","https:\/\/www.tiktok.com\/@thehometownlawyer"]}]}},"_links":{"self":[{"href":"https:\/\/thehometownlawyers.com\/es\/wp-json\/wp\/v2\/pages\/21152","targetHints":{"allow":["GET"]}}],"collection":[{"href":"https:\/\/thehometownlawyers.com\/es\/wp-json\/wp\/v2\/pages"}],"about":[{"href":"https:\/\/thehometownlawyers.com\/es\/wp-json\/wp\/v2\/types\/page"}],"author":[{"embeddable":true,"href":"https:\/\/thehometownlawyers.com\/es\/wp-json\/wp\/v2\/users\/7"}],"replies":[{"embeddable":true,"href":"https:\/\/thehometownlawyers.com\/es\/wp-json\/wp\/v2\/comments?post=21152"}],"version-history":[{"count":0,"href":"https:\/\/thehometownlawyers.com\/es\/wp-json\/wp\/v2\/pages\/21152\/revisions"}],"up":[{"embeddable":true,"href":"https:\/\/thehometownlawyers.com\/es\/wp-json\/wp\/v2\/pages\/21141"}],"wp:featuredmedia":[{"embeddable":true,"href":"https:\/\/thehometownlawyers.com\/es\/wp-json\/wp\/v2\/media\/20890"}],"wp:attachment":[{"href":"https:\/\/thehometownlawyers.com\/es\/wp-json\/wp\/v2\/media?parent=21152"}],"wp:term":[{"taxonomy":"hc_faqs","embeddable":true,"href":"https:\/\/thehometownlawyers.com\/es\/wp-json\/wp\/v2\/hc_faqs?post=21152"},{"taxonomy":"hc_spanish_faqs","embeddable":true,"href":"https:\/\/thehometownlawyers.com\/es\/wp-json\/wp\/v2\/hc_spanish_faqs?post=21152"}],"curies":[{"name":"wp","href":"https:\/\/api.w.org\/{rel}","templated":true}]}}