{"id":21154,"date":"2022-01-03T21:41:45","date_gmt":"2022-01-04T02:41:45","guid":{"rendered":"https:\/\/thehometownlawyers.com\/?page_id=21154"},"modified":"2025-02-03T09:53:15","modified_gmt":"2025-02-03T14:53:15","slug":"accidentes-automovilisticos-en-west-alexandria-ohio","status":"publish","type":"page","link":"https:\/\/thehometownlawyers.com\/es\/lesiones-personales-en-west-alexandria-ohio\/accidentes-automovilisticos-en-west-alexandria-ohio\/","title":{"rendered":"Abogado de Accidente Automovil\u00edstico en West Alexandria"},"content":{"rendered":"<h2>Accidentes automovil\u00edsticos en West Alexandria<\/h2>\n<p>Como un peque\u00f1o pueblo en el condado de Preble , West Alexandria es una de las mejores comunidades para formar una familia. West Alexandria es un lugar amigable para vivir y es parte del \u00c1rea Estad\u00edstica Metropolitana de Dayton. Si bien nuestro pueblo es id\u00edlico, no estamos completamente protegidos de los accidentes automovil\u00edsticos en West Alexandria, Ohio. Cuando ocurre un accidente automovil\u00edstico, puede poner su vida patas arriba. Es probable que sufra lesiones dolorosas y tambi\u00e9n sienta estr\u00e9s y trauma. Si no puede regresar al trabajo, tiene miedo de c\u00f3mo pagar\u00e1 sus cuentas. El conductor negligente debe ser responsable de sus lesiones y debe pagarle por sus da\u00f1os.<\/p>\n<p class=\"rs-content-cta rs-content-cta-small\">Para una consulta legal gratuita, llame al <a href=\"tel:+15138943333\">513-894-3333 <\/a><\/p><h2>\u00bfQu\u00e9 causa los accidentes automovil\u00edsticos en West Alexandria, Ohio?<\/h2>\n<p>Los accidentes automovil\u00edsticos pueden ser causados por muchos factores diferentes. Las causas m\u00e1s comunes son los errores del conductor. Algunos errores comunes del conductor que podr\u00edan provocar un accidente incluyen:<\/p>\n<ul>\n<li>Exceso de velocidad<\/li>\n<li><a href=\"https:\/\/www.nhtsa.gov\/risky-driving\/distracted-driving#:~:text=Distracted%20driving%20is%20any%20activity,the%20task%20of%20safe%20driving.\" target=\"_blank\" rel=\"noopener\">Conducci\u00f3n distraida<\/a><\/li>\n<li>Incumplimiento de las se\u00f1ales de tr\u00e1fico<\/li>\n<li>No ceder<\/li>\n<li>Cambio de carril inadecuado<\/li>\n<li>Manejando en estado de ebridad<\/li>\n<\/ul>\n<p>Algunos accidentes automovil\u00edsticos son causados por m\u00e1s de un factor. Por ejemplo, el exceso de velocidad por s\u00ed solo es una infracci\u00f3n grave, pero es m\u00e1s probable que un conductor distra\u00eddo que est\u00e1 acelerando provoque un accidente debido a acciones negligentes. Hay muchos tipos de accidentes, como colisiones traseras, accidentes de impacto lateral, accidentes de T-bone, accidentes frontales y m\u00e1s. La velocidad de los veh\u00edculos y el \u00e1rea de impacto son algunas de las cuestiones que determinar\u00e1n la gravedad de las lesiones.<\/p>\n<p class=\"rs-content-cta\">Abogado de Lesiones Personales de West Alexandria Cerca de M\u00ed <a href=\"tel:+15138943333\">513-894-3333<\/a><\/p><h2>Da\u00f1os y Lesiones<\/h2>\n<p>Los costos m\u00e9dicos y otros da\u00f1os asociados con un accidente automovil\u00edstico pueden acumularse r\u00e1pidamente. Puede incurrir en los costos de atenci\u00f3n en la sala de emergencias, hospitalizaci\u00f3n, radiograf\u00edas, cirug\u00eda, tratamiento continuo y costos de rehabilitaci\u00f3n. La parte negligente debe pagar sus gastos m\u00e9dicos, junto con otros costos. Los tipos comunes de da\u00f1os son monetarios y no monetarios. Los da\u00f1os a menudo incluyen este tipo de cosas:<\/p>\n<ul>\n<li>Facturas m\u00e9dicas<\/li>\n<li>Dolor y sufrimiento<\/li>\n<li>Salarios perdidos<\/li>\n<li>Trauma emocional<\/li>\n<li>Gastos m\u00e9dicos futuros<\/li>\n<\/ul>\n<p>Seg\u00fan la gravedad de las lesiones, los gastos asociados con los accidentes automovil\u00edsticos en West Alexandria pueden ser astron\u00f3micos. No deber\u00eda tener que preocuparse por pagar estos gastos cuando no tiene la culpa del accidente. El conductor negligente es responsable de pagar los da\u00f1os que caus\u00f3 en el accidente. Un abogado experto en accidentes automovil\u00edsticos en West Alexandria lo ayudar\u00e1 a obtener el dinero que se merece despu\u00e9s de un accidente grave.<\/p>\n<p class=\"rs-content-cta rs-content-cta-small\"><a href=\"\/es\/contacto\/\">Haga clic para contactar<\/a> con nuestros lesiones personales abogados hoy<\/p><h2>Negligencia y Negligencia Comparada<\/h2>\n<p>Los conductores tienen el deber de conducir con seguridad. La negligencia es la falta de ejercicio de un cuidado razonable que resulte en una lesi\u00f3n a otra persona. Cuando te pones al volante, tienes la responsabilidad de desempe\u00f1arte correctamente. Cuando haces algo que es peligroso, puede ser negligente. La negligencia puede ser exceso de velocidad, conducir distra\u00eddo, no obedecer las se\u00f1ales de tr\u00e1fico, conducir en estado de ebriedad y m\u00e1s. Despu\u00e9s de un accidente, la compa\u00f1\u00eda de seguros generalmente eval\u00faa el accidente y asigna una parte de negligencia a cada conductor. El conductor negligente es responsable de los da\u00f1os que haya causado.<\/p>\n<p>M\u00e1s de un conductor puede haber jugado un papel en causar el accidente. Ohio utiliza la ley <a href=\"https:\/\/insurance.ohio.gov\/wps\/portal\/gov\/odi\/consumers\/automobile\/comparative-negligence#:~:text=In%201980%2C%20Ohio%20became%20the,injury%20or%20damage%20to%20another.\" target=\"_blank\" rel=\"noopener\">de negligencia comparativa<\/a> , lo que significa que puede cobrar una compensaci\u00f3n por sus lesiones siempre que su parte de negligencia sea inferior al 50%. Usted y su abogado deber\u00e1n demostrar que el conductor fue negligente y, por lo tanto, debe pagar los da\u00f1os causados por el accidente.<\/p>\n<p class=\"rs-content-cta rs-content-cta-small\">Complete una <a href=\"\/es\/contacto\/\">evaluaci\u00f3n gratuita de su caso<\/a> ahora<\/p><h2>Compensaci\u00f3n por lesiones de accidentes automovil\u00edsticos<\/h2>\n<p>El conductor negligente debe ser responsable de pagar sus costos m\u00e9dicos y otros da\u00f1os que sufri\u00f3 como resultado del choque. Para cobrar la compensaci\u00f3n, debe probar que el otro conductor fue negligente. La negligencia incluye cuatro elementos principales:<\/p>\n<ul>\n<li>Obligaci\u00f3n de cuidar<\/li>\n<li>Incumplimiento del deber<\/li>\n<li>Causalidad<\/li>\n<li>Da\u00f1os y perjuicios<\/li>\n<\/ul>\n<p>Generalmente, usted y su abogado trabajar\u00e1n con la compa\u00f1\u00eda de seguros para resolver el acuerdo. Su abogado tiene bastante experiencia en el manejo de estos problemas y, en muchos casos, la oferta de la compa\u00f1\u00eda de seguros ser\u00e1 menos que adecuada si trata de manejar el reclamo por su cuenta. Si recibe una oferta de acuerdo, no la acepte y no cambie el cheque hasta que hable con un abogado. La oferta inicial puede ser inadecuada y, si acepta el pago, renunciar\u00e1 a su derecho a reclamar m\u00e1s da\u00f1os.<\/p>\n<p>Si usted o un ser querido result\u00f3 herido en un accidente automovil\u00edstico, merece una compensaci\u00f3n de la parte negligente. Nuestro equipo legal est\u00e1 aqu\u00ed para ayudarlo a obtener justicia por sus lesiones. Comun\u00edquese con nuestros abogados de <a href=\"https:\/\/thehometownlawyers.com\/es\/contacto\/\">Kruger &amp; Hodges<\/a> al (937) 733-6079 para una consulta inicial gratuita.<\/p>\n<p class=\"rs-content-cta rs-content-cta-small\">Llame o env\u00ede un mensaje de texto al <a href=\"tel:+15138943333\">513-894-3333<\/a> o complete una <a href=\"\/es\/contacto\/\">evaluaci\u00f3n gratuita de su caso<\/a><\/p>","protected":false},"excerpt":{"rendered":"<p>Accidentes automovil\u00edsticos en West Alexandria Como un peque\u00f1o pueblo en el condado de Preble , West Alexandria es una de las mejores comunidades para formar una familia. West Alexandria es un lugar amigable para vivir y es parte del \u00c1rea Estad\u00edstica Metropolitana de Dayton. Si bien nuestro pueblo es id\u00edlico, no estamos completamente protegidos de &#8230;<\/p>\n","protected":false},"author":7,"featured_media":20753,"parent":21162,"menu_order":0,"comment_status":"closed","ping_status":"closed","template":"","meta":{"_acf_changed":false,"inline_featured_image":false,"_genesis_hide_title":false,"_genesis_hide_breadcrumbs":false,"_genesis_hide_singular_image":false,"_genesis_hide_footer_widgets":false,"_genesis_custom_body_class":"","_genesis_custom_post_class":"","_genesis_layout":"","footnotes":""},"hc_faqs":[],"hc_spanish_faqs":[],"class_list":{"0":"post-21154","1":"page","2":"type-page","3":"status-publish","4":"has-post-thumbnail","6":"hc_city_location-west-alexandria-es","7":"entry"},"acf":[],"yoast_head":"<!-- This site is optimized with the Yoast SEO plugin v27.3 - https:\/\/yoast.com\/product\/yoast-seo-wordpress\/ -->\n<title>Accidentes automovil\u00edsticos en West Alexandria, Ohio: Consulta gratuita<\/title>\n<meta name=\"description\" content=\"Los accidentes automovil\u00edsticos en West Alexandria pueden dejar a las v\u00edctimas sin poder trabajar. Los conductores negligentes deben ser responsables de las lesiones y pagar los da\u00f1os\" \/>\n<meta name=\"robots\" content=\"index, follow, max-snippet:-1, max-image-preview:large, max-video-preview:-1\" \/>\n<link rel=\"canonical\" href=\"https:\/\/thehometownlawyers.com\/es\/lesiones-personales-en-west-alexandria-ohio\/accidentes-automovilisticos-en-west-alexandria-ohio\/\" \/>\n<meta property=\"og:locale\" content=\"es_MX\" \/>\n<meta property=\"og:type\" content=\"article\" \/>\n<meta property=\"og:title\" content=\"Accidentes automovil\u00edsticos en West Alexandria, Ohio: Consulta gratuita\" \/>\n<meta property=\"og:description\" content=\"Los accidentes automovil\u00edsticos en West Alexandria pueden dejar a las v\u00edctimas sin poder trabajar. Los conductores negligentes deben ser responsables de las lesiones y pagar los da\u00f1os\" \/>\n<meta property=\"og:url\" content=\"https:\/\/thehometownlawyers.com\/es\/lesiones-personales-en-west-alexandria-ohio\/accidentes-automovilisticos-en-west-alexandria-ohio\/\" \/>\n<meta property=\"og:site_name\" content=\"Kruger &amp; Hodges Abogados De Lesiones\" \/>\n<meta property=\"article:publisher\" content=\"https:\/\/www.facebook.com\/KrugerHodges\/\" \/>\n<meta property=\"article:modified_time\" content=\"2025-02-03T14:53:15+00:00\" \/>\n<meta property=\"og:image\" content=\"https:\/\/thehometownlawyers.com\/wp-content\/uploads\/2020\/05\/Canva-Car-Accident-Damage-Crash-Insurance-Wreck.jpg\" \/>\n\t<meta property=\"og:image:width\" content=\"612\" \/>\n\t<meta property=\"og:image:height\" content=\"408\" \/>\n\t<meta property=\"og:image:type\" content=\"image\/jpeg\" \/>\n<meta name=\"twitter:card\" content=\"summary_large_image\" \/>\n<meta name=\"twitter:label1\" content=\"Tiempo de lectura\" \/>\n\t<meta name=\"twitter:data1\" content=\"4 minutos\" \/>\n<script type=\"application\/ld+json\" class=\"yoast-schema-graph\">{\"@context\":\"https:\\\/\\\/schema.org\",\"@graph\":[{\"@type\":\"WebPage\",\"@id\":\"https:\\\/\\\/thehometownlawyers.com\\\/es\\\/lesiones-personales-en-west-alexandria-ohio\\\/accidentes-automovilisticos-en-west-alexandria-ohio\\\/\",\"url\":\"https:\\\/\\\/thehometownlawyers.com\\\/es\\\/lesiones-personales-en-west-alexandria-ohio\\\/accidentes-automovilisticos-en-west-alexandria-ohio\\\/\",\"name\":\"Accidentes automovil\u00edsticos en West Alexandria, Ohio: Consulta gratuita\",\"isPartOf\":{\"@id\":\"https:\\\/\\\/thehometownlawyers.com\\\/es\\\/#website\"},\"primaryImageOfPage\":{\"@id\":\"https:\\\/\\\/thehometownlawyers.com\\\/es\\\/lesiones-personales-en-west-alexandria-ohio\\\/accidentes-automovilisticos-en-west-alexandria-ohio\\\/#primaryimage\"},\"image\":{\"@id\":\"https:\\\/\\\/thehometownlawyers.com\\\/es\\\/lesiones-personales-en-west-alexandria-ohio\\\/accidentes-automovilisticos-en-west-alexandria-ohio\\\/#primaryimage\"},\"thumbnailUrl\":\"https:\\\/\\\/thehometownlawyers.com\\\/wp-content\\\/uploads\\\/2020\\\/05\\\/Canva-Car-Accident-Damage-Crash-Insurance-Wreck.jpg\",\"datePublished\":\"2022-01-04T02:41:45+00:00\",\"dateModified\":\"2025-02-03T14:53:15+00:00\",\"description\":\"Los accidentes automovil\u00edsticos en West Alexandria pueden dejar a las v\u00edctimas sin poder trabajar. Los conductores negligentes deben ser responsables de las lesiones y pagar los da\u00f1os\",\"breadcrumb\":{\"@id\":\"https:\\\/\\\/thehometownlawyers.com\\\/es\\\/lesiones-personales-en-west-alexandria-ohio\\\/accidentes-automovilisticos-en-west-alexandria-ohio\\\/#breadcrumb\"},\"inLanguage\":\"es\",\"potentialAction\":[{\"@type\":\"ReadAction\",\"target\":[\"https:\\\/\\\/thehometownlawyers.com\\\/es\\\/lesiones-personales-en-west-alexandria-ohio\\\/accidentes-automovilisticos-en-west-alexandria-ohio\\\/\"]}]},{\"@type\":\"ImageObject\",\"inLanguage\":\"es\",\"@id\":\"https:\\\/\\\/thehometownlawyers.com\\\/es\\\/lesiones-personales-en-west-alexandria-ohio\\\/accidentes-automovilisticos-en-west-alexandria-ohio\\\/#primaryimage\",\"url\":\"https:\\\/\\\/thehometownlawyers.com\\\/wp-content\\\/uploads\\\/2020\\\/05\\\/Canva-Car-Accident-Damage-Crash-Insurance-Wreck.jpg\",\"contentUrl\":\"https:\\\/\\\/thehometownlawyers.com\\\/wp-content\\\/uploads\\\/2020\\\/05\\\/Canva-Car-Accident-Damage-Crash-Insurance-Wreck.jpg\",\"width\":612,\"height\":408,\"caption\":\"Accidentes Automovil\u00edsticos Ohio\"},{\"@type\":\"BreadcrumbList\",\"@id\":\"https:\\\/\\\/thehometownlawyers.com\\\/es\\\/lesiones-personales-en-west-alexandria-ohio\\\/accidentes-automovilisticos-en-west-alexandria-ohio\\\/#breadcrumb\",\"itemListElement\":[{\"@type\":\"ListItem\",\"position\":1,\"name\":\"Home\",\"item\":\"https:\\\/\\\/thehometownlawyers.com\\\/es\\\/\"},{\"@type\":\"ListItem\",\"position\":2,\"name\":\"Abogado de Lesiones Personales en West Alexandria\",\"item\":\"https:\\\/\\\/thehometownlawyers.com\\\/es\\\/lesiones-personales-en-west-alexandria-ohio\\\/\"},{\"@type\":\"ListItem\",\"position\":3,\"name\":\"Abogado de Accidente Automovil\u00edstico en West Alexandria\"}]},{\"@type\":\"WebSite\",\"@id\":\"https:\\\/\\\/thehometownlawyers.com\\\/es\\\/#website\",\"url\":\"https:\\\/\\\/thehometownlawyers.com\\\/es\\\/\",\"name\":\"Kruger & Hodges Hometown Injury Lawyers | Accident Attorneys\",\"description\":\"Attorneys for Car, Truck and Motorcycle Accidents, Personal Injuries, and Criminal Defense.\",\"publisher\":{\"@id\":\"https:\\\/\\\/thehometownlawyers.com\\\/es\\\/#organization\"},\"alternateName\":\"Kruger & Hodges Personal Injury Lawyers\",\"inLanguage\":\"es\"},{\"@type\":\"Organization\",\"@id\":\"https:\\\/\\\/thehometownlawyers.com\\\/es\\\/#organization\",\"name\":\"Kruger & Hodges Hometown Injury Lawyers\",\"alternateName\":\"Kruger & Hodges\",\"url\":\"https:\\\/\\\/thehometownlawyers.com\\\/es\\\/\",\"logo\":{\"@type\":\"ImageObject\",\"inLanguage\":\"es\",\"@id\":\"https:\\\/\\\/thehometownlawyers.com\\\/es\\\/#\\\/schema\\\/logo\\\/image\\\/\",\"url\":\"https:\\\/\\\/thehometownlawyers.com\\\/wp-content\\\/uploads\\\/2025\\\/12\\\/revised-kh-logo-vertical-white-background-scaled.png\",\"contentUrl\":\"https:\\\/\\\/thehometownlawyers.com\\\/wp-content\\\/uploads\\\/2025\\\/12\\\/revised-kh-logo-vertical-white-background-scaled.png\",\"width\":2560,\"height\":1440,\"caption\":\"Kruger & Hodges Hometown Injury Lawyers\"},\"image\":{\"@id\":\"https:\\\/\\\/thehometownlawyers.com\\\/es\\\/#\\\/schema\\\/logo\\\/image\\\/\"},\"sameAs\":[\"https:\\\/\\\/www.facebook.com\\\/KrugerHodges\\\/\",\"https:\\\/\\\/www.instagram.com\\\/krugerhodges\\\/\",\"https:\\\/\\\/www.linkedin.com\\\/company\\\/kruger-hodges-hometown-injury-lawyers\\\/\",\"https:\\\/\\\/www.youtube.com\\\/channel\\\/UCeYcMaMaN2rb9jMlqt4EIdQ\",\"https:\\\/\\\/www.tiktok.com\\\/@thehometownlawyer\"]}]}<\/script>\n<!-- \/ Yoast SEO plugin. -->","yoast_head_json":{"title":"Accidentes automovil\u00edsticos en West Alexandria, Ohio: Consulta gratuita","description":"Los accidentes automovil\u00edsticos en West Alexandria pueden dejar a las v\u00edctimas sin poder trabajar. Los conductores negligentes deben ser responsables de las lesiones y pagar los da\u00f1os","robots":{"index":"index","follow":"follow","max-snippet":"max-snippet:-1","max-image-preview":"max-image-preview:large","max-video-preview":"max-video-preview:-1"},"canonical":"https:\/\/thehometownlawyers.com\/es\/lesiones-personales-en-west-alexandria-ohio\/accidentes-automovilisticos-en-west-alexandria-ohio\/","og_locale":"es_MX","og_type":"article","og_title":"Accidentes automovil\u00edsticos en West Alexandria, Ohio: Consulta gratuita","og_description":"Los accidentes automovil\u00edsticos en West Alexandria pueden dejar a las v\u00edctimas sin poder trabajar. Los conductores negligentes deben ser responsables de las lesiones y pagar los da\u00f1os","og_url":"https:\/\/thehometownlawyers.com\/es\/lesiones-personales-en-west-alexandria-ohio\/accidentes-automovilisticos-en-west-alexandria-ohio\/","og_site_name":"Kruger &amp; Hodges Abogados De Lesiones","article_publisher":"https:\/\/www.facebook.com\/KrugerHodges\/","article_modified_time":"2025-02-03T14:53:15+00:00","og_image":[{"width":612,"height":408,"url":"https:\/\/thehometownlawyers.com\/wp-content\/uploads\/2020\/05\/Canva-Car-Accident-Damage-Crash-Insurance-Wreck.jpg","type":"image\/jpeg"}],"twitter_card":"summary_large_image","twitter_misc":{"Tiempo de lectura":"4 minutos"},"schema":{"@context":"https:\/\/schema.org","@graph":[{"@type":"WebPage","@id":"https:\/\/thehometownlawyers.com\/es\/lesiones-personales-en-west-alexandria-ohio\/accidentes-automovilisticos-en-west-alexandria-ohio\/","url":"https:\/\/thehometownlawyers.com\/es\/lesiones-personales-en-west-alexandria-ohio\/accidentes-automovilisticos-en-west-alexandria-ohio\/","name":"Accidentes automovil\u00edsticos en West Alexandria, Ohio: Consulta gratuita","isPartOf":{"@id":"https:\/\/thehometownlawyers.com\/es\/#website"},"primaryImageOfPage":{"@id":"https:\/\/thehometownlawyers.com\/es\/lesiones-personales-en-west-alexandria-ohio\/accidentes-automovilisticos-en-west-alexandria-ohio\/#primaryimage"},"image":{"@id":"https:\/\/thehometownlawyers.com\/es\/lesiones-personales-en-west-alexandria-ohio\/accidentes-automovilisticos-en-west-alexandria-ohio\/#primaryimage"},"thumbnailUrl":"https:\/\/thehometownlawyers.com\/wp-content\/uploads\/2020\/05\/Canva-Car-Accident-Damage-Crash-Insurance-Wreck.jpg","datePublished":"2022-01-04T02:41:45+00:00","dateModified":"2025-02-03T14:53:15+00:00","description":"Los accidentes automovil\u00edsticos en West Alexandria pueden dejar a las v\u00edctimas sin poder trabajar. Los conductores negligentes deben ser responsables de las lesiones y pagar los da\u00f1os","breadcrumb":{"@id":"https:\/\/thehometownlawyers.com\/es\/lesiones-personales-en-west-alexandria-ohio\/accidentes-automovilisticos-en-west-alexandria-ohio\/#breadcrumb"},"inLanguage":"es","potentialAction":[{"@type":"ReadAction","target":["https:\/\/thehometownlawyers.com\/es\/lesiones-personales-en-west-alexandria-ohio\/accidentes-automovilisticos-en-west-alexandria-ohio\/"]}]},{"@type":"ImageObject","inLanguage":"es","@id":"https:\/\/thehometownlawyers.com\/es\/lesiones-personales-en-west-alexandria-ohio\/accidentes-automovilisticos-en-west-alexandria-ohio\/#primaryimage","url":"https:\/\/thehometownlawyers.com\/wp-content\/uploads\/2020\/05\/Canva-Car-Accident-Damage-Crash-Insurance-Wreck.jpg","contentUrl":"https:\/\/thehometownlawyers.com\/wp-content\/uploads\/2020\/05\/Canva-Car-Accident-Damage-Crash-Insurance-Wreck.jpg","width":612,"height":408,"caption":"Accidentes Automovil\u00edsticos Ohio"},{"@type":"BreadcrumbList","@id":"https:\/\/thehometownlawyers.com\/es\/lesiones-personales-en-west-alexandria-ohio\/accidentes-automovilisticos-en-west-alexandria-ohio\/#breadcrumb","itemListElement":[{"@type":"ListItem","position":1,"name":"Home","item":"https:\/\/thehometownlawyers.com\/es\/"},{"@type":"ListItem","position":2,"name":"Abogado de Lesiones Personales en West Alexandria","item":"https:\/\/thehometownlawyers.com\/es\/lesiones-personales-en-west-alexandria-ohio\/"},{"@type":"ListItem","position":3,"name":"Abogado de Accidente Automovil\u00edstico en West Alexandria"}]},{"@type":"WebSite","@id":"https:\/\/thehometownlawyers.com\/es\/#website","url":"https:\/\/thehometownlawyers.com\/es\/","name":"Kruger & Hodges Hometown Injury Lawyers | Accident Attorneys","description":"Attorneys for Car, Truck and Motorcycle Accidents, Personal Injuries, and Criminal Defense.","publisher":{"@id":"https:\/\/thehometownlawyers.com\/es\/#organization"},"alternateName":"Kruger & Hodges Personal Injury Lawyers","inLanguage":"es"},{"@type":"Organization","@id":"https:\/\/thehometownlawyers.com\/es\/#organization","name":"Kruger & Hodges Hometown Injury Lawyers","alternateName":"Kruger & Hodges","url":"https:\/\/thehometownlawyers.com\/es\/","logo":{"@type":"ImageObject","inLanguage":"es","@id":"https:\/\/thehometownlawyers.com\/es\/#\/schema\/logo\/image\/","url":"https:\/\/thehometownlawyers.com\/wp-content\/uploads\/2025\/12\/revised-kh-logo-vertical-white-background-scaled.png","contentUrl":"https:\/\/thehometownlawyers.com\/wp-content\/uploads\/2025\/12\/revised-kh-logo-vertical-white-background-scaled.png","width":2560,"height":1440,"caption":"Kruger & Hodges Hometown Injury Lawyers"},"image":{"@id":"https:\/\/thehometownlawyers.com\/es\/#\/schema\/logo\/image\/"},"sameAs":["https:\/\/www.facebook.com\/KrugerHodges\/","https:\/\/www.instagram.com\/krugerhodges\/","https:\/\/www.linkedin.com\/company\/kruger-hodges-hometown-injury-lawyers\/","https:\/\/www.youtube.com\/channel\/UCeYcMaMaN2rb9jMlqt4EIdQ","https:\/\/www.tiktok.com\/@thehometownlawyer"]}]}},"_links":{"self":[{"href":"https:\/\/thehometownlawyers.com\/es\/wp-json\/wp\/v2\/pages\/21154","targetHints":{"allow":["GET"]}}],"collection":[{"href":"https:\/\/thehometownlawyers.com\/es\/wp-json\/wp\/v2\/pages"}],"about":[{"href":"https:\/\/thehometownlawyers.com\/es\/wp-json\/wp\/v2\/types\/page"}],"author":[{"embeddable":true,"href":"https:\/\/thehometownlawyers.com\/es\/wp-json\/wp\/v2\/users\/7"}],"replies":[{"embeddable":true,"href":"https:\/\/thehometownlawyers.com\/es\/wp-json\/wp\/v2\/comments?post=21154"}],"version-history":[{"count":0,"href":"https:\/\/thehometownlawyers.com\/es\/wp-json\/wp\/v2\/pages\/21154\/revisions"}],"up":[{"embeddable":true,"href":"https:\/\/thehometownlawyers.com\/es\/wp-json\/wp\/v2\/pages\/21162"}],"wp:featuredmedia":[{"embeddable":true,"href":"https:\/\/thehometownlawyers.com\/es\/wp-json\/wp\/v2\/media\/20753"}],"wp:attachment":[{"href":"https:\/\/thehometownlawyers.com\/es\/wp-json\/wp\/v2\/media?parent=21154"}],"wp:term":[{"taxonomy":"hc_faqs","embeddable":true,"href":"https:\/\/thehometownlawyers.com\/es\/wp-json\/wp\/v2\/hc_faqs?post=21154"},{"taxonomy":"hc_spanish_faqs","embeddable":true,"href":"https:\/\/thehometownlawyers.com\/es\/wp-json\/wp\/v2\/hc_spanish_faqs?post=21154"}],"curies":[{"name":"wp","href":"https:\/\/api.w.org\/{rel}","templated":true}]}}