{"id":21155,"date":"2021-12-27T20:50:00","date_gmt":"2021-12-28T01:50:00","guid":{"rendered":"https:\/\/thehometownlawyers.com\/?page_id=21155"},"modified":"2025-02-17T15:11:38","modified_gmt":"2025-02-17T20:11:38","slug":"abogados-de-lesiones-personales-en-lewisburg-ohio","status":"publish","type":"page","link":"https:\/\/thehometownlawyers.com\/es\/abogados-de-lesiones-personales-en-lewisburg-ohio\/","title":{"rendered":"Abogado de Lesiones Personales en Lewisburg"},"content":{"rendered":"<h2>Abogados de Lesiones Personales en Lewisburg, Ohio<\/h2>\n<p>Los accidentes automovil\u00edsticos pueden causar lesiones traum\u00e1ticas que pueden afectarlo f\u00edsica, emocional y financieramente. Lewisburg no es un \u00e1rea metropolitana grande, pero tiene algunos accidentes graves todos los a\u00f1os. Lewisburg se encuentra en <a href=\"https:\/\/thehometownlawyers.com\/es\/\">el condado de Preble, Ohio<\/a> . Con muchas autopistas grandes cerca, vemos todo tipo de choques aqu\u00ed, algunos de los cuales son fatales. La Interestatal 70, la Interestatal 75 y la Interestatal 71 est\u00e1n todas cerca, lo que significa que compartimos la carretera con muchos otros veh\u00edculos, incluidos autom\u00f3viles de pasajeros, motocicletas y grandes camiones comerciales. Cuando se lesiona en un accidente de veh\u00edculo, el conductor negligente es responsable de sus da\u00f1os. Puede obtener la ayuda para recibir la compensaci\u00f3n por sus da\u00f1os de abogados con experiencia en lesiones personales en Lewisburg, Ohio.<\/p>\n<p class=\"rs-content-cta rs-content-cta-small\">Para una consulta legal gratuita, llame al <a href=\"tel:+15138943333\">513-894-3333 <\/a><\/p><h2>Tipos de accidentes de veh\u00edculos<\/h2>\n<p>Hay varios tipos de accidentes de veh\u00edculos que pueden resultar en lesiones graves o muertes. Estos incluyen accidentes automovil\u00edsticos, accidentes de motocicleta y accidentes de cami\u00f3n. Cada uno de estos tipos de colisiones es \u00fanico y tiene su propio conjunto de problemas y preocupaciones.<\/p>\n<ul>\n<li>Accidentes automovil\u00edsticos: Los accidentes automovil\u00edsticos son probablemente el tipo m\u00e1s com\u00fan de choque vehicular. Muchos accidentes automovil\u00edsticos son menores y las v\u00edctimas no tienen lesiones graves. Sin embargo, algunos accidentes automovil\u00edsticos son extremadamente graves y los ocupantes pueden sufrir lesiones que requieren un tratamiento y una recuperaci\u00f3n extensos. Los accidentes automovil\u00edsticos en Lewisburg , Ohio, pueden causar da\u00f1os extensos y requerir atenci\u00f3n a largo plazo.<\/li>\n<li>Accidentes de motocicleta: Los accidentes de motocicleta pueden causar lesiones devastadoras. Los accidentes de motocicleta en Lewisburg, Ohio, a menudo son el resultado de un conductor que no observ\u00f3 una motocicleta en la carretera. La mayor\u00eda de los accidentes de motocicleta resultan en lesiones graves y, a veces, que ponen en peligro la vida y, en algunos casos, muertes. Podr\u00eda tener lesiones o discapacidades a largo plazo debido a un choque de motocicleta con otro veh\u00edculo.<\/li>\n<li>Accidentes de camiones: Los accidentes de camiones se encuentran entre los tipos de choques m\u00e1s graves. Los accidentes de camiones en Lewisburg, Ohio, pueden causar lesiones y muertes que ponen en peligro la vida. Los camiones pueden causar algunos de los tipos m\u00e1s graves de lesiones en la cabeza y otros da\u00f1os que requieren hospitalizaci\u00f3n, cirug\u00eda y recuperaci\u00f3n a largo plazo. Los accidentes de camiones son el tipo m\u00e1s com\u00fan de accidente que resulta en la muerte.<\/li>\n<\/ul>\n<p class=\"rs-content-cta\">Abogado de Lesiones Personales de Lewisburg Cerca de M\u00ed <a href=\"tel:+15138943333\">513-894-3333<\/a><\/p><h2>\u00bfQu\u00e9 causa los accidentes de veh\u00edculos?<\/h2>\n<p>Los accidentes de veh\u00edculos pueden ocurrir por varias razones. Los factores que causan o contribuyen a los accidentes pueden deberse a errores del conductor, fallas mec\u00e1nicas o condiciones clim\u00e1ticas o de la carretera. Un conductor es en \u00faltima instancia responsable de conducir de manera segura. Cuando un conductor es <a href=\"https:\/\/www.law.cornell.edu\/wex\/negligence\" target=\"_blank\" rel=\"noopener\">negligente<\/a> , \u00e9l o ella es responsable de causar el choque. Negligencia simplemente significa que el conductor sab\u00eda o deber\u00eda haber sabido que sus acciones podr\u00edan causar da\u00f1os graves o la muerte. Algunas de las muchas razones de los accidentes automovil\u00edsticos incluyen el exceso de velocidad, no obedecer una se\u00f1al, no ceder el paso, conducir con problemas, conducir distra\u00eddo y m\u00e1s. Es \u00fatil saber que el conductor no necesita obtener una multa de tr\u00e1fico para ser considerado responsable de un accidente.<\/p>\n<p class=\"rs-content-cta rs-content-cta-small\"><a href=\"\/es\/contacto\/\">Haga clic para contactar<\/a> con nuestros lesiones personales abogados hoy<\/p><h2>\u00bfCu\u00e1ndo es m\u00e1s probable que sucedan los accidentes?<\/h2>\n<p>Lewisburg se encuentra en el extremo occidental de Ohio, en el condado de Preble. La <a href=\"https:\/\/www.statepatrol.ohio.gov\/statistics\/statspage.asp?Area1=68&amp;B2=Submit#gsc.tab=0\" target=\"_blank\" rel=\"noopener\">Patrulla de Carreteras del Estado de Ohio<\/a> realiza un seguimiento de los accidentes dentro del estado. Ohio promedia alrededor de 300 lesiones por d\u00eda debido a accidentes de veh\u00edculos y alrededor de dos muertes por d\u00eda. La Administraci\u00f3n Nacional de Seguridad del Tr\u00e1fico en Carreteras (NHTSA) recopila datos de accidentes en todos los estados. Un poco m\u00e1s de la mitad de los accidentes en Ohio ocurren durante el d\u00eda. La mayor\u00eda de los accidentes con lesiones ocurrieron el viernes, mientras que la mayor\u00eda de las muertes y lesiones incapacitantes ocurrieron el s\u00e1bado. Noviembre es el mes que tiene el mayor n\u00famero de lesiones relacionadas con choques.<\/p>\n<p class=\"rs-content-cta rs-content-cta-small\">Complete una <a href=\"\/es\/contacto\/\">evaluaci\u00f3n gratuita de su caso<\/a> ahora<\/p><h2>Qu\u00e9 hacer despu\u00e9s de un accidente de veh\u00edculo<\/h2>\n<p>Hay varios pasos que debe seguir despu\u00e9s de estar involucrado en un accidente de tr\u00e1fico. En primer lugar, aseg\u00farese de llamar a la polic\u00eda. La polic\u00eda llegar\u00e1 y se har\u00e1 cargo de la escena. Se aseguran de que el \u00e1rea sea segura y recopilan informaci\u00f3n que es cr\u00edtica en el caso. Siempre visite al hospital o al m\u00e9dico tan pronto como sea posible despu\u00e9s del accidente. Deber\u00e1 demostrar que sufri\u00f3 lesiones como resultado del accidente. Si espera demasiado para recibir tratamiento m\u00e9dico, ser\u00e1 m\u00e1s dif\u00edcil probar que sus lesiones ocurrieron en el accidente. P\u00f3ngase en contacto con un abogado para discutir el accidente. Su abogado se encargar\u00e1 de los asuntos legales del reclamo y lo ayudar\u00e1 durante todo el caso para que pueda concentrarse en su recuperaci\u00f3n.<\/p>\n<h2>Abogados de Lesiones Personales en Lewisburg, Ohio<\/h2>\n<p>Un accidente puede ocurrir en un instante, pero puede quedar con lesiones que pueden afectarlo a usted y a su familia en los a\u00f1os venideros. No siempre es f\u00e1cil obtener el dinero que se le debe por los da\u00f1os. Un abogado experto en lesiones personales trabajar\u00e1 en su nombre mientras se enfoca en su proceso de recuperaci\u00f3n. No deber\u00eda tener que pagar sus propios costos m\u00e9dicos y otros da\u00f1os cuando otro conductor fue negligente. Si usted o un ser querido resultaron heridos en un accidente automovil\u00edstico, de motocicleta o de cami\u00f3n en Lewisburg, Ohio, estamos aqu\u00ed para ayudarlo. Comun\u00edquese con nuestro equipo legal en <a href=\"https:\/\/thehometownlawyers.com\/es\/contacto\/\">Kruger &amp; Hodges<\/a> al (937) 733-6079 para programar una consulta inicial gratuita para analizar su caso.<\/p>\n<p class=\"rs-content-cta rs-content-cta-small\">Llame o env\u00ede un mensaje de texto al <a href=\"tel:+15138943333\">513-894-3333<\/a> o complete una <a href=\"\/es\/contacto\/\">evaluaci\u00f3n gratuita de su caso<\/a><\/p>","protected":false},"excerpt":{"rendered":"<p>Abogados de Lesiones Personales en Lewisburg, Ohio Los accidentes automovil\u00edsticos pueden causar lesiones traum\u00e1ticas que pueden afectarlo f\u00edsica, emocional y financieramente. Lewisburg no es un \u00e1rea metropolitana grande, pero tiene algunos accidentes graves todos los a\u00f1os. Lewisburg se encuentra en el condado de Preble, Ohio . Con muchas autopistas grandes cerca, vemos todo tipo de &#8230;<\/p>\n","protected":false},"author":7,"featured_media":20730,"parent":0,"menu_order":0,"comment_status":"closed","ping_status":"closed","template":"","meta":{"_acf_changed":false,"inline_featured_image":false,"_genesis_hide_title":false,"_genesis_hide_breadcrumbs":false,"_genesis_hide_singular_image":false,"_genesis_hide_footer_widgets":false,"_genesis_custom_body_class":"","_genesis_custom_post_class":"","_genesis_layout":"","footnotes":""},"hc_faqs":[],"hc_spanish_faqs":[],"class_list":{"0":"post-21155","1":"page","2":"type-page","3":"status-publish","4":"has-post-thumbnail","6":"hc_city_location-lewisburg-es","7":"entry"},"acf":[],"yoast_head":"<!-- This site is optimized with the Yoast SEO plugin v27.3 - https:\/\/yoast.com\/product\/yoast-seo-wordpress\/ -->\n<title>Abogados de Lesiones Personales en Lewisburg Ohio: Consulta gratuita<\/title>\n<meta name=\"description\" content=\"Despu\u00e9s de un evento traum\u00e1tico y de sufrir lesiones que alteran la vida, conf\u00ede en los abogados de lesiones personales en Lewisburg para que lo gu\u00eden.\" \/>\n<meta name=\"robots\" content=\"index, follow, max-snippet:-1, max-image-preview:large, max-video-preview:-1\" \/>\n<link rel=\"canonical\" href=\"https:\/\/thehometownlawyers.com\/es\/abogados-de-lesiones-personales-en-lewisburg-ohio\/\" \/>\n<meta property=\"og:locale\" content=\"es_MX\" \/>\n<meta property=\"og:type\" content=\"article\" \/>\n<meta property=\"og:title\" content=\"Abogados de Lesiones Personales en Lewisburg Ohio: Consulta gratuita\" \/>\n<meta property=\"og:description\" content=\"Despu\u00e9s de un evento traum\u00e1tico y de sufrir lesiones que alteran la vida, conf\u00ede en los abogados de lesiones personales en Lewisburg para que lo gu\u00eden.\" \/>\n<meta property=\"og:url\" content=\"https:\/\/thehometownlawyers.com\/es\/abogados-de-lesiones-personales-en-lewisburg-ohio\/\" \/>\n<meta property=\"og:site_name\" content=\"Kruger &amp; Hodges Abogados De Lesiones\" \/>\n<meta property=\"article:publisher\" content=\"https:\/\/www.facebook.com\/KrugerHodges\/\" \/>\n<meta property=\"article:modified_time\" content=\"2025-02-17T20:11:38+00:00\" \/>\n<meta property=\"og:image\" content=\"https:\/\/thehometownlawyers.com\/wp-content\/uploads\/2019\/01\/Leg-Injury-Photo.jpeg\" \/>\n\t<meta property=\"og:image:width\" content=\"640\" \/>\n\t<meta property=\"og:image:height\" content=\"426\" \/>\n\t<meta property=\"og:image:type\" content=\"image\/jpeg\" \/>\n<meta name=\"twitter:card\" content=\"summary_large_image\" \/>\n<meta name=\"twitter:label1\" content=\"Tiempo de lectura\" \/>\n\t<meta name=\"twitter:data1\" content=\"5 minutos\" \/>\n<script type=\"application\/ld+json\" class=\"yoast-schema-graph\">{\"@context\":\"https:\\\/\\\/schema.org\",\"@graph\":[{\"@type\":\"WebPage\",\"@id\":\"https:\\\/\\\/thehometownlawyers.com\\\/es\\\/abogados-de-lesiones-personales-en-lewisburg-ohio\\\/\",\"url\":\"https:\\\/\\\/thehometownlawyers.com\\\/es\\\/abogados-de-lesiones-personales-en-lewisburg-ohio\\\/\",\"name\":\"Abogados de Lesiones Personales en Lewisburg Ohio: Consulta gratuita\",\"isPartOf\":{\"@id\":\"https:\\\/\\\/thehometownlawyers.com\\\/es\\\/#website\"},\"primaryImageOfPage\":{\"@id\":\"https:\\\/\\\/thehometownlawyers.com\\\/es\\\/abogados-de-lesiones-personales-en-lewisburg-ohio\\\/#primaryimage\"},\"image\":{\"@id\":\"https:\\\/\\\/thehometownlawyers.com\\\/es\\\/abogados-de-lesiones-personales-en-lewisburg-ohio\\\/#primaryimage\"},\"thumbnailUrl\":\"https:\\\/\\\/thehometownlawyers.com\\\/wp-content\\\/uploads\\\/2019\\\/01\\\/Leg-Injury-Photo.jpeg\",\"datePublished\":\"2021-12-28T01:50:00+00:00\",\"dateModified\":\"2025-02-17T20:11:38+00:00\",\"description\":\"Despu\u00e9s de un evento traum\u00e1tico y de sufrir lesiones que alteran la vida, conf\u00ede en los abogados de lesiones personales en Lewisburg para que lo gu\u00eden.\",\"breadcrumb\":{\"@id\":\"https:\\\/\\\/thehometownlawyers.com\\\/es\\\/abogados-de-lesiones-personales-en-lewisburg-ohio\\\/#breadcrumb\"},\"inLanguage\":\"es\",\"potentialAction\":[{\"@type\":\"ReadAction\",\"target\":[\"https:\\\/\\\/thehometownlawyers.com\\\/es\\\/abogados-de-lesiones-personales-en-lewisburg-ohio\\\/\"]}]},{\"@type\":\"ImageObject\",\"inLanguage\":\"es\",\"@id\":\"https:\\\/\\\/thehometownlawyers.com\\\/es\\\/abogados-de-lesiones-personales-en-lewisburg-ohio\\\/#primaryimage\",\"url\":\"https:\\\/\\\/thehometownlawyers.com\\\/wp-content\\\/uploads\\\/2019\\\/01\\\/Leg-Injury-Photo.jpeg\",\"contentUrl\":\"https:\\\/\\\/thehometownlawyers.com\\\/wp-content\\\/uploads\\\/2019\\\/01\\\/Leg-Injury-Photo.jpeg\",\"width\":640,\"height\":426,\"caption\":\"Abogado de lesiones personales Condado de Darke, Ohio\"},{\"@type\":\"BreadcrumbList\",\"@id\":\"https:\\\/\\\/thehometownlawyers.com\\\/es\\\/abogados-de-lesiones-personales-en-lewisburg-ohio\\\/#breadcrumb\",\"itemListElement\":[{\"@type\":\"ListItem\",\"position\":1,\"name\":\"Home\",\"item\":\"https:\\\/\\\/thehometownlawyers.com\\\/es\\\/\"},{\"@type\":\"ListItem\",\"position\":2,\"name\":\"Abogado de Lesiones Personales en Lewisburg\"}]},{\"@type\":\"WebSite\",\"@id\":\"https:\\\/\\\/thehometownlawyers.com\\\/es\\\/#website\",\"url\":\"https:\\\/\\\/thehometownlawyers.com\\\/es\\\/\",\"name\":\"Kruger & Hodges Hometown Injury Lawyers | Accident Attorneys\",\"description\":\"Attorneys for Car, Truck and Motorcycle Accidents, Personal Injuries, and Criminal Defense.\",\"publisher\":{\"@id\":\"https:\\\/\\\/thehometownlawyers.com\\\/es\\\/#organization\"},\"alternateName\":\"Kruger & Hodges Personal Injury Lawyers\",\"inLanguage\":\"es\"},{\"@type\":\"Organization\",\"@id\":\"https:\\\/\\\/thehometownlawyers.com\\\/es\\\/#organization\",\"name\":\"Kruger & Hodges Hometown Injury Lawyers\",\"alternateName\":\"Kruger & Hodges\",\"url\":\"https:\\\/\\\/thehometownlawyers.com\\\/es\\\/\",\"logo\":{\"@type\":\"ImageObject\",\"inLanguage\":\"es\",\"@id\":\"https:\\\/\\\/thehometownlawyers.com\\\/es\\\/#\\\/schema\\\/logo\\\/image\\\/\",\"url\":\"https:\\\/\\\/thehometownlawyers.com\\\/wp-content\\\/uploads\\\/2025\\\/12\\\/revised-kh-logo-vertical-white-background-scaled.png\",\"contentUrl\":\"https:\\\/\\\/thehometownlawyers.com\\\/wp-content\\\/uploads\\\/2025\\\/12\\\/revised-kh-logo-vertical-white-background-scaled.png\",\"width\":2560,\"height\":1440,\"caption\":\"Kruger & Hodges Hometown Injury Lawyers\"},\"image\":{\"@id\":\"https:\\\/\\\/thehometownlawyers.com\\\/es\\\/#\\\/schema\\\/logo\\\/image\\\/\"},\"sameAs\":[\"https:\\\/\\\/www.facebook.com\\\/KrugerHodges\\\/\",\"https:\\\/\\\/www.instagram.com\\\/krugerhodges\\\/\",\"https:\\\/\\\/www.linkedin.com\\\/company\\\/kruger-hodges-hometown-injury-lawyers\\\/\",\"https:\\\/\\\/www.youtube.com\\\/channel\\\/UCeYcMaMaN2rb9jMlqt4EIdQ\",\"https:\\\/\\\/www.tiktok.com\\\/@thehometownlawyer\"]}]}<\/script>\n<!-- \/ Yoast SEO plugin. -->","yoast_head_json":{"title":"Abogados de Lesiones Personales en Lewisburg Ohio: Consulta gratuita","description":"Despu\u00e9s de un evento traum\u00e1tico y de sufrir lesiones que alteran la vida, conf\u00ede en los abogados de lesiones personales en Lewisburg para que lo gu\u00eden.","robots":{"index":"index","follow":"follow","max-snippet":"max-snippet:-1","max-image-preview":"max-image-preview:large","max-video-preview":"max-video-preview:-1"},"canonical":"https:\/\/thehometownlawyers.com\/es\/abogados-de-lesiones-personales-en-lewisburg-ohio\/","og_locale":"es_MX","og_type":"article","og_title":"Abogados de Lesiones Personales en Lewisburg Ohio: Consulta gratuita","og_description":"Despu\u00e9s de un evento traum\u00e1tico y de sufrir lesiones que alteran la vida, conf\u00ede en los abogados de lesiones personales en Lewisburg para que lo gu\u00eden.","og_url":"https:\/\/thehometownlawyers.com\/es\/abogados-de-lesiones-personales-en-lewisburg-ohio\/","og_site_name":"Kruger &amp; Hodges Abogados De Lesiones","article_publisher":"https:\/\/www.facebook.com\/KrugerHodges\/","article_modified_time":"2025-02-17T20:11:38+00:00","og_image":[{"width":640,"height":426,"url":"https:\/\/thehometownlawyers.com\/wp-content\/uploads\/2019\/01\/Leg-Injury-Photo.jpeg","type":"image\/jpeg"}],"twitter_card":"summary_large_image","twitter_misc":{"Tiempo de lectura":"5 minutos"},"schema":{"@context":"https:\/\/schema.org","@graph":[{"@type":"WebPage","@id":"https:\/\/thehometownlawyers.com\/es\/abogados-de-lesiones-personales-en-lewisburg-ohio\/","url":"https:\/\/thehometownlawyers.com\/es\/abogados-de-lesiones-personales-en-lewisburg-ohio\/","name":"Abogados de Lesiones Personales en Lewisburg Ohio: Consulta gratuita","isPartOf":{"@id":"https:\/\/thehometownlawyers.com\/es\/#website"},"primaryImageOfPage":{"@id":"https:\/\/thehometownlawyers.com\/es\/abogados-de-lesiones-personales-en-lewisburg-ohio\/#primaryimage"},"image":{"@id":"https:\/\/thehometownlawyers.com\/es\/abogados-de-lesiones-personales-en-lewisburg-ohio\/#primaryimage"},"thumbnailUrl":"https:\/\/thehometownlawyers.com\/wp-content\/uploads\/2019\/01\/Leg-Injury-Photo.jpeg","datePublished":"2021-12-28T01:50:00+00:00","dateModified":"2025-02-17T20:11:38+00:00","description":"Despu\u00e9s de un evento traum\u00e1tico y de sufrir lesiones que alteran la vida, conf\u00ede en los abogados de lesiones personales en Lewisburg para que lo gu\u00eden.","breadcrumb":{"@id":"https:\/\/thehometownlawyers.com\/es\/abogados-de-lesiones-personales-en-lewisburg-ohio\/#breadcrumb"},"inLanguage":"es","potentialAction":[{"@type":"ReadAction","target":["https:\/\/thehometownlawyers.com\/es\/abogados-de-lesiones-personales-en-lewisburg-ohio\/"]}]},{"@type":"ImageObject","inLanguage":"es","@id":"https:\/\/thehometownlawyers.com\/es\/abogados-de-lesiones-personales-en-lewisburg-ohio\/#primaryimage","url":"https:\/\/thehometownlawyers.com\/wp-content\/uploads\/2019\/01\/Leg-Injury-Photo.jpeg","contentUrl":"https:\/\/thehometownlawyers.com\/wp-content\/uploads\/2019\/01\/Leg-Injury-Photo.jpeg","width":640,"height":426,"caption":"Abogado de lesiones personales Condado de Darke, Ohio"},{"@type":"BreadcrumbList","@id":"https:\/\/thehometownlawyers.com\/es\/abogados-de-lesiones-personales-en-lewisburg-ohio\/#breadcrumb","itemListElement":[{"@type":"ListItem","position":1,"name":"Home","item":"https:\/\/thehometownlawyers.com\/es\/"},{"@type":"ListItem","position":2,"name":"Abogado de Lesiones Personales en Lewisburg"}]},{"@type":"WebSite","@id":"https:\/\/thehometownlawyers.com\/es\/#website","url":"https:\/\/thehometownlawyers.com\/es\/","name":"Kruger & Hodges Hometown Injury Lawyers | Accident Attorneys","description":"Attorneys for Car, Truck and Motorcycle Accidents, Personal Injuries, and Criminal Defense.","publisher":{"@id":"https:\/\/thehometownlawyers.com\/es\/#organization"},"alternateName":"Kruger & Hodges Personal Injury Lawyers","inLanguage":"es"},{"@type":"Organization","@id":"https:\/\/thehometownlawyers.com\/es\/#organization","name":"Kruger & Hodges Hometown Injury Lawyers","alternateName":"Kruger & Hodges","url":"https:\/\/thehometownlawyers.com\/es\/","logo":{"@type":"ImageObject","inLanguage":"es","@id":"https:\/\/thehometownlawyers.com\/es\/#\/schema\/logo\/image\/","url":"https:\/\/thehometownlawyers.com\/wp-content\/uploads\/2025\/12\/revised-kh-logo-vertical-white-background-scaled.png","contentUrl":"https:\/\/thehometownlawyers.com\/wp-content\/uploads\/2025\/12\/revised-kh-logo-vertical-white-background-scaled.png","width":2560,"height":1440,"caption":"Kruger & Hodges Hometown Injury Lawyers"},"image":{"@id":"https:\/\/thehometownlawyers.com\/es\/#\/schema\/logo\/image\/"},"sameAs":["https:\/\/www.facebook.com\/KrugerHodges\/","https:\/\/www.instagram.com\/krugerhodges\/","https:\/\/www.linkedin.com\/company\/kruger-hodges-hometown-injury-lawyers\/","https:\/\/www.youtube.com\/channel\/UCeYcMaMaN2rb9jMlqt4EIdQ","https:\/\/www.tiktok.com\/@thehometownlawyer"]}]}},"_links":{"self":[{"href":"https:\/\/thehometownlawyers.com\/es\/wp-json\/wp\/v2\/pages\/21155","targetHints":{"allow":["GET"]}}],"collection":[{"href":"https:\/\/thehometownlawyers.com\/es\/wp-json\/wp\/v2\/pages"}],"about":[{"href":"https:\/\/thehometownlawyers.com\/es\/wp-json\/wp\/v2\/types\/page"}],"author":[{"embeddable":true,"href":"https:\/\/thehometownlawyers.com\/es\/wp-json\/wp\/v2\/users\/7"}],"replies":[{"embeddable":true,"href":"https:\/\/thehometownlawyers.com\/es\/wp-json\/wp\/v2\/comments?post=21155"}],"version-history":[{"count":0,"href":"https:\/\/thehometownlawyers.com\/es\/wp-json\/wp\/v2\/pages\/21155\/revisions"}],"wp:featuredmedia":[{"embeddable":true,"href":"https:\/\/thehometownlawyers.com\/es\/wp-json\/wp\/v2\/media\/20730"}],"wp:attachment":[{"href":"https:\/\/thehometownlawyers.com\/es\/wp-json\/wp\/v2\/media?parent=21155"}],"wp:term":[{"taxonomy":"hc_faqs","embeddable":true,"href":"https:\/\/thehometownlawyers.com\/es\/wp-json\/wp\/v2\/hc_faqs?post=21155"},{"taxonomy":"hc_spanish_faqs","embeddable":true,"href":"https:\/\/thehometownlawyers.com\/es\/wp-json\/wp\/v2\/hc_spanish_faqs?post=21155"}],"curies":[{"name":"wp","href":"https:\/\/api.w.org\/{rel}","templated":true}]}}