{"id":21156,"date":"2022-01-03T18:58:07","date_gmt":"2022-01-03T23:58:07","guid":{"rendered":"https:\/\/thehometownlawyers.com\/?page_id=21156"},"modified":"2025-04-03T13:55:59","modified_gmt":"2025-04-03T17:55:59","slug":"accidentes-de-motocicleta-en-west-elkton-ohio","status":"publish","type":"page","link":"https:\/\/thehometownlawyers.com\/es\/lesiones-personales-en-west-elkton-ohio\/accidentes-de-motocicleta-en-west-elkton-ohio\/","title":{"rendered":"Abogado de Accidente de Motocicleta en West Elkton"},"content":{"rendered":"<h2>Accidentes de motocicleta en West Elkton, Ohio<\/h2>\n<p>Las motocicletas son una forma divertida y econ\u00f3mica de moverse. Ya sea que use una motocicleta para ir y volver del trabajo, para hacer mandados o para viajar por placer, ofrecen un medio de transporte \u00fanico. Hay m\u00e1s de 400 000 motocicletas registradas en Ohio, por lo que ver\u00e1 muchas de ellas en las carreteras cerca de West Elkton. Nuestra peque\u00f1a comunidad de West Elkton ofrece un excelente lugar para disfrutar de andar en motocicleta. Aseg\u00farese de conocer los resultados de los accidentes de motocicleta en West Elkton antes de salir a la carretera.<\/p>\n<p>Desafortunadamente, las motocicletas pueden ser una forma peligrosa de transporte. Los motociclistas tienen m\u00e1s probabilidades de sufrir lesiones graves o muertes que los de otros veh\u00edculos. Si usted o un ser querido <a href=\"https:\/\/thehometownlawyers.com\/es\/abogados-de-lesiones-personales-en-eaton-ohio\/abogados-de-accidentes-de-motocicleta-en-eaton-ohio\/\">sufrieron una lesi\u00f3n grave<\/a> como resultado de un accidente de motocicleta, el conductor negligente puede deberle dinero por los da\u00f1os. No deber\u00eda tener que preocuparse por la enorme carga financiera durante este momento estresante. Un abogado de accidentes de motocicleta en West Elkton puede ayudarlo a obtener la compensaci\u00f3n que merece.<\/p>\n<p class=\"rs-content-cta rs-content-cta-small\">Para una consulta legal gratuita, llame al <a href=\"tel:+15138943333\">513-894-3333 <\/a><\/p><h2>Lesiones graves en accidentes de motocicleta<\/h2>\n<p>Los motociclistas tienen poca protecci\u00f3n y cuando ocurre un accidente, los conductores van a golpear el pavimento. La velocidad del choque determinar\u00e1 en parte el alcance de las lesiones que sufra en un choque. Algunas de las lesiones que puede sufrir incluyen:<\/p>\n<ul>\n<li>Lesi\u00f3n cerebral traum\u00e1tica<\/li>\n<li>Lesiones de cuello y espalda<\/li>\n<li><a href=\"https:\/\/pubmed.ncbi.nlm.nih.gov\/12131381\/\" target=\"_blank\" rel=\"noopener\">Lesiones de la m\u00e9dula espinal<\/a><\/li>\n<li>Lesiones de \u00f3rganos internos<\/li>\n<li>Huesos rotos<\/li>\n<li>quemaduras<\/li>\n<li>Cortes y raspaduras<\/li>\n<\/ul>\n<p>Las lesiones por accidentes de motocicleta a menudo son extremadamente graves y es posible que necesite un tratamiento m\u00e9dico extenso. Puede llevar alg\u00fan tiempo recuperarse de lesiones graves y, en algunos casos, la v\u00edctima podr\u00eda enfrentar una discapacidad de por vida. Los costos de la atenci\u00f3n m\u00e9dica pueden ser muy altos y la persona negligente responsable del accidente debe pagar por sus da\u00f1os.<\/p>\n<p class=\"rs-content-cta\">Abogado de Lesiones Personales de West Elkton Cerca de M\u00ed <a href=\"tel:+15138943333\">513-894-3333<\/a><\/p><h2>\u00bfQu\u00e9 causa los accidentes de motocicleta en West Elkton?<\/h2>\n<p>Los accidentes de motocicleta pueden ocurrir en un instante. A menudo se deben a un error humano por parte de otro conductor. Es posible que los conductores no siempre vean las motocicletas porque son peque\u00f1as y est\u00e1n cerca del suelo. A veces pueden ser dif\u00edciles de ver, especialmente para quienes conducen veh\u00edculos grandes. M\u00e1s SUV en la carretera significa que las motocicletas pueden meterse m\u00e1s f\u00e1cilmente en los puntos ciegos. Algunas de las causas m\u00e1s comunes de accidentes de motocicleta en West Elkton, Ohio son el exceso de velocidad, la conducci\u00f3n distra\u00edda, el incumplimiento de las se\u00f1ales de tr\u00e1fico, la conducci\u00f3n en estado de ebriedad y m\u00e1s. Un conductor podr\u00eda cruzarse con una motocicleta en la carretera porque no pudo ver la motocicleta antes de cambiar de carril o incorporarse a una autopista. Los autos golpean una motocicleta cuando giran. Algunos accidentes peligrosos ocurren en intersecciones donde otro conductor gira frente a una motocicleta. Cualquiera que sea la causa, cuando un conductor es negligente, \u00e9l o ella es responsable de sus da\u00f1os.<\/p>\n<p class=\"rs-content-cta rs-content-cta-small\"><a href=\"\/es\/contacto\/\">Haga clic para contactar<\/a> con nuestros lesiones personales abogados hoy<\/p><h2>Seguridad de la motocicleta<\/h2>\n<p>Como motociclista, es importante tomar las precauciones de seguridad necesarias para evitar da\u00f1os en la carretera. Los motociclistas adultos deben tener una licencia o endoso de motocicleta. Es \u00fatil completar un <a href=\"https:\/\/motorcycle.ohio.gov\/wps\/portal\/gov\/motorcycle\/information-for-riders\/rider-courses\/basic-rider-skills\" target=\"_blank\" rel=\"noopener\">curso para motociclistas<\/a> que ense\u00f1e habilidades b\u00e1sicas para motociclistas. Los conductores nuevos y los menores de 18 a\u00f1os deben usar un <a href=\"https:\/\/www.nhtsa.gov\/motorcycle-safety\/choose-right-motorcycle-helmet\" target=\"_blank\" rel=\"noopener\">casco de motocicleta<\/a> aprobado por el Departamento de Transporte de EE. UU. Ohio no requiere cascos para conductores adultos con licencias de motocicleta. Sin embargo, un casco proteger\u00e1 tu cabeza, la parte m\u00e1s vulnerable del cuerpo.<\/p>\n<p>Los motociclistas deben cumplir con las mismas reglas de tr\u00e1nsito que los dem\u00e1s conductores. Mant\u00e9ngase en su carril y no acelere ni haga trucos. Conduzca a la defensiva y preste atenci\u00f3n a otros veh\u00edculos. Siempre aseg\u00farese de que su bicicleta est\u00e9 en buen estado de funcionamiento antes de salir a la carretera. Debe tener un seguro o establecer una prueba de responsabilidad financiera. Aunque puede ser un conductor cuidadoso, es posible que muchos otros conductores no se den cuenta de las motocicletas en la carretera. Un conductor negligente debe pagar sus facturas m\u00e9dicas y otros da\u00f1os.<\/p>\n<p class=\"rs-content-cta rs-content-cta-small\">Complete una <a href=\"\/es\/contacto\/\">evaluaci\u00f3n gratuita de su caso<\/a> ahora<\/p><h2>Compensaci\u00f3n por sus lesiones despu\u00e9s de un accidente de motocicleta<\/h2>\n<p>Cuando experimenta un accidente de motocicleta, puede sufrir da\u00f1os f\u00edsicos, emocionales y financieros. La parte negligente debe pagar por sus da\u00f1os, que incluyen facturas m\u00e9dicas, salarios perdidos, costos de rehabilitaci\u00f3n, dolor y sufrimiento, facturas m\u00e9dicas futuras y trauma emocional, por nombrar algunos. Su principal preocupaci\u00f3n despu\u00e9s de un accidente grave es su recuperaci\u00f3n. Un abogado con experiencia en accidentes de motocicleta manejar\u00e1 los asuntos legales de su reclamo y lo ayudar\u00e1 a obtener la compensaci\u00f3n que merece por sus lesiones. La mayor\u00eda de los casos se resuelven mediante negociaci\u00f3n. Sin embargo, en algunos casos, el caso deber\u00e1 ir a los tribunales para su resoluci\u00f3n.<\/p>\n<p>Si usted o un miembro de su familia result\u00f3 gravemente herido en un accidente de motocicleta, no se demore. Llame a <a href=\"https:\/\/thehometownlawyers.com\/es\/contacto\/\">Kruger &amp; Hodges<\/a> , los abogados locales, para programar una consulta al (937) 733-6079.<\/p>\n<p class=\"rs-content-cta rs-content-cta-small\">Llame o env\u00ede un mensaje de texto al <a href=\"tel:+15138943333\">513-894-3333<\/a> o complete una <a href=\"\/es\/contacto\/\">evaluaci\u00f3n gratuita de su caso<\/a><\/p>","protected":false},"excerpt":{"rendered":"<p>Accidentes de motocicleta en West Elkton, Ohio Las motocicletas son una forma divertida y econ\u00f3mica de moverse. Ya sea que use una motocicleta para ir y volver del trabajo, para hacer mandados o para viajar por placer, ofrecen un medio de transporte \u00fanico. Hay m\u00e1s de 400 000 motocicletas registradas en Ohio, por lo que &#8230;<\/p>\n","protected":false},"author":7,"featured_media":24482,"parent":21164,"menu_order":0,"comment_status":"closed","ping_status":"closed","template":"","meta":{"_acf_changed":false,"inline_featured_image":false,"_genesis_hide_title":false,"_genesis_hide_breadcrumbs":false,"_genesis_hide_singular_image":false,"_genesis_hide_footer_widgets":false,"_genesis_custom_body_class":"","_genesis_custom_post_class":"","_genesis_layout":"","footnotes":""},"hc_faqs":[],"hc_spanish_faqs":[],"class_list":{"0":"post-21156","1":"page","2":"type-page","3":"status-publish","4":"has-post-thumbnail","6":"hc_city_location-west-elkton-es","7":"entry"},"acf":[],"yoast_head":"<!-- This site is optimized with the Yoast SEO plugin v27.3 - https:\/\/yoast.com\/product\/yoast-seo-wordpress\/ -->\n<title>Accidentes de motocicleta en West Elkton, Ohio: Consulta gratuita<\/title>\n<meta name=\"description\" content=\"Los accidentes de motocicleta en West Elkton ocurren. Si usted es un motociclista que lucha despu\u00e9s de un accidente, llame a uno de nuestros abogados expertos.\" \/>\n<meta name=\"robots\" content=\"index, follow, max-snippet:-1, max-image-preview:large, max-video-preview:-1\" \/>\n<link rel=\"canonical\" href=\"https:\/\/thehometownlawyers.com\/es\/lesiones-personales-en-west-elkton-ohio\/accidentes-de-motocicleta-en-west-elkton-ohio\/\" \/>\n<meta property=\"og:locale\" content=\"es_MX\" \/>\n<meta property=\"og:type\" content=\"article\" \/>\n<meta property=\"og:title\" content=\"Accidentes de motocicleta en West Elkton, Ohio: Consulta gratuita\" \/>\n<meta property=\"og:description\" content=\"Los accidentes de motocicleta en West Elkton ocurren. Si usted es un motociclista que lucha despu\u00e9s de un accidente, llame a uno de nuestros abogados expertos.\" \/>\n<meta property=\"og:url\" content=\"https:\/\/thehometownlawyers.com\/es\/lesiones-personales-en-west-elkton-ohio\/accidentes-de-motocicleta-en-west-elkton-ohio\/\" \/>\n<meta property=\"og:site_name\" content=\"Kruger &amp; Hodges Abogados De Lesiones\" \/>\n<meta property=\"article:publisher\" content=\"https:\/\/www.facebook.com\/KrugerHodges\/\" \/>\n<meta property=\"article:modified_time\" content=\"2025-04-03T17:55:59+00:00\" \/>\n<meta property=\"og:image\" content=\"https:\/\/thehometownlawyers.com\/wp-content\/uploads\/2025\/03\/west-elkton-motorcycle-accident-lawyer.jpg\" \/>\n\t<meta property=\"og:image:width\" content=\"768\" \/>\n\t<meta property=\"og:image:height\" content=\"512\" \/>\n\t<meta property=\"og:image:type\" content=\"image\/jpeg\" \/>\n<meta name=\"twitter:card\" content=\"summary_large_image\" \/>\n<meta name=\"twitter:label1\" content=\"Tiempo de lectura\" \/>\n\t<meta name=\"twitter:data1\" content=\"4 minutos\" \/>\n<script type=\"application\/ld+json\" class=\"yoast-schema-graph\">{\"@context\":\"https:\\\/\\\/schema.org\",\"@graph\":[{\"@type\":\"WebPage\",\"@id\":\"https:\\\/\\\/thehometownlawyers.com\\\/es\\\/lesiones-personales-en-west-elkton-ohio\\\/accidentes-de-motocicleta-en-west-elkton-ohio\\\/\",\"url\":\"https:\\\/\\\/thehometownlawyers.com\\\/es\\\/lesiones-personales-en-west-elkton-ohio\\\/accidentes-de-motocicleta-en-west-elkton-ohio\\\/\",\"name\":\"Accidentes de motocicleta en West Elkton, Ohio: Consulta gratuita\",\"isPartOf\":{\"@id\":\"https:\\\/\\\/thehometownlawyers.com\\\/es\\\/#website\"},\"primaryImageOfPage\":{\"@id\":\"https:\\\/\\\/thehometownlawyers.com\\\/es\\\/lesiones-personales-en-west-elkton-ohio\\\/accidentes-de-motocicleta-en-west-elkton-ohio\\\/#primaryimage\"},\"image\":{\"@id\":\"https:\\\/\\\/thehometownlawyers.com\\\/es\\\/lesiones-personales-en-west-elkton-ohio\\\/accidentes-de-motocicleta-en-west-elkton-ohio\\\/#primaryimage\"},\"thumbnailUrl\":\"https:\\\/\\\/thehometownlawyers.com\\\/wp-content\\\/uploads\\\/2025\\\/03\\\/west-elkton-motorcycle-accident-lawyer.jpg\",\"datePublished\":\"2022-01-03T23:58:07+00:00\",\"dateModified\":\"2025-04-03T17:55:59+00:00\",\"description\":\"Los accidentes de motocicleta en West Elkton ocurren. Si usted es un motociclista que lucha despu\u00e9s de un accidente, llame a uno de nuestros abogados expertos.\",\"breadcrumb\":{\"@id\":\"https:\\\/\\\/thehometownlawyers.com\\\/es\\\/lesiones-personales-en-west-elkton-ohio\\\/accidentes-de-motocicleta-en-west-elkton-ohio\\\/#breadcrumb\"},\"inLanguage\":\"es\",\"potentialAction\":[{\"@type\":\"ReadAction\",\"target\":[\"https:\\\/\\\/thehometownlawyers.com\\\/es\\\/lesiones-personales-en-west-elkton-ohio\\\/accidentes-de-motocicleta-en-west-elkton-ohio\\\/\"]}]},{\"@type\":\"ImageObject\",\"inLanguage\":\"es\",\"@id\":\"https:\\\/\\\/thehometownlawyers.com\\\/es\\\/lesiones-personales-en-west-elkton-ohio\\\/accidentes-de-motocicleta-en-west-elkton-ohio\\\/#primaryimage\",\"url\":\"https:\\\/\\\/thehometownlawyers.com\\\/wp-content\\\/uploads\\\/2025\\\/03\\\/west-elkton-motorcycle-accident-lawyer.jpg\",\"contentUrl\":\"https:\\\/\\\/thehometownlawyers.com\\\/wp-content\\\/uploads\\\/2025\\\/03\\\/west-elkton-motorcycle-accident-lawyer.jpg\",\"width\":768,\"height\":512,\"caption\":\"Man with motorcycle helmet and gloves is important protective clothing for controlling motorcycle throttle, safety concept.\"},{\"@type\":\"BreadcrumbList\",\"@id\":\"https:\\\/\\\/thehometownlawyers.com\\\/es\\\/lesiones-personales-en-west-elkton-ohio\\\/accidentes-de-motocicleta-en-west-elkton-ohio\\\/#breadcrumb\",\"itemListElement\":[{\"@type\":\"ListItem\",\"position\":1,\"name\":\"Home\",\"item\":\"https:\\\/\\\/thehometownlawyers.com\\\/es\\\/\"},{\"@type\":\"ListItem\",\"position\":2,\"name\":\"Abogado de Lesiones Personales en West Elkton\",\"item\":\"https:\\\/\\\/thehometownlawyers.com\\\/es\\\/lesiones-personales-en-west-elkton-ohio\\\/\"},{\"@type\":\"ListItem\",\"position\":3,\"name\":\"Abogado de Accidente de Motocicleta en West Elkton\"}]},{\"@type\":\"WebSite\",\"@id\":\"https:\\\/\\\/thehometownlawyers.com\\\/es\\\/#website\",\"url\":\"https:\\\/\\\/thehometownlawyers.com\\\/es\\\/\",\"name\":\"Kruger & Hodges Hometown Injury Lawyers | Accident Attorneys\",\"description\":\"Attorneys for Car, Truck and Motorcycle Accidents, Personal Injuries, and Criminal Defense.\",\"publisher\":{\"@id\":\"https:\\\/\\\/thehometownlawyers.com\\\/es\\\/#organization\"},\"alternateName\":\"Kruger & Hodges Personal Injury Lawyers\",\"inLanguage\":\"es\"},{\"@type\":\"Organization\",\"@id\":\"https:\\\/\\\/thehometownlawyers.com\\\/es\\\/#organization\",\"name\":\"Kruger & Hodges Hometown Injury Lawyers\",\"alternateName\":\"Kruger & Hodges\",\"url\":\"https:\\\/\\\/thehometownlawyers.com\\\/es\\\/\",\"logo\":{\"@type\":\"ImageObject\",\"inLanguage\":\"es\",\"@id\":\"https:\\\/\\\/thehometownlawyers.com\\\/es\\\/#\\\/schema\\\/logo\\\/image\\\/\",\"url\":\"https:\\\/\\\/thehometownlawyers.com\\\/wp-content\\\/uploads\\\/2025\\\/12\\\/revised-kh-logo-vertical-white-background-scaled.png\",\"contentUrl\":\"https:\\\/\\\/thehometownlawyers.com\\\/wp-content\\\/uploads\\\/2025\\\/12\\\/revised-kh-logo-vertical-white-background-scaled.png\",\"width\":2560,\"height\":1440,\"caption\":\"Kruger & Hodges Hometown Injury Lawyers\"},\"image\":{\"@id\":\"https:\\\/\\\/thehometownlawyers.com\\\/es\\\/#\\\/schema\\\/logo\\\/image\\\/\"},\"sameAs\":[\"https:\\\/\\\/www.facebook.com\\\/KrugerHodges\\\/\",\"https:\\\/\\\/www.instagram.com\\\/krugerhodges\\\/\",\"https:\\\/\\\/www.linkedin.com\\\/company\\\/kruger-hodges-hometown-injury-lawyers\\\/\",\"https:\\\/\\\/www.youtube.com\\\/channel\\\/UCeYcMaMaN2rb9jMlqt4EIdQ\",\"https:\\\/\\\/www.tiktok.com\\\/@thehometownlawyer\"]}]}<\/script>\n<!-- \/ Yoast SEO plugin. -->","yoast_head_json":{"title":"Accidentes de motocicleta en West Elkton, Ohio: Consulta gratuita","description":"Los accidentes de motocicleta en West Elkton ocurren. Si usted es un motociclista que lucha despu\u00e9s de un accidente, llame a uno de nuestros abogados expertos.","robots":{"index":"index","follow":"follow","max-snippet":"max-snippet:-1","max-image-preview":"max-image-preview:large","max-video-preview":"max-video-preview:-1"},"canonical":"https:\/\/thehometownlawyers.com\/es\/lesiones-personales-en-west-elkton-ohio\/accidentes-de-motocicleta-en-west-elkton-ohio\/","og_locale":"es_MX","og_type":"article","og_title":"Accidentes de motocicleta en West Elkton, Ohio: Consulta gratuita","og_description":"Los accidentes de motocicleta en West Elkton ocurren. Si usted es un motociclista que lucha despu\u00e9s de un accidente, llame a uno de nuestros abogados expertos.","og_url":"https:\/\/thehometownlawyers.com\/es\/lesiones-personales-en-west-elkton-ohio\/accidentes-de-motocicleta-en-west-elkton-ohio\/","og_site_name":"Kruger &amp; Hodges Abogados De Lesiones","article_publisher":"https:\/\/www.facebook.com\/KrugerHodges\/","article_modified_time":"2025-04-03T17:55:59+00:00","og_image":[{"width":768,"height":512,"url":"https:\/\/thehometownlawyers.com\/wp-content\/uploads\/2025\/03\/west-elkton-motorcycle-accident-lawyer.jpg","type":"image\/jpeg"}],"twitter_card":"summary_large_image","twitter_misc":{"Tiempo de lectura":"4 minutos"},"schema":{"@context":"https:\/\/schema.org","@graph":[{"@type":"WebPage","@id":"https:\/\/thehometownlawyers.com\/es\/lesiones-personales-en-west-elkton-ohio\/accidentes-de-motocicleta-en-west-elkton-ohio\/","url":"https:\/\/thehometownlawyers.com\/es\/lesiones-personales-en-west-elkton-ohio\/accidentes-de-motocicleta-en-west-elkton-ohio\/","name":"Accidentes de motocicleta en West Elkton, Ohio: Consulta gratuita","isPartOf":{"@id":"https:\/\/thehometownlawyers.com\/es\/#website"},"primaryImageOfPage":{"@id":"https:\/\/thehometownlawyers.com\/es\/lesiones-personales-en-west-elkton-ohio\/accidentes-de-motocicleta-en-west-elkton-ohio\/#primaryimage"},"image":{"@id":"https:\/\/thehometownlawyers.com\/es\/lesiones-personales-en-west-elkton-ohio\/accidentes-de-motocicleta-en-west-elkton-ohio\/#primaryimage"},"thumbnailUrl":"https:\/\/thehometownlawyers.com\/wp-content\/uploads\/2025\/03\/west-elkton-motorcycle-accident-lawyer.jpg","datePublished":"2022-01-03T23:58:07+00:00","dateModified":"2025-04-03T17:55:59+00:00","description":"Los accidentes de motocicleta en West Elkton ocurren. Si usted es un motociclista que lucha despu\u00e9s de un accidente, llame a uno de nuestros abogados expertos.","breadcrumb":{"@id":"https:\/\/thehometownlawyers.com\/es\/lesiones-personales-en-west-elkton-ohio\/accidentes-de-motocicleta-en-west-elkton-ohio\/#breadcrumb"},"inLanguage":"es","potentialAction":[{"@type":"ReadAction","target":["https:\/\/thehometownlawyers.com\/es\/lesiones-personales-en-west-elkton-ohio\/accidentes-de-motocicleta-en-west-elkton-ohio\/"]}]},{"@type":"ImageObject","inLanguage":"es","@id":"https:\/\/thehometownlawyers.com\/es\/lesiones-personales-en-west-elkton-ohio\/accidentes-de-motocicleta-en-west-elkton-ohio\/#primaryimage","url":"https:\/\/thehometownlawyers.com\/wp-content\/uploads\/2025\/03\/west-elkton-motorcycle-accident-lawyer.jpg","contentUrl":"https:\/\/thehometownlawyers.com\/wp-content\/uploads\/2025\/03\/west-elkton-motorcycle-accident-lawyer.jpg","width":768,"height":512,"caption":"Man with motorcycle helmet and gloves is important protective clothing for controlling motorcycle throttle, safety concept."},{"@type":"BreadcrumbList","@id":"https:\/\/thehometownlawyers.com\/es\/lesiones-personales-en-west-elkton-ohio\/accidentes-de-motocicleta-en-west-elkton-ohio\/#breadcrumb","itemListElement":[{"@type":"ListItem","position":1,"name":"Home","item":"https:\/\/thehometownlawyers.com\/es\/"},{"@type":"ListItem","position":2,"name":"Abogado de Lesiones Personales en West Elkton","item":"https:\/\/thehometownlawyers.com\/es\/lesiones-personales-en-west-elkton-ohio\/"},{"@type":"ListItem","position":3,"name":"Abogado de Accidente de Motocicleta en West Elkton"}]},{"@type":"WebSite","@id":"https:\/\/thehometownlawyers.com\/es\/#website","url":"https:\/\/thehometownlawyers.com\/es\/","name":"Kruger & Hodges Hometown Injury Lawyers | Accident Attorneys","description":"Attorneys for Car, Truck and Motorcycle Accidents, Personal Injuries, and Criminal Defense.","publisher":{"@id":"https:\/\/thehometownlawyers.com\/es\/#organization"},"alternateName":"Kruger & Hodges Personal Injury Lawyers","inLanguage":"es"},{"@type":"Organization","@id":"https:\/\/thehometownlawyers.com\/es\/#organization","name":"Kruger & Hodges Hometown Injury Lawyers","alternateName":"Kruger & Hodges","url":"https:\/\/thehometownlawyers.com\/es\/","logo":{"@type":"ImageObject","inLanguage":"es","@id":"https:\/\/thehometownlawyers.com\/es\/#\/schema\/logo\/image\/","url":"https:\/\/thehometownlawyers.com\/wp-content\/uploads\/2025\/12\/revised-kh-logo-vertical-white-background-scaled.png","contentUrl":"https:\/\/thehometownlawyers.com\/wp-content\/uploads\/2025\/12\/revised-kh-logo-vertical-white-background-scaled.png","width":2560,"height":1440,"caption":"Kruger & Hodges Hometown Injury Lawyers"},"image":{"@id":"https:\/\/thehometownlawyers.com\/es\/#\/schema\/logo\/image\/"},"sameAs":["https:\/\/www.facebook.com\/KrugerHodges\/","https:\/\/www.instagram.com\/krugerhodges\/","https:\/\/www.linkedin.com\/company\/kruger-hodges-hometown-injury-lawyers\/","https:\/\/www.youtube.com\/channel\/UCeYcMaMaN2rb9jMlqt4EIdQ","https:\/\/www.tiktok.com\/@thehometownlawyer"]}]}},"_links":{"self":[{"href":"https:\/\/thehometownlawyers.com\/es\/wp-json\/wp\/v2\/pages\/21156","targetHints":{"allow":["GET"]}}],"collection":[{"href":"https:\/\/thehometownlawyers.com\/es\/wp-json\/wp\/v2\/pages"}],"about":[{"href":"https:\/\/thehometownlawyers.com\/es\/wp-json\/wp\/v2\/types\/page"}],"author":[{"embeddable":true,"href":"https:\/\/thehometownlawyers.com\/es\/wp-json\/wp\/v2\/users\/7"}],"replies":[{"embeddable":true,"href":"https:\/\/thehometownlawyers.com\/es\/wp-json\/wp\/v2\/comments?post=21156"}],"version-history":[{"count":0,"href":"https:\/\/thehometownlawyers.com\/es\/wp-json\/wp\/v2\/pages\/21156\/revisions"}],"up":[{"embeddable":true,"href":"https:\/\/thehometownlawyers.com\/es\/wp-json\/wp\/v2\/pages\/21164"}],"wp:featuredmedia":[{"embeddable":true,"href":"https:\/\/thehometownlawyers.com\/es\/wp-json\/wp\/v2\/media\/24482"}],"wp:attachment":[{"href":"https:\/\/thehometownlawyers.com\/es\/wp-json\/wp\/v2\/media?parent=21156"}],"wp:term":[{"taxonomy":"hc_faqs","embeddable":true,"href":"https:\/\/thehometownlawyers.com\/es\/wp-json\/wp\/v2\/hc_faqs?post=21156"},{"taxonomy":"hc_spanish_faqs","embeddable":true,"href":"https:\/\/thehometownlawyers.com\/es\/wp-json\/wp\/v2\/hc_spanish_faqs?post=21156"}],"curies":[{"name":"wp","href":"https:\/\/api.w.org\/{rel}","templated":true}]}}