{"id":21157,"date":"2022-02-23T09:59:40","date_gmt":"2022-02-23T14:59:40","guid":{"rendered":"https:\/\/thehometownlawyers.com\/?page_id=21157"},"modified":"2025-01-31T10:40:29","modified_gmt":"2025-01-31T15:40:29","slug":"brookville-ohio-abogado-de-accidentes-de-semirremolques","status":"publish","type":"page","link":"https:\/\/thehometownlawyers.com\/es\/abogados-de-lesiones-personales-de-brookville-ohio\/brookville-ohio-abogado-de-accidentes-de-semirremolques\/","title":{"rendered":"Abogado de Accidente de Semi en Brookville"},"content":{"rendered":"<p>Los accidentes de semirremolques se encuentran entre los m\u00e1s devastadores que una persona puede experimentar. Si usted o un ser querido han resultado gravemente heridos en un accidente de semirremolque en Brookville, no est\u00e1n solos. Los semirremolques, los camiones de 18 ruedas y los camiones comerciales est\u00e1n involucrados en casi medio mill\u00f3n de accidentes cada a\u00f1o. Dado que los semirremolques pueden pesar entre 20 y 30 veces m\u00e1s que un veh\u00edculo de pasajeros est\u00e1ndar, no sorprende que muchos de estos accidentes provoquen lesiones. Sus lesiones suelen ser graves y pueden tener efectos a largo plazo, incluso resultando en par\u00e1lisis o discapacidad permanente. El <a href=\"https:\/\/www.iihs.org\/topics\/fatality-statistics\/detail\/large-trucks\" target=\"_blank\" rel=\"noopener\">70%<\/a> de las personas que mueren en accidentes de semirremolques son ocupantes del otro veh\u00edculo. Lo m\u00e1s frustrante de estas estad\u00edsticas es que casi todos estos accidentes podr\u00edan haberse evitado si no fuera por una conducci\u00f3n negligente. Para muchas v\u00edctimas de conductores de camiones negligentes, la \u00fanica forma de recuperarse financieramente y avanzar en la vida es presentar una demanda por lesiones personales con la ayuda de un abogado de accidentes de camiones de Brookville, Ohio.<\/p>\n<h2><strong>Qu\u00e9 hacer despu\u00e9s de un accidente de semirremolque<\/strong><\/h2>\n<p>Despu\u00e9s de un accidente de semirremolque, es posible que est\u00e9 lidiando con lesiones graves, altos niveles de dolor y facturas m\u00e9dicas crecientes. Puede ser dif\u00edcil pensar en otra cosa que no sea sobrevivir. Para muchas personas, la acci\u00f3n legal es lo \u00faltimo que tienen en mente, o tal vez piensen que lo lograr\u00e1n despu\u00e9s de que controlen su atenci\u00f3n m\u00e9dica. Lo crea o no, hablar con un abogado es lo primero que debe hacer, despu\u00e9s de recibir atenci\u00f3n m\u00e9dica, por supuesto. Los accidentes de semirremolques pueden ser complejos, a veces involucrando a m\u00faltiples partes responsables e investigaciones prolongadas. Los accidentes de semirremolques tambi\u00e9n tienen muchas probabilidades de provocar lesiones graves que requieren atenci\u00f3n m\u00e9dica extensa y costosa. Cuanto m\u00e1s graves sean sus lesiones, m\u00e1s cr\u00edtico es que contrate a un abogado. Cuanto mayor sea el riesgo de recuperaci\u00f3n, m\u00e1s importante es contar con una representaci\u00f3n de confianza.<\/p>\n<p class=\"rs-content-cta rs-content-cta-small\">Para una consulta legal gratuita, llame al <a href=\"tel:+15138943333\">513-894-3333 <\/a><\/p><h2><strong>\u00bfPuedo demandar a un conductor de semirremolque si me lesion\u00e9 en un accidente en Brookville? <\/strong><\/h2>\n<p>Si estuvo involucrado en un accidente de cami\u00f3n en Brookville que no fue su culpa, o al menos no fue completamente su culpa, y como resultado sufri\u00f3 lesiones y da\u00f1os financieros, es posible que tenga motivos para presentar una demanda por responsabilidad personal. Seg\u00fan la ley estatal de Ohio, todos los conductores en la carretera aceptan cumplir con las leyes de tr\u00e1nsito del estado y cumplir con un deber razonable de cuidado con todos los dem\u00e1s conductores en la carretera. Este deber de cuidado se incumple cuando un conductor infringe la ley al acelerar o conducir bajo la influencia. Si el da\u00f1o, como un accidente y lesiones, resultan de su negligencia, se vuelven responsables financieramente. Todo esto es para decir que si result\u00f3 lesionado en un accidente de semirremolque debido a la negligencia del conductor o de otra parte y sufri\u00f3 da\u00f1os como resultado, puede demandar.<\/p>\n<p>Incluso si tiene una parte de la culpa, es posible que a\u00fan pueda presentar una demanda. Sin embargo, puede que no tenga sentido entablar una demanda en algunos casos si tiene casi la misma culpa. Una representaci\u00f3n s\u00f3lida de su reclamo tambi\u00e9n implicar\u00e1 argumentar que usted no tiene la culpa o que merece la menor cantidad posible de culpa que se le asigne. A\u00fan podr\u00e1 recuperar si se le asigna un porcentaje de la falta, y su premio simplemente se reducir\u00e1 proporcionalmente. Por ejemplo, si se determina que usted tiene un 10% de culpa y se le otorgan $100,000 en da\u00f1os, recibir\u00e1 $90,000 de esos da\u00f1os ($100,000 al 10%). Si tiene preguntas sobre qui\u00e9n es responsable en su caso y si tiene sentido seguir adelante con una demanda, es importante que hable con un abogado lo antes posible. Adem\u00e1s de acelerar su recuperaci\u00f3n y alivio financiero, es importante ser proactivo porque existe un estatuto de limitaciones, o l\u00edmite de tiempo, en las reclamaciones por accidentes de semirremolques.<\/p>\n<h2><strong>\u00bfCu\u00e1l es el valor de mi reclamo por accidente de semirremolque?<\/strong><\/h2>\n<p>El valor de su reclamo por accidente de semirremolque se determina en funci\u00f3n de la cantidad de lesiones que sufri\u00f3 y los costos en los que incurri\u00f3 como resultado. Seg\u00fan la ley de Ohio, puede recibir una compensaci\u00f3n por todos los costos incurridos como resultado de su lesi\u00f3n. Esto incluye todos los costos m\u00e9dicos relacionados con el accidente, como hospitalizaci\u00f3n, medicamentos, cirug\u00eda, tratamiento y fisioterapia. Tambi\u00e9n puede recuperar los salarios perdidos si su lesi\u00f3n le impidi\u00f3 trabajar y le cost\u00f3 ingresos.<\/p>\n<p>La ley de Ohio tambi\u00e9n le permite recibir una compensaci\u00f3n por el dolor y el sufrimiento causados por el trauma f\u00edsico y emocional del accidente. Cuanto mayores sean sus da\u00f1os financieros y m\u00e1s graves sus lesiones, mayores ser\u00e1n sus da\u00f1os por dolor y sufrimiento. La mejor manera de tener una idea precisa del valor de su reclamo es hablar directamente con un abogado de lesiones personales en accidentes de camiones. Cada caso es diferente y muchos factores pueden afectar el valor de su reclamo, por lo que es importante consultar con un abogado de accidentes de camiones de Brookville o puede terminar subestimando su reclamo y aceptando un acuerdo que no satisfar\u00e1 sus necesidades financieras a largo plazo. .<\/p>\n<p class=\"rs-content-cta rs-content-cta-small\"><a href=\"\/es\/contacto\/\">Haga clic para contactar<\/a> con nuestros accidente de cami\u00f3n abogados hoy<\/p><h2><strong>\u00bfNecesito un abogado de accidentes de semirremolques de Brookville, Ohio para demandar?<\/strong><\/h2>\n<p>Un abogado puede ser un activo invaluable despu\u00e9s de un accidente de cami\u00f3n. Puede ser dif\u00edcil navegar por el proceso del seguro y negociar un acuerdo justo despu\u00e9s de un accidente, especialmente cuando siente dolor e incluso puede estar tomando analg\u00e9sicos o sufrir los efectos de un shock o una lesi\u00f3n cerebral traum\u00e1tica. Necesita a alguien en quien pueda confiar para que tome el volante, nivele el campo de juego entre usted y la compa\u00f1\u00eda de seguros, y obtenga el acuerdo y la compensaci\u00f3n a los que tiene derecho por cualquier medio legal que sea necesario.<\/p>\n<p class=\"rs-content-cta rs-content-cta-small\">Complete una <a href=\"\/es\/contacto\/\">evaluaci\u00f3n gratuita de su caso<\/a> ahora<\/p><h2><strong>Programe una consulta con nuestro abogado de accidentes de semirremolques de Brookville, Ohio<\/strong><\/h2>\n<p>Si usted o un ser querido han resultado gravemente heridos en un accidente de cami\u00f3n comercial o semirremolque en Ohio, los abogados experimentados en accidentes de camiones <a href=\"https:\/\/thehometownlawyers.com\/es\/abogados-de-lesiones-personales-en-eaton-ohio\/\">del bufete de abogados Kruger &amp; Hodges<\/a> quieren luchar para representar sus intereses y obtener la compensaci\u00f3n que se merece. Cont\u00e1ctenos en nuestras oficinas <a href=\"https:\/\/thehometownlawyers.com\/es\/contacto\/\">legales de Eaton, OH<\/a> hoy para programar una consulta y averiguar c\u00f3mo podemos ayudarlo.<\/p>\n<p class=\"rs-content-cta rs-content-cta-small\">Llame o env\u00ede un mensaje de texto al <a href=\"tel:+15138943333\">513-894-3333<\/a> o complete una <a href=\"\/es\/contacto\/\">evaluaci\u00f3n gratuita de su caso<\/a><\/p>","protected":false},"excerpt":{"rendered":"<p>Los accidentes de semirremolques se encuentran entre los m\u00e1s devastadores que una persona puede experimentar. Si usted o un ser querido han resultado gravemente heridos en un accidente de semirremolque en Brookville, no est\u00e1n solos. Los semirremolques, los camiones de 18 ruedas y los camiones comerciales est\u00e1n involucrados en casi medio mill\u00f3n de accidentes cada &#8230;<\/p>\n","protected":false},"author":7,"featured_media":20728,"parent":21141,"menu_order":0,"comment_status":"closed","ping_status":"closed","template":"","meta":{"_acf_changed":false,"inline_featured_image":false,"_genesis_hide_title":false,"_genesis_hide_breadcrumbs":false,"_genesis_hide_singular_image":false,"_genesis_hide_footer_widgets":false,"_genesis_custom_body_class":"","_genesis_custom_post_class":"","_genesis_layout":"","footnotes":""},"hc_faqs":[],"hc_spanish_faqs":[],"class_list":{"0":"post-21157","1":"page","2":"type-page","3":"status-publish","4":"has-post-thumbnail","6":"entry"},"acf":[],"yoast_head":"<!-- This site is optimized with the Yoast SEO plugin v27.4 - https:\/\/yoast.com\/product\/yoast-seo-wordpress\/ -->\n<title>Brookville, Ohio Abogado de accidentes de semirremolques: Consulta gratuita<\/title>\n<meta name=\"description\" content=\"Para las v\u00edctimas de conductores de camiones negligentes, la forma de recuperarse financieramente es con la ayuda de un abogado de accidentes de camiones de Brookville, Ohio.\" \/>\n<meta name=\"robots\" content=\"index, follow, max-snippet:-1, max-image-preview:large, max-video-preview:-1\" \/>\n<link rel=\"canonical\" href=\"https:\/\/thehometownlawyers.com\/es\/abogados-de-lesiones-personales-de-brookville-ohio\/brookville-ohio-abogado-de-accidentes-de-semirremolques\/\" \/>\n<meta property=\"og:locale\" content=\"es_MX\" \/>\n<meta property=\"og:type\" content=\"article\" \/>\n<meta property=\"og:title\" content=\"Brookville, Ohio Abogado de accidentes de semirremolques: Consulta gratuita\" \/>\n<meta property=\"og:description\" content=\"Para las v\u00edctimas de conductores de camiones negligentes, la forma de recuperarse financieramente es con la ayuda de un abogado de accidentes de camiones de Brookville, Ohio.\" \/>\n<meta property=\"og:url\" content=\"https:\/\/thehometownlawyers.com\/es\/abogados-de-lesiones-personales-de-brookville-ohio\/brookville-ohio-abogado-de-accidentes-de-semirremolques\/\" \/>\n<meta property=\"og:site_name\" content=\"Kruger &amp; Hodges Abogados De Lesiones\" \/>\n<meta property=\"article:publisher\" content=\"https:\/\/www.facebook.com\/KrugerHodges\/\" \/>\n<meta property=\"article:modified_time\" content=\"2025-01-31T15:40:29+00:00\" \/>\n<meta property=\"og:image\" content=\"https:\/\/thehometownlawyers.com\/wp-content\/uploads\/2019\/01\/FedEx-Truck-Accident.jpg\" \/>\n\t<meta property=\"og:image:width\" content=\"640\" \/>\n\t<meta property=\"og:image:height\" content=\"427\" \/>\n\t<meta property=\"og:image:type\" content=\"image\/jpeg\" \/>\n<meta name=\"twitter:card\" content=\"summary_large_image\" \/>\n<meta name=\"twitter:label1\" content=\"Tiempo de lectura\" \/>\n\t<meta name=\"twitter:data1\" content=\"5 minutos\" \/>\n<script type=\"application\/ld+json\" class=\"yoast-schema-graph\">{\"@context\":\"https:\\\/\\\/schema.org\",\"@graph\":[{\"@type\":\"WebPage\",\"@id\":\"https:\\\/\\\/thehometownlawyers.com\\\/es\\\/abogados-de-lesiones-personales-de-brookville-ohio\\\/brookville-ohio-abogado-de-accidentes-de-semirremolques\\\/\",\"url\":\"https:\\\/\\\/thehometownlawyers.com\\\/es\\\/abogados-de-lesiones-personales-de-brookville-ohio\\\/brookville-ohio-abogado-de-accidentes-de-semirremolques\\\/\",\"name\":\"Brookville, Ohio Abogado de accidentes de semirremolques: Consulta gratuita\",\"isPartOf\":{\"@id\":\"https:\\\/\\\/thehometownlawyers.com\\\/es\\\/#website\"},\"primaryImageOfPage\":{\"@id\":\"https:\\\/\\\/thehometownlawyers.com\\\/es\\\/abogados-de-lesiones-personales-de-brookville-ohio\\\/brookville-ohio-abogado-de-accidentes-de-semirremolques\\\/#primaryimage\"},\"image\":{\"@id\":\"https:\\\/\\\/thehometownlawyers.com\\\/es\\\/abogados-de-lesiones-personales-de-brookville-ohio\\\/brookville-ohio-abogado-de-accidentes-de-semirremolques\\\/#primaryimage\"},\"thumbnailUrl\":\"https:\\\/\\\/thehometownlawyers.com\\\/wp-content\\\/uploads\\\/2019\\\/01\\\/FedEx-Truck-Accident.jpg\",\"datePublished\":\"2022-02-23T14:59:40+00:00\",\"dateModified\":\"2025-01-31T15:40:29+00:00\",\"description\":\"Para las v\u00edctimas de conductores de camiones negligentes, la forma de recuperarse financieramente es con la ayuda de un abogado de accidentes de camiones de Brookville, Ohio.\",\"breadcrumb\":{\"@id\":\"https:\\\/\\\/thehometownlawyers.com\\\/es\\\/abogados-de-lesiones-personales-de-brookville-ohio\\\/brookville-ohio-abogado-de-accidentes-de-semirremolques\\\/#breadcrumb\"},\"inLanguage\":\"es\",\"potentialAction\":[{\"@type\":\"ReadAction\",\"target\":[\"https:\\\/\\\/thehometownlawyers.com\\\/es\\\/abogados-de-lesiones-personales-de-brookville-ohio\\\/brookville-ohio-abogado-de-accidentes-de-semirremolques\\\/\"]}]},{\"@type\":\"ImageObject\",\"inLanguage\":\"es\",\"@id\":\"https:\\\/\\\/thehometownlawyers.com\\\/es\\\/abogados-de-lesiones-personales-de-brookville-ohio\\\/brookville-ohio-abogado-de-accidentes-de-semirremolques\\\/#primaryimage\",\"url\":\"https:\\\/\\\/thehometownlawyers.com\\\/wp-content\\\/uploads\\\/2019\\\/01\\\/FedEx-Truck-Accident.jpg\",\"contentUrl\":\"https:\\\/\\\/thehometownlawyers.com\\\/wp-content\\\/uploads\\\/2019\\\/01\\\/FedEx-Truck-Accident.jpg\",\"width\":640,\"height\":427,\"caption\":\"Accidente de tres semirremolques\"},{\"@type\":\"BreadcrumbList\",\"@id\":\"https:\\\/\\\/thehometownlawyers.com\\\/es\\\/abogados-de-lesiones-personales-de-brookville-ohio\\\/brookville-ohio-abogado-de-accidentes-de-semirremolques\\\/#breadcrumb\",\"itemListElement\":[{\"@type\":\"ListItem\",\"position\":1,\"name\":\"Home\",\"item\":\"https:\\\/\\\/thehometownlawyers.com\\\/es\\\/\"},{\"@type\":\"ListItem\",\"position\":2,\"name\":\"Abogado de Lesiones Personales en Brookville\",\"item\":\"https:\\\/\\\/thehometownlawyers.com\\\/es\\\/abogados-de-lesiones-personales-de-brookville-ohio\\\/\"},{\"@type\":\"ListItem\",\"position\":3,\"name\":\"Abogado de Accidente de Semi en Brookville\"}]},{\"@type\":\"WebSite\",\"@id\":\"https:\\\/\\\/thehometownlawyers.com\\\/es\\\/#website\",\"url\":\"https:\\\/\\\/thehometownlawyers.com\\\/es\\\/\",\"name\":\"Kruger & Hodges Hometown Injury Lawyers | Accident Attorneys\",\"description\":\"Attorneys for Car, Truck and Motorcycle Accidents, Personal Injuries, and Criminal Defense.\",\"publisher\":{\"@id\":\"https:\\\/\\\/thehometownlawyers.com\\\/es\\\/#organization\"},\"alternateName\":\"Kruger & Hodges Personal Injury Lawyers\",\"inLanguage\":\"es\"},{\"@type\":\"Organization\",\"@id\":\"https:\\\/\\\/thehometownlawyers.com\\\/es\\\/#organization\",\"name\":\"Kruger & Hodges Hometown Injury Lawyers\",\"alternateName\":\"Kruger & Hodges\",\"url\":\"https:\\\/\\\/thehometownlawyers.com\\\/es\\\/\",\"logo\":{\"@type\":\"ImageObject\",\"inLanguage\":\"es\",\"@id\":\"https:\\\/\\\/thehometownlawyers.com\\\/es\\\/#\\\/schema\\\/logo\\\/image\\\/\",\"url\":\"https:\\\/\\\/thehometownlawyers.com\\\/wp-content\\\/uploads\\\/2025\\\/12\\\/revised-kh-logo-vertical-white-background-scaled.png\",\"contentUrl\":\"https:\\\/\\\/thehometownlawyers.com\\\/wp-content\\\/uploads\\\/2025\\\/12\\\/revised-kh-logo-vertical-white-background-scaled.png\",\"width\":2560,\"height\":1440,\"caption\":\"Kruger & Hodges Hometown Injury Lawyers\"},\"image\":{\"@id\":\"https:\\\/\\\/thehometownlawyers.com\\\/es\\\/#\\\/schema\\\/logo\\\/image\\\/\"},\"sameAs\":[\"https:\\\/\\\/www.facebook.com\\\/KrugerHodges\\\/\",\"https:\\\/\\\/www.instagram.com\\\/krugerhodges\\\/\",\"https:\\\/\\\/www.linkedin.com\\\/company\\\/kruger-hodges-hometown-injury-lawyers\\\/\",\"https:\\\/\\\/www.youtube.com\\\/channel\\\/UCeYcMaMaN2rb9jMlqt4EIdQ\",\"https:\\\/\\\/www.tiktok.com\\\/@thehometownlawyer\"]}]}<\/script>\n<!-- \/ Yoast SEO plugin. -->","yoast_head_json":{"title":"Brookville, Ohio Abogado de accidentes de semirremolques: Consulta gratuita","description":"Para las v\u00edctimas de conductores de camiones negligentes, la forma de recuperarse financieramente es con la ayuda de un abogado de accidentes de camiones de Brookville, Ohio.","robots":{"index":"index","follow":"follow","max-snippet":"max-snippet:-1","max-image-preview":"max-image-preview:large","max-video-preview":"max-video-preview:-1"},"canonical":"https:\/\/thehometownlawyers.com\/es\/abogados-de-lesiones-personales-de-brookville-ohio\/brookville-ohio-abogado-de-accidentes-de-semirremolques\/","og_locale":"es_MX","og_type":"article","og_title":"Brookville, Ohio Abogado de accidentes de semirremolques: Consulta gratuita","og_description":"Para las v\u00edctimas de conductores de camiones negligentes, la forma de recuperarse financieramente es con la ayuda de un abogado de accidentes de camiones de Brookville, Ohio.","og_url":"https:\/\/thehometownlawyers.com\/es\/abogados-de-lesiones-personales-de-brookville-ohio\/brookville-ohio-abogado-de-accidentes-de-semirremolques\/","og_site_name":"Kruger &amp; Hodges Abogados De Lesiones","article_publisher":"https:\/\/www.facebook.com\/KrugerHodges\/","article_modified_time":"2025-01-31T15:40:29+00:00","og_image":[{"width":640,"height":427,"url":"https:\/\/thehometownlawyers.com\/wp-content\/uploads\/2019\/01\/FedEx-Truck-Accident.jpg","type":"image\/jpeg"}],"twitter_card":"summary_large_image","twitter_misc":{"Tiempo de lectura":"5 minutos"},"schema":{"@context":"https:\/\/schema.org","@graph":[{"@type":"WebPage","@id":"https:\/\/thehometownlawyers.com\/es\/abogados-de-lesiones-personales-de-brookville-ohio\/brookville-ohio-abogado-de-accidentes-de-semirremolques\/","url":"https:\/\/thehometownlawyers.com\/es\/abogados-de-lesiones-personales-de-brookville-ohio\/brookville-ohio-abogado-de-accidentes-de-semirremolques\/","name":"Brookville, Ohio Abogado de accidentes de semirremolques: Consulta gratuita","isPartOf":{"@id":"https:\/\/thehometownlawyers.com\/es\/#website"},"primaryImageOfPage":{"@id":"https:\/\/thehometownlawyers.com\/es\/abogados-de-lesiones-personales-de-brookville-ohio\/brookville-ohio-abogado-de-accidentes-de-semirremolques\/#primaryimage"},"image":{"@id":"https:\/\/thehometownlawyers.com\/es\/abogados-de-lesiones-personales-de-brookville-ohio\/brookville-ohio-abogado-de-accidentes-de-semirremolques\/#primaryimage"},"thumbnailUrl":"https:\/\/thehometownlawyers.com\/wp-content\/uploads\/2019\/01\/FedEx-Truck-Accident.jpg","datePublished":"2022-02-23T14:59:40+00:00","dateModified":"2025-01-31T15:40:29+00:00","description":"Para las v\u00edctimas de conductores de camiones negligentes, la forma de recuperarse financieramente es con la ayuda de un abogado de accidentes de camiones de Brookville, Ohio.","breadcrumb":{"@id":"https:\/\/thehometownlawyers.com\/es\/abogados-de-lesiones-personales-de-brookville-ohio\/brookville-ohio-abogado-de-accidentes-de-semirremolques\/#breadcrumb"},"inLanguage":"es","potentialAction":[{"@type":"ReadAction","target":["https:\/\/thehometownlawyers.com\/es\/abogados-de-lesiones-personales-de-brookville-ohio\/brookville-ohio-abogado-de-accidentes-de-semirremolques\/"]}]},{"@type":"ImageObject","inLanguage":"es","@id":"https:\/\/thehometownlawyers.com\/es\/abogados-de-lesiones-personales-de-brookville-ohio\/brookville-ohio-abogado-de-accidentes-de-semirremolques\/#primaryimage","url":"https:\/\/thehometownlawyers.com\/wp-content\/uploads\/2019\/01\/FedEx-Truck-Accident.jpg","contentUrl":"https:\/\/thehometownlawyers.com\/wp-content\/uploads\/2019\/01\/FedEx-Truck-Accident.jpg","width":640,"height":427,"caption":"Accidente de tres semirremolques"},{"@type":"BreadcrumbList","@id":"https:\/\/thehometownlawyers.com\/es\/abogados-de-lesiones-personales-de-brookville-ohio\/brookville-ohio-abogado-de-accidentes-de-semirremolques\/#breadcrumb","itemListElement":[{"@type":"ListItem","position":1,"name":"Home","item":"https:\/\/thehometownlawyers.com\/es\/"},{"@type":"ListItem","position":2,"name":"Abogado de Lesiones Personales en Brookville","item":"https:\/\/thehometownlawyers.com\/es\/abogados-de-lesiones-personales-de-brookville-ohio\/"},{"@type":"ListItem","position":3,"name":"Abogado de Accidente de Semi en Brookville"}]},{"@type":"WebSite","@id":"https:\/\/thehometownlawyers.com\/es\/#website","url":"https:\/\/thehometownlawyers.com\/es\/","name":"Kruger & Hodges Hometown Injury Lawyers | Accident Attorneys","description":"Attorneys for Car, Truck and Motorcycle Accidents, Personal Injuries, and Criminal Defense.","publisher":{"@id":"https:\/\/thehometownlawyers.com\/es\/#organization"},"alternateName":"Kruger & Hodges Personal Injury Lawyers","inLanguage":"es"},{"@type":"Organization","@id":"https:\/\/thehometownlawyers.com\/es\/#organization","name":"Kruger & Hodges Hometown Injury Lawyers","alternateName":"Kruger & Hodges","url":"https:\/\/thehometownlawyers.com\/es\/","logo":{"@type":"ImageObject","inLanguage":"es","@id":"https:\/\/thehometownlawyers.com\/es\/#\/schema\/logo\/image\/","url":"https:\/\/thehometownlawyers.com\/wp-content\/uploads\/2025\/12\/revised-kh-logo-vertical-white-background-scaled.png","contentUrl":"https:\/\/thehometownlawyers.com\/wp-content\/uploads\/2025\/12\/revised-kh-logo-vertical-white-background-scaled.png","width":2560,"height":1440,"caption":"Kruger & Hodges Hometown Injury Lawyers"},"image":{"@id":"https:\/\/thehometownlawyers.com\/es\/#\/schema\/logo\/image\/"},"sameAs":["https:\/\/www.facebook.com\/KrugerHodges\/","https:\/\/www.instagram.com\/krugerhodges\/","https:\/\/www.linkedin.com\/company\/kruger-hodges-hometown-injury-lawyers\/","https:\/\/www.youtube.com\/channel\/UCeYcMaMaN2rb9jMlqt4EIdQ","https:\/\/www.tiktok.com\/@thehometownlawyer"]}]}},"_links":{"self":[{"href":"https:\/\/thehometownlawyers.com\/es\/wp-json\/wp\/v2\/pages\/21157","targetHints":{"allow":["GET"]}}],"collection":[{"href":"https:\/\/thehometownlawyers.com\/es\/wp-json\/wp\/v2\/pages"}],"about":[{"href":"https:\/\/thehometownlawyers.com\/es\/wp-json\/wp\/v2\/types\/page"}],"author":[{"embeddable":true,"href":"https:\/\/thehometownlawyers.com\/es\/wp-json\/wp\/v2\/users\/7"}],"replies":[{"embeddable":true,"href":"https:\/\/thehometownlawyers.com\/es\/wp-json\/wp\/v2\/comments?post=21157"}],"version-history":[{"count":0,"href":"https:\/\/thehometownlawyers.com\/es\/wp-json\/wp\/v2\/pages\/21157\/revisions"}],"up":[{"embeddable":true,"href":"https:\/\/thehometownlawyers.com\/es\/wp-json\/wp\/v2\/pages\/21141"}],"wp:featuredmedia":[{"embeddable":true,"href":"https:\/\/thehometownlawyers.com\/es\/wp-json\/wp\/v2\/media\/20728"}],"wp:attachment":[{"href":"https:\/\/thehometownlawyers.com\/es\/wp-json\/wp\/v2\/media?parent=21157"}],"wp:term":[{"taxonomy":"hc_faqs","embeddable":true,"href":"https:\/\/thehometownlawyers.com\/es\/wp-json\/wp\/v2\/hc_faqs?post=21157"},{"taxonomy":"hc_spanish_faqs","embeddable":true,"href":"https:\/\/thehometownlawyers.com\/es\/wp-json\/wp\/v2\/hc_spanish_faqs?post=21157"}],"curies":[{"name":"wp","href":"https:\/\/api.w.org\/{rel}","templated":true}]}}