{"id":21158,"date":"2022-01-03T21:19:53","date_gmt":"2022-01-04T02:19:53","guid":{"rendered":"https:\/\/thehometownlawyers.com\/?page_id=21158"},"modified":"2025-02-03T09:53:52","modified_gmt":"2025-02-03T14:53:52","slug":"accidentes-de-camiones-en-west-alexandria-en-ohio","status":"publish","type":"page","link":"https:\/\/thehometownlawyers.com\/es\/lesiones-personales-en-west-alexandria-ohio\/accidentes-de-camiones-en-west-alexandria-en-ohio\/","title":{"rendered":"Abogado de Accidente de Cami\u00f3n en West Alexandria"},"content":{"rendered":"<h2>Accidentes de camiones en West Alexandria<\/h2>\n<p>West Alexandria es una peque\u00f1a comunidad hist\u00f3rica que forma parte del \u00c1rea Estad\u00edstica Metropolitana de Dayton. West Alexandria est\u00e1 cerca de Dayton y tenemos varias autopistas grandes cerca, incluida la Interestatal 70. La proximidad a estas carreteras hace que viajemos con muchos camiones grandes de forma regular. Aunque los camiones son una parte integral de nuestra econom\u00eda, tambi\u00e9n pueden representar un peligro para otros conductores. Los accidentes de camiones en West Alexandria pueden causar lesiones graves y potencialmente mortales. Si usted es v\u00edctima de lesiones debido a un accidente de cami\u00f3n, el conductor negligente debe pagar por sus da\u00f1os.<\/p>\n<p class=\"rs-content-cta rs-content-cta-small\">Para una consulta legal gratuita, llame al <a href=\"tel:+15138943333\">513-894-3333 <\/a><\/p><h2>\u00bfQu\u00e9 causa los accidentes de camiones en West Alexandria?<\/h2>\n<p>Hay una variedad de factores que pueden causar o contribuir a los accidentes de camiones en West Alexandria. La <a href=\"https:\/\/www.fmcsa.dot.gov\/\" target=\"_blank\" rel=\"noopener\">Administraci\u00f3n Federal de Seguridad de Autotransportes<\/a> (FMCSA) estudi\u00f3 los accidentes de camiones. Determinaron que existen causas principales y causas contribuyentes que encajan en varias categor\u00edas, entre ellas:<\/p>\n<ul>\n<li>Error humano<\/li>\n<li>Mal funcionamiento mec\u00e1nico<\/li>\n<li>Condiciones del camino<\/li>\n<\/ul>\n<p>El error humano es probablemente la causa m\u00e1s com\u00fan o el factor contribuyente en los principales accidentes de camiones. Algunos de los tipos comunes de error humano son exceso de velocidad, falta de atenci\u00f3n o distracci\u00f3n, incumplimiento de las se\u00f1ales de tr\u00e1fico, incumplimiento del paso, cambio de carril inadecuado y fatiga, entre otros. Las fallas mec\u00e1nicas se atribuyen con mayor frecuencia a frenos defectuosos y problemas con los neum\u00e1ticos. Las condiciones de la carretera pueden incluir cosas como nieve, hielo, pavimento mojado y da\u00f1os en la superficie de la carretera.<\/p>\n<p class=\"rs-content-cta\">Abogado de Lesiones Personales de West Alexandria Cerca de M\u00ed <a href=\"tel:+15138943333\">513-894-3333<\/a><\/p><h2>\u00bfPor qu\u00e9 los accidentes de camiones son diferentes?<\/h2>\n<p>Los accidentes de camiones son m\u00e1s complejos que otros tipos de accidentes. Las causas de los accidentes de camiones suelen ser m\u00e1s complicadas y, a menudo, hay m\u00e1s de una causa del accidente. Puede haber m\u00e1s de una parte negligente en un accidente de cami\u00f3n, incluido el conductor, la empresa de transporte y la empresa de mantenimiento, entre otros. Hay m\u00e1s evidencia disponible en casos de accidentes de camiones que en otros. Debe obtener acceso al <a href=\"https:\/\/www.fmcsa.dot.gov\/hours-service\/elds\/electronic-logging-devices\" target=\"_blank\" rel=\"noopener\">dispositivo de registro electr\u00f3nico<\/a> (ELD), registro de mantenimiento y otros documentos relacionados con el conductor y el veh\u00edculo. No puede esperar para obtener estos datos porque podr\u00edan perderse si no los recibe r\u00e1pidamente.<\/p>\n<p>Otro factor que hace que los accidentes de camiones sean \u00fanicos es que las compa\u00f1\u00edas de camiones a menudo tienen su propio equipo legal disponible para manejar los reclamos. Esto significa que a menudo est\u00e1n mucho m\u00e1s preparados que la persona promedio para trabajar en un reclamo por accidente y, en algunos casos, tratar de desviar la responsabilidad. Por lo tanto, le conviene buscar orientaci\u00f3n legal tan pronto como sea posible despu\u00e9s de un accidente de cami\u00f3n. Un abogado con experiencia en accidentes de camiones en West Alexandria sabe c\u00f3mo resolver estos complejos reclamos de manera favorable.<\/p>\n<p class=\"rs-content-cta rs-content-cta-small\"><a href=\"\/es\/contacto\/\">Haga clic para contactar<\/a> con nuestros lesiones personales abogados hoy<\/p><h2>Lesiones Sufridas en Accidentes de Camiones en West Alexandria<\/h2>\n<p>Las lesiones que sufre en un accidente de cami\u00f3n pueden ser extremadamente graves. El tama\u00f1o y el peso de un semirremolque pueden hacer que las lesiones sean mucho m\u00e1s graves que en otros tipos de accidentes. Las v\u00edctimas de accidentes de camiones a menudo tienen que ser sacadas del veh\u00edculo y es posible que deban ser transportadas al centro de trauma en un helic\u00f3ptero salvavidas. Las lesiones comunes son:<\/p>\n<ul>\n<li>Trauma de la cabeza<\/li>\n<li>Lesiones en el cuello y latigazo cervical<\/li>\n<li>lesiones de espalda<\/li>\n<li>Heridas internas<\/li>\n<li>lesiones por aplastamiento<\/li>\n<li>quemaduras<\/li>\n<li>Huesos rotos<\/li>\n<\/ul>\n<p>Las lesiones pueden poner en peligro la vida y pueden requerir meses o a\u00f1os de tratamiento y rehabilitaci\u00f3n. La parte negligente debe pagar por sus lesiones y cualquier otro da\u00f1o que haya sufrido como resultado del accidente.<\/p>\n<p class=\"rs-content-cta rs-content-cta-small\">Complete una <a href=\"\/es\/contacto\/\">evaluaci\u00f3n gratuita de su caso<\/a> ahora<\/p><h2>\u00bfQui\u00e9n es responsable de los accidentes de camiones?<\/h2>\n<p>Es importante localizar a la parte negligente y responsabilizarla por el accidente. Un conductor no tiene que haber recibido una multa para haber causado el accidente. Deber\u00e1 probar negligencia para obtener una compensaci\u00f3n por su reclamo. Hay cuatro elementos principales de negligencia que incluyen deber, incumplimiento, causalidad y da\u00f1os. La negligencia es la falta de ejercicio de la precauci\u00f3n adecuada que resulta en lesiones a otra persona.<\/p>\n<p>En Ohio, a\u00fan puede solicitar una compensaci\u00f3n por da\u00f1os si fue parcialmente negligente, siempre que su negligencia sea inferior al 50%. Esto se llama negligencia contributiva. Si se determina que usted tiene parte de la culpa, su acuerdo potencial se reducir\u00e1 en un porcentaje igual. Por ejemplo, si la otra parte es 90% negligente y usted es 10% negligente y sus da\u00f1os son de $100,000, podr\u00e1 solicitar hasta $90,000.<\/p>\n<p>Los accidentes de camiones pueden ser extremadamente complejos y requieren mucha <a href=\"https:\/\/thehometownlawyers.com\/es\/\">experiencia legal<\/a> . Un abogado con experiencia en accidentes de camiones manejar\u00e1 los aspectos legales de su caso y lo ayudar\u00e1 a obtener el dinero que se merece por sus lesiones. Si result\u00f3 herido en un accidente de cami\u00f3n, ll\u00e1menos a <a href=\"https:\/\/thehometownlawyers.com\/es\/contacto\/\">Kruger &amp; Hodges<\/a> al (937) 733-6079 para una consulta inicial gratuita.<\/p>\n<p class=\"rs-content-cta rs-content-cta-small\">Llame o env\u00ede un mensaje de texto al <a href=\"tel:+15138943333\">513-894-3333<\/a> o complete una <a href=\"\/es\/contacto\/\">evaluaci\u00f3n gratuita de su caso<\/a><\/p>","protected":false},"excerpt":{"rendered":"<p>Accidentes de camiones en West Alexandria West Alexandria es una peque\u00f1a comunidad hist\u00f3rica que forma parte del \u00c1rea Estad\u00edstica Metropolitana de Dayton. West Alexandria est\u00e1 cerca de Dayton y tenemos varias autopistas grandes cerca, incluida la Interestatal 70. La proximidad a estas carreteras hace que viajemos con muchos camiones grandes de forma regular. Aunque los &#8230;<\/p>\n","protected":false},"author":7,"featured_media":20857,"parent":21162,"menu_order":0,"comment_status":"closed","ping_status":"closed","template":"","meta":{"_acf_changed":false,"inline_featured_image":false,"_genesis_hide_title":false,"_genesis_hide_breadcrumbs":false,"_genesis_hide_singular_image":false,"_genesis_hide_footer_widgets":false,"_genesis_custom_body_class":"","_genesis_custom_post_class":"","_genesis_layout":"","footnotes":""},"hc_faqs":[],"hc_spanish_faqs":[],"class_list":{"0":"post-21158","1":"page","2":"type-page","3":"status-publish","4":"has-post-thumbnail","6":"hc_city_location-west-alexandria-es","7":"entry"},"acf":[],"yoast_head":"<!-- This site is optimized with the Yoast SEO plugin v27.3 - https:\/\/yoast.com\/product\/yoast-seo-wordpress\/ -->\n<title>Accidentes de Camiones en West Alexandria | Abogados de Kruger &amp; Hodges<\/title>\n<meta name=\"description\" content=\"Para las v\u00edctimas de lesiones por accidentes de camiones en West Alexandria, los conductores negligentes deben pagar los da\u00f1os.\" \/>\n<meta name=\"robots\" content=\"index, follow, max-snippet:-1, max-image-preview:large, max-video-preview:-1\" \/>\n<link rel=\"canonical\" href=\"https:\/\/thehometownlawyers.com\/es\/lesiones-personales-en-west-alexandria-ohio\/accidentes-de-camiones-en-west-alexandria-en-ohio\/\" \/>\n<meta property=\"og:locale\" content=\"es_MX\" \/>\n<meta property=\"og:type\" content=\"article\" \/>\n<meta property=\"og:title\" content=\"Accidentes de Camiones en West Alexandria | Abogados de Kruger &amp; Hodges\" \/>\n<meta property=\"og:description\" content=\"Para las v\u00edctimas de lesiones por accidentes de camiones en West Alexandria, los conductores negligentes deben pagar los da\u00f1os.\" \/>\n<meta property=\"og:url\" content=\"https:\/\/thehometownlawyers.com\/es\/lesiones-personales-en-west-alexandria-ohio\/accidentes-de-camiones-en-west-alexandria-en-ohio\/\" \/>\n<meta property=\"og:site_name\" content=\"Kruger &amp; Hodges Abogados De Lesiones\" \/>\n<meta property=\"article:publisher\" content=\"https:\/\/www.facebook.com\/KrugerHodges\/\" \/>\n<meta property=\"article:modified_time\" content=\"2025-02-03T14:53:52+00:00\" \/>\n<meta property=\"og:image\" content=\"https:\/\/thehometownlawyers.com\/wp-content\/uploads\/2021\/09\/wrecked-truck-field.jpg\" \/>\n\t<meta property=\"og:image:width\" content=\"1920\" \/>\n\t<meta property=\"og:image:height\" content=\"1080\" \/>\n\t<meta property=\"og:image:type\" content=\"image\/jpeg\" \/>\n<meta name=\"twitter:card\" content=\"summary_large_image\" \/>\n<meta name=\"twitter:label1\" content=\"Tiempo de lectura\" \/>\n\t<meta name=\"twitter:data1\" content=\"4 minutos\" \/>\n<script type=\"application\/ld+json\" class=\"yoast-schema-graph\">{\"@context\":\"https:\\\/\\\/schema.org\",\"@graph\":[{\"@type\":\"WebPage\",\"@id\":\"https:\\\/\\\/thehometownlawyers.com\\\/es\\\/lesiones-personales-en-west-alexandria-ohio\\\/accidentes-de-camiones-en-west-alexandria-en-ohio\\\/\",\"url\":\"https:\\\/\\\/thehometownlawyers.com\\\/es\\\/lesiones-personales-en-west-alexandria-ohio\\\/accidentes-de-camiones-en-west-alexandria-en-ohio\\\/\",\"name\":\"Accidentes de Camiones en West Alexandria | Abogados de Kruger & Hodges\",\"isPartOf\":{\"@id\":\"https:\\\/\\\/thehometownlawyers.com\\\/es\\\/#website\"},\"primaryImageOfPage\":{\"@id\":\"https:\\\/\\\/thehometownlawyers.com\\\/es\\\/lesiones-personales-en-west-alexandria-ohio\\\/accidentes-de-camiones-en-west-alexandria-en-ohio\\\/#primaryimage\"},\"image\":{\"@id\":\"https:\\\/\\\/thehometownlawyers.com\\\/es\\\/lesiones-personales-en-west-alexandria-ohio\\\/accidentes-de-camiones-en-west-alexandria-en-ohio\\\/#primaryimage\"},\"thumbnailUrl\":\"https:\\\/\\\/thehometownlawyers.com\\\/wp-content\\\/uploads\\\/2021\\\/09\\\/wrecked-truck-field.jpg\",\"datePublished\":\"2022-01-04T02:19:53+00:00\",\"dateModified\":\"2025-02-03T14:53:52+00:00\",\"description\":\"Para las v\u00edctimas de lesiones por accidentes de camiones en West Alexandria, los conductores negligentes deben pagar los da\u00f1os.\",\"breadcrumb\":{\"@id\":\"https:\\\/\\\/thehometownlawyers.com\\\/es\\\/lesiones-personales-en-west-alexandria-ohio\\\/accidentes-de-camiones-en-west-alexandria-en-ohio\\\/#breadcrumb\"},\"inLanguage\":\"es\",\"potentialAction\":[{\"@type\":\"ReadAction\",\"target\":[\"https:\\\/\\\/thehometownlawyers.com\\\/es\\\/lesiones-personales-en-west-alexandria-ohio\\\/accidentes-de-camiones-en-west-alexandria-en-ohio\\\/\"]}]},{\"@type\":\"ImageObject\",\"inLanguage\":\"es\",\"@id\":\"https:\\\/\\\/thehometownlawyers.com\\\/es\\\/lesiones-personales-en-west-alexandria-ohio\\\/accidentes-de-camiones-en-west-alexandria-en-ohio\\\/#primaryimage\",\"url\":\"https:\\\/\\\/thehometownlawyers.com\\\/wp-content\\\/uploads\\\/2021\\\/09\\\/wrecked-truck-field.jpg\",\"contentUrl\":\"https:\\\/\\\/thehometownlawyers.com\\\/wp-content\\\/uploads\\\/2021\\\/09\\\/wrecked-truck-field.jpg\",\"width\":1920,\"height\":1080,\"caption\":\"accidentes de camiones en ohio\"},{\"@type\":\"BreadcrumbList\",\"@id\":\"https:\\\/\\\/thehometownlawyers.com\\\/es\\\/lesiones-personales-en-west-alexandria-ohio\\\/accidentes-de-camiones-en-west-alexandria-en-ohio\\\/#breadcrumb\",\"itemListElement\":[{\"@type\":\"ListItem\",\"position\":1,\"name\":\"Home\",\"item\":\"https:\\\/\\\/thehometownlawyers.com\\\/es\\\/\"},{\"@type\":\"ListItem\",\"position\":2,\"name\":\"Abogado de Lesiones Personales en West Alexandria\",\"item\":\"https:\\\/\\\/thehometownlawyers.com\\\/es\\\/lesiones-personales-en-west-alexandria-ohio\\\/\"},{\"@type\":\"ListItem\",\"position\":3,\"name\":\"Abogado de Accidente de Cami\u00f3n en West Alexandria\"}]},{\"@type\":\"WebSite\",\"@id\":\"https:\\\/\\\/thehometownlawyers.com\\\/es\\\/#website\",\"url\":\"https:\\\/\\\/thehometownlawyers.com\\\/es\\\/\",\"name\":\"Kruger & Hodges Hometown Injury Lawyers | Accident Attorneys\",\"description\":\"Attorneys for Car, Truck and Motorcycle Accidents, Personal Injuries, and Criminal Defense.\",\"publisher\":{\"@id\":\"https:\\\/\\\/thehometownlawyers.com\\\/es\\\/#organization\"},\"alternateName\":\"Kruger & Hodges Personal Injury Lawyers\",\"inLanguage\":\"es\"},{\"@type\":\"Organization\",\"@id\":\"https:\\\/\\\/thehometownlawyers.com\\\/es\\\/#organization\",\"name\":\"Kruger & Hodges Hometown Injury Lawyers\",\"alternateName\":\"Kruger & Hodges\",\"url\":\"https:\\\/\\\/thehometownlawyers.com\\\/es\\\/\",\"logo\":{\"@type\":\"ImageObject\",\"inLanguage\":\"es\",\"@id\":\"https:\\\/\\\/thehometownlawyers.com\\\/es\\\/#\\\/schema\\\/logo\\\/image\\\/\",\"url\":\"https:\\\/\\\/thehometownlawyers.com\\\/wp-content\\\/uploads\\\/2025\\\/12\\\/revised-kh-logo-vertical-white-background-scaled.png\",\"contentUrl\":\"https:\\\/\\\/thehometownlawyers.com\\\/wp-content\\\/uploads\\\/2025\\\/12\\\/revised-kh-logo-vertical-white-background-scaled.png\",\"width\":2560,\"height\":1440,\"caption\":\"Kruger & Hodges Hometown Injury Lawyers\"},\"image\":{\"@id\":\"https:\\\/\\\/thehometownlawyers.com\\\/es\\\/#\\\/schema\\\/logo\\\/image\\\/\"},\"sameAs\":[\"https:\\\/\\\/www.facebook.com\\\/KrugerHodges\\\/\",\"https:\\\/\\\/www.instagram.com\\\/krugerhodges\\\/\",\"https:\\\/\\\/www.linkedin.com\\\/company\\\/kruger-hodges-hometown-injury-lawyers\\\/\",\"https:\\\/\\\/www.youtube.com\\\/channel\\\/UCeYcMaMaN2rb9jMlqt4EIdQ\",\"https:\\\/\\\/www.tiktok.com\\\/@thehometownlawyer\"]}]}<\/script>\n<!-- \/ Yoast SEO plugin. -->","yoast_head_json":{"title":"Accidentes de Camiones en West Alexandria | Abogados de Kruger & Hodges","description":"Para las v\u00edctimas de lesiones por accidentes de camiones en West Alexandria, los conductores negligentes deben pagar los da\u00f1os.","robots":{"index":"index","follow":"follow","max-snippet":"max-snippet:-1","max-image-preview":"max-image-preview:large","max-video-preview":"max-video-preview:-1"},"canonical":"https:\/\/thehometownlawyers.com\/es\/lesiones-personales-en-west-alexandria-ohio\/accidentes-de-camiones-en-west-alexandria-en-ohio\/","og_locale":"es_MX","og_type":"article","og_title":"Accidentes de Camiones en West Alexandria | Abogados de Kruger & Hodges","og_description":"Para las v\u00edctimas de lesiones por accidentes de camiones en West Alexandria, los conductores negligentes deben pagar los da\u00f1os.","og_url":"https:\/\/thehometownlawyers.com\/es\/lesiones-personales-en-west-alexandria-ohio\/accidentes-de-camiones-en-west-alexandria-en-ohio\/","og_site_name":"Kruger &amp; Hodges Abogados De Lesiones","article_publisher":"https:\/\/www.facebook.com\/KrugerHodges\/","article_modified_time":"2025-02-03T14:53:52+00:00","og_image":[{"width":1920,"height":1080,"url":"https:\/\/thehometownlawyers.com\/wp-content\/uploads\/2021\/09\/wrecked-truck-field.jpg","type":"image\/jpeg"}],"twitter_card":"summary_large_image","twitter_misc":{"Tiempo de lectura":"4 minutos"},"schema":{"@context":"https:\/\/schema.org","@graph":[{"@type":"WebPage","@id":"https:\/\/thehometownlawyers.com\/es\/lesiones-personales-en-west-alexandria-ohio\/accidentes-de-camiones-en-west-alexandria-en-ohio\/","url":"https:\/\/thehometownlawyers.com\/es\/lesiones-personales-en-west-alexandria-ohio\/accidentes-de-camiones-en-west-alexandria-en-ohio\/","name":"Accidentes de Camiones en West Alexandria | Abogados de Kruger & Hodges","isPartOf":{"@id":"https:\/\/thehometownlawyers.com\/es\/#website"},"primaryImageOfPage":{"@id":"https:\/\/thehometownlawyers.com\/es\/lesiones-personales-en-west-alexandria-ohio\/accidentes-de-camiones-en-west-alexandria-en-ohio\/#primaryimage"},"image":{"@id":"https:\/\/thehometownlawyers.com\/es\/lesiones-personales-en-west-alexandria-ohio\/accidentes-de-camiones-en-west-alexandria-en-ohio\/#primaryimage"},"thumbnailUrl":"https:\/\/thehometownlawyers.com\/wp-content\/uploads\/2021\/09\/wrecked-truck-field.jpg","datePublished":"2022-01-04T02:19:53+00:00","dateModified":"2025-02-03T14:53:52+00:00","description":"Para las v\u00edctimas de lesiones por accidentes de camiones en West Alexandria, los conductores negligentes deben pagar los da\u00f1os.","breadcrumb":{"@id":"https:\/\/thehometownlawyers.com\/es\/lesiones-personales-en-west-alexandria-ohio\/accidentes-de-camiones-en-west-alexandria-en-ohio\/#breadcrumb"},"inLanguage":"es","potentialAction":[{"@type":"ReadAction","target":["https:\/\/thehometownlawyers.com\/es\/lesiones-personales-en-west-alexandria-ohio\/accidentes-de-camiones-en-west-alexandria-en-ohio\/"]}]},{"@type":"ImageObject","inLanguage":"es","@id":"https:\/\/thehometownlawyers.com\/es\/lesiones-personales-en-west-alexandria-ohio\/accidentes-de-camiones-en-west-alexandria-en-ohio\/#primaryimage","url":"https:\/\/thehometownlawyers.com\/wp-content\/uploads\/2021\/09\/wrecked-truck-field.jpg","contentUrl":"https:\/\/thehometownlawyers.com\/wp-content\/uploads\/2021\/09\/wrecked-truck-field.jpg","width":1920,"height":1080,"caption":"accidentes de camiones en ohio"},{"@type":"BreadcrumbList","@id":"https:\/\/thehometownlawyers.com\/es\/lesiones-personales-en-west-alexandria-ohio\/accidentes-de-camiones-en-west-alexandria-en-ohio\/#breadcrumb","itemListElement":[{"@type":"ListItem","position":1,"name":"Home","item":"https:\/\/thehometownlawyers.com\/es\/"},{"@type":"ListItem","position":2,"name":"Abogado de Lesiones Personales en West Alexandria","item":"https:\/\/thehometownlawyers.com\/es\/lesiones-personales-en-west-alexandria-ohio\/"},{"@type":"ListItem","position":3,"name":"Abogado de Accidente de Cami\u00f3n en West Alexandria"}]},{"@type":"WebSite","@id":"https:\/\/thehometownlawyers.com\/es\/#website","url":"https:\/\/thehometownlawyers.com\/es\/","name":"Kruger & Hodges Hometown Injury Lawyers | Accident Attorneys","description":"Attorneys for Car, Truck and Motorcycle Accidents, Personal Injuries, and Criminal Defense.","publisher":{"@id":"https:\/\/thehometownlawyers.com\/es\/#organization"},"alternateName":"Kruger & Hodges Personal Injury Lawyers","inLanguage":"es"},{"@type":"Organization","@id":"https:\/\/thehometownlawyers.com\/es\/#organization","name":"Kruger & Hodges Hometown Injury Lawyers","alternateName":"Kruger & Hodges","url":"https:\/\/thehometownlawyers.com\/es\/","logo":{"@type":"ImageObject","inLanguage":"es","@id":"https:\/\/thehometownlawyers.com\/es\/#\/schema\/logo\/image\/","url":"https:\/\/thehometownlawyers.com\/wp-content\/uploads\/2025\/12\/revised-kh-logo-vertical-white-background-scaled.png","contentUrl":"https:\/\/thehometownlawyers.com\/wp-content\/uploads\/2025\/12\/revised-kh-logo-vertical-white-background-scaled.png","width":2560,"height":1440,"caption":"Kruger & Hodges Hometown Injury Lawyers"},"image":{"@id":"https:\/\/thehometownlawyers.com\/es\/#\/schema\/logo\/image\/"},"sameAs":["https:\/\/www.facebook.com\/KrugerHodges\/","https:\/\/www.instagram.com\/krugerhodges\/","https:\/\/www.linkedin.com\/company\/kruger-hodges-hometown-injury-lawyers\/","https:\/\/www.youtube.com\/channel\/UCeYcMaMaN2rb9jMlqt4EIdQ","https:\/\/www.tiktok.com\/@thehometownlawyer"]}]}},"_links":{"self":[{"href":"https:\/\/thehometownlawyers.com\/es\/wp-json\/wp\/v2\/pages\/21158","targetHints":{"allow":["GET"]}}],"collection":[{"href":"https:\/\/thehometownlawyers.com\/es\/wp-json\/wp\/v2\/pages"}],"about":[{"href":"https:\/\/thehometownlawyers.com\/es\/wp-json\/wp\/v2\/types\/page"}],"author":[{"embeddable":true,"href":"https:\/\/thehometownlawyers.com\/es\/wp-json\/wp\/v2\/users\/7"}],"replies":[{"embeddable":true,"href":"https:\/\/thehometownlawyers.com\/es\/wp-json\/wp\/v2\/comments?post=21158"}],"version-history":[{"count":0,"href":"https:\/\/thehometownlawyers.com\/es\/wp-json\/wp\/v2\/pages\/21158\/revisions"}],"up":[{"embeddable":true,"href":"https:\/\/thehometownlawyers.com\/es\/wp-json\/wp\/v2\/pages\/21162"}],"wp:featuredmedia":[{"embeddable":true,"href":"https:\/\/thehometownlawyers.com\/es\/wp-json\/wp\/v2\/media\/20857"}],"wp:attachment":[{"href":"https:\/\/thehometownlawyers.com\/es\/wp-json\/wp\/v2\/media?parent=21158"}],"wp:term":[{"taxonomy":"hc_faqs","embeddable":true,"href":"https:\/\/thehometownlawyers.com\/es\/wp-json\/wp\/v2\/hc_faqs?post=21158"},{"taxonomy":"hc_spanish_faqs","embeddable":true,"href":"https:\/\/thehometownlawyers.com\/es\/wp-json\/wp\/v2\/hc_spanish_faqs?post=21158"}],"curies":[{"name":"wp","href":"https:\/\/api.w.org\/{rel}","templated":true}]}}