{"id":21160,"date":"2021-11-09T18:49:26","date_gmt":"2021-11-09T23:49:26","guid":{"rendered":"https:\/\/thehometownlawyers.com\/?page_id=21160"},"modified":"2025-03-17T12:45:51","modified_gmt":"2025-03-17T16:45:51","slug":"abogados-para-reclamos-progresivos-de-seguros-de-automoviles","status":"publish","type":"page","link":"https:\/\/thehometownlawyers.com\/es\/hamilton\/abogado-de-seguros-de-auto\/progressive\/","title":{"rendered":"Abogado de Reclamaciones de Seguros Progressive en Hamilton"},"content":{"rendered":"<p>Un accidente automovil\u00edstico puede ser devastador y es probable que sea uno de los peores d\u00edas de su vida. Si sufri\u00f3 una lesi\u00f3n grave, es posible que est\u00e9 pasando por un per\u00edodo de recuperaci\u00f3n doloroso y costoso. Tendr\u00e1 que recuperar una compensaci\u00f3n por sus da\u00f1os. La compa\u00f1\u00eda de seguros del conductor negligente es responsable de pagar los gastos directamente relacionados con sus lesiones. Despu\u00e9s de un accidente, puede obtener la ayuda que necesita de abogados experimentados para reclamos de Progressive Car Insurance. Nuestro equipo de abogados trabajar\u00e1 para resolver su reclamo de seguro y obtener los resultados que se merece.<\/p>\n<h2>Lo que debe saber sobre el seguro progresivo<\/h2>\n<p>Progressive Insurance Company es bien conocida por muchas personas porque tiene una fuerte presencia de marketing. Mucha gente est\u00e1 familiarizada con Flo, la vocera de Progressive que se ve en sus comerciales. Progressive comenz\u00f3 como una peque\u00f1a compa\u00f1\u00eda de seguros en 1937 y ha crecido enormemente a lo largo de los a\u00f1os. Actualmente han suscrito alrededor de 24,7 millones de p\u00f3lizas y emiten alrededor <a href=\"https:\/\/www.insurancebusinessmag.com\/us\/companies\/progressive-insurance\/115985\/\" target=\"_blank\" rel=\"noopener\">de 13 millones de p\u00f3lizas de seguro de autom\u00f3vil al a\u00f1o<\/a> . Progressive fue la primera compa\u00f1\u00eda de seguros en ofrecer reclamos de autocine y la primera en ofrecer pagos mensuales en lugar de anuales. Progressive es conocida hoy como una de las compa\u00f1\u00edas de seguros de autom\u00f3viles m\u00e1s populares de los Estados Unidos.<\/p>\n<h3>Presentar un reclamo con Progressive<\/h3>\n<p>El primer paso para obtener una compensaci\u00f3n por su accidente es presentar un reclamo de seguro. Hay tres formas principales de presentar un reclamo con Progressive. Si tiene la aplicaci\u00f3n en su tel\u00e9fono o dispositivo, puede presentar un reclamo f\u00e1cilmente. Otra opci\u00f3n es presentar un <a href=\"https:\/\/www.progressive.com\/claims\/\" target=\"_blank\" rel=\"noopener\">reclamo progresivo en l\u00ednea<\/a> . Una de las formas m\u00e1s populares de presentar un reclamo es llamando al n\u00famero de reclamo de Progressive al (800) 776-4737, que est\u00e1 disponible las 24 horas del d\u00eda, los 7 d\u00edas de la semana. Seg\u00fan una encuesta de clientes completada por <a href=\"https:\/\/www.usnews.com\/insurance\/auto\/progressive-car-insurance-review\" target=\"_blank\" rel=\"noopener\">US News &amp; World Report<\/a> , el servicio al cliente progresivo y el procesamiento de reclamos son las \u00e1reas m\u00e1s d\u00e9biles de su empresa. Cuando presente un reclamo, deber\u00e1 asegurarse de que la compa\u00f1\u00eda lo maneje correctamente.<\/p>\n<h3>Trabajar con el ajustador<\/h3>\n<p>Una vez que presenta un reclamo, Progressive asigna un ajustador para manejar el proceso. Tenga en cuenta que el ajustador no es su amigo. Los ajustadores est\u00e1n entrenados para ser amigables y te dan una sensaci\u00f3n de confianza. Sin embargo, los ajustadores trabajan para Progressive y no siempre est\u00e1n de su lado. Brindan servicio al cliente, pero al mismo tiempo, su objetivo es completar el reclamo con el menor pago posible. El ajustador le har\u00e1 preguntas sobre el accidente y sus lesiones. Lo mejor es limitar sus respuestas a s\u00f3lo lo que preguntan. Si no est\u00e1 seguro de una respuesta, no especule. Es trabajo de la compa\u00f1\u00eda de seguros determinar la causa del accidente y la parte negligente. Recopilar\u00e1n informaci\u00f3n y datos sobre el accidente y le proporcionar\u00e1n una oferta de liquidaci\u00f3n.<\/p>\n<p class=\"rs-content-cta rs-content-cta-small\">Para una consulta legal gratuita, llame al <a href=\"tel:+15138943333\">513-894-3333 <\/a><\/p><h2>\u00bfCu\u00e1les son mis da\u00f1os?<\/h2>\n<p>Los da\u00f1os son los costos en los que incurri\u00f3 debido al accidente. Los da\u00f1os por accidentes automovil\u00edsticos generalmente pueden incluir gastos m\u00e9dicos, salarios perdidos, reparaci\u00f3n de veh\u00edculos y m\u00e1s. Sin embargo, la mayor\u00eda de las compa\u00f1\u00edas de seguros tienen l\u00edmites sobre lo que pagar\u00e1n por las reclamaciones. Es posible que no le ofrezcan un acuerdo que se acerque a pagar el dinero que perdi\u00f3 como resultado del accidente. A veces, la compa\u00f1\u00eda de seguros negar\u00e1 un reclamo o puede ofrecer menos de lo que fueron sus costos reales. Es \u00fatil discutir sus da\u00f1os con abogados calificados para reclamos de Progressive Car Insurance.<\/p>\n<p class=\"rs-content-cta\">Abogado de Lesiones Personales de hamilton Cerca de M\u00ed <a href=\"tel:+15138943333\">513-894-3333<\/a><\/p><h2>\u00bfQu\u00e9 sucede si no estoy satisfecho con el Acuerdo de la reclamaci\u00f3n?<\/h2>\n<p>Una de las preocupaciones que puede tener es que podr\u00eda recibir una liquidaci\u00f3n de reclamo demasiado baja. Es posible que un acuerdo bajo no cubra todos sus gastos, como los costos m\u00e9dicos y m\u00e1s. Es importante tener en cuenta que no tiene que aceptar una oferta de liquidaci\u00f3n de una compa\u00f1\u00eda de seguros. Si cree que el acuerdo es injusto, no cobre el cheque porque si lo hace no podr\u00e1 tomar m\u00e1s medidas. En su lugar, comun\u00edquese con los abogados de reclamos de seguros de autom\u00f3viles progresivos para que lo ayuden con el proceso. Su abogado negociar\u00e1 un acuerdo que mejor se adapte a sus necesidades.<\/p>\n<p class=\"rs-content-cta rs-content-cta-small\"><a href=\"\/es\/contacto\/\">Haga clic para contactar<\/a> con nuestros lesiones personales abogados hoy<\/p><h2>Qu\u00e9 hacer si Progressive niega su reclamo<\/h2>\n<p>A veces, Progressive niega un reclamo por completo. Querr\u00e1 averiguar por qu\u00e9 negaron el reclamo. El ajustador puede haber determinado que su cliente no fue negligente ni tuvo la culpa del accidente. En algunos casos, pueden decidir que sus lesiones no se debieron al accidente o que no busc\u00f3 atenci\u00f3n m\u00e9dica lo suficientemente pronto, por lo que tiene lesiones menos graves de lo que afirma. Si niegan su reclamo, todav\u00eda hay algo que puede hacer. Su abogado puede trabajar con la compa\u00f1\u00eda para resolver los problemas o es posible que deba emprender acciones legales adicionales.<\/p>\n<p>Si usted o alguien a quien ama result\u00f3 herido en un accidente automovil\u00edstico donde un conductor negligente estaba asegurado por Progressive, podemos ayudarlo. Nuestro equipo legal en Kruger &amp; Hodges guiar\u00e1 el proceso y trabajar\u00e1 en su nombre para obtener la compensaci\u00f3n que merece por sus lesiones. <a href=\"https:\/\/thehometownlawyers.com\/es\/contacto\/\">Comun\u00edquese<\/a> con Kruger &amp; Hodges para una consulta inicial gratuita.<\/p>\n<p class=\"rs-content-cta rs-content-cta-small\">Llame o env\u00ede un mensaje de texto al <a href=\"tel:+15138943333\">513-894-3333<\/a> o complete una <a href=\"\/es\/contacto\/\">evaluaci\u00f3n gratuita de su caso<\/a><\/p>","protected":false},"excerpt":{"rendered":"<p>Un accidente automovil\u00edstico puede ser devastador y es probable que sea uno de los peores d\u00edas de su vida. Si sufri\u00f3 una lesi\u00f3n grave, es posible que est\u00e9 pasando por un per\u00edodo de recuperaci\u00f3n doloroso y costoso. Tendr\u00e1 que recuperar una compensaci\u00f3n por sus da\u00f1os. La compa\u00f1\u00eda de seguros del conductor negligente es responsable de &#8230;<\/p>\n","protected":false},"author":7,"featured_media":24580,"parent":24162,"menu_order":0,"comment_status":"closed","ping_status":"closed","template":"","meta":{"_acf_changed":false,"inline_featured_image":false,"_genesis_hide_title":false,"_genesis_hide_breadcrumbs":false,"_genesis_hide_singular_image":false,"_genesis_hide_footer_widgets":false,"_genesis_custom_body_class":"","_genesis_custom_post_class":"","_genesis_layout":"","footnotes":""},"hc_faqs":[],"hc_spanish_faqs":[],"class_list":{"0":"post-21160","1":"page","2":"type-page","3":"status-publish","4":"has-post-thumbnail","6":"hc_city_location-hamilton-es-2","7":"entry"},"acf":[],"yoast_head":"<!-- This site is optimized with the Yoast SEO plugin v27.3 - https:\/\/yoast.com\/product\/yoast-seo-wordpress\/ -->\n<title>Abogado de Reclamaciones de Seguros Progressive en Hamilton | Consulta Gratuita<\/title>\n<meta name=\"description\" content=\"Nuestros abogados para reclamos progresivos de seguros de autom\u00f3viles est\u00e1n aqu\u00ed para responder sus preguntas sobre su caso de accidente automovil\u00edstico. Llama hoy.\" \/>\n<meta name=\"robots\" content=\"index, follow, max-snippet:-1, max-image-preview:large, max-video-preview:-1\" \/>\n<link rel=\"canonical\" href=\"https:\/\/thehometownlawyers.com\/es\/hamilton\/abogado-de-seguros-de-auto\/progressive\/\" \/>\n<meta property=\"og:locale\" content=\"es_MX\" \/>\n<meta property=\"og:type\" content=\"article\" \/>\n<meta property=\"og:title\" content=\"Abogado de Reclamaciones de Seguros Progressive en Hamilton | Consulta Gratuita\" \/>\n<meta property=\"og:description\" content=\"Nuestros abogados para reclamos progresivos de seguros de autom\u00f3viles est\u00e1n aqu\u00ed para responder sus preguntas sobre su caso de accidente automovil\u00edstico. Llama hoy.\" \/>\n<meta property=\"og:url\" content=\"https:\/\/thehometownlawyers.com\/es\/hamilton\/abogado-de-seguros-de-auto\/progressive\/\" \/>\n<meta property=\"og:site_name\" content=\"Kruger &amp; Hodges Abogados De Lesiones\" \/>\n<meta property=\"article:publisher\" content=\"https:\/\/www.facebook.com\/KrugerHodges\/\" \/>\n<meta property=\"article:modified_time\" content=\"2025-03-17T16:45:51+00:00\" \/>\n<meta property=\"og:image\" content=\"https:\/\/thehometownlawyers.com\/wp-content\/uploads\/2021\/11\/Lawyers-for-Progressive-Car-Insurance-Claims.jpg\" \/>\n\t<meta property=\"og:image:width\" content=\"1200\" \/>\n\t<meta property=\"og:image:height\" content=\"800\" \/>\n\t<meta property=\"og:image:type\" content=\"image\/jpeg\" \/>\n<meta name=\"twitter:card\" content=\"summary_large_image\" \/>\n<meta name=\"twitter:label1\" content=\"Tiempo de lectura\" \/>\n\t<meta name=\"twitter:data1\" content=\"5 minutos\" \/>\n<script type=\"application\/ld+json\" class=\"yoast-schema-graph\">{\"@context\":\"https:\\\/\\\/schema.org\",\"@graph\":[{\"@type\":\"WebPage\",\"@id\":\"https:\\\/\\\/thehometownlawyers.com\\\/es\\\/hamilton\\\/abogado-de-seguros-de-auto\\\/progressive\\\/\",\"url\":\"https:\\\/\\\/thehometownlawyers.com\\\/es\\\/hamilton\\\/abogado-de-seguros-de-auto\\\/progressive\\\/\",\"name\":\"Abogado de Reclamaciones de Seguros Progressive en Hamilton | Consulta Gratuita\",\"isPartOf\":{\"@id\":\"https:\\\/\\\/thehometownlawyers.com\\\/es\\\/#website\"},\"primaryImageOfPage\":{\"@id\":\"https:\\\/\\\/thehometownlawyers.com\\\/es\\\/hamilton\\\/abogado-de-seguros-de-auto\\\/progressive\\\/#primaryimage\"},\"image\":{\"@id\":\"https:\\\/\\\/thehometownlawyers.com\\\/es\\\/hamilton\\\/abogado-de-seguros-de-auto\\\/progressive\\\/#primaryimage\"},\"thumbnailUrl\":\"https:\\\/\\\/thehometownlawyers.com\\\/wp-content\\\/uploads\\\/2025\\\/03\\\/hamilton-car-insurance-lawyer-progressive.jpg\",\"datePublished\":\"2021-11-09T23:49:26+00:00\",\"dateModified\":\"2025-03-17T16:45:51+00:00\",\"description\":\"Nuestros abogados para reclamos progresivos de seguros de autom\u00f3viles est\u00e1n aqu\u00ed para responder sus preguntas sobre su caso de accidente automovil\u00edstico. Llama hoy.\",\"breadcrumb\":{\"@id\":\"https:\\\/\\\/thehometownlawyers.com\\\/es\\\/hamilton\\\/abogado-de-seguros-de-auto\\\/progressive\\\/#breadcrumb\"},\"inLanguage\":\"es\",\"potentialAction\":[{\"@type\":\"ReadAction\",\"target\":[\"https:\\\/\\\/thehometownlawyers.com\\\/es\\\/hamilton\\\/abogado-de-seguros-de-auto\\\/progressive\\\/\"]}]},{\"@type\":\"ImageObject\",\"inLanguage\":\"es\",\"@id\":\"https:\\\/\\\/thehometownlawyers.com\\\/es\\\/hamilton\\\/abogado-de-seguros-de-auto\\\/progressive\\\/#primaryimage\",\"url\":\"https:\\\/\\\/thehometownlawyers.com\\\/wp-content\\\/uploads\\\/2025\\\/03\\\/hamilton-car-insurance-lawyer-progressive.jpg\",\"contentUrl\":\"https:\\\/\\\/thehometownlawyers.com\\\/wp-content\\\/uploads\\\/2025\\\/03\\\/hamilton-car-insurance-lawyer-progressive.jpg\",\"width\":768,\"height\":512,\"caption\":\"Two people are sitting at a table with a piece of paper in front of them.\"},{\"@type\":\"BreadcrumbList\",\"@id\":\"https:\\\/\\\/thehometownlawyers.com\\\/es\\\/hamilton\\\/abogado-de-seguros-de-auto\\\/progressive\\\/#breadcrumb\",\"itemListElement\":[{\"@type\":\"ListItem\",\"position\":1,\"name\":\"Home\",\"item\":\"https:\\\/\\\/thehometownlawyers.com\\\/es\\\/\"},{\"@type\":\"ListItem\",\"position\":2,\"name\":\"Abogados de Lesiones Personales en Hamilton\",\"item\":\"https:\\\/\\\/thehometownlawyers.com\\\/es\\\/\"},{\"@type\":\"ListItem\",\"position\":3,\"name\":\"Abogado de reclamaciones de seguros en Hamilton\",\"item\":\"https:\\\/\\\/thehometownlawyers.com\\\/es\\\/hamilton\\\/abogado-de-seguros\\\/\"},{\"@type\":\"ListItem\",\"position\":4,\"name\":\"Reclamaciones de Seguros Progressive\"}]},{\"@type\":\"WebSite\",\"@id\":\"https:\\\/\\\/thehometownlawyers.com\\\/es\\\/#website\",\"url\":\"https:\\\/\\\/thehometownlawyers.com\\\/es\\\/\",\"name\":\"Kruger & Hodges Hometown Injury Lawyers | Accident Attorneys\",\"description\":\"Attorneys for Car, Truck and Motorcycle Accidents, Personal Injuries, and Criminal Defense.\",\"publisher\":{\"@id\":\"https:\\\/\\\/thehometownlawyers.com\\\/es\\\/#organization\"},\"alternateName\":\"Kruger & Hodges Personal Injury Lawyers\",\"inLanguage\":\"es\"},{\"@type\":\"Organization\",\"@id\":\"https:\\\/\\\/thehometownlawyers.com\\\/es\\\/#organization\",\"name\":\"Kruger & Hodges Hometown Injury Lawyers\",\"alternateName\":\"Kruger & Hodges\",\"url\":\"https:\\\/\\\/thehometownlawyers.com\\\/es\\\/\",\"logo\":{\"@type\":\"ImageObject\",\"inLanguage\":\"es\",\"@id\":\"https:\\\/\\\/thehometownlawyers.com\\\/es\\\/#\\\/schema\\\/logo\\\/image\\\/\",\"url\":\"https:\\\/\\\/thehometownlawyers.com\\\/wp-content\\\/uploads\\\/2025\\\/12\\\/revised-kh-logo-vertical-white-background-scaled.png\",\"contentUrl\":\"https:\\\/\\\/thehometownlawyers.com\\\/wp-content\\\/uploads\\\/2025\\\/12\\\/revised-kh-logo-vertical-white-background-scaled.png\",\"width\":2560,\"height\":1440,\"caption\":\"Kruger & Hodges Hometown Injury Lawyers\"},\"image\":{\"@id\":\"https:\\\/\\\/thehometownlawyers.com\\\/es\\\/#\\\/schema\\\/logo\\\/image\\\/\"},\"sameAs\":[\"https:\\\/\\\/www.facebook.com\\\/KrugerHodges\\\/\",\"https:\\\/\\\/www.instagram.com\\\/krugerhodges\\\/\",\"https:\\\/\\\/www.linkedin.com\\\/company\\\/kruger-hodges-hometown-injury-lawyers\\\/\",\"https:\\\/\\\/www.youtube.com\\\/channel\\\/UCeYcMaMaN2rb9jMlqt4EIdQ\",\"https:\\\/\\\/www.tiktok.com\\\/@thehometownlawyer\"]}]}<\/script>\n<!-- \/ Yoast SEO plugin. -->","yoast_head_json":{"title":"Abogado de Reclamaciones de Seguros Progressive en Hamilton | Consulta Gratuita","description":"Nuestros abogados para reclamos progresivos de seguros de autom\u00f3viles est\u00e1n aqu\u00ed para responder sus preguntas sobre su caso de accidente automovil\u00edstico. Llama hoy.","robots":{"index":"index","follow":"follow","max-snippet":"max-snippet:-1","max-image-preview":"max-image-preview:large","max-video-preview":"max-video-preview:-1"},"canonical":"https:\/\/thehometownlawyers.com\/es\/hamilton\/abogado-de-seguros-de-auto\/progressive\/","og_locale":"es_MX","og_type":"article","og_title":"Abogado de Reclamaciones de Seguros Progressive en Hamilton | Consulta Gratuita","og_description":"Nuestros abogados para reclamos progresivos de seguros de autom\u00f3viles est\u00e1n aqu\u00ed para responder sus preguntas sobre su caso de accidente automovil\u00edstico. Llama hoy.","og_url":"https:\/\/thehometownlawyers.com\/es\/hamilton\/abogado-de-seguros-de-auto\/progressive\/","og_site_name":"Kruger &amp; Hodges Abogados De Lesiones","article_publisher":"https:\/\/www.facebook.com\/KrugerHodges\/","article_modified_time":"2025-03-17T16:45:51+00:00","og_image":[{"width":1200,"height":800,"url":"https:\/\/thehometownlawyers.com\/wp-content\/uploads\/2021\/11\/Lawyers-for-Progressive-Car-Insurance-Claims.jpg","type":"image\/jpeg"}],"twitter_card":"summary_large_image","twitter_misc":{"Tiempo de lectura":"5 minutos"},"schema":{"@context":"https:\/\/schema.org","@graph":[{"@type":"WebPage","@id":"https:\/\/thehometownlawyers.com\/es\/hamilton\/abogado-de-seguros-de-auto\/progressive\/","url":"https:\/\/thehometownlawyers.com\/es\/hamilton\/abogado-de-seguros-de-auto\/progressive\/","name":"Abogado de Reclamaciones de Seguros Progressive en Hamilton | Consulta Gratuita","isPartOf":{"@id":"https:\/\/thehometownlawyers.com\/es\/#website"},"primaryImageOfPage":{"@id":"https:\/\/thehometownlawyers.com\/es\/hamilton\/abogado-de-seguros-de-auto\/progressive\/#primaryimage"},"image":{"@id":"https:\/\/thehometownlawyers.com\/es\/hamilton\/abogado-de-seguros-de-auto\/progressive\/#primaryimage"},"thumbnailUrl":"https:\/\/thehometownlawyers.com\/wp-content\/uploads\/2025\/03\/hamilton-car-insurance-lawyer-progressive.jpg","datePublished":"2021-11-09T23:49:26+00:00","dateModified":"2025-03-17T16:45:51+00:00","description":"Nuestros abogados para reclamos progresivos de seguros de autom\u00f3viles est\u00e1n aqu\u00ed para responder sus preguntas sobre su caso de accidente automovil\u00edstico. Llama hoy.","breadcrumb":{"@id":"https:\/\/thehometownlawyers.com\/es\/hamilton\/abogado-de-seguros-de-auto\/progressive\/#breadcrumb"},"inLanguage":"es","potentialAction":[{"@type":"ReadAction","target":["https:\/\/thehometownlawyers.com\/es\/hamilton\/abogado-de-seguros-de-auto\/progressive\/"]}]},{"@type":"ImageObject","inLanguage":"es","@id":"https:\/\/thehometownlawyers.com\/es\/hamilton\/abogado-de-seguros-de-auto\/progressive\/#primaryimage","url":"https:\/\/thehometownlawyers.com\/wp-content\/uploads\/2025\/03\/hamilton-car-insurance-lawyer-progressive.jpg","contentUrl":"https:\/\/thehometownlawyers.com\/wp-content\/uploads\/2025\/03\/hamilton-car-insurance-lawyer-progressive.jpg","width":768,"height":512,"caption":"Two people are sitting at a table with a piece of paper in front of them."},{"@type":"BreadcrumbList","@id":"https:\/\/thehometownlawyers.com\/es\/hamilton\/abogado-de-seguros-de-auto\/progressive\/#breadcrumb","itemListElement":[{"@type":"ListItem","position":1,"name":"Home","item":"https:\/\/thehometownlawyers.com\/es\/"},{"@type":"ListItem","position":2,"name":"Abogados de Lesiones Personales en Hamilton","item":"https:\/\/thehometownlawyers.com\/es\/"},{"@type":"ListItem","position":3,"name":"Abogado de reclamaciones de seguros en Hamilton","item":"https:\/\/thehometownlawyers.com\/es\/hamilton\/abogado-de-seguros\/"},{"@type":"ListItem","position":4,"name":"Reclamaciones de Seguros Progressive"}]},{"@type":"WebSite","@id":"https:\/\/thehometownlawyers.com\/es\/#website","url":"https:\/\/thehometownlawyers.com\/es\/","name":"Kruger & Hodges Hometown Injury Lawyers | Accident Attorneys","description":"Attorneys for Car, Truck and Motorcycle Accidents, Personal Injuries, and Criminal Defense.","publisher":{"@id":"https:\/\/thehometownlawyers.com\/es\/#organization"},"alternateName":"Kruger & Hodges Personal Injury Lawyers","inLanguage":"es"},{"@type":"Organization","@id":"https:\/\/thehometownlawyers.com\/es\/#organization","name":"Kruger & Hodges Hometown Injury Lawyers","alternateName":"Kruger & Hodges","url":"https:\/\/thehometownlawyers.com\/es\/","logo":{"@type":"ImageObject","inLanguage":"es","@id":"https:\/\/thehometownlawyers.com\/es\/#\/schema\/logo\/image\/","url":"https:\/\/thehometownlawyers.com\/wp-content\/uploads\/2025\/12\/revised-kh-logo-vertical-white-background-scaled.png","contentUrl":"https:\/\/thehometownlawyers.com\/wp-content\/uploads\/2025\/12\/revised-kh-logo-vertical-white-background-scaled.png","width":2560,"height":1440,"caption":"Kruger & Hodges Hometown Injury Lawyers"},"image":{"@id":"https:\/\/thehometownlawyers.com\/es\/#\/schema\/logo\/image\/"},"sameAs":["https:\/\/www.facebook.com\/KrugerHodges\/","https:\/\/www.instagram.com\/krugerhodges\/","https:\/\/www.linkedin.com\/company\/kruger-hodges-hometown-injury-lawyers\/","https:\/\/www.youtube.com\/channel\/UCeYcMaMaN2rb9jMlqt4EIdQ","https:\/\/www.tiktok.com\/@thehometownlawyer"]}]}},"_links":{"self":[{"href":"https:\/\/thehometownlawyers.com\/es\/wp-json\/wp\/v2\/pages\/21160","targetHints":{"allow":["GET"]}}],"collection":[{"href":"https:\/\/thehometownlawyers.com\/es\/wp-json\/wp\/v2\/pages"}],"about":[{"href":"https:\/\/thehometownlawyers.com\/es\/wp-json\/wp\/v2\/types\/page"}],"author":[{"embeddable":true,"href":"https:\/\/thehometownlawyers.com\/es\/wp-json\/wp\/v2\/users\/7"}],"replies":[{"embeddable":true,"href":"https:\/\/thehometownlawyers.com\/es\/wp-json\/wp\/v2\/comments?post=21160"}],"version-history":[{"count":0,"href":"https:\/\/thehometownlawyers.com\/es\/wp-json\/wp\/v2\/pages\/21160\/revisions"}],"up":[{"embeddable":true,"href":"https:\/\/thehometownlawyers.com\/es\/wp-json\/wp\/v2\/pages\/24162"}],"wp:featuredmedia":[{"embeddable":true,"href":"https:\/\/thehometownlawyers.com\/es\/wp-json\/wp\/v2\/media\/24580"}],"wp:attachment":[{"href":"https:\/\/thehometownlawyers.com\/es\/wp-json\/wp\/v2\/media?parent=21160"}],"wp:term":[{"taxonomy":"hc_faqs","embeddable":true,"href":"https:\/\/thehometownlawyers.com\/es\/wp-json\/wp\/v2\/hc_faqs?post=21160"},{"taxonomy":"hc_spanish_faqs","embeddable":true,"href":"https:\/\/thehometownlawyers.com\/es\/wp-json\/wp\/v2\/hc_spanish_faqs?post=21160"}],"curies":[{"name":"wp","href":"https:\/\/api.w.org\/{rel}","templated":true}]}}