{"id":21161,"date":"2022-02-23T09:53:19","date_gmt":"2022-02-23T14:53:19","guid":{"rendered":"https:\/\/thehometownlawyers.com\/?page_id=21161"},"modified":"2025-01-31T11:46:10","modified_gmt":"2025-01-31T16:46:10","slug":"abogado-de-accidentes-de-motocicleta-de-brookville","status":"publish","type":"page","link":"https:\/\/thehometownlawyers.com\/es\/abogado-de-lesiones-personales-que-presta-servicios-en-greenville-ohio\/abogado-de-accidentes-de-motocicleta-de-brookville\/","title":{"rendered":"Abogado de Accidentes de Motocicletas en Greenville"},"content":{"rendered":"<p>Ohio puede ser un gran estado para andar en motocicleta, con generosos tramos de carretera y excelentes vistas, sin embargo, tambi\u00e9n puede ser peligroso. Los motociclistas son a menudo los viajeros m\u00e1s vulnerables en la carretera y, sin embargo, los conductores de veh\u00edculos motorizados y camiones a menudo son negligentes al verificarlos o tomar las precauciones necesarias antes de girar a la izquierda o cambiar de carril. La mayor\u00eda de las colisiones entre motocicletas y otros veh\u00edculos son causadas por el conductor del veh\u00edculo. Esto significa que casi todas las muertes de motocicletas podr\u00edan evitarse si otros automovilistas tuvieran el cuidado adecuado. Si usted o un ser querido ha resultado herido o incluso muerto en un accidente de motocicleta en Brookville, puede ser dif\u00edcil saber a d\u00f3nde acudir. Sin embargo, podr\u00eda ayudarlo a saber que no est\u00e1 solo. Hay m\u00e1s de <a href=\"https:\/\/www.iii.org\/fact-statistic\/facts-statistics-motorcycle-crashes\" target=\"_blank\" rel=\"noopener\">5.000 personas<\/a> muertas en motocicletas cada a\u00f1o, y cientos de miles m\u00e1s que sufren lesiones. Dada la falta de protecci\u00f3n que tienen los motociclistas cuando chocan contra un autom\u00f3vil o cami\u00f3n, no sorprende que las lesiones sean tan comunes. Tampoco es raro que estas lesiones sean graves, incluso resultando en una discapacidad permanente. Estas lesiones pueden poner fin a su carrera y generar cuantiosas facturas m\u00e9dicas. La mayor\u00eda de las v\u00edctimas solo pueden recuperarse financieramente presentando una demanda por lesiones personales con la ayuda de un abogado de accidentes de motocicleta de Brookville.<\/p>\n<h2><strong>Lesiones por accidentes de motocicleta en Greenville<\/strong><\/h2>\n<p>Si ha estado involucrado en un accidente de motocicleta, puede sufrir lesiones graves y complicaciones m\u00e9dicas como resultado. Siempre es importante buscar atenci\u00f3n m\u00e9dica despu\u00e9s de un accidente de motocicleta. Las siguientes lesiones son comunes en un accidente de motocicleta:<\/p>\n<ul>\n<li><a href=\"https:\/\/thehometownlawyers.com\/es\/\">Lesiones cerebrales traum\u00e1ticas<\/a><\/li>\n<li>Erupci\u00f3n en la carretera<\/li>\n<li>Huesos rotos y fracturados<\/li>\n<li>lesiones en el cuello<\/li>\n<li>Fracturas de cr\u00e1neo<\/li>\n<li>Discos herniados<\/li>\n<li>Hemorragia interna y da\u00f1o de \u00f3rganos.<\/li>\n<li>Trauma en tobillos, piernas y extremidades inferiores<\/li>\n<li>Da\u00f1o nervioso y muscular en los brazos.<\/li>\n<li>Par\u00e1lisis<\/li>\n<li>Concusi\u00f3n<\/li>\n<\/ul>\n<p>Esta lista no pretende ser exhaustiva, sino solo darle una idea de algunas de las lesiones m\u00e1s comunes sufridas en accidentes de motocicleta. Si su lesi\u00f3n no figura en la lista anterior, a\u00fan puede proporcionarle motivos para demandar. Cualquier lesi\u00f3n que haya causado que usted incurra en da\u00f1os financieros y que haya sido causada por la negligencia de otra parte proporciona motivos para una demanda por lesiones personales.<\/p>\n<p class=\"rs-content-cta rs-content-cta-small\">Para una consulta legal gratuita, llame al <a href=\"tel:+15138943333\">513-894-3333 <\/a><\/p><h2><strong>Fui golpeado mientras estaba en mi motocicleta: \u00bfpuedo demandar?<\/strong><\/h2>\n<p>Si se lesion\u00f3 en un accidente mientras conduc\u00eda su motocicleta en Brookville y como resultado sufri\u00f3 lesiones, es posible que pueda demandar. Para poder presentar una demanda exitosa, es importante que otra parte sea responsable de causar el accidente y sus lesiones. Esto significa que el otro conductor debe haber sido negligente al causarle da\u00f1o. En algunos casos, se presume negligencia. Por ejemplo, si el otro conductor estaba ebrio o bajo la influencia de una droga o sustancia que perjudic\u00f3 su capacidad para conducir su veh\u00edculo de manera segura, se presumir\u00e1 negligencia. Del mismo modo, el exceso de velocidad, pasarse un sem\u00e1foro en rojo y la conducci\u00f3n imprudente tambi\u00e9n indican negligencia. Adem\u00e1s, la negligencia del otro conductor debe haber causado directamente sus lesiones. Finalmente, sus lesiones deben haber resultado en da\u00f1os financieros. Por ejemplo, si lo golpean por detr\u00e1s y sufre algo de dolor, pero no busca atenci\u00f3n m\u00e9dica y, como resultado, no falta al trabajo, no podr\u00e1 recuperarse solo sobre la base del dolor que sinti\u00f3. Tambi\u00e9n debe tener da\u00f1os financieros. Las facturas m\u00e9dicas, los costos del tratamiento, la fisioterapia, los medicamentos y cualquier otro costo incurrido debido a las lesiones del accidente de motocicleta constituyen un da\u00f1o financiero. En \u00faltima instancia, siempre es importante hablar con un abogado de lesiones personales de Brookville si ha resultado lesionado en un accidente de motocicleta. Podemos revisar los hechos y circunstancias de su caso para determinar si tiene un reclamo y cu\u00e1l es el mejor curso de acci\u00f3n.<\/p>\n<h2><strong>\u00bfCu\u00e1l es el valor de mi reclamo por accidente de motocicleta en Greenville? <\/strong><\/h2>\n<p>No existe una ecuaci\u00f3n exacta para calcular los da\u00f1os, el c\u00e1lculo es muy variable seg\u00fan las circunstancias de sus lesiones y el caso, sin embargo, es posible obtener una estimaci\u00f3n aproximada del valor de su reclamo. Esta estimaci\u00f3n ser\u00e1 calculada con mayor precisi\u00f3n por un abogado de accidentes de motocicleta de Brookville que puede basar el n\u00famero en la informaci\u00f3n real espec\u00edfica de su caso. Sin embargo, podemos darle una idea de qu\u00e9 factores se consideran generalmente. En primer lugar, tiene derecho a una indemnizaci\u00f3n econ\u00f3mica. Estos da\u00f1os est\u00e1n destinados a reembolsarle todos los gastos incurridos como resultado de las lesiones. Estos se pueden calcular con precisi\u00f3n considerando todos los costos m\u00e9dicos y tambi\u00e9n deben tener en cuenta los costos futuros anticipados del tratamiento. Una demanda por lesiones personales tambi\u00e9n le permite recibir una compensaci\u00f3n por el dolor y el sufrimiento. La cantidad de da\u00f1os por dolor y sufrimiento generalmente se calcula en funci\u00f3n de la cantidad total de da\u00f1os econ\u00f3micos, as\u00ed como del grado de gravedad y permanencia de la lesi\u00f3n. En algunos casos, tambi\u00e9n pueden ser apropiados da\u00f1os adicionales o punitivos.<\/p>\n<p class=\"rs-content-cta rs-content-cta-small\"><a href=\"\/es\/contacto\/\">Haga clic para contactar<\/a> con nuestros lesiones personales abogados hoy<\/p><h2><strong>\u00bfNecesito un abogado de lesiones personales de Brookville para demandar despu\u00e9s de un accidente de motocicleta? <\/strong><\/h2>\n<p>Siempre es una buena idea hablar con un abogado lo antes posible despu\u00e9s de un accidente de motocicleta. Esto es especialmente cierto si ha sufrido lesiones graves o necesita hospitalizaci\u00f3n, cirug\u00eda o atenci\u00f3n a largo plazo. Cuanto m\u00e1s alto sea lo que est\u00e1 en juego para usted f\u00edsica y financieramente, m\u00e1s importante es involucrar a un abogado lo antes posible. Un abogado de accidentes de motocicleta de Brookville puede ayudarlo a navegar el proceso del seguro y evitar que acepte una oferta baja. Tambi\u00e9n pueden ayudarlo a recopilar toda la informaci\u00f3n que necesita para tener una idea precisa de sus da\u00f1os y ayudarlo a luchar por un acuerdo justo. Ohio tiene un estatuto de limitaciones para las demandas por lesiones personales, como accidentes de motocicleta, por lo que si ha resultado lesionado en uno, es importante que sea proactivo y se comunique con un abogado lo antes posible.<\/p>\n<p class=\"rs-content-cta rs-content-cta-small\">Complete una <a href=\"\/es\/contacto\/\">evaluaci\u00f3n gratuita de su caso<\/a> ahora<\/p><h2><strong>P\u00f3ngase en contacto con el bufete de abogados de Kruger &amp; Hodges <\/strong><\/h2>\n<p>Si result\u00f3 lesionado en un accidente de motocicleta en Ohio, comun\u00edquese con los abogados con experiencia en lesiones personales en accidentes de motocicleta <a href=\"https:\/\/thehometownlawyers.com\/es\/abogados-de-lesiones-personales-en-eaton-ohio\/\">del bufete de abogados Kruger &amp; Hodges<\/a> en nuestras <a href=\"https:\/\/thehometownlawyers.com\/es\/contacto\/\">oficinas legales de Eaton, OH<\/a> para programar una consulta y averiguar c\u00f3mo podemos ayudarlo.<\/p>\n<p class=\"rs-content-cta rs-content-cta-small\">Llame o env\u00ede un mensaje de texto al <a href=\"tel:+15138943333\">513-894-3333<\/a> o complete una <a href=\"\/es\/contacto\/\">evaluaci\u00f3n gratuita de su caso<\/a><\/p>","protected":false},"excerpt":{"rendered":"<p>Ohio puede ser un gran estado para andar en motocicleta, con generosos tramos de carretera y excelentes vistas, sin embargo, tambi\u00e9n puede ser peligroso. Los motociclistas son a menudo los viajeros m\u00e1s vulnerables en la carretera y, sin embargo, los conductores de veh\u00edculos motorizados y camiones a menudo son negligentes al verificarlos o tomar las &#8230;<\/p>\n","protected":false},"author":7,"featured_media":24570,"parent":21205,"menu_order":0,"comment_status":"closed","ping_status":"closed","template":"","meta":{"_acf_changed":false,"inline_featured_image":false,"_genesis_hide_title":false,"_genesis_hide_breadcrumbs":false,"_genesis_hide_singular_image":false,"_genesis_hide_footer_widgets":false,"_genesis_custom_body_class":"","_genesis_custom_post_class":"","_genesis_layout":"","footnotes":""},"hc_faqs":[],"hc_spanish_faqs":[],"class_list":{"0":"post-21161","1":"page","2":"type-page","3":"status-publish","4":"has-post-thumbnail","6":"entry"},"acf":[],"yoast_head":"<!-- This site is optimized with the Yoast SEO plugin v27.5 - https:\/\/yoast.com\/product\/yoast-seo-wordpress\/ -->\n<title>Abogado de accidentes de motocicleta de Brookville: Consulta gratuita<\/title>\n<meta name=\"description\" content=\"La mayor\u00eda de las v\u00edctimas solo pueden recuperarse financieramente a trav\u00e9s de una demanda por lesiones personales con la ayuda de un abogado de accidentes de motocicleta de Brookville.\" \/>\n<meta name=\"robots\" content=\"index, follow, max-snippet:-1, max-image-preview:large, max-video-preview:-1\" \/>\n<link rel=\"canonical\" href=\"https:\/\/thehometownlawyers.com\/es\/abogado-de-lesiones-personales-que-presta-servicios-en-greenville-ohio\/abogado-de-accidentes-de-motocicleta-de-brookville\/\" \/>\n<meta property=\"og:locale\" content=\"es_MX\" \/>\n<meta property=\"og:type\" content=\"article\" \/>\n<meta property=\"og:title\" content=\"Abogado de accidentes de motocicleta de Brookville: Consulta gratuita\" \/>\n<meta property=\"og:description\" content=\"La mayor\u00eda de las v\u00edctimas solo pueden recuperarse financieramente a trav\u00e9s de una demanda por lesiones personales con la ayuda de un abogado de accidentes de motocicleta de Brookville.\" \/>\n<meta property=\"og:url\" content=\"https:\/\/thehometownlawyers.com\/es\/abogado-de-lesiones-personales-que-presta-servicios-en-greenville-ohio\/abogado-de-accidentes-de-motocicleta-de-brookville\/\" \/>\n<meta property=\"og:site_name\" content=\"Kruger &amp; Hodges Abogados De Lesiones\" \/>\n<meta property=\"article:publisher\" content=\"https:\/\/www.facebook.com\/KrugerHodges\/\" \/>\n<meta property=\"article:modified_time\" content=\"2025-01-31T16:46:10+00:00\" \/>\n<meta property=\"og:image\" content=\"https:\/\/thehometownlawyers.com\/wp-content\/uploads\/2021\/09\/white-striped-motorcycle.jpg\" \/>\n\t<meta property=\"og:image:width\" content=\"1920\" \/>\n\t<meta property=\"og:image:height\" content=\"1080\" \/>\n\t<meta property=\"og:image:type\" content=\"image\/jpeg\" \/>\n<meta name=\"twitter:card\" content=\"summary_large_image\" \/>\n<meta name=\"twitter:label1\" content=\"Tiempo de lectura\" \/>\n\t<meta name=\"twitter:data1\" content=\"5 minutos\" \/>\n<script type=\"application\/ld+json\" class=\"yoast-schema-graph\">{\"@context\":\"https:\\\/\\\/schema.org\",\"@graph\":[{\"@type\":\"WebPage\",\"@id\":\"https:\\\/\\\/thehometownlawyers.com\\\/es\\\/abogado-de-lesiones-personales-que-presta-servicios-en-greenville-ohio\\\/abogado-de-accidentes-de-motocicleta-de-brookville\\\/\",\"url\":\"https:\\\/\\\/thehometownlawyers.com\\\/es\\\/abogado-de-lesiones-personales-que-presta-servicios-en-greenville-ohio\\\/abogado-de-accidentes-de-motocicleta-de-brookville\\\/\",\"name\":\"Abogado de accidentes de motocicleta de Brookville: Consulta gratuita\",\"isPartOf\":{\"@id\":\"https:\\\/\\\/thehometownlawyers.com\\\/es\\\/#website\"},\"primaryImageOfPage\":{\"@id\":\"https:\\\/\\\/thehometownlawyers.com\\\/es\\\/abogado-de-lesiones-personales-que-presta-servicios-en-greenville-ohio\\\/abogado-de-accidentes-de-motocicleta-de-brookville\\\/#primaryimage\"},\"image\":{\"@id\":\"https:\\\/\\\/thehometownlawyers.com\\\/es\\\/abogado-de-lesiones-personales-que-presta-servicios-en-greenville-ohio\\\/abogado-de-accidentes-de-motocicleta-de-brookville\\\/#primaryimage\"},\"thumbnailUrl\":\"https:\\\/\\\/thehometownlawyers.com\\\/wp-content\\\/uploads\\\/2025\\\/03\\\/greenville-motorcycle-accident-lawyer.jpg\",\"datePublished\":\"2022-02-23T14:53:19+00:00\",\"dateModified\":\"2025-01-31T16:46:10+00:00\",\"description\":\"La mayor\u00eda de las v\u00edctimas solo pueden recuperarse financieramente a trav\u00e9s de una demanda por lesiones personales con la ayuda de un abogado de accidentes de motocicleta de Brookville.\",\"breadcrumb\":{\"@id\":\"https:\\\/\\\/thehometownlawyers.com\\\/es\\\/abogado-de-lesiones-personales-que-presta-servicios-en-greenville-ohio\\\/abogado-de-accidentes-de-motocicleta-de-brookville\\\/#breadcrumb\"},\"inLanguage\":\"es\",\"potentialAction\":[{\"@type\":\"ReadAction\",\"target\":[\"https:\\\/\\\/thehometownlawyers.com\\\/es\\\/abogado-de-lesiones-personales-que-presta-servicios-en-greenville-ohio\\\/abogado-de-accidentes-de-motocicleta-de-brookville\\\/\"]}]},{\"@type\":\"ImageObject\",\"inLanguage\":\"es\",\"@id\":\"https:\\\/\\\/thehometownlawyers.com\\\/es\\\/abogado-de-lesiones-personales-que-presta-servicios-en-greenville-ohio\\\/abogado-de-accidentes-de-motocicleta-de-brookville\\\/#primaryimage\",\"url\":\"https:\\\/\\\/thehometownlawyers.com\\\/wp-content\\\/uploads\\\/2025\\\/03\\\/greenville-motorcycle-accident-lawyer.jpg\",\"contentUrl\":\"https:\\\/\\\/thehometownlawyers.com\\\/wp-content\\\/uploads\\\/2025\\\/03\\\/greenville-motorcycle-accident-lawyer.jpg\",\"width\":768,\"height\":512,\"caption\":\"Young man repairing motobike in garage.\"},{\"@type\":\"BreadcrumbList\",\"@id\":\"https:\\\/\\\/thehometownlawyers.com\\\/es\\\/abogado-de-lesiones-personales-que-presta-servicios-en-greenville-ohio\\\/abogado-de-accidentes-de-motocicleta-de-brookville\\\/#breadcrumb\",\"itemListElement\":[{\"@type\":\"ListItem\",\"position\":1,\"name\":\"Home\",\"item\":\"https:\\\/\\\/thehometownlawyers.com\\\/es\\\/\"},{\"@type\":\"ListItem\",\"position\":2,\"name\":\"Abogado de Lesiones Personales en Greenville\",\"item\":\"https:\\\/\\\/thehometownlawyers.com\\\/es\\\/abogado-de-lesiones-personales-que-presta-servicios-en-greenville-ohio\\\/\"},{\"@type\":\"ListItem\",\"position\":3,\"name\":\"Abogado de Accidentes de Motocicletas en Greenville\"}]},{\"@type\":\"WebSite\",\"@id\":\"https:\\\/\\\/thehometownlawyers.com\\\/es\\\/#website\",\"url\":\"https:\\\/\\\/thehometownlawyers.com\\\/es\\\/\",\"name\":\"Kruger & Hodges Hometown Injury Lawyers | Accident Attorneys\",\"description\":\"Attorneys for Car, Truck and Motorcycle Accidents, Personal Injuries, and Criminal Defense.\",\"publisher\":{\"@id\":\"https:\\\/\\\/thehometownlawyers.com\\\/es\\\/#organization\"},\"alternateName\":\"Kruger & Hodges Personal Injury Lawyers\",\"inLanguage\":\"es\"},{\"@type\":\"Organization\",\"@id\":\"https:\\\/\\\/thehometownlawyers.com\\\/es\\\/#organization\",\"name\":\"Kruger & Hodges Hometown Injury Lawyers\",\"alternateName\":\"Kruger & Hodges\",\"url\":\"https:\\\/\\\/thehometownlawyers.com\\\/es\\\/\",\"logo\":{\"@type\":\"ImageObject\",\"inLanguage\":\"es\",\"@id\":\"https:\\\/\\\/thehometownlawyers.com\\\/es\\\/#\\\/schema\\\/logo\\\/image\\\/\",\"url\":\"https:\\\/\\\/thehometownlawyers.com\\\/wp-content\\\/uploads\\\/2025\\\/12\\\/revised-kh-logo-vertical-white-background-scaled.png\",\"contentUrl\":\"https:\\\/\\\/thehometownlawyers.com\\\/wp-content\\\/uploads\\\/2025\\\/12\\\/revised-kh-logo-vertical-white-background-scaled.png\",\"width\":2560,\"height\":1440,\"caption\":\"Kruger & Hodges Hometown Injury Lawyers\"},\"image\":{\"@id\":\"https:\\\/\\\/thehometownlawyers.com\\\/es\\\/#\\\/schema\\\/logo\\\/image\\\/\"},\"sameAs\":[\"https:\\\/\\\/www.facebook.com\\\/KrugerHodges\\\/\",\"https:\\\/\\\/www.instagram.com\\\/krugerhodges\\\/\",\"https:\\\/\\\/www.linkedin.com\\\/company\\\/kruger-hodges-hometown-injury-lawyers\\\/\",\"https:\\\/\\\/www.youtube.com\\\/channel\\\/UCeYcMaMaN2rb9jMlqt4EIdQ\",\"https:\\\/\\\/www.tiktok.com\\\/@thehometownlawyer\"]}]}<\/script>\n<!-- \/ Yoast SEO plugin. -->","yoast_head_json":{"title":"Abogado de accidentes de motocicleta de Brookville: Consulta gratuita","description":"La mayor\u00eda de las v\u00edctimas solo pueden recuperarse financieramente a trav\u00e9s de una demanda por lesiones personales con la ayuda de un abogado de accidentes de motocicleta de Brookville.","robots":{"index":"index","follow":"follow","max-snippet":"max-snippet:-1","max-image-preview":"max-image-preview:large","max-video-preview":"max-video-preview:-1"},"canonical":"https:\/\/thehometownlawyers.com\/es\/abogado-de-lesiones-personales-que-presta-servicios-en-greenville-ohio\/abogado-de-accidentes-de-motocicleta-de-brookville\/","og_locale":"es_MX","og_type":"article","og_title":"Abogado de accidentes de motocicleta de Brookville: Consulta gratuita","og_description":"La mayor\u00eda de las v\u00edctimas solo pueden recuperarse financieramente a trav\u00e9s de una demanda por lesiones personales con la ayuda de un abogado de accidentes de motocicleta de Brookville.","og_url":"https:\/\/thehometownlawyers.com\/es\/abogado-de-lesiones-personales-que-presta-servicios-en-greenville-ohio\/abogado-de-accidentes-de-motocicleta-de-brookville\/","og_site_name":"Kruger &amp; Hodges Abogados De Lesiones","article_publisher":"https:\/\/www.facebook.com\/KrugerHodges\/","article_modified_time":"2025-01-31T16:46:10+00:00","og_image":[{"width":1920,"height":1080,"url":"https:\/\/thehometownlawyers.com\/wp-content\/uploads\/2021\/09\/white-striped-motorcycle.jpg","type":"image\/jpeg"}],"twitter_card":"summary_large_image","twitter_misc":{"Tiempo de lectura":"5 minutos"},"schema":{"@context":"https:\/\/schema.org","@graph":[{"@type":"WebPage","@id":"https:\/\/thehometownlawyers.com\/es\/abogado-de-lesiones-personales-que-presta-servicios-en-greenville-ohio\/abogado-de-accidentes-de-motocicleta-de-brookville\/","url":"https:\/\/thehometownlawyers.com\/es\/abogado-de-lesiones-personales-que-presta-servicios-en-greenville-ohio\/abogado-de-accidentes-de-motocicleta-de-brookville\/","name":"Abogado de accidentes de motocicleta de Brookville: Consulta gratuita","isPartOf":{"@id":"https:\/\/thehometownlawyers.com\/es\/#website"},"primaryImageOfPage":{"@id":"https:\/\/thehometownlawyers.com\/es\/abogado-de-lesiones-personales-que-presta-servicios-en-greenville-ohio\/abogado-de-accidentes-de-motocicleta-de-brookville\/#primaryimage"},"image":{"@id":"https:\/\/thehometownlawyers.com\/es\/abogado-de-lesiones-personales-que-presta-servicios-en-greenville-ohio\/abogado-de-accidentes-de-motocicleta-de-brookville\/#primaryimage"},"thumbnailUrl":"https:\/\/thehometownlawyers.com\/wp-content\/uploads\/2025\/03\/greenville-motorcycle-accident-lawyer.jpg","datePublished":"2022-02-23T14:53:19+00:00","dateModified":"2025-01-31T16:46:10+00:00","description":"La mayor\u00eda de las v\u00edctimas solo pueden recuperarse financieramente a trav\u00e9s de una demanda por lesiones personales con la ayuda de un abogado de accidentes de motocicleta de Brookville.","breadcrumb":{"@id":"https:\/\/thehometownlawyers.com\/es\/abogado-de-lesiones-personales-que-presta-servicios-en-greenville-ohio\/abogado-de-accidentes-de-motocicleta-de-brookville\/#breadcrumb"},"inLanguage":"es","potentialAction":[{"@type":"ReadAction","target":["https:\/\/thehometownlawyers.com\/es\/abogado-de-lesiones-personales-que-presta-servicios-en-greenville-ohio\/abogado-de-accidentes-de-motocicleta-de-brookville\/"]}]},{"@type":"ImageObject","inLanguage":"es","@id":"https:\/\/thehometownlawyers.com\/es\/abogado-de-lesiones-personales-que-presta-servicios-en-greenville-ohio\/abogado-de-accidentes-de-motocicleta-de-brookville\/#primaryimage","url":"https:\/\/thehometownlawyers.com\/wp-content\/uploads\/2025\/03\/greenville-motorcycle-accident-lawyer.jpg","contentUrl":"https:\/\/thehometownlawyers.com\/wp-content\/uploads\/2025\/03\/greenville-motorcycle-accident-lawyer.jpg","width":768,"height":512,"caption":"Young man repairing motobike in garage."},{"@type":"BreadcrumbList","@id":"https:\/\/thehometownlawyers.com\/es\/abogado-de-lesiones-personales-que-presta-servicios-en-greenville-ohio\/abogado-de-accidentes-de-motocicleta-de-brookville\/#breadcrumb","itemListElement":[{"@type":"ListItem","position":1,"name":"Home","item":"https:\/\/thehometownlawyers.com\/es\/"},{"@type":"ListItem","position":2,"name":"Abogado de Lesiones Personales en Greenville","item":"https:\/\/thehometownlawyers.com\/es\/abogado-de-lesiones-personales-que-presta-servicios-en-greenville-ohio\/"},{"@type":"ListItem","position":3,"name":"Abogado de Accidentes de Motocicletas en Greenville"}]},{"@type":"WebSite","@id":"https:\/\/thehometownlawyers.com\/es\/#website","url":"https:\/\/thehometownlawyers.com\/es\/","name":"Kruger & Hodges Hometown Injury Lawyers | Accident Attorneys","description":"Attorneys for Car, Truck and Motorcycle Accidents, Personal Injuries, and Criminal Defense.","publisher":{"@id":"https:\/\/thehometownlawyers.com\/es\/#organization"},"alternateName":"Kruger & Hodges Personal Injury Lawyers","inLanguage":"es"},{"@type":"Organization","@id":"https:\/\/thehometownlawyers.com\/es\/#organization","name":"Kruger & Hodges Hometown Injury Lawyers","alternateName":"Kruger & Hodges","url":"https:\/\/thehometownlawyers.com\/es\/","logo":{"@type":"ImageObject","inLanguage":"es","@id":"https:\/\/thehometownlawyers.com\/es\/#\/schema\/logo\/image\/","url":"https:\/\/thehometownlawyers.com\/wp-content\/uploads\/2025\/12\/revised-kh-logo-vertical-white-background-scaled.png","contentUrl":"https:\/\/thehometownlawyers.com\/wp-content\/uploads\/2025\/12\/revised-kh-logo-vertical-white-background-scaled.png","width":2560,"height":1440,"caption":"Kruger & Hodges Hometown Injury Lawyers"},"image":{"@id":"https:\/\/thehometownlawyers.com\/es\/#\/schema\/logo\/image\/"},"sameAs":["https:\/\/www.facebook.com\/KrugerHodges\/","https:\/\/www.instagram.com\/krugerhodges\/","https:\/\/www.linkedin.com\/company\/kruger-hodges-hometown-injury-lawyers\/","https:\/\/www.youtube.com\/channel\/UCeYcMaMaN2rb9jMlqt4EIdQ","https:\/\/www.tiktok.com\/@thehometownlawyer"]}]}},"_links":{"self":[{"href":"https:\/\/thehometownlawyers.com\/es\/wp-json\/wp\/v2\/pages\/21161","targetHints":{"allow":["GET"]}}],"collection":[{"href":"https:\/\/thehometownlawyers.com\/es\/wp-json\/wp\/v2\/pages"}],"about":[{"href":"https:\/\/thehometownlawyers.com\/es\/wp-json\/wp\/v2\/types\/page"}],"author":[{"embeddable":true,"href":"https:\/\/thehometownlawyers.com\/es\/wp-json\/wp\/v2\/users\/7"}],"replies":[{"embeddable":true,"href":"https:\/\/thehometownlawyers.com\/es\/wp-json\/wp\/v2\/comments?post=21161"}],"version-history":[{"count":0,"href":"https:\/\/thehometownlawyers.com\/es\/wp-json\/wp\/v2\/pages\/21161\/revisions"}],"up":[{"embeddable":true,"href":"https:\/\/thehometownlawyers.com\/es\/wp-json\/wp\/v2\/pages\/21205"}],"wp:featuredmedia":[{"embeddable":true,"href":"https:\/\/thehometownlawyers.com\/es\/wp-json\/wp\/v2\/media\/24570"}],"wp:attachment":[{"href":"https:\/\/thehometownlawyers.com\/es\/wp-json\/wp\/v2\/media?parent=21161"}],"wp:term":[{"taxonomy":"hc_faqs","embeddable":true,"href":"https:\/\/thehometownlawyers.com\/es\/wp-json\/wp\/v2\/hc_faqs?post=21161"},{"taxonomy":"hc_spanish_faqs","embeddable":true,"href":"https:\/\/thehometownlawyers.com\/es\/wp-json\/wp\/v2\/hc_spanish_faqs?post=21161"}],"curies":[{"name":"wp","href":"https:\/\/api.w.org\/{rel}","templated":true}]}}