{"id":21162,"date":"2022-01-03T21:09:28","date_gmt":"2022-01-04T02:09:28","guid":{"rendered":"https:\/\/thehometownlawyers.com\/?page_id=21162"},"modified":"2025-04-03T13:55:14","modified_gmt":"2025-04-03T17:55:14","slug":"lesiones-personales-en-west-alexandria-ohio","status":"publish","type":"page","link":"https:\/\/thehometownlawyers.com\/es\/lesiones-personales-en-west-alexandria-ohio\/","title":{"rendered":"Abogado de Lesiones Personales en West Alexandria"},"content":{"rendered":"<h2>Lesiones personales en West Alexandria<\/h2>\n<p>West Alexandria es una peque\u00f1a comunidad con una rica historia. Nuestra oficina de correos existe desde 1828 y tenemos varios edificios en el Registro Nacional de Lugares Hist\u00f3ricos. Somos una comunidad muy unida y un entorno casi perfecto para formar una familia. Desafortunadamente, los accidentes de tr\u00e1fico nos pueden pasar aqu\u00ed y dondequiera que viajemos. Cuando ocurre un accidente, puede devastarte a ti y a tu familia. Las lesiones graves pueden tardar meses o a\u00f1os en sanar y las cicatrices emocionales pueden durar mucho m\u00e1s. Si result\u00f3 herido en un accidente automovil\u00edstico, un abogado de lesiones personales en West Alexandria lo ayudar\u00e1 a obtener el dinero que merece por sus lesiones.<\/p>\n<h3>Accidentes automovil\u00edsticos<\/h3>\n<p>Los accidentes automovil\u00edsticos en West Alexandria pueden ocurrir sin previo aviso. El a\u00f1o pasado hubo casi 300,000 accidentes en Ohio, y aproximadamente la mitad de ellos resultaron en lesiones. La <a href=\"https:\/\/statepatrol.ohio.gov\/statistics\/#gsc.tab=0\" target=\"_blank\" rel=\"noopener\">Patrulla de Caminos del Estado de Ohio<\/a> informa que hay alrededor de tres muertes por d\u00eda en nuestras carreteras de Ohio. Cuando sufre un accidente, puede enfrentar un tratamiento m\u00e9dico doloroso y costoso. La parte negligente debe pagar sus gastos m\u00e9dicos y otros da\u00f1os.<\/p>\n<h3>Accidentes de motocicleta<\/h3>\n<p>Los accidentes de motocicleta en West Alexandria pueden resultar en lesiones graves y potencialmente mortales. La lesi\u00f3n cerebral traum\u00e1tica (TBI, por sus siglas en ingl\u00e9s) es una posible lesi\u00f3n que puede sufrir cuando su cabeza golpea el pavimento. TBI puede variar en severidad y puede ser incapacitante. Si result\u00f3 herido en un accidente de motocicleta, todo su mundo est\u00e1 patas arriba. Usted merece una compensaci\u00f3n por sus lesiones del conductor negligente.<\/p>\n<h3>Accidentes de Camiones<\/h3>\n<p>Diariamente compartimos nuestras carreteras con grandes camiones comerciales. Si bien necesitamos camiones para entregar nuestros productos, tambi\u00e9n pueden ser peligrosos. Los accidentes de camiones en West Alexandria pueden provocar lesiones graves con largos per\u00edodos de recuperaci\u00f3n. Los accidentes de camiones pueden ser complejos y es posible que necesite la ayuda de un abogado de accidentes de camiones de buena reputaci\u00f3n para asegurarse de obtener el dinero que necesita para sus lesiones.<\/p>\n<p class=\"rs-content-cta rs-content-cta-small\">Para una consulta legal gratuita, llame al <a href=\"tel:+15138943333\">513-894-3333 <\/a><\/p><h2>Prueba de negligencia<\/h2>\n<p>La parte negligente debe ser considerada responsable de las lesiones y da\u00f1os que caus\u00f3. La ley de Ohio define la <a href=\"https:\/\/insurance.ohio.gov\/wps\/portal\/gov\/odi\/consumers\/automobile\/comparative-negligence#:~:text=In%201980%2C%20Ohio%20became%20the,injury%20or%20damage%20to%20another.\" target=\"_blank\" rel=\"noopener\">negligencia<\/a> como \u201cla falta de ejercer el grado de cuidado requerido de una persona razonable y prudente en cualquier circunstancia dada que resulte en lesiones o da\u00f1os a otra persona\u201d. Hay cuatro elementos que debe mostrar para probar que un conductor fue negligente. \u00c9stas incluyen:<\/p>\n<ul>\n<li>Obligaci\u00f3n de cuidar<\/li>\n<li>Incumplimiento del deber<\/li>\n<li>Causalidad<\/li>\n<li>Da\u00f1os y perjuicios<\/li>\n<\/ul>\n<p>Un conductor tiene el deber de conducir de manera segura y cuidadosa. Los conductores saben que si aceleran, desobedecen las leyes de tr\u00e1nsito, conducen imprudentemente o conducen distra\u00eddos, pueden causar da\u00f1o a otra persona. Hay muchas otras acciones que podr\u00edan considerarse negligentes. El accidente debe haber causado las lesiones u otros da\u00f1os y las lesiones o da\u00f1os fueron el resultado del choque. Si est\u00e1 involucrado en un choque menor, es posible que el conductor haya estado haciendo algo mal, pero si no hay da\u00f1os, no hay prueba de negligencia.<\/p>\n<p>Ohio permite la negligencia comparativa. Podr\u00eda ser parcialmente responsable de un accidente, pero a\u00fan puede recibir una compensaci\u00f3n siempre que su negligencia sea inferior al 50%. Generalmente, la compa\u00f1\u00eda de seguros o el tribunal atribuye una parte de la negligencia o responsabilidad a cada parte del accidente. Siempre que la otra parte sea m\u00e1s de la mitad responsable, puede obtener una compensaci\u00f3n por los da\u00f1os causados por el accidente.<\/p>\n<p class=\"rs-content-cta\">Abogado de Lesiones Personales de West Alexandria Cerca de M\u00ed <a href=\"tel:+15138943333\">513-894-3333<\/a><\/p><h2>Qu\u00e9 hacer despu\u00e9s de una lesi\u00f3n personal en Alexandria<\/h2>\n<p>Cuando ocurre un accidente, puede tomarlo desprevenido. Puede estar asustado y traumatizado, pero hay varias cosas que debe hacer despu\u00e9s de un accidente para asegurarse de obtener un acuerdo justo. P\u00f3ngase en contacto con la polic\u00eda y presente un informe policial. La polic\u00eda asegurar\u00e1 la escena, investigar\u00e1 el accidente y obtendr\u00e1 informaci\u00f3n valiosa de los conductores y testigos. Tome fotos del accidente antes de mover los veh\u00edculos si es seguro hacerlo.<\/p>\n<p>Vaya al hospital o al m\u00e9dico para que lo revisen, incluso si no se siente herido de inmediato. Tenga en cuenta que es posible que no sienta dolor de inmediato por las lesiones, especialmente si ha estado extremadamente estresado y molesto. El traumatismo craneoencef\u00e1lico, el da\u00f1o interno y otras lesiones pueden empeorar si no se tratan de inmediato. Adem\u00e1s, cuanto m\u00e1s espere para buscar atenci\u00f3n m\u00e9dica, m\u00e1s dif\u00edcil ser\u00e1 probar que sus lesiones ocurrieron en el accidente.<\/p>\n<p>P\u00f3ngase en contacto con un abogado con experiencia en lesiones personales en West Alexandria. Su abogado se encargar\u00e1 de sus asuntos legales y reunir\u00e1 las pruebas esenciales de su caso para que pueda concentrarse en su recuperaci\u00f3n. Si result\u00f3 herido en un accidente, no se demore. Comun\u00edquese con nuestro equipo legal en <a href=\"https:\/\/thehometownlawyers.com\/es\/contacto\/\">Kruger &amp; Hodges<\/a> al (937) 733-6079 para una consulta inicial gratuita.<\/p>\n<p class=\"rs-content-cta rs-content-cta-small\">Llame o env\u00ede un mensaje de texto al <a href=\"tel:+15138943333\">513-894-3333<\/a> o complete una <a href=\"\/es\/contacto\/\">evaluaci\u00f3n gratuita de su caso<\/a><\/p>","protected":false},"excerpt":{"rendered":"<p>Lesiones personales en West Alexandria West Alexandria es una peque\u00f1a comunidad con una rica historia. Nuestra oficina de correos existe desde 1828 y tenemos varios edificios en el Registro Nacional de Lugares Hist\u00f3ricos. Somos una comunidad muy unida y un entorno casi perfecto para formar una familia. Desafortunadamente, los accidentes de tr\u00e1fico nos pueden pasar &#8230;<\/p>\n","protected":false},"author":7,"featured_media":24667,"parent":0,"menu_order":0,"comment_status":"closed","ping_status":"closed","template":"","meta":{"_acf_changed":false,"inline_featured_image":false,"_genesis_hide_title":false,"_genesis_hide_breadcrumbs":false,"_genesis_hide_singular_image":false,"_genesis_hide_footer_widgets":false,"_genesis_custom_body_class":"","_genesis_custom_post_class":"","_genesis_layout":"","footnotes":""},"hc_faqs":[],"hc_spanish_faqs":[],"class_list":{"0":"post-21162","1":"page","2":"type-page","3":"status-publish","4":"has-post-thumbnail","6":"hc_city_location-west-alexandria-es","7":"entry"},"acf":[],"yoast_head":"<!-- This site is optimized with the Yoast SEO plugin v27.3 - https:\/\/yoast.com\/product\/yoast-seo-wordpress\/ -->\n<title>Lesiones personales en West Alexandria, Ohio: Consulta gratuita<\/title>\n<meta name=\"description\" content=\"Si result\u00f3 herido en un accidente automovil\u00edstico, un abogado de lesiones personales en West Alexandria lo ayudar\u00e1 a obtener el dinero que merece por sus lesiones.\" \/>\n<meta name=\"robots\" content=\"index, follow, max-snippet:-1, max-image-preview:large, max-video-preview:-1\" \/>\n<link rel=\"canonical\" href=\"https:\/\/thehometownlawyers.com\/es\/lesiones-personales-en-west-alexandria-ohio\/\" \/>\n<meta property=\"og:locale\" content=\"es_MX\" \/>\n<meta property=\"og:type\" content=\"article\" \/>\n<meta property=\"og:title\" content=\"Lesiones personales en West Alexandria, Ohio: Consulta gratuita\" \/>\n<meta property=\"og:description\" content=\"Si result\u00f3 herido en un accidente automovil\u00edstico, un abogado de lesiones personales en West Alexandria lo ayudar\u00e1 a obtener el dinero que merece por sus lesiones.\" \/>\n<meta property=\"og:url\" content=\"https:\/\/thehometownlawyers.com\/es\/lesiones-personales-en-west-alexandria-ohio\/\" \/>\n<meta property=\"og:site_name\" content=\"Kruger &amp; Hodges Abogados De Lesiones\" \/>\n<meta property=\"article:publisher\" content=\"https:\/\/www.facebook.com\/KrugerHodges\/\" \/>\n<meta property=\"article:modified_time\" content=\"2025-04-03T17:55:14+00:00\" \/>\n<meta property=\"og:image\" content=\"https:\/\/thehometownlawyers.com\/wp-content\/uploads\/2025\/03\/lesiones-personales-en-west-alexandria-ohio.jpg\" \/>\n\t<meta property=\"og:image:width\" content=\"1000\" \/>\n\t<meta property=\"og:image:height\" content=\"667\" \/>\n\t<meta property=\"og:image:type\" content=\"image\/jpeg\" \/>\n<meta name=\"twitter:card\" content=\"summary_large_image\" \/>\n<meta name=\"twitter:label1\" content=\"Tiempo de lectura\" \/>\n\t<meta name=\"twitter:data1\" content=\"4 minutos\" \/>\n<script type=\"application\/ld+json\" class=\"yoast-schema-graph\">{\"@context\":\"https:\\\/\\\/schema.org\",\"@graph\":[{\"@type\":\"WebPage\",\"@id\":\"https:\\\/\\\/thehometownlawyers.com\\\/es\\\/lesiones-personales-en-west-alexandria-ohio\\\/\",\"url\":\"https:\\\/\\\/thehometownlawyers.com\\\/es\\\/lesiones-personales-en-west-alexandria-ohio\\\/\",\"name\":\"Lesiones personales en West Alexandria, Ohio: Consulta gratuita\",\"isPartOf\":{\"@id\":\"https:\\\/\\\/thehometownlawyers.com\\\/es\\\/#website\"},\"primaryImageOfPage\":{\"@id\":\"https:\\\/\\\/thehometownlawyers.com\\\/es\\\/lesiones-personales-en-west-alexandria-ohio\\\/#primaryimage\"},\"image\":{\"@id\":\"https:\\\/\\\/thehometownlawyers.com\\\/es\\\/lesiones-personales-en-west-alexandria-ohio\\\/#primaryimage\"},\"thumbnailUrl\":\"https:\\\/\\\/thehometownlawyers.com\\\/wp-content\\\/uploads\\\/2025\\\/03\\\/lesiones-personales-en-west-alexandria-ohio.jpg\",\"datePublished\":\"2022-01-04T02:09:28+00:00\",\"dateModified\":\"2025-04-03T17:55:14+00:00\",\"description\":\"Si result\u00f3 herido en un accidente automovil\u00edstico, un abogado de lesiones personales en West Alexandria lo ayudar\u00e1 a obtener el dinero que merece por sus lesiones.\",\"breadcrumb\":{\"@id\":\"https:\\\/\\\/thehometownlawyers.com\\\/es\\\/lesiones-personales-en-west-alexandria-ohio\\\/#breadcrumb\"},\"inLanguage\":\"es\",\"potentialAction\":[{\"@type\":\"ReadAction\",\"target\":[\"https:\\\/\\\/thehometownlawyers.com\\\/es\\\/lesiones-personales-en-west-alexandria-ohio\\\/\"]}]},{\"@type\":\"ImageObject\",\"inLanguage\":\"es\",\"@id\":\"https:\\\/\\\/thehometownlawyers.com\\\/es\\\/lesiones-personales-en-west-alexandria-ohio\\\/#primaryimage\",\"url\":\"https:\\\/\\\/thehometownlawyers.com\\\/wp-content\\\/uploads\\\/2025\\\/03\\\/lesiones-personales-en-west-alexandria-ohio.jpg\",\"contentUrl\":\"https:\\\/\\\/thehometownlawyers.com\\\/wp-content\\\/uploads\\\/2025\\\/03\\\/lesiones-personales-en-west-alexandria-ohio.jpg\",\"width\":1000,\"height\":667,\"caption\":\"Lawyer shaking hands with a client making about documents, contracts, agreements, cooperation agreements with a female client at the lawyer's desk and a hammer at the table.\"},{\"@type\":\"BreadcrumbList\",\"@id\":\"https:\\\/\\\/thehometownlawyers.com\\\/es\\\/lesiones-personales-en-west-alexandria-ohio\\\/#breadcrumb\",\"itemListElement\":[{\"@type\":\"ListItem\",\"position\":1,\"name\":\"Home\",\"item\":\"https:\\\/\\\/thehometownlawyers.com\\\/es\\\/\"},{\"@type\":\"ListItem\",\"position\":2,\"name\":\"Abogado de Lesiones Personales en West Alexandria\"}]},{\"@type\":\"WebSite\",\"@id\":\"https:\\\/\\\/thehometownlawyers.com\\\/es\\\/#website\",\"url\":\"https:\\\/\\\/thehometownlawyers.com\\\/es\\\/\",\"name\":\"Kruger & Hodges Hometown Injury Lawyers | Accident Attorneys\",\"description\":\"Attorneys for Car, Truck and Motorcycle Accidents, Personal Injuries, and Criminal Defense.\",\"publisher\":{\"@id\":\"https:\\\/\\\/thehometownlawyers.com\\\/es\\\/#organization\"},\"alternateName\":\"Kruger & Hodges Personal Injury Lawyers\",\"inLanguage\":\"es\"},{\"@type\":\"Organization\",\"@id\":\"https:\\\/\\\/thehometownlawyers.com\\\/es\\\/#organization\",\"name\":\"Kruger & Hodges Hometown Injury Lawyers\",\"alternateName\":\"Kruger & Hodges Accident Attorneys\",\"url\":\"https:\\\/\\\/thehometownlawyers.com\\\/es\\\/\",\"logo\":{\"@type\":\"ImageObject\",\"inLanguage\":\"es\",\"@id\":\"https:\\\/\\\/thehometownlawyers.com\\\/es\\\/#\\\/schema\\\/logo\\\/image\\\/\",\"url\":\"https:\\\/\\\/thehometownlawyers.com\\\/wp-content\\\/uploads\\\/2025\\\/12\\\/revised-kh-logo-vertical-white-background-scaled.png\",\"contentUrl\":\"https:\\\/\\\/thehometownlawyers.com\\\/wp-content\\\/uploads\\\/2025\\\/12\\\/revised-kh-logo-vertical-white-background-scaled.png\",\"width\":2560,\"height\":1440,\"caption\":\"Kruger & Hodges Hometown Injury Lawyers\"},\"image\":{\"@id\":\"https:\\\/\\\/thehometownlawyers.com\\\/es\\\/#\\\/schema\\\/logo\\\/image\\\/\"},\"sameAs\":[\"https:\\\/\\\/www.facebook.com\\\/KrugerHodges\\\/\",\"https:\\\/\\\/www.instagram.com\\\/krugerhodges\\\/\",\"https:\\\/\\\/www.linkedin.com\\\/company\\\/kruger-hodges-hometown-injury-lawyers\\\/\",\"https:\\\/\\\/www.youtube.com\\\/channel\\\/UCeYcMaMaN2rb9jMlqt4EIdQ\",\"https:\\\/\\\/www.tiktok.com\\\/@thehometownlawyer\"]}]}<\/script>\n<!-- \/ Yoast SEO plugin. -->","yoast_head_json":{"title":"Lesiones personales en West Alexandria, Ohio: Consulta gratuita","description":"Si result\u00f3 herido en un accidente automovil\u00edstico, un abogado de lesiones personales en West Alexandria lo ayudar\u00e1 a obtener el dinero que merece por sus lesiones.","robots":{"index":"index","follow":"follow","max-snippet":"max-snippet:-1","max-image-preview":"max-image-preview:large","max-video-preview":"max-video-preview:-1"},"canonical":"https:\/\/thehometownlawyers.com\/es\/lesiones-personales-en-west-alexandria-ohio\/","og_locale":"es_MX","og_type":"article","og_title":"Lesiones personales en West Alexandria, Ohio: Consulta gratuita","og_description":"Si result\u00f3 herido en un accidente automovil\u00edstico, un abogado de lesiones personales en West Alexandria lo ayudar\u00e1 a obtener el dinero que merece por sus lesiones.","og_url":"https:\/\/thehometownlawyers.com\/es\/lesiones-personales-en-west-alexandria-ohio\/","og_site_name":"Kruger &amp; Hodges Abogados De Lesiones","article_publisher":"https:\/\/www.facebook.com\/KrugerHodges\/","article_modified_time":"2025-04-03T17:55:14+00:00","og_image":[{"width":1000,"height":667,"url":"https:\/\/thehometownlawyers.com\/wp-content\/uploads\/2025\/03\/lesiones-personales-en-west-alexandria-ohio.jpg","type":"image\/jpeg"}],"twitter_card":"summary_large_image","twitter_misc":{"Tiempo de lectura":"4 minutos"},"schema":{"@context":"https:\/\/schema.org","@graph":[{"@type":"WebPage","@id":"https:\/\/thehometownlawyers.com\/es\/lesiones-personales-en-west-alexandria-ohio\/","url":"https:\/\/thehometownlawyers.com\/es\/lesiones-personales-en-west-alexandria-ohio\/","name":"Lesiones personales en West Alexandria, Ohio: Consulta gratuita","isPartOf":{"@id":"https:\/\/thehometownlawyers.com\/es\/#website"},"primaryImageOfPage":{"@id":"https:\/\/thehometownlawyers.com\/es\/lesiones-personales-en-west-alexandria-ohio\/#primaryimage"},"image":{"@id":"https:\/\/thehometownlawyers.com\/es\/lesiones-personales-en-west-alexandria-ohio\/#primaryimage"},"thumbnailUrl":"https:\/\/thehometownlawyers.com\/wp-content\/uploads\/2025\/03\/lesiones-personales-en-west-alexandria-ohio.jpg","datePublished":"2022-01-04T02:09:28+00:00","dateModified":"2025-04-03T17:55:14+00:00","description":"Si result\u00f3 herido en un accidente automovil\u00edstico, un abogado de lesiones personales en West Alexandria lo ayudar\u00e1 a obtener el dinero que merece por sus lesiones.","breadcrumb":{"@id":"https:\/\/thehometownlawyers.com\/es\/lesiones-personales-en-west-alexandria-ohio\/#breadcrumb"},"inLanguage":"es","potentialAction":[{"@type":"ReadAction","target":["https:\/\/thehometownlawyers.com\/es\/lesiones-personales-en-west-alexandria-ohio\/"]}]},{"@type":"ImageObject","inLanguage":"es","@id":"https:\/\/thehometownlawyers.com\/es\/lesiones-personales-en-west-alexandria-ohio\/#primaryimage","url":"https:\/\/thehometownlawyers.com\/wp-content\/uploads\/2025\/03\/lesiones-personales-en-west-alexandria-ohio.jpg","contentUrl":"https:\/\/thehometownlawyers.com\/wp-content\/uploads\/2025\/03\/lesiones-personales-en-west-alexandria-ohio.jpg","width":1000,"height":667,"caption":"Lawyer shaking hands with a client making about documents, contracts, agreements, cooperation agreements with a female client at the lawyer's desk and a hammer at the table."},{"@type":"BreadcrumbList","@id":"https:\/\/thehometownlawyers.com\/es\/lesiones-personales-en-west-alexandria-ohio\/#breadcrumb","itemListElement":[{"@type":"ListItem","position":1,"name":"Home","item":"https:\/\/thehometownlawyers.com\/es\/"},{"@type":"ListItem","position":2,"name":"Abogado de Lesiones Personales en West Alexandria"}]},{"@type":"WebSite","@id":"https:\/\/thehometownlawyers.com\/es\/#website","url":"https:\/\/thehometownlawyers.com\/es\/","name":"Kruger & Hodges Hometown Injury Lawyers | Accident Attorneys","description":"Attorneys for Car, Truck and Motorcycle Accidents, Personal Injuries, and Criminal Defense.","publisher":{"@id":"https:\/\/thehometownlawyers.com\/es\/#organization"},"alternateName":"Kruger & Hodges Personal Injury Lawyers","inLanguage":"es"},{"@type":"Organization","@id":"https:\/\/thehometownlawyers.com\/es\/#organization","name":"Kruger & Hodges Hometown Injury Lawyers","alternateName":"Kruger & Hodges Accident Attorneys","url":"https:\/\/thehometownlawyers.com\/es\/","logo":{"@type":"ImageObject","inLanguage":"es","@id":"https:\/\/thehometownlawyers.com\/es\/#\/schema\/logo\/image\/","url":"https:\/\/thehometownlawyers.com\/wp-content\/uploads\/2025\/12\/revised-kh-logo-vertical-white-background-scaled.png","contentUrl":"https:\/\/thehometownlawyers.com\/wp-content\/uploads\/2025\/12\/revised-kh-logo-vertical-white-background-scaled.png","width":2560,"height":1440,"caption":"Kruger & Hodges Hometown Injury Lawyers"},"image":{"@id":"https:\/\/thehometownlawyers.com\/es\/#\/schema\/logo\/image\/"},"sameAs":["https:\/\/www.facebook.com\/KrugerHodges\/","https:\/\/www.instagram.com\/krugerhodges\/","https:\/\/www.linkedin.com\/company\/kruger-hodges-hometown-injury-lawyers\/","https:\/\/www.youtube.com\/channel\/UCeYcMaMaN2rb9jMlqt4EIdQ","https:\/\/www.tiktok.com\/@thehometownlawyer"]}]}},"_links":{"self":[{"href":"https:\/\/thehometownlawyers.com\/es\/wp-json\/wp\/v2\/pages\/21162","targetHints":{"allow":["GET"]}}],"collection":[{"href":"https:\/\/thehometownlawyers.com\/es\/wp-json\/wp\/v2\/pages"}],"about":[{"href":"https:\/\/thehometownlawyers.com\/es\/wp-json\/wp\/v2\/types\/page"}],"author":[{"embeddable":true,"href":"https:\/\/thehometownlawyers.com\/es\/wp-json\/wp\/v2\/users\/7"}],"replies":[{"embeddable":true,"href":"https:\/\/thehometownlawyers.com\/es\/wp-json\/wp\/v2\/comments?post=21162"}],"version-history":[{"count":0,"href":"https:\/\/thehometownlawyers.com\/es\/wp-json\/wp\/v2\/pages\/21162\/revisions"}],"wp:featuredmedia":[{"embeddable":true,"href":"https:\/\/thehometownlawyers.com\/es\/wp-json\/wp\/v2\/media\/24667"}],"wp:attachment":[{"href":"https:\/\/thehometownlawyers.com\/es\/wp-json\/wp\/v2\/media?parent=21162"}],"wp:term":[{"taxonomy":"hc_faqs","embeddable":true,"href":"https:\/\/thehometownlawyers.com\/es\/wp-json\/wp\/v2\/hc_faqs?post=21162"},{"taxonomy":"hc_spanish_faqs","embeddable":true,"href":"https:\/\/thehometownlawyers.com\/es\/wp-json\/wp\/v2\/hc_spanish_faqs?post=21162"}],"curies":[{"name":"wp","href":"https:\/\/api.w.org\/{rel}","templated":true}]}}