{"id":21163,"date":"2022-02-23T09:37:10","date_gmt":"2022-02-23T14:37:10","guid":{"rendered":"https:\/\/thehometownlawyers.com\/?page_id=21163"},"modified":"2025-01-31T13:11:38","modified_gmt":"2025-01-31T18:11:38","slug":"lesiones-por-mordedura-de-perro-en-brookville-oh","status":"publish","type":"page","link":"https:\/\/thehometownlawyers.com\/es\/abogados-de-lesiones-personales-de-brookville-ohio\/lesiones-por-mordedura-de-perro-en-brookville-oh\/","title":{"rendered":"Abogado de Mordedura de Perro en Brookville"},"content":{"rendered":"<p>Los perros pueden ser maravillosos compa\u00f1eros y mascotas, pero tambi\u00e9n es importante recordar que son animales y que no siempre son predecibles. Las mordeduras de perros pueden causar lesiones graves, que van desde infecciones o da\u00f1os en los tendones hasta rabia y desfiguraci\u00f3n facial. Hay <a href=\"https:\/\/www.caninejournal.com\/dog-bite-statistics\/\" target=\"_blank\" rel=\"noopener\">4,5 millones<\/a> de mordeduras de perro cada a\u00f1o, y m\u00e1s de 800.000 de ellas resultan en lesiones. Incluso si ama a los animales, es probable que no est\u00e9 preparado para lidiar con los impactos f\u00edsicos, emocionales y financieros de una lesi\u00f3n por mordedura de perro. Para muchas v\u00edctimas de mordeduras de perros, ponerse en contacto con un abogado de mordeduras de perros de Brookville es un paso adelante positivo. Esto les permite obtener una comprensi\u00f3n clara de cu\u00e1les son sus opciones legales y cu\u00e1l es la mejor manera de proceder, as\u00ed como si hay pasos adicionales que deben tomarse.<\/p>\n<h2><strong>Tipos de lesiones por mordedura de perro<\/strong><\/h2>\n<p>Las lesiones por mordedura de perro en Brookville, OH pueden variar desde un ligero hematoma que no rompe la piel ni requiere atenci\u00f3n m\u00e9dica hasta heridas graves que requieren atenci\u00f3n m\u00e9dica de emergencia e incluso pueden provocar desfiguraci\u00f3n. Muchas lesiones por mordedura de perro son costosas de tratar y pueden requerir un tratamiento continuo, como cirug\u00edas o fisioterapia. Algunos de los tipos m\u00e1s comunes de lesiones y complicaciones m\u00e9dicas causadas por mordeduras de perros se enumeran a continuaci\u00f3n. Es importante tener en cuenta que esta lista no es exhaustiva, sino que solo pretende darle una idea de algunas de las lesiones causadas por perros por las que las personas reciben compensaci\u00f3n regularmente:<\/p>\n<ul>\n<li>Heridas punzantes<\/li>\n<li>Heridas de carne<\/li>\n<li>Infecci\u00f3n<\/li>\n<li>Rabia<\/li>\n<li>Da\u00f1o a los tendones<\/li>\n<li>Lesiones de mano, mu\u00f1eca y antebrazo<\/li>\n<li>Reinserci\u00f3n o reconstrucci\u00f3n de dedos<\/li>\n<li>Huesos fracturados debido a una ca\u00edda durante el ataque de un perro<\/li>\n<li>Lesiones cerebrales traum\u00e1ticas por ca\u00edda durante el ataque de un perro<\/li>\n<li>desfiguraci\u00f3n facial<\/li>\n<li>heridas en los ojos<\/li>\n<li>Da\u00f1o cosm\u00e9tico y cicatrices.<\/li>\n<li>Da\u00f1o en el nervio<\/li>\n<li>TEPT y da\u00f1o emocional<\/li>\n<\/ul>\n<p class=\"rs-content-cta rs-content-cta-small\">Para una consulta legal gratuita, llame al <a href=\"tel:+15138943333\">513-894-3333 <\/a><\/p><h2><strong>\u00bfQu\u00e9 debo hacer si me muerde un perro? <\/strong><\/h2>\n<p>Si lo muerde un perro y le rompe la piel o le causa un trauma grave, debe tratar de obtener el nombre y la informaci\u00f3n de contacto del due\u00f1o del perro y luego buscar atenci\u00f3n m\u00e9dica. Puede hacer que el propietario llame a su tel\u00e9fono para asegurarse de que no le proporcione un n\u00famero inexacto. Tambi\u00e9n puede tomar fotograf\u00edas de ellos, el perro y sus heridas, como evidencia. Despu\u00e9s de haber recibido atenci\u00f3n m\u00e9dica, puede considerar llamar a un abogado para tener una idea de sus opciones legales. Tenga en cuenta que es particularmente importante ponerse en contacto con un abogado si se entera de que necesitar\u00e1 cirug\u00eda, terapia f\u00edsica o de lo contrario tendr\u00e1 que incurrir en costos significativos como resultado de su lesi\u00f3n. Es importante contar con un defensor, especialmente si su acuerdo tambi\u00e9n tendr\u00e1 que compensar la atenci\u00f3n a largo plazo.<\/p>\n<h2><strong>\u00bfPuedo demandar por una mordedura de perro en Brookville?<\/strong><\/h2>\n<p>Si sufri\u00f3 lesiones debido a una mordedura de perro, es posible que tenga motivos para presentar una demanda por lesiones personales en Ohio, particularmente si la mordedura no fue provocada y se considera cruel o peligrosa seg\u00fan la ley de Ohio. El due\u00f1o de un perro tiene la responsabilidad legal de controlar a su perro, especialmente si tiene motivos para creer que puede ser peligroso para los dem\u00e1s. Si los propietarios no cumplen con ese deber y, como resultado, su perro lo lesiona, ellos son financieramente responsables de cualquier da\u00f1o que sufra y pueden ser responsables ante los tribunales. Tambi\u00e9n es importante tener en cuenta que para tener motivos para demandar por una mordedura de perro, debe haber sufrido da\u00f1os financieros adem\u00e1s de da\u00f1os f\u00edsicos. Por ejemplo, si un perro lo mordi\u00f3 pero no le rompi\u00f3 la piel ni requiri\u00f3 atenci\u00f3n m\u00e9dica o tiempo fuera del trabajo para recuperarse, no podr\u00eda demandar solo por el dolor que sinti\u00f3 cuando lo mordieron. Su lesi\u00f3n debe ir acompa\u00f1ada de da\u00f1os financieros, como facturas m\u00e9dicas o salarios perdidos.<\/p>\n<p class=\"rs-content-cta rs-content-cta-small\"><a href=\"\/es\/contacto\/\">Haga clic para contactar<\/a> con nuestros lesiones personales abogados hoy<\/p><h2><strong>\u00bfCu\u00e1nto obtendr\u00e9 por una lesi\u00f3n por mordedura de perro en Brookville si presento una demanda? <\/strong><\/h2>\n<p>El reclamo de cada persona es diferente, y la cantidad de sus da\u00f1os es altamente espec\u00edfica para su caso \u00fanico. Sin embargo, es posible obtener una estimaci\u00f3n del valor de su reclamaci\u00f3n. La mejor manera de obtener una estimaci\u00f3n precisa es consultar con un abogado de lesiones personales de Ohio, pero podemos repasar los conceptos b\u00e1sicos aqu\u00ed. Primero, tiene derecho a recuperar da\u00f1os econ\u00f3micos. Estos da\u00f1os incluyen facturas m\u00e9dicas, salarios perdidos y cualquier otro costo incurrido como resultado del da\u00f1o que sufri\u00f3. Tambi\u00e9n tiene derecho a una compensaci\u00f3n por el dolor y el sufrimiento. La cantidad de da\u00f1os por dolor y sufrimiento var\u00eda, pero generalmente se determina en funci\u00f3n de la cantidad de sus da\u00f1os econ\u00f3micos y la gravedad y permanencia de sus lesiones.<\/p>\n<p class=\"rs-content-cta rs-content-cta-small\">Complete una <a href=\"\/es\/contacto\/\">evaluaci\u00f3n gratuita de su caso<\/a> ahora<\/p><h2><strong>\u00bfNecesito un abogado para demandar por una mordedura de perro en Brookville?<\/strong><\/h2>\n<p>Puede ser dif\u00edcil saber c\u00f3mo proceder despu\u00e9s de una mordedura de perro. Es posible que le preocupe estar reaccionando de forma exagerada o, por otro lado, puede descubrir que tiene rabia o necesita cirug\u00eda. Consultar con un abogado lo antes posible despu\u00e9s del accidente le permite seguir adelante con una comprensi\u00f3n clara de sus opciones para que no tenga que preguntarse qu\u00e9 hacer o sentir que no tiene apoyo. Un abogado puede ser su defensor y luchar\u00e1 para obtener la compensaci\u00f3n que necesita para cubrir sus facturas m\u00e9dicas, compensarlo por su dolor y ayudarlo a continuar con su vida. Cuanto antes d\u00e9 este paso, antes podr\u00e1 obtener el apoyo financiero que necesita para sanar y seguir adelante. Tambi\u00e9n es mejor tomar medidas m\u00e1s temprano que tarde debido al l\u00edmite de tiempo para presentar reclamos por lesiones personales, incluidos los reclamos por mordeduras de perros, en Ohio.<\/p>\n<h2><strong>Hable con el bufete de abogados de Kruger &amp; Hodges <\/strong><\/h2>\n<p>Si usted o un ser querido han sufrido lesiones debido a una mordedura de perro en Ohio, los abogados con experiencia en mordeduras de perro y lesiones personales <a href=\"https:\/\/thehometownlawyers.com\/es\/abogados-de-lesiones-personales-en-eaton-ohio\/\">del bufete de abogados de Kruger &amp; Hodges<\/a> quieren saber de usted. Lucharemos para obtener la justicia y la compensaci\u00f3n a la que tiene derecho. P\u00f3ngase en contacto con el bufete de abogados de Kruger &amp; Hodges en nuestras <a href=\"https:\/\/thehometownlawyers.com\/es\/contacto\/\">oficinas legales de Eaton, OH<\/a> hoy para programar una consulta y averiguar c\u00f3mo podemos ayudar.<\/p>\n<p class=\"rs-content-cta rs-content-cta-small\">Llame o env\u00ede un mensaje de texto al <a href=\"tel:+15138943333\">513-894-3333<\/a> o complete una <a href=\"\/es\/contacto\/\">evaluaci\u00f3n gratuita de su caso<\/a><\/p>","protected":false},"excerpt":{"rendered":"<p>Los perros pueden ser maravillosos compa\u00f1eros y mascotas, pero tambi\u00e9n es importante recordar que son animales y que no siempre son predecibles. Las mordeduras de perros pueden causar lesiones graves, que van desde infecciones o da\u00f1os en los tendones hasta rabia y desfiguraci\u00f3n facial. Hay 4,5 millones de mordeduras de perro cada a\u00f1o, y m\u00e1s &#8230;<\/p>\n","protected":false},"author":7,"featured_media":24554,"parent":21141,"menu_order":0,"comment_status":"closed","ping_status":"closed","template":"","meta":{"_acf_changed":false,"inline_featured_image":false,"_genesis_hide_title":false,"_genesis_hide_breadcrumbs":false,"_genesis_hide_singular_image":false,"_genesis_hide_footer_widgets":false,"_genesis_custom_body_class":"","_genesis_custom_post_class":"","_genesis_layout":"","footnotes":""},"hc_faqs":[],"hc_spanish_faqs":[],"class_list":{"0":"post-21163","1":"page","2":"type-page","3":"status-publish","4":"has-post-thumbnail","6":"entry"},"acf":[],"yoast_head":"<!-- This site is optimized with the Yoast SEO plugin v27.3 - https:\/\/yoast.com\/product\/yoast-seo-wordpress\/ -->\n<title>Lesiones por mordedura de perro en Brookville, OH: Consulta gratuita<\/title>\n<meta name=\"description\" content=\"Las lesiones por mordedura de perro en Brookville, OH pueden variar desde hematomas hasta heridas graves que requieren atenci\u00f3n m\u00e9dica y resultan en desfiguraci\u00f3n.\" \/>\n<meta name=\"robots\" content=\"index, follow, max-snippet:-1, max-image-preview:large, max-video-preview:-1\" \/>\n<link rel=\"canonical\" href=\"https:\/\/thehometownlawyers.com\/es\/abogados-de-lesiones-personales-de-brookville-ohio\/lesiones-por-mordedura-de-perro-en-brookville-oh\/\" \/>\n<meta property=\"og:locale\" content=\"es_MX\" \/>\n<meta property=\"og:type\" content=\"article\" \/>\n<meta property=\"og:title\" content=\"Lesiones por mordedura de perro en Brookville, OH: Consulta gratuita\" \/>\n<meta property=\"og:description\" content=\"Las lesiones por mordedura de perro en Brookville, OH pueden variar desde hematomas hasta heridas graves que requieren atenci\u00f3n m\u00e9dica y resultan en desfiguraci\u00f3n.\" \/>\n<meta property=\"og:url\" content=\"https:\/\/thehometownlawyers.com\/es\/abogados-de-lesiones-personales-de-brookville-ohio\/lesiones-por-mordedura-de-perro-en-brookville-oh\/\" \/>\n<meta property=\"og:site_name\" content=\"Kruger &amp; Hodges Abogados De Lesiones\" \/>\n<meta property=\"article:publisher\" content=\"https:\/\/www.facebook.com\/KrugerHodges\/\" \/>\n<meta property=\"article:modified_time\" content=\"2025-01-31T18:11:38+00:00\" \/>\n<meta property=\"og:image\" content=\"https:\/\/thehometownlawyers.com\/wp-content\/uploads\/2021\/08\/angry-dog-attack.jpg\" \/>\n\t<meta property=\"og:image:width\" content=\"1920\" \/>\n\t<meta property=\"og:image:height\" content=\"1080\" \/>\n\t<meta property=\"og:image:type\" content=\"image\/jpeg\" \/>\n<meta name=\"twitter:card\" content=\"summary_large_image\" \/>\n<meta name=\"twitter:label1\" content=\"Tiempo de lectura\" \/>\n\t<meta name=\"twitter:data1\" content=\"5 minutos\" \/>\n<script type=\"application\/ld+json\" class=\"yoast-schema-graph\">{\"@context\":\"https:\\\/\\\/schema.org\",\"@graph\":[{\"@type\":\"WebPage\",\"@id\":\"https:\\\/\\\/thehometownlawyers.com\\\/es\\\/abogados-de-lesiones-personales-de-brookville-ohio\\\/lesiones-por-mordedura-de-perro-en-brookville-oh\\\/\",\"url\":\"https:\\\/\\\/thehometownlawyers.com\\\/es\\\/abogados-de-lesiones-personales-de-brookville-ohio\\\/lesiones-por-mordedura-de-perro-en-brookville-oh\\\/\",\"name\":\"Lesiones por mordedura de perro en Brookville, OH: Consulta gratuita\",\"isPartOf\":{\"@id\":\"https:\\\/\\\/thehometownlawyers.com\\\/es\\\/#website\"},\"primaryImageOfPage\":{\"@id\":\"https:\\\/\\\/thehometownlawyers.com\\\/es\\\/abogados-de-lesiones-personales-de-brookville-ohio\\\/lesiones-por-mordedura-de-perro-en-brookville-oh\\\/#primaryimage\"},\"image\":{\"@id\":\"https:\\\/\\\/thehometownlawyers.com\\\/es\\\/abogados-de-lesiones-personales-de-brookville-ohio\\\/lesiones-por-mordedura-de-perro-en-brookville-oh\\\/#primaryimage\"},\"thumbnailUrl\":\"https:\\\/\\\/thehometownlawyers.com\\\/wp-content\\\/uploads\\\/2025\\\/03\\\/brookville-dog-bite-lawyer.jpg\",\"datePublished\":\"2022-02-23T14:37:10+00:00\",\"dateModified\":\"2025-01-31T18:11:38+00:00\",\"description\":\"Las lesiones por mordedura de perro en Brookville, OH pueden variar desde hematomas hasta heridas graves que requieren atenci\u00f3n m\u00e9dica y resultan en desfiguraci\u00f3n.\",\"breadcrumb\":{\"@id\":\"https:\\\/\\\/thehometownlawyers.com\\\/es\\\/abogados-de-lesiones-personales-de-brookville-ohio\\\/lesiones-por-mordedura-de-perro-en-brookville-oh\\\/#breadcrumb\"},\"inLanguage\":\"es\",\"potentialAction\":[{\"@type\":\"ReadAction\",\"target\":[\"https:\\\/\\\/thehometownlawyers.com\\\/es\\\/abogados-de-lesiones-personales-de-brookville-ohio\\\/lesiones-por-mordedura-de-perro-en-brookville-oh\\\/\"]}]},{\"@type\":\"ImageObject\",\"inLanguage\":\"es\",\"@id\":\"https:\\\/\\\/thehometownlawyers.com\\\/es\\\/abogados-de-lesiones-personales-de-brookville-ohio\\\/lesiones-por-mordedura-de-perro-en-brookville-oh\\\/#primaryimage\",\"url\":\"https:\\\/\\\/thehometownlawyers.com\\\/wp-content\\\/uploads\\\/2025\\\/03\\\/brookville-dog-bite-lawyer.jpg\",\"contentUrl\":\"https:\\\/\\\/thehometownlawyers.com\\\/wp-content\\\/uploads\\\/2025\\\/03\\\/brookville-dog-bite-lawyer.jpg\",\"width\":768,\"height\":432,\"caption\":\"Large homeless dog with a sad expression, searching for food and shelter on the streets.\"},{\"@type\":\"BreadcrumbList\",\"@id\":\"https:\\\/\\\/thehometownlawyers.com\\\/es\\\/abogados-de-lesiones-personales-de-brookville-ohio\\\/lesiones-por-mordedura-de-perro-en-brookville-oh\\\/#breadcrumb\",\"itemListElement\":[{\"@type\":\"ListItem\",\"position\":1,\"name\":\"Home\",\"item\":\"https:\\\/\\\/thehometownlawyers.com\\\/es\\\/\"},{\"@type\":\"ListItem\",\"position\":2,\"name\":\"Abogado de Lesiones Personales en Brookville\",\"item\":\"https:\\\/\\\/thehometownlawyers.com\\\/es\\\/abogados-de-lesiones-personales-de-brookville-ohio\\\/\"},{\"@type\":\"ListItem\",\"position\":3,\"name\":\"Abogado de Mordedura de Perro en Brookville\"}]},{\"@type\":\"WebSite\",\"@id\":\"https:\\\/\\\/thehometownlawyers.com\\\/es\\\/#website\",\"url\":\"https:\\\/\\\/thehometownlawyers.com\\\/es\\\/\",\"name\":\"Kruger & Hodges Hometown Injury Lawyers | Accident Attorneys\",\"description\":\"Attorneys for Car, Truck and Motorcycle Accidents, Personal Injuries, and Criminal Defense.\",\"publisher\":{\"@id\":\"https:\\\/\\\/thehometownlawyers.com\\\/es\\\/#organization\"},\"alternateName\":\"Kruger & Hodges Personal Injury Lawyers\",\"inLanguage\":\"es\"},{\"@type\":\"Organization\",\"@id\":\"https:\\\/\\\/thehometownlawyers.com\\\/es\\\/#organization\",\"name\":\"Kruger & Hodges Hometown Injury Lawyers\",\"alternateName\":\"Kruger & Hodges\",\"url\":\"https:\\\/\\\/thehometownlawyers.com\\\/es\\\/\",\"logo\":{\"@type\":\"ImageObject\",\"inLanguage\":\"es\",\"@id\":\"https:\\\/\\\/thehometownlawyers.com\\\/es\\\/#\\\/schema\\\/logo\\\/image\\\/\",\"url\":\"https:\\\/\\\/thehometownlawyers.com\\\/wp-content\\\/uploads\\\/2025\\\/12\\\/revised-kh-logo-vertical-white-background-scaled.png\",\"contentUrl\":\"https:\\\/\\\/thehometownlawyers.com\\\/wp-content\\\/uploads\\\/2025\\\/12\\\/revised-kh-logo-vertical-white-background-scaled.png\",\"width\":2560,\"height\":1440,\"caption\":\"Kruger & Hodges Hometown Injury Lawyers\"},\"image\":{\"@id\":\"https:\\\/\\\/thehometownlawyers.com\\\/es\\\/#\\\/schema\\\/logo\\\/image\\\/\"},\"sameAs\":[\"https:\\\/\\\/www.facebook.com\\\/KrugerHodges\\\/\",\"https:\\\/\\\/www.instagram.com\\\/krugerhodges\\\/\",\"https:\\\/\\\/www.linkedin.com\\\/company\\\/kruger-hodges-hometown-injury-lawyers\\\/\",\"https:\\\/\\\/www.youtube.com\\\/channel\\\/UCeYcMaMaN2rb9jMlqt4EIdQ\",\"https:\\\/\\\/www.tiktok.com\\\/@thehometownlawyer\"]}]}<\/script>\n<!-- \/ Yoast SEO plugin. -->","yoast_head_json":{"title":"Lesiones por mordedura de perro en Brookville, OH: Consulta gratuita","description":"Las lesiones por mordedura de perro en Brookville, OH pueden variar desde hematomas hasta heridas graves que requieren atenci\u00f3n m\u00e9dica y resultan en desfiguraci\u00f3n.","robots":{"index":"index","follow":"follow","max-snippet":"max-snippet:-1","max-image-preview":"max-image-preview:large","max-video-preview":"max-video-preview:-1"},"canonical":"https:\/\/thehometownlawyers.com\/es\/abogados-de-lesiones-personales-de-brookville-ohio\/lesiones-por-mordedura-de-perro-en-brookville-oh\/","og_locale":"es_MX","og_type":"article","og_title":"Lesiones por mordedura de perro en Brookville, OH: Consulta gratuita","og_description":"Las lesiones por mordedura de perro en Brookville, OH pueden variar desde hematomas hasta heridas graves que requieren atenci\u00f3n m\u00e9dica y resultan en desfiguraci\u00f3n.","og_url":"https:\/\/thehometownlawyers.com\/es\/abogados-de-lesiones-personales-de-brookville-ohio\/lesiones-por-mordedura-de-perro-en-brookville-oh\/","og_site_name":"Kruger &amp; Hodges Abogados De Lesiones","article_publisher":"https:\/\/www.facebook.com\/KrugerHodges\/","article_modified_time":"2025-01-31T18:11:38+00:00","og_image":[{"width":1920,"height":1080,"url":"https:\/\/thehometownlawyers.com\/wp-content\/uploads\/2021\/08\/angry-dog-attack.jpg","type":"image\/jpeg"}],"twitter_card":"summary_large_image","twitter_misc":{"Tiempo de lectura":"5 minutos"},"schema":{"@context":"https:\/\/schema.org","@graph":[{"@type":"WebPage","@id":"https:\/\/thehometownlawyers.com\/es\/abogados-de-lesiones-personales-de-brookville-ohio\/lesiones-por-mordedura-de-perro-en-brookville-oh\/","url":"https:\/\/thehometownlawyers.com\/es\/abogados-de-lesiones-personales-de-brookville-ohio\/lesiones-por-mordedura-de-perro-en-brookville-oh\/","name":"Lesiones por mordedura de perro en Brookville, OH: Consulta gratuita","isPartOf":{"@id":"https:\/\/thehometownlawyers.com\/es\/#website"},"primaryImageOfPage":{"@id":"https:\/\/thehometownlawyers.com\/es\/abogados-de-lesiones-personales-de-brookville-ohio\/lesiones-por-mordedura-de-perro-en-brookville-oh\/#primaryimage"},"image":{"@id":"https:\/\/thehometownlawyers.com\/es\/abogados-de-lesiones-personales-de-brookville-ohio\/lesiones-por-mordedura-de-perro-en-brookville-oh\/#primaryimage"},"thumbnailUrl":"https:\/\/thehometownlawyers.com\/wp-content\/uploads\/2025\/03\/brookville-dog-bite-lawyer.jpg","datePublished":"2022-02-23T14:37:10+00:00","dateModified":"2025-01-31T18:11:38+00:00","description":"Las lesiones por mordedura de perro en Brookville, OH pueden variar desde hematomas hasta heridas graves que requieren atenci\u00f3n m\u00e9dica y resultan en desfiguraci\u00f3n.","breadcrumb":{"@id":"https:\/\/thehometownlawyers.com\/es\/abogados-de-lesiones-personales-de-brookville-ohio\/lesiones-por-mordedura-de-perro-en-brookville-oh\/#breadcrumb"},"inLanguage":"es","potentialAction":[{"@type":"ReadAction","target":["https:\/\/thehometownlawyers.com\/es\/abogados-de-lesiones-personales-de-brookville-ohio\/lesiones-por-mordedura-de-perro-en-brookville-oh\/"]}]},{"@type":"ImageObject","inLanguage":"es","@id":"https:\/\/thehometownlawyers.com\/es\/abogados-de-lesiones-personales-de-brookville-ohio\/lesiones-por-mordedura-de-perro-en-brookville-oh\/#primaryimage","url":"https:\/\/thehometownlawyers.com\/wp-content\/uploads\/2025\/03\/brookville-dog-bite-lawyer.jpg","contentUrl":"https:\/\/thehometownlawyers.com\/wp-content\/uploads\/2025\/03\/brookville-dog-bite-lawyer.jpg","width":768,"height":432,"caption":"Large homeless dog with a sad expression, searching for food and shelter on the streets."},{"@type":"BreadcrumbList","@id":"https:\/\/thehometownlawyers.com\/es\/abogados-de-lesiones-personales-de-brookville-ohio\/lesiones-por-mordedura-de-perro-en-brookville-oh\/#breadcrumb","itemListElement":[{"@type":"ListItem","position":1,"name":"Home","item":"https:\/\/thehometownlawyers.com\/es\/"},{"@type":"ListItem","position":2,"name":"Abogado de Lesiones Personales en Brookville","item":"https:\/\/thehometownlawyers.com\/es\/abogados-de-lesiones-personales-de-brookville-ohio\/"},{"@type":"ListItem","position":3,"name":"Abogado de Mordedura de Perro en Brookville"}]},{"@type":"WebSite","@id":"https:\/\/thehometownlawyers.com\/es\/#website","url":"https:\/\/thehometownlawyers.com\/es\/","name":"Kruger & Hodges Hometown Injury Lawyers | Accident Attorneys","description":"Attorneys for Car, Truck and Motorcycle Accidents, Personal Injuries, and Criminal Defense.","publisher":{"@id":"https:\/\/thehometownlawyers.com\/es\/#organization"},"alternateName":"Kruger & Hodges Personal Injury Lawyers","inLanguage":"es"},{"@type":"Organization","@id":"https:\/\/thehometownlawyers.com\/es\/#organization","name":"Kruger & Hodges Hometown Injury Lawyers","alternateName":"Kruger & Hodges","url":"https:\/\/thehometownlawyers.com\/es\/","logo":{"@type":"ImageObject","inLanguage":"es","@id":"https:\/\/thehometownlawyers.com\/es\/#\/schema\/logo\/image\/","url":"https:\/\/thehometownlawyers.com\/wp-content\/uploads\/2025\/12\/revised-kh-logo-vertical-white-background-scaled.png","contentUrl":"https:\/\/thehometownlawyers.com\/wp-content\/uploads\/2025\/12\/revised-kh-logo-vertical-white-background-scaled.png","width":2560,"height":1440,"caption":"Kruger & Hodges Hometown Injury Lawyers"},"image":{"@id":"https:\/\/thehometownlawyers.com\/es\/#\/schema\/logo\/image\/"},"sameAs":["https:\/\/www.facebook.com\/KrugerHodges\/","https:\/\/www.instagram.com\/krugerhodges\/","https:\/\/www.linkedin.com\/company\/kruger-hodges-hometown-injury-lawyers\/","https:\/\/www.youtube.com\/channel\/UCeYcMaMaN2rb9jMlqt4EIdQ","https:\/\/www.tiktok.com\/@thehometownlawyer"]}]}},"_links":{"self":[{"href":"https:\/\/thehometownlawyers.com\/es\/wp-json\/wp\/v2\/pages\/21163","targetHints":{"allow":["GET"]}}],"collection":[{"href":"https:\/\/thehometownlawyers.com\/es\/wp-json\/wp\/v2\/pages"}],"about":[{"href":"https:\/\/thehometownlawyers.com\/es\/wp-json\/wp\/v2\/types\/page"}],"author":[{"embeddable":true,"href":"https:\/\/thehometownlawyers.com\/es\/wp-json\/wp\/v2\/users\/7"}],"replies":[{"embeddable":true,"href":"https:\/\/thehometownlawyers.com\/es\/wp-json\/wp\/v2\/comments?post=21163"}],"version-history":[{"count":0,"href":"https:\/\/thehometownlawyers.com\/es\/wp-json\/wp\/v2\/pages\/21163\/revisions"}],"up":[{"embeddable":true,"href":"https:\/\/thehometownlawyers.com\/es\/wp-json\/wp\/v2\/pages\/21141"}],"wp:featuredmedia":[{"embeddable":true,"href":"https:\/\/thehometownlawyers.com\/es\/wp-json\/wp\/v2\/media\/24554"}],"wp:attachment":[{"href":"https:\/\/thehometownlawyers.com\/es\/wp-json\/wp\/v2\/media?parent=21163"}],"wp:term":[{"taxonomy":"hc_faqs","embeddable":true,"href":"https:\/\/thehometownlawyers.com\/es\/wp-json\/wp\/v2\/hc_faqs?post=21163"},{"taxonomy":"hc_spanish_faqs","embeddable":true,"href":"https:\/\/thehometownlawyers.com\/es\/wp-json\/wp\/v2\/hc_spanish_faqs?post=21163"}],"curies":[{"name":"wp","href":"https:\/\/api.w.org\/{rel}","templated":true}]}}