{"id":21164,"date":"2022-01-03T19:24:29","date_gmt":"2022-01-04T00:24:29","guid":{"rendered":"https:\/\/thehometownlawyers.com\/?page_id=21164"},"modified":"2025-02-03T09:55:22","modified_gmt":"2025-02-03T14:55:22","slug":"lesiones-personales-en-west-elkton-ohio","status":"publish","type":"page","link":"https:\/\/thehometownlawyers.com\/es\/lesiones-personales-en-west-elkton-ohio\/","title":{"rendered":"Abogado de Lesiones Personales en West Elkton"},"content":{"rendered":"<h2>Lesiones personales en West Elkton<\/h2>\n<p>Los accidentes de tr\u00e1fico pueden ocurrir r\u00e1pidamente. Est\u00e1s conduciendo por West Elkton cuando, de repente, otro veh\u00edculo te atropella y toda tu vida cambia en un instante. Cuando se lesiona gravemente en un accidente, es probable que se encuentre bajo un estr\u00e9s tremendo. Debe concentrarse en su recuperaci\u00f3n, pero tambi\u00e9n debe lidiar con los aspectos legales del accidente. Si se lesiona en un accidente causado por la negligencia de alguien, es posible que tenga derecho a una compensaci\u00f3n por sus lesiones y otros da\u00f1os. Es \u00fatil hablar con un abogado con experiencia en lesiones personales en West Elkton para analizar los pasos que debe seguir.<\/p>\n<h3>Accidentes automovil\u00edsticos en West Elkton<\/h3>\n<p>Los accidentes automovil\u00edsticos pueden ocurrir entre dos o m\u00e1s veh\u00edculos en cualquier carretera y en cualquier condici\u00f3n de tr\u00e1fico. Muchos accidentes automovil\u00edsticos en West Elkton son menores, pero algunos son extremadamente graves. Cuando ocurre un accidente, puede dejarle lesiones graves que requieren atenci\u00f3n m\u00e9dica. El conductor negligente es responsable de pagar sus costos m\u00e9dicos y otros da\u00f1os en los que incurri\u00f3 como resultado del accidente.<\/p>\n<h3>Accidentes de motocicleta en West Elkton<\/h3>\n<p>Cuando una motocicleta se ve involucrada en un accidente con otro veh\u00edculo, el motociclista a menudo sufre lesiones graves y potencialmente mortales. Un motociclista golpea el pavimento en un accidente, a menudo a gran velocidad. El ciclista puede sufrir una <a href=\"https:\/\/www.mayoclinic.org\/diseases-conditions\/traumatic-brain-injury\/diagnosis-treatment\/drc-20378561\" target=\"_blank\" rel=\"noopener\">lesi\u00f3n cerebral traum\u00e1tica<\/a> , TBI, de la que la recuperaci\u00f3n es incierta. Los accidentes de motocicleta en West Elkton pueden ser devastadores para las v\u00edctimas y sus familias.<\/p>\n<h3>Accidentes de camiones en West Elkton<\/h3>\n<p>Los camiones comerciales grandes tambi\u00e9n se denominan camiones grandes y camiones con remolque. Estos semirremolques pueden pesar hasta 80 000 libras, lo que los hace peligrosos para otros conductores en la carretera. Cuando un cami\u00f3n acelera o pierde el control, puede chocar contra otros veh\u00edculos y causar lesiones graves que ponen en peligro la vida. Los accidentes de camiones en West Elkton pueden dejarlo discapacitado y cambiar su vida para siempre.<\/p>\n<p class=\"rs-content-cta rs-content-cta-small\">Para una consulta legal gratuita, llame al <a href=\"tel:+15138943333\">513-894-3333 <\/a><\/p><h2>Da\u00f1os y Lesiones<\/h2>\n<p>Como v\u00edctima de un accidente de veh\u00edculo, puede sufrir lesiones y otros da\u00f1os. &#8216;Da\u00f1os&#8217; es un t\u00e9rmino que generalmente cubre todos los costos en los que incurri\u00f3 debido al accidente. Los da\u00f1os pueden ser materiales o inmateriales. Algunos tipos comunes de da\u00f1os incluyen:<\/p>\n<ul>\n<li>Gastos m\u00e9dicos<\/li>\n<li>Costos de rehabilitaci\u00f3n<\/li>\n<li>Salarios perdidos<\/li>\n<li>Dolor y sufrimiento<\/li>\n<li>P\u00e9rdida de consorcio<\/li>\n<li>Atenci\u00f3n al trauma emocional<\/li>\n<\/ul>\n<p>Las facturas m\u00e9dicas y el tratamiento continuo pueden ser costosos. Los gastos m\u00e9dicos pueden ser astron\u00f3micos y pueden incluir gastos de ambulancia, costos de la sala de emergencias, pruebas y radiograf\u00edas, costos quir\u00fargicos, hospitalizaci\u00f3n, medicamentos, facturas m\u00e9dicas futuras y costos de rehabilitaci\u00f3n. Si las lesiones fueron graves, podr\u00edan resultar en una discapacidad que requiere tratamiento y atenci\u00f3n continuos.<\/p>\n<p>La parte negligente debe pagar los da\u00f1os que tenga como resultado del accidente.<\/p>\n<p class=\"rs-content-cta\">Abogado de Lesiones Personales de West Elkton Cerca de M\u00ed <a href=\"tel:+15138943333\">513-894-3333<\/a><\/p><h2>Negligencia en reclamos por lesiones personales en West Elkton<\/h2>\n<p>Para buscar da\u00f1os en su reclamo por lesiones personales, debe poder demostrar que el otro conductor fue negligente. <a href=\"https:\/\/insurance.ohio.gov\/wps\/portal\/gov\/odi\/consumers\/automobile\/comparative-negligence#:~:text=In%201980%2C%20Ohio%20became%20the,injury%20or%20damage%20to%20another.\" target=\"_blank\" rel=\"noopener\">La negligencia<\/a> se define en la ley de Ohio como &#8220;la falta de ejercer el grado de cuidado requerido de una persona razonable y prudente en cualquier circunstancia dada que resulte en lesiones o da\u00f1os a otra persona&#8221;. En Ohio, la ley permite la negligencia comparativa. A cada conductor se le atribuye una parte de la negligencia. Puede solicitar una compensaci\u00f3n por sus da\u00f1os siempre que su parte de negligencia no exceda el 50%. Si tiene alguna negligencia de su parte, su propia compensaci\u00f3n se reducir\u00e1 en una cantidad proporcional.<\/p>\n<p class=\"rs-content-cta rs-content-cta-small\"><a href=\"\/es\/contacto\/\">Haga clic para contactar<\/a> con nuestros lesiones personales abogados hoy<\/p><h2>L\u00edmite de tiempo para presentar un reclamo en Ohio<\/h2>\n<p>La <a href=\"https:\/\/codes.ohio.gov\/ohio-revised-code\/section-2305.10\" target=\"_blank\" rel=\"noopener\">ley de Ohio<\/a> limita el tiempo para presentar un reclamo por lesiones personales. El estatuto de limitaciones para reclamos por lesiones corporales o propiedad personal es generalmente de dos a\u00f1os a partir de la fecha del evento. Por lo tanto, le conviene hablar con un abogado de lesiones personales de West Elkton lo antes posible. Su abogado necesita tiempo para reunir pruebas, hablar con los testigos y negociar con la compa\u00f1\u00eda de seguros. Cuanto antes consulte con un abogado, es m\u00e1s probable que obtenga un mejor resultado. En muchos casos, su abogado podr\u00e1 llegar a un acuerdo favorable. Si no se puede llegar a un acuerdo adecuado, es posible que el asunto deba ir a los tribunales.<\/p>\n<p class=\"rs-content-cta rs-content-cta-small\">Complete una <a href=\"\/es\/contacto\/\">evaluaci\u00f3n gratuita de su caso<\/a> ahora<\/p><h2>C\u00f3mo ayudar\u00e1 un abogado de lesiones personales en West Elkton<\/h2>\n<p>Desde el momento en que te lastimas en un accidente, todo tu mundo se pone patas arriba. Es probable que se enfrente a una recuperaci\u00f3n dolorosa y prolongada y, al mismo tiempo, no pueda trabajar ni mantener a su familia. Est\u00e1s bajo una enorme cantidad de estr\u00e9s mientras deber\u00edas concentrarte en tu salud. Un abogado de lesiones personales aliviar\u00e1 su estr\u00e9s para que no tenga que preocuparse por nada m\u00e1s que mejorar. Su abogado se har\u00e1 cargo de los asuntos legales de su reclamo y trabajar\u00e1 en su nombre para ayudarlo a <a href=\"https:\/\/thehometownlawyers.com\/es\/\">obtener la compensaci\u00f3n que merece<\/a> por sus lesiones.<\/p>\n<p>Si usted o un ser querido resultaron heridos en un accidente, ll\u00e1menos. Comun\u00edquese con nuestros abogados de <a href=\"https:\/\/thehometownlawyers.com\/es\/contacto\/\">Kruger &amp; Hodges<\/a> al (937) 733-6079 para una consulta gratuita para hablar sobre su caso.<\/p>\n<p class=\"rs-content-cta rs-content-cta-small\">Llame o env\u00ede un mensaje de texto al <a href=\"tel:+15138943333\">513-894-3333<\/a> o complete una <a href=\"\/es\/contacto\/\">evaluaci\u00f3n gratuita de su caso<\/a><\/p>","protected":false},"excerpt":{"rendered":"<p>Lesiones personales en West Elkton Los accidentes de tr\u00e1fico pueden ocurrir r\u00e1pidamente. Est\u00e1s conduciendo por West Elkton cuando, de repente, otro veh\u00edculo te atropella y toda tu vida cambia en un instante. Cuando se lesiona gravemente en un accidente, es probable que se encuentre bajo un estr\u00e9s tremendo. Debe concentrarse en su recuperaci\u00f3n, pero tambi\u00e9n &#8230;<\/p>\n","protected":false},"author":7,"featured_media":20719,"parent":0,"menu_order":0,"comment_status":"closed","ping_status":"closed","template":"","meta":{"_acf_changed":false,"inline_featured_image":false,"_genesis_hide_title":false,"_genesis_hide_breadcrumbs":false,"_genesis_hide_singular_image":false,"_genesis_hide_footer_widgets":false,"_genesis_custom_body_class":"","_genesis_custom_post_class":"","_genesis_layout":"","footnotes":""},"hc_faqs":[],"hc_spanish_faqs":[],"class_list":{"0":"post-21164","1":"page","2":"type-page","3":"status-publish","4":"has-post-thumbnail","6":"hc_city_location-west-elkton-es","7":"entry"},"acf":[],"yoast_head":"<!-- This site is optimized with the Yoast SEO plugin v27.3 - https:\/\/yoast.com\/product\/yoast-seo-wordpress\/ -->\n<title>Lesiones Personales en West Elkton | Abogados de Kruger &amp; Hodges<\/title>\n<meta name=\"description\" content=\"Un abogado de lesiones personales en West Elkton lo ayudar\u00e1 despu\u00e9s de un accidente, brind\u00e1ndole el tiempo que necesita para concentrarse en su recuperaci\u00f3n. Ll\u00e1menos hoy.\" \/>\n<meta name=\"robots\" content=\"index, follow, max-snippet:-1, max-image-preview:large, max-video-preview:-1\" \/>\n<link rel=\"canonical\" href=\"https:\/\/thehometownlawyers.com\/es\/lesiones-personales-en-west-elkton-ohio\/\" \/>\n<meta property=\"og:locale\" content=\"es_MX\" \/>\n<meta property=\"og:type\" content=\"article\" \/>\n<meta property=\"og:title\" content=\"Lesiones Personales en West Elkton | Abogados de Kruger &amp; Hodges\" \/>\n<meta property=\"og:description\" content=\"Un abogado de lesiones personales en West Elkton lo ayudar\u00e1 despu\u00e9s de un accidente, brind\u00e1ndole el tiempo que necesita para concentrarse en su recuperaci\u00f3n. Ll\u00e1menos hoy.\" \/>\n<meta property=\"og:url\" content=\"https:\/\/thehometownlawyers.com\/es\/lesiones-personales-en-west-elkton-ohio\/\" \/>\n<meta property=\"og:site_name\" content=\"Kruger &amp; Hodges Abogados De Lesiones\" \/>\n<meta property=\"article:publisher\" content=\"https:\/\/www.facebook.com\/KrugerHodges\/\" \/>\n<meta property=\"article:modified_time\" content=\"2025-02-03T14:55:22+00:00\" \/>\n<meta property=\"og:image\" content=\"https:\/\/thehometownlawyers.com\/wp-content\/uploads\/2019\/03\/Car-Accident-Lawyer-scaled-1.jpg\" \/>\n\t<meta property=\"og:image:width\" content=\"2048\" \/>\n\t<meta property=\"og:image:height\" content=\"1366\" \/>\n\t<meta property=\"og:image:type\" content=\"image\/jpeg\" \/>\n<meta name=\"twitter:card\" content=\"summary_large_image\" \/>\n<meta name=\"twitter:label1\" content=\"Tiempo de lectura\" \/>\n\t<meta name=\"twitter:data1\" content=\"4 minutos\" \/>\n<script type=\"application\/ld+json\" class=\"yoast-schema-graph\">{\"@context\":\"https:\\\/\\\/schema.org\",\"@graph\":[{\"@type\":\"WebPage\",\"@id\":\"https:\\\/\\\/thehometownlawyers.com\\\/es\\\/lesiones-personales-en-west-elkton-ohio\\\/\",\"url\":\"https:\\\/\\\/thehometownlawyers.com\\\/es\\\/lesiones-personales-en-west-elkton-ohio\\\/\",\"name\":\"Lesiones Personales en West Elkton | Abogados de Kruger & Hodges\",\"isPartOf\":{\"@id\":\"https:\\\/\\\/thehometownlawyers.com\\\/es\\\/#website\"},\"primaryImageOfPage\":{\"@id\":\"https:\\\/\\\/thehometownlawyers.com\\\/es\\\/lesiones-personales-en-west-elkton-ohio\\\/#primaryimage\"},\"image\":{\"@id\":\"https:\\\/\\\/thehometownlawyers.com\\\/es\\\/lesiones-personales-en-west-elkton-ohio\\\/#primaryimage\"},\"thumbnailUrl\":\"https:\\\/\\\/thehometownlawyers.com\\\/wp-content\\\/uploads\\\/2019\\\/03\\\/Car-Accident-Lawyer-scaled-1.jpg\",\"datePublished\":\"2022-01-04T00:24:29+00:00\",\"dateModified\":\"2025-02-03T14:55:22+00:00\",\"description\":\"Un abogado de lesiones personales en West Elkton lo ayudar\u00e1 despu\u00e9s de un accidente, brind\u00e1ndole el tiempo que necesita para concentrarse en su recuperaci\u00f3n. Ll\u00e1menos hoy.\",\"breadcrumb\":{\"@id\":\"https:\\\/\\\/thehometownlawyers.com\\\/es\\\/lesiones-personales-en-west-elkton-ohio\\\/#breadcrumb\"},\"inLanguage\":\"es\",\"potentialAction\":[{\"@type\":\"ReadAction\",\"target\":[\"https:\\\/\\\/thehometownlawyers.com\\\/es\\\/lesiones-personales-en-west-elkton-ohio\\\/\"]}]},{\"@type\":\"ImageObject\",\"inLanguage\":\"es\",\"@id\":\"https:\\\/\\\/thehometownlawyers.com\\\/es\\\/lesiones-personales-en-west-elkton-ohio\\\/#primaryimage\",\"url\":\"https:\\\/\\\/thehometownlawyers.com\\\/wp-content\\\/uploads\\\/2019\\\/03\\\/Car-Accident-Lawyer-scaled-1.jpg\",\"contentUrl\":\"https:\\\/\\\/thehometownlawyers.com\\\/wp-content\\\/uploads\\\/2019\\\/03\\\/Car-Accident-Lawyer-scaled-1.jpg\",\"width\":2048,\"height\":1366,\"caption\":\"Lesiones personales West Elkton\"},{\"@type\":\"BreadcrumbList\",\"@id\":\"https:\\\/\\\/thehometownlawyers.com\\\/es\\\/lesiones-personales-en-west-elkton-ohio\\\/#breadcrumb\",\"itemListElement\":[{\"@type\":\"ListItem\",\"position\":1,\"name\":\"Home\",\"item\":\"https:\\\/\\\/thehometownlawyers.com\\\/es\\\/\"},{\"@type\":\"ListItem\",\"position\":2,\"name\":\"Abogado de Lesiones Personales en West Elkton\"}]},{\"@type\":\"WebSite\",\"@id\":\"https:\\\/\\\/thehometownlawyers.com\\\/es\\\/#website\",\"url\":\"https:\\\/\\\/thehometownlawyers.com\\\/es\\\/\",\"name\":\"Kruger & Hodges Hometown Injury Lawyers | Accident Attorneys\",\"description\":\"Attorneys for Car, Truck and Motorcycle Accidents, Personal Injuries, and Criminal Defense.\",\"publisher\":{\"@id\":\"https:\\\/\\\/thehometownlawyers.com\\\/es\\\/#organization\"},\"alternateName\":\"Kruger & Hodges Personal Injury Lawyers\",\"inLanguage\":\"es\"},{\"@type\":\"Organization\",\"@id\":\"https:\\\/\\\/thehometownlawyers.com\\\/es\\\/#organization\",\"name\":\"Kruger & Hodges Hometown Injury Lawyers\",\"alternateName\":\"Kruger & Hodges\",\"url\":\"https:\\\/\\\/thehometownlawyers.com\\\/es\\\/\",\"logo\":{\"@type\":\"ImageObject\",\"inLanguage\":\"es\",\"@id\":\"https:\\\/\\\/thehometownlawyers.com\\\/es\\\/#\\\/schema\\\/logo\\\/image\\\/\",\"url\":\"https:\\\/\\\/thehometownlawyers.com\\\/wp-content\\\/uploads\\\/2025\\\/12\\\/revised-kh-logo-vertical-white-background-scaled.png\",\"contentUrl\":\"https:\\\/\\\/thehometownlawyers.com\\\/wp-content\\\/uploads\\\/2025\\\/12\\\/revised-kh-logo-vertical-white-background-scaled.png\",\"width\":2560,\"height\":1440,\"caption\":\"Kruger & Hodges Hometown Injury Lawyers\"},\"image\":{\"@id\":\"https:\\\/\\\/thehometownlawyers.com\\\/es\\\/#\\\/schema\\\/logo\\\/image\\\/\"},\"sameAs\":[\"https:\\\/\\\/www.facebook.com\\\/KrugerHodges\\\/\",\"https:\\\/\\\/www.instagram.com\\\/krugerhodges\\\/\",\"https:\\\/\\\/www.linkedin.com\\\/company\\\/kruger-hodges-hometown-injury-lawyers\\\/\",\"https:\\\/\\\/www.youtube.com\\\/channel\\\/UCeYcMaMaN2rb9jMlqt4EIdQ\",\"https:\\\/\\\/www.tiktok.com\\\/@thehometownlawyer\"]}]}<\/script>\n<!-- \/ Yoast SEO plugin. -->","yoast_head_json":{"title":"Lesiones Personales en West Elkton | Abogados de Kruger & Hodges","description":"Un abogado de lesiones personales en West Elkton lo ayudar\u00e1 despu\u00e9s de un accidente, brind\u00e1ndole el tiempo que necesita para concentrarse en su recuperaci\u00f3n. Ll\u00e1menos hoy.","robots":{"index":"index","follow":"follow","max-snippet":"max-snippet:-1","max-image-preview":"max-image-preview:large","max-video-preview":"max-video-preview:-1"},"canonical":"https:\/\/thehometownlawyers.com\/es\/lesiones-personales-en-west-elkton-ohio\/","og_locale":"es_MX","og_type":"article","og_title":"Lesiones Personales en West Elkton | Abogados de Kruger & Hodges","og_description":"Un abogado de lesiones personales en West Elkton lo ayudar\u00e1 despu\u00e9s de un accidente, brind\u00e1ndole el tiempo que necesita para concentrarse en su recuperaci\u00f3n. Ll\u00e1menos hoy.","og_url":"https:\/\/thehometownlawyers.com\/es\/lesiones-personales-en-west-elkton-ohio\/","og_site_name":"Kruger &amp; Hodges Abogados De Lesiones","article_publisher":"https:\/\/www.facebook.com\/KrugerHodges\/","article_modified_time":"2025-02-03T14:55:22+00:00","og_image":[{"width":2048,"height":1366,"url":"https:\/\/thehometownlawyers.com\/wp-content\/uploads\/2019\/03\/Car-Accident-Lawyer-scaled-1.jpg","type":"image\/jpeg"}],"twitter_card":"summary_large_image","twitter_misc":{"Tiempo de lectura":"4 minutos"},"schema":{"@context":"https:\/\/schema.org","@graph":[{"@type":"WebPage","@id":"https:\/\/thehometownlawyers.com\/es\/lesiones-personales-en-west-elkton-ohio\/","url":"https:\/\/thehometownlawyers.com\/es\/lesiones-personales-en-west-elkton-ohio\/","name":"Lesiones Personales en West Elkton | Abogados de Kruger & Hodges","isPartOf":{"@id":"https:\/\/thehometownlawyers.com\/es\/#website"},"primaryImageOfPage":{"@id":"https:\/\/thehometownlawyers.com\/es\/lesiones-personales-en-west-elkton-ohio\/#primaryimage"},"image":{"@id":"https:\/\/thehometownlawyers.com\/es\/lesiones-personales-en-west-elkton-ohio\/#primaryimage"},"thumbnailUrl":"https:\/\/thehometownlawyers.com\/wp-content\/uploads\/2019\/03\/Car-Accident-Lawyer-scaled-1.jpg","datePublished":"2022-01-04T00:24:29+00:00","dateModified":"2025-02-03T14:55:22+00:00","description":"Un abogado de lesiones personales en West Elkton lo ayudar\u00e1 despu\u00e9s de un accidente, brind\u00e1ndole el tiempo que necesita para concentrarse en su recuperaci\u00f3n. Ll\u00e1menos hoy.","breadcrumb":{"@id":"https:\/\/thehometownlawyers.com\/es\/lesiones-personales-en-west-elkton-ohio\/#breadcrumb"},"inLanguage":"es","potentialAction":[{"@type":"ReadAction","target":["https:\/\/thehometownlawyers.com\/es\/lesiones-personales-en-west-elkton-ohio\/"]}]},{"@type":"ImageObject","inLanguage":"es","@id":"https:\/\/thehometownlawyers.com\/es\/lesiones-personales-en-west-elkton-ohio\/#primaryimage","url":"https:\/\/thehometownlawyers.com\/wp-content\/uploads\/2019\/03\/Car-Accident-Lawyer-scaled-1.jpg","contentUrl":"https:\/\/thehometownlawyers.com\/wp-content\/uploads\/2019\/03\/Car-Accident-Lawyer-scaled-1.jpg","width":2048,"height":1366,"caption":"Lesiones personales West Elkton"},{"@type":"BreadcrumbList","@id":"https:\/\/thehometownlawyers.com\/es\/lesiones-personales-en-west-elkton-ohio\/#breadcrumb","itemListElement":[{"@type":"ListItem","position":1,"name":"Home","item":"https:\/\/thehometownlawyers.com\/es\/"},{"@type":"ListItem","position":2,"name":"Abogado de Lesiones Personales en West Elkton"}]},{"@type":"WebSite","@id":"https:\/\/thehometownlawyers.com\/es\/#website","url":"https:\/\/thehometownlawyers.com\/es\/","name":"Kruger & Hodges Hometown Injury Lawyers | Accident Attorneys","description":"Attorneys for Car, Truck and Motorcycle Accidents, Personal Injuries, and Criminal Defense.","publisher":{"@id":"https:\/\/thehometownlawyers.com\/es\/#organization"},"alternateName":"Kruger & Hodges Personal Injury Lawyers","inLanguage":"es"},{"@type":"Organization","@id":"https:\/\/thehometownlawyers.com\/es\/#organization","name":"Kruger & Hodges Hometown Injury Lawyers","alternateName":"Kruger & Hodges","url":"https:\/\/thehometownlawyers.com\/es\/","logo":{"@type":"ImageObject","inLanguage":"es","@id":"https:\/\/thehometownlawyers.com\/es\/#\/schema\/logo\/image\/","url":"https:\/\/thehometownlawyers.com\/wp-content\/uploads\/2025\/12\/revised-kh-logo-vertical-white-background-scaled.png","contentUrl":"https:\/\/thehometownlawyers.com\/wp-content\/uploads\/2025\/12\/revised-kh-logo-vertical-white-background-scaled.png","width":2560,"height":1440,"caption":"Kruger & Hodges Hometown Injury Lawyers"},"image":{"@id":"https:\/\/thehometownlawyers.com\/es\/#\/schema\/logo\/image\/"},"sameAs":["https:\/\/www.facebook.com\/KrugerHodges\/","https:\/\/www.instagram.com\/krugerhodges\/","https:\/\/www.linkedin.com\/company\/kruger-hodges-hometown-injury-lawyers\/","https:\/\/www.youtube.com\/channel\/UCeYcMaMaN2rb9jMlqt4EIdQ","https:\/\/www.tiktok.com\/@thehometownlawyer"]}]}},"_links":{"self":[{"href":"https:\/\/thehometownlawyers.com\/es\/wp-json\/wp\/v2\/pages\/21164","targetHints":{"allow":["GET"]}}],"collection":[{"href":"https:\/\/thehometownlawyers.com\/es\/wp-json\/wp\/v2\/pages"}],"about":[{"href":"https:\/\/thehometownlawyers.com\/es\/wp-json\/wp\/v2\/types\/page"}],"author":[{"embeddable":true,"href":"https:\/\/thehometownlawyers.com\/es\/wp-json\/wp\/v2\/users\/7"}],"replies":[{"embeddable":true,"href":"https:\/\/thehometownlawyers.com\/es\/wp-json\/wp\/v2\/comments?post=21164"}],"version-history":[{"count":0,"href":"https:\/\/thehometownlawyers.com\/es\/wp-json\/wp\/v2\/pages\/21164\/revisions"}],"wp:featuredmedia":[{"embeddable":true,"href":"https:\/\/thehometownlawyers.com\/es\/wp-json\/wp\/v2\/media\/20719"}],"wp:attachment":[{"href":"https:\/\/thehometownlawyers.com\/es\/wp-json\/wp\/v2\/media?parent=21164"}],"wp:term":[{"taxonomy":"hc_faqs","embeddable":true,"href":"https:\/\/thehometownlawyers.com\/es\/wp-json\/wp\/v2\/hc_faqs?post=21164"},{"taxonomy":"hc_spanish_faqs","embeddable":true,"href":"https:\/\/thehometownlawyers.com\/es\/wp-json\/wp\/v2\/hc_spanish_faqs?post=21164"}],"curies":[{"name":"wp","href":"https:\/\/api.w.org\/{rel}","templated":true}]}}