{"id":21165,"date":"2022-01-03T18:43:33","date_gmt":"2022-01-03T23:43:33","guid":{"rendered":"https:\/\/thehometownlawyers.com\/?page_id=21165"},"modified":"2025-02-06T09:50:47","modified_gmt":"2025-02-06T14:50:47","slug":"accidentes-automovilisticos-en-west-elkton-ohio","status":"publish","type":"page","link":"https:\/\/thehometownlawyers.com\/es\/lesiones-personales-en-west-elkton-ohio\/accidentes-automovilisticos-en-west-elkton-ohio\/","title":{"rendered":"Abogado de Accidente Automovil\u00edstico en West Elkton"},"content":{"rendered":"<h2>Accidentes automovil\u00edsticos en West Elkton, Ohio<\/h2>\n<p>Un accidente automovil\u00edstico puede ocurrir en un segundo y puede tener un impacto negativo duradero en su vida. West Elkton es un peque\u00f1o pueblo ubicado en el condado de Preble, en el extremo oeste de Ohio. Es parte del \u00c1rea Estad\u00edstica Metropolitana de Dayton. Si bien West Elkton es peque\u00f1o en tama\u00f1o, los accidentes pueden ocurrir y todav\u00eda ocurren aqu\u00ed. Cuando ocurre un accidente, puede causar lesiones graves que resultan no solo en un trauma f\u00edsico, sino tambi\u00e9n en estr\u00e9s emocional y financiero. Es posible que a las v\u00edctimas de accidentes automovil\u00edsticos en West Elkton, Ohio, se les deba una compensaci\u00f3n por sus lesiones y da\u00f1os. Un abogado experto en accidentes automovil\u00edsticos en West Elkton puede manejar los asuntos legales y ayudarlo a obtener el dinero que se merece.<\/p>\n<p class=\"rs-content-cta rs-content-cta-small\">Para una consulta legal gratuita, llame al <a href=\"tel:+15138943333\">513-894-3333 <\/a><\/p><h2>\u00bfQu\u00e9 causa los accidentes automovil\u00edsticos?<\/h2>\n<p>Los accidentes automovil\u00edsticos en West Elkton y en otros lugares pueden ser causados por una variedad de factores. Conducir distra\u00eddo, exceso de velocidad, no obedecer las se\u00f1ales de tr\u00e1fico, conducir en estado de ebriedad y no ceder el paso son solo algunas de las muchas causas de accidentes. Aunque los veh\u00edculos se est\u00e1n volviendo m\u00e1s seguros, los accidentes contin\u00faan ocurriendo aproximadamente al mismo ritmo. La conducci\u00f3n distra\u00edda puede ser la causa de muchos accidentes. <a href=\"https:\/\/codes.ohio.gov\/ohio-revised-code\/section-4511.204\" target=\"_blank\" rel=\"noopener\">La ley de Ohio<\/a> proh\u00edbe enviar mensajes de texto mientras se conduce, ya que puede distraer. La conducci\u00f3n distra\u00edda puede ser cualquier actividad que quite las manos del volante, los ojos de la carretera o se concentre en la conducci\u00f3n. Despu\u00e9s de un accidente, se debe determinar la causa del accidente para que la parte negligente pueda ser responsable de los da\u00f1os.<\/p>\n<p class=\"rs-content-cta\">Abogado de Lesiones Personales de West Elkton Cerca de M\u00ed <a href=\"tel:+15138943333\">513-894-3333<\/a><\/p><h2>Tipos de accidentes automovil\u00edsticos<\/h2>\n<p>Los choques pueden ocurrir en una variedad de formas. Algunos de los tipos comunes de accidentes son:<\/p>\n<ul>\n<li>Colisiones traseras<\/li>\n<li>Accidentes de impacto lateral<\/li>\n<li>Choques de hueso en T<\/li>\n<li>colisiones frontales<\/li>\n<\/ul>\n<p>Las colisiones traseras son probablemente el tipo de accidente m\u00e1s com\u00fan y ocurren cuando un conductor golpea a otro autom\u00f3vil por detr\u00e1s. Estos tipos de choques ocurren con frecuencia en los sem\u00e1foros y se\u00f1ales de alto y en \u00e1reas donde el tr\u00e1fico se ha reducido. Un conductor desprevenido puede no ver que el tr\u00e1fico de adelante est\u00e1 detenido y chocar contra otro veh\u00edculo. Los choques de impacto lateral tambi\u00e9n se denominan golpes laterales y pueden ocurrir cuando un veh\u00edculo cambia de carril o se incorpora de manera incorrecta. Los choques de T-bone ocurren con mayor frecuencia en las intersecciones donde un conductor golpea a otro veh\u00edculo en el costado. Los accidentes frontales pueden ser los m\u00e1s graves y ocurren cuando un conductor ingresa al carril que se aproxima.<\/p>\n<p class=\"rs-content-cta rs-content-cta-small\"><a href=\"\/es\/contacto\/\">Haga clic para contactar<\/a> con nuestros lesiones personales abogados hoy<\/p><h2>Lesiones en accidentes automovil\u00edsticos<\/h2>\n<p>Aunque muchos accidentes automovil\u00edsticos son menores, muchos choques resultan en lesiones graves o potencialmente mortales. Algunas de las lesiones comunes sufridas en accidentes automovil\u00edsticos incluyen:<\/p>\n<ul>\n<li><a href=\"https:\/\/www.webmd.com\/pain-management\/pain-management-whiplash\" target=\"_blank\" rel=\"noopener\">Latigazo<\/a><\/li>\n<li>Trauma de la cabeza<\/li>\n<li>Lesiones de cuello y espalda<\/li>\n<li>Lesiones de la m\u00e9dula espinal<\/li>\n<li>quemaduras<\/li>\n<li>Heridas internas<\/li>\n<li>Huesos rotos<\/li>\n<li>Laceraciones y contusiones<\/li>\n<\/ul>\n<p>La gravedad de las lesiones depende de muchos factores del accidente, como la velocidad de los veh\u00edculos en el momento del choque, la ubicaci\u00f3n del impacto y si los ocupantes usaban cinturones de seguridad, entre otras cosas. Es importante buscar atenci\u00f3n m\u00e9dica inmediatamente despu\u00e9s de un accidente. Algunas lesiones pueden empeorar sin atenci\u00f3n m\u00e9dica. Si espera para ir al hospital, podr\u00eda ser m\u00e1s dif\u00edcil probar que sus lesiones ocurrieron durante el accidente.<\/p>\n<p class=\"rs-content-cta rs-content-cta-small\">Complete una <a href=\"\/es\/contacto\/\">evaluaci\u00f3n gratuita de su caso<\/a> ahora<\/p><h2>Negligencia en Accidentes Automovil\u00edsticos<\/h2>\n<p>Cuando los veh\u00edculos chocan, la parte negligente es responsable de pagar los da\u00f1os de la parte lesionada. La negligencia es la falta de ejercicio de un cuidado razonable que resulte en lesiones a otra persona. Negligencia simplemente significa que el conductor hizo algo o no hizo algo que sab\u00eda que podr\u00eda causar da\u00f1o. El exceso de velocidad, no obedecer las se\u00f1ales de tr\u00e1nsito y las leyes, conducir distra\u00eddo o conducir en estado de ebriedad son ejemplos de negligencia.<\/p>\n<p>Para probar negligencia en accidentes automovil\u00edsticos en West Elkton, Ohio, debe probar cuatro elementos b\u00e1sicos:<\/p>\n<ul>\n<li>Obligaci\u00f3n de cuidar<\/li>\n<li>Incumplimiento del deber<\/li>\n<li>El da\u00f1o fue el resultado del acto negligente.<\/li>\n<li>Usted sufri\u00f3 lesiones como resultado del accidente.<\/li>\n<\/ul>\n<p>Ohio, como muchos otros estados, utiliza la ley <a href=\"https:\/\/insurance.ohio.gov\/wps\/portal\/gov\/odi\/consumers\/automobile\/comparative-negligence#:~:text=In%201980%2C%20Ohio%20became%20the,injury%20or%20damage%20to%20another.\" target=\"_blank\" rel=\"noopener\">de negligencia comparativa<\/a> . Una parte de la negligencia se atribuye a cada parte. Puede cobrar su reclamo siempre que su propia negligencia no exceda el 50%.<\/p>\n<h2>Trabajar con la compa\u00f1\u00eda de seguros cuando ocurren accidentes automovil\u00edsticos en West Elkton<\/h2>\n<p>Despu\u00e9s de un accidente, trabajar\u00e1 con la compa\u00f1\u00eda de seguros. El ajustador de seguros querr\u00e1 obtener una declaraci\u00f3n de usted y discutir\u00e1 los detalles del accidente. Es importante tener en cuenta que registrar\u00e1n su declaraci\u00f3n y pueden intentar usar lo que dice para reducir su compensaci\u00f3n. Si la compa\u00f1\u00eda de seguros ofrece un cheque de liquidaci\u00f3n, tenga en cuenta que si lo cobra, podr\u00eda estar renunciando a su derecho a buscar fondos adicionales. Por lo tanto, es \u00fatil hablar con un abogado de accidentes automovil\u00edsticos lo antes posible. Su abogado se encargar\u00e1 de los asuntos legales y las negociaciones y trabajar\u00e1 para obtener un acuerdo favorable.<\/p>\n<p>Si usted o un ser querido resultaron heridos en un accidente automovil\u00edstico en West Elkton, podemos ayudarlo. Comun\u00edquese con nuestro equipo legal calificado en <a href=\"https:\/\/thehometownlawyers.com\/es\/contacto\/\">Kruger &amp; Hodges<\/a> al (937) 733-6079 para programar una consulta.<\/p>\n<p class=\"rs-content-cta rs-content-cta-small\">Llame o env\u00ede un mensaje de texto al <a href=\"tel:+15138943333\">513-894-3333<\/a> o complete una <a href=\"\/es\/contacto\/\">evaluaci\u00f3n gratuita de su caso<\/a><\/p>","protected":false},"excerpt":{"rendered":"<p>Accidentes automovil\u00edsticos en West Elkton, Ohio Un accidente automovil\u00edstico puede ocurrir en un segundo y puede tener un impacto negativo duradero en su vida. West Elkton es un peque\u00f1o pueblo ubicado en el condado de Preble, en el extremo oeste de Ohio. Es parte del \u00c1rea Estad\u00edstica Metropolitana de Dayton. Si bien West Elkton es &#8230;<\/p>\n","protected":false},"author":7,"featured_media":20753,"parent":21164,"menu_order":0,"comment_status":"closed","ping_status":"closed","template":"","meta":{"_acf_changed":false,"inline_featured_image":false,"_genesis_hide_title":false,"_genesis_hide_breadcrumbs":false,"_genesis_hide_singular_image":false,"_genesis_hide_footer_widgets":false,"_genesis_custom_body_class":"","_genesis_custom_post_class":"","_genesis_layout":"","footnotes":""},"hc_faqs":[],"hc_spanish_faqs":[],"class_list":{"0":"post-21165","1":"page","2":"type-page","3":"status-publish","4":"has-post-thumbnail","6":"hc_city_location-west-elkton-es","7":"entry"},"acf":[],"yoast_head":"<!-- This site is optimized with the Yoast SEO plugin v27.3 - https:\/\/yoast.com\/product\/yoast-seo-wordpress\/ -->\n<title>Accidentes automovil\u00edsticos en West Elkton, Ohio: Consulta gratuita<\/title>\n<meta name=\"description\" content=\"Cuando ocurren accidentes automovil\u00edsticos en West Elkton Ohio, nuestros abogados experimentados est\u00e1n disponibles para ayudar a las v\u00edctimas a encontrar un acuerdo justo.\" \/>\n<meta name=\"robots\" content=\"index, follow, max-snippet:-1, max-image-preview:large, max-video-preview:-1\" \/>\n<link rel=\"canonical\" href=\"https:\/\/thehometownlawyers.com\/es\/lesiones-personales-en-west-elkton-ohio\/accidentes-automovilisticos-en-west-elkton-ohio\/\" \/>\n<meta property=\"og:locale\" content=\"es_MX\" \/>\n<meta property=\"og:type\" content=\"article\" \/>\n<meta property=\"og:title\" content=\"Accidentes automovil\u00edsticos en West Elkton, Ohio: Consulta gratuita\" \/>\n<meta property=\"og:description\" content=\"Cuando ocurren accidentes automovil\u00edsticos en West Elkton Ohio, nuestros abogados experimentados est\u00e1n disponibles para ayudar a las v\u00edctimas a encontrar un acuerdo justo.\" \/>\n<meta property=\"og:url\" content=\"https:\/\/thehometownlawyers.com\/es\/lesiones-personales-en-west-elkton-ohio\/accidentes-automovilisticos-en-west-elkton-ohio\/\" \/>\n<meta property=\"og:site_name\" content=\"Kruger &amp; Hodges Abogados De Lesiones\" \/>\n<meta property=\"article:publisher\" content=\"https:\/\/www.facebook.com\/KrugerHodges\/\" \/>\n<meta property=\"article:modified_time\" content=\"2025-02-06T14:50:47+00:00\" \/>\n<meta property=\"og:image\" content=\"https:\/\/thehometownlawyers.com\/wp-content\/uploads\/2020\/05\/Canva-Car-Accident-Damage-Crash-Insurance-Wreck.jpg\" \/>\n\t<meta property=\"og:image:width\" content=\"612\" \/>\n\t<meta property=\"og:image:height\" content=\"408\" \/>\n\t<meta property=\"og:image:type\" content=\"image\/jpeg\" \/>\n<meta name=\"twitter:card\" content=\"summary_large_image\" \/>\n<meta name=\"twitter:label1\" content=\"Tiempo de lectura\" \/>\n\t<meta name=\"twitter:data1\" content=\"4 minutos\" \/>\n<script type=\"application\/ld+json\" class=\"yoast-schema-graph\">{\"@context\":\"https:\\\/\\\/schema.org\",\"@graph\":[{\"@type\":\"WebPage\",\"@id\":\"https:\\\/\\\/thehometownlawyers.com\\\/es\\\/lesiones-personales-en-west-elkton-ohio\\\/accidentes-automovilisticos-en-west-elkton-ohio\\\/\",\"url\":\"https:\\\/\\\/thehometownlawyers.com\\\/es\\\/lesiones-personales-en-west-elkton-ohio\\\/accidentes-automovilisticos-en-west-elkton-ohio\\\/\",\"name\":\"Accidentes automovil\u00edsticos en West Elkton, Ohio: Consulta gratuita\",\"isPartOf\":{\"@id\":\"https:\\\/\\\/thehometownlawyers.com\\\/es\\\/#website\"},\"primaryImageOfPage\":{\"@id\":\"https:\\\/\\\/thehometownlawyers.com\\\/es\\\/lesiones-personales-en-west-elkton-ohio\\\/accidentes-automovilisticos-en-west-elkton-ohio\\\/#primaryimage\"},\"image\":{\"@id\":\"https:\\\/\\\/thehometownlawyers.com\\\/es\\\/lesiones-personales-en-west-elkton-ohio\\\/accidentes-automovilisticos-en-west-elkton-ohio\\\/#primaryimage\"},\"thumbnailUrl\":\"https:\\\/\\\/thehometownlawyers.com\\\/wp-content\\\/uploads\\\/2020\\\/05\\\/Canva-Car-Accident-Damage-Crash-Insurance-Wreck.jpg\",\"datePublished\":\"2022-01-03T23:43:33+00:00\",\"dateModified\":\"2025-02-06T14:50:47+00:00\",\"description\":\"Cuando ocurren accidentes automovil\u00edsticos en West Elkton Ohio, nuestros abogados experimentados est\u00e1n disponibles para ayudar a las v\u00edctimas a encontrar un acuerdo justo.\",\"breadcrumb\":{\"@id\":\"https:\\\/\\\/thehometownlawyers.com\\\/es\\\/lesiones-personales-en-west-elkton-ohio\\\/accidentes-automovilisticos-en-west-elkton-ohio\\\/#breadcrumb\"},\"inLanguage\":\"es\",\"potentialAction\":[{\"@type\":\"ReadAction\",\"target\":[\"https:\\\/\\\/thehometownlawyers.com\\\/es\\\/lesiones-personales-en-west-elkton-ohio\\\/accidentes-automovilisticos-en-west-elkton-ohio\\\/\"]}]},{\"@type\":\"ImageObject\",\"inLanguage\":\"es\",\"@id\":\"https:\\\/\\\/thehometownlawyers.com\\\/es\\\/lesiones-personales-en-west-elkton-ohio\\\/accidentes-automovilisticos-en-west-elkton-ohio\\\/#primaryimage\",\"url\":\"https:\\\/\\\/thehometownlawyers.com\\\/wp-content\\\/uploads\\\/2020\\\/05\\\/Canva-Car-Accident-Damage-Crash-Insurance-Wreck.jpg\",\"contentUrl\":\"https:\\\/\\\/thehometownlawyers.com\\\/wp-content\\\/uploads\\\/2020\\\/05\\\/Canva-Car-Accident-Damage-Crash-Insurance-Wreck.jpg\",\"width\":612,\"height\":408,\"caption\":\"Accidentes Automovil\u00edsticos Ohio\"},{\"@type\":\"BreadcrumbList\",\"@id\":\"https:\\\/\\\/thehometownlawyers.com\\\/es\\\/lesiones-personales-en-west-elkton-ohio\\\/accidentes-automovilisticos-en-west-elkton-ohio\\\/#breadcrumb\",\"itemListElement\":[{\"@type\":\"ListItem\",\"position\":1,\"name\":\"Home\",\"item\":\"https:\\\/\\\/thehometownlawyers.com\\\/es\\\/\"},{\"@type\":\"ListItem\",\"position\":2,\"name\":\"Abogado de Lesiones Personales en West Elkton\",\"item\":\"https:\\\/\\\/thehometownlawyers.com\\\/es\\\/lesiones-personales-en-west-elkton-ohio\\\/\"},{\"@type\":\"ListItem\",\"position\":3,\"name\":\"Abogado de Accidente Automovil\u00edstico en West Elkton\"}]},{\"@type\":\"WebSite\",\"@id\":\"https:\\\/\\\/thehometownlawyers.com\\\/es\\\/#website\",\"url\":\"https:\\\/\\\/thehometownlawyers.com\\\/es\\\/\",\"name\":\"Kruger & Hodges Hometown Injury Lawyers | Accident Attorneys\",\"description\":\"Attorneys for Car, Truck and Motorcycle Accidents, Personal Injuries, and Criminal Defense.\",\"publisher\":{\"@id\":\"https:\\\/\\\/thehometownlawyers.com\\\/es\\\/#organization\"},\"alternateName\":\"Kruger & Hodges Personal Injury Lawyers\",\"inLanguage\":\"es\"},{\"@type\":\"Organization\",\"@id\":\"https:\\\/\\\/thehometownlawyers.com\\\/es\\\/#organization\",\"name\":\"Kruger & Hodges Hometown Injury Lawyers\",\"alternateName\":\"Kruger & Hodges\",\"url\":\"https:\\\/\\\/thehometownlawyers.com\\\/es\\\/\",\"logo\":{\"@type\":\"ImageObject\",\"inLanguage\":\"es\",\"@id\":\"https:\\\/\\\/thehometownlawyers.com\\\/es\\\/#\\\/schema\\\/logo\\\/image\\\/\",\"url\":\"https:\\\/\\\/thehometownlawyers.com\\\/wp-content\\\/uploads\\\/2025\\\/12\\\/revised-kh-logo-vertical-white-background-scaled.png\",\"contentUrl\":\"https:\\\/\\\/thehometownlawyers.com\\\/wp-content\\\/uploads\\\/2025\\\/12\\\/revised-kh-logo-vertical-white-background-scaled.png\",\"width\":2560,\"height\":1440,\"caption\":\"Kruger & Hodges Hometown Injury Lawyers\"},\"image\":{\"@id\":\"https:\\\/\\\/thehometownlawyers.com\\\/es\\\/#\\\/schema\\\/logo\\\/image\\\/\"},\"sameAs\":[\"https:\\\/\\\/www.facebook.com\\\/KrugerHodges\\\/\",\"https:\\\/\\\/www.instagram.com\\\/krugerhodges\\\/\",\"https:\\\/\\\/www.linkedin.com\\\/company\\\/kruger-hodges-hometown-injury-lawyers\\\/\",\"https:\\\/\\\/www.youtube.com\\\/channel\\\/UCeYcMaMaN2rb9jMlqt4EIdQ\",\"https:\\\/\\\/www.tiktok.com\\\/@thehometownlawyer\"]}]}<\/script>\n<!-- \/ Yoast SEO plugin. -->","yoast_head_json":{"title":"Accidentes automovil\u00edsticos en West Elkton, Ohio: Consulta gratuita","description":"Cuando ocurren accidentes automovil\u00edsticos en West Elkton Ohio, nuestros abogados experimentados est\u00e1n disponibles para ayudar a las v\u00edctimas a encontrar un acuerdo justo.","robots":{"index":"index","follow":"follow","max-snippet":"max-snippet:-1","max-image-preview":"max-image-preview:large","max-video-preview":"max-video-preview:-1"},"canonical":"https:\/\/thehometownlawyers.com\/es\/lesiones-personales-en-west-elkton-ohio\/accidentes-automovilisticos-en-west-elkton-ohio\/","og_locale":"es_MX","og_type":"article","og_title":"Accidentes automovil\u00edsticos en West Elkton, Ohio: Consulta gratuita","og_description":"Cuando ocurren accidentes automovil\u00edsticos en West Elkton Ohio, nuestros abogados experimentados est\u00e1n disponibles para ayudar a las v\u00edctimas a encontrar un acuerdo justo.","og_url":"https:\/\/thehometownlawyers.com\/es\/lesiones-personales-en-west-elkton-ohio\/accidentes-automovilisticos-en-west-elkton-ohio\/","og_site_name":"Kruger &amp; Hodges Abogados De Lesiones","article_publisher":"https:\/\/www.facebook.com\/KrugerHodges\/","article_modified_time":"2025-02-06T14:50:47+00:00","og_image":[{"width":612,"height":408,"url":"https:\/\/thehometownlawyers.com\/wp-content\/uploads\/2020\/05\/Canva-Car-Accident-Damage-Crash-Insurance-Wreck.jpg","type":"image\/jpeg"}],"twitter_card":"summary_large_image","twitter_misc":{"Tiempo de lectura":"4 minutos"},"schema":{"@context":"https:\/\/schema.org","@graph":[{"@type":"WebPage","@id":"https:\/\/thehometownlawyers.com\/es\/lesiones-personales-en-west-elkton-ohio\/accidentes-automovilisticos-en-west-elkton-ohio\/","url":"https:\/\/thehometownlawyers.com\/es\/lesiones-personales-en-west-elkton-ohio\/accidentes-automovilisticos-en-west-elkton-ohio\/","name":"Accidentes automovil\u00edsticos en West Elkton, Ohio: Consulta gratuita","isPartOf":{"@id":"https:\/\/thehometownlawyers.com\/es\/#website"},"primaryImageOfPage":{"@id":"https:\/\/thehometownlawyers.com\/es\/lesiones-personales-en-west-elkton-ohio\/accidentes-automovilisticos-en-west-elkton-ohio\/#primaryimage"},"image":{"@id":"https:\/\/thehometownlawyers.com\/es\/lesiones-personales-en-west-elkton-ohio\/accidentes-automovilisticos-en-west-elkton-ohio\/#primaryimage"},"thumbnailUrl":"https:\/\/thehometownlawyers.com\/wp-content\/uploads\/2020\/05\/Canva-Car-Accident-Damage-Crash-Insurance-Wreck.jpg","datePublished":"2022-01-03T23:43:33+00:00","dateModified":"2025-02-06T14:50:47+00:00","description":"Cuando ocurren accidentes automovil\u00edsticos en West Elkton Ohio, nuestros abogados experimentados est\u00e1n disponibles para ayudar a las v\u00edctimas a encontrar un acuerdo justo.","breadcrumb":{"@id":"https:\/\/thehometownlawyers.com\/es\/lesiones-personales-en-west-elkton-ohio\/accidentes-automovilisticos-en-west-elkton-ohio\/#breadcrumb"},"inLanguage":"es","potentialAction":[{"@type":"ReadAction","target":["https:\/\/thehometownlawyers.com\/es\/lesiones-personales-en-west-elkton-ohio\/accidentes-automovilisticos-en-west-elkton-ohio\/"]}]},{"@type":"ImageObject","inLanguage":"es","@id":"https:\/\/thehometownlawyers.com\/es\/lesiones-personales-en-west-elkton-ohio\/accidentes-automovilisticos-en-west-elkton-ohio\/#primaryimage","url":"https:\/\/thehometownlawyers.com\/wp-content\/uploads\/2020\/05\/Canva-Car-Accident-Damage-Crash-Insurance-Wreck.jpg","contentUrl":"https:\/\/thehometownlawyers.com\/wp-content\/uploads\/2020\/05\/Canva-Car-Accident-Damage-Crash-Insurance-Wreck.jpg","width":612,"height":408,"caption":"Accidentes Automovil\u00edsticos Ohio"},{"@type":"BreadcrumbList","@id":"https:\/\/thehometownlawyers.com\/es\/lesiones-personales-en-west-elkton-ohio\/accidentes-automovilisticos-en-west-elkton-ohio\/#breadcrumb","itemListElement":[{"@type":"ListItem","position":1,"name":"Home","item":"https:\/\/thehometownlawyers.com\/es\/"},{"@type":"ListItem","position":2,"name":"Abogado de Lesiones Personales en West Elkton","item":"https:\/\/thehometownlawyers.com\/es\/lesiones-personales-en-west-elkton-ohio\/"},{"@type":"ListItem","position":3,"name":"Abogado de Accidente Automovil\u00edstico en West Elkton"}]},{"@type":"WebSite","@id":"https:\/\/thehometownlawyers.com\/es\/#website","url":"https:\/\/thehometownlawyers.com\/es\/","name":"Kruger & Hodges Hometown Injury Lawyers | Accident Attorneys","description":"Attorneys for Car, Truck and Motorcycle Accidents, Personal Injuries, and Criminal Defense.","publisher":{"@id":"https:\/\/thehometownlawyers.com\/es\/#organization"},"alternateName":"Kruger & Hodges Personal Injury Lawyers","inLanguage":"es"},{"@type":"Organization","@id":"https:\/\/thehometownlawyers.com\/es\/#organization","name":"Kruger & Hodges Hometown Injury Lawyers","alternateName":"Kruger & Hodges","url":"https:\/\/thehometownlawyers.com\/es\/","logo":{"@type":"ImageObject","inLanguage":"es","@id":"https:\/\/thehometownlawyers.com\/es\/#\/schema\/logo\/image\/","url":"https:\/\/thehometownlawyers.com\/wp-content\/uploads\/2025\/12\/revised-kh-logo-vertical-white-background-scaled.png","contentUrl":"https:\/\/thehometownlawyers.com\/wp-content\/uploads\/2025\/12\/revised-kh-logo-vertical-white-background-scaled.png","width":2560,"height":1440,"caption":"Kruger & Hodges Hometown Injury Lawyers"},"image":{"@id":"https:\/\/thehometownlawyers.com\/es\/#\/schema\/logo\/image\/"},"sameAs":["https:\/\/www.facebook.com\/KrugerHodges\/","https:\/\/www.instagram.com\/krugerhodges\/","https:\/\/www.linkedin.com\/company\/kruger-hodges-hometown-injury-lawyers\/","https:\/\/www.youtube.com\/channel\/UCeYcMaMaN2rb9jMlqt4EIdQ","https:\/\/www.tiktok.com\/@thehometownlawyer"]}]}},"_links":{"self":[{"href":"https:\/\/thehometownlawyers.com\/es\/wp-json\/wp\/v2\/pages\/21165","targetHints":{"allow":["GET"]}}],"collection":[{"href":"https:\/\/thehometownlawyers.com\/es\/wp-json\/wp\/v2\/pages"}],"about":[{"href":"https:\/\/thehometownlawyers.com\/es\/wp-json\/wp\/v2\/types\/page"}],"author":[{"embeddable":true,"href":"https:\/\/thehometownlawyers.com\/es\/wp-json\/wp\/v2\/users\/7"}],"replies":[{"embeddable":true,"href":"https:\/\/thehometownlawyers.com\/es\/wp-json\/wp\/v2\/comments?post=21165"}],"version-history":[{"count":0,"href":"https:\/\/thehometownlawyers.com\/es\/wp-json\/wp\/v2\/pages\/21165\/revisions"}],"up":[{"embeddable":true,"href":"https:\/\/thehometownlawyers.com\/es\/wp-json\/wp\/v2\/pages\/21164"}],"wp:featuredmedia":[{"embeddable":true,"href":"https:\/\/thehometownlawyers.com\/es\/wp-json\/wp\/v2\/media\/20753"}],"wp:attachment":[{"href":"https:\/\/thehometownlawyers.com\/es\/wp-json\/wp\/v2\/media?parent=21165"}],"wp:term":[{"taxonomy":"hc_faqs","embeddable":true,"href":"https:\/\/thehometownlawyers.com\/es\/wp-json\/wp\/v2\/hc_faqs?post=21165"},{"taxonomy":"hc_spanish_faqs","embeddable":true,"href":"https:\/\/thehometownlawyers.com\/es\/wp-json\/wp\/v2\/hc_spanish_faqs?post=21165"}],"curies":[{"name":"wp","href":"https:\/\/api.w.org\/{rel}","templated":true}]}}