{"id":21166,"date":"2021-09-14T20:36:45","date_gmt":"2021-09-15T00:36:45","guid":{"rendered":"https:\/\/thehometownlawyers.com\/?page_id=21166"},"modified":"2025-03-04T18:11:40","modified_gmt":"2025-03-04T23:11:40","slug":"cicatrices-debido-a-accidentes-automovilisticos","status":"publish","type":"page","link":"https:\/\/thehometownlawyers.com\/es\/eaton\/abogado-de-accidentes-automovilisticos\/accidente-con-cicatrizacion\/","title":{"rendered":"Abogado de Cicatrizaci\u00f3n en Eaton"},"content":{"rendered":"<h2>Lidiando con cicatrices debido a accidentes automovil\u00edsticos<\/h2>\n<p>La p\u00e9rdida de extremidades y las cicatrices debido a accidentes automovil\u00edsticos son tipos de lesiones menos comunes, pero a\u00fan frecuentes, que pueden requerir un tratamiento a largo plazo. Las cicatrices o la desfiguraci\u00f3n pueden ocurrir directamente por las lesiones sufridas en la colisi\u00f3n o por la cirug\u00eda resultante del accidente. La p\u00e9rdida de extremidades y las amputaciones de extremidades tienden a ocurrir despu\u00e9s de un accidente.<\/p>\n<p class=\"rs-content-cta rs-content-cta-small\">Para una consulta legal gratuita, llame al <a href=\"tel:+19377336079\">937-733-6079 <\/a><\/p><h2>Estad\u00edsticas del estado de Ohio<\/h2>\n<p>En 2019, la <a href=\"https:\/\/statepatrol.ohio.gov\/statistics\/statspage2.asp\" target=\"_blank\" rel=\"noopener\">Patrulla de Caminos del Estado de Ohio<\/a> investig\u00f3 64,058 accidentes automovil\u00edsticos. Solo se sospecharon lesiones graves en 1.868 de esos accidentes. Las causas comunes de accidentes automovil\u00edsticos se deben a conductores distra\u00eddos o conductores que operan el veh\u00edculo bajo la influencia de drogas o alcohol.<\/p>\n<p class=\"rs-content-cta\">Abogado de Accidente Automovil\u00edstico de Eaton Cerca de M\u00ed <a href=\"tel:+19377336079\">937-733-6079<\/a><\/p><h2>Tipos de Cicatrices y Tratamientos<\/h2>\n<p>Las cicatrices tienen diferentes niveles de gravedad.<\/p>\n<p>La cicatrizaci\u00f3n es un resultado com\u00fan de los accidentes automovil\u00edsticos, de <a href=\"https:\/\/thehometownlawyers.com\/es\/abogados-de-lesiones-personales-en-eaton-ohio\/abogados-de-accidentes-de-camiones-en-eaton-ohio\/\">camiones<\/a> y <a href=\"https:\/\/thehometownlawyers.com\/es\/abogados-de-lesiones-personales-en-eaton-ohio\/abogados-de-accidentes-de-motocicleta-en-eaton-ohio\/\">motocicletas<\/a> . Las cicatrices severas o la desfiguraci\u00f3n pueden ser causadas por quemaduras, vidrios rotos o da\u00f1o a los nervios. Ciertas cicatrices pueden sanar por s\u00ed solas r\u00e1pidamente o ser m\u00e1s graves y necesitar intervenci\u00f3n m\u00e9dica.<\/p>\n<p>Los diferentes tipos de cicatrices que se ven com\u00fanmente en los accidentes automovil\u00edsticos incluyen cicatrices queloides, hipertr\u00f3ficas y contracturadas. Las cicatrices queloides se extienden m\u00e1s all\u00e1 de la lesi\u00f3n original. Son un \u00e1rea agrandada y elevada en la parte superior de la piel. Pueden variar desde un dolor e inflamaci\u00f3n leves hasta una desfiguraci\u00f3n m\u00e1s grave y causar problemas est\u00e9ticos. Pueden obstruir instant\u00e1nea o gradualmente el movimiento corporal dependiendo de d\u00f3nde se encuentre la cicatriz. Las cicatrices hipertr\u00f3ficas son similares a las queloides, pero tienden a ser menos invasivas y generalmente desaparecen con el tiempo. Las cicatrices de contracturas son comunes con las quemaduras. Pueden ser peligrosamente da\u00f1inos cuando afectan los m\u00fasculos y los nervios que impiden el movimiento del cuerpo.<\/p>\n<p>Es posible que se necesite un tratamiento especial para reparar este tipo de lesiones. Muchas cicatrices menores pueden tratarse con ung\u00fcentos o cremas de venta libre, o con receta m\u00e9dica si es necesario. Los esteroides o el tratamiento con l\u00e1ser pueden ser necesarios para las cicatrices queloides e hipertr\u00f3ficas m\u00e1s graves. Para cicatrices m\u00e1s severas, se puede necesitar cirug\u00eda. Cuando la cicatriz ha causado desfiguraci\u00f3n o ha impedido el movimiento muscular o el funcionamiento diario, la cirug\u00eda pl\u00e1stica reconstructiva puede ser la respuesta.<\/p>\n<p class=\"rs-content-cta rs-content-cta-small\"><a href=\"\/es\/contacto\/\">Haga clic para contactar<\/a> con nuestros accidente automovil\u00edstico abogados hoy<\/p><h2>Tipos de p\u00e9rdida de extremidades y tratamientos<\/h2>\n<p>La p\u00e9rdida de una extremidad es una lesi\u00f3n menos com\u00fan que resulta de accidentes automovil\u00edsticos. La p\u00e9rdida de un brazo es mucho m\u00e1s com\u00fan que la p\u00e9rdida de una pierna. Las amputaciones ocurren despu\u00e9s de un accidente cuando los profesionales m\u00e9dicos han determinado que la extremidad lesionada est\u00e1 demasiado da\u00f1ada para salvarla.<\/p>\n<p>La p\u00e9rdida de una extremidad y la desfiguraci\u00f3n severa pueden causar que alguien tenga una discapacidad por el resto de su vida. Los amputados tendr\u00e1n que aprender a vivir sin la extremidad o con una pr\u00f3tesis. Esto puede agregar varios impactos negativos a la persona lesionada alterando toda su vida f\u00edsica, profesional, social y emocionalmente.<\/p>\n<p class=\"rs-content-cta rs-content-cta-small\">Complete una <a href=\"\/es\/contacto\/\">evaluaci\u00f3n gratuita de su caso<\/a> ahora<\/p><h2>Cuando un ni\u00f1o sufre lesiones graves<\/h2>\n<p>Las lesiones graves que ocurren en menores pueden ser devastadoras.<\/p>\n<p>Tener una cicatriz, especialmente una cicatriz facial visible, puede ser muy traum\u00e1tico para un ni\u00f1o. Ser objeto de burlas y acoso en la escuela puede aumentar el desarrollo psicol\u00f3gico de un ni\u00f1o. La cirug\u00eda se puede usar para disminuir la visibilidad de una cicatriz. Sin embargo, podr\u00eda tomar varios procedimientos a medida que el ni\u00f1o crece. Esto puede hacer que la situaci\u00f3n sea a\u00fan m\u00e1s perturbadora para el ni\u00f1o y su familia.<\/p>\n<p>La p\u00e9rdida de una extremidad en un ni\u00f1o que ocurre a causa de un accidente automovil\u00edstico es similar a la de un adulto. La principal diferencia es que los ni\u00f1os todav\u00eda est\u00e1n creciendo f\u00edsicamente y desarroll\u00e1ndose emocionalmente. Un evento traum\u00e1tico puede causarle al ni\u00f1o da\u00f1os psicol\u00f3gicos que necesitar\u00e1n ser tratados y monitoreados por profesionales. F\u00edsicamente, los ni\u00f1os necesitar\u00e1n modificaciones continuas de sus pr\u00f3tesis.<\/p>\n<p>Las familias de ni\u00f1os con lesiones graves tambi\u00e9n pueden verse afectadas por la lesi\u00f3n. Las familias tendr\u00e1n que cuidar a su hijo de una manera nueva. El ni\u00f1o puede quedar discapacitado por el resto de su vida y debe ser atendido indefinidamente. Es posible que una familia tenga que remodelar toda su casa para que sea accesible para la discapacidad de su hijo. O bien, es posible que tengan que reorganizar toda su situaci\u00f3n de vida y trabajo para poder cuidar a su hijo. Esto puede ser costoso y emocionalmente dif\u00edcil.<\/p>\n<p>Las lesiones graves en los ni\u00f1os son un problema grave. Los traumas f\u00edsicos y emocionales requieren tratamientos m\u00e9dicos continuos. Esto se tendr\u00e1 en cuenta al decidir cu\u00e1nto se recompensar\u00e1 al ni\u00f1o y su familia por da\u00f1os no econ\u00f3micos.<\/p>\n<h2>Lesiones graves y la ley de Ohio<\/h2>\n<p>A alguien que est\u00e1 gravemente herido por un accidente automovil\u00edstico se le debe una compensaci\u00f3n financiera. Una lesi\u00f3n que se ha probado que es permanente y ha causado una deformidad f\u00edsica sustancial o la p\u00e9rdida de una extremidad puede calificar como una lesi\u00f3n grave. A diferencia de otras lesiones no graves, como contusiones o huesos ligeramente fracturados, la ley de Ohio no tiene l\u00edmite en el monto de la compensaci\u00f3n debido a p\u00e9rdidas no econ\u00f3micas resultantes de una lesi\u00f3n grave.<\/p>\n<p>Los da\u00f1os por p\u00e9rdidas no econ\u00f3micas tienen en cuenta las p\u00e9rdidas intangibles como el dolor y el sufrimiento; estr\u00e9s emocional; una lesi\u00f3n funcional f\u00edsica permanente que impide permanentemente que la persona lesionada pueda cuidarse a s\u00ed misma de forma independiente y realizar actividades de soporte vital. Las desfiguraciones faciales pueden generar estr\u00e9s emocional adicional que puede disminuir la calidad de vida. Tanto el dolor mental como el f\u00edsico se tienen en cuenta al decidir el monto de la compensaci\u00f3n otorgada.<\/p>\n<p>Una persona gravemente lesionada tambi\u00e9n puede calificar para da\u00f1os debido a p\u00e9rdidas econ\u00f3micas. Esto incluir\u00eda compensaci\u00f3n por salarios perdidos, gastos m\u00e9dicos, adaptaciones que resulten de la lesi\u00f3n y da\u00f1os a la propiedad que resultaron del accidente automovil\u00edstico.<\/p>\n<p>El tratamiento para la p\u00e9rdida de extremidades y las cicatrices debido a accidentes automovil\u00edsticos puede ser muy costoso, y va desde esteroides hasta cirug\u00eda pl\u00e1stica. Para recibir esta compensaci\u00f3n por p\u00e9rdidas econ\u00f3micas y no econ\u00f3micas, se debe probar la gravedad de la lesi\u00f3n. Se deben proporcionar las facturas m\u00e9dicas que sean el resultado del accidente, as\u00ed como cualquier documentaci\u00f3n relacionada con el tratamiento futuro relacionado con el accidente.<\/p>\n<p><a href=\"https:\/\/codes.ohio.gov\/ohio-revised-code\/section-2315.18\" target=\"_blank\" rel=\"noopener\">Ohio Rev. C\u00f3digo Ann. \u00a7 2315.18<\/a><\/p>\n<h2>Si est\u00e1 gravemente herido<\/h2>\n<p>Puede que no sea posible llamar a un abogado inmediatamente despu\u00e9s de un accidente que haya causado lesiones graves. Si usted o un ser querido requieren tratamiento para las cicatrices debido a un accidente automovil\u00edstico, se recomienda <a href=\"https:\/\/thehometownlawyers.com\/es\/contacto\/\">contactar<\/a> a los abogados de lesiones personales de Kruger &amp; Hodges lo antes posible. Pueden ayudar a lidiar con su compa\u00f1\u00eda de seguros, as\u00ed como con la compa\u00f1\u00eda de seguros del conductor culpable. Hable hoy con los <a href=\"https:\/\/thehometownlawyers.com\/es\/abogados-de-lesiones-personales-en-eaton-ohio\/\">abogados de lesiones personales<\/a> de Kruger &amp; Hodges para asegurarse de que puede obtener la compensaci\u00f3n a la que tiene derecho.<\/p>\n<p class=\"rs-content-cta rs-content-cta-small\">Llame o env\u00ede un mensaje de texto al <a href=\"tel:+19377336079\">937-733-6079<\/a> o complete una <a href=\"\/es\/contacto\/\">evaluaci\u00f3n gratuita de su caso<\/a><\/p>","protected":false},"excerpt":{"rendered":"<p>Lidiando con cicatrices debido a accidentes automovil\u00edsticos La p\u00e9rdida de extremidades y las cicatrices debido a accidentes automovil\u00edsticos son tipos de lesiones menos comunes, pero a\u00fan frecuentes, que pueden requerir un tratamiento a largo plazo. Las cicatrices o la desfiguraci\u00f3n pueden ocurrir directamente por las lesiones sufridas en la colisi\u00f3n o por la cirug\u00eda resultante &#8230;<\/p>\n","protected":false},"author":7,"featured_media":20813,"parent":21203,"menu_order":0,"comment_status":"closed","ping_status":"closed","template":"","meta":{"_acf_changed":false,"inline_featured_image":false,"_genesis_hide_title":false,"_genesis_hide_breadcrumbs":false,"_genesis_hide_singular_image":false,"_genesis_hide_footer_widgets":false,"_genesis_custom_body_class":"","_genesis_custom_post_class":"","_genesis_layout":"","footnotes":""},"hc_faqs":[],"hc_spanish_faqs":[],"class_list":{"0":"post-21166","1":"page","2":"type-page","3":"status-publish","4":"has-post-thumbnail","6":"hc_city_location-eaton-es","7":"entry"},"acf":[],"yoast_head":"<!-- This site is optimized with the Yoast SEO plugin v27.4 - https:\/\/yoast.com\/product\/yoast-seo-wordpress\/ -->\n<title>Abogado de Cicatrizaci\u00f3n en Eaton | Consulta gratuita<\/title>\n<meta name=\"description\" content=\"Los tratamientos para las cicatrices por accidentes automovil\u00edsticos pueden ser muy costosos; desde esteroides hasta cirug\u00eda pl\u00e1stica. Nuestros abogados luchar\u00e1n por usted.\" \/>\n<meta name=\"robots\" content=\"index, follow, max-snippet:-1, max-image-preview:large, max-video-preview:-1\" \/>\n<link rel=\"canonical\" href=\"https:\/\/thehometownlawyers.com\/es\/eaton\/abogado-de-accidentes-automovilisticos\/accidente-con-cicatrizacion\/\" \/>\n<meta property=\"og:locale\" content=\"es_MX\" \/>\n<meta property=\"og:type\" content=\"article\" \/>\n<meta property=\"og:title\" content=\"Abogado de Cicatrizaci\u00f3n en Eaton | Consulta gratuita\" \/>\n<meta property=\"og:description\" content=\"Los tratamientos para las cicatrices por accidentes automovil\u00edsticos pueden ser muy costosos; desde esteroides hasta cirug\u00eda pl\u00e1stica. Nuestros abogados luchar\u00e1n por usted.\" \/>\n<meta property=\"og:url\" content=\"https:\/\/thehometownlawyers.com\/es\/eaton\/abogado-de-accidentes-automovilisticos\/accidente-con-cicatrizacion\/\" \/>\n<meta property=\"og:site_name\" content=\"Kruger &amp; Hodges Abogados De Lesiones\" \/>\n<meta property=\"article:publisher\" content=\"https:\/\/www.facebook.com\/KrugerHodges\/\" \/>\n<meta property=\"article:modified_time\" content=\"2025-03-04T23:11:40+00:00\" \/>\n<meta property=\"og:image\" content=\"https:\/\/thehometownlawyers.com\/wp-content\/uploads\/2021\/08\/stethoscope-doctor-injury.jpg\" \/>\n\t<meta property=\"og:image:width\" content=\"1920\" \/>\n\t<meta property=\"og:image:height\" content=\"1080\" \/>\n\t<meta property=\"og:image:type\" content=\"image\/jpeg\" \/>\n<meta name=\"twitter:card\" content=\"summary_large_image\" \/>\n<meta name=\"twitter:label1\" content=\"Tiempo de lectura\" \/>\n\t<meta name=\"twitter:data1\" content=\"6 minutos\" \/>\n<script type=\"application\/ld+json\" class=\"yoast-schema-graph\">{\"@context\":\"https:\\\/\\\/schema.org\",\"@graph\":[{\"@type\":\"WebPage\",\"@id\":\"https:\\\/\\\/thehometownlawyers.com\\\/es\\\/eaton\\\/abogado-de-accidentes-automovilisticos\\\/accidente-con-cicatrizacion\\\/\",\"url\":\"https:\\\/\\\/thehometownlawyers.com\\\/es\\\/eaton\\\/abogado-de-accidentes-automovilisticos\\\/accidente-con-cicatrizacion\\\/\",\"name\":\"Abogado de Cicatrizaci\u00f3n en Eaton | Consulta gratuita\",\"isPartOf\":{\"@id\":\"https:\\\/\\\/thehometownlawyers.com\\\/es\\\/#website\"},\"primaryImageOfPage\":{\"@id\":\"https:\\\/\\\/thehometownlawyers.com\\\/es\\\/eaton\\\/abogado-de-accidentes-automovilisticos\\\/accidente-con-cicatrizacion\\\/#primaryimage\"},\"image\":{\"@id\":\"https:\\\/\\\/thehometownlawyers.com\\\/es\\\/eaton\\\/abogado-de-accidentes-automovilisticos\\\/accidente-con-cicatrizacion\\\/#primaryimage\"},\"thumbnailUrl\":\"https:\\\/\\\/thehometownlawyers.com\\\/wp-content\\\/uploads\\\/2021\\\/08\\\/stethoscope-doctor-injury.jpg\",\"datePublished\":\"2021-09-15T00:36:45+00:00\",\"dateModified\":\"2025-03-04T23:11:40+00:00\",\"description\":\"Los tratamientos para las cicatrices por accidentes automovil\u00edsticos pueden ser muy costosos; desde esteroides hasta cirug\u00eda pl\u00e1stica. Nuestros abogados luchar\u00e1n por usted.\",\"breadcrumb\":{\"@id\":\"https:\\\/\\\/thehometownlawyers.com\\\/es\\\/eaton\\\/abogado-de-accidentes-automovilisticos\\\/accidente-con-cicatrizacion\\\/#breadcrumb\"},\"inLanguage\":\"es\",\"potentialAction\":[{\"@type\":\"ReadAction\",\"target\":[\"https:\\\/\\\/thehometownlawyers.com\\\/es\\\/eaton\\\/abogado-de-accidentes-automovilisticos\\\/accidente-con-cicatrizacion\\\/\"]}]},{\"@type\":\"ImageObject\",\"inLanguage\":\"es\",\"@id\":\"https:\\\/\\\/thehometownlawyers.com\\\/es\\\/eaton\\\/abogado-de-accidentes-automovilisticos\\\/accidente-con-cicatrizacion\\\/#primaryimage\",\"url\":\"https:\\\/\\\/thehometownlawyers.com\\\/wp-content\\\/uploads\\\/2021\\\/08\\\/stethoscope-doctor-injury.jpg\",\"contentUrl\":\"https:\\\/\\\/thehometownlawyers.com\\\/wp-content\\\/uploads\\\/2021\\\/08\\\/stethoscope-doctor-injury.jpg\",\"width\":1920,\"height\":1080,\"caption\":\"estetoscopio y man\u00f3metro\"},{\"@type\":\"BreadcrumbList\",\"@id\":\"https:\\\/\\\/thehometownlawyers.com\\\/es\\\/eaton\\\/abogado-de-accidentes-automovilisticos\\\/accidente-con-cicatrizacion\\\/#breadcrumb\",\"itemListElement\":[{\"@type\":\"ListItem\",\"position\":1,\"name\":\"Home\",\"item\":\"https:\\\/\\\/thehometownlawyers.com\\\/es\\\/\"},{\"@type\":\"ListItem\",\"position\":2,\"name\":\"Abogado de Lesiones Personales en Eaton\",\"item\":\"https:\\\/\\\/thehometownlawyers.com\\\/es\\\/abogados-de-lesiones-personales-en-eaton-ohio\\\/\"},{\"@type\":\"ListItem\",\"position\":3,\"name\":\"Abogado de Accidente Automovil\u00edstico en Eaton\",\"item\":\"https:\\\/\\\/thehometownlawyers.com\\\/es\\\/abogados-de-lesiones-personales-en-eaton-ohio\\\/abogados-de-accidentes-automovilisticos\\\/\"},{\"@type\":\"ListItem\",\"position\":4,\"name\":\"Cicatrizaci\u00f3n\"}]},{\"@type\":\"WebSite\",\"@id\":\"https:\\\/\\\/thehometownlawyers.com\\\/es\\\/#website\",\"url\":\"https:\\\/\\\/thehometownlawyers.com\\\/es\\\/\",\"name\":\"Kruger & Hodges Hometown Injury Lawyers | Accident Attorneys\",\"description\":\"Attorneys for Car, Truck and Motorcycle Accidents, Personal Injuries, and Criminal Defense.\",\"publisher\":{\"@id\":\"https:\\\/\\\/thehometownlawyers.com\\\/es\\\/#organization\"},\"alternateName\":\"Kruger & Hodges Personal Injury Lawyers\",\"inLanguage\":\"es\"},{\"@type\":\"Organization\",\"@id\":\"https:\\\/\\\/thehometownlawyers.com\\\/es\\\/#organization\",\"name\":\"Kruger & Hodges Hometown Injury Lawyers\",\"alternateName\":\"Kruger & Hodges\",\"url\":\"https:\\\/\\\/thehometownlawyers.com\\\/es\\\/\",\"logo\":{\"@type\":\"ImageObject\",\"inLanguage\":\"es\",\"@id\":\"https:\\\/\\\/thehometownlawyers.com\\\/es\\\/#\\\/schema\\\/logo\\\/image\\\/\",\"url\":\"https:\\\/\\\/thehometownlawyers.com\\\/wp-content\\\/uploads\\\/2025\\\/12\\\/revised-kh-logo-vertical-white-background-scaled.png\",\"contentUrl\":\"https:\\\/\\\/thehometownlawyers.com\\\/wp-content\\\/uploads\\\/2025\\\/12\\\/revised-kh-logo-vertical-white-background-scaled.png\",\"width\":2560,\"height\":1440,\"caption\":\"Kruger & Hodges Hometown Injury Lawyers\"},\"image\":{\"@id\":\"https:\\\/\\\/thehometownlawyers.com\\\/es\\\/#\\\/schema\\\/logo\\\/image\\\/\"},\"sameAs\":[\"https:\\\/\\\/www.facebook.com\\\/KrugerHodges\\\/\",\"https:\\\/\\\/www.instagram.com\\\/krugerhodges\\\/\",\"https:\\\/\\\/www.linkedin.com\\\/company\\\/kruger-hodges-hometown-injury-lawyers\\\/\",\"https:\\\/\\\/www.youtube.com\\\/channel\\\/UCeYcMaMaN2rb9jMlqt4EIdQ\",\"https:\\\/\\\/www.tiktok.com\\\/@thehometownlawyer\"]}]}<\/script>\n<!-- \/ Yoast SEO plugin. -->","yoast_head_json":{"title":"Abogado de Cicatrizaci\u00f3n en Eaton | Consulta gratuita","description":"Los tratamientos para las cicatrices por accidentes automovil\u00edsticos pueden ser muy costosos; desde esteroides hasta cirug\u00eda pl\u00e1stica. Nuestros abogados luchar\u00e1n por usted.","robots":{"index":"index","follow":"follow","max-snippet":"max-snippet:-1","max-image-preview":"max-image-preview:large","max-video-preview":"max-video-preview:-1"},"canonical":"https:\/\/thehometownlawyers.com\/es\/eaton\/abogado-de-accidentes-automovilisticos\/accidente-con-cicatrizacion\/","og_locale":"es_MX","og_type":"article","og_title":"Abogado de Cicatrizaci\u00f3n en Eaton | Consulta gratuita","og_description":"Los tratamientos para las cicatrices por accidentes automovil\u00edsticos pueden ser muy costosos; desde esteroides hasta cirug\u00eda pl\u00e1stica. Nuestros abogados luchar\u00e1n por usted.","og_url":"https:\/\/thehometownlawyers.com\/es\/eaton\/abogado-de-accidentes-automovilisticos\/accidente-con-cicatrizacion\/","og_site_name":"Kruger &amp; Hodges Abogados De Lesiones","article_publisher":"https:\/\/www.facebook.com\/KrugerHodges\/","article_modified_time":"2025-03-04T23:11:40+00:00","og_image":[{"width":1920,"height":1080,"url":"https:\/\/thehometownlawyers.com\/wp-content\/uploads\/2021\/08\/stethoscope-doctor-injury.jpg","type":"image\/jpeg"}],"twitter_card":"summary_large_image","twitter_misc":{"Tiempo de lectura":"6 minutos"},"schema":{"@context":"https:\/\/schema.org","@graph":[{"@type":"WebPage","@id":"https:\/\/thehometownlawyers.com\/es\/eaton\/abogado-de-accidentes-automovilisticos\/accidente-con-cicatrizacion\/","url":"https:\/\/thehometownlawyers.com\/es\/eaton\/abogado-de-accidentes-automovilisticos\/accidente-con-cicatrizacion\/","name":"Abogado de Cicatrizaci\u00f3n en Eaton | Consulta gratuita","isPartOf":{"@id":"https:\/\/thehometownlawyers.com\/es\/#website"},"primaryImageOfPage":{"@id":"https:\/\/thehometownlawyers.com\/es\/eaton\/abogado-de-accidentes-automovilisticos\/accidente-con-cicatrizacion\/#primaryimage"},"image":{"@id":"https:\/\/thehometownlawyers.com\/es\/eaton\/abogado-de-accidentes-automovilisticos\/accidente-con-cicatrizacion\/#primaryimage"},"thumbnailUrl":"https:\/\/thehometownlawyers.com\/wp-content\/uploads\/2021\/08\/stethoscope-doctor-injury.jpg","datePublished":"2021-09-15T00:36:45+00:00","dateModified":"2025-03-04T23:11:40+00:00","description":"Los tratamientos para las cicatrices por accidentes automovil\u00edsticos pueden ser muy costosos; desde esteroides hasta cirug\u00eda pl\u00e1stica. Nuestros abogados luchar\u00e1n por usted.","breadcrumb":{"@id":"https:\/\/thehometownlawyers.com\/es\/eaton\/abogado-de-accidentes-automovilisticos\/accidente-con-cicatrizacion\/#breadcrumb"},"inLanguage":"es","potentialAction":[{"@type":"ReadAction","target":["https:\/\/thehometownlawyers.com\/es\/eaton\/abogado-de-accidentes-automovilisticos\/accidente-con-cicatrizacion\/"]}]},{"@type":"ImageObject","inLanguage":"es","@id":"https:\/\/thehometownlawyers.com\/es\/eaton\/abogado-de-accidentes-automovilisticos\/accidente-con-cicatrizacion\/#primaryimage","url":"https:\/\/thehometownlawyers.com\/wp-content\/uploads\/2021\/08\/stethoscope-doctor-injury.jpg","contentUrl":"https:\/\/thehometownlawyers.com\/wp-content\/uploads\/2021\/08\/stethoscope-doctor-injury.jpg","width":1920,"height":1080,"caption":"estetoscopio y man\u00f3metro"},{"@type":"BreadcrumbList","@id":"https:\/\/thehometownlawyers.com\/es\/eaton\/abogado-de-accidentes-automovilisticos\/accidente-con-cicatrizacion\/#breadcrumb","itemListElement":[{"@type":"ListItem","position":1,"name":"Home","item":"https:\/\/thehometownlawyers.com\/es\/"},{"@type":"ListItem","position":2,"name":"Abogado de Lesiones Personales en Eaton","item":"https:\/\/thehometownlawyers.com\/es\/abogados-de-lesiones-personales-en-eaton-ohio\/"},{"@type":"ListItem","position":3,"name":"Abogado de Accidente Automovil\u00edstico en Eaton","item":"https:\/\/thehometownlawyers.com\/es\/abogados-de-lesiones-personales-en-eaton-ohio\/abogados-de-accidentes-automovilisticos\/"},{"@type":"ListItem","position":4,"name":"Cicatrizaci\u00f3n"}]},{"@type":"WebSite","@id":"https:\/\/thehometownlawyers.com\/es\/#website","url":"https:\/\/thehometownlawyers.com\/es\/","name":"Kruger & Hodges Hometown Injury Lawyers | Accident Attorneys","description":"Attorneys for Car, Truck and Motorcycle Accidents, Personal Injuries, and Criminal Defense.","publisher":{"@id":"https:\/\/thehometownlawyers.com\/es\/#organization"},"alternateName":"Kruger & Hodges Personal Injury Lawyers","inLanguage":"es"},{"@type":"Organization","@id":"https:\/\/thehometownlawyers.com\/es\/#organization","name":"Kruger & Hodges Hometown Injury Lawyers","alternateName":"Kruger & Hodges","url":"https:\/\/thehometownlawyers.com\/es\/","logo":{"@type":"ImageObject","inLanguage":"es","@id":"https:\/\/thehometownlawyers.com\/es\/#\/schema\/logo\/image\/","url":"https:\/\/thehometownlawyers.com\/wp-content\/uploads\/2025\/12\/revised-kh-logo-vertical-white-background-scaled.png","contentUrl":"https:\/\/thehometownlawyers.com\/wp-content\/uploads\/2025\/12\/revised-kh-logo-vertical-white-background-scaled.png","width":2560,"height":1440,"caption":"Kruger & Hodges Hometown Injury Lawyers"},"image":{"@id":"https:\/\/thehometownlawyers.com\/es\/#\/schema\/logo\/image\/"},"sameAs":["https:\/\/www.facebook.com\/KrugerHodges\/","https:\/\/www.instagram.com\/krugerhodges\/","https:\/\/www.linkedin.com\/company\/kruger-hodges-hometown-injury-lawyers\/","https:\/\/www.youtube.com\/channel\/UCeYcMaMaN2rb9jMlqt4EIdQ","https:\/\/www.tiktok.com\/@thehometownlawyer"]}]}},"_links":{"self":[{"href":"https:\/\/thehometownlawyers.com\/es\/wp-json\/wp\/v2\/pages\/21166","targetHints":{"allow":["GET"]}}],"collection":[{"href":"https:\/\/thehometownlawyers.com\/es\/wp-json\/wp\/v2\/pages"}],"about":[{"href":"https:\/\/thehometownlawyers.com\/es\/wp-json\/wp\/v2\/types\/page"}],"author":[{"embeddable":true,"href":"https:\/\/thehometownlawyers.com\/es\/wp-json\/wp\/v2\/users\/7"}],"replies":[{"embeddable":true,"href":"https:\/\/thehometownlawyers.com\/es\/wp-json\/wp\/v2\/comments?post=21166"}],"version-history":[{"count":0,"href":"https:\/\/thehometownlawyers.com\/es\/wp-json\/wp\/v2\/pages\/21166\/revisions"}],"up":[{"embeddable":true,"href":"https:\/\/thehometownlawyers.com\/es\/wp-json\/wp\/v2\/pages\/21203"}],"wp:featuredmedia":[{"embeddable":true,"href":"https:\/\/thehometownlawyers.com\/es\/wp-json\/wp\/v2\/media\/20813"}],"wp:attachment":[{"href":"https:\/\/thehometownlawyers.com\/es\/wp-json\/wp\/v2\/media?parent=21166"}],"wp:term":[{"taxonomy":"hc_faqs","embeddable":true,"href":"https:\/\/thehometownlawyers.com\/es\/wp-json\/wp\/v2\/hc_faqs?post=21166"},{"taxonomy":"hc_spanish_faqs","embeddable":true,"href":"https:\/\/thehometownlawyers.com\/es\/wp-json\/wp\/v2\/hc_spanish_faqs?post=21166"}],"curies":[{"name":"wp","href":"https:\/\/api.w.org\/{rel}","templated":true}]}}