{"id":21167,"date":"2021-11-09T18:39:03","date_gmt":"2021-11-09T23:39:03","guid":{"rendered":"https:\/\/thehometownlawyers.com\/?page_id=21167"},"modified":"2025-03-17T11:44:11","modified_gmt":"2025-03-17T15:44:11","slug":"abogados-para-reclamos-de-geico","status":"publish","type":"page","link":"https:\/\/thehometownlawyers.com\/es\/hamilton\/abogado-de-seguros-de-auto\/geico\/","title":{"rendered":"Abogados Reclamaciones de Seguros Geico en Hamilton"},"content":{"rendered":"<p>Un accidente automovil\u00edstico puede dejarlo con da\u00f1os f\u00edsicos, emocionales y financieros. En Ohio, la parte negligente es responsable de pagar los gastos incurridos en un accidente automovil\u00edstico. Es importante tomar las medidas correctas inmediatamente despu\u00e9s de un accidente para obtener el dinero que se merece por sus lesiones. Si Geico es la compa\u00f1\u00eda de seguros, el primer paso es presentar un reclamo. Querr\u00e1s hacer tu reclamaci\u00f3n lo antes posible. Si bien puede presentar un reclamo usted mismo, es \u00fatil buscar la ayuda de abogados experimentados para los reclamos de Geico.<\/p>\n<h2>Proceso de reclamos de Geico<\/h2>\n<p>Geico es una compa\u00f1\u00eda de seguros familiar para la mayor\u00eda de las personas. <a href=\"https:\/\/www.geico.com\/about\/corporate\/at-a-glance\/\" target=\"_blank\" rel=\"noopener\">Geico<\/a> fue fundada en 1936 como la Compa\u00f1\u00eda de Seguros de Empleados del Gobierno, o GEICO. Si bien la compa\u00f1\u00eda originalmente se enfoc\u00f3 en empleados del gobierno y veteranos, pronto comenz\u00f3 a brindar seguros al p\u00fablico en general. Hoy, Geico tiene m\u00e1s de 17 millones de p\u00f3lizas de seguros de autom\u00f3viles y asegura m\u00e1s de 28 millones de veh\u00edculos. Puede presentar un reclamo con Geico de varias maneras. Puede comunicarse con <a href=\"https:\/\/claims.geico.com\/ReportClaim?~campaign=Campaign%3AStatic%3AClaims%3AClaimsprocess%3AOnlineClaimReporting&amp;_branch_match_id=942805131644107556#\/\" target=\"_blank\" rel=\"noopener\">Geico en l\u00ednea<\/a> , a trav\u00e9s de la aplicaci\u00f3n o por tel\u00e9fono al (800) 841-3000. Una vez que env\u00ede un reclamo, Geico asignar\u00e1 un ajustador al caso.<\/p>\n<p class=\"rs-content-cta rs-content-cta-small\">Para una consulta legal gratuita, llame al <a href=\"tel:+15138943333\">513-894-3333 <\/a><\/p><h2>Consejos para aprovechar al m\u00e1ximo su reclamo<\/h2>\n<p>Una vez que env\u00ede un reclamo, el ajustador se comunicar\u00e1 con usted para analizar el accidente. Una cosa importante para recordar es que Geico grabar\u00e1 la conversaci\u00f3n con el ajustador. Por lo tanto, es extremadamente importante dar las respuestas correctas. No acepte la responsabilidad por el accidente. No le diga al ajustador lo que estaba haciendo inmediatamente antes del accidente. Lo mejor es decir lo menos posible y permitir que su abogado maneje el asunto. Lo mismo se aplica a los detalles de sus registros m\u00e9dicos con respecto al tratamiento de sus lesiones. Recuerda que cualquier cosa que digas puede ser sacada de contexto o usada de manera negativa. Refiera al ajustador a sus abogados para reclamos de Geico.<\/p>\n<h3>\u00bfCu\u00e1nto recibir\u00e9 por mi reclamo?<\/h3>\n<p>La mayor\u00eda de las personas piensan que si presentan facturas por sus lesiones, recibir\u00e1n esa cantidad de dinero. Sin embargo, Geico no siempre utiliza sus facturas m\u00e9dicas para determinar su compensaci\u00f3n por un accidente. En cambio, pueden usar pautas generales que pueden no siempre resultar en un pago exacto. Podr\u00eda quedar con algunas facturas m\u00e9dicas impagas y otros gastos que luego tendr\u00eda que pagar de su bolsillo. Tenga en cuenta que Geico y todas las compa\u00f1\u00edas de seguros est\u00e1n en el negocio para ganar dinero. Intentar\u00e1n proporcionar el acuerdo m\u00e1s bajo posible para su caso. Su abogado tiene experiencia negociando con compa\u00f1\u00edas de seguros y ser\u00e1 m\u00e1s probable que obtenga un mejor resultado.<\/p>\n<h3>\u00bfDebo aceptar la primera oferta?<\/h3>\n<p>Con demasiada frecuencia, un proveedor de seguros le ofrecer\u00e1 un cheque de liquidaci\u00f3n, a veces poco despu\u00e9s del incidente. Es importante tener en cuenta que las compa\u00f1\u00edas de seguros saben que usted podr\u00eda estar en una posici\u00f3n financiera dif\u00edcil despu\u00e9s del accidente y ser\u00e1 m\u00e1s probable que acepte cualquier oferta que le hagan. Si recibe un cheque de la compa\u00f1\u00eda de seguros, no lo cambie. Cuando cobra el cheque, acepta aceptarlo como pago total por los da\u00f1os del accidente y no podr\u00e1 tomar ninguna otra medida. Desea mantener sus opciones abiertas y asegurarse de obtener el dinero que merece por sus lesiones.<\/p>\n<h3>\u00bfQu\u00e9 debo hacer si Geico niega mi reclamo?<\/h3>\n<p>Las compa\u00f1\u00edas de seguros suelen negar las reclamaciones en parte o en su totalidad por una serie de razones. La compa\u00f1\u00eda de seguros primero debe concluir que su parte asegurada tuvo la culpa del accidente. Es posible que usen una variedad de informaci\u00f3n para asignarle una parte de la responsabilidad, incluso si no fue negligente. Otro tema com\u00fan es la revisi\u00f3n de registros m\u00e9dicos. La compa\u00f1\u00eda de seguros podr\u00eda negar un reclamo si cree que usted tuvo la lesi\u00f3n antes del accidente. Si no visita el hospital poco despu\u00e9s del accidente, podr\u00edan usar eso para demostrar que sus lesiones no fueron tan graves como lo son. Si Geico niega el reclamo, no se desespere. Contacta con nuestros abogados de reclamaciones de Geico para que te ayuden a resolver el problema.<\/p>\n<p class=\"rs-content-cta\">Abogado de Lesiones Personales de hamilton Cerca de M\u00ed <a href=\"tel:+15138943333\">513-894-3333<\/a><\/p><h2>P\u00f3ngase en contacto con abogados experimentados para reclamos de Geico<\/h2>\n<p>Cuando se lesiona en un accidente automovil\u00edstico, no se demore. P\u00f3ngase en contacto con Kruger &amp; Hodges lo antes posible. Guiaremos el proceso de principio a fin y aliviaremos el estr\u00e9s de la situaci\u00f3n. Nuestro equipo trabaja directamente con Geico para negociar el acuerdo adecuado o emprender acciones legales adicionales cuando sea necesario. Nos complace ofrecerle una consulta inicial gratuita. <a href=\"https:\/\/thehometownlawyers.com\/es\/contacto\/\">P\u00f3ngase<\/a> en contacto con Kruger &amp; Hodges para hablar sobre su accidente hoy.<\/p>\n<p class=\"rs-content-cta rs-content-cta-small\">Llame o env\u00ede un mensaje de texto al <a href=\"tel:+15138943333\">513-894-3333<\/a> o complete una <a href=\"\/es\/contacto\/\">evaluaci\u00f3n gratuita de su caso<\/a><\/p>","protected":false},"excerpt":{"rendered":"<p>Un accidente automovil\u00edstico puede dejarlo con da\u00f1os f\u00edsicos, emocionales y financieros. En Ohio, la parte negligente es responsable de pagar los gastos incurridos en un accidente automovil\u00edstico. Es importante tomar las medidas correctas inmediatamente despu\u00e9s de un accidente para obtener el dinero que se merece por sus lesiones. Si Geico es la compa\u00f1\u00eda de seguros, &#8230;<\/p>\n","protected":false},"author":7,"featured_media":20892,"parent":20908,"menu_order":0,"comment_status":"closed","ping_status":"closed","template":"","meta":{"_acf_changed":false,"inline_featured_image":false,"_genesis_hide_title":false,"_genesis_hide_breadcrumbs":false,"_genesis_hide_singular_image":false,"_genesis_hide_footer_widgets":false,"_genesis_custom_body_class":"","_genesis_custom_post_class":"","_genesis_layout":"","footnotes":""},"hc_faqs":[],"hc_spanish_faqs":[],"class_list":{"0":"post-21167","1":"page","2":"type-page","3":"status-publish","4":"has-post-thumbnail","6":"hc_city_location-hamilton-es-2","7":"entry"},"acf":[],"yoast_head":"<!-- This site is optimized with the Yoast SEO plugin v27.4 - https:\/\/yoast.com\/product\/yoast-seo-wordpress\/ -->\n<title>Abogados para reclamos de Geico - Abogados de accidentes automovil\u00edsticos en Hamilton, OH<\/title>\n<meta name=\"description\" content=\"Nuestros abogados para reclamos de Geico est\u00e1n aqu\u00ed para ayudarlo con su caso de accidente automovil\u00edstico. P\u00f3ngase en contacto con Kruger &amp; Hodges para obtener m\u00e1s informaci\u00f3n.\" \/>\n<meta name=\"robots\" content=\"index, follow, max-snippet:-1, max-image-preview:large, max-video-preview:-1\" \/>\n<link rel=\"canonical\" href=\"https:\/\/thehometownlawyers.com\/es\/hamilton\/abogado-de-seguros-de-auto\/geico\/\" \/>\n<meta property=\"og:locale\" content=\"es_MX\" \/>\n<meta property=\"og:type\" content=\"article\" \/>\n<meta property=\"og:title\" content=\"Abogados para reclamos de Geico - Abogados de accidentes automovil\u00edsticos en Hamilton, OH\" \/>\n<meta property=\"og:description\" content=\"Nuestros abogados para reclamos de Geico est\u00e1n aqu\u00ed para ayudarlo con su caso de accidente automovil\u00edstico. P\u00f3ngase en contacto con Kruger &amp; Hodges para obtener m\u00e1s informaci\u00f3n.\" \/>\n<meta property=\"og:url\" content=\"https:\/\/thehometownlawyers.com\/es\/hamilton\/abogado-de-seguros-de-auto\/geico\/\" \/>\n<meta property=\"og:site_name\" content=\"Kruger &amp; Hodges Abogados De Lesiones\" \/>\n<meta property=\"article:publisher\" content=\"https:\/\/www.facebook.com\/KrugerHodges\/\" \/>\n<meta property=\"article:modified_time\" content=\"2025-03-17T15:44:11+00:00\" \/>\n<meta property=\"og:image\" content=\"https:\/\/thehometownlawyers.com\/wp-content\/uploads\/2021\/11\/geico.jpg\" \/>\n\t<meta property=\"og:image:width\" content=\"1200\" \/>\n\t<meta property=\"og:image:height\" content=\"800\" \/>\n\t<meta property=\"og:image:type\" content=\"image\/jpeg\" \/>\n<meta name=\"twitter:card\" content=\"summary_large_image\" \/>\n<meta name=\"twitter:label1\" content=\"Tiempo de lectura\" \/>\n\t<meta name=\"twitter:data1\" content=\"4 minutos\" \/>\n<script type=\"application\/ld+json\" class=\"yoast-schema-graph\">{\"@context\":\"https:\\\/\\\/schema.org\",\"@graph\":[{\"@type\":\"WebPage\",\"@id\":\"https:\\\/\\\/thehometownlawyers.com\\\/es\\\/hamilton\\\/abogado-de-seguros-de-auto\\\/geico\\\/\",\"url\":\"https:\\\/\\\/thehometownlawyers.com\\\/es\\\/hamilton\\\/abogado-de-seguros-de-auto\\\/geico\\\/\",\"name\":\"Abogados para reclamos de Geico - Abogados de accidentes automovil\u00edsticos en Hamilton, OH\",\"isPartOf\":{\"@id\":\"https:\\\/\\\/thehometownlawyers.com\\\/es\\\/#website\"},\"primaryImageOfPage\":{\"@id\":\"https:\\\/\\\/thehometownlawyers.com\\\/es\\\/hamilton\\\/abogado-de-seguros-de-auto\\\/geico\\\/#primaryimage\"},\"image\":{\"@id\":\"https:\\\/\\\/thehometownlawyers.com\\\/es\\\/hamilton\\\/abogado-de-seguros-de-auto\\\/geico\\\/#primaryimage\"},\"thumbnailUrl\":\"https:\\\/\\\/thehometownlawyers.com\\\/wp-content\\\/uploads\\\/2021\\\/11\\\/geico.jpg\",\"datePublished\":\"2021-11-09T23:39:03+00:00\",\"dateModified\":\"2025-03-17T15:44:11+00:00\",\"description\":\"Nuestros abogados para reclamos de Geico est\u00e1n aqu\u00ed para ayudarlo con su caso de accidente automovil\u00edstico. P\u00f3ngase en contacto con Kruger & Hodges para obtener m\u00e1s informaci\u00f3n.\",\"breadcrumb\":{\"@id\":\"https:\\\/\\\/thehometownlawyers.com\\\/es\\\/hamilton\\\/abogado-de-seguros-de-auto\\\/geico\\\/#breadcrumb\"},\"inLanguage\":\"es\",\"potentialAction\":[{\"@type\":\"ReadAction\",\"target\":[\"https:\\\/\\\/thehometownlawyers.com\\\/es\\\/hamilton\\\/abogado-de-seguros-de-auto\\\/geico\\\/\"]}]},{\"@type\":\"ImageObject\",\"inLanguage\":\"es\",\"@id\":\"https:\\\/\\\/thehometownlawyers.com\\\/es\\\/hamilton\\\/abogado-de-seguros-de-auto\\\/geico\\\/#primaryimage\",\"url\":\"https:\\\/\\\/thehometownlawyers.com\\\/wp-content\\\/uploads\\\/2021\\\/11\\\/geico.jpg\",\"contentUrl\":\"https:\\\/\\\/thehometownlawyers.com\\\/wp-content\\\/uploads\\\/2021\\\/11\\\/geico.jpg\",\"width\":1200,\"height\":800,\"caption\":\"Coche azul y coche rojo para Abogados de Reclamos de Geico\"},{\"@type\":\"BreadcrumbList\",\"@id\":\"https:\\\/\\\/thehometownlawyers.com\\\/es\\\/hamilton\\\/abogado-de-seguros-de-auto\\\/geico\\\/#breadcrumb\",\"itemListElement\":[{\"@type\":\"ListItem\",\"position\":1,\"name\":\"Home\",\"item\":\"https:\\\/\\\/thehometownlawyers.com\\\/es\\\/\"},{\"@type\":\"ListItem\",\"position\":2,\"name\":\"Abogados de Lesiones Personales en Hamilton\",\"item\":\"https:\\\/\\\/thehometownlawyers.com\\\/es\\\/\"},{\"@type\":\"ListItem\",\"position\":3,\"name\":\"Abogados Reclamaciones de Seguros Geico en Hamilton\"}]},{\"@type\":\"WebSite\",\"@id\":\"https:\\\/\\\/thehometownlawyers.com\\\/es\\\/#website\",\"url\":\"https:\\\/\\\/thehometownlawyers.com\\\/es\\\/\",\"name\":\"Kruger & Hodges Hometown Injury Lawyers | Accident Attorneys\",\"description\":\"Attorneys for Car, Truck and Motorcycle Accidents, Personal Injuries, and Criminal Defense.\",\"publisher\":{\"@id\":\"https:\\\/\\\/thehometownlawyers.com\\\/es\\\/#organization\"},\"alternateName\":\"Kruger & Hodges Personal Injury Lawyers\",\"inLanguage\":\"es\"},{\"@type\":\"Organization\",\"@id\":\"https:\\\/\\\/thehometownlawyers.com\\\/es\\\/#organization\",\"name\":\"Kruger & Hodges Hometown Injury Lawyers\",\"alternateName\":\"Kruger & Hodges\",\"url\":\"https:\\\/\\\/thehometownlawyers.com\\\/es\\\/\",\"logo\":{\"@type\":\"ImageObject\",\"inLanguage\":\"es\",\"@id\":\"https:\\\/\\\/thehometownlawyers.com\\\/es\\\/#\\\/schema\\\/logo\\\/image\\\/\",\"url\":\"https:\\\/\\\/thehometownlawyers.com\\\/wp-content\\\/uploads\\\/2025\\\/12\\\/revised-kh-logo-vertical-white-background-scaled.png\",\"contentUrl\":\"https:\\\/\\\/thehometownlawyers.com\\\/wp-content\\\/uploads\\\/2025\\\/12\\\/revised-kh-logo-vertical-white-background-scaled.png\",\"width\":2560,\"height\":1440,\"caption\":\"Kruger & Hodges Hometown Injury Lawyers\"},\"image\":{\"@id\":\"https:\\\/\\\/thehometownlawyers.com\\\/es\\\/#\\\/schema\\\/logo\\\/image\\\/\"},\"sameAs\":[\"https:\\\/\\\/www.facebook.com\\\/KrugerHodges\\\/\",\"https:\\\/\\\/www.instagram.com\\\/krugerhodges\\\/\",\"https:\\\/\\\/www.linkedin.com\\\/company\\\/kruger-hodges-hometown-injury-lawyers\\\/\",\"https:\\\/\\\/www.youtube.com\\\/channel\\\/UCeYcMaMaN2rb9jMlqt4EIdQ\",\"https:\\\/\\\/www.tiktok.com\\\/@thehometownlawyer\"]}]}<\/script>\n<!-- \/ Yoast SEO plugin. -->","yoast_head_json":{"title":"Abogados para reclamos de Geico - Abogados de accidentes automovil\u00edsticos en Hamilton, OH","description":"Nuestros abogados para reclamos de Geico est\u00e1n aqu\u00ed para ayudarlo con su caso de accidente automovil\u00edstico. P\u00f3ngase en contacto con Kruger & Hodges para obtener m\u00e1s informaci\u00f3n.","robots":{"index":"index","follow":"follow","max-snippet":"max-snippet:-1","max-image-preview":"max-image-preview:large","max-video-preview":"max-video-preview:-1"},"canonical":"https:\/\/thehometownlawyers.com\/es\/hamilton\/abogado-de-seguros-de-auto\/geico\/","og_locale":"es_MX","og_type":"article","og_title":"Abogados para reclamos de Geico - Abogados de accidentes automovil\u00edsticos en Hamilton, OH","og_description":"Nuestros abogados para reclamos de Geico est\u00e1n aqu\u00ed para ayudarlo con su caso de accidente automovil\u00edstico. P\u00f3ngase en contacto con Kruger & Hodges para obtener m\u00e1s informaci\u00f3n.","og_url":"https:\/\/thehometownlawyers.com\/es\/hamilton\/abogado-de-seguros-de-auto\/geico\/","og_site_name":"Kruger &amp; Hodges Abogados De Lesiones","article_publisher":"https:\/\/www.facebook.com\/KrugerHodges\/","article_modified_time":"2025-03-17T15:44:11+00:00","og_image":[{"width":1200,"height":800,"url":"https:\/\/thehometownlawyers.com\/wp-content\/uploads\/2021\/11\/geico.jpg","type":"image\/jpeg"}],"twitter_card":"summary_large_image","twitter_misc":{"Tiempo de lectura":"4 minutos"},"schema":{"@context":"https:\/\/schema.org","@graph":[{"@type":"WebPage","@id":"https:\/\/thehometownlawyers.com\/es\/hamilton\/abogado-de-seguros-de-auto\/geico\/","url":"https:\/\/thehometownlawyers.com\/es\/hamilton\/abogado-de-seguros-de-auto\/geico\/","name":"Abogados para reclamos de Geico - Abogados de accidentes automovil\u00edsticos en Hamilton, OH","isPartOf":{"@id":"https:\/\/thehometownlawyers.com\/es\/#website"},"primaryImageOfPage":{"@id":"https:\/\/thehometownlawyers.com\/es\/hamilton\/abogado-de-seguros-de-auto\/geico\/#primaryimage"},"image":{"@id":"https:\/\/thehometownlawyers.com\/es\/hamilton\/abogado-de-seguros-de-auto\/geico\/#primaryimage"},"thumbnailUrl":"https:\/\/thehometownlawyers.com\/wp-content\/uploads\/2021\/11\/geico.jpg","datePublished":"2021-11-09T23:39:03+00:00","dateModified":"2025-03-17T15:44:11+00:00","description":"Nuestros abogados para reclamos de Geico est\u00e1n aqu\u00ed para ayudarlo con su caso de accidente automovil\u00edstico. P\u00f3ngase en contacto con Kruger & Hodges para obtener m\u00e1s informaci\u00f3n.","breadcrumb":{"@id":"https:\/\/thehometownlawyers.com\/es\/hamilton\/abogado-de-seguros-de-auto\/geico\/#breadcrumb"},"inLanguage":"es","potentialAction":[{"@type":"ReadAction","target":["https:\/\/thehometownlawyers.com\/es\/hamilton\/abogado-de-seguros-de-auto\/geico\/"]}]},{"@type":"ImageObject","inLanguage":"es","@id":"https:\/\/thehometownlawyers.com\/es\/hamilton\/abogado-de-seguros-de-auto\/geico\/#primaryimage","url":"https:\/\/thehometownlawyers.com\/wp-content\/uploads\/2021\/11\/geico.jpg","contentUrl":"https:\/\/thehometownlawyers.com\/wp-content\/uploads\/2021\/11\/geico.jpg","width":1200,"height":800,"caption":"Coche azul y coche rojo para Abogados de Reclamos de Geico"},{"@type":"BreadcrumbList","@id":"https:\/\/thehometownlawyers.com\/es\/hamilton\/abogado-de-seguros-de-auto\/geico\/#breadcrumb","itemListElement":[{"@type":"ListItem","position":1,"name":"Home","item":"https:\/\/thehometownlawyers.com\/es\/"},{"@type":"ListItem","position":2,"name":"Abogados de Lesiones Personales en Hamilton","item":"https:\/\/thehometownlawyers.com\/es\/"},{"@type":"ListItem","position":3,"name":"Abogados Reclamaciones de Seguros Geico en Hamilton"}]},{"@type":"WebSite","@id":"https:\/\/thehometownlawyers.com\/es\/#website","url":"https:\/\/thehometownlawyers.com\/es\/","name":"Kruger & Hodges Hometown Injury Lawyers | Accident Attorneys","description":"Attorneys for Car, Truck and Motorcycle Accidents, Personal Injuries, and Criminal Defense.","publisher":{"@id":"https:\/\/thehometownlawyers.com\/es\/#organization"},"alternateName":"Kruger & Hodges Personal Injury Lawyers","inLanguage":"es"},{"@type":"Organization","@id":"https:\/\/thehometownlawyers.com\/es\/#organization","name":"Kruger & Hodges Hometown Injury Lawyers","alternateName":"Kruger & Hodges","url":"https:\/\/thehometownlawyers.com\/es\/","logo":{"@type":"ImageObject","inLanguage":"es","@id":"https:\/\/thehometownlawyers.com\/es\/#\/schema\/logo\/image\/","url":"https:\/\/thehometownlawyers.com\/wp-content\/uploads\/2025\/12\/revised-kh-logo-vertical-white-background-scaled.png","contentUrl":"https:\/\/thehometownlawyers.com\/wp-content\/uploads\/2025\/12\/revised-kh-logo-vertical-white-background-scaled.png","width":2560,"height":1440,"caption":"Kruger & Hodges Hometown Injury Lawyers"},"image":{"@id":"https:\/\/thehometownlawyers.com\/es\/#\/schema\/logo\/image\/"},"sameAs":["https:\/\/www.facebook.com\/KrugerHodges\/","https:\/\/www.instagram.com\/krugerhodges\/","https:\/\/www.linkedin.com\/company\/kruger-hodges-hometown-injury-lawyers\/","https:\/\/www.youtube.com\/channel\/UCeYcMaMaN2rb9jMlqt4EIdQ","https:\/\/www.tiktok.com\/@thehometownlawyer"]}]}},"_links":{"self":[{"href":"https:\/\/thehometownlawyers.com\/es\/wp-json\/wp\/v2\/pages\/21167","targetHints":{"allow":["GET"]}}],"collection":[{"href":"https:\/\/thehometownlawyers.com\/es\/wp-json\/wp\/v2\/pages"}],"about":[{"href":"https:\/\/thehometownlawyers.com\/es\/wp-json\/wp\/v2\/types\/page"}],"author":[{"embeddable":true,"href":"https:\/\/thehometownlawyers.com\/es\/wp-json\/wp\/v2\/users\/7"}],"replies":[{"embeddable":true,"href":"https:\/\/thehometownlawyers.com\/es\/wp-json\/wp\/v2\/comments?post=21167"}],"version-history":[{"count":0,"href":"https:\/\/thehometownlawyers.com\/es\/wp-json\/wp\/v2\/pages\/21167\/revisions"}],"up":[{"embeddable":true,"href":"https:\/\/thehometownlawyers.com\/es\/wp-json\/wp\/v2\/pages\/20908"}],"wp:featuredmedia":[{"embeddable":true,"href":"https:\/\/thehometownlawyers.com\/es\/wp-json\/wp\/v2\/media\/20892"}],"wp:attachment":[{"href":"https:\/\/thehometownlawyers.com\/es\/wp-json\/wp\/v2\/media?parent=21167"}],"wp:term":[{"taxonomy":"hc_faqs","embeddable":true,"href":"https:\/\/thehometownlawyers.com\/es\/wp-json\/wp\/v2\/hc_faqs?post=21167"},{"taxonomy":"hc_spanish_faqs","embeddable":true,"href":"https:\/\/thehometownlawyers.com\/es\/wp-json\/wp\/v2\/hc_spanish_faqs?post=21167"}],"curies":[{"name":"wp","href":"https:\/\/api.w.org\/{rel}","templated":true}]}}