{"id":21168,"date":"2022-01-03T19:07:37","date_gmt":"2022-01-04T00:07:37","guid":{"rendered":"https:\/\/thehometownlawyers.com\/?page_id=21168"},"modified":"2025-04-03T13:56:29","modified_gmt":"2025-04-03T17:56:29","slug":"accidentes-de-camiones-en-west-elkton-ohio","status":"publish","type":"page","link":"https:\/\/thehometownlawyers.com\/es\/lesiones-personales-en-west-elkton-ohio\/accidentes-de-camiones-en-west-elkton-ohio\/","title":{"rendered":"Abogado de Accidente de Cami\u00f3n en West Elkton"},"content":{"rendered":"<h2>Accidentes de camiones en West Elkton<\/h2>\n<p>Los grandes camiones comerciales son parte de nuestra econom\u00eda. Los necesitamos para llevar nuestros productos y mercanc\u00edas por todo el pa\u00eds. Si bien los camiones son necesarios, tambi\u00e9n pueden ser peligrosos. Si sufre un accidente con un cami\u00f3n, las consecuencias pueden ser devastadoras. Los accidentes de camiones ocurren con cierta frecuencia y, cuando lo hacen, es m\u00e1s probable que las lesiones pongan en peligro la vida. Las muertes por accidentes de camiones ocurren con m\u00e1s frecuencia que las muertes en otros tipos de choques. West Elkton es una comunidad muy peque\u00f1a, pero viajamos muy a menudo por las carreteras y autopistas cercanas. Los accidentes de camiones en West Elkton pueden ocurrir porque compartimos las carreteras con camiones grandes a diario.<\/p>\n<p class=\"rs-content-cta rs-content-cta-small\">Para una consulta legal gratuita, llame al <a href=\"tel:+15138943333\">513-894-3333 <\/a><\/p><h2>Causas de accidentes de camiones<\/h2>\n<p>La <a href=\"https:\/\/www.fmcsa.dot.gov\/research-and-analysis\/research\/large-truck-crash-causation-study\" target=\"_blank\" rel=\"noopener\">Administraci\u00f3n Federal de Seguridad de Autotransportes<\/a> (FMCSA, por sus siglas en ingl\u00e9s) estudi\u00f3 los accidentes de camiones para determinar qu\u00e9 los caus\u00f3. Determinaron que hay causas y factores contribuyentes en los accidentes de camiones. Los clasifican en tres tipos principales, que incluyen:<\/p>\n<ul>\n<li>Causas del controlador<\/li>\n<li>Aver\u00edas mec\u00e1nicas<\/li>\n<li>Condiciones exteriores<\/li>\n<\/ul>\n<p>Los errores de los conductores son la causa m\u00e1s com\u00fan de accidentes de camiones. Los errores del conductor incluyen cosas como exceso de velocidad, incumplimiento de las se\u00f1ales de tr\u00e1fico, fatiga, conducci\u00f3n distra\u00edda, conducci\u00f3n en estado de ebriedad, inexperiencia y otros. La FMCSA encontr\u00f3 que los cinco tipos principales de accidentes de camiones son colisiones traseras, problemas de carril, golpes laterales, volcaduras y giros.<\/p>\n<p>Los tipos m\u00e1s comunes de fallas en los camiones son problemas con los frenos y pinchazos de llantas. Las condiciones exteriores que causan o contribuyen a los accidentes de camiones en West Elkton y en otros lugares incluyen la nieve y el hielo, la lluvia, la visibilidad y las condiciones de la carretera. Estos tipos de factores pueden contribuir a los accidentes de camiones. Por ejemplo, un camionero fatigado se encuentra con una tormenta de nieve y no reduce la velocidad en la carretera y golpea un autom\u00f3vil. Es probable que haya varios factores que contribuyeron o causaron directamente el accidente.<\/p>\n<p class=\"rs-content-cta\">Abogado de Lesiones Personales de West Elkton Cerca de M\u00ed <a href=\"tel:+15138943333\">513-894-3333<\/a><\/p><h2>Por qu\u00e9 los accidentes de camiones en West Elkton son complejos<\/h2>\n<p>Los accidentes de camiones son m\u00e1s complejos que otros tipos de accidentes. Los accidentes de camiones suelen ser m\u00e1s graves que otros tipos de accidentes y provocan lesiones y muertes m\u00e1s graves.<\/p>\n<p>Hay bastante informaci\u00f3n que deber\u00e1 recopilar despu\u00e9s de un accidente de cami\u00f3n, y no siempre es f\u00e1cil de obtener. Es fundamental obtener acceso al <a href=\"https:\/\/www.fmcsa.dot.gov\/hours-service\/elds\/electronic-logging-devices\" target=\"_blank\" rel=\"noopener\">dispositivo de registro electr\u00f3nico<\/a> (ELD). Estos datos brindan muchos detalles, como cu\u00e1nto tiempo estuvo el conductor detr\u00e1s del volante y qu\u00e9 estaba sucediendo en el momento del choque. Tambi\u00e9n querr\u00e1 ver el registro de mantenimiento del cami\u00f3n para verificar que el cami\u00f3n estaba en buenas condiciones de funcionamiento.<\/p>\n<p>Otro factor importante en los accidentes de camiones es determinar la causa del choque. Deber\u00e1 mostrar c\u00f3mo ocurri\u00f3 el accidente para que pueda probar la negligencia. Hay muchas formas de obtener informaci\u00f3n sobre el accidente, incluidos testigos y conductores, im\u00e1genes de video y evaluaci\u00f3n de los da\u00f1os del veh\u00edculo. En algunos casos, es \u00fatil reconstruir el accidente. La reconstrucci\u00f3n profesional de accidentes mostrar\u00e1 lo que ocurri\u00f3 inmediatamente antes, durante y despu\u00e9s del accidente.<\/p>\n<p class=\"rs-content-cta rs-content-cta-small\"><a href=\"\/es\/contacto\/\">Haga clic para contactar<\/a> con nuestros lesiones personales abogados hoy<\/p><h2>Lesiones que resultan de accidentes de camiones<\/h2>\n<p>Desafortunadamente, cuando un cami\u00f3n grande choca contra un veh\u00edculo m\u00e1s peque\u00f1o, el veh\u00edculo m\u00e1s peque\u00f1o se lleva la peor parte del golpe. Las lesiones graves comunes en accidentes de motocicleta son:<\/p>\n<ul>\n<li>Latigazo<\/li>\n<li>Trauma de la cabeza<\/li>\n<li>Lesiones de espalda y columna<\/li>\n<li>lesiones por aplastamiento<\/li>\n<li>Huesos rotos<\/li>\n<li>Da\u00f1o a \u00f3rganos internos<\/li>\n<li>Laceraciones y contusiones<\/li>\n<\/ul>\n<p>Los accidentes de camiones pueden resultar en quedar atrapado dentro de un veh\u00edculo aplastado. Es posible que el equipo de rescate necesite usar las fauces de la vida para sacarte de los restos retorcidos. Muchas veces, las v\u00edctimas de accidentes de camiones deben ser transportadas r\u00e1pidamente al centro de trauma m\u00e1s cercano, a veces en un helic\u00f3ptero de vuelo de vida. Los costos de la atenci\u00f3n m\u00e9dica se suman r\u00e1pidamente, pero la parte negligente debe ser responsable de sus gastos m\u00e9dicos y otros da\u00f1os.<\/p>\n<p class=\"rs-content-cta rs-content-cta-small\">Complete una <a href=\"\/es\/contacto\/\">evaluaci\u00f3n gratuita de su caso<\/a> ahora<\/p><h2>Gastos M\u00e9dicos y Otros Da\u00f1os<\/h2>\n<p>Los gastos causados por accidentes de camiones pueden ser extremadamente altos. El conductor negligente debe pagar sus costos m\u00e9dicos y otros da\u00f1os. Adem\u00e1s de los gastos m\u00e9dicos, otros da\u00f1os incluyen salarios perdidos, dolor y sufrimiento, trauma emocional, costos de rehabilitaci\u00f3n y cualquier otro gasto en el que haya incurrido a causa del accidente. Para reclamar una compensaci\u00f3n, debe probar que la otra parte fue negligente. Negligencia significa que el conductor hizo algo que sab\u00eda o deber\u00eda haber sabido que podr\u00eda causar da\u00f1o a otra persona.<\/p>\n<p>Algunas acciones negligentes son el exceso de velocidad, la conducci\u00f3n distra\u00edda, el incumplimiento de las se\u00f1ales de tr\u00e1fico, la conducci\u00f3n en estado de ebriedad y otras. Hay cuatro elementos que prueban la negligencia, incluidos el deber, el incumplimiento, la causalidad y los da\u00f1os. El conductor debe haber tenido el deber de conducir con seguridad y haber incumplido ese deber. El accidente caus\u00f3 sus lesiones y sufri\u00f3 da\u00f1os como resultado del accidente. Su <a href=\"https:\/\/thehometownlawyers.com\/es\/\">abogado<\/a> trabajar\u00e1 para reunir evidencia para probar su reclamo.<\/p>\n<p>Si result\u00f3 gravemente herido en un accidente de cami\u00f3n, busque la orientaci\u00f3n de un abogado de confianza. Comun\u00edquese con nuestro equipo legal en <a href=\"https:\/\/thehometownlawyers.com\/es\/contacto\/\">Kruger &amp; Hodges<\/a> al (937) 733-6079 para programar una consulta inicial gratuita para analizar su caso.<\/p>\n<p class=\"rs-content-cta rs-content-cta-small\">Llame o env\u00ede un mensaje de texto al <a href=\"tel:+15138943333\">513-894-3333<\/a> o complete una <a href=\"\/es\/contacto\/\">evaluaci\u00f3n gratuita de su caso<\/a><\/p>","protected":false},"excerpt":{"rendered":"<p>Accidentes de camiones en West Elkton Los grandes camiones comerciales son parte de nuestra econom\u00eda. Los necesitamos para llevar nuestros productos y mercanc\u00edas por todo el pa\u00eds. Si bien los camiones son necesarios, tambi\u00e9n pueden ser peligrosos. Si sufre un accidente con un cami\u00f3n, las consecuencias pueden ser devastadoras. Los accidentes de camiones ocurren con &#8230;<\/p>\n","protected":false},"author":7,"featured_media":24597,"parent":21164,"menu_order":0,"comment_status":"closed","ping_status":"closed","template":"","meta":{"_acf_changed":false,"inline_featured_image":false,"_genesis_hide_title":false,"_genesis_hide_breadcrumbs":false,"_genesis_hide_singular_image":false,"_genesis_hide_footer_widgets":false,"_genesis_custom_body_class":"","_genesis_custom_post_class":"","_genesis_layout":"","footnotes":""},"hc_faqs":[],"hc_spanish_faqs":[],"class_list":{"0":"post-21168","1":"page","2":"type-page","3":"status-publish","4":"has-post-thumbnail","6":"hc_city_location-west-elkton-es","7":"entry"},"acf":[],"yoast_head":"<!-- This site is optimized with the Yoast SEO plugin v27.3 - https:\/\/yoast.com\/product\/yoast-seo-wordpress\/ -->\n<title>Accidentes de Camiones en West Elkton | Kruger y Hodge<\/title>\n<meta name=\"description\" content=\"Los accidentes de camiones en West Elkton pueden ser devastadores. Aseg\u00farese de tener un abogado experto de su lado para que lo ayude. P\u00f3ngase en contacto con nosotros hoy.\" \/>\n<meta name=\"robots\" content=\"index, follow, max-snippet:-1, max-image-preview:large, max-video-preview:-1\" \/>\n<link rel=\"canonical\" href=\"https:\/\/thehometownlawyers.com\/es\/lesiones-personales-en-west-elkton-ohio\/accidentes-de-camiones-en-west-elkton-ohio\/\" \/>\n<meta property=\"og:locale\" content=\"es_MX\" \/>\n<meta property=\"og:type\" content=\"article\" \/>\n<meta property=\"og:title\" content=\"Accidentes de Camiones en West Elkton | Kruger y Hodge\" \/>\n<meta property=\"og:description\" content=\"Los accidentes de camiones en West Elkton pueden ser devastadores. Aseg\u00farese de tener un abogado experto de su lado para que lo ayude. P\u00f3ngase en contacto con nosotros hoy.\" \/>\n<meta property=\"og:url\" content=\"https:\/\/thehometownlawyers.com\/es\/lesiones-personales-en-west-elkton-ohio\/accidentes-de-camiones-en-west-elkton-ohio\/\" \/>\n<meta property=\"og:site_name\" content=\"Kruger &amp; Hodges Abogados De Lesiones\" \/>\n<meta property=\"article:publisher\" content=\"https:\/\/www.facebook.com\/KrugerHodges\/\" \/>\n<meta property=\"article:modified_time\" content=\"2025-04-03T17:56:29+00:00\" \/>\n<meta property=\"og:image\" content=\"https:\/\/thehometownlawyers.com\/wp-content\/uploads\/2025\/03\/lesiones-personales-en-west-elkton-ohio-accidentes-de-camiones-en-west-elkton-ohio.jpg\" \/>\n\t<meta property=\"og:image:width\" content=\"1000\" \/>\n\t<meta property=\"og:image:height\" content=\"667\" \/>\n\t<meta property=\"og:image:type\" content=\"image\/jpeg\" \/>\n<meta name=\"twitter:card\" content=\"summary_large_image\" \/>\n<meta name=\"twitter:label1\" content=\"Tiempo de lectura\" \/>\n\t<meta name=\"twitter:data1\" content=\"5 minutos\" \/>\n<script type=\"application\/ld+json\" class=\"yoast-schema-graph\">{\"@context\":\"https:\\\/\\\/schema.org\",\"@graph\":[{\"@type\":\"WebPage\",\"@id\":\"https:\\\/\\\/thehometownlawyers.com\\\/es\\\/lesiones-personales-en-west-elkton-ohio\\\/accidentes-de-camiones-en-west-elkton-ohio\\\/\",\"url\":\"https:\\\/\\\/thehometownlawyers.com\\\/es\\\/lesiones-personales-en-west-elkton-ohio\\\/accidentes-de-camiones-en-west-elkton-ohio\\\/\",\"name\":\"Accidentes de Camiones en West Elkton | Kruger y Hodge\",\"isPartOf\":{\"@id\":\"https:\\\/\\\/thehometownlawyers.com\\\/es\\\/#website\"},\"primaryImageOfPage\":{\"@id\":\"https:\\\/\\\/thehometownlawyers.com\\\/es\\\/lesiones-personales-en-west-elkton-ohio\\\/accidentes-de-camiones-en-west-elkton-ohio\\\/#primaryimage\"},\"image\":{\"@id\":\"https:\\\/\\\/thehometownlawyers.com\\\/es\\\/lesiones-personales-en-west-elkton-ohio\\\/accidentes-de-camiones-en-west-elkton-ohio\\\/#primaryimage\"},\"thumbnailUrl\":\"https:\\\/\\\/thehometownlawyers.com\\\/wp-content\\\/uploads\\\/2025\\\/03\\\/lesiones-personales-en-west-elkton-ohio-accidentes-de-camiones-en-west-elkton-ohio.jpg\",\"datePublished\":\"2022-01-04T00:07:37+00:00\",\"dateModified\":\"2025-04-03T17:56:29+00:00\",\"description\":\"Los accidentes de camiones en West Elkton pueden ser devastadores. Aseg\u00farese de tener un abogado experto de su lado para que lo ayude. P\u00f3ngase en contacto con nosotros hoy.\",\"breadcrumb\":{\"@id\":\"https:\\\/\\\/thehometownlawyers.com\\\/es\\\/lesiones-personales-en-west-elkton-ohio\\\/accidentes-de-camiones-en-west-elkton-ohio\\\/#breadcrumb\"},\"inLanguage\":\"es\",\"potentialAction\":[{\"@type\":\"ReadAction\",\"target\":[\"https:\\\/\\\/thehometownlawyers.com\\\/es\\\/lesiones-personales-en-west-elkton-ohio\\\/accidentes-de-camiones-en-west-elkton-ohio\\\/\"]}]},{\"@type\":\"ImageObject\",\"inLanguage\":\"es\",\"@id\":\"https:\\\/\\\/thehometownlawyers.com\\\/es\\\/lesiones-personales-en-west-elkton-ohio\\\/accidentes-de-camiones-en-west-elkton-ohio\\\/#primaryimage\",\"url\":\"https:\\\/\\\/thehometownlawyers.com\\\/wp-content\\\/uploads\\\/2025\\\/03\\\/lesiones-personales-en-west-elkton-ohio-accidentes-de-camiones-en-west-elkton-ohio.jpg\",\"contentUrl\":\"https:\\\/\\\/thehometownlawyers.com\\\/wp-content\\\/uploads\\\/2025\\\/03\\\/lesiones-personales-en-west-elkton-ohio-accidentes-de-camiones-en-west-elkton-ohio.jpg\",\"width\":1000,\"height\":667,\"caption\":\"Industrial carrier white big rig semi truck tractor with extended cab for truck driver rest transporting cargo in refrigerator semi trailer running on the highway road with green forest on the side.\"},{\"@type\":\"BreadcrumbList\",\"@id\":\"https:\\\/\\\/thehometownlawyers.com\\\/es\\\/lesiones-personales-en-west-elkton-ohio\\\/accidentes-de-camiones-en-west-elkton-ohio\\\/#breadcrumb\",\"itemListElement\":[{\"@type\":\"ListItem\",\"position\":1,\"name\":\"Home\",\"item\":\"https:\\\/\\\/thehometownlawyers.com\\\/es\\\/\"},{\"@type\":\"ListItem\",\"position\":2,\"name\":\"Abogado de Lesiones Personales en West Elkton\",\"item\":\"https:\\\/\\\/thehometownlawyers.com\\\/es\\\/lesiones-personales-en-west-elkton-ohio\\\/\"},{\"@type\":\"ListItem\",\"position\":3,\"name\":\"Abogado de Accidente de Cami\u00f3n en West Elkton\"}]},{\"@type\":\"WebSite\",\"@id\":\"https:\\\/\\\/thehometownlawyers.com\\\/es\\\/#website\",\"url\":\"https:\\\/\\\/thehometownlawyers.com\\\/es\\\/\",\"name\":\"Kruger & Hodges Hometown Injury Lawyers | Accident Attorneys\",\"description\":\"Attorneys for Car, Truck and Motorcycle Accidents, Personal Injuries, and Criminal Defense.\",\"publisher\":{\"@id\":\"https:\\\/\\\/thehometownlawyers.com\\\/es\\\/#organization\"},\"alternateName\":\"Kruger & Hodges Personal Injury Lawyers\",\"inLanguage\":\"es\"},{\"@type\":\"Organization\",\"@id\":\"https:\\\/\\\/thehometownlawyers.com\\\/es\\\/#organization\",\"name\":\"Kruger & Hodges Hometown Injury Lawyers\",\"alternateName\":\"Kruger & Hodges\",\"url\":\"https:\\\/\\\/thehometownlawyers.com\\\/es\\\/\",\"logo\":{\"@type\":\"ImageObject\",\"inLanguage\":\"es\",\"@id\":\"https:\\\/\\\/thehometownlawyers.com\\\/es\\\/#\\\/schema\\\/logo\\\/image\\\/\",\"url\":\"https:\\\/\\\/thehometownlawyers.com\\\/wp-content\\\/uploads\\\/2025\\\/12\\\/revised-kh-logo-vertical-white-background-scaled.png\",\"contentUrl\":\"https:\\\/\\\/thehometownlawyers.com\\\/wp-content\\\/uploads\\\/2025\\\/12\\\/revised-kh-logo-vertical-white-background-scaled.png\",\"width\":2560,\"height\":1440,\"caption\":\"Kruger & Hodges Hometown Injury Lawyers\"},\"image\":{\"@id\":\"https:\\\/\\\/thehometownlawyers.com\\\/es\\\/#\\\/schema\\\/logo\\\/image\\\/\"},\"sameAs\":[\"https:\\\/\\\/www.facebook.com\\\/KrugerHodges\\\/\",\"https:\\\/\\\/www.instagram.com\\\/krugerhodges\\\/\",\"https:\\\/\\\/www.linkedin.com\\\/company\\\/kruger-hodges-hometown-injury-lawyers\\\/\",\"https:\\\/\\\/www.youtube.com\\\/channel\\\/UCeYcMaMaN2rb9jMlqt4EIdQ\",\"https:\\\/\\\/www.tiktok.com\\\/@thehometownlawyer\"]}]}<\/script>\n<!-- \/ Yoast SEO plugin. -->","yoast_head_json":{"title":"Accidentes de Camiones en West Elkton | Kruger y Hodge","description":"Los accidentes de camiones en West Elkton pueden ser devastadores. Aseg\u00farese de tener un abogado experto de su lado para que lo ayude. P\u00f3ngase en contacto con nosotros hoy.","robots":{"index":"index","follow":"follow","max-snippet":"max-snippet:-1","max-image-preview":"max-image-preview:large","max-video-preview":"max-video-preview:-1"},"canonical":"https:\/\/thehometownlawyers.com\/es\/lesiones-personales-en-west-elkton-ohio\/accidentes-de-camiones-en-west-elkton-ohio\/","og_locale":"es_MX","og_type":"article","og_title":"Accidentes de Camiones en West Elkton | Kruger y Hodge","og_description":"Los accidentes de camiones en West Elkton pueden ser devastadores. Aseg\u00farese de tener un abogado experto de su lado para que lo ayude. P\u00f3ngase en contacto con nosotros hoy.","og_url":"https:\/\/thehometownlawyers.com\/es\/lesiones-personales-en-west-elkton-ohio\/accidentes-de-camiones-en-west-elkton-ohio\/","og_site_name":"Kruger &amp; Hodges Abogados De Lesiones","article_publisher":"https:\/\/www.facebook.com\/KrugerHodges\/","article_modified_time":"2025-04-03T17:56:29+00:00","og_image":[{"width":1000,"height":667,"url":"https:\/\/thehometownlawyers.com\/wp-content\/uploads\/2025\/03\/lesiones-personales-en-west-elkton-ohio-accidentes-de-camiones-en-west-elkton-ohio.jpg","type":"image\/jpeg"}],"twitter_card":"summary_large_image","twitter_misc":{"Tiempo de lectura":"5 minutos"},"schema":{"@context":"https:\/\/schema.org","@graph":[{"@type":"WebPage","@id":"https:\/\/thehometownlawyers.com\/es\/lesiones-personales-en-west-elkton-ohio\/accidentes-de-camiones-en-west-elkton-ohio\/","url":"https:\/\/thehometownlawyers.com\/es\/lesiones-personales-en-west-elkton-ohio\/accidentes-de-camiones-en-west-elkton-ohio\/","name":"Accidentes de Camiones en West Elkton | Kruger y Hodge","isPartOf":{"@id":"https:\/\/thehometownlawyers.com\/es\/#website"},"primaryImageOfPage":{"@id":"https:\/\/thehometownlawyers.com\/es\/lesiones-personales-en-west-elkton-ohio\/accidentes-de-camiones-en-west-elkton-ohio\/#primaryimage"},"image":{"@id":"https:\/\/thehometownlawyers.com\/es\/lesiones-personales-en-west-elkton-ohio\/accidentes-de-camiones-en-west-elkton-ohio\/#primaryimage"},"thumbnailUrl":"https:\/\/thehometownlawyers.com\/wp-content\/uploads\/2025\/03\/lesiones-personales-en-west-elkton-ohio-accidentes-de-camiones-en-west-elkton-ohio.jpg","datePublished":"2022-01-04T00:07:37+00:00","dateModified":"2025-04-03T17:56:29+00:00","description":"Los accidentes de camiones en West Elkton pueden ser devastadores. Aseg\u00farese de tener un abogado experto de su lado para que lo ayude. P\u00f3ngase en contacto con nosotros hoy.","breadcrumb":{"@id":"https:\/\/thehometownlawyers.com\/es\/lesiones-personales-en-west-elkton-ohio\/accidentes-de-camiones-en-west-elkton-ohio\/#breadcrumb"},"inLanguage":"es","potentialAction":[{"@type":"ReadAction","target":["https:\/\/thehometownlawyers.com\/es\/lesiones-personales-en-west-elkton-ohio\/accidentes-de-camiones-en-west-elkton-ohio\/"]}]},{"@type":"ImageObject","inLanguage":"es","@id":"https:\/\/thehometownlawyers.com\/es\/lesiones-personales-en-west-elkton-ohio\/accidentes-de-camiones-en-west-elkton-ohio\/#primaryimage","url":"https:\/\/thehometownlawyers.com\/wp-content\/uploads\/2025\/03\/lesiones-personales-en-west-elkton-ohio-accidentes-de-camiones-en-west-elkton-ohio.jpg","contentUrl":"https:\/\/thehometownlawyers.com\/wp-content\/uploads\/2025\/03\/lesiones-personales-en-west-elkton-ohio-accidentes-de-camiones-en-west-elkton-ohio.jpg","width":1000,"height":667,"caption":"Industrial carrier white big rig semi truck tractor with extended cab for truck driver rest transporting cargo in refrigerator semi trailer running on the highway road with green forest on the side."},{"@type":"BreadcrumbList","@id":"https:\/\/thehometownlawyers.com\/es\/lesiones-personales-en-west-elkton-ohio\/accidentes-de-camiones-en-west-elkton-ohio\/#breadcrumb","itemListElement":[{"@type":"ListItem","position":1,"name":"Home","item":"https:\/\/thehometownlawyers.com\/es\/"},{"@type":"ListItem","position":2,"name":"Abogado de Lesiones Personales en West Elkton","item":"https:\/\/thehometownlawyers.com\/es\/lesiones-personales-en-west-elkton-ohio\/"},{"@type":"ListItem","position":3,"name":"Abogado de Accidente de Cami\u00f3n en West Elkton"}]},{"@type":"WebSite","@id":"https:\/\/thehometownlawyers.com\/es\/#website","url":"https:\/\/thehometownlawyers.com\/es\/","name":"Kruger & Hodges Hometown Injury Lawyers | Accident Attorneys","description":"Attorneys for Car, Truck and Motorcycle Accidents, Personal Injuries, and Criminal Defense.","publisher":{"@id":"https:\/\/thehometownlawyers.com\/es\/#organization"},"alternateName":"Kruger & Hodges Personal Injury Lawyers","inLanguage":"es"},{"@type":"Organization","@id":"https:\/\/thehometownlawyers.com\/es\/#organization","name":"Kruger & Hodges Hometown Injury Lawyers","alternateName":"Kruger & Hodges","url":"https:\/\/thehometownlawyers.com\/es\/","logo":{"@type":"ImageObject","inLanguage":"es","@id":"https:\/\/thehometownlawyers.com\/es\/#\/schema\/logo\/image\/","url":"https:\/\/thehometownlawyers.com\/wp-content\/uploads\/2025\/12\/revised-kh-logo-vertical-white-background-scaled.png","contentUrl":"https:\/\/thehometownlawyers.com\/wp-content\/uploads\/2025\/12\/revised-kh-logo-vertical-white-background-scaled.png","width":2560,"height":1440,"caption":"Kruger & Hodges Hometown Injury Lawyers"},"image":{"@id":"https:\/\/thehometownlawyers.com\/es\/#\/schema\/logo\/image\/"},"sameAs":["https:\/\/www.facebook.com\/KrugerHodges\/","https:\/\/www.instagram.com\/krugerhodges\/","https:\/\/www.linkedin.com\/company\/kruger-hodges-hometown-injury-lawyers\/","https:\/\/www.youtube.com\/channel\/UCeYcMaMaN2rb9jMlqt4EIdQ","https:\/\/www.tiktok.com\/@thehometownlawyer"]}]}},"_links":{"self":[{"href":"https:\/\/thehometownlawyers.com\/es\/wp-json\/wp\/v2\/pages\/21168","targetHints":{"allow":["GET"]}}],"collection":[{"href":"https:\/\/thehometownlawyers.com\/es\/wp-json\/wp\/v2\/pages"}],"about":[{"href":"https:\/\/thehometownlawyers.com\/es\/wp-json\/wp\/v2\/types\/page"}],"author":[{"embeddable":true,"href":"https:\/\/thehometownlawyers.com\/es\/wp-json\/wp\/v2\/users\/7"}],"replies":[{"embeddable":true,"href":"https:\/\/thehometownlawyers.com\/es\/wp-json\/wp\/v2\/comments?post=21168"}],"version-history":[{"count":0,"href":"https:\/\/thehometownlawyers.com\/es\/wp-json\/wp\/v2\/pages\/21168\/revisions"}],"up":[{"embeddable":true,"href":"https:\/\/thehometownlawyers.com\/es\/wp-json\/wp\/v2\/pages\/21164"}],"wp:featuredmedia":[{"embeddable":true,"href":"https:\/\/thehometownlawyers.com\/es\/wp-json\/wp\/v2\/media\/24597"}],"wp:attachment":[{"href":"https:\/\/thehometownlawyers.com\/es\/wp-json\/wp\/v2\/media?parent=21168"}],"wp:term":[{"taxonomy":"hc_faqs","embeddable":true,"href":"https:\/\/thehometownlawyers.com\/es\/wp-json\/wp\/v2\/hc_faqs?post=21168"},{"taxonomy":"hc_spanish_faqs","embeddable":true,"href":"https:\/\/thehometownlawyers.com\/es\/wp-json\/wp\/v2\/hc_spanish_faqs?post=21168"}],"curies":[{"name":"wp","href":"https:\/\/api.w.org\/{rel}","templated":true}]}}