{"id":21169,"date":"2021-12-28T19:24:12","date_gmt":"2021-12-29T00:24:12","guid":{"rendered":"https:\/\/thehometownlawyers.com\/?page_id=21169"},"modified":"2025-03-24T13:49:14","modified_gmt":"2025-03-24T17:49:14","slug":"accidentes-automovilisticos-en-camden-ohio","status":"publish","type":"page","link":"https:\/\/thehometownlawyers.com\/es\/lesiones-personales-en-camden-ohio\/accidentes-automovilisticos-en-camden-ohio\/","title":{"rendered":"Abogado de Accidente Automovil\u00edstico en Camden"},"content":{"rendered":"<h2>Accidentes automovil\u00edsticos en Camden, Ohio<\/h2>\n<p>Camden, Ohio es una comunidad algo rural ubicada en el condado de Preble en la parte occidental del estado. El \u00e1rea tiene muchas autopistas y caminos, y es imprescindible conducir. Ohio State Route 725 es una carretera de este a oeste que es popular para veh\u00edculos de pasajeros y camiones y pasa cerca de Camden, Ohio. Como resultado, compartimos nuestras carreteras con muchos otros veh\u00edculos. El n\u00famero de accidentes de veh\u00edculos en el condado ha ido en aumento. Este a\u00f1o, la <a href=\"https:\/\/www.statepatrol.ohio.gov\/statistics\/statspage.asp?Area1=68&amp;B2=Submit#gsc.tab=0\" target=\"_blank\" rel=\"noopener\">Patrulla de Carreteras del Estado de Ohio<\/a> investig\u00f3 281 accidentes, lo que representa un aumento con respecto al a\u00f1o anterior. Cuando las personas resultan heridas en accidentes automovil\u00edsticos en Camden, Ohio, es posible que se les deba dinero por da\u00f1os y perjuicios. Un abogado experto en accidentes automovil\u00edsticos en Camden, Ohio, puede ayudarlo con su reclamo.<\/p>\n<p class=\"rs-content-cta rs-content-cta-small\">Para una consulta legal gratuita, llame al <a href=\"tel:+15138943333\">513-894-3333 <\/a><\/p><h2>Qu\u00e9 hacer despu\u00e9s de un accidente automovil\u00edstico en Camden, Ohio<\/h2>\n<p>Un accidente automovil\u00edstico puede ser aterrador y es posible que despu\u00e9s contin\u00faes asustado y estresado. Hay varias cosas que debe hacer para asegurarse de que est\u00e1 en la mejor posici\u00f3n para obtener una compensaci\u00f3n por sus lesiones. P\u00f3ngase en contacto con la polic\u00eda inmediatamente. La polic\u00eda llegar\u00e1 al lugar y tomar\u00e1 el control. Investigar\u00e1n el accidente, hablar\u00e1n con los conductores y testigos, y revisar\u00e1n los da\u00f1os del veh\u00edculo y otros asuntos para crear un informe. El parte de accidente te ser\u00e1 \u00fatil para tu caso.<\/p>\n<p>Si puede, tome fotos antes de mover los autos, siempre que sea seguro hacerlo. Vaya al hospital o al m\u00e9dico lo antes posible despu\u00e9s del accidente, incluso si no necesariamente se siente herido. Algunas lesiones graves pueden no ser evidentes de inmediato. Discuta el accidente con un abogado experimentado en accidentes automovil\u00edsticos en Camden, Ohio, antes de hablar con la compa\u00f1\u00eda de seguros. Su abogado trabajar\u00e1 en su nombre y lo ayudar\u00e1 en el proceso de reclamo.<\/p>\n<h2>Negligencia en accidentes automovil\u00edsticos en Camden, Ohio<\/h2>\n<p>Ohio es un estado que considera la culpa al determinar la persona responsable del accidente. El conductor negligente debe pagar todos y cada uno de los costos asociados con el accidente. Debe probar que el otro conductor fue negligente. Negligencia simplemente significa que un conductor sab\u00eda o deber\u00eda haber sabido que sus acciones podr\u00edan resultar en un choque con lesiones graves o muertes.<\/p>\n<p>Algunos ejemplos de negligencia incluyen exceso de velocidad, conducir bajo la influencia de drogas o alcohol, conducir distra\u00eddo, no obedecer las se\u00f1ales de tr\u00e1nsito y m\u00e1s. En Ohio, una parte puede obtener una compensaci\u00f3n incluso si fue parcialmente responsable del accidente. El conductor negligente no necesita recibir una multa por el accidente. La compa\u00f1\u00eda de seguros o el juez evaluar\u00e1 los detalles del accidente para determinar la negligencia. Las reglas de <a href=\"https:\/\/insurance.ohio.gov\/wps\/portal\/gov\/odi\/consumers\/automobile\/comparative-negligence#:~:text=In%201980%2C%20Ohio%20became%20the,enact%20a%20comparative%20negligence%20law.&amp;text=In%20Ohio%2C%20if%20a%20party,involving%20a%20home%20or%20business.\" target=\"_blank\" rel=\"noopener\">negligencia contributiva<\/a> asignan una porci\u00f3n de negligencia a cada conductor. Se le permite cobrar da\u00f1os y perjuicios siempre que sea menos del 50% responsable del accidente.<\/p>\n<p class=\"rs-content-cta rs-content-cta-small\"><a href=\"\/es\/contacto\/\">Haga clic para contactar<\/a> con nuestros lesiones personales abogados hoy<\/p><h2>\u00bfQu\u00e9 son los Da\u00f1os?<\/h2>\n<p>Los da\u00f1os son todas las lesiones y costos asociados con el accidente. Los da\u00f1os pueden ser monetarios o no monetarios. Los da\u00f1os monetarios son aquellos que tienen un valor real, como facturas de hospital, informes de empleo y costos de medicamentos, por ejemplo. Tambi\u00e9n puede sufrir otros da\u00f1os, como dolor y sufrimiento, y trauma emocional. La parte negligente debe ser responsable de pagar todos sus da\u00f1os, pero depende de usted probarlos.<\/p>\n<p>Deber\u00e1 recopilar sus registros m\u00e9dicos, facturas del hospital, informes de farmacia, declaraciones de salarios y m\u00e1s. Adem\u00e1s, deber\u00e1 demostrar que las lesiones que sufri\u00f3 fueron el resultado del accidente. Los gastos relacionados con el accidente pueden acumularse r\u00e1pidamente, por lo que debe asegurarse de que la parte negligente rinda cuentas. Su abogado guiar\u00e1 el proceso para asegurarse de que tenga las pruebas necesarias para su reclamo.<\/p>\n<p class=\"rs-content-cta rs-content-cta-small\">Complete una <a href=\"\/es\/contacto\/\">evaluaci\u00f3n gratuita de su caso<\/a> ahora<\/p><h2>Trabajar con la compa\u00f1\u00eda de seguros<\/h2>\n<p>Poco despu\u00e9s del accidente, el ajustador de seguros se comunicar\u00e1 con usted para analizar el accidente. Es \u00fatil tener en cuenta que la compa\u00f1\u00eda de seguros est\u00e1 en el negocio para ganar dinero y, por lo tanto, quiere resolver el reclamo con el menor pago posible. Desafortunadamente, eso significa que podr\u00eda terminar sin suficiente dinero para pagar sus facturas m\u00e9dicas y otros da\u00f1os. No asuma la responsabilidad por el accidente. Consulte con un abogado de lesiones personales antes de hablar con la compa\u00f1\u00eda de seguros. No acepte un acuerdo hasta que est\u00e9 seguro de haber tenido en cuenta todos sus gastos actuales y futuros.<\/p>\n<h2>Ayuda para obtener la compensaci\u00f3n que merece<\/h2>\n<p>Despu\u00e9s de un accidente automovil\u00edstico, es probable que sufra f\u00edsica, emocional y financieramente. Es posible que necesite ayuda para clasificar las leyes que se aplican a su reclamo y asistencia para obtener dinero para cubrir sus gastos. Un abogado experto en accidentes automovil\u00edsticos en Camden, Ohio, se encargar\u00e1 de los aspectos legales de su reclamo para que pueda concentrarse en su recuperaci\u00f3n. Su abogado trabajar\u00e1 en su nombre para investigar lo sucedido, recopilar las pruebas necesarias y negociar un acuerdo de reclamaci\u00f3n. El conductor negligente debe ser responsable del accidente y debe pagar los da\u00f1os resultantes. Si result\u00f3 gravemente herido en un accidente automovil\u00edstico en Camden, Ohio, comun\u00edquese con nuestro equipo legal de <a href=\"https:\/\/thehometownlawyers.com\/es\/contacto\/\">Kruger &amp; Hodges<\/a> al (937) 733-6079 para programar una consulta gratuita.<\/p>\n<p class=\"rs-content-cta rs-content-cta-small\">Llame o env\u00ede un mensaje de texto al <a href=\"tel:+15138943333\">513-894-3333<\/a> o complete una <a href=\"\/es\/contacto\/\">evaluaci\u00f3n gratuita de su caso<\/a><\/p>","protected":false},"excerpt":{"rendered":"<p>Accidentes automovil\u00edsticos en Camden, Ohio Camden, Ohio es una comunidad algo rural ubicada en el condado de Preble en la parte occidental del estado. El \u00e1rea tiene muchas autopistas y caminos, y es imprescindible conducir. Ohio State Route 725 es una carretera de este a oeste que es popular para veh\u00edculos de pasajeros y camiones &#8230;<\/p>\n","protected":false},"author":7,"featured_media":24686,"parent":21140,"menu_order":0,"comment_status":"closed","ping_status":"closed","template":"","meta":{"_acf_changed":false,"inline_featured_image":false,"_genesis_hide_title":false,"_genesis_hide_breadcrumbs":false,"_genesis_hide_singular_image":false,"_genesis_hide_footer_widgets":false,"_genesis_custom_body_class":"","_genesis_custom_post_class":"","_genesis_layout":"","footnotes":""},"hc_faqs":[],"hc_spanish_faqs":[],"class_list":{"0":"post-21169","1":"page","2":"type-page","3":"status-publish","4":"has-post-thumbnail","6":"entry"},"acf":[],"yoast_head":"<!-- This site is optimized with the Yoast SEO plugin v27.3 - https:\/\/yoast.com\/product\/yoast-seo-wordpress\/ -->\n<title>Accidentes automovil\u00edsticos en Camden Ohio: Consulta gratuita<\/title>\n<meta name=\"description\" content=\"Suceden accidentes automovil\u00edsticos en Camden, Ohio. Un abogado experto en accidentes automovil\u00edsticos puede ayudarlo con su reclamo.\" \/>\n<meta name=\"robots\" content=\"index, follow, max-snippet:-1, max-image-preview:large, max-video-preview:-1\" \/>\n<link rel=\"canonical\" href=\"https:\/\/thehometownlawyers.com\/es\/lesiones-personales-en-camden-ohio\/accidentes-automovilisticos-en-camden-ohio\/\" \/>\n<meta property=\"og:locale\" content=\"es_MX\" \/>\n<meta property=\"og:type\" content=\"article\" \/>\n<meta property=\"og:title\" content=\"Accidentes automovil\u00edsticos en Camden Ohio: Consulta gratuita\" \/>\n<meta property=\"og:description\" content=\"Suceden accidentes automovil\u00edsticos en Camden, Ohio. Un abogado experto en accidentes automovil\u00edsticos puede ayudarlo con su reclamo.\" \/>\n<meta property=\"og:url\" content=\"https:\/\/thehometownlawyers.com\/es\/lesiones-personales-en-camden-ohio\/accidentes-automovilisticos-en-camden-ohio\/\" \/>\n<meta property=\"og:site_name\" content=\"Kruger &amp; Hodges Abogados De Lesiones\" \/>\n<meta property=\"article:publisher\" content=\"https:\/\/www.facebook.com\/KrugerHodges\/\" \/>\n<meta property=\"article:modified_time\" content=\"2025-03-24T17:49:14+00:00\" \/>\n<meta property=\"og:image\" content=\"https:\/\/thehometownlawyers.com\/wp-content\/uploads\/2025\/03\/accidentes-automovilisticos-en-camden-ohio.jpg\" \/>\n\t<meta property=\"og:image:width\" content=\"768\" \/>\n\t<meta property=\"og:image:height\" content=\"512\" \/>\n\t<meta property=\"og:image:type\" content=\"image\/jpeg\" \/>\n<meta name=\"twitter:card\" content=\"summary_large_image\" \/>\n<meta name=\"twitter:label1\" content=\"Tiempo de lectura\" \/>\n\t<meta name=\"twitter:data1\" content=\"4 minutos\" \/>\n<script type=\"application\/ld+json\" class=\"yoast-schema-graph\">{\"@context\":\"https:\\\/\\\/schema.org\",\"@graph\":[{\"@type\":\"WebPage\",\"@id\":\"https:\\\/\\\/thehometownlawyers.com\\\/es\\\/lesiones-personales-en-camden-ohio\\\/accidentes-automovilisticos-en-camden-ohio\\\/\",\"url\":\"https:\\\/\\\/thehometownlawyers.com\\\/es\\\/lesiones-personales-en-camden-ohio\\\/accidentes-automovilisticos-en-camden-ohio\\\/\",\"name\":\"Accidentes automovil\u00edsticos en Camden Ohio: Consulta gratuita\",\"isPartOf\":{\"@id\":\"https:\\\/\\\/thehometownlawyers.com\\\/es\\\/#website\"},\"primaryImageOfPage\":{\"@id\":\"https:\\\/\\\/thehometownlawyers.com\\\/es\\\/lesiones-personales-en-camden-ohio\\\/accidentes-automovilisticos-en-camden-ohio\\\/#primaryimage\"},\"image\":{\"@id\":\"https:\\\/\\\/thehometownlawyers.com\\\/es\\\/lesiones-personales-en-camden-ohio\\\/accidentes-automovilisticos-en-camden-ohio\\\/#primaryimage\"},\"thumbnailUrl\":\"https:\\\/\\\/thehometownlawyers.com\\\/wp-content\\\/uploads\\\/2025\\\/03\\\/accidentes-automovilisticos-en-camden-ohio.jpg\",\"datePublished\":\"2021-12-29T00:24:12+00:00\",\"dateModified\":\"2025-03-24T17:49:14+00:00\",\"description\":\"Suceden accidentes automovil\u00edsticos en Camden, Ohio. Un abogado experto en accidentes automovil\u00edsticos puede ayudarlo con su reclamo.\",\"breadcrumb\":{\"@id\":\"https:\\\/\\\/thehometownlawyers.com\\\/es\\\/lesiones-personales-en-camden-ohio\\\/accidentes-automovilisticos-en-camden-ohio\\\/#breadcrumb\"},\"inLanguage\":\"es\",\"potentialAction\":[{\"@type\":\"ReadAction\",\"target\":[\"https:\\\/\\\/thehometownlawyers.com\\\/es\\\/lesiones-personales-en-camden-ohio\\\/accidentes-automovilisticos-en-camden-ohio\\\/\"]}]},{\"@type\":\"ImageObject\",\"inLanguage\":\"es\",\"@id\":\"https:\\\/\\\/thehometownlawyers.com\\\/es\\\/lesiones-personales-en-camden-ohio\\\/accidentes-automovilisticos-en-camden-ohio\\\/#primaryimage\",\"url\":\"https:\\\/\\\/thehometownlawyers.com\\\/wp-content\\\/uploads\\\/2025\\\/03\\\/accidentes-automovilisticos-en-camden-ohio.jpg\",\"contentUrl\":\"https:\\\/\\\/thehometownlawyers.com\\\/wp-content\\\/uploads\\\/2025\\\/03\\\/accidentes-automovilisticos-en-camden-ohio.jpg\",\"width\":768,\"height\":512,\"caption\":\"Police car in the city at night.\"},{\"@type\":\"BreadcrumbList\",\"@id\":\"https:\\\/\\\/thehometownlawyers.com\\\/es\\\/lesiones-personales-en-camden-ohio\\\/accidentes-automovilisticos-en-camden-ohio\\\/#breadcrumb\",\"itemListElement\":[{\"@type\":\"ListItem\",\"position\":1,\"name\":\"Home\",\"item\":\"https:\\\/\\\/thehometownlawyers.com\\\/es\\\/\"},{\"@type\":\"ListItem\",\"position\":2,\"name\":\"Abogado de Lesiones Personales en Camden\",\"item\":\"https:\\\/\\\/thehometownlawyers.com\\\/es\\\/lesiones-personales-en-camden-ohio\\\/\"},{\"@type\":\"ListItem\",\"position\":3,\"name\":\"Abogado de Accidente Automovil\u00edstico en Camden\"}]},{\"@type\":\"WebSite\",\"@id\":\"https:\\\/\\\/thehometownlawyers.com\\\/es\\\/#website\",\"url\":\"https:\\\/\\\/thehometownlawyers.com\\\/es\\\/\",\"name\":\"Kruger & Hodges Hometown Injury Lawyers | Accident Attorneys\",\"description\":\"Attorneys for Car, Truck and Motorcycle Accidents, Personal Injuries, and Criminal Defense.\",\"publisher\":{\"@id\":\"https:\\\/\\\/thehometownlawyers.com\\\/es\\\/#organization\"},\"alternateName\":\"Kruger & Hodges Personal Injury Lawyers\",\"inLanguage\":\"es\"},{\"@type\":\"Organization\",\"@id\":\"https:\\\/\\\/thehometownlawyers.com\\\/es\\\/#organization\",\"name\":\"Kruger & Hodges Hometown Injury Lawyers\",\"alternateName\":\"Kruger & Hodges\",\"url\":\"https:\\\/\\\/thehometownlawyers.com\\\/es\\\/\",\"logo\":{\"@type\":\"ImageObject\",\"inLanguage\":\"es\",\"@id\":\"https:\\\/\\\/thehometownlawyers.com\\\/es\\\/#\\\/schema\\\/logo\\\/image\\\/\",\"url\":\"https:\\\/\\\/thehometownlawyers.com\\\/wp-content\\\/uploads\\\/2025\\\/12\\\/revised-kh-logo-vertical-white-background-scaled.png\",\"contentUrl\":\"https:\\\/\\\/thehometownlawyers.com\\\/wp-content\\\/uploads\\\/2025\\\/12\\\/revised-kh-logo-vertical-white-background-scaled.png\",\"width\":2560,\"height\":1440,\"caption\":\"Kruger & Hodges Hometown Injury Lawyers\"},\"image\":{\"@id\":\"https:\\\/\\\/thehometownlawyers.com\\\/es\\\/#\\\/schema\\\/logo\\\/image\\\/\"},\"sameAs\":[\"https:\\\/\\\/www.facebook.com\\\/KrugerHodges\\\/\",\"https:\\\/\\\/www.instagram.com\\\/krugerhodges\\\/\",\"https:\\\/\\\/www.linkedin.com\\\/company\\\/kruger-hodges-hometown-injury-lawyers\\\/\",\"https:\\\/\\\/www.youtube.com\\\/channel\\\/UCeYcMaMaN2rb9jMlqt4EIdQ\",\"https:\\\/\\\/www.tiktok.com\\\/@thehometownlawyer\"]}]}<\/script>\n<!-- \/ Yoast SEO plugin. -->","yoast_head_json":{"title":"Accidentes automovil\u00edsticos en Camden Ohio: Consulta gratuita","description":"Suceden accidentes automovil\u00edsticos en Camden, Ohio. Un abogado experto en accidentes automovil\u00edsticos puede ayudarlo con su reclamo.","robots":{"index":"index","follow":"follow","max-snippet":"max-snippet:-1","max-image-preview":"max-image-preview:large","max-video-preview":"max-video-preview:-1"},"canonical":"https:\/\/thehometownlawyers.com\/es\/lesiones-personales-en-camden-ohio\/accidentes-automovilisticos-en-camden-ohio\/","og_locale":"es_MX","og_type":"article","og_title":"Accidentes automovil\u00edsticos en Camden Ohio: Consulta gratuita","og_description":"Suceden accidentes automovil\u00edsticos en Camden, Ohio. Un abogado experto en accidentes automovil\u00edsticos puede ayudarlo con su reclamo.","og_url":"https:\/\/thehometownlawyers.com\/es\/lesiones-personales-en-camden-ohio\/accidentes-automovilisticos-en-camden-ohio\/","og_site_name":"Kruger &amp; Hodges Abogados De Lesiones","article_publisher":"https:\/\/www.facebook.com\/KrugerHodges\/","article_modified_time":"2025-03-24T17:49:14+00:00","og_image":[{"width":768,"height":512,"url":"https:\/\/thehometownlawyers.com\/wp-content\/uploads\/2025\/03\/accidentes-automovilisticos-en-camden-ohio.jpg","type":"image\/jpeg"}],"twitter_card":"summary_large_image","twitter_misc":{"Tiempo de lectura":"4 minutos"},"schema":{"@context":"https:\/\/schema.org","@graph":[{"@type":"WebPage","@id":"https:\/\/thehometownlawyers.com\/es\/lesiones-personales-en-camden-ohio\/accidentes-automovilisticos-en-camden-ohio\/","url":"https:\/\/thehometownlawyers.com\/es\/lesiones-personales-en-camden-ohio\/accidentes-automovilisticos-en-camden-ohio\/","name":"Accidentes automovil\u00edsticos en Camden Ohio: Consulta gratuita","isPartOf":{"@id":"https:\/\/thehometownlawyers.com\/es\/#website"},"primaryImageOfPage":{"@id":"https:\/\/thehometownlawyers.com\/es\/lesiones-personales-en-camden-ohio\/accidentes-automovilisticos-en-camden-ohio\/#primaryimage"},"image":{"@id":"https:\/\/thehometownlawyers.com\/es\/lesiones-personales-en-camden-ohio\/accidentes-automovilisticos-en-camden-ohio\/#primaryimage"},"thumbnailUrl":"https:\/\/thehometownlawyers.com\/wp-content\/uploads\/2025\/03\/accidentes-automovilisticos-en-camden-ohio.jpg","datePublished":"2021-12-29T00:24:12+00:00","dateModified":"2025-03-24T17:49:14+00:00","description":"Suceden accidentes automovil\u00edsticos en Camden, Ohio. Un abogado experto en accidentes automovil\u00edsticos puede ayudarlo con su reclamo.","breadcrumb":{"@id":"https:\/\/thehometownlawyers.com\/es\/lesiones-personales-en-camden-ohio\/accidentes-automovilisticos-en-camden-ohio\/#breadcrumb"},"inLanguage":"es","potentialAction":[{"@type":"ReadAction","target":["https:\/\/thehometownlawyers.com\/es\/lesiones-personales-en-camden-ohio\/accidentes-automovilisticos-en-camden-ohio\/"]}]},{"@type":"ImageObject","inLanguage":"es","@id":"https:\/\/thehometownlawyers.com\/es\/lesiones-personales-en-camden-ohio\/accidentes-automovilisticos-en-camden-ohio\/#primaryimage","url":"https:\/\/thehometownlawyers.com\/wp-content\/uploads\/2025\/03\/accidentes-automovilisticos-en-camden-ohio.jpg","contentUrl":"https:\/\/thehometownlawyers.com\/wp-content\/uploads\/2025\/03\/accidentes-automovilisticos-en-camden-ohio.jpg","width":768,"height":512,"caption":"Police car in the city at night."},{"@type":"BreadcrumbList","@id":"https:\/\/thehometownlawyers.com\/es\/lesiones-personales-en-camden-ohio\/accidentes-automovilisticos-en-camden-ohio\/#breadcrumb","itemListElement":[{"@type":"ListItem","position":1,"name":"Home","item":"https:\/\/thehometownlawyers.com\/es\/"},{"@type":"ListItem","position":2,"name":"Abogado de Lesiones Personales en Camden","item":"https:\/\/thehometownlawyers.com\/es\/lesiones-personales-en-camden-ohio\/"},{"@type":"ListItem","position":3,"name":"Abogado de Accidente Automovil\u00edstico en Camden"}]},{"@type":"WebSite","@id":"https:\/\/thehometownlawyers.com\/es\/#website","url":"https:\/\/thehometownlawyers.com\/es\/","name":"Kruger & Hodges Hometown Injury Lawyers | Accident Attorneys","description":"Attorneys for Car, Truck and Motorcycle Accidents, Personal Injuries, and Criminal Defense.","publisher":{"@id":"https:\/\/thehometownlawyers.com\/es\/#organization"},"alternateName":"Kruger & Hodges Personal Injury Lawyers","inLanguage":"es"},{"@type":"Organization","@id":"https:\/\/thehometownlawyers.com\/es\/#organization","name":"Kruger & Hodges Hometown Injury Lawyers","alternateName":"Kruger & Hodges","url":"https:\/\/thehometownlawyers.com\/es\/","logo":{"@type":"ImageObject","inLanguage":"es","@id":"https:\/\/thehometownlawyers.com\/es\/#\/schema\/logo\/image\/","url":"https:\/\/thehometownlawyers.com\/wp-content\/uploads\/2025\/12\/revised-kh-logo-vertical-white-background-scaled.png","contentUrl":"https:\/\/thehometownlawyers.com\/wp-content\/uploads\/2025\/12\/revised-kh-logo-vertical-white-background-scaled.png","width":2560,"height":1440,"caption":"Kruger & Hodges Hometown Injury Lawyers"},"image":{"@id":"https:\/\/thehometownlawyers.com\/es\/#\/schema\/logo\/image\/"},"sameAs":["https:\/\/www.facebook.com\/KrugerHodges\/","https:\/\/www.instagram.com\/krugerhodges\/","https:\/\/www.linkedin.com\/company\/kruger-hodges-hometown-injury-lawyers\/","https:\/\/www.youtube.com\/channel\/UCeYcMaMaN2rb9jMlqt4EIdQ","https:\/\/www.tiktok.com\/@thehometownlawyer"]}]}},"_links":{"self":[{"href":"https:\/\/thehometownlawyers.com\/es\/wp-json\/wp\/v2\/pages\/21169","targetHints":{"allow":["GET"]}}],"collection":[{"href":"https:\/\/thehometownlawyers.com\/es\/wp-json\/wp\/v2\/pages"}],"about":[{"href":"https:\/\/thehometownlawyers.com\/es\/wp-json\/wp\/v2\/types\/page"}],"author":[{"embeddable":true,"href":"https:\/\/thehometownlawyers.com\/es\/wp-json\/wp\/v2\/users\/7"}],"replies":[{"embeddable":true,"href":"https:\/\/thehometownlawyers.com\/es\/wp-json\/wp\/v2\/comments?post=21169"}],"version-history":[{"count":0,"href":"https:\/\/thehometownlawyers.com\/es\/wp-json\/wp\/v2\/pages\/21169\/revisions"}],"up":[{"embeddable":true,"href":"https:\/\/thehometownlawyers.com\/es\/wp-json\/wp\/v2\/pages\/21140"}],"wp:featuredmedia":[{"embeddable":true,"href":"https:\/\/thehometownlawyers.com\/es\/wp-json\/wp\/v2\/media\/24686"}],"wp:attachment":[{"href":"https:\/\/thehometownlawyers.com\/es\/wp-json\/wp\/v2\/media?parent=21169"}],"wp:term":[{"taxonomy":"hc_faqs","embeddable":true,"href":"https:\/\/thehometownlawyers.com\/es\/wp-json\/wp\/v2\/hc_faqs?post=21169"},{"taxonomy":"hc_spanish_faqs","embeddable":true,"href":"https:\/\/thehometownlawyers.com\/es\/wp-json\/wp\/v2\/hc_spanish_faqs?post=21169"}],"curies":[{"name":"wp","href":"https:\/\/api.w.org\/{rel}","templated":true}]}}