{"id":21170,"date":"2021-11-09T18:30:51","date_gmt":"2021-11-09T23:30:51","guid":{"rendered":"https:\/\/thehometownlawyers.com\/?page_id=21170"},"modified":"2025-03-17T12:45:49","modified_gmt":"2025-03-17T16:45:49","slug":"abogados-de-reclamos-de-state-farm","status":"publish","type":"page","link":"https:\/\/thehometownlawyers.com\/es\/hamilton\/abogado-de-seguros-de-auto\/state-farm\/","title":{"rendered":"Abogado de Reclamaciones de Seguros State Farm"},"content":{"rendered":"<p>Cuando usted es v\u00edctima de un accidente automovil\u00edstico, es posible que quede con lesiones y se pregunte qu\u00e9 hacer a continuaci\u00f3n. Una de las primeras cosas que debe hacer es tomar medidas para recuperar la compensaci\u00f3n por sus costos m\u00e9dicos, reparaci\u00f3n de veh\u00edculos y m\u00e1s. En Ohio, la parte negligente es responsable por los da\u00f1os de las v\u00edctimas de un accidente automovil\u00edstico. Si usted o la otra parte tiene seguro de State Farm, deber\u00e1 presentar un reclamo. Los abogados de reclamos de State Farm lo ayudar\u00e1n a obtener el dinero que se merece despu\u00e9s de un accidente automovil\u00edstico grave en Ohio.<\/p>\n<h2>Acerca de las reclamaciones de seguros de State Farm<\/h2>\n<p>State Farm es uno de los proveedores de seguros m\u00e1s populares en los Estados Unidos, con alrededor de 85 millones de p\u00f3lizas vigentes. <a href=\"https:\/\/www.statefarm.com\/about-us\/company-overview\/company-profile\/fast-facts\" target=\"_blank\" rel=\"noopener\">State Farm<\/a> maneja alrededor de 22,000 reclamos de autom\u00f3viles e incendios por d\u00eda, por lo que est\u00e1n extremadamente ocupados. Dado que procesan tantos reclamos, puede estar seguro de que probablemente intentar\u00e1n resolverlos con el menor pago posible. Es \u00fatil comprender c\u00f3mo prepararse para su reclamo y c\u00f3mo hablar con los representantes para obtener el dinero que necesita para cubrir sus da\u00f1os.<\/p>\n<p class=\"rs-content-cta rs-content-cta-small\">Para una consulta legal gratuita, llame al <a href=\"tel:+15138943333\">513-894-3333 <\/a><\/p><h2>Qu\u00e9 hacer despu\u00e9s de un accidente automovil\u00edstico en Ohio<\/h2>\n<p>Despu\u00e9s de un accidente automovil\u00edstico grave, probablemente est\u00e9 concentrado en su recuperaci\u00f3n. Aunque enfrenta problemas m\u00e9dicos, es imperativo comenzar los pasos necesarios para obtener una compensaci\u00f3n de la parte negligente. Los gastos m\u00e9dicos pueden ser elevados y no desea tener que pagar de su bolsillo los costos que deber\u00eda cubrir el otro conductor.<\/p>\n<ul>\n<li>Llame a la polic\u00eda: la compa\u00f1\u00eda de seguros requerir\u00e1 un informe policial como parte del proceso de reclamo. La polic\u00eda investigar\u00e1 el accidente y reunir\u00e1 informaci\u00f3n \u00fatil. El informe ser\u00e1 de gran ayuda para determinar la causa y la parte negligente,<\/li>\n<li>Re\u00fana informaci\u00f3n en la escena: obtenga la informaci\u00f3n del otro conductor, incluido su nombre, n\u00famero de tel\u00e9fono y datos del seguro. Tome fotos si es seguro hacerlo. Obtenga informaci\u00f3n de cualquier persona que haya presenciado el accidente. Anote el d\u00eda, la hora y el lugar exactos.<\/li>\n<li>Visite al m\u00e9dico: si sus lesiones son graves, vaya inmediatamente a la sala de emergencias para recibir tratamiento. Muchas personas esperan para ir al m\u00e9dico, pero esto puede ser un error. Cuando espere para recibir atenci\u00f3n m\u00e9dica, la compa\u00f1\u00eda de seguros podr\u00eda pensar que sus lesiones no son graves o que no result\u00f3 herido en el accidente.<\/li>\n<li>P\u00f3ngase en contacto con la compa\u00f1\u00eda de seguros &#8211; Informe el accidente a la compa\u00f1\u00eda de seguros lo antes posible. Aunque State Farm no tiene un requisito espec\u00edfico, siempre es mejor informarles sobre el accidente de inmediato.<\/li>\n<\/ul>\n<p class=\"rs-content-cta\">Abogado de Lesiones Personales de hamilton Cerca de M\u00ed <a href=\"tel:+15138943333\">513-894-3333<\/a><\/p><h2>Consejos para hablar con el ajustador de reclamos de State Farm<\/h2>\n<p>Es \u00fatil saber c\u00f3mo hablar con un ajustador de reclamos de State Farm para garantizar un buen resultado. State Farm le asignar\u00e1 un ajustador tan pronto como presente un reclamo. El ajustador se comunicar\u00e1 con usted para discutir los detalles del accidente. Es importante saber que State Farm graba su conversaci\u00f3n para referencia futura. Tenga cuidado al describir los detalles del accidente. No proporcione ninguna informaci\u00f3n que no sea la que le pide el ajustador.<\/p>\n<p>No ofrezcas conclusiones porque no eres un experto en accidentes. Nunca digas que algo fue culpa tuya, especialmente si no sabes exactamente qu\u00e9 sucedi\u00f3. Si no est\u00e1 seguro de una respuesta, no adivine. En su lugar, simplemente diga que no sabe. No quiere decir nada que pueda limitar su recuperaci\u00f3n.<\/p>\n<p class=\"rs-content-cta rs-content-cta-small\"><a href=\"\/es\/contacto\/\">Haga clic para contactar<\/a> con nuestros lesiones personales abogados hoy<\/p><h2>Presentar un reclamo con State Farm<\/h2>\n<p>Deber\u00e1 llamar a State Farm para presentar un reclamo. Hay varias formas de comunicarse con State Farm. Puede usar la aplicaci\u00f3n, comunicarse con <a href=\"https:\/\/www.statefarm.com\/claims\/file-a-claim#:~:text=Filing%20online%20or%20with%20our,800%2D732%2D5246).\">State Farm<\/a> en l\u00ednea o llamarlos las 24 horas del d\u00eda, los 7 d\u00edas de la semana al 800-SF-CLAIM (800-732-5246). El ajustador recopilar\u00e1 informaci\u00f3n de usted, por lo que deber\u00e1 proporcionarles cosas como sus facturas m\u00e9dicas y m\u00e1s. Muchas veces, la compa\u00f1\u00eda de seguros puede ofrecerle un acuerdo. Desafortunadamente, la cantidad de dinero que ofrecen puede no ser suficiente para cubrir sus da\u00f1os. A menudo, es mejor buscar la orientaci\u00f3n de un abogado para las reclamaciones de State Farm.<\/p>\n<p class=\"rs-content-cta rs-content-cta-small\">Complete una <a href=\"\/es\/contacto\/\">evaluaci\u00f3n gratuita de su caso<\/a> ahora<\/p><h2>Qu\u00e9 hacer si State Farm niega su reclamo<\/h2>\n<p>Presentar un reclamo es solo el primer paso en el proceso de recibir el pago de sus da\u00f1os. Desafortunadamente, las compa\u00f1\u00edas de seguros niegan reclamos con demasiada frecuencia. Pueden negar su reclamo por varias razones. Pueden decir que el reclamo no es v\u00e1lido porque la parte asegurada no fue negligente o pueden negar un reclamo afirmando que sus lesiones no fueron causadas por el accidente. Entonces depende de usted tomar alguna medida para resolver los problemas. Si State Farm rechaz\u00f3 su reclamo, no es necesario que acepte esta respuesta. Los abogados de reclamos de State Farm pueden ayudarlo a resolver los problemas y trabajar para obtener el dinero que se le debe por sus lesiones.<\/p>\n<p>El proceso de reclamo de seguro puede ser desafiante. Puede obtener la ayuda que necesita de Kruger &amp; Hodges. Contamos con un equipo de abogados que tienen experiencia trabajando con compa\u00f1\u00edas de seguros para que nuestros clientes obtengan la compensaci\u00f3n que merecen. <a href=\"https:\/\/thehometownlawyers.com\/es\/contacto\/\">Comun\u00edquese<\/a> con Kruger &amp; Hodges en l\u00ednea o por tel\u00e9fono para una consulta inicial gratuita.<\/p>\n<p class=\"rs-content-cta rs-content-cta-small\">Llame o env\u00ede un mensaje de texto al <a href=\"tel:+15138943333\">513-894-3333<\/a> o complete una <a href=\"\/es\/contacto\/\">evaluaci\u00f3n gratuita de su caso<\/a><\/p>","protected":false},"excerpt":{"rendered":"<p>Cuando usted es v\u00edctima de un accidente automovil\u00edstico, es posible que quede con lesiones y se pregunte qu\u00e9 hacer a continuaci\u00f3n. Una de las primeras cosas que debe hacer es tomar medidas para recuperar la compensaci\u00f3n por sus costos m\u00e9dicos, reparaci\u00f3n de veh\u00edculos y m\u00e1s. En Ohio, la parte negligente es responsable por los da\u00f1os &#8230;<\/p>\n","protected":false},"author":7,"featured_media":20891,"parent":24162,"menu_order":0,"comment_status":"closed","ping_status":"closed","template":"","meta":{"_acf_changed":false,"inline_featured_image":false,"_genesis_hide_title":false,"_genesis_hide_breadcrumbs":false,"_genesis_hide_singular_image":false,"_genesis_hide_footer_widgets":false,"_genesis_custom_body_class":"","_genesis_custom_post_class":"","_genesis_layout":"","footnotes":""},"hc_faqs":[],"hc_spanish_faqs":[],"class_list":{"0":"post-21170","1":"page","2":"type-page","3":"status-publish","4":"has-post-thumbnail","6":"hc_city_location-hamilton-es-2","7":"entry"},"acf":[],"yoast_head":"<!-- This site is optimized with the Yoast SEO plugin v27.4 - https:\/\/yoast.com\/product\/yoast-seo-wordpress\/ -->\n<title>Abogado de Reclamaciones de Seguros State Farm | Consulta Gratuita<\/title>\n<meta name=\"description\" content=\"Nuestros abogados de reclamos de State Farm est\u00e1n aqu\u00ed para ayudarlo a obtener la compensaci\u00f3n que merece. Obtenga m\u00e1s informaci\u00f3n y comun\u00edquese con Kruger &amp; Hodges si tiene preguntas\" \/>\n<meta name=\"robots\" content=\"index, follow, max-snippet:-1, max-image-preview:large, max-video-preview:-1\" \/>\n<link rel=\"canonical\" href=\"https:\/\/thehometownlawyers.com\/es\/hamilton\/abogado-de-seguros-de-auto\/state-farm\/\" \/>\n<meta property=\"og:locale\" content=\"es_MX\" \/>\n<meta property=\"og:type\" content=\"article\" \/>\n<meta property=\"og:title\" content=\"Abogado de Reclamaciones de Seguros State Farm | Consulta Gratuita\" \/>\n<meta property=\"og:description\" content=\"Nuestros abogados de reclamos de State Farm est\u00e1n aqu\u00ed para ayudarlo a obtener la compensaci\u00f3n que merece. Obtenga m\u00e1s informaci\u00f3n y comun\u00edquese con Kruger &amp; Hodges si tiene preguntas\" \/>\n<meta property=\"og:url\" content=\"https:\/\/thehometownlawyers.com\/es\/hamilton\/abogado-de-seguros-de-auto\/state-farm\/\" \/>\n<meta property=\"og:site_name\" content=\"Kruger &amp; Hodges Abogados De Lesiones\" \/>\n<meta property=\"article:publisher\" content=\"https:\/\/www.facebook.com\/KrugerHodges\/\" \/>\n<meta property=\"article:modified_time\" content=\"2025-03-17T16:45:49+00:00\" \/>\n<meta property=\"og:image\" content=\"https:\/\/thehometownlawyers.com\/wp-content\/uploads\/2021\/11\/state-farm-insurance.jpeg\" \/>\n\t<meta property=\"og:image:width\" content=\"1200\" \/>\n\t<meta property=\"og:image:height\" content=\"800\" \/>\n\t<meta property=\"og:image:type\" content=\"image\/jpeg\" \/>\n<meta name=\"twitter:card\" content=\"summary_large_image\" \/>\n<meta name=\"twitter:label1\" content=\"Tiempo de lectura\" \/>\n\t<meta name=\"twitter:data1\" content=\"4 minutos\" \/>\n<script type=\"application\/ld+json\" class=\"yoast-schema-graph\">{\"@context\":\"https:\\\/\\\/schema.org\",\"@graph\":[{\"@type\":\"WebPage\",\"@id\":\"https:\\\/\\\/thehometownlawyers.com\\\/es\\\/hamilton\\\/abogado-de-seguros-de-auto\\\/state-farm\\\/\",\"url\":\"https:\\\/\\\/thehometownlawyers.com\\\/es\\\/hamilton\\\/abogado-de-seguros-de-auto\\\/state-farm\\\/\",\"name\":\"Abogado de Reclamaciones de Seguros State Farm | Consulta Gratuita\",\"isPartOf\":{\"@id\":\"https:\\\/\\\/thehometownlawyers.com\\\/es\\\/#website\"},\"primaryImageOfPage\":{\"@id\":\"https:\\\/\\\/thehometownlawyers.com\\\/es\\\/hamilton\\\/abogado-de-seguros-de-auto\\\/state-farm\\\/#primaryimage\"},\"image\":{\"@id\":\"https:\\\/\\\/thehometownlawyers.com\\\/es\\\/hamilton\\\/abogado-de-seguros-de-auto\\\/state-farm\\\/#primaryimage\"},\"thumbnailUrl\":\"https:\\\/\\\/thehometownlawyers.com\\\/wp-content\\\/uploads\\\/2021\\\/11\\\/state-farm-insurance.jpeg\",\"datePublished\":\"2021-11-09T23:30:51+00:00\",\"dateModified\":\"2025-03-17T16:45:49+00:00\",\"description\":\"Nuestros abogados de reclamos de State Farm est\u00e1n aqu\u00ed para ayudarlo a obtener la compensaci\u00f3n que merece. Obtenga m\u00e1s informaci\u00f3n y comun\u00edquese con Kruger & Hodges si tiene preguntas\",\"breadcrumb\":{\"@id\":\"https:\\\/\\\/thehometownlawyers.com\\\/es\\\/hamilton\\\/abogado-de-seguros-de-auto\\\/state-farm\\\/#breadcrumb\"},\"inLanguage\":\"es\",\"potentialAction\":[{\"@type\":\"ReadAction\",\"target\":[\"https:\\\/\\\/thehometownlawyers.com\\\/es\\\/hamilton\\\/abogado-de-seguros-de-auto\\\/state-farm\\\/\"]}]},{\"@type\":\"ImageObject\",\"inLanguage\":\"es\",\"@id\":\"https:\\\/\\\/thehometownlawyers.com\\\/es\\\/hamilton\\\/abogado-de-seguros-de-auto\\\/state-farm\\\/#primaryimage\",\"url\":\"https:\\\/\\\/thehometownlawyers.com\\\/wp-content\\\/uploads\\\/2021\\\/11\\\/state-farm-insurance.jpeg\",\"contentUrl\":\"https:\\\/\\\/thehometownlawyers.com\\\/wp-content\\\/uploads\\\/2021\\\/11\\\/state-farm-insurance.jpeg\",\"width\":1200,\"height\":800,\"caption\":\"Abogados de Reclamos de State Farm\"},{\"@type\":\"BreadcrumbList\",\"@id\":\"https:\\\/\\\/thehometownlawyers.com\\\/es\\\/hamilton\\\/abogado-de-seguros-de-auto\\\/state-farm\\\/#breadcrumb\",\"itemListElement\":[{\"@type\":\"ListItem\",\"position\":1,\"name\":\"Home\",\"item\":\"https:\\\/\\\/thehometownlawyers.com\\\/es\\\/\"},{\"@type\":\"ListItem\",\"position\":2,\"name\":\"Abogados de Lesiones Personales en Hamilton\",\"item\":\"https:\\\/\\\/thehometownlawyers.com\\\/es\\\/\"},{\"@type\":\"ListItem\",\"position\":3,\"name\":\"Abogado de reclamaciones de seguros en Hamilton\",\"item\":\"https:\\\/\\\/thehometownlawyers.com\\\/es\\\/hamilton\\\/abogado-de-seguros\\\/\"},{\"@type\":\"ListItem\",\"position\":4,\"name\":\"Reclamaciones de Seguros State Farm\"}]},{\"@type\":\"WebSite\",\"@id\":\"https:\\\/\\\/thehometownlawyers.com\\\/es\\\/#website\",\"url\":\"https:\\\/\\\/thehometownlawyers.com\\\/es\\\/\",\"name\":\"Kruger & Hodges Hometown Injury Lawyers | Accident Attorneys\",\"description\":\"Attorneys for Car, Truck and Motorcycle Accidents, Personal Injuries, and Criminal Defense.\",\"publisher\":{\"@id\":\"https:\\\/\\\/thehometownlawyers.com\\\/es\\\/#organization\"},\"alternateName\":\"Kruger & Hodges Personal Injury Lawyers\",\"inLanguage\":\"es\"},{\"@type\":\"Organization\",\"@id\":\"https:\\\/\\\/thehometownlawyers.com\\\/es\\\/#organization\",\"name\":\"Kruger & Hodges Hometown Injury Lawyers\",\"alternateName\":\"Kruger & Hodges\",\"url\":\"https:\\\/\\\/thehometownlawyers.com\\\/es\\\/\",\"logo\":{\"@type\":\"ImageObject\",\"inLanguage\":\"es\",\"@id\":\"https:\\\/\\\/thehometownlawyers.com\\\/es\\\/#\\\/schema\\\/logo\\\/image\\\/\",\"url\":\"https:\\\/\\\/thehometownlawyers.com\\\/wp-content\\\/uploads\\\/2025\\\/12\\\/revised-kh-logo-vertical-white-background-scaled.png\",\"contentUrl\":\"https:\\\/\\\/thehometownlawyers.com\\\/wp-content\\\/uploads\\\/2025\\\/12\\\/revised-kh-logo-vertical-white-background-scaled.png\",\"width\":2560,\"height\":1440,\"caption\":\"Kruger & Hodges Hometown Injury Lawyers\"},\"image\":{\"@id\":\"https:\\\/\\\/thehometownlawyers.com\\\/es\\\/#\\\/schema\\\/logo\\\/image\\\/\"},\"sameAs\":[\"https:\\\/\\\/www.facebook.com\\\/KrugerHodges\\\/\",\"https:\\\/\\\/www.instagram.com\\\/krugerhodges\\\/\",\"https:\\\/\\\/www.linkedin.com\\\/company\\\/kruger-hodges-hometown-injury-lawyers\\\/\",\"https:\\\/\\\/www.youtube.com\\\/channel\\\/UCeYcMaMaN2rb9jMlqt4EIdQ\",\"https:\\\/\\\/www.tiktok.com\\\/@thehometownlawyer\"]}]}<\/script>\n<!-- \/ Yoast SEO plugin. -->","yoast_head_json":{"title":"Abogado de Reclamaciones de Seguros State Farm | Consulta Gratuita","description":"Nuestros abogados de reclamos de State Farm est\u00e1n aqu\u00ed para ayudarlo a obtener la compensaci\u00f3n que merece. Obtenga m\u00e1s informaci\u00f3n y comun\u00edquese con Kruger & Hodges si tiene preguntas","robots":{"index":"index","follow":"follow","max-snippet":"max-snippet:-1","max-image-preview":"max-image-preview:large","max-video-preview":"max-video-preview:-1"},"canonical":"https:\/\/thehometownlawyers.com\/es\/hamilton\/abogado-de-seguros-de-auto\/state-farm\/","og_locale":"es_MX","og_type":"article","og_title":"Abogado de Reclamaciones de Seguros State Farm | Consulta Gratuita","og_description":"Nuestros abogados de reclamos de State Farm est\u00e1n aqu\u00ed para ayudarlo a obtener la compensaci\u00f3n que merece. Obtenga m\u00e1s informaci\u00f3n y comun\u00edquese con Kruger & Hodges si tiene preguntas","og_url":"https:\/\/thehometownlawyers.com\/es\/hamilton\/abogado-de-seguros-de-auto\/state-farm\/","og_site_name":"Kruger &amp; Hodges Abogados De Lesiones","article_publisher":"https:\/\/www.facebook.com\/KrugerHodges\/","article_modified_time":"2025-03-17T16:45:49+00:00","og_image":[{"width":1200,"height":800,"url":"https:\/\/thehometownlawyers.com\/wp-content\/uploads\/2021\/11\/state-farm-insurance.jpeg","type":"image\/jpeg"}],"twitter_card":"summary_large_image","twitter_misc":{"Tiempo de lectura":"4 minutos"},"schema":{"@context":"https:\/\/schema.org","@graph":[{"@type":"WebPage","@id":"https:\/\/thehometownlawyers.com\/es\/hamilton\/abogado-de-seguros-de-auto\/state-farm\/","url":"https:\/\/thehometownlawyers.com\/es\/hamilton\/abogado-de-seguros-de-auto\/state-farm\/","name":"Abogado de Reclamaciones de Seguros State Farm | Consulta Gratuita","isPartOf":{"@id":"https:\/\/thehometownlawyers.com\/es\/#website"},"primaryImageOfPage":{"@id":"https:\/\/thehometownlawyers.com\/es\/hamilton\/abogado-de-seguros-de-auto\/state-farm\/#primaryimage"},"image":{"@id":"https:\/\/thehometownlawyers.com\/es\/hamilton\/abogado-de-seguros-de-auto\/state-farm\/#primaryimage"},"thumbnailUrl":"https:\/\/thehometownlawyers.com\/wp-content\/uploads\/2021\/11\/state-farm-insurance.jpeg","datePublished":"2021-11-09T23:30:51+00:00","dateModified":"2025-03-17T16:45:49+00:00","description":"Nuestros abogados de reclamos de State Farm est\u00e1n aqu\u00ed para ayudarlo a obtener la compensaci\u00f3n que merece. Obtenga m\u00e1s informaci\u00f3n y comun\u00edquese con Kruger & Hodges si tiene preguntas","breadcrumb":{"@id":"https:\/\/thehometownlawyers.com\/es\/hamilton\/abogado-de-seguros-de-auto\/state-farm\/#breadcrumb"},"inLanguage":"es","potentialAction":[{"@type":"ReadAction","target":["https:\/\/thehometownlawyers.com\/es\/hamilton\/abogado-de-seguros-de-auto\/state-farm\/"]}]},{"@type":"ImageObject","inLanguage":"es","@id":"https:\/\/thehometownlawyers.com\/es\/hamilton\/abogado-de-seguros-de-auto\/state-farm\/#primaryimage","url":"https:\/\/thehometownlawyers.com\/wp-content\/uploads\/2021\/11\/state-farm-insurance.jpeg","contentUrl":"https:\/\/thehometownlawyers.com\/wp-content\/uploads\/2021\/11\/state-farm-insurance.jpeg","width":1200,"height":800,"caption":"Abogados de Reclamos de State Farm"},{"@type":"BreadcrumbList","@id":"https:\/\/thehometownlawyers.com\/es\/hamilton\/abogado-de-seguros-de-auto\/state-farm\/#breadcrumb","itemListElement":[{"@type":"ListItem","position":1,"name":"Home","item":"https:\/\/thehometownlawyers.com\/es\/"},{"@type":"ListItem","position":2,"name":"Abogados de Lesiones Personales en Hamilton","item":"https:\/\/thehometownlawyers.com\/es\/"},{"@type":"ListItem","position":3,"name":"Abogado de reclamaciones de seguros en Hamilton","item":"https:\/\/thehometownlawyers.com\/es\/hamilton\/abogado-de-seguros\/"},{"@type":"ListItem","position":4,"name":"Reclamaciones de Seguros State Farm"}]},{"@type":"WebSite","@id":"https:\/\/thehometownlawyers.com\/es\/#website","url":"https:\/\/thehometownlawyers.com\/es\/","name":"Kruger & Hodges Hometown Injury Lawyers | Accident Attorneys","description":"Attorneys for Car, Truck and Motorcycle Accidents, Personal Injuries, and Criminal Defense.","publisher":{"@id":"https:\/\/thehometownlawyers.com\/es\/#organization"},"alternateName":"Kruger & Hodges Personal Injury Lawyers","inLanguage":"es"},{"@type":"Organization","@id":"https:\/\/thehometownlawyers.com\/es\/#organization","name":"Kruger & Hodges Hometown Injury Lawyers","alternateName":"Kruger & Hodges","url":"https:\/\/thehometownlawyers.com\/es\/","logo":{"@type":"ImageObject","inLanguage":"es","@id":"https:\/\/thehometownlawyers.com\/es\/#\/schema\/logo\/image\/","url":"https:\/\/thehometownlawyers.com\/wp-content\/uploads\/2025\/12\/revised-kh-logo-vertical-white-background-scaled.png","contentUrl":"https:\/\/thehometownlawyers.com\/wp-content\/uploads\/2025\/12\/revised-kh-logo-vertical-white-background-scaled.png","width":2560,"height":1440,"caption":"Kruger & Hodges Hometown Injury Lawyers"},"image":{"@id":"https:\/\/thehometownlawyers.com\/es\/#\/schema\/logo\/image\/"},"sameAs":["https:\/\/www.facebook.com\/KrugerHodges\/","https:\/\/www.instagram.com\/krugerhodges\/","https:\/\/www.linkedin.com\/company\/kruger-hodges-hometown-injury-lawyers\/","https:\/\/www.youtube.com\/channel\/UCeYcMaMaN2rb9jMlqt4EIdQ","https:\/\/www.tiktok.com\/@thehometownlawyer"]}]}},"_links":{"self":[{"href":"https:\/\/thehometownlawyers.com\/es\/wp-json\/wp\/v2\/pages\/21170","targetHints":{"allow":["GET"]}}],"collection":[{"href":"https:\/\/thehometownlawyers.com\/es\/wp-json\/wp\/v2\/pages"}],"about":[{"href":"https:\/\/thehometownlawyers.com\/es\/wp-json\/wp\/v2\/types\/page"}],"author":[{"embeddable":true,"href":"https:\/\/thehometownlawyers.com\/es\/wp-json\/wp\/v2\/users\/7"}],"replies":[{"embeddable":true,"href":"https:\/\/thehometownlawyers.com\/es\/wp-json\/wp\/v2\/comments?post=21170"}],"version-history":[{"count":0,"href":"https:\/\/thehometownlawyers.com\/es\/wp-json\/wp\/v2\/pages\/21170\/revisions"}],"up":[{"embeddable":true,"href":"https:\/\/thehometownlawyers.com\/es\/wp-json\/wp\/v2\/pages\/24162"}],"wp:featuredmedia":[{"embeddable":true,"href":"https:\/\/thehometownlawyers.com\/es\/wp-json\/wp\/v2\/media\/20891"}],"wp:attachment":[{"href":"https:\/\/thehometownlawyers.com\/es\/wp-json\/wp\/v2\/media?parent=21170"}],"wp:term":[{"taxonomy":"hc_faqs","embeddable":true,"href":"https:\/\/thehometownlawyers.com\/es\/wp-json\/wp\/v2\/hc_faqs?post=21170"},{"taxonomy":"hc_spanish_faqs","embeddable":true,"href":"https:\/\/thehometownlawyers.com\/es\/wp-json\/wp\/v2\/hc_spanish_faqs?post=21170"}],"curies":[{"name":"wp","href":"https:\/\/api.w.org\/{rel}","templated":true}]}}