{"id":21171,"date":"2021-12-28T19:14:15","date_gmt":"2021-12-29T00:14:15","guid":{"rendered":"https:\/\/thehometownlawyers.com\/?page_id=21171"},"modified":"2025-02-03T09:46:43","modified_gmt":"2025-02-03T14:46:43","slug":"accidentes-de-motocicleta-en-camden-ohio","status":"publish","type":"page","link":"https:\/\/thehometownlawyers.com\/es\/lesiones-personales-en-camden-ohio\/accidentes-de-motocicleta-en-camden-ohio\/","title":{"rendered":"Abogado de Accidente de Motocicleta en Camden"},"content":{"rendered":"<h2>Accidentes de motocicleta en Camden, Ohio<\/h2>\n<p>Las motocicletas son modos de transporte divertidos y econ\u00f3micos. Ya sea que conduzca su motocicleta al trabajo o simplemente por la ciudad o de viaje, sin duda es una excelente opci\u00f3n. Desafortunadamente, los accidentes de motocicleta en Camden, Ohio, pueden provocar lesiones graves. Muchas veces, los accidentes de motocicleta son causados por conductores negligentes que no ven o no prestan atenci\u00f3n a las motocicletas en la carretera. Lamentablemente, los motociclistas pueden sufrir lesiones extremas como resultado de un accidente. Cuando usted o alguien a quien ama result\u00f3 herido en un accidente de motocicleta, es posible que le deban dinero por sus lesiones. Un abogado con experiencia en lesiones personales de Camden lo ayudar\u00e1 a obtener la compensaci\u00f3n que merece.<\/p>\n<p class=\"rs-content-cta rs-content-cta-small\">Para una consulta legal gratuita, llame al <a href=\"tel:+15138943333\">513-894-3333 <\/a><\/p><h2>Accidentes de motocicleta en Camden, Ohio<\/h2>\n<p>Seg\u00fan la poblaci\u00f3n, Ohio tiene una tasa de mortalidad por accidentes de motocicletas m\u00e1s alta que la de otros estados. Seg\u00fan la <a href=\"https:\/\/www.nhtsa.gov\/road-safety\/motorcycles\" target=\"_blank\" rel=\"noopener\">Administraci\u00f3n Nacional de Seguridad del Tr\u00e1fico en las Carreteras<\/a> (NHTSA), Ohio se encuentra constantemente entre los cinco estados con la tasa m\u00e1s alta de muertes de motocicletas. En 2019, m\u00e1s de 5000 motociclistas murieron en accidentes en los Estados Unidos. Los accidentes de motocicleta pueden ocurrir en cualquier lugar, en cualquier momento y en cualquier condici\u00f3n. Otros conductores deben ser m\u00e1s conscientes de la presencia de motocicletas y deben conducir a la defensiva para ayudar a mantener seguros a los motociclistas.<\/p>\n<h2>Lesiones Causadas por Accidentes de Motocicleta en Camden, Ohio<\/h2>\n<p>Los accidentes de motocicleta a menudo resultan en lesiones graves y potencialmente mortales. Cuando una motocicleta choca con un veh\u00edculo m\u00e1s grande, el motociclista termina golpeando el suelo, a veces a una velocidad muy alta. Cuando esto ocurre, puede esperar algunas lesiones muy graves que pueden requerir hospitalizaci\u00f3n, cirug\u00eda y un largo per\u00edodo de rehabilitaci\u00f3n. Las lesiones comunes de motocicleta incluyen:<\/p>\n<ul>\n<li>Lesiones en la cabeza y el cuello<\/li>\n<li>Lesiones cerebrales traum\u00e1ticas<\/li>\n<li>Da\u00f1o de la m\u00e9dula espinal<\/li>\n<li>Heridas internas<\/li>\n<li>quemaduras<\/li>\n<li>Huesos rotos<\/li>\n<li>Raspaduras y moretones<\/li>\n<\/ul>\n<p>De estas lesiones, una lesi\u00f3n cerebral traum\u00e1tica, TBI, es probablemente una de las m\u00e1s graves. Una lesi\u00f3n cerebral traum\u00e1tica ocurre cuando el cerebro golpea el cr\u00e1neo, lo que sucede cuando la cabeza golpea una superficie s\u00f3lida, como el pavimento. El cerebro puede hincharse, causando que las c\u00e9lulas mueran debido a la falta de ox\u00edgeno. El tratamiento r\u00e1pido es necesario para sobrevivir y algunos pacientes nunca se recuperar\u00e1n por completo. La gravedad de la lesi\u00f3n cerebral traum\u00e1tica var\u00eda de una persona a otra seg\u00fan los factores de la lesi\u00f3n. Otras lesiones graves incluyen lesiones en la columna vertebral, traumatismos en el cuello y la cabeza y huesos rotos. Muchas lesiones requerir\u00e1n una o m\u00e1s cirug\u00edas para emprender el camino hacia la recuperaci\u00f3n.<\/p>\n<p class=\"rs-content-cta rs-content-cta-small\"><a href=\"\/es\/contacto\/\">Haga clic para contactar<\/a> con nuestros lesiones personales abogados hoy<\/p><h2>Prueba de negligencia en accidentes de motocicleta<\/h2>\n<p>Las lesiones que amenazan la vida necesitan un tratamiento m\u00e9dico extenso, que es extremadamente costoso. El conductor negligente debe ser responsable de pagar sus gastos m\u00e9dicos y todos los costos asociados con el accidente. Ohio define la <a href=\"https:\/\/insurance.ohio.gov\/wps\/portal\/gov\/odi\/consumers\/automobile\/comparative-negligence#:~:text=In%201980%2C%20Ohio%20became%20the,injury%20or%20damage%20to%20another.\" target=\"_blank\" rel=\"noopener\">negligencia<\/a> como &#8220;la falta de ejercer el grado de cuidado requerido de una persona razonable y prudente en cualquier circunstancia dada que resulte en lesiones o da\u00f1os a otra persona&#8221;. Debe probar que el otro conductor hizo algo negligente que caus\u00f3 el accidente y sus lesiones y da\u00f1os. Un abogado con experiencia en accidentes de motocicleta en Camden, Ohio, guiar\u00e1 el proceso legal para reunir las pruebas necesarias para probar la negligencia.<\/p>\n<p class=\"rs-content-cta rs-content-cta-small\">Complete una <a href=\"\/es\/contacto\/\">evaluaci\u00f3n gratuita de su caso<\/a> ahora<\/p><h2>Seguridad de la motocicleta<\/h2>\n<p>La seguridad es fundamental para prevenir accidentes graves de motocicleta en Camden, Ohio. Ohio tiene varias leyes para fomentar la seguridad. Los motociclistas deben tener una licencia de motocicleta o un endoso para conducir. El <a href=\"https:\/\/motorcycle.ohio.gov\/wps\/portal\/gov\/motorcycle\/rider-safety-resources\/motorcycle-operator-manual\" target=\"_blank\" rel=\"noopener\">Manual del Operador de Motocicletas de Ohio<\/a> le brinda las reglas y precauciones de seguridad que debe observar mientras est\u00e1 en la carretera. Los pasajeros deben asegurarse de tener suficiente experiencia para conducir en el tr\u00e1fico y deben tener cuidado de estar atentos a otros conductores que no est\u00e9n prestando suficiente atenci\u00f3n a la carretera. Si bien la ley de Ohio no requiere que los motociclistas adultos experimentados usen cascos, usar uno podr\u00eda salvarle la vida en un accidente. Usar un casco podr\u00eda aumentar sus posibilidades de sobrevivir a un accidente grave.<\/p>\n<h2>Compensaci\u00f3n por sus lesiones<\/h2>\n<p>Muchas veces, los motociclistas sufren lesiones extremadamente graves cuando tienen un accidente. El tratamiento m\u00e9dico extenso y la atenci\u00f3n continua pueden ser costosos. La parte negligente debe pagar por sus lesiones y otros da\u00f1os. Adem\u00e1s de los costos m\u00e9dicos, los gastos de hospitalizaci\u00f3n y las facturas asociadas a la rehabilitaci\u00f3n, existen otros da\u00f1os que debe pagar la parte responsable. Estos incluyen cosas tales como salarios perdidos y dinero para el dolor y el sufrimiento. No deber\u00eda tener que preocuparse por pagar estos costos astron\u00f3micos. Su abogado trabajar\u00e1 con la compa\u00f1\u00eda de seguros en su nombre para negociar un acuerdo que le proporcione el dinero que necesita.<\/p>\n<p>Un accidente de motocicleta puede dejarlo a usted y a su familia devastados. Un abogado compasivo lo ayudar\u00e1 durante este momento estresante y guiar\u00e1 el proceso para garantizar que obtenga la compensaci\u00f3n que merece. Si usted o un ser querido result\u00f3 herido en un accidente de motocicleta, estamos aqu\u00ed para ayudarlo. Comun\u00edquese con nuestro equipo legal en <a href=\"https:\/\/thehometownlawyers.com\/es\/contacto\/\">Kruger &amp; Hodges<\/a> al (937) 733-6079 para programar una consulta gratuita para discutir su caso hoy.<\/p>\n<p class=\"rs-content-cta rs-content-cta-small\">Llame o env\u00ede un mensaje de texto al <a href=\"tel:+15138943333\">513-894-3333<\/a> o complete una <a href=\"\/es\/contacto\/\">evaluaci\u00f3n gratuita de su caso<\/a><\/p>","protected":false},"excerpt":{"rendered":"<p>Accidentes de motocicleta en Camden, Ohio Las motocicletas son modos de transporte divertidos y econ\u00f3micos. Ya sea que conduzca su motocicleta al trabajo o simplemente por la ciudad o de viaje, sin duda es una excelente opci\u00f3n. Desafortunadamente, los accidentes de motocicleta en Camden, Ohio, pueden provocar lesiones graves. Muchas veces, los accidentes de motocicleta &#8230;<\/p>\n","protected":false},"author":7,"featured_media":24476,"parent":21140,"menu_order":0,"comment_status":"closed","ping_status":"closed","template":"","meta":{"_acf_changed":false,"inline_featured_image":false,"_genesis_hide_title":false,"_genesis_hide_breadcrumbs":false,"_genesis_hide_singular_image":false,"_genesis_hide_footer_widgets":false,"_genesis_custom_body_class":"","_genesis_custom_post_class":"","_genesis_layout":"","footnotes":""},"hc_faqs":[],"hc_spanish_faqs":[],"class_list":{"0":"post-21171","1":"page","2":"type-page","3":"status-publish","4":"has-post-thumbnail","6":"entry"},"acf":[],"yoast_head":"<!-- This site is optimized with the Yoast SEO plugin v27.3 - https:\/\/yoast.com\/product\/yoast-seo-wordpress\/ -->\n<title>Accidentes de motocicleta en Camden Ohio: Consulta gratuita<\/title>\n<meta name=\"description\" content=\"Cuando hay accidentes de motocicleta en Camden, Ohio, un abogado experimentado en accidentes de motocicleta de Camden, Ohio guiar\u00e1 el proceso legal.\" \/>\n<meta name=\"robots\" content=\"index, follow, max-snippet:-1, max-image-preview:large, max-video-preview:-1\" \/>\n<link rel=\"canonical\" href=\"https:\/\/thehometownlawyers.com\/es\/lesiones-personales-en-camden-ohio\/accidentes-de-motocicleta-en-camden-ohio\/\" \/>\n<meta property=\"og:locale\" content=\"es_MX\" \/>\n<meta property=\"og:type\" content=\"article\" \/>\n<meta property=\"og:title\" content=\"Accidentes de motocicleta en Camden Ohio: Consulta gratuita\" \/>\n<meta property=\"og:description\" content=\"Cuando hay accidentes de motocicleta en Camden, Ohio, un abogado experimentado en accidentes de motocicleta de Camden, Ohio guiar\u00e1 el proceso legal.\" \/>\n<meta property=\"og:url\" content=\"https:\/\/thehometownlawyers.com\/es\/lesiones-personales-en-camden-ohio\/accidentes-de-motocicleta-en-camden-ohio\/\" \/>\n<meta property=\"og:site_name\" content=\"Kruger &amp; Hodges Abogados De Lesiones\" \/>\n<meta property=\"article:publisher\" content=\"https:\/\/www.facebook.com\/KrugerHodges\/\" \/>\n<meta property=\"article:modified_time\" content=\"2025-02-03T14:46:43+00:00\" \/>\n<meta property=\"og:image\" content=\"https:\/\/thehometownlawyers.com\/wp-content\/uploads\/2021\/04\/service-1.png\" \/>\n\t<meta property=\"og:image:width\" content=\"415\" \/>\n\t<meta property=\"og:image:height\" content=\"306\" \/>\n\t<meta property=\"og:image:type\" content=\"image\/png\" \/>\n<meta name=\"twitter:card\" content=\"summary_large_image\" \/>\n<meta name=\"twitter:label1\" content=\"Tiempo de lectura\" \/>\n\t<meta name=\"twitter:data1\" content=\"5 minutos\" \/>\n<script type=\"application\/ld+json\" class=\"yoast-schema-graph\">{\"@context\":\"https:\\\/\\\/schema.org\",\"@graph\":[{\"@type\":\"WebPage\",\"@id\":\"https:\\\/\\\/thehometownlawyers.com\\\/es\\\/lesiones-personales-en-camden-ohio\\\/accidentes-de-motocicleta-en-camden-ohio\\\/\",\"url\":\"https:\\\/\\\/thehometownlawyers.com\\\/es\\\/lesiones-personales-en-camden-ohio\\\/accidentes-de-motocicleta-en-camden-ohio\\\/\",\"name\":\"Accidentes de motocicleta en Camden Ohio: Consulta gratuita\",\"isPartOf\":{\"@id\":\"https:\\\/\\\/thehometownlawyers.com\\\/es\\\/#website\"},\"primaryImageOfPage\":{\"@id\":\"https:\\\/\\\/thehometownlawyers.com\\\/es\\\/lesiones-personales-en-camden-ohio\\\/accidentes-de-motocicleta-en-camden-ohio\\\/#primaryimage\"},\"image\":{\"@id\":\"https:\\\/\\\/thehometownlawyers.com\\\/es\\\/lesiones-personales-en-camden-ohio\\\/accidentes-de-motocicleta-en-camden-ohio\\\/#primaryimage\"},\"thumbnailUrl\":\"https:\\\/\\\/thehometownlawyers.com\\\/wp-content\\\/uploads\\\/2025\\\/03\\\/camden-motorcycle-accident-lawyer.jpg\",\"datePublished\":\"2021-12-29T00:14:15+00:00\",\"dateModified\":\"2025-02-03T14:46:43+00:00\",\"description\":\"Cuando hay accidentes de motocicleta en Camden, Ohio, un abogado experimentado en accidentes de motocicleta de Camden, Ohio guiar\u00e1 el proceso legal.\",\"breadcrumb\":{\"@id\":\"https:\\\/\\\/thehometownlawyers.com\\\/es\\\/lesiones-personales-en-camden-ohio\\\/accidentes-de-motocicleta-en-camden-ohio\\\/#breadcrumb\"},\"inLanguage\":\"es\",\"potentialAction\":[{\"@type\":\"ReadAction\",\"target\":[\"https:\\\/\\\/thehometownlawyers.com\\\/es\\\/lesiones-personales-en-camden-ohio\\\/accidentes-de-motocicleta-en-camden-ohio\\\/\"]}]},{\"@type\":\"ImageObject\",\"inLanguage\":\"es\",\"@id\":\"https:\\\/\\\/thehometownlawyers.com\\\/es\\\/lesiones-personales-en-camden-ohio\\\/accidentes-de-motocicleta-en-camden-ohio\\\/#primaryimage\",\"url\":\"https:\\\/\\\/thehometownlawyers.com\\\/wp-content\\\/uploads\\\/2025\\\/03\\\/camden-motorcycle-accident-lawyer.jpg\",\"contentUrl\":\"https:\\\/\\\/thehometownlawyers.com\\\/wp-content\\\/uploads\\\/2025\\\/03\\\/camden-motorcycle-accident-lawyer.jpg\",\"width\":768,\"height\":512,\"caption\":\"A human hand in protective motorcycle gloves holds a motorcycle, presses the brake before the race, close-up.\"},{\"@type\":\"BreadcrumbList\",\"@id\":\"https:\\\/\\\/thehometownlawyers.com\\\/es\\\/lesiones-personales-en-camden-ohio\\\/accidentes-de-motocicleta-en-camden-ohio\\\/#breadcrumb\",\"itemListElement\":[{\"@type\":\"ListItem\",\"position\":1,\"name\":\"Home\",\"item\":\"https:\\\/\\\/thehometownlawyers.com\\\/es\\\/\"},{\"@type\":\"ListItem\",\"position\":2,\"name\":\"Abogado de Lesiones Personales en Camden\",\"item\":\"https:\\\/\\\/thehometownlawyers.com\\\/es\\\/lesiones-personales-en-camden-ohio\\\/\"},{\"@type\":\"ListItem\",\"position\":3,\"name\":\"Abogado de Accidente de Motocicleta en Camden\"}]},{\"@type\":\"WebSite\",\"@id\":\"https:\\\/\\\/thehometownlawyers.com\\\/es\\\/#website\",\"url\":\"https:\\\/\\\/thehometownlawyers.com\\\/es\\\/\",\"name\":\"Kruger & Hodges Hometown Injury Lawyers | Accident Attorneys\",\"description\":\"Attorneys for Car, Truck and Motorcycle Accidents, Personal Injuries, and Criminal Defense.\",\"publisher\":{\"@id\":\"https:\\\/\\\/thehometownlawyers.com\\\/es\\\/#organization\"},\"alternateName\":\"Kruger & Hodges Personal Injury Lawyers\",\"inLanguage\":\"es\"},{\"@type\":\"Organization\",\"@id\":\"https:\\\/\\\/thehometownlawyers.com\\\/es\\\/#organization\",\"name\":\"Kruger & Hodges Hometown Injury Lawyers\",\"alternateName\":\"Kruger & Hodges\",\"url\":\"https:\\\/\\\/thehometownlawyers.com\\\/es\\\/\",\"logo\":{\"@type\":\"ImageObject\",\"inLanguage\":\"es\",\"@id\":\"https:\\\/\\\/thehometownlawyers.com\\\/es\\\/#\\\/schema\\\/logo\\\/image\\\/\",\"url\":\"https:\\\/\\\/thehometownlawyers.com\\\/wp-content\\\/uploads\\\/2025\\\/12\\\/revised-kh-logo-vertical-white-background-scaled.png\",\"contentUrl\":\"https:\\\/\\\/thehometownlawyers.com\\\/wp-content\\\/uploads\\\/2025\\\/12\\\/revised-kh-logo-vertical-white-background-scaled.png\",\"width\":2560,\"height\":1440,\"caption\":\"Kruger & Hodges Hometown Injury Lawyers\"},\"image\":{\"@id\":\"https:\\\/\\\/thehometownlawyers.com\\\/es\\\/#\\\/schema\\\/logo\\\/image\\\/\"},\"sameAs\":[\"https:\\\/\\\/www.facebook.com\\\/KrugerHodges\\\/\",\"https:\\\/\\\/www.instagram.com\\\/krugerhodges\\\/\",\"https:\\\/\\\/www.linkedin.com\\\/company\\\/kruger-hodges-hometown-injury-lawyers\\\/\",\"https:\\\/\\\/www.youtube.com\\\/channel\\\/UCeYcMaMaN2rb9jMlqt4EIdQ\",\"https:\\\/\\\/www.tiktok.com\\\/@thehometownlawyer\"]}]}<\/script>\n<!-- \/ Yoast SEO plugin. -->","yoast_head_json":{"title":"Accidentes de motocicleta en Camden Ohio: Consulta gratuita","description":"Cuando hay accidentes de motocicleta en Camden, Ohio, un abogado experimentado en accidentes de motocicleta de Camden, Ohio guiar\u00e1 el proceso legal.","robots":{"index":"index","follow":"follow","max-snippet":"max-snippet:-1","max-image-preview":"max-image-preview:large","max-video-preview":"max-video-preview:-1"},"canonical":"https:\/\/thehometownlawyers.com\/es\/lesiones-personales-en-camden-ohio\/accidentes-de-motocicleta-en-camden-ohio\/","og_locale":"es_MX","og_type":"article","og_title":"Accidentes de motocicleta en Camden Ohio: Consulta gratuita","og_description":"Cuando hay accidentes de motocicleta en Camden, Ohio, un abogado experimentado en accidentes de motocicleta de Camden, Ohio guiar\u00e1 el proceso legal.","og_url":"https:\/\/thehometownlawyers.com\/es\/lesiones-personales-en-camden-ohio\/accidentes-de-motocicleta-en-camden-ohio\/","og_site_name":"Kruger &amp; Hodges Abogados De Lesiones","article_publisher":"https:\/\/www.facebook.com\/KrugerHodges\/","article_modified_time":"2025-02-03T14:46:43+00:00","og_image":[{"width":415,"height":306,"url":"https:\/\/thehometownlawyers.com\/wp-content\/uploads\/2021\/04\/service-1.png","type":"image\/png"}],"twitter_card":"summary_large_image","twitter_misc":{"Tiempo de lectura":"5 minutos"},"schema":{"@context":"https:\/\/schema.org","@graph":[{"@type":"WebPage","@id":"https:\/\/thehometownlawyers.com\/es\/lesiones-personales-en-camden-ohio\/accidentes-de-motocicleta-en-camden-ohio\/","url":"https:\/\/thehometownlawyers.com\/es\/lesiones-personales-en-camden-ohio\/accidentes-de-motocicleta-en-camden-ohio\/","name":"Accidentes de motocicleta en Camden Ohio: Consulta gratuita","isPartOf":{"@id":"https:\/\/thehometownlawyers.com\/es\/#website"},"primaryImageOfPage":{"@id":"https:\/\/thehometownlawyers.com\/es\/lesiones-personales-en-camden-ohio\/accidentes-de-motocicleta-en-camden-ohio\/#primaryimage"},"image":{"@id":"https:\/\/thehometownlawyers.com\/es\/lesiones-personales-en-camden-ohio\/accidentes-de-motocicleta-en-camden-ohio\/#primaryimage"},"thumbnailUrl":"https:\/\/thehometownlawyers.com\/wp-content\/uploads\/2025\/03\/camden-motorcycle-accident-lawyer.jpg","datePublished":"2021-12-29T00:14:15+00:00","dateModified":"2025-02-03T14:46:43+00:00","description":"Cuando hay accidentes de motocicleta en Camden, Ohio, un abogado experimentado en accidentes de motocicleta de Camden, Ohio guiar\u00e1 el proceso legal.","breadcrumb":{"@id":"https:\/\/thehometownlawyers.com\/es\/lesiones-personales-en-camden-ohio\/accidentes-de-motocicleta-en-camden-ohio\/#breadcrumb"},"inLanguage":"es","potentialAction":[{"@type":"ReadAction","target":["https:\/\/thehometownlawyers.com\/es\/lesiones-personales-en-camden-ohio\/accidentes-de-motocicleta-en-camden-ohio\/"]}]},{"@type":"ImageObject","inLanguage":"es","@id":"https:\/\/thehometownlawyers.com\/es\/lesiones-personales-en-camden-ohio\/accidentes-de-motocicleta-en-camden-ohio\/#primaryimage","url":"https:\/\/thehometownlawyers.com\/wp-content\/uploads\/2025\/03\/camden-motorcycle-accident-lawyer.jpg","contentUrl":"https:\/\/thehometownlawyers.com\/wp-content\/uploads\/2025\/03\/camden-motorcycle-accident-lawyer.jpg","width":768,"height":512,"caption":"A human hand in protective motorcycle gloves holds a motorcycle, presses the brake before the race, close-up."},{"@type":"BreadcrumbList","@id":"https:\/\/thehometownlawyers.com\/es\/lesiones-personales-en-camden-ohio\/accidentes-de-motocicleta-en-camden-ohio\/#breadcrumb","itemListElement":[{"@type":"ListItem","position":1,"name":"Home","item":"https:\/\/thehometownlawyers.com\/es\/"},{"@type":"ListItem","position":2,"name":"Abogado de Lesiones Personales en Camden","item":"https:\/\/thehometownlawyers.com\/es\/lesiones-personales-en-camden-ohio\/"},{"@type":"ListItem","position":3,"name":"Abogado de Accidente de Motocicleta en Camden"}]},{"@type":"WebSite","@id":"https:\/\/thehometownlawyers.com\/es\/#website","url":"https:\/\/thehometownlawyers.com\/es\/","name":"Kruger & Hodges Hometown Injury Lawyers | Accident Attorneys","description":"Attorneys for Car, Truck and Motorcycle Accidents, Personal Injuries, and Criminal Defense.","publisher":{"@id":"https:\/\/thehometownlawyers.com\/es\/#organization"},"alternateName":"Kruger & Hodges Personal Injury Lawyers","inLanguage":"es"},{"@type":"Organization","@id":"https:\/\/thehometownlawyers.com\/es\/#organization","name":"Kruger & Hodges Hometown Injury Lawyers","alternateName":"Kruger & Hodges","url":"https:\/\/thehometownlawyers.com\/es\/","logo":{"@type":"ImageObject","inLanguage":"es","@id":"https:\/\/thehometownlawyers.com\/es\/#\/schema\/logo\/image\/","url":"https:\/\/thehometownlawyers.com\/wp-content\/uploads\/2025\/12\/revised-kh-logo-vertical-white-background-scaled.png","contentUrl":"https:\/\/thehometownlawyers.com\/wp-content\/uploads\/2025\/12\/revised-kh-logo-vertical-white-background-scaled.png","width":2560,"height":1440,"caption":"Kruger & Hodges Hometown Injury Lawyers"},"image":{"@id":"https:\/\/thehometownlawyers.com\/es\/#\/schema\/logo\/image\/"},"sameAs":["https:\/\/www.facebook.com\/KrugerHodges\/","https:\/\/www.instagram.com\/krugerhodges\/","https:\/\/www.linkedin.com\/company\/kruger-hodges-hometown-injury-lawyers\/","https:\/\/www.youtube.com\/channel\/UCeYcMaMaN2rb9jMlqt4EIdQ","https:\/\/www.tiktok.com\/@thehometownlawyer"]}]}},"_links":{"self":[{"href":"https:\/\/thehometownlawyers.com\/es\/wp-json\/wp\/v2\/pages\/21171","targetHints":{"allow":["GET"]}}],"collection":[{"href":"https:\/\/thehometownlawyers.com\/es\/wp-json\/wp\/v2\/pages"}],"about":[{"href":"https:\/\/thehometownlawyers.com\/es\/wp-json\/wp\/v2\/types\/page"}],"author":[{"embeddable":true,"href":"https:\/\/thehometownlawyers.com\/es\/wp-json\/wp\/v2\/users\/7"}],"replies":[{"embeddable":true,"href":"https:\/\/thehometownlawyers.com\/es\/wp-json\/wp\/v2\/comments?post=21171"}],"version-history":[{"count":0,"href":"https:\/\/thehometownlawyers.com\/es\/wp-json\/wp\/v2\/pages\/21171\/revisions"}],"up":[{"embeddable":true,"href":"https:\/\/thehometownlawyers.com\/es\/wp-json\/wp\/v2\/pages\/21140"}],"wp:featuredmedia":[{"embeddable":true,"href":"https:\/\/thehometownlawyers.com\/es\/wp-json\/wp\/v2\/media\/24476"}],"wp:attachment":[{"href":"https:\/\/thehometownlawyers.com\/es\/wp-json\/wp\/v2\/media?parent=21171"}],"wp:term":[{"taxonomy":"hc_faqs","embeddable":true,"href":"https:\/\/thehometownlawyers.com\/es\/wp-json\/wp\/v2\/hc_faqs?post=21171"},{"taxonomy":"hc_spanish_faqs","embeddable":true,"href":"https:\/\/thehometownlawyers.com\/es\/wp-json\/wp\/v2\/hc_spanish_faqs?post=21171"}],"curies":[{"name":"wp","href":"https:\/\/api.w.org\/{rel}","templated":true}]}}