{"id":21173,"date":"2021-12-28T19:04:55","date_gmt":"2021-12-29T00:04:55","guid":{"rendered":"https:\/\/thehometownlawyers.com\/?page_id=21173"},"modified":"2025-02-03T09:45:47","modified_gmt":"2025-02-03T14:45:47","slug":"accidentes-de-camiones-en-camden-ohio","status":"publish","type":"page","link":"https:\/\/thehometownlawyers.com\/es\/lesiones-personales-en-camden-ohio\/accidentes-de-camiones-en-camden-ohio\/","title":{"rendered":"Abogado de Accidente de Cami\u00f3n en Camden"},"content":{"rendered":"<h2>Accidentes de camiones en Camden, Ohio<\/h2>\n<p>Los camiones comerciales grandes tambi\u00e9n se denominan semirremolques o camiones grandes. Son capaces de transportar grandes cargas y pueden pesar hasta 80,000 libras. Si bien necesitamos camiones para transportar nuestros productos y paquetes, tambi\u00e9n pueden ser un peligro en la carretera. Los accidentes de camiones se encuentran entre los m\u00e1s graves y, a menudo, resultan en lesiones graves o muertes. Cuando un veh\u00edculo de pasajeros choca con un semirremolque, las lesiones pueden poner en peligro la vida. La ruta estatal 725 atraviesa nuestra comunidad y es conocida por su abundante tr\u00e1fico de camiones. Camden, Ohio, es una hermosa comunidad rural, pero junto con los amplios espacios abiertos surge la necesidad de conducir al trabajo, la escuela, las tiendas y los restaurantes. Compartimos nuestras carreteras con numerosos camiones grandes, por lo que es importante estar al tanto de los accidentes de camiones en Camden, Ohio.<\/p>\n<p class=\"rs-content-cta rs-content-cta-small\">Para una consulta legal gratuita, llame al <a href=\"tel:+15138943333\">513-894-3333 <\/a><\/p><h2>Por qu\u00e9 los accidentes de camiones son diferentes de otros accidentes<\/h2>\n<p>Los accidentes de camiones son diferentes de otros tipos de accidentes por varias razones. Los camiones son m\u00e1s grandes que los veh\u00edculos, por lo que cuando chocan con un autom\u00f3vil de pasajeros, es probable que causen da\u00f1os y lesiones graves. Los camiones son grandes y tienen sistemas mec\u00e1nicos que requieren mantenimiento e inspecci\u00f3n regulares. Cuando ocurre un accidente de cami\u00f3n, puede ser dif\u00edcil determinar la causa e identificar a la parte negligente. Los camiones deben seguir las normas de seguridad estatales y federales, como las de la <a href=\"https:\/\/www.fmcsa.dot.gov\/regulations\" target=\"_blank\" rel=\"noopener\">Administraci\u00f3n Federal de Seguridad de Autotransportistas<\/a> . Podr\u00eda haber m\u00e1s de una parte negligente en un caso de accidente de cami\u00f3n, como el conductor, la empresa propietaria del cami\u00f3n y el proveedor de mantenimiento.<\/p>\n<p class=\"rs-content-cta\">Abogado de Lesiones Personales de Camden Cerca de M\u00ed <a href=\"tel:+15138943333\">513-894-3333<\/a><\/p><h2>Causas de Accidentes de Camiones<\/h2>\n<p>Los accidentes de camiones ocurren por varias razones. Son m\u00e1s complejos que otros tipos de accidentes y, a menudo, hay varios factores contribuyentes o causas del accidente. Las causas de los accidentes de camiones pueden caer en una de varias categor\u00edas principales. \u00c9stas incluyen:<\/p>\n<ul>\n<li>Errores del controlador<\/li>\n<li>Problemas mec\u00e1nicos<\/li>\n<li>Condiciones exteriores<\/li>\n<\/ul>\n<p>De estos factores, los errores del conductor suelen ser las causas m\u00e1s comunes de accidentes de camiones en Camden, Ohio. Los errores del conductor incluyen exceso de velocidad, cambios de carril inadecuados, conducir fatigado, conducir bajo la influencia, no obedecer las se\u00f1ales de tr\u00e1fico, inexperiencia y m\u00e1s. Los problemas mec\u00e1nicos m\u00e1s comunes son el mal funcionamiento de los frenos y los problemas con los neum\u00e1ticos. Las condiciones externas que pueden contribuir a los accidentes son el clima, como el hielo, la nieve o la lluvia, y los problemas con la carretera misma.<\/p>\n<p>Puede ver c\u00f3mo varios factores pueden contribuir a los accidentes de camiones. Por ejemplo, un conductor sin experiencia est\u00e1 cansado y acelera cuando se revienta una llanta y el veh\u00edculo comienza a patinar. El conductor no logra controlar el cami\u00f3n grande y el cami\u00f3n se sale de control y golpea un autom\u00f3vil en la carretera. Es probable que varios factores hayan contribuido a este accidente. Es posible que el conductor no tuviera la capacitaci\u00f3n o la experiencia adecuadas y estaba acelerando, es posible que las llantas no se hayan mantenido correctamente y cuando el cami\u00f3n comenz\u00f3 a patinar, el conductor deber\u00eda haber podido controlarlo, pero finalmente no pudo.<\/p>\n<p class=\"rs-content-cta rs-content-cta-small\"><a href=\"\/es\/contacto\/\">Haga clic para contactar<\/a> con nuestros lesiones personales abogados hoy<\/p><h2>Lesiones Causadas por Accidentes de Camiones en Camden, Ohio<\/h2>\n<p>Las lesiones graves no son infrecuentes en los accidentes de camiones en Camden, Ohio. Las v\u00edctimas de accidentes de camiones pueden sufrir una variedad de lesiones, muchas de las cuales pueden poner en peligro la vida. Algunas de las lesiones m\u00e1s graves incluyen:<\/p>\n<ul>\n<li>Lesiones de cuello y espalda<\/li>\n<li>Latigazo<\/li>\n<li>Lesiones cerebrales traum\u00e1ticas<\/li>\n<li>Lesiones de \u00f3rganos internos<\/li>\n<li>Huesos rotos<\/li>\n<li>quemaduras<\/li>\n<\/ul>\n<p>La atenci\u00f3n m\u00e9dica inmediata es esencial para un resultado favorable. Las lesiones que sufre en un accidente de cami\u00f3n suelen ser extremadamente graves, especialmente cuando el accidente ocurre a alta velocidad. Es posible que deba someterse a una variedad de pruebas, numerosas cirug\u00edas y una larga estad\u00eda en el hospital. El per\u00edodo de rehabilitaci\u00f3n y recuperaci\u00f3n puede llevar meses o m\u00e1s. En algunos casos, el accidente provoca lesiones incapacitantes de por vida que requerir\u00e1n atenci\u00f3n continua.<\/p>\n<p class=\"rs-content-cta rs-content-cta-small\">Complete una <a href=\"\/es\/contacto\/\">evaluaci\u00f3n gratuita de su caso<\/a> ahora<\/p><h2>Compensaci\u00f3n por Lesiones en Accidentes de Camiones<\/h2>\n<p>Los costos de atenci\u00f3n m\u00e9dica, hospitalizaci\u00f3n, cirug\u00eda, rehabilitaci\u00f3n y tratamiento continuo pueden ser astron\u00f3micos. La parte negligente es responsable de pagar las facturas m\u00e9dicas y todos los <a href=\"https:\/\/www.law.cornell.edu\/wex\/damages#:~:text=Damages%20refers%20to%20the%20sum,or%20violation%20of%20some%20right.&amp;text=Compensatory%20damages%2C%20like%20the%20name,awarded%20to%20punish%20a%20wrongdoer.\" target=\"_blank\" rel=\"noopener\">da\u00f1os<\/a> causados por el accidente. Despu\u00e9s de un accidente, la compa\u00f1\u00eda de seguros se comunicar\u00e1 con usted para obtener informaci\u00f3n sobre el accidente y una declaraci\u00f3n. Puede ser mejor hablar con un abogado de accidentes de camiones de Camden antes de hacer una declaraci\u00f3n al ajustador de seguros.<\/p>\n<p>Los accidentes de camiones pueden ser complicados y puede haber m\u00e1s de una parte negligente involucrada. Por ejemplo, el conductor del cami\u00f3n, la empresa de camiones y el proveedor de mantenimiento del cami\u00f3n son solo algunas de las partes que pueden tener alguna responsabilidad por el accidente. Su abogado revisar\u00e1 los detalles del incidente y reunir\u00e1 la documentaci\u00f3n que necesita para probar su reclamo. Si result\u00f3 gravemente herido en un accidente de cami\u00f3n en Camden, Ohio, no dude en obtener la ayuda legal que necesita. Cont\u00e1ctenos hoy en <a href=\"https:\/\/thehometownlawyers.com\/es\/contacto\/\">Kruger &amp; Hodges<\/a> al (937) 733-6079 para programar una consulta inicial gratuita.<\/p>\n<p class=\"rs-content-cta rs-content-cta-small\">Llame o env\u00ede un mensaje de texto al <a href=\"tel:+15138943333\">513-894-3333<\/a> o complete una <a href=\"\/es\/contacto\/\">evaluaci\u00f3n gratuita de su caso<\/a><\/p>","protected":false},"excerpt":{"rendered":"<p>Accidentes de camiones en Camden, Ohio Los camiones comerciales grandes tambi\u00e9n se denominan semirremolques o camiones grandes. Son capaces de transportar grandes cargas y pueden pesar hasta 80,000 libras. Si bien necesitamos camiones para transportar nuestros productos y paquetes, tambi\u00e9n pueden ser un peligro en la carretera. Los accidentes de camiones se encuentran entre los &#8230;<\/p>\n","protected":false},"author":7,"featured_media":20857,"parent":21140,"menu_order":0,"comment_status":"closed","ping_status":"closed","template":"","meta":{"_acf_changed":false,"inline_featured_image":false,"_genesis_hide_title":false,"_genesis_hide_breadcrumbs":false,"_genesis_hide_singular_image":false,"_genesis_hide_footer_widgets":false,"_genesis_custom_body_class":"","_genesis_custom_post_class":"","_genesis_layout":"","footnotes":""},"hc_faqs":[],"hc_spanish_faqs":[],"class_list":{"0":"post-21173","1":"page","2":"type-page","3":"status-publish","4":"has-post-thumbnail","6":"hc_city_location-camden-es","7":"entry"},"acf":[],"yoast_head":"<!-- This site is optimized with the Yoast SEO plugin v27.3 - https:\/\/yoast.com\/product\/yoast-seo-wordpress\/ -->\n<title>Accidentes de camiones en Camden Ohio: Consulta gratuita<\/title>\n<meta name=\"description\" content=\"Es importante estar al tanto de los accidentes de camiones en Camden, Ohio y buscar ayuda experimentada si se ve involucrado en una colisi\u00f3n.\" \/>\n<meta name=\"robots\" content=\"index, follow, max-snippet:-1, max-image-preview:large, max-video-preview:-1\" \/>\n<link rel=\"canonical\" href=\"https:\/\/thehometownlawyers.com\/es\/lesiones-personales-en-camden-ohio\/accidentes-de-camiones-en-camden-ohio\/\" \/>\n<meta property=\"og:locale\" content=\"es_MX\" \/>\n<meta property=\"og:type\" content=\"article\" \/>\n<meta property=\"og:title\" content=\"Accidentes de camiones en Camden Ohio: Consulta gratuita\" \/>\n<meta property=\"og:description\" content=\"Es importante estar al tanto de los accidentes de camiones en Camden, Ohio y buscar ayuda experimentada si se ve involucrado en una colisi\u00f3n.\" \/>\n<meta property=\"og:url\" content=\"https:\/\/thehometownlawyers.com\/es\/lesiones-personales-en-camden-ohio\/accidentes-de-camiones-en-camden-ohio\/\" \/>\n<meta property=\"og:site_name\" content=\"Kruger &amp; Hodges Abogados De Lesiones\" \/>\n<meta property=\"article:publisher\" content=\"https:\/\/www.facebook.com\/KrugerHodges\/\" \/>\n<meta property=\"article:modified_time\" content=\"2025-02-03T14:45:47+00:00\" \/>\n<meta property=\"og:image\" content=\"https:\/\/thehometownlawyers.com\/wp-content\/uploads\/2021\/09\/wrecked-truck-field.jpg\" \/>\n\t<meta property=\"og:image:width\" content=\"1920\" \/>\n\t<meta property=\"og:image:height\" content=\"1080\" \/>\n\t<meta property=\"og:image:type\" content=\"image\/jpeg\" \/>\n<meta name=\"twitter:card\" content=\"summary_large_image\" \/>\n<meta name=\"twitter:label1\" content=\"Tiempo de lectura\" \/>\n\t<meta name=\"twitter:data1\" content=\"4 minutos\" \/>\n<script type=\"application\/ld+json\" class=\"yoast-schema-graph\">{\"@context\":\"https:\\\/\\\/schema.org\",\"@graph\":[{\"@type\":\"WebPage\",\"@id\":\"https:\\\/\\\/thehometownlawyers.com\\\/es\\\/lesiones-personales-en-camden-ohio\\\/accidentes-de-camiones-en-camden-ohio\\\/\",\"url\":\"https:\\\/\\\/thehometownlawyers.com\\\/es\\\/lesiones-personales-en-camden-ohio\\\/accidentes-de-camiones-en-camden-ohio\\\/\",\"name\":\"Accidentes de camiones en Camden Ohio: Consulta gratuita\",\"isPartOf\":{\"@id\":\"https:\\\/\\\/thehometownlawyers.com\\\/es\\\/#website\"},\"primaryImageOfPage\":{\"@id\":\"https:\\\/\\\/thehometownlawyers.com\\\/es\\\/lesiones-personales-en-camden-ohio\\\/accidentes-de-camiones-en-camden-ohio\\\/#primaryimage\"},\"image\":{\"@id\":\"https:\\\/\\\/thehometownlawyers.com\\\/es\\\/lesiones-personales-en-camden-ohio\\\/accidentes-de-camiones-en-camden-ohio\\\/#primaryimage\"},\"thumbnailUrl\":\"https:\\\/\\\/thehometownlawyers.com\\\/wp-content\\\/uploads\\\/2021\\\/09\\\/wrecked-truck-field.jpg\",\"datePublished\":\"2021-12-29T00:04:55+00:00\",\"dateModified\":\"2025-02-03T14:45:47+00:00\",\"description\":\"Es importante estar al tanto de los accidentes de camiones en Camden, Ohio y buscar ayuda experimentada si se ve involucrado en una colisi\u00f3n.\",\"breadcrumb\":{\"@id\":\"https:\\\/\\\/thehometownlawyers.com\\\/es\\\/lesiones-personales-en-camden-ohio\\\/accidentes-de-camiones-en-camden-ohio\\\/#breadcrumb\"},\"inLanguage\":\"es\",\"potentialAction\":[{\"@type\":\"ReadAction\",\"target\":[\"https:\\\/\\\/thehometownlawyers.com\\\/es\\\/lesiones-personales-en-camden-ohio\\\/accidentes-de-camiones-en-camden-ohio\\\/\"]}]},{\"@type\":\"ImageObject\",\"inLanguage\":\"es\",\"@id\":\"https:\\\/\\\/thehometownlawyers.com\\\/es\\\/lesiones-personales-en-camden-ohio\\\/accidentes-de-camiones-en-camden-ohio\\\/#primaryimage\",\"url\":\"https:\\\/\\\/thehometownlawyers.com\\\/wp-content\\\/uploads\\\/2021\\\/09\\\/wrecked-truck-field.jpg\",\"contentUrl\":\"https:\\\/\\\/thehometownlawyers.com\\\/wp-content\\\/uploads\\\/2021\\\/09\\\/wrecked-truck-field.jpg\",\"width\":1920,\"height\":1080,\"caption\":\"accidentes de camiones en ohio\"},{\"@type\":\"BreadcrumbList\",\"@id\":\"https:\\\/\\\/thehometownlawyers.com\\\/es\\\/lesiones-personales-en-camden-ohio\\\/accidentes-de-camiones-en-camden-ohio\\\/#breadcrumb\",\"itemListElement\":[{\"@type\":\"ListItem\",\"position\":1,\"name\":\"Home\",\"item\":\"https:\\\/\\\/thehometownlawyers.com\\\/es\\\/\"},{\"@type\":\"ListItem\",\"position\":2,\"name\":\"Abogado de Lesiones Personales en Camden\",\"item\":\"https:\\\/\\\/thehometownlawyers.com\\\/es\\\/lesiones-personales-en-camden-ohio\\\/\"},{\"@type\":\"ListItem\",\"position\":3,\"name\":\"Abogado de Accidente de Cami\u00f3n en Camden\"}]},{\"@type\":\"WebSite\",\"@id\":\"https:\\\/\\\/thehometownlawyers.com\\\/es\\\/#website\",\"url\":\"https:\\\/\\\/thehometownlawyers.com\\\/es\\\/\",\"name\":\"Kruger & Hodges Hometown Injury Lawyers | Accident Attorneys\",\"description\":\"Attorneys for Car, Truck and Motorcycle Accidents, Personal Injuries, and Criminal Defense.\",\"publisher\":{\"@id\":\"https:\\\/\\\/thehometownlawyers.com\\\/es\\\/#organization\"},\"alternateName\":\"Kruger & Hodges Personal Injury Lawyers\",\"inLanguage\":\"es\"},{\"@type\":\"Organization\",\"@id\":\"https:\\\/\\\/thehometownlawyers.com\\\/es\\\/#organization\",\"name\":\"Kruger & Hodges Hometown Injury Lawyers\",\"alternateName\":\"Kruger & Hodges\",\"url\":\"https:\\\/\\\/thehometownlawyers.com\\\/es\\\/\",\"logo\":{\"@type\":\"ImageObject\",\"inLanguage\":\"es\",\"@id\":\"https:\\\/\\\/thehometownlawyers.com\\\/es\\\/#\\\/schema\\\/logo\\\/image\\\/\",\"url\":\"https:\\\/\\\/thehometownlawyers.com\\\/wp-content\\\/uploads\\\/2025\\\/12\\\/revised-kh-logo-vertical-white-background-scaled.png\",\"contentUrl\":\"https:\\\/\\\/thehometownlawyers.com\\\/wp-content\\\/uploads\\\/2025\\\/12\\\/revised-kh-logo-vertical-white-background-scaled.png\",\"width\":2560,\"height\":1440,\"caption\":\"Kruger & Hodges Hometown Injury Lawyers\"},\"image\":{\"@id\":\"https:\\\/\\\/thehometownlawyers.com\\\/es\\\/#\\\/schema\\\/logo\\\/image\\\/\"},\"sameAs\":[\"https:\\\/\\\/www.facebook.com\\\/KrugerHodges\\\/\",\"https:\\\/\\\/www.instagram.com\\\/krugerhodges\\\/\",\"https:\\\/\\\/www.linkedin.com\\\/company\\\/kruger-hodges-hometown-injury-lawyers\\\/\",\"https:\\\/\\\/www.youtube.com\\\/channel\\\/UCeYcMaMaN2rb9jMlqt4EIdQ\",\"https:\\\/\\\/www.tiktok.com\\\/@thehometownlawyer\"]}]}<\/script>\n<!-- \/ Yoast SEO plugin. -->","yoast_head_json":{"title":"Accidentes de camiones en Camden Ohio: Consulta gratuita","description":"Es importante estar al tanto de los accidentes de camiones en Camden, Ohio y buscar ayuda experimentada si se ve involucrado en una colisi\u00f3n.","robots":{"index":"index","follow":"follow","max-snippet":"max-snippet:-1","max-image-preview":"max-image-preview:large","max-video-preview":"max-video-preview:-1"},"canonical":"https:\/\/thehometownlawyers.com\/es\/lesiones-personales-en-camden-ohio\/accidentes-de-camiones-en-camden-ohio\/","og_locale":"es_MX","og_type":"article","og_title":"Accidentes de camiones en Camden Ohio: Consulta gratuita","og_description":"Es importante estar al tanto de los accidentes de camiones en Camden, Ohio y buscar ayuda experimentada si se ve involucrado en una colisi\u00f3n.","og_url":"https:\/\/thehometownlawyers.com\/es\/lesiones-personales-en-camden-ohio\/accidentes-de-camiones-en-camden-ohio\/","og_site_name":"Kruger &amp; Hodges Abogados De Lesiones","article_publisher":"https:\/\/www.facebook.com\/KrugerHodges\/","article_modified_time":"2025-02-03T14:45:47+00:00","og_image":[{"width":1920,"height":1080,"url":"https:\/\/thehometownlawyers.com\/wp-content\/uploads\/2021\/09\/wrecked-truck-field.jpg","type":"image\/jpeg"}],"twitter_card":"summary_large_image","twitter_misc":{"Tiempo de lectura":"4 minutos"},"schema":{"@context":"https:\/\/schema.org","@graph":[{"@type":"WebPage","@id":"https:\/\/thehometownlawyers.com\/es\/lesiones-personales-en-camden-ohio\/accidentes-de-camiones-en-camden-ohio\/","url":"https:\/\/thehometownlawyers.com\/es\/lesiones-personales-en-camden-ohio\/accidentes-de-camiones-en-camden-ohio\/","name":"Accidentes de camiones en Camden Ohio: Consulta gratuita","isPartOf":{"@id":"https:\/\/thehometownlawyers.com\/es\/#website"},"primaryImageOfPage":{"@id":"https:\/\/thehometownlawyers.com\/es\/lesiones-personales-en-camden-ohio\/accidentes-de-camiones-en-camden-ohio\/#primaryimage"},"image":{"@id":"https:\/\/thehometownlawyers.com\/es\/lesiones-personales-en-camden-ohio\/accidentes-de-camiones-en-camden-ohio\/#primaryimage"},"thumbnailUrl":"https:\/\/thehometownlawyers.com\/wp-content\/uploads\/2021\/09\/wrecked-truck-field.jpg","datePublished":"2021-12-29T00:04:55+00:00","dateModified":"2025-02-03T14:45:47+00:00","description":"Es importante estar al tanto de los accidentes de camiones en Camden, Ohio y buscar ayuda experimentada si se ve involucrado en una colisi\u00f3n.","breadcrumb":{"@id":"https:\/\/thehometownlawyers.com\/es\/lesiones-personales-en-camden-ohio\/accidentes-de-camiones-en-camden-ohio\/#breadcrumb"},"inLanguage":"es","potentialAction":[{"@type":"ReadAction","target":["https:\/\/thehometownlawyers.com\/es\/lesiones-personales-en-camden-ohio\/accidentes-de-camiones-en-camden-ohio\/"]}]},{"@type":"ImageObject","inLanguage":"es","@id":"https:\/\/thehometownlawyers.com\/es\/lesiones-personales-en-camden-ohio\/accidentes-de-camiones-en-camden-ohio\/#primaryimage","url":"https:\/\/thehometownlawyers.com\/wp-content\/uploads\/2021\/09\/wrecked-truck-field.jpg","contentUrl":"https:\/\/thehometownlawyers.com\/wp-content\/uploads\/2021\/09\/wrecked-truck-field.jpg","width":1920,"height":1080,"caption":"accidentes de camiones en ohio"},{"@type":"BreadcrumbList","@id":"https:\/\/thehometownlawyers.com\/es\/lesiones-personales-en-camden-ohio\/accidentes-de-camiones-en-camden-ohio\/#breadcrumb","itemListElement":[{"@type":"ListItem","position":1,"name":"Home","item":"https:\/\/thehometownlawyers.com\/es\/"},{"@type":"ListItem","position":2,"name":"Abogado de Lesiones Personales en Camden","item":"https:\/\/thehometownlawyers.com\/es\/lesiones-personales-en-camden-ohio\/"},{"@type":"ListItem","position":3,"name":"Abogado de Accidente de Cami\u00f3n en Camden"}]},{"@type":"WebSite","@id":"https:\/\/thehometownlawyers.com\/es\/#website","url":"https:\/\/thehometownlawyers.com\/es\/","name":"Kruger & Hodges Hometown Injury Lawyers | Accident Attorneys","description":"Attorneys for Car, Truck and Motorcycle Accidents, Personal Injuries, and Criminal Defense.","publisher":{"@id":"https:\/\/thehometownlawyers.com\/es\/#organization"},"alternateName":"Kruger & Hodges Personal Injury Lawyers","inLanguage":"es"},{"@type":"Organization","@id":"https:\/\/thehometownlawyers.com\/es\/#organization","name":"Kruger & Hodges Hometown Injury Lawyers","alternateName":"Kruger & Hodges","url":"https:\/\/thehometownlawyers.com\/es\/","logo":{"@type":"ImageObject","inLanguage":"es","@id":"https:\/\/thehometownlawyers.com\/es\/#\/schema\/logo\/image\/","url":"https:\/\/thehometownlawyers.com\/wp-content\/uploads\/2025\/12\/revised-kh-logo-vertical-white-background-scaled.png","contentUrl":"https:\/\/thehometownlawyers.com\/wp-content\/uploads\/2025\/12\/revised-kh-logo-vertical-white-background-scaled.png","width":2560,"height":1440,"caption":"Kruger & Hodges Hometown Injury Lawyers"},"image":{"@id":"https:\/\/thehometownlawyers.com\/es\/#\/schema\/logo\/image\/"},"sameAs":["https:\/\/www.facebook.com\/KrugerHodges\/","https:\/\/www.instagram.com\/krugerhodges\/","https:\/\/www.linkedin.com\/company\/kruger-hodges-hometown-injury-lawyers\/","https:\/\/www.youtube.com\/channel\/UCeYcMaMaN2rb9jMlqt4EIdQ","https:\/\/www.tiktok.com\/@thehometownlawyer"]}]}},"_links":{"self":[{"href":"https:\/\/thehometownlawyers.com\/es\/wp-json\/wp\/v2\/pages\/21173","targetHints":{"allow":["GET"]}}],"collection":[{"href":"https:\/\/thehometownlawyers.com\/es\/wp-json\/wp\/v2\/pages"}],"about":[{"href":"https:\/\/thehometownlawyers.com\/es\/wp-json\/wp\/v2\/types\/page"}],"author":[{"embeddable":true,"href":"https:\/\/thehometownlawyers.com\/es\/wp-json\/wp\/v2\/users\/7"}],"replies":[{"embeddable":true,"href":"https:\/\/thehometownlawyers.com\/es\/wp-json\/wp\/v2\/comments?post=21173"}],"version-history":[{"count":0,"href":"https:\/\/thehometownlawyers.com\/es\/wp-json\/wp\/v2\/pages\/21173\/revisions"}],"up":[{"embeddable":true,"href":"https:\/\/thehometownlawyers.com\/es\/wp-json\/wp\/v2\/pages\/21140"}],"wp:featuredmedia":[{"embeddable":true,"href":"https:\/\/thehometownlawyers.com\/es\/wp-json\/wp\/v2\/media\/20857"}],"wp:attachment":[{"href":"https:\/\/thehometownlawyers.com\/es\/wp-json\/wp\/v2\/media?parent=21173"}],"wp:term":[{"taxonomy":"hc_faqs","embeddable":true,"href":"https:\/\/thehometownlawyers.com\/es\/wp-json\/wp\/v2\/hc_faqs?post=21173"},{"taxonomy":"hc_spanish_faqs","embeddable":true,"href":"https:\/\/thehometownlawyers.com\/es\/wp-json\/wp\/v2\/hc_spanish_faqs?post=21173"}],"curies":[{"name":"wp","href":"https:\/\/api.w.org\/{rel}","templated":true}]}}