{"id":21175,"date":"2021-07-24T21:30:05","date_gmt":"2021-07-25T01:30:05","guid":{"rendered":"https:\/\/thehometownlawyers.com\/?page_id=21175"},"modified":"2025-01-31T11:33:51","modified_gmt":"2025-01-31T16:33:51","slug":"abogado-de-accidentes-automovilisticos-miamisburg-ohio","status":"publish","type":"page","link":"https:\/\/thehometownlawyers.com\/es\/abogado-de-lesiones-personales-miamisburg-ohio\/abogado-de-accidentes-automovilisticos-miamisburg-ohio\/","title":{"rendered":"Abogado de Accidentes Automovil\u00edsticos en Miamisburg"},"content":{"rendered":"<h2>Abogado de accidentes automovil\u00edsticos en Miamisburg, Ohio<\/h2>\n<p>No hay duda de las muchas ventajas que obtenemos al conducir un autom\u00f3vil, siendo la m\u00e1s obvia la libertad e independencia que brindan para llegar a donde necesita ir. Pero a pesar de sus ventajas, los autom\u00f3viles tambi\u00e9n pueden ser m\u00e1quinas peligrosas, especialmente a manos de conductores descuidados, inexpertos o bajo la influencia del alcohol.<\/p>\n<p>Adem\u00e1s, existen otros factores diferentes que f\u00e1cilmente pueden causar accidentes automovil\u00edsticos, como las distracciones del conductor, la fatiga y el exceso de velocidad. A pesar de las campa\u00f1as de conducci\u00f3n segura que se han implementado en todo Ohio, los accidentes automovil\u00edsticos en nuestro estado siguen siendo comunes. Es probable que m\u00e1s de 1200 habitantes de Ohio mueran en un accidente automovil\u00edstico este a\u00f1o.<\/p>\n<p class=\"rs-content-cta rs-content-cta-small\">Para una consulta legal gratuita, llame al <a href=\"tel:+15138943333\">513-894-3333 <\/a><\/p><h2>\u00bfCu\u00e1les son los tipos m\u00e1s comunes de accidentes automovil\u00edsticos?<\/h2>\n<p>Hay muchas formas en que puede ocurrir un accidente automovil\u00edstico, y estas se pueden clasificar por el tipo y la direcci\u00f3n de la colisi\u00f3n en la que nos golpea el coche contrario. La forma m\u00e1s com\u00fan de colisi\u00f3n de autom\u00f3viles ocurre cuando un veh\u00edculo choca con la <a href=\"https:\/\/natlawreview.com\/article\/facts-about-rear-end-accidents\" target=\"_blank\" rel=\"noopener\">parte trasera<\/a> de otro veh\u00edculo. Estos incidentes pueden causar lesiones graves a las v\u00edctimas, como lesiones en el cuello, <a href=\"https:\/\/thehometownlawyers.com\/es\/\" target=\"_blank\" rel=\"noopener\">lesiones cerebrales traum\u00e1ticas (TBI)<\/a> y otras dolencias graves. En la mayor\u00eda de las colisiones traseras, el veh\u00edculo de atr\u00e1s tiene la culpa.<\/p>\n<p>Las colisiones frontales ocurren cuando chocan dos autom\u00f3viles que conducen en direcciones opuestas. Estos accidentes generalmente resultan en lesiones graves que a menudo son fatales. Dependiendo de qu\u00e9 tan r\u00e1pido viajaran los autom\u00f3viles, su impacto podr\u00eda ser significativo. En raras situaciones, cuando los veh\u00edculos chocan, los ocupantes pueden ser lanzados hacia adelante y golpeados contra los tableros de los veh\u00edculos. Esto podr\u00eda resultar en lesiones potencialmente mortales o la muerte.<\/p>\n<p>Cuando un autom\u00f3vil vuelca despu\u00e9s de una colisi\u00f3n, puede causar da\u00f1os graves tanto al conductor como a los pasajeros. Los choques con vuelco tienden a resultar en m\u00e1s muertes que cualquier otra forma de choque, <a href=\"https:\/\/crashstats.nhtsa.dot.gov\/Api\/Public\/ViewPublication\/809438\" target=\"_blank\" rel=\"noopener\">seg\u00fan las estad\u00edsticas<\/a> . Los accidentes de vuelco son frecuentemente causados por conductores distra\u00eddos, o incluso por defectos de dise\u00f1o en el propio veh\u00edculo.<\/p>\n<p>Los peatones se lesionan con frecuencia en incidentes de atropello y fuga porque son atropellados o atropellados por autom\u00f3viles que luego huyen del \u00e1rea. La mayor\u00eda de las veces, los automovilistas abandonan la escena porque no tienen suficiente cobertura de seguro para pagar los da\u00f1os. El alcohol tambi\u00e9n puede desempe\u00f1ar un papel en la decisi\u00f3n de un conductor de no quedarse, o tambi\u00e9n puede escapar de la escena si no tiene una licencia de conducir v\u00e1lida para entregar a la polic\u00eda cuando se le pregunte.<\/p>\n<p class=\"rs-content-cta\">Abogado de Lesiones Personales de Miamisburg Cerca de M\u00ed <a href=\"tel:+15138943333\">513-894-3333<\/a><\/p><h2>Lesiones por accidentes automovil\u00edsticos<\/h2>\n<p>Una lesi\u00f3n en el cuello, ya sea en una forma menor, como un <a href=\"https:\/\/www.mayoclinic.org\/diseases-conditions\/whiplash\/symptoms-causes\/syc-20378921\" target=\"_blank\" rel=\"noopener\">latigazo cervical<\/a> o por un da\u00f1o catastr\u00f3fico en una o varias v\u00e9rtebras, es una de las lesiones m\u00e1s frecuentes y predecibles asociadas con una colisi\u00f3n de veh\u00edculos. Un peligro oculto del latigazo cervical (y otras lesiones menores en el cuello) es que la adrenalina puede enmascarar la lesi\u00f3n en las primeras etapas posteriores a una colisi\u00f3n, especialmente si hay otras lesiones m\u00e1s obvias presentes.<\/p>\n<p>Muchas otras \u00e1reas del cuerpo pueden tener m\u00fasculos o ligamentos distendidos, desgarrados o lesionados, adem\u00e1s de una lesi\u00f3n en el cuello. Las personas que sospechan que va a ocurrir un accidente son m\u00e1s propensas a contraerse como parte de la reacci\u00f3n de &#8220;lucha o huida&#8221;, lo que provoca m\u00e1s lesiones musculares tras el impacto. Los incidentes m\u00e1s catastr\u00f3ficos pueden resultar en da\u00f1o o ruptura de \u00f3rganos, otros huesos fracturados o incluso <a href=\"https:\/\/thehometownlawyers.com\/es\/\">lesiones cerebrales traum\u00e1ticas<\/a> (TBI), adem\u00e1s de m\u00fasculos y ligamentos lesionados.<\/p>\n<p>Aparte de las lesiones f\u00edsicas, las v\u00edctimas de accidentes automovil\u00edsticos frecuentemente experimentan <a href=\"https:\/\/www.aafp.org\/pubs\/afp\/issues\/1999\/0801\/p524.html\" target=\"_blank\" rel=\"noopener\">PTSD<\/a> o ansiedad como resultado del evento traum\u00e1tico. Esto podr\u00eda suceder incluso si el automovilista no sufre lesiones f\u00edsicas en el accidente. Los efectos mentales como estos son un problema grave, especialmente porque tienen una influencia directa en la calidad de vida de una persona. Las v\u00edctimas de este tipo de lesi\u00f3n pueden tener dificultades para ir a trabajar, comprar comestibles, transportar a sus hijos a los deportes, as\u00ed como una variedad de otras tareas relacionadas con la conducci\u00f3n.<\/p>\n<p class=\"rs-content-cta rs-content-cta-small\"><a href=\"\/es\/contacto\/\">Haga clic para contactar<\/a> con nuestros lesiones personales abogados hoy<\/p><h2>Qu\u00e9 hacer despu\u00e9s de un accidente automovil\u00edstico<\/h2>\n<p>Si est\u00e1 involucrado en un accidente automovil\u00edstico en Ohio, primero debe llamar a las autoridades. Tambi\u00e9n es una buena idea ponerse en contacto con la ayuda m\u00e9dica de emergencia de inmediato. Verifique el bienestar y la seguridad de usted, sus pasajeros y todas las dem\u00e1s personas involucradas en el accidente. Despu\u00e9s de que se hayan tratado las lesiones, establezca una lista de la informaci\u00f3n de los otros conductores, incluidos sus:<\/p>\n<ul>\n<li>nombres<\/li>\n<li>Informaci\u00f3n del seguro<\/li>\n<li>Marca y modelo de autom\u00f3vil<\/li>\n<li>N\u00fameros de matr\u00edcula<\/li>\n<\/ul>\n<p>Tambi\u00e9n es una buena idea visitar a un m\u00e9dico lo antes posible para obtener una evaluaci\u00f3n oficial de las lesiones que pueda haber sufrido en el accidente. Ir al m\u00e9dico no solo ayudar\u00e1 a su recuperaci\u00f3n, sino que tambi\u00e9n le permitir\u00e1 documentar cualquier lesi\u00f3n que pueda haber recibido como resultado del accidente y reforzar su reclamo por lesiones personales.<\/p>\n<p class=\"rs-content-cta rs-content-cta-small\">Complete una <a href=\"\/es\/contacto\/\">evaluaci\u00f3n gratuita de su caso<\/a> ahora<\/p><h2>\u00bfEstuvo usted en un accidente automovil\u00edstico en Miamisburg, Ohio?<\/h2>\n<p>Si ha tenido un accidente automovil\u00edstico en el \u00e1rea de Miamisburg, entonces necesita hablar con un abogado de confianza de inmediato, ya que el estatuto de limitaciones es solo dos a\u00f1os despu\u00e9s de una lesi\u00f3n. P\u00f3ngase en <a href=\"https:\/\/thehometownlawyers.com\/es\/contacto\/\">contacto con nosotros<\/a> en <a href=\"https:\/\/thehometownlawyers.com\/es\/abogados-de-lesiones-personales-en-eaton-ohio\/\">Kruger &amp; Hodges<\/a> hoy para programar su evaluaci\u00f3n de caso gratuita y sin riesgo con nuestro equipo de abogados de lesiones personales. Podemos ayudarlo a comprender mejor sus derechos para que pueda obtener la justicia que se merece.<\/p>\n<p class=\"rs-content-cta rs-content-cta-small\">Llame o env\u00ede un mensaje de texto al <a href=\"tel:+15138943333\">513-894-3333<\/a> o complete una <a href=\"\/es\/contacto\/\">evaluaci\u00f3n gratuita de su caso<\/a><\/p>","protected":false},"excerpt":{"rendered":"<p>Abogado de accidentes automovil\u00edsticos en Miamisburg, Ohio No hay duda de las muchas ventajas que obtenemos al conducir un autom\u00f3vil, siendo la m\u00e1s obvia la libertad e independencia que brindan para llegar a donde necesita ir. Pero a pesar de sus ventajas, los autom\u00f3viles tambi\u00e9n pueden ser m\u00e1quinas peligrosas, especialmente a manos de conductores descuidados, &#8230;<\/p>\n","protected":false},"author":7,"featured_media":20753,"parent":21179,"menu_order":0,"comment_status":"closed","ping_status":"closed","template":"","meta":{"_acf_changed":false,"inline_featured_image":false,"_genesis_hide_title":false,"_genesis_hide_breadcrumbs":false,"_genesis_hide_singular_image":false,"_genesis_hide_footer_widgets":false,"_genesis_custom_body_class":"","_genesis_custom_post_class":"","_genesis_layout":"","footnotes":""},"hc_faqs":[],"hc_spanish_faqs":[],"class_list":{"0":"post-21175","1":"page","2":"type-page","3":"status-publish","4":"has-post-thumbnail","6":"hc_city_location-miamisburg-es","7":"entry"},"acf":[],"yoast_head":"<!-- This site is optimized with the Yoast SEO plugin v27.3 - https:\/\/yoast.com\/product\/yoast-seo-wordpress\/ -->\n<title>Abogado de accidentes automovil\u00edsticos Miamisburg, Ohio: Consulta gratuita<\/title>\n<meta name=\"description\" content=\"Abogado de accidentes automovil\u00edsticos en Miamisburg, Ohio No hay duda de las muchas ventajas que obtenemos al conducir un autom\u00f3vil, siendo la m\u00e1s obvia\" \/>\n<meta name=\"robots\" content=\"index, follow, max-snippet:-1, max-image-preview:large, max-video-preview:-1\" \/>\n<link rel=\"canonical\" href=\"https:\/\/thehometownlawyers.com\/es\/abogado-de-lesiones-personales-miamisburg-ohio\/abogado-de-accidentes-automovilisticos-miamisburg-ohio\/\" \/>\n<meta property=\"og:locale\" content=\"es_MX\" \/>\n<meta property=\"og:type\" content=\"article\" \/>\n<meta property=\"og:title\" content=\"Abogado de accidentes automovil\u00edsticos Miamisburg, Ohio: Consulta gratuita\" \/>\n<meta property=\"og:description\" content=\"Abogado de accidentes automovil\u00edsticos en Miamisburg, Ohio No hay duda de las muchas ventajas que obtenemos al conducir un autom\u00f3vil, siendo la m\u00e1s obvia\" \/>\n<meta property=\"og:url\" content=\"https:\/\/thehometownlawyers.com\/es\/abogado-de-lesiones-personales-miamisburg-ohio\/abogado-de-accidentes-automovilisticos-miamisburg-ohio\/\" \/>\n<meta property=\"og:site_name\" content=\"Kruger &amp; Hodges Abogados De Lesiones\" \/>\n<meta property=\"article:publisher\" content=\"https:\/\/www.facebook.com\/KrugerHodges\/\" \/>\n<meta property=\"article:modified_time\" content=\"2025-01-31T16:33:51+00:00\" \/>\n<meta property=\"og:image\" content=\"https:\/\/thehometownlawyers.com\/wp-content\/uploads\/2020\/05\/Canva-Car-Accident-Damage-Crash-Insurance-Wreck.jpg\" \/>\n\t<meta property=\"og:image:width\" content=\"612\" \/>\n\t<meta property=\"og:image:height\" content=\"408\" \/>\n\t<meta property=\"og:image:type\" content=\"image\/jpeg\" \/>\n<meta name=\"twitter:card\" content=\"summary_large_image\" \/>\n<meta name=\"twitter:label1\" content=\"Tiempo de lectura\" \/>\n\t<meta name=\"twitter:data1\" content=\"5 minutos\" \/>\n<script type=\"application\/ld+json\" class=\"yoast-schema-graph\">{\"@context\":\"https:\\\/\\\/schema.org\",\"@graph\":[{\"@type\":\"WebPage\",\"@id\":\"https:\\\/\\\/thehometownlawyers.com\\\/es\\\/abogado-de-lesiones-personales-miamisburg-ohio\\\/abogado-de-accidentes-automovilisticos-miamisburg-ohio\\\/\",\"url\":\"https:\\\/\\\/thehometownlawyers.com\\\/es\\\/abogado-de-lesiones-personales-miamisburg-ohio\\\/abogado-de-accidentes-automovilisticos-miamisburg-ohio\\\/\",\"name\":\"Abogado de accidentes automovil\u00edsticos Miamisburg, Ohio: Consulta gratuita\",\"isPartOf\":{\"@id\":\"https:\\\/\\\/thehometownlawyers.com\\\/es\\\/#website\"},\"primaryImageOfPage\":{\"@id\":\"https:\\\/\\\/thehometownlawyers.com\\\/es\\\/abogado-de-lesiones-personales-miamisburg-ohio\\\/abogado-de-accidentes-automovilisticos-miamisburg-ohio\\\/#primaryimage\"},\"image\":{\"@id\":\"https:\\\/\\\/thehometownlawyers.com\\\/es\\\/abogado-de-lesiones-personales-miamisburg-ohio\\\/abogado-de-accidentes-automovilisticos-miamisburg-ohio\\\/#primaryimage\"},\"thumbnailUrl\":\"https:\\\/\\\/thehometownlawyers.com\\\/wp-content\\\/uploads\\\/2020\\\/05\\\/Canva-Car-Accident-Damage-Crash-Insurance-Wreck.jpg\",\"datePublished\":\"2021-07-25T01:30:05+00:00\",\"dateModified\":\"2025-01-31T16:33:51+00:00\",\"description\":\"Abogado de accidentes automovil\u00edsticos en Miamisburg, Ohio No hay duda de las muchas ventajas que obtenemos al conducir un autom\u00f3vil, siendo la m\u00e1s obvia\",\"breadcrumb\":{\"@id\":\"https:\\\/\\\/thehometownlawyers.com\\\/es\\\/abogado-de-lesiones-personales-miamisburg-ohio\\\/abogado-de-accidentes-automovilisticos-miamisburg-ohio\\\/#breadcrumb\"},\"inLanguage\":\"es\",\"potentialAction\":[{\"@type\":\"ReadAction\",\"target\":[\"https:\\\/\\\/thehometownlawyers.com\\\/es\\\/abogado-de-lesiones-personales-miamisburg-ohio\\\/abogado-de-accidentes-automovilisticos-miamisburg-ohio\\\/\"]}]},{\"@type\":\"ImageObject\",\"inLanguage\":\"es\",\"@id\":\"https:\\\/\\\/thehometownlawyers.com\\\/es\\\/abogado-de-lesiones-personales-miamisburg-ohio\\\/abogado-de-accidentes-automovilisticos-miamisburg-ohio\\\/#primaryimage\",\"url\":\"https:\\\/\\\/thehometownlawyers.com\\\/wp-content\\\/uploads\\\/2020\\\/05\\\/Canva-Car-Accident-Damage-Crash-Insurance-Wreck.jpg\",\"contentUrl\":\"https:\\\/\\\/thehometownlawyers.com\\\/wp-content\\\/uploads\\\/2020\\\/05\\\/Canva-Car-Accident-Damage-Crash-Insurance-Wreck.jpg\",\"width\":612,\"height\":408,\"caption\":\"Accidentes Automovil\u00edsticos Ohio\"},{\"@type\":\"BreadcrumbList\",\"@id\":\"https:\\\/\\\/thehometownlawyers.com\\\/es\\\/abogado-de-lesiones-personales-miamisburg-ohio\\\/abogado-de-accidentes-automovilisticos-miamisburg-ohio\\\/#breadcrumb\",\"itemListElement\":[{\"@type\":\"ListItem\",\"position\":1,\"name\":\"Home\",\"item\":\"https:\\\/\\\/thehometownlawyers.com\\\/es\\\/\"},{\"@type\":\"ListItem\",\"position\":2,\"name\":\"Abogado de Lesiones Personales en Miamisburg\",\"item\":\"https:\\\/\\\/thehometownlawyers.com\\\/es\\\/abogado-de-lesiones-personales-miamisburg-ohio\\\/\"},{\"@type\":\"ListItem\",\"position\":3,\"name\":\"Abogado de Accidentes Automovil\u00edsticos en Miamisburg\"}]},{\"@type\":\"WebSite\",\"@id\":\"https:\\\/\\\/thehometownlawyers.com\\\/es\\\/#website\",\"url\":\"https:\\\/\\\/thehometownlawyers.com\\\/es\\\/\",\"name\":\"Kruger & Hodges Hometown Injury Lawyers | Accident Attorneys\",\"description\":\"Attorneys for Car, Truck and Motorcycle Accidents, Personal Injuries, and Criminal Defense.\",\"publisher\":{\"@id\":\"https:\\\/\\\/thehometownlawyers.com\\\/es\\\/#organization\"},\"alternateName\":\"Kruger & Hodges Personal Injury Lawyers\",\"inLanguage\":\"es\"},{\"@type\":\"Organization\",\"@id\":\"https:\\\/\\\/thehometownlawyers.com\\\/es\\\/#organization\",\"name\":\"Kruger & Hodges Hometown Injury Lawyers\",\"alternateName\":\"Kruger & Hodges\",\"url\":\"https:\\\/\\\/thehometownlawyers.com\\\/es\\\/\",\"logo\":{\"@type\":\"ImageObject\",\"inLanguage\":\"es\",\"@id\":\"https:\\\/\\\/thehometownlawyers.com\\\/es\\\/#\\\/schema\\\/logo\\\/image\\\/\",\"url\":\"https:\\\/\\\/thehometownlawyers.com\\\/wp-content\\\/uploads\\\/2025\\\/12\\\/revised-kh-logo-vertical-white-background-scaled.png\",\"contentUrl\":\"https:\\\/\\\/thehometownlawyers.com\\\/wp-content\\\/uploads\\\/2025\\\/12\\\/revised-kh-logo-vertical-white-background-scaled.png\",\"width\":2560,\"height\":1440,\"caption\":\"Kruger & Hodges Hometown Injury Lawyers\"},\"image\":{\"@id\":\"https:\\\/\\\/thehometownlawyers.com\\\/es\\\/#\\\/schema\\\/logo\\\/image\\\/\"},\"sameAs\":[\"https:\\\/\\\/www.facebook.com\\\/KrugerHodges\\\/\",\"https:\\\/\\\/www.instagram.com\\\/krugerhodges\\\/\",\"https:\\\/\\\/www.linkedin.com\\\/company\\\/kruger-hodges-hometown-injury-lawyers\\\/\",\"https:\\\/\\\/www.youtube.com\\\/channel\\\/UCeYcMaMaN2rb9jMlqt4EIdQ\",\"https:\\\/\\\/www.tiktok.com\\\/@thehometownlawyer\"]}]}<\/script>\n<!-- \/ Yoast SEO plugin. -->","yoast_head_json":{"title":"Abogado de accidentes automovil\u00edsticos Miamisburg, Ohio: Consulta gratuita","description":"Abogado de accidentes automovil\u00edsticos en Miamisburg, Ohio No hay duda de las muchas ventajas que obtenemos al conducir un autom\u00f3vil, siendo la m\u00e1s obvia","robots":{"index":"index","follow":"follow","max-snippet":"max-snippet:-1","max-image-preview":"max-image-preview:large","max-video-preview":"max-video-preview:-1"},"canonical":"https:\/\/thehometownlawyers.com\/es\/abogado-de-lesiones-personales-miamisburg-ohio\/abogado-de-accidentes-automovilisticos-miamisburg-ohio\/","og_locale":"es_MX","og_type":"article","og_title":"Abogado de accidentes automovil\u00edsticos Miamisburg, Ohio: Consulta gratuita","og_description":"Abogado de accidentes automovil\u00edsticos en Miamisburg, Ohio No hay duda de las muchas ventajas que obtenemos al conducir un autom\u00f3vil, siendo la m\u00e1s obvia","og_url":"https:\/\/thehometownlawyers.com\/es\/abogado-de-lesiones-personales-miamisburg-ohio\/abogado-de-accidentes-automovilisticos-miamisburg-ohio\/","og_site_name":"Kruger &amp; Hodges Abogados De Lesiones","article_publisher":"https:\/\/www.facebook.com\/KrugerHodges\/","article_modified_time":"2025-01-31T16:33:51+00:00","og_image":[{"width":612,"height":408,"url":"https:\/\/thehometownlawyers.com\/wp-content\/uploads\/2020\/05\/Canva-Car-Accident-Damage-Crash-Insurance-Wreck.jpg","type":"image\/jpeg"}],"twitter_card":"summary_large_image","twitter_misc":{"Tiempo de lectura":"5 minutos"},"schema":{"@context":"https:\/\/schema.org","@graph":[{"@type":"WebPage","@id":"https:\/\/thehometownlawyers.com\/es\/abogado-de-lesiones-personales-miamisburg-ohio\/abogado-de-accidentes-automovilisticos-miamisburg-ohio\/","url":"https:\/\/thehometownlawyers.com\/es\/abogado-de-lesiones-personales-miamisburg-ohio\/abogado-de-accidentes-automovilisticos-miamisburg-ohio\/","name":"Abogado de accidentes automovil\u00edsticos Miamisburg, Ohio: Consulta gratuita","isPartOf":{"@id":"https:\/\/thehometownlawyers.com\/es\/#website"},"primaryImageOfPage":{"@id":"https:\/\/thehometownlawyers.com\/es\/abogado-de-lesiones-personales-miamisburg-ohio\/abogado-de-accidentes-automovilisticos-miamisburg-ohio\/#primaryimage"},"image":{"@id":"https:\/\/thehometownlawyers.com\/es\/abogado-de-lesiones-personales-miamisburg-ohio\/abogado-de-accidentes-automovilisticos-miamisburg-ohio\/#primaryimage"},"thumbnailUrl":"https:\/\/thehometownlawyers.com\/wp-content\/uploads\/2020\/05\/Canva-Car-Accident-Damage-Crash-Insurance-Wreck.jpg","datePublished":"2021-07-25T01:30:05+00:00","dateModified":"2025-01-31T16:33:51+00:00","description":"Abogado de accidentes automovil\u00edsticos en Miamisburg, Ohio No hay duda de las muchas ventajas que obtenemos al conducir un autom\u00f3vil, siendo la m\u00e1s obvia","breadcrumb":{"@id":"https:\/\/thehometownlawyers.com\/es\/abogado-de-lesiones-personales-miamisburg-ohio\/abogado-de-accidentes-automovilisticos-miamisburg-ohio\/#breadcrumb"},"inLanguage":"es","potentialAction":[{"@type":"ReadAction","target":["https:\/\/thehometownlawyers.com\/es\/abogado-de-lesiones-personales-miamisburg-ohio\/abogado-de-accidentes-automovilisticos-miamisburg-ohio\/"]}]},{"@type":"ImageObject","inLanguage":"es","@id":"https:\/\/thehometownlawyers.com\/es\/abogado-de-lesiones-personales-miamisburg-ohio\/abogado-de-accidentes-automovilisticos-miamisburg-ohio\/#primaryimage","url":"https:\/\/thehometownlawyers.com\/wp-content\/uploads\/2020\/05\/Canva-Car-Accident-Damage-Crash-Insurance-Wreck.jpg","contentUrl":"https:\/\/thehometownlawyers.com\/wp-content\/uploads\/2020\/05\/Canva-Car-Accident-Damage-Crash-Insurance-Wreck.jpg","width":612,"height":408,"caption":"Accidentes Automovil\u00edsticos Ohio"},{"@type":"BreadcrumbList","@id":"https:\/\/thehometownlawyers.com\/es\/abogado-de-lesiones-personales-miamisburg-ohio\/abogado-de-accidentes-automovilisticos-miamisburg-ohio\/#breadcrumb","itemListElement":[{"@type":"ListItem","position":1,"name":"Home","item":"https:\/\/thehometownlawyers.com\/es\/"},{"@type":"ListItem","position":2,"name":"Abogado de Lesiones Personales en Miamisburg","item":"https:\/\/thehometownlawyers.com\/es\/abogado-de-lesiones-personales-miamisburg-ohio\/"},{"@type":"ListItem","position":3,"name":"Abogado de Accidentes Automovil\u00edsticos en Miamisburg"}]},{"@type":"WebSite","@id":"https:\/\/thehometownlawyers.com\/es\/#website","url":"https:\/\/thehometownlawyers.com\/es\/","name":"Kruger & Hodges Hometown Injury Lawyers | Accident Attorneys","description":"Attorneys for Car, Truck and Motorcycle Accidents, Personal Injuries, and Criminal Defense.","publisher":{"@id":"https:\/\/thehometownlawyers.com\/es\/#organization"},"alternateName":"Kruger & Hodges Personal Injury Lawyers","inLanguage":"es"},{"@type":"Organization","@id":"https:\/\/thehometownlawyers.com\/es\/#organization","name":"Kruger & Hodges Hometown Injury Lawyers","alternateName":"Kruger & Hodges","url":"https:\/\/thehometownlawyers.com\/es\/","logo":{"@type":"ImageObject","inLanguage":"es","@id":"https:\/\/thehometownlawyers.com\/es\/#\/schema\/logo\/image\/","url":"https:\/\/thehometownlawyers.com\/wp-content\/uploads\/2025\/12\/revised-kh-logo-vertical-white-background-scaled.png","contentUrl":"https:\/\/thehometownlawyers.com\/wp-content\/uploads\/2025\/12\/revised-kh-logo-vertical-white-background-scaled.png","width":2560,"height":1440,"caption":"Kruger & Hodges Hometown Injury Lawyers"},"image":{"@id":"https:\/\/thehometownlawyers.com\/es\/#\/schema\/logo\/image\/"},"sameAs":["https:\/\/www.facebook.com\/KrugerHodges\/","https:\/\/www.instagram.com\/krugerhodges\/","https:\/\/www.linkedin.com\/company\/kruger-hodges-hometown-injury-lawyers\/","https:\/\/www.youtube.com\/channel\/UCeYcMaMaN2rb9jMlqt4EIdQ","https:\/\/www.tiktok.com\/@thehometownlawyer"]}]}},"_links":{"self":[{"href":"https:\/\/thehometownlawyers.com\/es\/wp-json\/wp\/v2\/pages\/21175","targetHints":{"allow":["GET"]}}],"collection":[{"href":"https:\/\/thehometownlawyers.com\/es\/wp-json\/wp\/v2\/pages"}],"about":[{"href":"https:\/\/thehometownlawyers.com\/es\/wp-json\/wp\/v2\/types\/page"}],"author":[{"embeddable":true,"href":"https:\/\/thehometownlawyers.com\/es\/wp-json\/wp\/v2\/users\/7"}],"replies":[{"embeddable":true,"href":"https:\/\/thehometownlawyers.com\/es\/wp-json\/wp\/v2\/comments?post=21175"}],"version-history":[{"count":0,"href":"https:\/\/thehometownlawyers.com\/es\/wp-json\/wp\/v2\/pages\/21175\/revisions"}],"up":[{"embeddable":true,"href":"https:\/\/thehometownlawyers.com\/es\/wp-json\/wp\/v2\/pages\/21179"}],"wp:featuredmedia":[{"embeddable":true,"href":"https:\/\/thehometownlawyers.com\/es\/wp-json\/wp\/v2\/media\/20753"}],"wp:attachment":[{"href":"https:\/\/thehometownlawyers.com\/es\/wp-json\/wp\/v2\/media?parent=21175"}],"wp:term":[{"taxonomy":"hc_faqs","embeddable":true,"href":"https:\/\/thehometownlawyers.com\/es\/wp-json\/wp\/v2\/hc_faqs?post=21175"},{"taxonomy":"hc_spanish_faqs","embeddable":true,"href":"https:\/\/thehometownlawyers.com\/es\/wp-json\/wp\/v2\/hc_spanish_faqs?post=21175"}],"curies":[{"name":"wp","href":"https:\/\/api.w.org\/{rel}","templated":true}]}}