{"id":21176,"date":"2021-09-14T11:05:36","date_gmt":"2021-09-14T15:05:36","guid":{"rendered":"https:\/\/thehometownlawyers.com\/?page_id=21176"},"modified":"2025-02-03T14:18:36","modified_gmt":"2025-02-03T19:18:36","slug":"abogados-de-accidentes-de-motocicleta-en-ross-township-ohio","status":"publish","type":"page","link":"https:\/\/thehometownlawyers.com\/es\/abogados-de-accidentes-de-motocicleta-en-ross-township-ohio\/","title":{"rendered":"Abogado de Accidentes de Motocicletas en Ross Township"},"content":{"rendered":"<h2>Abogados de accidentes de motocicleta en el municipio de Ross<\/h2>\n<p>Muchas personas en el municipio de Ross disfrutan del motociclismo, as\u00ed como las personas que viven en todas las dem\u00e1s partes de Ohio. Despu\u00e9s de todo, <a href=\"https:\/\/rosstwp.org\/\" target=\"_blank\" rel=\"noopener\">el centro-sur de Ohio<\/a> es conocido por sus hermosos paisajes. Sin embargo, debido a la congesti\u00f3n del tr\u00e1fico y a los conductores negligentes, andar en motocicleta en Ross Township puede resultar mortal r\u00e1pidamente. Si result\u00f3 lesionado en un accidente de motocicleta debido a la negligencia de otra persona cerca, comun\u00edquese con los abogados de accidentes de motocicleta en Ross Township en Kruger &amp; Hodges.<\/p>\n<h3>Causas Comunes de Accidentes de Motocicleta en el Municipio de Ross<\/h3>\n<p>Hay muchas causas de accidentes de motocicleta en Ohio, pero algunas de las m\u00e1s comunes incluyen:<\/p>\n<ul>\n<li><strong>Conducci\u00f3n temeraria. <\/strong>Ya sea entrando y saliendo del tr\u00e1fico, cerrando el paso a otros motociclistas, no usando las se\u00f1ales de giro, siguiendo de cerca o frenando repentinamente, la conducci\u00f3n imprudente aumenta en gran medida la posibilidad de que un motociclista termine en un accidente.<\/li>\n<li><strong>Accidentes por conducir ebrio .<\/strong> Ya sea por alcohol o drogas, los motociclistas intoxicados tienen grandes probabilidades de terminar en un accidente mortal.<\/li>\n<li><strong>Conducci\u00f3n distraida. <\/strong>Hay varias formas en que los automovilistas pueden distraerse, lo que puede ser particularmente peligroso para los motociclistas. Cuando los conductores y los motociclistas se distraen y no est\u00e1n atentos a otros ciclistas, es probable que ocurran accidentes.<\/li>\n<li><strong>Condiciones clim\u00e1ticas adversas. <\/strong>Ohio es conocido por sus largos inviernos, que son una \u00e9poca mortal para andar en motocicleta. La lluvia tambi\u00e9n puede conducir r\u00e1pidamente a condiciones que resultan en accidentes mortales.<\/li>\n<li>A menudo combinado con la conducci\u00f3n distra\u00edda de una motocicleta, hay varias situaciones en las que un motociclista hace un giro a la izquierda inadecuado y termina en un accidente mortal.<\/li>\n<\/ul>\n<p>No importa c\u00f3mo ocurra su accidente de motocicleta en Ross Township, varios factores hacen que los accidentes de motocicleta sean mucho m\u00e1s mortales que los que involucran autom\u00f3viles y otros veh\u00edculos m\u00e1s grandes. Un factor principal es que las motocicletas carecen de la protecci\u00f3n circundante que tienen los autom\u00f3viles. Un segundo factor es que los motociclistas a menudo son expulsados de la motocicleta en la colisi\u00f3n. Incluso si un motociclista usa ropa y equipo de protecci\u00f3n adecuados, las lesiones que siguen a una eyecci\u00f3n suelen ser considerables.<\/p>\n<p class=\"rs-content-cta rs-content-cta-small\">Para una consulta legal gratuita, llame al <a href=\"tel:+15138943333\">513-894-3333 <\/a><\/p><h2>Motociclistas del municipio de Ross y manejo defensivo<\/h2>\n<p>Uno de los mejores pasos que pueden seguir los motociclistas de Ohio para evitar terminar en accidentes mortales es practicar la conducci\u00f3n defensiva. Algunos de los elementos del manejo defensivo incluyen:<\/p>\n<ul>\n<li>Suponiendo que los conductores de veh\u00edculos motorizados no pueden ver a los motociclistas<\/li>\n<li>Evitando los puntos ciegos<\/li>\n<li>Tener precauci\u00f3n en las intersecciones<\/li>\n<li>Mirar al menos dos veces antes de cambiar de carril<\/li>\n<li>Permanecer alerta mientras se viaja en condiciones peligrosas<\/li>\n<li>Permanecer visible usando ropa reflectante<\/li>\n<\/ul>\n<p>Recuerde que incluso si un motociclista sigue todas estas precauciones, estos pasos reducir\u00e1n en gran medida las probabilidades de terminar en un accidente, pero no las eliminar\u00e1n.<\/p>\n<p class=\"rs-content-cta\">Abogado de Lesiones Personales de Ross Township Cerca de M\u00ed <a href=\"tel:+15138943333\">513-894-3333<\/a><\/p><h2>Accidentes de Cascos y Motocicletas<\/h2>\n<p>Los cascos juegan un papel fundamental en la seguridad de los motociclistas, y se recomienda que use un casco cada vez que ande en motocicleta. Sin embargo, si estuvo involucrado en un accidente de motocicleta y no usaba casco, esto no disminuir\u00e1 su derecho a buscar una compensaci\u00f3n. Si alguien m\u00e1s caus\u00f3 su accidente de manera negligente, a\u00fan puede presentar una demanda contra esa persona.<\/p>\n<p class=\"rs-content-cta rs-content-cta-small\"><a href=\"\/es\/contacto\/\">Haga clic para contactar<\/a> con nuestros lesiones personales abogados hoy<\/p><h2>Pasajeros de motocicleta heridos en el municipio de Ross<\/h2>\n<p>Los accidentes de motocicleta impactan m\u00e1s que los motociclistas. A veces, estos accidentes tambi\u00e9n afectan a los pasajeros de motocicletas. Si usted es un pasajero que result\u00f3 herido en un accidente de motocicleta, tambi\u00e9n puede presentar un reclamo contra la parte responsable de su accidente.<\/p>\n<p class=\"rs-content-cta rs-content-cta-small\">Complete una <a href=\"\/es\/contacto\/\">evaluaci\u00f3n gratuita de su caso<\/a> ahora<\/p><h2>Compa\u00f1\u00edas de seguros y accidentes de motocicleta en Ohio<\/h2>\n<p>No importa si se lesiona en una motocicleta que ocurre en Ross Township o en cualquier otra parte de Ohio, hay algunas verdades generales sobre los accidentes de motocicleta. Una de estas verdades es que la compa\u00f1\u00eda de seguros probablemente intentar\u00e1 resolver su reclamo r\u00e1pidamente. Estas compa\u00f1\u00edas de seguros ofrecen a las v\u00edctimas menos de lo que merecen porque las compa\u00f1\u00edas saben que las v\u00edctimas de accidentes a menudo se enfrentan a grandes facturas y tienen prisa por resolver su reclamo r\u00e1pidamente. No debe apresurarse a firmar un acuerdo o cualquier otro documento ofrecido por una compa\u00f1\u00eda de seguros porque esto a menudo pondr\u00e1 en peligro el resultado de su caso.<\/p>\n<h2>Ross Abogados de Accidentes de Motocicleta y Demandas por Muerte Injusta<\/h2>\n<p>Perder a un ser querido en un accidente de motocicleta es una situaci\u00f3n desgarradora. En Ohio, el c\u00f3nyuge, los padres o los hijos de una persona que muere en un accidente de motocicleta pueden buscar una compensaci\u00f3n a trav\u00e9s de un reclamo por muerte injusta. El <a href=\"https:\/\/codes.ohio.gov\/ohio-revised-code\/chapter-2125\" target=\"_blank\" rel=\"noopener\">estatuto<\/a> de muerte por negligencia de Ohio crea una causa de acci\u00f3n despu\u00e9s de una muerte que ocurre debido a la negligencia de otra parte. La compensaci\u00f3n disponible a trav\u00e9s de reclamos por muerte injusta incluye compensaci\u00f3n por p\u00e9rdidas financieras relacionadas con la muerte de una persona, incluidos los costos m\u00e9dicos, funerarios y de entierro.<\/p>\n<h2>Comun\u00edquese con nuestros abogados experimentados en accidentes de motocicleta en Ross<\/h2>\n<p>Despu\u00e9s de un accidente de motocicleta, es f\u00e1cil que las v\u00edctimas terminen sinti\u00e9ndose abrumadas. Uno de los mejores pasos que puede tomar para controlar la situaci\u00f3n es contratar la asistencia de un abogado con experiencia en accidentes. Comun\u00edquese con <a href=\"https:\/\/thehometownlawyers.com\/es\/contacto\/\">Kruger &amp; Hodges<\/a> hoy para programar una evaluaci\u00f3n gratuita de su caso.<\/p>\n<h3><em>Enlaces relacionados:<\/em><\/h3>\n<p><strong>Accidentes automovil\u00edsticos<\/strong><\/p>\n<p><strong><a href=\"https:\/\/thehometownlawyers.com\/es\/\">accidentes de moto<\/a><\/strong><\/p>\n<p><strong>Lesiones de la m\u00e9dula<\/strong><\/p>\n<p><strong><a href=\"https:\/\/thehometownlawyers.com\/es\/\">Lesi\u00f3n cerebral traum\u00e1tica<\/a><\/strong><\/p>\n<p><strong><a href=\"https:\/\/thehometownlawyers.com\/es\/\">accidentes de camiones<\/a><\/strong><\/p>\n<p><strong>Muerte injusta<\/strong><\/p>\n<p><strong>Preguntas frecuentes: \u00bfPuede mi abogado acceder a las im\u00e1genes de la c\u00e1mara de tr\u00e1fico de mi accidente?<\/strong><\/p>\n<p><strong>Preguntas frecuentes: Si me lesiono en un accidente automovil\u00edstico con un automovilista sin seguro, \u00bfpuedo recibir una compensaci\u00f3n?<\/strong><\/p>\n<p><strong>Preguntas frecuentes: \u00bfDebo ir a Atenci\u00f3n de Urgencias despu\u00e9s de un accidente automovil\u00edstico?<\/strong><\/p>\n<p class=\"rs-content-cta rs-content-cta-small\">Llame o env\u00ede un mensaje de texto al <a href=\"tel:+15138943333\">513-894-3333<\/a> o complete una <a href=\"\/es\/contacto\/\">evaluaci\u00f3n gratuita de su caso<\/a><\/p>","protected":false},"excerpt":{"rendered":"<p>Abogados de accidentes de motocicleta en el municipio de Ross Muchas personas en el municipio de Ross disfrutan del motociclismo, as\u00ed como las personas que viven en todas las dem\u00e1s partes de Ohio. Despu\u00e9s de todo, el centro-sur de Ohio es conocido por sus hermosos paisajes. Sin embargo, debido a la congesti\u00f3n del tr\u00e1fico y &#8230;<\/p>\n","protected":false},"author":7,"featured_media":20740,"parent":0,"menu_order":0,"comment_status":"closed","ping_status":"closed","template":"","meta":{"_acf_changed":false,"inline_featured_image":false,"_genesis_hide_title":false,"_genesis_hide_breadcrumbs":false,"_genesis_hide_singular_image":false,"_genesis_hide_footer_widgets":false,"_genesis_custom_body_class":"","_genesis_custom_post_class":"","_genesis_layout":"","footnotes":""},"hc_faqs":[],"hc_spanish_faqs":[],"class_list":{"0":"post-21176","1":"page","2":"type-page","3":"status-publish","4":"has-post-thumbnail","6":"hc_city_location-ross-township-es","7":"entry"},"acf":[],"yoast_head":"<!-- This site is optimized with the Yoast SEO plugin v27.5 - https:\/\/yoast.com\/product\/yoast-seo-wordpress\/ -->\n<title>Abogados de Accidentes de Motocicleta en Ross Township, Ohio: Consulta gratuita<\/title>\n<meta name=\"description\" content=\"Si result\u00f3 lesionado en un accidente de motocicleta debido a la negligencia de otra persona, comun\u00edquese con los abogados de accidentes de motocicleta de Ross en Kruger &amp; Hodges.\" \/>\n<meta name=\"robots\" content=\"index, follow, max-snippet:-1, max-image-preview:large, max-video-preview:-1\" \/>\n<link rel=\"canonical\" href=\"https:\/\/thehometownlawyers.com\/es\/abogados-de-accidentes-de-motocicleta-en-ross-township-ohio\/\" \/>\n<meta property=\"og:locale\" content=\"es_MX\" \/>\n<meta property=\"og:type\" content=\"article\" \/>\n<meta property=\"og:title\" content=\"Abogados de Accidentes de Motocicleta en Ross Township, Ohio: Consulta gratuita\" \/>\n<meta property=\"og:description\" content=\"Si result\u00f3 lesionado en un accidente de motocicleta debido a la negligencia de otra persona, comun\u00edquese con los abogados de accidentes de motocicleta de Ross en Kruger &amp; Hodges.\" \/>\n<meta property=\"og:url\" content=\"https:\/\/thehometownlawyers.com\/es\/abogados-de-accidentes-de-motocicleta-en-ross-township-ohio\/\" \/>\n<meta property=\"og:site_name\" content=\"Kruger &amp; Hodges Abogados De Lesiones\" \/>\n<meta property=\"article:publisher\" content=\"https:\/\/www.facebook.com\/KrugerHodges\/\" \/>\n<meta property=\"article:modified_time\" content=\"2025-02-03T19:18:36+00:00\" \/>\n<meta property=\"og:image\" content=\"https:\/\/thehometownlawyers.com\/wp-content\/uploads\/2020\/02\/iStock-912151500.jpg\" \/>\n\t<meta property=\"og:image:width\" content=\"2048\" \/>\n\t<meta property=\"og:image:height\" content=\"1365\" \/>\n\t<meta property=\"og:image:type\" content=\"image\/jpeg\" \/>\n<meta name=\"twitter:card\" content=\"summary_large_image\" \/>\n<meta name=\"twitter:label1\" content=\"Tiempo de lectura\" \/>\n\t<meta name=\"twitter:data1\" content=\"5 minutos\" \/>\n<script type=\"application\/ld+json\" class=\"yoast-schema-graph\">{\"@context\":\"https:\\\/\\\/schema.org\",\"@graph\":[{\"@type\":\"WebPage\",\"@id\":\"https:\\\/\\\/thehometownlawyers.com\\\/es\\\/abogados-de-accidentes-de-motocicleta-en-ross-township-ohio\\\/\",\"url\":\"https:\\\/\\\/thehometownlawyers.com\\\/es\\\/abogados-de-accidentes-de-motocicleta-en-ross-township-ohio\\\/\",\"name\":\"Abogados de Accidentes de Motocicleta en Ross Township, Ohio: Consulta gratuita\",\"isPartOf\":{\"@id\":\"https:\\\/\\\/thehometownlawyers.com\\\/es\\\/#website\"},\"primaryImageOfPage\":{\"@id\":\"https:\\\/\\\/thehometownlawyers.com\\\/es\\\/abogados-de-accidentes-de-motocicleta-en-ross-township-ohio\\\/#primaryimage\"},\"image\":{\"@id\":\"https:\\\/\\\/thehometownlawyers.com\\\/es\\\/abogados-de-accidentes-de-motocicleta-en-ross-township-ohio\\\/#primaryimage\"},\"thumbnailUrl\":\"https:\\\/\\\/thehometownlawyers.com\\\/wp-content\\\/uploads\\\/2020\\\/02\\\/iStock-912151500.jpg\",\"datePublished\":\"2021-09-14T15:05:36+00:00\",\"dateModified\":\"2025-02-03T19:18:36+00:00\",\"description\":\"Si result\u00f3 lesionado en un accidente de motocicleta debido a la negligencia de otra persona, comun\u00edquese con los abogados de accidentes de motocicleta de Ross en Kruger & Hodges.\",\"breadcrumb\":{\"@id\":\"https:\\\/\\\/thehometownlawyers.com\\\/es\\\/abogados-de-accidentes-de-motocicleta-en-ross-township-ohio\\\/#breadcrumb\"},\"inLanguage\":\"es\",\"potentialAction\":[{\"@type\":\"ReadAction\",\"target\":[\"https:\\\/\\\/thehometownlawyers.com\\\/es\\\/abogados-de-accidentes-de-motocicleta-en-ross-township-ohio\\\/\"]}]},{\"@type\":\"ImageObject\",\"inLanguage\":\"es\",\"@id\":\"https:\\\/\\\/thehometownlawyers.com\\\/es\\\/abogados-de-accidentes-de-motocicleta-en-ross-township-ohio\\\/#primaryimage\",\"url\":\"https:\\\/\\\/thehometownlawyers.com\\\/wp-content\\\/uploads\\\/2020\\\/02\\\/iStock-912151500.jpg\",\"contentUrl\":\"https:\\\/\\\/thehometownlawyers.com\\\/wp-content\\\/uploads\\\/2020\\\/02\\\/iStock-912151500.jpg\",\"width\":2048,\"height\":1365,\"caption\":\"Motocicleta y casco volcados en la calle tras colisi\u00f3n con el coche\"},{\"@type\":\"BreadcrumbList\",\"@id\":\"https:\\\/\\\/thehometownlawyers.com\\\/es\\\/abogados-de-accidentes-de-motocicleta-en-ross-township-ohio\\\/#breadcrumb\",\"itemListElement\":[{\"@type\":\"ListItem\",\"position\":1,\"name\":\"Home\",\"item\":\"https:\\\/\\\/thehometownlawyers.com\\\/es\\\/\"},{\"@type\":\"ListItem\",\"position\":2,\"name\":\"Abogado de Accidentes de Motocicletas en Ross Township\"}]},{\"@type\":\"WebSite\",\"@id\":\"https:\\\/\\\/thehometownlawyers.com\\\/es\\\/#website\",\"url\":\"https:\\\/\\\/thehometownlawyers.com\\\/es\\\/\",\"name\":\"Kruger & Hodges Hometown Injury Lawyers | Accident Attorneys\",\"description\":\"Attorneys for Car, Truck and Motorcycle Accidents, Personal Injuries, and Criminal Defense.\",\"publisher\":{\"@id\":\"https:\\\/\\\/thehometownlawyers.com\\\/es\\\/#organization\"},\"alternateName\":\"Kruger & Hodges Personal Injury Lawyers\",\"inLanguage\":\"es\"},{\"@type\":\"Organization\",\"@id\":\"https:\\\/\\\/thehometownlawyers.com\\\/es\\\/#organization\",\"name\":\"Kruger & Hodges Hometown Injury Lawyers\",\"alternateName\":\"Kruger & Hodges\",\"url\":\"https:\\\/\\\/thehometownlawyers.com\\\/es\\\/\",\"logo\":{\"@type\":\"ImageObject\",\"inLanguage\":\"es\",\"@id\":\"https:\\\/\\\/thehometownlawyers.com\\\/es\\\/#\\\/schema\\\/logo\\\/image\\\/\",\"url\":\"https:\\\/\\\/thehometownlawyers.com\\\/wp-content\\\/uploads\\\/2025\\\/12\\\/revised-kh-logo-vertical-white-background-scaled.png\",\"contentUrl\":\"https:\\\/\\\/thehometownlawyers.com\\\/wp-content\\\/uploads\\\/2025\\\/12\\\/revised-kh-logo-vertical-white-background-scaled.png\",\"width\":2560,\"height\":1440,\"caption\":\"Kruger & Hodges Hometown Injury Lawyers\"},\"image\":{\"@id\":\"https:\\\/\\\/thehometownlawyers.com\\\/es\\\/#\\\/schema\\\/logo\\\/image\\\/\"},\"sameAs\":[\"https:\\\/\\\/www.facebook.com\\\/KrugerHodges\\\/\",\"https:\\\/\\\/www.instagram.com\\\/krugerhodges\\\/\",\"https:\\\/\\\/www.linkedin.com\\\/company\\\/kruger-hodges-hometown-injury-lawyers\\\/\",\"https:\\\/\\\/www.youtube.com\\\/channel\\\/UCeYcMaMaN2rb9jMlqt4EIdQ\",\"https:\\\/\\\/www.tiktok.com\\\/@thehometownlawyer\"]}]}<\/script>\n<!-- \/ Yoast SEO plugin. -->","yoast_head_json":{"title":"Abogados de Accidentes de Motocicleta en Ross Township, Ohio: Consulta gratuita","description":"Si result\u00f3 lesionado en un accidente de motocicleta debido a la negligencia de otra persona, comun\u00edquese con los abogados de accidentes de motocicleta de Ross en Kruger & Hodges.","robots":{"index":"index","follow":"follow","max-snippet":"max-snippet:-1","max-image-preview":"max-image-preview:large","max-video-preview":"max-video-preview:-1"},"canonical":"https:\/\/thehometownlawyers.com\/es\/abogados-de-accidentes-de-motocicleta-en-ross-township-ohio\/","og_locale":"es_MX","og_type":"article","og_title":"Abogados de Accidentes de Motocicleta en Ross Township, Ohio: Consulta gratuita","og_description":"Si result\u00f3 lesionado en un accidente de motocicleta debido a la negligencia de otra persona, comun\u00edquese con los abogados de accidentes de motocicleta de Ross en Kruger & Hodges.","og_url":"https:\/\/thehometownlawyers.com\/es\/abogados-de-accidentes-de-motocicleta-en-ross-township-ohio\/","og_site_name":"Kruger &amp; Hodges Abogados De Lesiones","article_publisher":"https:\/\/www.facebook.com\/KrugerHodges\/","article_modified_time":"2025-02-03T19:18:36+00:00","og_image":[{"width":2048,"height":1365,"url":"https:\/\/thehometownlawyers.com\/wp-content\/uploads\/2020\/02\/iStock-912151500.jpg","type":"image\/jpeg"}],"twitter_card":"summary_large_image","twitter_misc":{"Tiempo de lectura":"5 minutos"},"schema":{"@context":"https:\/\/schema.org","@graph":[{"@type":"WebPage","@id":"https:\/\/thehometownlawyers.com\/es\/abogados-de-accidentes-de-motocicleta-en-ross-township-ohio\/","url":"https:\/\/thehometownlawyers.com\/es\/abogados-de-accidentes-de-motocicleta-en-ross-township-ohio\/","name":"Abogados de Accidentes de Motocicleta en Ross Township, Ohio: Consulta gratuita","isPartOf":{"@id":"https:\/\/thehometownlawyers.com\/es\/#website"},"primaryImageOfPage":{"@id":"https:\/\/thehometownlawyers.com\/es\/abogados-de-accidentes-de-motocicleta-en-ross-township-ohio\/#primaryimage"},"image":{"@id":"https:\/\/thehometownlawyers.com\/es\/abogados-de-accidentes-de-motocicleta-en-ross-township-ohio\/#primaryimage"},"thumbnailUrl":"https:\/\/thehometownlawyers.com\/wp-content\/uploads\/2020\/02\/iStock-912151500.jpg","datePublished":"2021-09-14T15:05:36+00:00","dateModified":"2025-02-03T19:18:36+00:00","description":"Si result\u00f3 lesionado en un accidente de motocicleta debido a la negligencia de otra persona, comun\u00edquese con los abogados de accidentes de motocicleta de Ross en Kruger & Hodges.","breadcrumb":{"@id":"https:\/\/thehometownlawyers.com\/es\/abogados-de-accidentes-de-motocicleta-en-ross-township-ohio\/#breadcrumb"},"inLanguage":"es","potentialAction":[{"@type":"ReadAction","target":["https:\/\/thehometownlawyers.com\/es\/abogados-de-accidentes-de-motocicleta-en-ross-township-ohio\/"]}]},{"@type":"ImageObject","inLanguage":"es","@id":"https:\/\/thehometownlawyers.com\/es\/abogados-de-accidentes-de-motocicleta-en-ross-township-ohio\/#primaryimage","url":"https:\/\/thehometownlawyers.com\/wp-content\/uploads\/2020\/02\/iStock-912151500.jpg","contentUrl":"https:\/\/thehometownlawyers.com\/wp-content\/uploads\/2020\/02\/iStock-912151500.jpg","width":2048,"height":1365,"caption":"Motocicleta y casco volcados en la calle tras colisi\u00f3n con el coche"},{"@type":"BreadcrumbList","@id":"https:\/\/thehometownlawyers.com\/es\/abogados-de-accidentes-de-motocicleta-en-ross-township-ohio\/#breadcrumb","itemListElement":[{"@type":"ListItem","position":1,"name":"Home","item":"https:\/\/thehometownlawyers.com\/es\/"},{"@type":"ListItem","position":2,"name":"Abogado de Accidentes de Motocicletas en Ross Township"}]},{"@type":"WebSite","@id":"https:\/\/thehometownlawyers.com\/es\/#website","url":"https:\/\/thehometownlawyers.com\/es\/","name":"Kruger & Hodges Hometown Injury Lawyers | Accident Attorneys","description":"Attorneys for Car, Truck and Motorcycle Accidents, Personal Injuries, and Criminal Defense.","publisher":{"@id":"https:\/\/thehometownlawyers.com\/es\/#organization"},"alternateName":"Kruger & Hodges Personal Injury Lawyers","inLanguage":"es"},{"@type":"Organization","@id":"https:\/\/thehometownlawyers.com\/es\/#organization","name":"Kruger & Hodges Hometown Injury Lawyers","alternateName":"Kruger & Hodges","url":"https:\/\/thehometownlawyers.com\/es\/","logo":{"@type":"ImageObject","inLanguage":"es","@id":"https:\/\/thehometownlawyers.com\/es\/#\/schema\/logo\/image\/","url":"https:\/\/thehometownlawyers.com\/wp-content\/uploads\/2025\/12\/revised-kh-logo-vertical-white-background-scaled.png","contentUrl":"https:\/\/thehometownlawyers.com\/wp-content\/uploads\/2025\/12\/revised-kh-logo-vertical-white-background-scaled.png","width":2560,"height":1440,"caption":"Kruger & Hodges Hometown Injury Lawyers"},"image":{"@id":"https:\/\/thehometownlawyers.com\/es\/#\/schema\/logo\/image\/"},"sameAs":["https:\/\/www.facebook.com\/KrugerHodges\/","https:\/\/www.instagram.com\/krugerhodges\/","https:\/\/www.linkedin.com\/company\/kruger-hodges-hometown-injury-lawyers\/","https:\/\/www.youtube.com\/channel\/UCeYcMaMaN2rb9jMlqt4EIdQ","https:\/\/www.tiktok.com\/@thehometownlawyer"]}]}},"_links":{"self":[{"href":"https:\/\/thehometownlawyers.com\/es\/wp-json\/wp\/v2\/pages\/21176","targetHints":{"allow":["GET"]}}],"collection":[{"href":"https:\/\/thehometownlawyers.com\/es\/wp-json\/wp\/v2\/pages"}],"about":[{"href":"https:\/\/thehometownlawyers.com\/es\/wp-json\/wp\/v2\/types\/page"}],"author":[{"embeddable":true,"href":"https:\/\/thehometownlawyers.com\/es\/wp-json\/wp\/v2\/users\/7"}],"replies":[{"embeddable":true,"href":"https:\/\/thehometownlawyers.com\/es\/wp-json\/wp\/v2\/comments?post=21176"}],"version-history":[{"count":0,"href":"https:\/\/thehometownlawyers.com\/es\/wp-json\/wp\/v2\/pages\/21176\/revisions"}],"wp:featuredmedia":[{"embeddable":true,"href":"https:\/\/thehometownlawyers.com\/es\/wp-json\/wp\/v2\/media\/20740"}],"wp:attachment":[{"href":"https:\/\/thehometownlawyers.com\/es\/wp-json\/wp\/v2\/media?parent=21176"}],"wp:term":[{"taxonomy":"hc_faqs","embeddable":true,"href":"https:\/\/thehometownlawyers.com\/es\/wp-json\/wp\/v2\/hc_faqs?post=21176"},{"taxonomy":"hc_spanish_faqs","embeddable":true,"href":"https:\/\/thehometownlawyers.com\/es\/wp-json\/wp\/v2\/hc_spanish_faqs?post=21176"}],"curies":[{"name":"wp","href":"https:\/\/api.w.org\/{rel}","templated":true}]}}