{"id":21178,"date":"2021-09-14T10:53:59","date_gmt":"2021-09-14T14:53:59","guid":{"rendered":"https:\/\/thehometownlawyers.com\/?page_id=21178"},"modified":"2025-02-03T10:47:48","modified_gmt":"2025-02-03T15:47:48","slug":"ross-township-ohio-abogados-de-accidentes-automovilisticos","status":"publish","type":"page","link":"https:\/\/thehometownlawyers.com\/es\/ross-township-ohio-abogados-de-accidentes-automovilisticos\/","title":{"rendered":"Abogado de Accidente Automovil\u00edstico en Ross Township"},"content":{"rendered":"<h2>Accidentes automovil\u00edsticos en el municipio de Ross, Ohio<\/h2>\n<p>Con una poblaci\u00f3n de <a href=\"https:\/\/rosstwp.org\/\" target=\"_blank\" rel=\"noopener\">m\u00e1s de 8,000<\/a> habitantes, el municipio de Ross en Ohio ve una cantidad innumerable de accidentes automovil\u00edsticos cada a\u00f1o. Si bien muchos de estos accidentes son menores y dejan a las v\u00edctimas con cortes, laceraciones y otras lesiones menos graves, algunos de estos accidentes son catastr\u00f3ficos y provocan lesiones que cambian la vida e incluso muertes. Si bien los conductores deben hacer todo lo posible para evitar terminar en un accidente, a veces es imposible prevenir uno.<\/p>\n<h3>Formas comunes en que ocurren accidentes en el municipio de Ross<\/h3>\n<p>Los accidentes automovil\u00edsticos en Ross Township son causados por numerosos factores, tales como:<\/p>\n<ul>\n<li><strong>Conducci\u00f3n distraida. <\/strong>Ohio, al igual que el resto del pa\u00eds, ha visto un n\u00famero r\u00e9cord de accidentes automovil\u00edsticos en la \u00faltima d\u00e9cada. Una raz\u00f3n detr\u00e1s de este aumento de accidentes es que muchos conductores est\u00e1n m\u00e1s distra\u00eddos que nunca. Algunos de los factores que pueden desviar la atenci\u00f3n del automovilista de la carretera incluyen enviar mensajes de texto, comer y beber, hablar con los ocupantes del veh\u00edculo y realizar varias otras actividades mientras conduce un veh\u00edculo motorizado.<\/li>\n<li><strong>Conducir ebrio.<\/strong> La <a href=\"https:\/\/statepatrol.ohio.gov\/\" target=\"_blank\" rel=\"noopener\">Patrulla de Caminos del Estado de Ohio<\/a> informa que hubo m\u00e1s de 400 accidentes mortales que involucraron a conductores bajo la influencia en 2017. Lo que hace que los accidentes por conducir ebrio sean particularmente tr\u00e1gicos es que estos accidentes son totalmente evitables.<\/li>\n<li><strong>Conducci\u00f3n temeraria. <\/strong>Los automovilistas de Ohio deben recordar que lo que hacen en la carretera puede poner en peligro la vida de los dem\u00e1s. Cuando los automovilistas no obedecen las normas de tr\u00e1nsito, se desv\u00edan bruscamente o conducen en cualquier otro tipo de patr\u00f3n imprudente, existe un gran riesgo de que ocurran accidentes.<\/li>\n<\/ul>\n<p>Dondequiera que se dirija en Ross Township, tenga en cuenta que hay varias situaciones que pueden surgir repentinamente y terminar cambiando su vida. Ross Township, al igual que el resto de Ohio, tambi\u00e9n experimenta condiciones clim\u00e1ticas adversas, especialmente en el invierno, lo que puede dificultar la conducci\u00f3n segura en nuestras carreteras.<\/p>\n<h3>Da\u00f1os por accidentes automovil\u00edsticos en el municipio de Ross<\/h3>\n<p>Cuando ocurren accidentes en el municipio de Ross, pueden dejar a las v\u00edctimas de accidentes enfrentando repentinamente varias complicaciones, que incluyen:<\/p>\n<ul>\n<li><strong>Disfrute de la vida. <\/strong>Uno de los aspectos m\u00e1s pasados por alto de los accidentes automovil\u00edsticos es que pueden impedir que las v\u00edctimas disfruten de sus actividades b\u00e1sicas diarias.<\/li>\n<li><strong>Trabajo perdido. <\/strong>Las lesiones graves pueden dejar a las v\u00edctimas de accidentes automovil\u00edsticos incapaces de trabajar, ya sea de manera temporal o permanente.<\/li>\n<li><strong>Bienestar. <\/strong>Los accidentes automovil\u00edsticos m\u00e1s graves dejan a las v\u00edctimas que necesitan atenci\u00f3n m\u00e9dica a largo plazo, cirug\u00eda y otros costos asociados.<\/li>\n<\/ul>\n<p>No importa si trabaja en el cuidado de la salud, la fabricaci\u00f3n, el comercio minorista o cualquier otra industria en Ross Township, recuerde que despu\u00e9s de un accidente tiene derecho a solicitar una compensaci\u00f3n por sus da\u00f1os.<\/p>\n<h3>El peligro de los accidentes de golpe y fuga<\/h3>\n<p>Cuando ocurren accidentes de atropello y fuga en Ohio, los resultados suelen ser devastadores. Para empeorar las cosas, los accidentes de atropello y fuga en Ohio van en aumento. Si bien hubo 39 accidentes de atropello y fuga en Ohio en 2012, hubo 57 accidentes de atropello y fuga en 2016. Si usted es v\u00edctima de un accidente de atropello y fuga en Ross Township o en cualquier otra parte de Ohio, debe recordar que tiene derechos como v\u00edctima.<\/p>\n<p class=\"rs-content-cta rs-content-cta-small\">Para una consulta legal gratuita, llame al <a href=\"tel:+15138943333\">513-894-3333 <\/a><\/p><h2>C\u00f3mo responder despu\u00e9s de un accidente en el municipio de Ross<\/h2>\n<p>Si est\u00e1 involucrado en un accidente automovil\u00edstico en el municipio de Ross, hay algunos pasos cr\u00edticos que debe recordar seguir, que incluyen:<\/p>\n<ul>\n<li>P\u00f3ngase en contacto con los servicios de emergencia tan pronto como sea posible despu\u00e9s del accidente. De esta manera, los profesionales m\u00e9dicos pueden evaluar a cualquier persona que pueda haber resultado lesionada y las fuerzas del orden pueden crear un informe de accidente.<\/li>\n<li>Si el accidente ocurri\u00f3 en un lugar que presenta riesgo de ser golpeado nuevamente por el tr\u00e1fico cercano, mu\u00e9vase a un lugar m\u00e1s seguro. Hay innumerables historias de accidentes automovil\u00edsticos en Ohio que han dado lugar a colisiones secundarias porque el accidente ocurri\u00f3 en un lugar muy transitado.<\/li>\n<li>Despu\u00e9s de un accidente automovil\u00edstico, la mayor\u00eda de las personas se encuentran en estado de shock. Como resultado, es posible que no se d\u00e9 cuenta inmediatamente de sus lesiones. Es una buena idea recibir una evaluaci\u00f3n m\u00e9dica incluso si no cree que haya resultado lesionado.<\/li>\n<li>Re\u00fana tanta evidencia como sea posible acerca de c\u00f3mo ocurri\u00f3 el accidente.<\/li>\n<li>Evite admitir la culpa de nadie. Una investigaci\u00f3n determinar\u00e1 c\u00f3mo ocurri\u00f3 el accidente y admitir la culpa en este momento podr\u00eda poner en gran peligro el resultado de su caso de lesiones personales.<\/li>\n<\/ul>\n<p class=\"rs-content-cta\">Abogado de Lesiones Personales de Ross Township Cerca de M\u00ed <a href=\"tel:+15138943333\">513-894-3333<\/a><\/p><h2>Hable con un abogado experimentado en accidentes automovil\u00edsticos del municipio de Ross<\/h2>\n<p>Ross Township es un lugar maravilloso para vivir, pero a\u00fan sufre muchos accidentes automovil\u00edsticos cada a\u00f1o. Si usted o un ser querido estuvo involucrado en un accidente automovil\u00edstico en el municipio o en cualquier otra parte de Ohio, comun\u00edquese hoy con <a href=\"https:\/\/thehometownlawyers.com\/es\/contacto\/\">Kruger &amp; Hodges<\/a> para programar una evaluaci\u00f3n gratuita de su caso.<\/p>\n<h3><em>Enlaces relacionados:<\/em><\/h3>\n<p><strong>Accidentes automovil\u00edsticos<\/strong><\/p>\n<p><strong><a href=\"https:\/\/thehometownlawyers.com\/es\/\">accidentes de moto<\/a><\/strong><\/p>\n<p><strong>Lesiones de la m\u00e9dula<\/strong><\/p>\n<p><strong>accidentes de tren<\/strong><\/p>\n<p><strong><a href=\"https:\/\/thehometownlawyers.com\/es\/\">Lesi\u00f3n cerebral traum\u00e1tica<\/a><\/strong><\/p>\n<p><strong><a href=\"https:\/\/thehometownlawyers.com\/es\/\">accidentes de camiones<\/a><\/strong><\/p>\n<p><strong>Muerte injusta<\/strong><\/p>\n<p><strong>Preguntas frecuentes: \u00bfPuede mi abogado acceder a las im\u00e1genes de la c\u00e1mara de tr\u00e1fico de mi accidente?<\/strong><\/p>\n<p><strong>Preguntas frecuentes:Si me lesiono en un accidente automovil\u00edstico con un automovilista sin seguro, \u00bfpuedo recibir una compensaci\u00f3n?<\/strong><\/p>\n<p><strong>Preguntas frecuentes: \u00bfDebo ir a Atenci\u00f3n de Urgencias despu\u00e9s de un accidente automovil\u00edstico?<\/strong><\/p>\n<p class=\"rs-content-cta rs-content-cta-small\">Llame o env\u00ede un mensaje de texto al <a href=\"tel:+15138943333\">513-894-3333<\/a> o complete una <a href=\"\/es\/contacto\/\">evaluaci\u00f3n gratuita de su caso<\/a><\/p>","protected":false},"excerpt":{"rendered":"<p>Accidentes automovil\u00edsticos en el municipio de Ross, Ohio Con una poblaci\u00f3n de m\u00e1s de 8,000 habitantes, el municipio de Ross en Ohio ve una cantidad innumerable de accidentes automovil\u00edsticos cada a\u00f1o. Si bien muchos de estos accidentes son menores y dejan a las v\u00edctimas con cortes, laceraciones y otras lesiones menos graves, algunos de estos &#8230;<\/p>\n","protected":false},"author":7,"featured_media":26406,"parent":0,"menu_order":0,"comment_status":"closed","ping_status":"closed","template":"","meta":{"_acf_changed":false,"inline_featured_image":false,"_genesis_hide_title":false,"_genesis_hide_breadcrumbs":false,"_genesis_hide_singular_image":false,"_genesis_hide_footer_widgets":false,"_genesis_custom_body_class":"","_genesis_custom_post_class":"","_genesis_layout":"","footnotes":""},"hc_faqs":[],"hc_spanish_faqs":[],"class_list":{"0":"post-21178","1":"page","2":"type-page","3":"status-publish","4":"has-post-thumbnail","6":"hc_city_location-ross-township-es","7":"entry"},"acf":[],"yoast_head":"<!-- This site is optimized with the Yoast SEO plugin v27.4 - https:\/\/yoast.com\/product\/yoast-seo-wordpress\/ -->\n<title>Ross Township, Ohio Abogados de accidentes automovil\u00edsticos : Consulta gratuita<\/title>\n<meta name=\"description\" content=\"Accidentes automovil\u00edsticos en el municipio de Ross, Ohio Con una poblaci\u00f3n de m\u00e1s de 8,000 habitantes, el municipio de Ross en Ohio ve una cantidad\" \/>\n<meta name=\"robots\" content=\"index, follow, max-snippet:-1, max-image-preview:large, max-video-preview:-1\" \/>\n<link rel=\"canonical\" href=\"https:\/\/thehometownlawyers.com\/es\/ross-township-ohio-abogados-de-accidentes-automovilisticos\/\" \/>\n<meta property=\"og:locale\" content=\"es_MX\" \/>\n<meta property=\"og:type\" content=\"article\" \/>\n<meta property=\"og:title\" content=\"Ross Township, Ohio Abogados de accidentes automovil\u00edsticos : Consulta gratuita\" \/>\n<meta property=\"og:description\" content=\"Accidentes automovil\u00edsticos en el municipio de Ross, Ohio Con una poblaci\u00f3n de m\u00e1s de 8,000 habitantes, el municipio de Ross en Ohio ve una cantidad\" \/>\n<meta property=\"og:url\" content=\"https:\/\/thehometownlawyers.com\/es\/ross-township-ohio-abogados-de-accidentes-automovilisticos\/\" \/>\n<meta property=\"og:site_name\" content=\"Kruger &amp; Hodges Abogados De Lesiones\" \/>\n<meta property=\"article:publisher\" content=\"https:\/\/www.facebook.com\/KrugerHodges\/\" \/>\n<meta property=\"article:modified_time\" content=\"2025-02-03T15:47:48+00:00\" \/>\n<meta property=\"og:image\" content=\"https:\/\/thehometownlawyers.com\/wp-content\/uploads\/2026\/02\/TEAM-PHOTO-2026-scaled.jpg\" \/>\n\t<meta property=\"og:image:width\" content=\"2560\" \/>\n\t<meta property=\"og:image:height\" content=\"1689\" \/>\n\t<meta property=\"og:image:type\" content=\"image\/jpeg\" \/>\n<meta name=\"twitter:card\" content=\"summary_large_image\" \/>\n<meta name=\"twitter:label1\" content=\"Tiempo de lectura\" \/>\n\t<meta name=\"twitter:data1\" content=\"5 minutos\" \/>\n<script type=\"application\/ld+json\" class=\"yoast-schema-graph\">{\"@context\":\"https:\\\/\\\/schema.org\",\"@graph\":[{\"@type\":\"WebPage\",\"@id\":\"https:\\\/\\\/thehometownlawyers.com\\\/es\\\/ross-township-ohio-abogados-de-accidentes-automovilisticos\\\/\",\"url\":\"https:\\\/\\\/thehometownlawyers.com\\\/es\\\/ross-township-ohio-abogados-de-accidentes-automovilisticos\\\/\",\"name\":\"Ross Township, Ohio Abogados de accidentes automovil\u00edsticos : Consulta gratuita\",\"isPartOf\":{\"@id\":\"https:\\\/\\\/thehometownlawyers.com\\\/es\\\/#website\"},\"primaryImageOfPage\":{\"@id\":\"https:\\\/\\\/thehometownlawyers.com\\\/es\\\/ross-township-ohio-abogados-de-accidentes-automovilisticos\\\/#primaryimage\"},\"image\":{\"@id\":\"https:\\\/\\\/thehometownlawyers.com\\\/es\\\/ross-township-ohio-abogados-de-accidentes-automovilisticos\\\/#primaryimage\"},\"thumbnailUrl\":\"https:\\\/\\\/thehometownlawyers.com\\\/wp-content\\\/uploads\\\/2026\\\/02\\\/TEAM-PHOTO-2026-scaled.jpg\",\"datePublished\":\"2021-09-14T14:53:59+00:00\",\"dateModified\":\"2025-02-03T15:47:48+00:00\",\"description\":\"Accidentes automovil\u00edsticos en el municipio de Ross, Ohio Con una poblaci\u00f3n de m\u00e1s de 8,000 habitantes, el municipio de Ross en Ohio ve una cantidad\",\"breadcrumb\":{\"@id\":\"https:\\\/\\\/thehometownlawyers.com\\\/es\\\/ross-township-ohio-abogados-de-accidentes-automovilisticos\\\/#breadcrumb\"},\"inLanguage\":\"es\",\"potentialAction\":[{\"@type\":\"ReadAction\",\"target\":[\"https:\\\/\\\/thehometownlawyers.com\\\/es\\\/ross-township-ohio-abogados-de-accidentes-automovilisticos\\\/\"]}]},{\"@type\":\"ImageObject\",\"inLanguage\":\"es\",\"@id\":\"https:\\\/\\\/thehometownlawyers.com\\\/es\\\/ross-township-ohio-abogados-de-accidentes-automovilisticos\\\/#primaryimage\",\"url\":\"https:\\\/\\\/thehometownlawyers.com\\\/wp-content\\\/uploads\\\/2026\\\/02\\\/TEAM-PHOTO-2026-scaled.jpg\",\"contentUrl\":\"https:\\\/\\\/thehometownlawyers.com\\\/wp-content\\\/uploads\\\/2026\\\/02\\\/TEAM-PHOTO-2026-scaled.jpg\",\"width\":2560,\"height\":1689,\"caption\":\"KRUGER & HODGES TEAM PHOTO\"},{\"@type\":\"BreadcrumbList\",\"@id\":\"https:\\\/\\\/thehometownlawyers.com\\\/es\\\/ross-township-ohio-abogados-de-accidentes-automovilisticos\\\/#breadcrumb\",\"itemListElement\":[{\"@type\":\"ListItem\",\"position\":1,\"name\":\"Home\",\"item\":\"https:\\\/\\\/thehometownlawyers.com\\\/es\\\/\"},{\"@type\":\"ListItem\",\"position\":2,\"name\":\"Abogado de Accidente Automovil\u00edstico en Ross Township\"}]},{\"@type\":\"WebSite\",\"@id\":\"https:\\\/\\\/thehometownlawyers.com\\\/es\\\/#website\",\"url\":\"https:\\\/\\\/thehometownlawyers.com\\\/es\\\/\",\"name\":\"Kruger & Hodges Hometown Injury Lawyers | Accident Attorneys\",\"description\":\"Attorneys for Car, Truck and Motorcycle Accidents, Personal Injuries, and Criminal Defense.\",\"publisher\":{\"@id\":\"https:\\\/\\\/thehometownlawyers.com\\\/es\\\/#organization\"},\"alternateName\":\"Kruger & Hodges Personal Injury Lawyers\",\"inLanguage\":\"es\"},{\"@type\":\"Organization\",\"@id\":\"https:\\\/\\\/thehometownlawyers.com\\\/es\\\/#organization\",\"name\":\"Kruger & Hodges Hometown Injury Lawyers\",\"alternateName\":\"Kruger & Hodges\",\"url\":\"https:\\\/\\\/thehometownlawyers.com\\\/es\\\/\",\"logo\":{\"@type\":\"ImageObject\",\"inLanguage\":\"es\",\"@id\":\"https:\\\/\\\/thehometownlawyers.com\\\/es\\\/#\\\/schema\\\/logo\\\/image\\\/\",\"url\":\"https:\\\/\\\/thehometownlawyers.com\\\/wp-content\\\/uploads\\\/2025\\\/12\\\/revised-kh-logo-vertical-white-background-scaled.png\",\"contentUrl\":\"https:\\\/\\\/thehometownlawyers.com\\\/wp-content\\\/uploads\\\/2025\\\/12\\\/revised-kh-logo-vertical-white-background-scaled.png\",\"width\":2560,\"height\":1440,\"caption\":\"Kruger & Hodges Hometown Injury Lawyers\"},\"image\":{\"@id\":\"https:\\\/\\\/thehometownlawyers.com\\\/es\\\/#\\\/schema\\\/logo\\\/image\\\/\"},\"sameAs\":[\"https:\\\/\\\/www.facebook.com\\\/KrugerHodges\\\/\",\"https:\\\/\\\/www.instagram.com\\\/krugerhodges\\\/\",\"https:\\\/\\\/www.linkedin.com\\\/company\\\/kruger-hodges-hometown-injury-lawyers\\\/\",\"https:\\\/\\\/www.youtube.com\\\/channel\\\/UCeYcMaMaN2rb9jMlqt4EIdQ\",\"https:\\\/\\\/www.tiktok.com\\\/@thehometownlawyer\"]}]}<\/script>\n<!-- \/ Yoast SEO plugin. -->","yoast_head_json":{"title":"Ross Township, Ohio Abogados de accidentes automovil\u00edsticos : Consulta gratuita","description":"Accidentes automovil\u00edsticos en el municipio de Ross, Ohio Con una poblaci\u00f3n de m\u00e1s de 8,000 habitantes, el municipio de Ross en Ohio ve una cantidad","robots":{"index":"index","follow":"follow","max-snippet":"max-snippet:-1","max-image-preview":"max-image-preview:large","max-video-preview":"max-video-preview:-1"},"canonical":"https:\/\/thehometownlawyers.com\/es\/ross-township-ohio-abogados-de-accidentes-automovilisticos\/","og_locale":"es_MX","og_type":"article","og_title":"Ross Township, Ohio Abogados de accidentes automovil\u00edsticos : Consulta gratuita","og_description":"Accidentes automovil\u00edsticos en el municipio de Ross, Ohio Con una poblaci\u00f3n de m\u00e1s de 8,000 habitantes, el municipio de Ross en Ohio ve una cantidad","og_url":"https:\/\/thehometownlawyers.com\/es\/ross-township-ohio-abogados-de-accidentes-automovilisticos\/","og_site_name":"Kruger &amp; Hodges Abogados De Lesiones","article_publisher":"https:\/\/www.facebook.com\/KrugerHodges\/","article_modified_time":"2025-02-03T15:47:48+00:00","og_image":[{"width":2560,"height":1689,"url":"https:\/\/thehometownlawyers.com\/wp-content\/uploads\/2026\/02\/TEAM-PHOTO-2026-scaled.jpg","type":"image\/jpeg"}],"twitter_card":"summary_large_image","twitter_misc":{"Tiempo de lectura":"5 minutos"},"schema":{"@context":"https:\/\/schema.org","@graph":[{"@type":"WebPage","@id":"https:\/\/thehometownlawyers.com\/es\/ross-township-ohio-abogados-de-accidentes-automovilisticos\/","url":"https:\/\/thehometownlawyers.com\/es\/ross-township-ohio-abogados-de-accidentes-automovilisticos\/","name":"Ross Township, Ohio Abogados de accidentes automovil\u00edsticos : Consulta gratuita","isPartOf":{"@id":"https:\/\/thehometownlawyers.com\/es\/#website"},"primaryImageOfPage":{"@id":"https:\/\/thehometownlawyers.com\/es\/ross-township-ohio-abogados-de-accidentes-automovilisticos\/#primaryimage"},"image":{"@id":"https:\/\/thehometownlawyers.com\/es\/ross-township-ohio-abogados-de-accidentes-automovilisticos\/#primaryimage"},"thumbnailUrl":"https:\/\/thehometownlawyers.com\/wp-content\/uploads\/2026\/02\/TEAM-PHOTO-2026-scaled.jpg","datePublished":"2021-09-14T14:53:59+00:00","dateModified":"2025-02-03T15:47:48+00:00","description":"Accidentes automovil\u00edsticos en el municipio de Ross, Ohio Con una poblaci\u00f3n de m\u00e1s de 8,000 habitantes, el municipio de Ross en Ohio ve una cantidad","breadcrumb":{"@id":"https:\/\/thehometownlawyers.com\/es\/ross-township-ohio-abogados-de-accidentes-automovilisticos\/#breadcrumb"},"inLanguage":"es","potentialAction":[{"@type":"ReadAction","target":["https:\/\/thehometownlawyers.com\/es\/ross-township-ohio-abogados-de-accidentes-automovilisticos\/"]}]},{"@type":"ImageObject","inLanguage":"es","@id":"https:\/\/thehometownlawyers.com\/es\/ross-township-ohio-abogados-de-accidentes-automovilisticos\/#primaryimage","url":"https:\/\/thehometownlawyers.com\/wp-content\/uploads\/2026\/02\/TEAM-PHOTO-2026-scaled.jpg","contentUrl":"https:\/\/thehometownlawyers.com\/wp-content\/uploads\/2026\/02\/TEAM-PHOTO-2026-scaled.jpg","width":2560,"height":1689,"caption":"KRUGER & HODGES TEAM PHOTO"},{"@type":"BreadcrumbList","@id":"https:\/\/thehometownlawyers.com\/es\/ross-township-ohio-abogados-de-accidentes-automovilisticos\/#breadcrumb","itemListElement":[{"@type":"ListItem","position":1,"name":"Home","item":"https:\/\/thehometownlawyers.com\/es\/"},{"@type":"ListItem","position":2,"name":"Abogado de Accidente Automovil\u00edstico en Ross Township"}]},{"@type":"WebSite","@id":"https:\/\/thehometownlawyers.com\/es\/#website","url":"https:\/\/thehometownlawyers.com\/es\/","name":"Kruger & Hodges Hometown Injury Lawyers | Accident Attorneys","description":"Attorneys for Car, Truck and Motorcycle Accidents, Personal Injuries, and Criminal Defense.","publisher":{"@id":"https:\/\/thehometownlawyers.com\/es\/#organization"},"alternateName":"Kruger & Hodges Personal Injury Lawyers","inLanguage":"es"},{"@type":"Organization","@id":"https:\/\/thehometownlawyers.com\/es\/#organization","name":"Kruger & Hodges Hometown Injury Lawyers","alternateName":"Kruger & Hodges","url":"https:\/\/thehometownlawyers.com\/es\/","logo":{"@type":"ImageObject","inLanguage":"es","@id":"https:\/\/thehometownlawyers.com\/es\/#\/schema\/logo\/image\/","url":"https:\/\/thehometownlawyers.com\/wp-content\/uploads\/2025\/12\/revised-kh-logo-vertical-white-background-scaled.png","contentUrl":"https:\/\/thehometownlawyers.com\/wp-content\/uploads\/2025\/12\/revised-kh-logo-vertical-white-background-scaled.png","width":2560,"height":1440,"caption":"Kruger & Hodges Hometown Injury Lawyers"},"image":{"@id":"https:\/\/thehometownlawyers.com\/es\/#\/schema\/logo\/image\/"},"sameAs":["https:\/\/www.facebook.com\/KrugerHodges\/","https:\/\/www.instagram.com\/krugerhodges\/","https:\/\/www.linkedin.com\/company\/kruger-hodges-hometown-injury-lawyers\/","https:\/\/www.youtube.com\/channel\/UCeYcMaMaN2rb9jMlqt4EIdQ","https:\/\/www.tiktok.com\/@thehometownlawyer"]}]}},"_links":{"self":[{"href":"https:\/\/thehometownlawyers.com\/es\/wp-json\/wp\/v2\/pages\/21178","targetHints":{"allow":["GET"]}}],"collection":[{"href":"https:\/\/thehometownlawyers.com\/es\/wp-json\/wp\/v2\/pages"}],"about":[{"href":"https:\/\/thehometownlawyers.com\/es\/wp-json\/wp\/v2\/types\/page"}],"author":[{"embeddable":true,"href":"https:\/\/thehometownlawyers.com\/es\/wp-json\/wp\/v2\/users\/7"}],"replies":[{"embeddable":true,"href":"https:\/\/thehometownlawyers.com\/es\/wp-json\/wp\/v2\/comments?post=21178"}],"version-history":[{"count":0,"href":"https:\/\/thehometownlawyers.com\/es\/wp-json\/wp\/v2\/pages\/21178\/revisions"}],"wp:featuredmedia":[{"embeddable":true,"href":"https:\/\/thehometownlawyers.com\/es\/wp-json\/wp\/v2\/media\/26406"}],"wp:attachment":[{"href":"https:\/\/thehometownlawyers.com\/es\/wp-json\/wp\/v2\/media?parent=21178"}],"wp:term":[{"taxonomy":"hc_faqs","embeddable":true,"href":"https:\/\/thehometownlawyers.com\/es\/wp-json\/wp\/v2\/hc_faqs?post=21178"},{"taxonomy":"hc_spanish_faqs","embeddable":true,"href":"https:\/\/thehometownlawyers.com\/es\/wp-json\/wp\/v2\/hc_spanish_faqs?post=21178"}],"curies":[{"name":"wp","href":"https:\/\/api.w.org\/{rel}","templated":true}]}}