{"id":21179,"date":"2021-07-24T21:19:30","date_gmt":"2021-07-25T01:19:30","guid":{"rendered":"https:\/\/thehometownlawyers.com\/?page_id=21179"},"modified":"2025-01-31T11:33:41","modified_gmt":"2025-01-31T16:33:41","slug":"abogado-de-lesiones-personales-miamisburg-ohio","status":"publish","type":"page","link":"https:\/\/thehometownlawyers.com\/es\/abogado-de-lesiones-personales-miamisburg-ohio\/","title":{"rendered":"Abogado de Lesiones Personales en Miamisburg"},"content":{"rendered":"<h2>Miamisburg, Ohio Abogado de Lesiones Personales<\/h2>\n<p>Las lesiones personales pueden resultar de una variedad de causas, incluidas las acciones de otras personas (o, por el contrario, su negligencia), <a href=\"https:\/\/das.ohio.gov\/Divisions\/Human-Resources\/Benefits-Administration\/Workers-Compensation\" target=\"_blank\" rel=\"noopener\">lesiones en el trabajo<\/a> o incluso intoxicaci\u00f3n alimentaria. A menudo, pueden privar a una persona de su capacidad para trabajar, priv\u00e1ndola de su sustento despu\u00e9s de la lesi\u00f3n. Tambi\u00e9n pueden dejar cicatrices emocionales y f\u00edsicas duraderas, que requieren un tratamiento m\u00e9dico extenso. Debido a esto, es importante conocer sus derechos si ha sido perjudicado por la negligencia de otra parte. Comun\u00edquese con un abogado de lesiones personales de Miamisburg hoy para hablar sobre c\u00f3mo obtener la compensaci\u00f3n que merece.<\/p>\n<p class=\"rs-content-cta rs-content-cta-small\">Para una consulta legal gratuita, llame al <a href=\"tel:+15138943333\">513-894-3333 <\/a><\/p><h2>\u00bfCu\u00e1les son los tipos m\u00e1s comunes de lesiones personales?<\/h2>\n<p>Hay varios tipos diferentes de lesiones personales que pueden ocurrir como resultado de las acciones de otra parte. Estas lesiones pueden variar desde lesiones peque\u00f1as que no ponen en peligro la vida (como laceraciones menores y huesos rotos) hasta lesiones personales m\u00e1s importantes que pueden tener un impacto a largo plazo en la persona afectada (como amputaciones o desfiguraciones graves). En algunas circunstancias, las lesiones graves pueden provocar la muerte de la v\u00edctima.<\/p>\n<p>Algunas de las lesiones personales m\u00e1s comunes que pueden ocurrir son huesos rotos y distensiones musculares. Estos ocurren con bastante frecuencia, y el grado de gravedad de la lesi\u00f3n puede variar desde una peque\u00f1a fractura hasta un hueso destrozado. Los ligamentos o tendones que se han desgarrado tambi\u00e9n pueden verse afectados. Adem\u00e1s, cuando una persona est\u00e1 involucrada en un accidente automovil\u00edstico, no es raro que sufra un <a href=\"https:\/\/www.mayoclinic.org\/diseases-conditions\/whiplash\/symptoms-causes\/syc-20378921\" target=\"_blank\" rel=\"noopener\">latigazo cervical<\/a> u otras formas de lesiones en el cuello.<\/p>\n<p>En los accidentes automovil\u00edsticos y los accidentes de motocicleta, <a href=\"https:\/\/thehometownlawyers.com\/es\/\" rel=\"noopener\">las lesiones cerebrales traum\u00e1ticas (TBI, por sus siglas en ingl\u00e9s)<\/a> y las lesiones de la m\u00e9dula espinal tambi\u00e9n son comunes, y pueden ser lo suficientemente graves como para causar da\u00f1o cerebral de por vida o par\u00e1lisis a la v\u00edctima. Muchos accidentes tambi\u00e9n pueden resultar en cicatrices, deformidades y lesiones cut\u00e1neas graves.<\/p>\n<p class=\"rs-content-cta\">Abogado de Lesiones Personales de Miamisburg Cerca de M\u00ed <a href=\"tel:+15138943333\">513-894-3333<\/a><\/p><h2>Qu\u00e9 hacer despu\u00e9s de una lesi\u00f3n personal<\/h2>\n<p>Si ha estado involucrado en un accidente que result\u00f3 en lesiones personales (ya sea de gravedad media o alta), entonces hay una serie de cosas que puede hacer para ayudar a establecer un reclamo y recibir una compensaci\u00f3n por ello. Lo primero que puede hacer es documentar su entorno y buscar cualquier detalle relevante que pueda usar en su testimonio.<\/p>\n<p>Cuando reciba la atenci\u00f3n m\u00e9dica necesaria despu\u00e9s de su lesi\u00f3n, es importante que el m\u00e9dico sea minucioso, no solo durante su examen sino tambi\u00e9n en sus notas. De esa forma, puedes detectar cualquier otra lesi\u00f3n que hayas podido sufrir, ya que a veces el da\u00f1o no siempre es evidente de inmediato. Despu\u00e9s de su cita con su proveedor de atenci\u00f3n m\u00e9dica, debe comenzar a recopilar la mayor cantidad de evidencia posible para demostrar que la otra parte es responsable de sus lesiones.<\/p>\n<p>Las fotograf\u00edas de la escena y de sus lesiones, as\u00ed como las copias de sus <a href=\"https:\/\/injuryfacts.nsc.org\/all-injuries\/costs\/guide-to-calculating-costs\/data-details\/\" target=\"_blank\" rel=\"noopener\">registros m\u00e9dicos<\/a> , pueden ayudar a reforzar su caso. Esto es especialmente cierto si la parte que lo lesion\u00f3, o incluso su compa\u00f1\u00eda de seguros, intenta minimizar el alcance de sus lesiones. Es importante no llegar a un acuerdo con la compa\u00f1\u00eda de seguros sin consultar primero a su abogado de lesiones personales de Miamisburg, ya que la compa\u00f1\u00eda de seguros no tiene en mente sus mejores intereses.<\/p>\n<p class=\"rs-content-cta rs-content-cta-small\"><a href=\"\/es\/contacto\/\">Haga clic para contactar<\/a> con nuestros lesiones personales abogados hoy<\/p><h2>\u00bfC\u00f3mo se procesa un reclamo por lesiones personales?<\/h2>\n<p>Para presentar un caso formalmente, los reclamos por lesiones personales deben seguir un procedimiento determinado. Para construir un caso s\u00f3lido y obtener una compensaci\u00f3n adecuada despu\u00e9s de su lesi\u00f3n, es esencial comprender las muchas etapas del proceso y qu\u00e9 hacer en cada una. Los siguientes son algunos de los pasos involucrados en el proceso de obtener una compensaci\u00f3n en una demanda por lesiones personales:<\/p>\n<ul>\n<li>Llevar a cabo una investigaci\u00f3n de accidentes es el primer paso a tomar. Es importante recopilar tanta evidencia como sea posible en un reclamo por lesiones personales, incluidos registros m\u00e9dicos, fotograf\u00edas, informes policiales, declaraciones de testigos y grabaciones. Esto ayuda a determinar la causa espec\u00edfica de un accidente.<\/li>\n<li>En ciertos casos, en lugar de presentar una demanda, un asunto de lesiones personales puede resolverse mediante arbitraje o mediaci\u00f3n. Si se puede llegar a un acuerdo, ambas partes podr\u00e1n omitir la demanda por completo.<\/li>\n<li>En el caso de que no se pueda lograr un acuerdo extrajudicial, las demandas por lesiones personales son el siguiente paso. Los abogados pueden presentar una demanda en nombre de un cliente y argumentar ante el tribunal que tienen derecho a una determinada cantidad de compensaci\u00f3n.<\/li>\n<li>Las negociaciones de conciliaci\u00f3n son uno de los aspectos m\u00e1s desafiantes de un caso de este tipo mientras se procesa. Este proceso suele ser dif\u00edcil, ya que la parte responsable de un accidente generalmente quiere pagar menos de lo que debe.<\/li>\n<\/ul>\n<p class=\"rs-content-cta rs-content-cta-small\">Complete una <a href=\"\/es\/contacto\/\">evaluaci\u00f3n gratuita de su caso<\/a> ahora<\/p><h2>\u00bfSe ha lesionado en Miamisburg, Ohio?<\/h2>\n<p>Una lesi\u00f3n personal puede ser devastadora tanto f\u00edsica como emocionalmente, sin mencionar las crecientes facturas m\u00e9dicas que inevitablemente parecen seguir a su lesi\u00f3n. Si ha resultado perjudicado y desea obtener la compensaci\u00f3n que tanto necesita por todos los da\u00f1os causados, aqu\u00ed en <a href=\"https:\/\/thehometownlawyers.com\/es\/abogados-de-lesiones-personales-en-eaton-ohio\/\">Kruger &amp; Hodges<\/a> podemos ayudarlo. Nuestro equipo de abogados de lesiones personales puede ayudarlo a obtener la restituci\u00f3n que merece despu\u00e9s de una lesi\u00f3n. Para obtener m\u00e1s informaci\u00f3n o para programar su evaluaci\u00f3n de caso gratuita y sin riesgos, comun\u00edquese <a href=\"https:\/\/thehometownlawyers.com\/es\/contacto\/\">con nosotros<\/a> hoy.<\/p>\n<p class=\"rs-content-cta rs-content-cta-small\">Llame o env\u00ede un mensaje de texto al <a href=\"tel:+15138943333\">513-894-3333<\/a> o complete una <a href=\"\/es\/contacto\/\">evaluaci\u00f3n gratuita de su caso<\/a><\/p>","protected":false},"excerpt":{"rendered":"<p>Miamisburg, Ohio Abogado de Lesiones Personales Las lesiones personales pueden resultar de una variedad de causas, incluidas las acciones de otras personas (o, por el contrario, su negligencia), lesiones en el trabajo o incluso intoxicaci\u00f3n alimentaria. A menudo, pueden privar a una persona de su capacidad para trabajar, priv\u00e1ndola de su sustento despu\u00e9s de la &#8230;<\/p>\n","protected":false},"author":7,"featured_media":20730,"parent":0,"menu_order":0,"comment_status":"closed","ping_status":"closed","template":"","meta":{"_acf_changed":false,"inline_featured_image":false,"_genesis_hide_title":false,"_genesis_hide_breadcrumbs":false,"_genesis_hide_singular_image":false,"_genesis_hide_footer_widgets":false,"_genesis_custom_body_class":"","_genesis_custom_post_class":"","_genesis_layout":"","footnotes":""},"hc_faqs":[],"hc_spanish_faqs":[],"class_list":{"0":"post-21179","1":"page","2":"type-page","3":"status-publish","4":"has-post-thumbnail","6":"hc_city_location-miamisburg-es","7":"entry"},"acf":[],"yoast_head":"<!-- This site is optimized with the Yoast SEO plugin v27.4 - https:\/\/yoast.com\/product\/yoast-seo-wordpress\/ -->\n<title>Abogado de lesiones personales Miamisburg, Ohio: Consulta gratuita<\/title>\n<meta name=\"description\" content=\"Miamisburg, Ohio Abogado de Lesiones Personales Las lesiones personales pueden resultar de una variedad de causas, incluidas las acciones de otras\" \/>\n<meta name=\"robots\" content=\"index, follow, max-snippet:-1, max-image-preview:large, max-video-preview:-1\" \/>\n<link rel=\"canonical\" href=\"https:\/\/thehometownlawyers.com\/es\/abogado-de-lesiones-personales-miamisburg-ohio\/\" \/>\n<meta property=\"og:locale\" content=\"es_MX\" \/>\n<meta property=\"og:type\" content=\"article\" \/>\n<meta property=\"og:title\" content=\"Abogado de lesiones personales Miamisburg, Ohio: Consulta gratuita\" \/>\n<meta property=\"og:description\" content=\"Miamisburg, Ohio Abogado de Lesiones Personales Las lesiones personales pueden resultar de una variedad de causas, incluidas las acciones de otras\" \/>\n<meta property=\"og:url\" content=\"https:\/\/thehometownlawyers.com\/es\/abogado-de-lesiones-personales-miamisburg-ohio\/\" \/>\n<meta property=\"og:site_name\" content=\"Kruger &amp; Hodges Abogados De Lesiones\" \/>\n<meta property=\"article:publisher\" content=\"https:\/\/www.facebook.com\/KrugerHodges\/\" \/>\n<meta property=\"article:modified_time\" content=\"2025-01-31T16:33:41+00:00\" \/>\n<meta property=\"og:image\" content=\"https:\/\/thehometownlawyers.com\/wp-content\/uploads\/2019\/01\/Leg-Injury-Photo.jpeg\" \/>\n\t<meta property=\"og:image:width\" content=\"640\" \/>\n\t<meta property=\"og:image:height\" content=\"426\" \/>\n\t<meta property=\"og:image:type\" content=\"image\/jpeg\" \/>\n<meta name=\"twitter:card\" content=\"summary_large_image\" \/>\n<meta name=\"twitter:label1\" content=\"Tiempo de lectura\" \/>\n\t<meta name=\"twitter:data1\" content=\"5 minutos\" \/>\n<script type=\"application\/ld+json\" class=\"yoast-schema-graph\">{\"@context\":\"https:\\\/\\\/schema.org\",\"@graph\":[{\"@type\":\"WebPage\",\"@id\":\"https:\\\/\\\/thehometownlawyers.com\\\/es\\\/abogado-de-lesiones-personales-miamisburg-ohio\\\/\",\"url\":\"https:\\\/\\\/thehometownlawyers.com\\\/es\\\/abogado-de-lesiones-personales-miamisburg-ohio\\\/\",\"name\":\"Abogado de lesiones personales Miamisburg, Ohio: Consulta gratuita\",\"isPartOf\":{\"@id\":\"https:\\\/\\\/thehometownlawyers.com\\\/es\\\/#website\"},\"primaryImageOfPage\":{\"@id\":\"https:\\\/\\\/thehometownlawyers.com\\\/es\\\/abogado-de-lesiones-personales-miamisburg-ohio\\\/#primaryimage\"},\"image\":{\"@id\":\"https:\\\/\\\/thehometownlawyers.com\\\/es\\\/abogado-de-lesiones-personales-miamisburg-ohio\\\/#primaryimage\"},\"thumbnailUrl\":\"https:\\\/\\\/thehometownlawyers.com\\\/wp-content\\\/uploads\\\/2019\\\/01\\\/Leg-Injury-Photo.jpeg\",\"datePublished\":\"2021-07-25T01:19:30+00:00\",\"dateModified\":\"2025-01-31T16:33:41+00:00\",\"description\":\"Miamisburg, Ohio Abogado de Lesiones Personales Las lesiones personales pueden resultar de una variedad de causas, incluidas las acciones de otras\",\"breadcrumb\":{\"@id\":\"https:\\\/\\\/thehometownlawyers.com\\\/es\\\/abogado-de-lesiones-personales-miamisburg-ohio\\\/#breadcrumb\"},\"inLanguage\":\"es\",\"potentialAction\":[{\"@type\":\"ReadAction\",\"target\":[\"https:\\\/\\\/thehometownlawyers.com\\\/es\\\/abogado-de-lesiones-personales-miamisburg-ohio\\\/\"]}]},{\"@type\":\"ImageObject\",\"inLanguage\":\"es\",\"@id\":\"https:\\\/\\\/thehometownlawyers.com\\\/es\\\/abogado-de-lesiones-personales-miamisburg-ohio\\\/#primaryimage\",\"url\":\"https:\\\/\\\/thehometownlawyers.com\\\/wp-content\\\/uploads\\\/2019\\\/01\\\/Leg-Injury-Photo.jpeg\",\"contentUrl\":\"https:\\\/\\\/thehometownlawyers.com\\\/wp-content\\\/uploads\\\/2019\\\/01\\\/Leg-Injury-Photo.jpeg\",\"width\":640,\"height\":426,\"caption\":\"Abogado de lesiones personales Condado de Darke, Ohio\"},{\"@type\":\"BreadcrumbList\",\"@id\":\"https:\\\/\\\/thehometownlawyers.com\\\/es\\\/abogado-de-lesiones-personales-miamisburg-ohio\\\/#breadcrumb\",\"itemListElement\":[{\"@type\":\"ListItem\",\"position\":1,\"name\":\"Home\",\"item\":\"https:\\\/\\\/thehometownlawyers.com\\\/es\\\/\"},{\"@type\":\"ListItem\",\"position\":2,\"name\":\"Abogado de Lesiones Personales en Miamisburg\"}]},{\"@type\":\"WebSite\",\"@id\":\"https:\\\/\\\/thehometownlawyers.com\\\/es\\\/#website\",\"url\":\"https:\\\/\\\/thehometownlawyers.com\\\/es\\\/\",\"name\":\"Kruger & Hodges Hometown Injury Lawyers | Accident Attorneys\",\"description\":\"Attorneys for Car, Truck and Motorcycle Accidents, Personal Injuries, and Criminal Defense.\",\"publisher\":{\"@id\":\"https:\\\/\\\/thehometownlawyers.com\\\/es\\\/#organization\"},\"alternateName\":\"Kruger & Hodges Personal Injury Lawyers\",\"inLanguage\":\"es\"},{\"@type\":\"Organization\",\"@id\":\"https:\\\/\\\/thehometownlawyers.com\\\/es\\\/#organization\",\"name\":\"Kruger & Hodges Hometown Injury Lawyers\",\"alternateName\":\"Kruger & Hodges\",\"url\":\"https:\\\/\\\/thehometownlawyers.com\\\/es\\\/\",\"logo\":{\"@type\":\"ImageObject\",\"inLanguage\":\"es\",\"@id\":\"https:\\\/\\\/thehometownlawyers.com\\\/es\\\/#\\\/schema\\\/logo\\\/image\\\/\",\"url\":\"https:\\\/\\\/thehometownlawyers.com\\\/wp-content\\\/uploads\\\/2025\\\/12\\\/revised-kh-logo-vertical-white-background-scaled.png\",\"contentUrl\":\"https:\\\/\\\/thehometownlawyers.com\\\/wp-content\\\/uploads\\\/2025\\\/12\\\/revised-kh-logo-vertical-white-background-scaled.png\",\"width\":2560,\"height\":1440,\"caption\":\"Kruger & Hodges Hometown Injury Lawyers\"},\"image\":{\"@id\":\"https:\\\/\\\/thehometownlawyers.com\\\/es\\\/#\\\/schema\\\/logo\\\/image\\\/\"},\"sameAs\":[\"https:\\\/\\\/www.facebook.com\\\/KrugerHodges\\\/\",\"https:\\\/\\\/www.instagram.com\\\/krugerhodges\\\/\",\"https:\\\/\\\/www.linkedin.com\\\/company\\\/kruger-hodges-hometown-injury-lawyers\\\/\",\"https:\\\/\\\/www.youtube.com\\\/channel\\\/UCeYcMaMaN2rb9jMlqt4EIdQ\",\"https:\\\/\\\/www.tiktok.com\\\/@thehometownlawyer\"]}]}<\/script>\n<!-- \/ Yoast SEO plugin. -->","yoast_head_json":{"title":"Abogado de lesiones personales Miamisburg, Ohio: Consulta gratuita","description":"Miamisburg, Ohio Abogado de Lesiones Personales Las lesiones personales pueden resultar de una variedad de causas, incluidas las acciones de otras","robots":{"index":"index","follow":"follow","max-snippet":"max-snippet:-1","max-image-preview":"max-image-preview:large","max-video-preview":"max-video-preview:-1"},"canonical":"https:\/\/thehometownlawyers.com\/es\/abogado-de-lesiones-personales-miamisburg-ohio\/","og_locale":"es_MX","og_type":"article","og_title":"Abogado de lesiones personales Miamisburg, Ohio: Consulta gratuita","og_description":"Miamisburg, Ohio Abogado de Lesiones Personales Las lesiones personales pueden resultar de una variedad de causas, incluidas las acciones de otras","og_url":"https:\/\/thehometownlawyers.com\/es\/abogado-de-lesiones-personales-miamisburg-ohio\/","og_site_name":"Kruger &amp; Hodges Abogados De Lesiones","article_publisher":"https:\/\/www.facebook.com\/KrugerHodges\/","article_modified_time":"2025-01-31T16:33:41+00:00","og_image":[{"width":640,"height":426,"url":"https:\/\/thehometownlawyers.com\/wp-content\/uploads\/2019\/01\/Leg-Injury-Photo.jpeg","type":"image\/jpeg"}],"twitter_card":"summary_large_image","twitter_misc":{"Tiempo de lectura":"5 minutos"},"schema":{"@context":"https:\/\/schema.org","@graph":[{"@type":"WebPage","@id":"https:\/\/thehometownlawyers.com\/es\/abogado-de-lesiones-personales-miamisburg-ohio\/","url":"https:\/\/thehometownlawyers.com\/es\/abogado-de-lesiones-personales-miamisburg-ohio\/","name":"Abogado de lesiones personales Miamisburg, Ohio: Consulta gratuita","isPartOf":{"@id":"https:\/\/thehometownlawyers.com\/es\/#website"},"primaryImageOfPage":{"@id":"https:\/\/thehometownlawyers.com\/es\/abogado-de-lesiones-personales-miamisburg-ohio\/#primaryimage"},"image":{"@id":"https:\/\/thehometownlawyers.com\/es\/abogado-de-lesiones-personales-miamisburg-ohio\/#primaryimage"},"thumbnailUrl":"https:\/\/thehometownlawyers.com\/wp-content\/uploads\/2019\/01\/Leg-Injury-Photo.jpeg","datePublished":"2021-07-25T01:19:30+00:00","dateModified":"2025-01-31T16:33:41+00:00","description":"Miamisburg, Ohio Abogado de Lesiones Personales Las lesiones personales pueden resultar de una variedad de causas, incluidas las acciones de otras","breadcrumb":{"@id":"https:\/\/thehometownlawyers.com\/es\/abogado-de-lesiones-personales-miamisburg-ohio\/#breadcrumb"},"inLanguage":"es","potentialAction":[{"@type":"ReadAction","target":["https:\/\/thehometownlawyers.com\/es\/abogado-de-lesiones-personales-miamisburg-ohio\/"]}]},{"@type":"ImageObject","inLanguage":"es","@id":"https:\/\/thehometownlawyers.com\/es\/abogado-de-lesiones-personales-miamisburg-ohio\/#primaryimage","url":"https:\/\/thehometownlawyers.com\/wp-content\/uploads\/2019\/01\/Leg-Injury-Photo.jpeg","contentUrl":"https:\/\/thehometownlawyers.com\/wp-content\/uploads\/2019\/01\/Leg-Injury-Photo.jpeg","width":640,"height":426,"caption":"Abogado de lesiones personales Condado de Darke, Ohio"},{"@type":"BreadcrumbList","@id":"https:\/\/thehometownlawyers.com\/es\/abogado-de-lesiones-personales-miamisburg-ohio\/#breadcrumb","itemListElement":[{"@type":"ListItem","position":1,"name":"Home","item":"https:\/\/thehometownlawyers.com\/es\/"},{"@type":"ListItem","position":2,"name":"Abogado de Lesiones Personales en Miamisburg"}]},{"@type":"WebSite","@id":"https:\/\/thehometownlawyers.com\/es\/#website","url":"https:\/\/thehometownlawyers.com\/es\/","name":"Kruger & Hodges Hometown Injury Lawyers | Accident Attorneys","description":"Attorneys for Car, Truck and Motorcycle Accidents, Personal Injuries, and Criminal Defense.","publisher":{"@id":"https:\/\/thehometownlawyers.com\/es\/#organization"},"alternateName":"Kruger & Hodges Personal Injury Lawyers","inLanguage":"es"},{"@type":"Organization","@id":"https:\/\/thehometownlawyers.com\/es\/#organization","name":"Kruger & Hodges Hometown Injury Lawyers","alternateName":"Kruger & Hodges","url":"https:\/\/thehometownlawyers.com\/es\/","logo":{"@type":"ImageObject","inLanguage":"es","@id":"https:\/\/thehometownlawyers.com\/es\/#\/schema\/logo\/image\/","url":"https:\/\/thehometownlawyers.com\/wp-content\/uploads\/2025\/12\/revised-kh-logo-vertical-white-background-scaled.png","contentUrl":"https:\/\/thehometownlawyers.com\/wp-content\/uploads\/2025\/12\/revised-kh-logo-vertical-white-background-scaled.png","width":2560,"height":1440,"caption":"Kruger & Hodges Hometown Injury Lawyers"},"image":{"@id":"https:\/\/thehometownlawyers.com\/es\/#\/schema\/logo\/image\/"},"sameAs":["https:\/\/www.facebook.com\/KrugerHodges\/","https:\/\/www.instagram.com\/krugerhodges\/","https:\/\/www.linkedin.com\/company\/kruger-hodges-hometown-injury-lawyers\/","https:\/\/www.youtube.com\/channel\/UCeYcMaMaN2rb9jMlqt4EIdQ","https:\/\/www.tiktok.com\/@thehometownlawyer"]}]}},"_links":{"self":[{"href":"https:\/\/thehometownlawyers.com\/es\/wp-json\/wp\/v2\/pages\/21179","targetHints":{"allow":["GET"]}}],"collection":[{"href":"https:\/\/thehometownlawyers.com\/es\/wp-json\/wp\/v2\/pages"}],"about":[{"href":"https:\/\/thehometownlawyers.com\/es\/wp-json\/wp\/v2\/types\/page"}],"author":[{"embeddable":true,"href":"https:\/\/thehometownlawyers.com\/es\/wp-json\/wp\/v2\/users\/7"}],"replies":[{"embeddable":true,"href":"https:\/\/thehometownlawyers.com\/es\/wp-json\/wp\/v2\/comments?post=21179"}],"version-history":[{"count":0,"href":"https:\/\/thehometownlawyers.com\/es\/wp-json\/wp\/v2\/pages\/21179\/revisions"}],"wp:featuredmedia":[{"embeddable":true,"href":"https:\/\/thehometownlawyers.com\/es\/wp-json\/wp\/v2\/media\/20730"}],"wp:attachment":[{"href":"https:\/\/thehometownlawyers.com\/es\/wp-json\/wp\/v2\/media?parent=21179"}],"wp:term":[{"taxonomy":"hc_faqs","embeddable":true,"href":"https:\/\/thehometownlawyers.com\/es\/wp-json\/wp\/v2\/hc_faqs?post=21179"},{"taxonomy":"hc_spanish_faqs","embeddable":true,"href":"https:\/\/thehometownlawyers.com\/es\/wp-json\/wp\/v2\/hc_spanish_faqs?post=21179"}],"curies":[{"name":"wp","href":"https:\/\/api.w.org\/{rel}","templated":true}]}}