{"id":21180,"date":"2021-09-14T10:30:36","date_gmt":"2021-09-14T14:30:36","guid":{"rendered":"https:\/\/thehometownlawyers.com\/?page_id=21180"},"modified":"2025-03-17T11:43:58","modified_gmt":"2025-03-17T15:43:58","slug":"abogado-de-lesiones-de-la-medula-espinal","status":"publish","type":"page","link":"https:\/\/thehometownlawyers.com\/es\/hamilton\/abogado-de-lesion-de-la-medula-espinal\/","title":{"rendered":"Abogado de Lesi\u00f3n de la M\u00e9dula Espinal en Hamilton"},"content":{"rendered":"<p>Uno de los tipos m\u00e1s comunes de <a href=\"https:\/\/thehometownlawyers.com\/es\/\">lesiones personales<\/a> que experimentan las personas en un accidente automovil\u00edstico es la lesi\u00f3n de la m\u00e9dula espinal. Desafortunadamente, en algunas situaciones, las lesiones de la m\u00e9dula espinal pueden provocar condiciones a largo plazo que afectan sustancialmente la calidad de vida de una persona, as\u00ed como su capacidad para trabajar. En muchos casos, cuanto m\u00e1s r\u00e1pido responda una persona a una lesi\u00f3n de la m\u00e9dula espinal buscando tratamiento m\u00e9dico, m\u00e1s probable es que su abogado especializado en lesiones de la m\u00e9dula espinal pueda presentar pruebas s\u00f3lidas ante un tribunal de justicia. Para apreciar completamente los peligros de las lesiones de la m\u00e9dula espinal, este art\u00edculo revisa algunos de los detalles importantes para comprender el riesgo de las lesiones de la m\u00e9dula espinal.<\/p>\n<h2>\u00bfQu\u00e9 es la m\u00e9dula espinal?<\/h2>\n<p>La m\u00e9dula espinal y el cerebro forman el sistema nervioso central del cuerpo. En el sentido m\u00e1s b\u00e1sico, la m\u00e9dula espinal es un haz de nervios que va desde el cerebro hasta el resto del cuerpo. Estos nervios ayudan al cerebro a comunicarse con el resto del cuerpo. La m\u00e9dula espinal est\u00e1 protegida por un anillo de hueso conocido como vertebrado.<\/p>\n<p>La m\u00e9dula espinal se extiende desde la base del cerebro hacia abajo por la espalda hasta alrededor del nivel de la cintura. La comunidad m\u00e9dica se refiere a las diferentes secciones de la columna vertebral de la siguiente manera:<\/p>\n<ul>\n<li>cervical (cuello)<\/li>\n<li>Tor\u00e1cico (pecho)<\/li>\n<li>Lumbar (abdominal)<\/li>\n<li>Sacro (p\u00e9lvico)<\/li>\n<li>cox\u00edgeo (coxis)<\/li>\n<\/ul>\n<p class=\"rs-content-cta rs-content-cta-small\">Para una consulta legal gratuita, llame al <a href=\"tel:+15138943333\">513-894-3333 <\/a><\/p><h2>Tipos comunes de lesiones de la m\u00e9dula espinal<\/h2>\n<p>Las lesiones de la columna vertebral son uno de los tipos de lesiones m\u00e1s graves. Algunas de las formas m\u00e1s comunes en que se sabe que ocurren estas lesiones incluyen las siguientes:<\/p>\n<ul>\n<li><strong><a href=\"https:\/\/thehometownlawyers.com\/es\/\">Mala praxis m\u00e9dica<\/a> .<\/strong> Las lesiones causadas por negligencia m\u00e9dica, particularmente aquellas relacionadas con el parto, tienen el potencial de causar lesiones en la columna tanto en los beb\u00e9s como en las madres.<\/li>\n<li><strong>Accidentes de veh\u00edculos de motor .<\/strong> Los accidentes automovil\u00edsticos causan un gran n\u00famero de lesiones en la m\u00e9dula espinal.<\/li>\n<li><strong>Accidentes por resbalones y ca\u00eddas .<\/strong> Los accidentes que ocurren cuando una persona no puede maniobrar alrededor de una casa o alcanzar ciertos art\u00edculos pueden provocar lesiones graves. Estos accidentes a veces tambi\u00e9n son causados por obstrucciones en las escaleras o en el camino de una persona.<\/li>\n<\/ul>\n<p class=\"rs-content-cta\">Abogado de Lesiones Personales de hamilton Cerca de M\u00ed <a href=\"tel:+15138943333\">513-894-3333<\/a><\/p><h2>Lesiones completas e incompletas de la m\u00e9dula espinal<\/h2>\n<p>Las lesiones de la m\u00e9dula espinal se dividen com\u00fanmente en dos tipos principales:<\/p>\n<ul>\n<li><strong>Lesiones medulares incompletas. <\/strong>Estas lesiones pueden ser causadas por hematomas en la m\u00e9dula espinal, corte parcial de la m\u00e9dula espinal, estiramiento, tener algo presionado contra la m\u00e9dula espinal o fragmentos \u00f3seos que afecten el \u00e1rea. Esta categor\u00eda de lesiones se denomina incompleta porque no es tan sustancial como una lesi\u00f3n completa de la m\u00e9dula espinal.<\/li>\n<li><strong>Lesiones completas de la m\u00e9dula espinal.<\/strong> Una <u><a href=\"https:\/\/share.upmc.com\/2017\/04\/complete-spinal-cord-injury\/\" target=\"_blank\" rel=\"noopener\">lesi\u00f3n completa de la m\u00e9dula espinal<\/a><\/u> conduce a un da\u00f1o permanente de la m\u00e9dula espinal. Estas lesiones se denominan completas porque implican el deterioro de todo el conjunto de habilidades motoras y sensoriales de una persona por debajo del \u00e1rea afectada.<\/li>\n<\/ul>\n<p>Otros t\u00e9rminos utilizados para describir la gravedad de las lesiones de la m\u00e9dula espinal incluyen:<\/p>\n<ul>\n<li><strong>Tetraplej\u00eda.<\/strong> Tambi\u00e9n conocida como cuadriplejia, esto significa que sus brazos, manos, tronco, piernas y \u00f3rganos p\u00e9lvicos se ven afectados por la lesi\u00f3n de la m\u00e9dula espinal.<\/li>\n<li><strong>Paraplej\u00eda.<\/strong> Esta par\u00e1lisis afecta todo o parte del tronco, las piernas y los \u00f3rganos p\u00e9lvicos.<\/li>\n<\/ul>\n<p>Adem\u00e1s, los <u><a href=\"https:\/\/pmc.ncbi.nlm.nih.gov\/articles\/PMC3232636\/\" target=\"_blank\" rel=\"noopener\">Est\u00e1ndares internacionales para la clasificaci\u00f3n neurol\u00f3gica de<\/a><\/u> las lesiones de la m\u00e9dula espinal clasifican las lesiones de la m\u00e9dula espinal en una escala que va de la A a la E, y cada nivel depende de la gravedad de la afecci\u00f3n de una persona. Mientras que el grado A sugiere que una persona sufre una falta total de funciones sensoriales y motoras, el grado E sugiere que una persona no experimenta una p\u00e9rdida de funciones motoras o sensoriales.<\/p>\n<p>Adem\u00e1s, la Universidad Johns Hopkins informa que las \u00e1reas m\u00e1s comunes de la columna vertebral que se lesionan incluyen las regiones cervical y tor\u00e1cica, que son los niveles superior y segundo m\u00e1s alto de la m\u00e9dula espinal de una persona.<\/p>\n<p class=\"rs-content-cta rs-content-cta-small\"><a href=\"\/es\/contacto\/\">Haga clic para contactar<\/a> con nuestros lesiones personales abogados hoy<\/p><h2>Hable con un abogado experimentado en lesiones de la m\u00e9dula espinal<\/h2>\n<p>Cuando ocurre un accidente debido a la culpa de otra persona que conduce a una lesi\u00f3n sustancial de la m\u00e9dula espinal, es fundamental contactar a un abogado con experiencia en la m\u00e9dula espinal para que lo ayude a luchar por la compensaci\u00f3n que merece. P\u00f3ngase en contacto con <u><a href=\"https:\/\/thehometownlawyers.com\/es\/contacto\/\">Kruger &amp; Hodges<\/a><\/u> hoy para programar una consulta inicial.<\/p>\n<p class=\"rs-content-cta rs-content-cta-small\">Llame o env\u00ede un mensaje de texto al <a href=\"tel:+15138943333\">513-894-3333<\/a> o complete una <a href=\"\/es\/contacto\/\">evaluaci\u00f3n gratuita de su caso<\/a><\/p>","protected":false},"excerpt":{"rendered":"<p>Uno de los tipos m\u00e1s comunes de lesiones personales que experimentan las personas en un accidente automovil\u00edstico es la lesi\u00f3n de la m\u00e9dula espinal. Desafortunadamente, en algunas situaciones, las lesiones de la m\u00e9dula espinal pueden provocar condiciones a largo plazo que afectan sustancialmente la calidad de vida de una persona, as\u00ed como su capacidad para &#8230;<\/p>\n","protected":false},"author":7,"featured_media":20865,"parent":20908,"menu_order":0,"comment_status":"closed","ping_status":"closed","template":"","meta":{"_acf_changed":false,"inline_featured_image":false,"_genesis_hide_title":false,"_genesis_hide_breadcrumbs":false,"_genesis_hide_singular_image":false,"_genesis_hide_footer_widgets":false,"_genesis_custom_body_class":"","_genesis_custom_post_class":"","_genesis_layout":"","footnotes":""},"hc_faqs":[],"hc_spanish_faqs":[],"class_list":{"0":"post-21180","1":"page","2":"type-page","3":"status-publish","4":"has-post-thumbnail","6":"hc_city_location-hamilton-es-2","7":"entry"},"acf":[],"yoast_head":"<!-- This site is optimized with the Yoast SEO plugin v27.4 - https:\/\/yoast.com\/product\/yoast-seo-wordpress\/ -->\n<title>Abogado de Lesi\u00f3n de la M\u00e9dula Espinal en Hamilton | Consulta Gratuita<\/title>\n<meta name=\"description\" content=\"Si ocurre un accidente que provoca una lesi\u00f3n de la m\u00e9dula espinal, es fundamental comunicarse con nuestro abogado especializado en m\u00e9dula espinal para ayudarlo a proteger sus derechos.\" \/>\n<meta name=\"robots\" content=\"index, follow, max-snippet:-1, max-image-preview:large, max-video-preview:-1\" \/>\n<link rel=\"canonical\" href=\"https:\/\/thehometownlawyers.com\/es\/hamilton\/abogado-de-lesion-de-la-medula-espinal\/\" \/>\n<meta property=\"og:locale\" content=\"es_MX\" \/>\n<meta property=\"og:type\" content=\"article\" \/>\n<meta property=\"og:title\" content=\"Abogado de Lesi\u00f3n de la M\u00e9dula Espinal en Hamilton | Consulta Gratuita\" \/>\n<meta property=\"og:description\" content=\"Si ocurre un accidente que provoca una lesi\u00f3n de la m\u00e9dula espinal, es fundamental comunicarse con nuestro abogado especializado en m\u00e9dula espinal para ayudarlo a proteger sus derechos.\" \/>\n<meta property=\"og:url\" content=\"https:\/\/thehometownlawyers.com\/es\/hamilton\/abogado-de-lesion-de-la-medula-espinal\/\" \/>\n<meta property=\"og:site_name\" content=\"Kruger &amp; Hodges Abogados De Lesiones\" \/>\n<meta property=\"article:publisher\" content=\"https:\/\/www.facebook.com\/KrugerHodges\/\" \/>\n<meta property=\"article:modified_time\" content=\"2025-03-17T15:43:58+00:00\" \/>\n<meta property=\"og:image\" content=\"https:\/\/thehometownlawyers.com\/wp-content\/uploads\/2021\/09\/doctor-xray-spine.jpg\" \/>\n\t<meta property=\"og:image:width\" content=\"1920\" \/>\n\t<meta property=\"og:image:height\" content=\"1080\" \/>\n\t<meta property=\"og:image:type\" content=\"image\/jpeg\" \/>\n<meta name=\"twitter:card\" content=\"summary_large_image\" \/>\n<meta name=\"twitter:label1\" content=\"Tiempo de lectura\" \/>\n\t<meta name=\"twitter:data1\" content=\"4 minutos\" \/>\n<script type=\"application\/ld+json\" class=\"yoast-schema-graph\">{\"@context\":\"https:\\\/\\\/schema.org\",\"@graph\":[{\"@type\":\"WebPage\",\"@id\":\"https:\\\/\\\/thehometownlawyers.com\\\/es\\\/hamilton\\\/abogado-de-lesion-de-la-medula-espinal\\\/\",\"url\":\"https:\\\/\\\/thehometownlawyers.com\\\/es\\\/hamilton\\\/abogado-de-lesion-de-la-medula-espinal\\\/\",\"name\":\"Abogado de Lesi\u00f3n de la M\u00e9dula Espinal en Hamilton | Consulta Gratuita\",\"isPartOf\":{\"@id\":\"https:\\\/\\\/thehometownlawyers.com\\\/es\\\/#website\"},\"primaryImageOfPage\":{\"@id\":\"https:\\\/\\\/thehometownlawyers.com\\\/es\\\/hamilton\\\/abogado-de-lesion-de-la-medula-espinal\\\/#primaryimage\"},\"image\":{\"@id\":\"https:\\\/\\\/thehometownlawyers.com\\\/es\\\/hamilton\\\/abogado-de-lesion-de-la-medula-espinal\\\/#primaryimage\"},\"thumbnailUrl\":\"https:\\\/\\\/thehometownlawyers.com\\\/wp-content\\\/uploads\\\/2021\\\/09\\\/doctor-xray-spine.jpg\",\"datePublished\":\"2021-09-14T14:30:36+00:00\",\"dateModified\":\"2025-03-17T15:43:58+00:00\",\"description\":\"Si ocurre un accidente que provoca una lesi\u00f3n de la m\u00e9dula espinal, es fundamental comunicarse con nuestro abogado especializado en m\u00e9dula espinal para ayudarlo a proteger sus derechos.\",\"breadcrumb\":{\"@id\":\"https:\\\/\\\/thehometownlawyers.com\\\/es\\\/hamilton\\\/abogado-de-lesion-de-la-medula-espinal\\\/#breadcrumb\"},\"inLanguage\":\"es\",\"potentialAction\":[{\"@type\":\"ReadAction\",\"target\":[\"https:\\\/\\\/thehometownlawyers.com\\\/es\\\/hamilton\\\/abogado-de-lesion-de-la-medula-espinal\\\/\"]}]},{\"@type\":\"ImageObject\",\"inLanguage\":\"es\",\"@id\":\"https:\\\/\\\/thehometownlawyers.com\\\/es\\\/hamilton\\\/abogado-de-lesion-de-la-medula-espinal\\\/#primaryimage\",\"url\":\"https:\\\/\\\/thehometownlawyers.com\\\/wp-content\\\/uploads\\\/2021\\\/09\\\/doctor-xray-spine.jpg\",\"contentUrl\":\"https:\\\/\\\/thehometownlawyers.com\\\/wp-content\\\/uploads\\\/2021\\\/09\\\/doctor-xray-spine.jpg\",\"width\":1920,\"height\":1080,\"caption\":\"primer plano de una radiograf\u00eda\"},{\"@type\":\"BreadcrumbList\",\"@id\":\"https:\\\/\\\/thehometownlawyers.com\\\/es\\\/hamilton\\\/abogado-de-lesion-de-la-medula-espinal\\\/#breadcrumb\",\"itemListElement\":[{\"@type\":\"ListItem\",\"position\":1,\"name\":\"Home\",\"item\":\"https:\\\/\\\/thehometownlawyers.com\\\/es\\\/\"},{\"@type\":\"ListItem\",\"position\":2,\"name\":\"Abogados de Lesiones Personales en Hamilton\",\"item\":\"https:\\\/\\\/thehometownlawyers.com\\\/es\\\/\"},{\"@type\":\"ListItem\",\"position\":3,\"name\":\"Abogado de Lesi\u00f3n de la M\u00e9dula Espinal en Hamilton\"}]},{\"@type\":\"WebSite\",\"@id\":\"https:\\\/\\\/thehometownlawyers.com\\\/es\\\/#website\",\"url\":\"https:\\\/\\\/thehometownlawyers.com\\\/es\\\/\",\"name\":\"Kruger & Hodges Hometown Injury Lawyers | Accident Attorneys\",\"description\":\"Attorneys for Car, Truck and Motorcycle Accidents, Personal Injuries, and Criminal Defense.\",\"publisher\":{\"@id\":\"https:\\\/\\\/thehometownlawyers.com\\\/es\\\/#organization\"},\"alternateName\":\"Kruger & Hodges Personal Injury Lawyers\",\"inLanguage\":\"es\"},{\"@type\":\"Organization\",\"@id\":\"https:\\\/\\\/thehometownlawyers.com\\\/es\\\/#organization\",\"name\":\"Kruger & Hodges Hometown Injury Lawyers\",\"alternateName\":\"Kruger & Hodges\",\"url\":\"https:\\\/\\\/thehometownlawyers.com\\\/es\\\/\",\"logo\":{\"@type\":\"ImageObject\",\"inLanguage\":\"es\",\"@id\":\"https:\\\/\\\/thehometownlawyers.com\\\/es\\\/#\\\/schema\\\/logo\\\/image\\\/\",\"url\":\"https:\\\/\\\/thehometownlawyers.com\\\/wp-content\\\/uploads\\\/2025\\\/12\\\/revised-kh-logo-vertical-white-background-scaled.png\",\"contentUrl\":\"https:\\\/\\\/thehometownlawyers.com\\\/wp-content\\\/uploads\\\/2025\\\/12\\\/revised-kh-logo-vertical-white-background-scaled.png\",\"width\":2560,\"height\":1440,\"caption\":\"Kruger & Hodges Hometown Injury Lawyers\"},\"image\":{\"@id\":\"https:\\\/\\\/thehometownlawyers.com\\\/es\\\/#\\\/schema\\\/logo\\\/image\\\/\"},\"sameAs\":[\"https:\\\/\\\/www.facebook.com\\\/KrugerHodges\\\/\",\"https:\\\/\\\/www.instagram.com\\\/krugerhodges\\\/\",\"https:\\\/\\\/www.linkedin.com\\\/company\\\/kruger-hodges-hometown-injury-lawyers\\\/\",\"https:\\\/\\\/www.youtube.com\\\/channel\\\/UCeYcMaMaN2rb9jMlqt4EIdQ\",\"https:\\\/\\\/www.tiktok.com\\\/@thehometownlawyer\"]}]}<\/script>\n<!-- \/ Yoast SEO plugin. -->","yoast_head_json":{"title":"Abogado de Lesi\u00f3n de la M\u00e9dula Espinal en Hamilton | Consulta Gratuita","description":"Si ocurre un accidente que provoca una lesi\u00f3n de la m\u00e9dula espinal, es fundamental comunicarse con nuestro abogado especializado en m\u00e9dula espinal para ayudarlo a proteger sus derechos.","robots":{"index":"index","follow":"follow","max-snippet":"max-snippet:-1","max-image-preview":"max-image-preview:large","max-video-preview":"max-video-preview:-1"},"canonical":"https:\/\/thehometownlawyers.com\/es\/hamilton\/abogado-de-lesion-de-la-medula-espinal\/","og_locale":"es_MX","og_type":"article","og_title":"Abogado de Lesi\u00f3n de la M\u00e9dula Espinal en Hamilton | Consulta Gratuita","og_description":"Si ocurre un accidente que provoca una lesi\u00f3n de la m\u00e9dula espinal, es fundamental comunicarse con nuestro abogado especializado en m\u00e9dula espinal para ayudarlo a proteger sus derechos.","og_url":"https:\/\/thehometownlawyers.com\/es\/hamilton\/abogado-de-lesion-de-la-medula-espinal\/","og_site_name":"Kruger &amp; Hodges Abogados De Lesiones","article_publisher":"https:\/\/www.facebook.com\/KrugerHodges\/","article_modified_time":"2025-03-17T15:43:58+00:00","og_image":[{"width":1920,"height":1080,"url":"https:\/\/thehometownlawyers.com\/wp-content\/uploads\/2021\/09\/doctor-xray-spine.jpg","type":"image\/jpeg"}],"twitter_card":"summary_large_image","twitter_misc":{"Tiempo de lectura":"4 minutos"},"schema":{"@context":"https:\/\/schema.org","@graph":[{"@type":"WebPage","@id":"https:\/\/thehometownlawyers.com\/es\/hamilton\/abogado-de-lesion-de-la-medula-espinal\/","url":"https:\/\/thehometownlawyers.com\/es\/hamilton\/abogado-de-lesion-de-la-medula-espinal\/","name":"Abogado de Lesi\u00f3n de la M\u00e9dula Espinal en Hamilton | Consulta Gratuita","isPartOf":{"@id":"https:\/\/thehometownlawyers.com\/es\/#website"},"primaryImageOfPage":{"@id":"https:\/\/thehometownlawyers.com\/es\/hamilton\/abogado-de-lesion-de-la-medula-espinal\/#primaryimage"},"image":{"@id":"https:\/\/thehometownlawyers.com\/es\/hamilton\/abogado-de-lesion-de-la-medula-espinal\/#primaryimage"},"thumbnailUrl":"https:\/\/thehometownlawyers.com\/wp-content\/uploads\/2021\/09\/doctor-xray-spine.jpg","datePublished":"2021-09-14T14:30:36+00:00","dateModified":"2025-03-17T15:43:58+00:00","description":"Si ocurre un accidente que provoca una lesi\u00f3n de la m\u00e9dula espinal, es fundamental comunicarse con nuestro abogado especializado en m\u00e9dula espinal para ayudarlo a proteger sus derechos.","breadcrumb":{"@id":"https:\/\/thehometownlawyers.com\/es\/hamilton\/abogado-de-lesion-de-la-medula-espinal\/#breadcrumb"},"inLanguage":"es","potentialAction":[{"@type":"ReadAction","target":["https:\/\/thehometownlawyers.com\/es\/hamilton\/abogado-de-lesion-de-la-medula-espinal\/"]}]},{"@type":"ImageObject","inLanguage":"es","@id":"https:\/\/thehometownlawyers.com\/es\/hamilton\/abogado-de-lesion-de-la-medula-espinal\/#primaryimage","url":"https:\/\/thehometownlawyers.com\/wp-content\/uploads\/2021\/09\/doctor-xray-spine.jpg","contentUrl":"https:\/\/thehometownlawyers.com\/wp-content\/uploads\/2021\/09\/doctor-xray-spine.jpg","width":1920,"height":1080,"caption":"primer plano de una radiograf\u00eda"},{"@type":"BreadcrumbList","@id":"https:\/\/thehometownlawyers.com\/es\/hamilton\/abogado-de-lesion-de-la-medula-espinal\/#breadcrumb","itemListElement":[{"@type":"ListItem","position":1,"name":"Home","item":"https:\/\/thehometownlawyers.com\/es\/"},{"@type":"ListItem","position":2,"name":"Abogados de Lesiones Personales en Hamilton","item":"https:\/\/thehometownlawyers.com\/es\/"},{"@type":"ListItem","position":3,"name":"Abogado de Lesi\u00f3n de la M\u00e9dula Espinal en Hamilton"}]},{"@type":"WebSite","@id":"https:\/\/thehometownlawyers.com\/es\/#website","url":"https:\/\/thehometownlawyers.com\/es\/","name":"Kruger & Hodges Hometown Injury Lawyers | Accident Attorneys","description":"Attorneys for Car, Truck and Motorcycle Accidents, Personal Injuries, and Criminal Defense.","publisher":{"@id":"https:\/\/thehometownlawyers.com\/es\/#organization"},"alternateName":"Kruger & Hodges Personal Injury Lawyers","inLanguage":"es"},{"@type":"Organization","@id":"https:\/\/thehometownlawyers.com\/es\/#organization","name":"Kruger & Hodges Hometown Injury Lawyers","alternateName":"Kruger & Hodges","url":"https:\/\/thehometownlawyers.com\/es\/","logo":{"@type":"ImageObject","inLanguage":"es","@id":"https:\/\/thehometownlawyers.com\/es\/#\/schema\/logo\/image\/","url":"https:\/\/thehometownlawyers.com\/wp-content\/uploads\/2025\/12\/revised-kh-logo-vertical-white-background-scaled.png","contentUrl":"https:\/\/thehometownlawyers.com\/wp-content\/uploads\/2025\/12\/revised-kh-logo-vertical-white-background-scaled.png","width":2560,"height":1440,"caption":"Kruger & Hodges Hometown Injury Lawyers"},"image":{"@id":"https:\/\/thehometownlawyers.com\/es\/#\/schema\/logo\/image\/"},"sameAs":["https:\/\/www.facebook.com\/KrugerHodges\/","https:\/\/www.instagram.com\/krugerhodges\/","https:\/\/www.linkedin.com\/company\/kruger-hodges-hometown-injury-lawyers\/","https:\/\/www.youtube.com\/channel\/UCeYcMaMaN2rb9jMlqt4EIdQ","https:\/\/www.tiktok.com\/@thehometownlawyer"]}]}},"_links":{"self":[{"href":"https:\/\/thehometownlawyers.com\/es\/wp-json\/wp\/v2\/pages\/21180","targetHints":{"allow":["GET"]}}],"collection":[{"href":"https:\/\/thehometownlawyers.com\/es\/wp-json\/wp\/v2\/pages"}],"about":[{"href":"https:\/\/thehometownlawyers.com\/es\/wp-json\/wp\/v2\/types\/page"}],"author":[{"embeddable":true,"href":"https:\/\/thehometownlawyers.com\/es\/wp-json\/wp\/v2\/users\/7"}],"replies":[{"embeddable":true,"href":"https:\/\/thehometownlawyers.com\/es\/wp-json\/wp\/v2\/comments?post=21180"}],"version-history":[{"count":0,"href":"https:\/\/thehometownlawyers.com\/es\/wp-json\/wp\/v2\/pages\/21180\/revisions"}],"up":[{"embeddable":true,"href":"https:\/\/thehometownlawyers.com\/es\/wp-json\/wp\/v2\/pages\/20908"}],"wp:featuredmedia":[{"embeddable":true,"href":"https:\/\/thehometownlawyers.com\/es\/wp-json\/wp\/v2\/media\/20865"}],"wp:attachment":[{"href":"https:\/\/thehometownlawyers.com\/es\/wp-json\/wp\/v2\/media?parent=21180"}],"wp:term":[{"taxonomy":"hc_faqs","embeddable":true,"href":"https:\/\/thehometownlawyers.com\/es\/wp-json\/wp\/v2\/hc_faqs?post=21180"},{"taxonomy":"hc_spanish_faqs","embeddable":true,"href":"https:\/\/thehometownlawyers.com\/es\/wp-json\/wp\/v2\/hc_spanish_faqs?post=21180"}],"curies":[{"name":"wp","href":"https:\/\/api.w.org\/{rel}","templated":true}]}}