{"id":21181,"date":"2021-07-25T00:20:23","date_gmt":"2021-07-25T04:20:23","guid":{"rendered":"https:\/\/thehometownlawyers.com\/?page_id=21181"},"modified":"2025-01-31T11:29:53","modified_gmt":"2025-01-31T16:29:53","slug":"abogado-de-mordedura-de-perro-condado-de-darke-ohio","status":"publish","type":"page","link":"https:\/\/thehometownlawyers.com\/es\/abogado-de-lesiones-del-condado-de-darke-ohio\/abogado-de-mordedura-de-perro-condado-de-darke-ohio\/","title":{"rendered":"Abogado de Mordeduras de Perros en Darke County"},"content":{"rendered":"<h2>Abogado de mordedura de perro en el condado de Darke, Ohio<\/h2>\n<p>Las mordeduras de perro son mucho m\u00e1s comunes de lo que pensamos. Hay muchas razones <a href=\"https:\/\/www.avma.org\/resources\/pet-owners\/why-do-dogs-bite\" target=\"_blank\" rel=\"noopener\">por las que los perros pueden morder<\/a> : tal vez un ni\u00f1o peque\u00f1o est\u00e1 jugando demasiado brusco o tal vez el perro se siente amenazado por un extra\u00f1o. A veces los perros muerden sin raz\u00f3n aparente. No importa la causa, las mordeduras de perros pueden provocar lesiones graves a las v\u00edctimas. Si ha sido mordido por un perro, tiene derecho a reclamar da\u00f1os y perjuicios a trav\u00e9s de una demanda por lesiones personales. El due\u00f1o del perro es responsable de hacerte sentir completo nuevamente. P\u00f3ngase en contacto con nuestros abogados especializados en mordeduras de perros del condado de Darke hoy mismo para obtener ayuda con su caso de mordeduras de perros.<\/p>\n<p class=\"rs-content-cta rs-content-cta-small\">Para una consulta legal gratuita, llame al <a href=\"tel:+15138943333\">513-894-3333 <\/a><\/p><h2>\u00bfQu\u00e9 perros se consideran m\u00e1s agresivos?<\/h2>\n<p>Los perros se consideran agresivos y\/o peligrosos cuando muestran tendencias violentas o amenazantes sin provocaci\u00f3n. Si un perro es agresivo, debe mantenerse confinado en su propiedad o con una correa cuando est\u00e9 fuera de su propiedad. Cuando los perros presentan agresi\u00f3n, no se les debe permitir estar afuera sin la supervisi\u00f3n de su due\u00f1o.<\/p>\n<p>A pesar de la opini\u00f3n popular, los perros no son naturalmente agresivos, independientemente de su raza y edad. Los factores que hacen que un perro se comporte de manera agresiva generalmente se relacionan con el entrenamiento o el abuso pasado. Sin embargo, <a href=\"https:\/\/www.forbes.com\/sites\/niallmccarthy\/2018\/09\/13\/americas-most-dangerous-dog-breeds-infographic\/?sh=1245c5b362f8\" target=\"_blank\" rel=\"noopener\">algunas razas<\/a> son m\u00e1s propensas a atacar, estad\u00edsticamente hablando, y esas son los pitbull terriers americanos, los rottweilers y los pastores alemanes.<\/p>\n<h2>\u00bfQui\u00e9n es responsable de un ataque de mordedura de perro?<\/h2>\n<p>En la mayor\u00eda de los casos, el due\u00f1o del perro es el responsable legal de las mordeduras de perro. Sin embargo, hay una serie de excepciones que pueden aplicarse a los casos de mordeduras de perros, como las siguientes:<\/p>\n<ul>\n<li>El due\u00f1o del perro es menor de edad, en cuyo caso los responsables ser\u00edan los tutores legales del menor.<\/li>\n<li>La v\u00edctima estaba molestando o maltratando al animal en la propiedad del due\u00f1o del perro.<\/li>\n<li>La v\u00edctima intentaba invadir la propiedad privada donde se encontraba el perro.<\/li>\n<li>La v\u00edctima estaba cometiendo un delito de mediana o mayor gravedad, como robo o asalto.<\/li>\n<\/ul>\n<p class=\"rs-content-cta rs-content-cta-small\"><a href=\"\/es\/contacto\/\">Haga clic para contactar<\/a> con nuestros lesiones personales abogados hoy<\/p><h2>Lesiones comunes causadas por mordeduras de perros<\/h2>\n<p>Las mordeduras de perro pueden provocar una variedad de lesiones, tanto internas como externas. La gravedad de la lesi\u00f3n depender\u00e1 de la raza y el tama\u00f1o del perro. Los tipos m\u00e1s comunes de lesiones que pueden ocurrir son:<\/p>\n<ul>\n<li>Ara\u00f1azos<\/li>\n<li>cortes<\/li>\n<li>Contagio de <a href=\"https:\/\/www.mayoclinic.org\/diseases-conditions\/rabies\/symptoms-causes\/syc-20351821\" target=\"_blank\" rel=\"noopener\">rabia<\/a><\/li>\n<li>Da\u00f1o a los nervios, tendones o m\u00fasculos<\/li>\n<li>Infecciones bacterianas<\/li>\n<li>Huesos rotos<\/li>\n<\/ul>\n<p class=\"rs-content-cta rs-content-cta-small\">Complete una <a href=\"\/es\/contacto\/\">evaluaci\u00f3n gratuita de su caso<\/a> ahora<\/p><h2>\u00bfQu\u00e9 debo hacer si me muerde un perro?<\/h2>\n<p>Los siguientes son algunos pasos generales a seguir si ha sido mordido por un perro. Como siempre, su salud y seguridad son la m\u00e1xima prioridad:<\/p>\n<ul>\n<li>Lo primero que debe hacer es alejarse del perro. Es importante encontrar un lugar seguro para evaluar visualmente sus lesiones.<\/li>\n<li>Buscar <a href=\"https:\/\/health.clevelandclinic.org\/if-a-dog-bites-you-do-these-7-things-now\/\" target=\"_blank\" rel=\"noopener\">atenci\u00f3n m\u00e9dica<\/a> es fundamental en estos casos, ya que las mordeduras de perros pueden ser m\u00e1s peligrosas de lo que parece a simple vista. Es importante ponerse en contacto con el propietario del animal para comprobar su estado de salud y asegurarse de que est\u00e1 al d\u00eda con sus vacunas.<\/li>\n<li>Para crear un caso legal, documente los detalles del ataque y sus consecuencias tanto como sea posible, a trav\u00e9s de fotograf\u00edas, videos y facturas m\u00e9dicas.<\/li>\n<li>Siempre es bueno ponerse en contacto con las autoridades para que puedan manejar la situaci\u00f3n de manera profesional. Describa la escena del ataque con la mayor precisi\u00f3n posible. En algunos casos, puede ser necesario contactar con el control de animales o con veterinarios especializados en mordeduras de perros.<\/li>\n<\/ul>\n<p>Es importante reportar los accidentes por mordedura de perro, sobre todo por el alto riesgo de contagio de la rabia. Si el perro tiene sus vacunas en regla, facilitar\u00e1 mucho la atenci\u00f3n m\u00e9dica que debe recibir la v\u00edctima.<\/p>\n<h2>Leyes sobre mordeduras de perros en Ohio<\/h2>\n<p>En Ohio, las leyes sobre mordeduras de perros son simples y directas. La persona responsable del perro en el momento del accidente ser\u00e1 tambi\u00e9n la persona responsable de las acciones del perro. Es decir, ser\u00e1n responsables de todos los da\u00f1os que el animal pueda causar as\u00ed como de todas las repercusiones de esas acciones. Sin embargo, dado que hay excepciones en escenarios relativamente espec\u00edficos, siempre es mejor buscar el consejo de un abogado que se especialice en ataques de perros.<\/p>\n<p>Para presentar una queja o reclamo, la ley ofrece varias oportunidades para que la persona agredida denuncie formalmente el incidente. Para presentar una demanda, la v\u00edctima debe poder probar que el perro caus\u00f3 una lesi\u00f3n sin provocaci\u00f3n previa por parte de la v\u00edctima; y que la v\u00edctima no estaba cometiendo ning\u00fan delito o violaci\u00f3n de la ley cuando ocurri\u00f3 la mordedura.<\/p>\n<h2>\u00bfLo mordi\u00f3 un perro en el condado de Darke, Ohio?<\/h2>\n<p>Si se encuentra en medio de una situaci\u00f3n relacionada con un accidente por mordedura de perro, no dude en comunicarse con un abogado con experiencia en el manejo de tales casos. Aqu\u00ed en Kruger &amp; Hodges entendemos lo aterrador y traumatizante que puede ser una mordedura de perro, y podemos ayudarlo a informarse sobre sus derechos despu\u00e9s de un ataque de mordedura de perro. Para obtener m\u00e1s informaci\u00f3n, comun\u00edquese <a href=\"https:\/\/thehometownlawyers.com\/es\/contacto\/\">con nosotros hoy<\/a> para programar una evaluaci\u00f3n de caso gratuita y sin riesgos con nuestro equipo de abogados especializados en mordeduras de perros.<\/p>\n<p class=\"rs-content-cta rs-content-cta-small\">Llame o env\u00ede un mensaje de texto al <a href=\"tel:+15138943333\">513-894-3333<\/a> o complete una <a href=\"\/es\/contacto\/\">evaluaci\u00f3n gratuita de su caso<\/a><\/p>","protected":false},"excerpt":{"rendered":"<p>Abogado de mordedura de perro en el condado de Darke, Ohio Las mordeduras de perro son mucho m\u00e1s comunes de lo que pensamos. Hay muchas razones por las que los perros pueden morder : tal vez un ni\u00f1o peque\u00f1o est\u00e1 jugando demasiado brusco o tal vez el perro se siente amenazado por un extra\u00f1o. A &#8230;<\/p>\n","protected":false},"author":7,"featured_media":20759,"parent":21189,"menu_order":0,"comment_status":"closed","ping_status":"closed","template":"","meta":{"_acf_changed":false,"inline_featured_image":false,"_genesis_hide_title":false,"_genesis_hide_breadcrumbs":false,"_genesis_hide_singular_image":false,"_genesis_hide_footer_widgets":false,"_genesis_custom_body_class":"","_genesis_custom_post_class":"","_genesis_layout":"","footnotes":""},"hc_faqs":[],"hc_spanish_faqs":[],"class_list":{"0":"post-21181","1":"page","2":"type-page","3":"status-publish","4":"has-post-thumbnail","6":"entry"},"acf":[],"yoast_head":"<!-- This site is optimized with the Yoast SEO plugin v27.5 - https:\/\/yoast.com\/product\/yoast-seo-wordpress\/ -->\n<title>Abogado de mordedura de perro Condado de Darke, Ohio: Consulta gratuita<\/title>\n<meta name=\"description\" content=\"Abogado de mordedura de perro en el condado de Darke, Ohio Las mordeduras de perro son mucho m\u00e1s comunes de lo que pensamos. Hay muchas razones por las\" \/>\n<meta name=\"robots\" content=\"index, follow, max-snippet:-1, max-image-preview:large, max-video-preview:-1\" \/>\n<link rel=\"canonical\" href=\"https:\/\/thehometownlawyers.com\/es\/abogado-de-lesiones-del-condado-de-darke-ohio\/abogado-de-mordedura-de-perro-condado-de-darke-ohio\/\" \/>\n<meta property=\"og:locale\" content=\"es_MX\" \/>\n<meta property=\"og:type\" content=\"article\" \/>\n<meta property=\"og:title\" content=\"Abogado de mordedura de perro Condado de Darke, Ohio: Consulta gratuita\" \/>\n<meta property=\"og:description\" content=\"Abogado de mordedura de perro en el condado de Darke, Ohio Las mordeduras de perro son mucho m\u00e1s comunes de lo que pensamos. Hay muchas razones por las\" \/>\n<meta property=\"og:url\" content=\"https:\/\/thehometownlawyers.com\/es\/abogado-de-lesiones-del-condado-de-darke-ohio\/abogado-de-mordedura-de-perro-condado-de-darke-ohio\/\" \/>\n<meta property=\"og:site_name\" content=\"Kruger &amp; Hodges Abogados De Lesiones\" \/>\n<meta property=\"article:publisher\" content=\"https:\/\/www.facebook.com\/KrugerHodges\/\" \/>\n<meta property=\"article:modified_time\" content=\"2025-01-31T16:29:53+00:00\" \/>\n<meta property=\"og:image\" content=\"https:\/\/thehometownlawyers.com\/wp-content\/uploads\/2020\/10\/Depositphotos_27970565_s-2019.jpg\" \/>\n\t<meta property=\"og:image:width\" content=\"1000\" \/>\n\t<meta property=\"og:image:height\" content=\"667\" \/>\n\t<meta property=\"og:image:type\" content=\"image\/jpeg\" \/>\n<meta name=\"twitter:card\" content=\"summary_large_image\" \/>\n<meta name=\"twitter:label1\" content=\"Tiempo de lectura\" \/>\n\t<meta name=\"twitter:data1\" content=\"5 minutos\" \/>\n<script type=\"application\/ld+json\" class=\"yoast-schema-graph\">{\"@context\":\"https:\\\/\\\/schema.org\",\"@graph\":[{\"@type\":\"WebPage\",\"@id\":\"https:\\\/\\\/thehometownlawyers.com\\\/es\\\/abogado-de-lesiones-del-condado-de-darke-ohio\\\/abogado-de-mordedura-de-perro-condado-de-darke-ohio\\\/\",\"url\":\"https:\\\/\\\/thehometownlawyers.com\\\/es\\\/abogado-de-lesiones-del-condado-de-darke-ohio\\\/abogado-de-mordedura-de-perro-condado-de-darke-ohio\\\/\",\"name\":\"Abogado de mordedura de perro Condado de Darke, Ohio: Consulta gratuita\",\"isPartOf\":{\"@id\":\"https:\\\/\\\/thehometownlawyers.com\\\/es\\\/#website\"},\"primaryImageOfPage\":{\"@id\":\"https:\\\/\\\/thehometownlawyers.com\\\/es\\\/abogado-de-lesiones-del-condado-de-darke-ohio\\\/abogado-de-mordedura-de-perro-condado-de-darke-ohio\\\/#primaryimage\"},\"image\":{\"@id\":\"https:\\\/\\\/thehometownlawyers.com\\\/es\\\/abogado-de-lesiones-del-condado-de-darke-ohio\\\/abogado-de-mordedura-de-perro-condado-de-darke-ohio\\\/#primaryimage\"},\"thumbnailUrl\":\"https:\\\/\\\/thehometownlawyers.com\\\/wp-content\\\/uploads\\\/2020\\\/10\\\/Depositphotos_27970565_s-2019.jpg\",\"datePublished\":\"2021-07-25T04:20:23+00:00\",\"dateModified\":\"2025-01-31T16:29:53+00:00\",\"description\":\"Abogado de mordedura de perro en el condado de Darke, Ohio Las mordeduras de perro son mucho m\u00e1s comunes de lo que pensamos. Hay muchas razones por las\",\"breadcrumb\":{\"@id\":\"https:\\\/\\\/thehometownlawyers.com\\\/es\\\/abogado-de-lesiones-del-condado-de-darke-ohio\\\/abogado-de-mordedura-de-perro-condado-de-darke-ohio\\\/#breadcrumb\"},\"inLanguage\":\"es\",\"potentialAction\":[{\"@type\":\"ReadAction\",\"target\":[\"https:\\\/\\\/thehometownlawyers.com\\\/es\\\/abogado-de-lesiones-del-condado-de-darke-ohio\\\/abogado-de-mordedura-de-perro-condado-de-darke-ohio\\\/\"]}]},{\"@type\":\"ImageObject\",\"inLanguage\":\"es\",\"@id\":\"https:\\\/\\\/thehometownlawyers.com\\\/es\\\/abogado-de-lesiones-del-condado-de-darke-ohio\\\/abogado-de-mordedura-de-perro-condado-de-darke-ohio\\\/#primaryimage\",\"url\":\"https:\\\/\\\/thehometownlawyers.com\\\/wp-content\\\/uploads\\\/2020\\\/10\\\/Depositphotos_27970565_s-2019.jpg\",\"contentUrl\":\"https:\\\/\\\/thehometownlawyers.com\\\/wp-content\\\/uploads\\\/2020\\\/10\\\/Depositphotos_27970565_s-2019.jpg\",\"width\":1000,\"height\":667,\"caption\":\"Mordida de perro -\"},{\"@type\":\"BreadcrumbList\",\"@id\":\"https:\\\/\\\/thehometownlawyers.com\\\/es\\\/abogado-de-lesiones-del-condado-de-darke-ohio\\\/abogado-de-mordedura-de-perro-condado-de-darke-ohio\\\/#breadcrumb\",\"itemListElement\":[{\"@type\":\"ListItem\",\"position\":1,\"name\":\"Home\",\"item\":\"https:\\\/\\\/thehometownlawyers.com\\\/es\\\/\"},{\"@type\":\"ListItem\",\"position\":2,\"name\":\"Abogado de Lesiones Personales en Darke County\",\"item\":\"https:\\\/\\\/thehometownlawyers.com\\\/es\\\/darke-county\\\/personal-injury-lawyer\\\/\"},{\"@type\":\"ListItem\",\"position\":3,\"name\":\"Abogado de Mordeduras de Perros en Darke County\"}]},{\"@type\":\"WebSite\",\"@id\":\"https:\\\/\\\/thehometownlawyers.com\\\/es\\\/#website\",\"url\":\"https:\\\/\\\/thehometownlawyers.com\\\/es\\\/\",\"name\":\"Kruger & Hodges Hometown Injury Lawyers | Accident Attorneys\",\"description\":\"Attorneys for Car, Truck and Motorcycle Accidents, Personal Injuries, and Criminal Defense.\",\"publisher\":{\"@id\":\"https:\\\/\\\/thehometownlawyers.com\\\/es\\\/#organization\"},\"alternateName\":\"Kruger & Hodges Personal Injury Lawyers\",\"inLanguage\":\"es\"},{\"@type\":\"Organization\",\"@id\":\"https:\\\/\\\/thehometownlawyers.com\\\/es\\\/#organization\",\"name\":\"Kruger & Hodges Hometown Injury Lawyers\",\"alternateName\":\"Kruger & Hodges\",\"url\":\"https:\\\/\\\/thehometownlawyers.com\\\/es\\\/\",\"logo\":{\"@type\":\"ImageObject\",\"inLanguage\":\"es\",\"@id\":\"https:\\\/\\\/thehometownlawyers.com\\\/es\\\/#\\\/schema\\\/logo\\\/image\\\/\",\"url\":\"https:\\\/\\\/thehometownlawyers.com\\\/wp-content\\\/uploads\\\/2025\\\/12\\\/revised-kh-logo-vertical-white-background-scaled.png\",\"contentUrl\":\"https:\\\/\\\/thehometownlawyers.com\\\/wp-content\\\/uploads\\\/2025\\\/12\\\/revised-kh-logo-vertical-white-background-scaled.png\",\"width\":2560,\"height\":1440,\"caption\":\"Kruger & Hodges Hometown Injury Lawyers\"},\"image\":{\"@id\":\"https:\\\/\\\/thehometownlawyers.com\\\/es\\\/#\\\/schema\\\/logo\\\/image\\\/\"},\"sameAs\":[\"https:\\\/\\\/www.facebook.com\\\/KrugerHodges\\\/\",\"https:\\\/\\\/www.instagram.com\\\/krugerhodges\\\/\",\"https:\\\/\\\/www.linkedin.com\\\/company\\\/kruger-hodges-hometown-injury-lawyers\\\/\",\"https:\\\/\\\/www.youtube.com\\\/channel\\\/UCeYcMaMaN2rb9jMlqt4EIdQ\",\"https:\\\/\\\/www.tiktok.com\\\/@thehometownlawyer\"]}]}<\/script>\n<!-- \/ Yoast SEO plugin. -->","yoast_head_json":{"title":"Abogado de mordedura de perro Condado de Darke, Ohio: Consulta gratuita","description":"Abogado de mordedura de perro en el condado de Darke, Ohio Las mordeduras de perro son mucho m\u00e1s comunes de lo que pensamos. Hay muchas razones por las","robots":{"index":"index","follow":"follow","max-snippet":"max-snippet:-1","max-image-preview":"max-image-preview:large","max-video-preview":"max-video-preview:-1"},"canonical":"https:\/\/thehometownlawyers.com\/es\/abogado-de-lesiones-del-condado-de-darke-ohio\/abogado-de-mordedura-de-perro-condado-de-darke-ohio\/","og_locale":"es_MX","og_type":"article","og_title":"Abogado de mordedura de perro Condado de Darke, Ohio: Consulta gratuita","og_description":"Abogado de mordedura de perro en el condado de Darke, Ohio Las mordeduras de perro son mucho m\u00e1s comunes de lo que pensamos. Hay muchas razones por las","og_url":"https:\/\/thehometownlawyers.com\/es\/abogado-de-lesiones-del-condado-de-darke-ohio\/abogado-de-mordedura-de-perro-condado-de-darke-ohio\/","og_site_name":"Kruger &amp; Hodges Abogados De Lesiones","article_publisher":"https:\/\/www.facebook.com\/KrugerHodges\/","article_modified_time":"2025-01-31T16:29:53+00:00","og_image":[{"width":1000,"height":667,"url":"https:\/\/thehometownlawyers.com\/wp-content\/uploads\/2020\/10\/Depositphotos_27970565_s-2019.jpg","type":"image\/jpeg"}],"twitter_card":"summary_large_image","twitter_misc":{"Tiempo de lectura":"5 minutos"},"schema":{"@context":"https:\/\/schema.org","@graph":[{"@type":"WebPage","@id":"https:\/\/thehometownlawyers.com\/es\/abogado-de-lesiones-del-condado-de-darke-ohio\/abogado-de-mordedura-de-perro-condado-de-darke-ohio\/","url":"https:\/\/thehometownlawyers.com\/es\/abogado-de-lesiones-del-condado-de-darke-ohio\/abogado-de-mordedura-de-perro-condado-de-darke-ohio\/","name":"Abogado de mordedura de perro Condado de Darke, Ohio: Consulta gratuita","isPartOf":{"@id":"https:\/\/thehometownlawyers.com\/es\/#website"},"primaryImageOfPage":{"@id":"https:\/\/thehometownlawyers.com\/es\/abogado-de-lesiones-del-condado-de-darke-ohio\/abogado-de-mordedura-de-perro-condado-de-darke-ohio\/#primaryimage"},"image":{"@id":"https:\/\/thehometownlawyers.com\/es\/abogado-de-lesiones-del-condado-de-darke-ohio\/abogado-de-mordedura-de-perro-condado-de-darke-ohio\/#primaryimage"},"thumbnailUrl":"https:\/\/thehometownlawyers.com\/wp-content\/uploads\/2020\/10\/Depositphotos_27970565_s-2019.jpg","datePublished":"2021-07-25T04:20:23+00:00","dateModified":"2025-01-31T16:29:53+00:00","description":"Abogado de mordedura de perro en el condado de Darke, Ohio Las mordeduras de perro son mucho m\u00e1s comunes de lo que pensamos. Hay muchas razones por las","breadcrumb":{"@id":"https:\/\/thehometownlawyers.com\/es\/abogado-de-lesiones-del-condado-de-darke-ohio\/abogado-de-mordedura-de-perro-condado-de-darke-ohio\/#breadcrumb"},"inLanguage":"es","potentialAction":[{"@type":"ReadAction","target":["https:\/\/thehometownlawyers.com\/es\/abogado-de-lesiones-del-condado-de-darke-ohio\/abogado-de-mordedura-de-perro-condado-de-darke-ohio\/"]}]},{"@type":"ImageObject","inLanguage":"es","@id":"https:\/\/thehometownlawyers.com\/es\/abogado-de-lesiones-del-condado-de-darke-ohio\/abogado-de-mordedura-de-perro-condado-de-darke-ohio\/#primaryimage","url":"https:\/\/thehometownlawyers.com\/wp-content\/uploads\/2020\/10\/Depositphotos_27970565_s-2019.jpg","contentUrl":"https:\/\/thehometownlawyers.com\/wp-content\/uploads\/2020\/10\/Depositphotos_27970565_s-2019.jpg","width":1000,"height":667,"caption":"Mordida de perro -"},{"@type":"BreadcrumbList","@id":"https:\/\/thehometownlawyers.com\/es\/abogado-de-lesiones-del-condado-de-darke-ohio\/abogado-de-mordedura-de-perro-condado-de-darke-ohio\/#breadcrumb","itemListElement":[{"@type":"ListItem","position":1,"name":"Home","item":"https:\/\/thehometownlawyers.com\/es\/"},{"@type":"ListItem","position":2,"name":"Abogado de Lesiones Personales en Darke County","item":"https:\/\/thehometownlawyers.com\/es\/darke-county\/personal-injury-lawyer\/"},{"@type":"ListItem","position":3,"name":"Abogado de Mordeduras de Perros en Darke County"}]},{"@type":"WebSite","@id":"https:\/\/thehometownlawyers.com\/es\/#website","url":"https:\/\/thehometownlawyers.com\/es\/","name":"Kruger & Hodges Hometown Injury Lawyers | Accident Attorneys","description":"Attorneys for Car, Truck and Motorcycle Accidents, Personal Injuries, and Criminal Defense.","publisher":{"@id":"https:\/\/thehometownlawyers.com\/es\/#organization"},"alternateName":"Kruger & Hodges Personal Injury Lawyers","inLanguage":"es"},{"@type":"Organization","@id":"https:\/\/thehometownlawyers.com\/es\/#organization","name":"Kruger & Hodges Hometown Injury Lawyers","alternateName":"Kruger & Hodges","url":"https:\/\/thehometownlawyers.com\/es\/","logo":{"@type":"ImageObject","inLanguage":"es","@id":"https:\/\/thehometownlawyers.com\/es\/#\/schema\/logo\/image\/","url":"https:\/\/thehometownlawyers.com\/wp-content\/uploads\/2025\/12\/revised-kh-logo-vertical-white-background-scaled.png","contentUrl":"https:\/\/thehometownlawyers.com\/wp-content\/uploads\/2025\/12\/revised-kh-logo-vertical-white-background-scaled.png","width":2560,"height":1440,"caption":"Kruger & Hodges Hometown Injury Lawyers"},"image":{"@id":"https:\/\/thehometownlawyers.com\/es\/#\/schema\/logo\/image\/"},"sameAs":["https:\/\/www.facebook.com\/KrugerHodges\/","https:\/\/www.instagram.com\/krugerhodges\/","https:\/\/www.linkedin.com\/company\/kruger-hodges-hometown-injury-lawyers\/","https:\/\/www.youtube.com\/channel\/UCeYcMaMaN2rb9jMlqt4EIdQ","https:\/\/www.tiktok.com\/@thehometownlawyer"]}]}},"_links":{"self":[{"href":"https:\/\/thehometownlawyers.com\/es\/wp-json\/wp\/v2\/pages\/21181","targetHints":{"allow":["GET"]}}],"collection":[{"href":"https:\/\/thehometownlawyers.com\/es\/wp-json\/wp\/v2\/pages"}],"about":[{"href":"https:\/\/thehometownlawyers.com\/es\/wp-json\/wp\/v2\/types\/page"}],"author":[{"embeddable":true,"href":"https:\/\/thehometownlawyers.com\/es\/wp-json\/wp\/v2\/users\/7"}],"replies":[{"embeddable":true,"href":"https:\/\/thehometownlawyers.com\/es\/wp-json\/wp\/v2\/comments?post=21181"}],"version-history":[{"count":0,"href":"https:\/\/thehometownlawyers.com\/es\/wp-json\/wp\/v2\/pages\/21181\/revisions"}],"up":[{"embeddable":true,"href":"https:\/\/thehometownlawyers.com\/es\/wp-json\/wp\/v2\/pages\/21189"}],"wp:featuredmedia":[{"embeddable":true,"href":"https:\/\/thehometownlawyers.com\/es\/wp-json\/wp\/v2\/media\/20759"}],"wp:attachment":[{"href":"https:\/\/thehometownlawyers.com\/es\/wp-json\/wp\/v2\/media?parent=21181"}],"wp:term":[{"taxonomy":"hc_faqs","embeddable":true,"href":"https:\/\/thehometownlawyers.com\/es\/wp-json\/wp\/v2\/hc_faqs?post=21181"},{"taxonomy":"hc_spanish_faqs","embeddable":true,"href":"https:\/\/thehometownlawyers.com\/es\/wp-json\/wp\/v2\/hc_spanish_faqs?post=21181"}],"curies":[{"name":"wp","href":"https:\/\/api.w.org\/{rel}","templated":true}]}}