{"id":21182,"date":"2021-07-24T22:26:12","date_gmt":"2021-07-25T02:26:12","guid":{"rendered":"https:\/\/thehometownlawyers.com\/?page_id=21182"},"modified":"2025-03-24T12:42:59","modified_gmt":"2025-03-24T16:42:59","slug":"abogado-de-accidentes-de-semirremolques-franklin-ohio","status":"publish","type":"page","link":"https:\/\/thehometownlawyers.com\/es\/abogado-de-lesiones-personales-franklin-ohio\/abogado-de-accidentes-de-semirremolques-franklin-ohio\/","title":{"rendered":"Abogado de Accidente de Semi en Franklin"},"content":{"rendered":"<h2>Abogado de accidentes de camiones de Franklin, Ohio<\/h2>\n<p>Los veh\u00edculos son una gran parte del sistema de transporte y la econom\u00eda mundial, y los camiones contribuyen en gran medida a facilitar el transporte de bienes y servicios. Debido al tama\u00f1o y la <a href=\"https:\/\/www.fmcsa.dot.gov\/sites\/fmcsa.dot.gov\/files\/docs\/safety\/data-and-statistics\/413361\/fmcsa-pocket-guide-2018-final-508-compliant-1.pdf\" target=\"_blank\" rel=\"noopener\">cantidad de camiones en nuestras carreteras hoy en d\u00eda<\/a> , ha habido una gran cantidad de accidentes de camiones y las muertes resultantes.<\/p>\n<p>Los accidentes entre camiones grandes y veh\u00edculos de pasajeros son comunes y, lamentablemente, los veh\u00edculos de pasajeros a menudo sufren m\u00e1s da\u00f1os. Por supuesto, esto se debe en gran medida al tama\u00f1o y la masa del cami\u00f3n. A su vez, puede ser incre\u00edblemente devastador para la v\u00edctima tener un accidente con un cami\u00f3n.<\/p>\n<p class=\"rs-content-cta rs-content-cta-small\">Para una consulta legal gratuita, llame al <a href=\"tel:+15138943333\">513-894-3333 <\/a><\/p><h2>Causas de accidentes de camiones en Franklin, Ohio<\/h2>\n<p>Existen numerosas causas de accidentes de camiones. Dado que los camiones son generalmente m\u00e1s grandes, el impacto de los accidentes suele ser fatal. <a href=\"https:\/\/www.statista.com\/statistics\/191544\/fatal-large-truck-crashes-in-the-us\/\" target=\"_blank\" rel=\"noopener\">Las estad\u00edsticas registran m\u00e1s de 4800 accidentes fatales<\/a> que involucran camiones grandes en los Estados Unidos cada a\u00f1o. Ohio fue clasificado como uno de los <a href=\"https:\/\/www.fmcsa.dot.gov\/safety\/data-and-statistics\/2016-commercial-motor-vehicle-traffic-safety-facts-sheet\" target=\"_blank\" rel=\"noopener\">10 estados con m\u00e1s accidentes de camiones en 2017<\/a> . Las siguientes son algunas causas comunes de accidentes de camiones en Ohio.<\/p>\n<ul>\n<li><b>Agotamiento:<\/b> La mayor\u00eda de las veces, los camiones se utilizan para mover productos a largas distancias, realizando numerosas entregas diariamente. Esto les da a los conductores de camiones menos tiempo para detenerse y descansar. A veces, pierden el sue\u00f1o porque conducen tarde para poder llegar a su destino. Conducir cuando se est\u00e1 fatigado puede provocar que se quede dormido al volante. Esto hace que los conductores pierdan el control de sus camiones y provoquen choques mortales.<\/li>\n<li><b>Conductores bajo los efectos de las drogas y el alcohol: las<\/b> personas no deben operar maquinaria pesada bajo la influencia, y eso tambi\u00e9n se aplica a los camiones comerciales. Debido a que algunos conductores tienen plazos y horarios ajustados, a menudo usan alcohol o drogas que no han sido recetadas para seguir adelante. Desafortunadamente, estas sustancias aumentan las posibilidades de accidentes mortales.<\/li>\n<li><b>Mantenimiento deficiente del cami\u00f3n:<\/b> dado que los camiones est\u00e1n siempre en movimiento, los conductores tienden a pasar por alto el mantenimiento adecuado y la inspecci\u00f3n de rutina del equipo. En resumen, algunas empresas est\u00e1n bien mientras sus camiones sigan movi\u00e9ndose. Esperan una falla obvia para solucionar cualquier problema que surja, poniendo as\u00ed muchas vidas en peligro en el camino.<\/li>\n<li><b>Carga de camiones no segura:<\/b> los camiones transportan cargas masivamente pesadas, y las empresas de camiones deben cargar sus camiones correctamente, asegur\u00e1ndose de que los contenidos est\u00e9n seguros y cumplan con los l\u00edmites de peso establecidos por los requisitos estatales y federales. El incumplimiento de las reglas podr\u00eda causar accidentes en la carretera.<\/li>\n<li><b>Mal funcionamiento de los frenos de aire:<\/b> los camiones grandes tienen frenos de aire dise\u00f1ados para ayudarlos a detenerse dentro de los cien pies cuando viajan a m\u00e1s de 35 millas por hora. Pueden ocurrir fallas cuando los camiones van cuesta abajo cuando es m\u00e1s dif\u00edcil detenerse debido a su peso. Cuando esto sucede, los camiones se ven involucrados en accidentes graves al volcarse o doblarse, causando m\u00e1s da\u00f1os a otros veh\u00edculos que se encuentran en las inmediaciones.<\/li>\n<li><b>Exceso de velocidad:<\/b> los conductores de camiones tienden a ser deshonestos en lo que respecta a los l\u00edmites de velocidad para los camiones en diferentes \u00e1reas, especialmente cuando conducen a altas horas de la noche. Descuidar los l\u00edmites de velocidad ha sido un factor que contribuye a una gran cantidad de accidentes de camiones.<\/li>\n<\/ul>\n<h2>Lesiones Comunes Causadas por Accidentes de Camiones<\/h2>\n<p>Los accidentes de camiones a menudo resultan en lesiones catastr\u00f3ficas y muerte. Las estad\u00edsticas han demostrado <a href=\"https:\/\/www.fmcsa.dot.gov\/safety\/data-and-statistics\/large-truck-and-bus-crash-facts-2017\" target=\"_blank\" rel=\"noopener\">cu\u00e1n severas pueden ser las lesiones por accidentes de camiones<\/a> . La mayor\u00eda de los accidentes de camiones resultan en lesiones graves en la cabeza, el cuello, las extremidades y la espalda. Los huesos rotos y las heridas internas tambi\u00e9n son lesiones comunes.<\/p>\n<p>Las lesiones por accidentes de camiones en la columna pueden provocar par\u00e1lisis o incluso lesiones cerebrales traum\u00e1ticas. Si bien estas lesiones pueden sentirse f\u00edsicamente, tambi\u00e9n hay otras que pueden dejar da\u00f1os psicol\u00f3gicos y emocionales duraderos y tambi\u00e9n deben tratarse con prioridad.<\/p>\n<p class=\"rs-content-cta rs-content-cta-small\"><a href=\"\/es\/contacto\/\">Haga clic para contactar<\/a> con nuestros accidente de cami\u00f3n abogados hoy<\/p><h2>C\u00f3mo lidiar con un accidente de cami\u00f3n en Franklin, Ohio<\/h2>\n<p>Los accidentes son repentinos y pueden ser absolutamente abrumadores. En un abrir y cerrar de ojos, tiene que lidiar con una gran cantidad de penas, dolores y turbulencias financieras inesperadas. Si fue parte de un accidente de cami\u00f3n, debe concentrarse inmediatamente en su salud y recuperaci\u00f3n f\u00edsica. Es importante consultar con un m\u00e9dico para ver qu\u00e9 tratamiento y rehabilitaci\u00f3n podr\u00eda necesitar y para documentar el alcance de sus lesiones. Adem\u00e1s, las partes responsables del accidente deben ser consideradas responsables; para eso, el abogado experimentado en accidentes de camiones de <a href=\"https:\/\/thehometownlawyers.com\/es\/\">Kruger &amp; Hodges<\/a> est\u00e1 aqu\u00ed para ayudarlo.<\/p>\n<p>Sabemos que los accidentes de peaje pueden tener en las v\u00edctimas y sus familias, y siempre queremos que nuestros clientes alcancen la recuperaci\u00f3n total sin preocuparse por las complejidades legales. Con nuestra experiencia y gran competencia, nuestros abogados se encargar\u00e1n de todos los aspectos de su caso. <a href=\"https:\/\/thehometownlawyers.com\/es\/contacto\/\">Cont\u00e1ctenos hoy<\/a> para una consulta gratuita para analizar su caso y obtener m\u00e1s informaci\u00f3n sobre sus derechos despu\u00e9s de un accidente de cami\u00f3n.<\/p>\n<p class=\"rs-content-cta rs-content-cta-small\">Llame o env\u00ede un mensaje de texto al <a href=\"tel:+15138943333\">513-894-3333<\/a> o complete una <a href=\"\/es\/contacto\/\">evaluaci\u00f3n gratuita de su caso<\/a><\/p>","protected":false},"excerpt":{"rendered":"<p>Abogado de accidentes de camiones de Franklin, Ohio Los veh\u00edculos son una gran parte del sistema de transporte y la econom\u00eda mundial, y los camiones contribuyen en gran medida a facilitar el transporte de bienes y servicios. Debido al tama\u00f1o y la cantidad de camiones en nuestras carreteras hoy en d\u00eda , ha habido una &#8230;<\/p>\n","protected":false},"author":7,"featured_media":20632,"parent":21191,"menu_order":0,"comment_status":"closed","ping_status":"closed","template":"","meta":{"_acf_changed":false,"inline_featured_image":false,"_genesis_hide_title":false,"_genesis_hide_breadcrumbs":false,"_genesis_hide_singular_image":false,"_genesis_hide_footer_widgets":false,"_genesis_custom_body_class":"","_genesis_custom_post_class":"","_genesis_layout":"","footnotes":""},"hc_faqs":[],"hc_spanish_faqs":[],"class_list":{"0":"post-21182","1":"page","2":"type-page","3":"status-publish","4":"has-post-thumbnail","6":"entry"},"acf":[],"yoast_head":"<!-- This site is optimized with the Yoast SEO plugin v27.4 - https:\/\/yoast.com\/product\/yoast-seo-wordpress\/ -->\n<title>Abogado de accidentes de semirremolques Franklin, Ohio: Consulta gratuita<\/title>\n<meta name=\"description\" content=\"Abogado de accidentes de camiones de Franklin, Ohio Los veh\u00edculos son una gran parte del sistema de transporte y la econom\u00eda mundial, y los camiones\" \/>\n<meta name=\"robots\" content=\"index, follow, max-snippet:-1, max-image-preview:large, max-video-preview:-1\" \/>\n<link rel=\"canonical\" href=\"https:\/\/thehometownlawyers.com\/es\/abogado-de-lesiones-personales-franklin-ohio\/abogado-de-accidentes-de-semirremolques-franklin-ohio\/\" \/>\n<meta property=\"og:locale\" content=\"es_MX\" \/>\n<meta property=\"og:type\" content=\"article\" \/>\n<meta property=\"og:title\" content=\"Abogado de accidentes de semirremolques Franklin, Ohio: Consulta gratuita\" \/>\n<meta property=\"og:description\" content=\"Abogado de accidentes de camiones de Franklin, Ohio Los veh\u00edculos son una gran parte del sistema de transporte y la econom\u00eda mundial, y los camiones\" \/>\n<meta property=\"og:url\" content=\"https:\/\/thehometownlawyers.com\/es\/abogado-de-lesiones-personales-franklin-ohio\/abogado-de-accidentes-de-semirremolques-franklin-ohio\/\" \/>\n<meta property=\"og:site_name\" content=\"Kruger &amp; Hodges Abogados De Lesiones\" \/>\n<meta property=\"article:publisher\" content=\"https:\/\/www.facebook.com\/KrugerHodges\/\" \/>\n<meta property=\"article:modified_time\" content=\"2025-03-24T16:42:59+00:00\" \/>\n<meta property=\"og:image\" content=\"https:\/\/thehometownlawyers.com\/wp-content\/uploads\/2020\/01\/Semi-Truck-Accident-Lawyer-in-Hamilton-Ohio.jpg\" \/>\n\t<meta property=\"og:image:width\" content=\"640\" \/>\n\t<meta property=\"og:image:height\" content=\"426\" \/>\n\t<meta property=\"og:image:type\" content=\"image\/jpeg\" \/>\n<meta name=\"twitter:card\" content=\"summary_large_image\" \/>\n<meta name=\"twitter:label1\" content=\"Tiempo de lectura\" \/>\n\t<meta name=\"twitter:data1\" content=\"4 minutos\" \/>\n<script type=\"application\/ld+json\" class=\"yoast-schema-graph\">{\"@context\":\"https:\\\/\\\/schema.org\",\"@graph\":[{\"@type\":\"WebPage\",\"@id\":\"https:\\\/\\\/thehometownlawyers.com\\\/es\\\/abogado-de-lesiones-personales-franklin-ohio\\\/abogado-de-accidentes-de-semirremolques-franklin-ohio\\\/\",\"url\":\"https:\\\/\\\/thehometownlawyers.com\\\/es\\\/abogado-de-lesiones-personales-franklin-ohio\\\/abogado-de-accidentes-de-semirremolques-franklin-ohio\\\/\",\"name\":\"Abogado de accidentes de semirremolques Franklin, Ohio: Consulta gratuita\",\"isPartOf\":{\"@id\":\"https:\\\/\\\/thehometownlawyers.com\\\/es\\\/#website\"},\"primaryImageOfPage\":{\"@id\":\"https:\\\/\\\/thehometownlawyers.com\\\/es\\\/abogado-de-lesiones-personales-franklin-ohio\\\/abogado-de-accidentes-de-semirremolques-franklin-ohio\\\/#primaryimage\"},\"image\":{\"@id\":\"https:\\\/\\\/thehometownlawyers.com\\\/es\\\/abogado-de-lesiones-personales-franklin-ohio\\\/abogado-de-accidentes-de-semirremolques-franklin-ohio\\\/#primaryimage\"},\"thumbnailUrl\":\"https:\\\/\\\/thehometownlawyers.com\\\/wp-content\\\/uploads\\\/2020\\\/01\\\/Semi-Truck-Accident-Lawyer-in-Hamilton-Ohio.jpg\",\"datePublished\":\"2021-07-25T02:26:12+00:00\",\"dateModified\":\"2025-03-24T16:42:59+00:00\",\"description\":\"Abogado de accidentes de camiones de Franklin, Ohio Los veh\u00edculos son una gran parte del sistema de transporte y la econom\u00eda mundial, y los camiones\",\"breadcrumb\":{\"@id\":\"https:\\\/\\\/thehometownlawyers.com\\\/es\\\/abogado-de-lesiones-personales-franklin-ohio\\\/abogado-de-accidentes-de-semirremolques-franklin-ohio\\\/#breadcrumb\"},\"inLanguage\":\"es\",\"potentialAction\":[{\"@type\":\"ReadAction\",\"target\":[\"https:\\\/\\\/thehometownlawyers.com\\\/es\\\/abogado-de-lesiones-personales-franklin-ohio\\\/abogado-de-accidentes-de-semirremolques-franklin-ohio\\\/\"]}]},{\"@type\":\"ImageObject\",\"inLanguage\":\"es\",\"@id\":\"https:\\\/\\\/thehometownlawyers.com\\\/es\\\/abogado-de-lesiones-personales-franklin-ohio\\\/abogado-de-accidentes-de-semirremolques-franklin-ohio\\\/#primaryimage\",\"url\":\"https:\\\/\\\/thehometownlawyers.com\\\/wp-content\\\/uploads\\\/2020\\\/01\\\/Semi-Truck-Accident-Lawyer-in-Hamilton-Ohio.jpg\",\"contentUrl\":\"https:\\\/\\\/thehometownlawyers.com\\\/wp-content\\\/uploads\\\/2020\\\/01\\\/Semi-Truck-Accident-Lawyer-in-Hamilton-Ohio.jpg\",\"width\":640,\"height\":426,\"caption\":\"Ayudamos a las personas heridas en accidentes de camiones\"},{\"@type\":\"BreadcrumbList\",\"@id\":\"https:\\\/\\\/thehometownlawyers.com\\\/es\\\/abogado-de-lesiones-personales-franklin-ohio\\\/abogado-de-accidentes-de-semirremolques-franklin-ohio\\\/#breadcrumb\",\"itemListElement\":[{\"@type\":\"ListItem\",\"position\":1,\"name\":\"Home\",\"item\":\"https:\\\/\\\/thehometownlawyers.com\\\/es\\\/\"},{\"@type\":\"ListItem\",\"position\":2,\"name\":\"Abogado de Lesiones Personales en Franklin\",\"item\":\"https:\\\/\\\/thehometownlawyers.com\\\/es\\\/abogado-de-lesiones-personales-franklin-ohio\\\/\"},{\"@type\":\"ListItem\",\"position\":3,\"name\":\"Abogado de Accidente de Semi en Franklin\"}]},{\"@type\":\"WebSite\",\"@id\":\"https:\\\/\\\/thehometownlawyers.com\\\/es\\\/#website\",\"url\":\"https:\\\/\\\/thehometownlawyers.com\\\/es\\\/\",\"name\":\"Kruger & Hodges Hometown Injury Lawyers | Accident Attorneys\",\"description\":\"Attorneys for Car, Truck and Motorcycle Accidents, Personal Injuries, and Criminal Defense.\",\"publisher\":{\"@id\":\"https:\\\/\\\/thehometownlawyers.com\\\/es\\\/#organization\"},\"alternateName\":\"Kruger & Hodges Personal Injury Lawyers\",\"inLanguage\":\"es\"},{\"@type\":\"Organization\",\"@id\":\"https:\\\/\\\/thehometownlawyers.com\\\/es\\\/#organization\",\"name\":\"Kruger & Hodges Hometown Injury Lawyers\",\"alternateName\":\"Kruger & Hodges\",\"url\":\"https:\\\/\\\/thehometownlawyers.com\\\/es\\\/\",\"logo\":{\"@type\":\"ImageObject\",\"inLanguage\":\"es\",\"@id\":\"https:\\\/\\\/thehometownlawyers.com\\\/es\\\/#\\\/schema\\\/logo\\\/image\\\/\",\"url\":\"https:\\\/\\\/thehometownlawyers.com\\\/wp-content\\\/uploads\\\/2025\\\/12\\\/revised-kh-logo-vertical-white-background-scaled.png\",\"contentUrl\":\"https:\\\/\\\/thehometownlawyers.com\\\/wp-content\\\/uploads\\\/2025\\\/12\\\/revised-kh-logo-vertical-white-background-scaled.png\",\"width\":2560,\"height\":1440,\"caption\":\"Kruger & Hodges Hometown Injury Lawyers\"},\"image\":{\"@id\":\"https:\\\/\\\/thehometownlawyers.com\\\/es\\\/#\\\/schema\\\/logo\\\/image\\\/\"},\"sameAs\":[\"https:\\\/\\\/www.facebook.com\\\/KrugerHodges\\\/\",\"https:\\\/\\\/www.instagram.com\\\/krugerhodges\\\/\",\"https:\\\/\\\/www.linkedin.com\\\/company\\\/kruger-hodges-hometown-injury-lawyers\\\/\",\"https:\\\/\\\/www.youtube.com\\\/channel\\\/UCeYcMaMaN2rb9jMlqt4EIdQ\",\"https:\\\/\\\/www.tiktok.com\\\/@thehometownlawyer\"]}]}<\/script>\n<!-- \/ Yoast SEO plugin. -->","yoast_head_json":{"title":"Abogado de accidentes de semirremolques Franklin, Ohio: Consulta gratuita","description":"Abogado de accidentes de camiones de Franklin, Ohio Los veh\u00edculos son una gran parte del sistema de transporte y la econom\u00eda mundial, y los camiones","robots":{"index":"index","follow":"follow","max-snippet":"max-snippet:-1","max-image-preview":"max-image-preview:large","max-video-preview":"max-video-preview:-1"},"canonical":"https:\/\/thehometownlawyers.com\/es\/abogado-de-lesiones-personales-franklin-ohio\/abogado-de-accidentes-de-semirremolques-franklin-ohio\/","og_locale":"es_MX","og_type":"article","og_title":"Abogado de accidentes de semirremolques Franklin, Ohio: Consulta gratuita","og_description":"Abogado de accidentes de camiones de Franklin, Ohio Los veh\u00edculos son una gran parte del sistema de transporte y la econom\u00eda mundial, y los camiones","og_url":"https:\/\/thehometownlawyers.com\/es\/abogado-de-lesiones-personales-franklin-ohio\/abogado-de-accidentes-de-semirremolques-franklin-ohio\/","og_site_name":"Kruger &amp; Hodges Abogados De Lesiones","article_publisher":"https:\/\/www.facebook.com\/KrugerHodges\/","article_modified_time":"2025-03-24T16:42:59+00:00","og_image":[{"width":640,"height":426,"url":"https:\/\/thehometownlawyers.com\/wp-content\/uploads\/2020\/01\/Semi-Truck-Accident-Lawyer-in-Hamilton-Ohio.jpg","type":"image\/jpeg"}],"twitter_card":"summary_large_image","twitter_misc":{"Tiempo de lectura":"4 minutos"},"schema":{"@context":"https:\/\/schema.org","@graph":[{"@type":"WebPage","@id":"https:\/\/thehometownlawyers.com\/es\/abogado-de-lesiones-personales-franklin-ohio\/abogado-de-accidentes-de-semirremolques-franklin-ohio\/","url":"https:\/\/thehometownlawyers.com\/es\/abogado-de-lesiones-personales-franklin-ohio\/abogado-de-accidentes-de-semirremolques-franklin-ohio\/","name":"Abogado de accidentes de semirremolques Franklin, Ohio: Consulta gratuita","isPartOf":{"@id":"https:\/\/thehometownlawyers.com\/es\/#website"},"primaryImageOfPage":{"@id":"https:\/\/thehometownlawyers.com\/es\/abogado-de-lesiones-personales-franklin-ohio\/abogado-de-accidentes-de-semirremolques-franklin-ohio\/#primaryimage"},"image":{"@id":"https:\/\/thehometownlawyers.com\/es\/abogado-de-lesiones-personales-franklin-ohio\/abogado-de-accidentes-de-semirremolques-franklin-ohio\/#primaryimage"},"thumbnailUrl":"https:\/\/thehometownlawyers.com\/wp-content\/uploads\/2020\/01\/Semi-Truck-Accident-Lawyer-in-Hamilton-Ohio.jpg","datePublished":"2021-07-25T02:26:12+00:00","dateModified":"2025-03-24T16:42:59+00:00","description":"Abogado de accidentes de camiones de Franklin, Ohio Los veh\u00edculos son una gran parte del sistema de transporte y la econom\u00eda mundial, y los camiones","breadcrumb":{"@id":"https:\/\/thehometownlawyers.com\/es\/abogado-de-lesiones-personales-franklin-ohio\/abogado-de-accidentes-de-semirremolques-franklin-ohio\/#breadcrumb"},"inLanguage":"es","potentialAction":[{"@type":"ReadAction","target":["https:\/\/thehometownlawyers.com\/es\/abogado-de-lesiones-personales-franklin-ohio\/abogado-de-accidentes-de-semirremolques-franklin-ohio\/"]}]},{"@type":"ImageObject","inLanguage":"es","@id":"https:\/\/thehometownlawyers.com\/es\/abogado-de-lesiones-personales-franklin-ohio\/abogado-de-accidentes-de-semirremolques-franklin-ohio\/#primaryimage","url":"https:\/\/thehometownlawyers.com\/wp-content\/uploads\/2020\/01\/Semi-Truck-Accident-Lawyer-in-Hamilton-Ohio.jpg","contentUrl":"https:\/\/thehometownlawyers.com\/wp-content\/uploads\/2020\/01\/Semi-Truck-Accident-Lawyer-in-Hamilton-Ohio.jpg","width":640,"height":426,"caption":"Ayudamos a las personas heridas en accidentes de camiones"},{"@type":"BreadcrumbList","@id":"https:\/\/thehometownlawyers.com\/es\/abogado-de-lesiones-personales-franklin-ohio\/abogado-de-accidentes-de-semirremolques-franklin-ohio\/#breadcrumb","itemListElement":[{"@type":"ListItem","position":1,"name":"Home","item":"https:\/\/thehometownlawyers.com\/es\/"},{"@type":"ListItem","position":2,"name":"Abogado de Lesiones Personales en Franklin","item":"https:\/\/thehometownlawyers.com\/es\/abogado-de-lesiones-personales-franklin-ohio\/"},{"@type":"ListItem","position":3,"name":"Abogado de Accidente de Semi en Franklin"}]},{"@type":"WebSite","@id":"https:\/\/thehometownlawyers.com\/es\/#website","url":"https:\/\/thehometownlawyers.com\/es\/","name":"Kruger & Hodges Hometown Injury Lawyers | Accident Attorneys","description":"Attorneys for Car, Truck and Motorcycle Accidents, Personal Injuries, and Criminal Defense.","publisher":{"@id":"https:\/\/thehometownlawyers.com\/es\/#organization"},"alternateName":"Kruger & Hodges Personal Injury Lawyers","inLanguage":"es"},{"@type":"Organization","@id":"https:\/\/thehometownlawyers.com\/es\/#organization","name":"Kruger & Hodges Hometown Injury Lawyers","alternateName":"Kruger & Hodges","url":"https:\/\/thehometownlawyers.com\/es\/","logo":{"@type":"ImageObject","inLanguage":"es","@id":"https:\/\/thehometownlawyers.com\/es\/#\/schema\/logo\/image\/","url":"https:\/\/thehometownlawyers.com\/wp-content\/uploads\/2025\/12\/revised-kh-logo-vertical-white-background-scaled.png","contentUrl":"https:\/\/thehometownlawyers.com\/wp-content\/uploads\/2025\/12\/revised-kh-logo-vertical-white-background-scaled.png","width":2560,"height":1440,"caption":"Kruger & Hodges Hometown Injury Lawyers"},"image":{"@id":"https:\/\/thehometownlawyers.com\/es\/#\/schema\/logo\/image\/"},"sameAs":["https:\/\/www.facebook.com\/KrugerHodges\/","https:\/\/www.instagram.com\/krugerhodges\/","https:\/\/www.linkedin.com\/company\/kruger-hodges-hometown-injury-lawyers\/","https:\/\/www.youtube.com\/channel\/UCeYcMaMaN2rb9jMlqt4EIdQ","https:\/\/www.tiktok.com\/@thehometownlawyer"]}]}},"_links":{"self":[{"href":"https:\/\/thehometownlawyers.com\/es\/wp-json\/wp\/v2\/pages\/21182","targetHints":{"allow":["GET"]}}],"collection":[{"href":"https:\/\/thehometownlawyers.com\/es\/wp-json\/wp\/v2\/pages"}],"about":[{"href":"https:\/\/thehometownlawyers.com\/es\/wp-json\/wp\/v2\/types\/page"}],"author":[{"embeddable":true,"href":"https:\/\/thehometownlawyers.com\/es\/wp-json\/wp\/v2\/users\/7"}],"replies":[{"embeddable":true,"href":"https:\/\/thehometownlawyers.com\/es\/wp-json\/wp\/v2\/comments?post=21182"}],"version-history":[{"count":0,"href":"https:\/\/thehometownlawyers.com\/es\/wp-json\/wp\/v2\/pages\/21182\/revisions"}],"up":[{"embeddable":true,"href":"https:\/\/thehometownlawyers.com\/es\/wp-json\/wp\/v2\/pages\/21191"}],"wp:featuredmedia":[{"embeddable":true,"href":"https:\/\/thehometownlawyers.com\/es\/wp-json\/wp\/v2\/media\/20632"}],"wp:attachment":[{"href":"https:\/\/thehometownlawyers.com\/es\/wp-json\/wp\/v2\/media?parent=21182"}],"wp:term":[{"taxonomy":"hc_faqs","embeddable":true,"href":"https:\/\/thehometownlawyers.com\/es\/wp-json\/wp\/v2\/hc_faqs?post=21182"},{"taxonomy":"hc_spanish_faqs","embeddable":true,"href":"https:\/\/thehometownlawyers.com\/es\/wp-json\/wp\/v2\/hc_spanish_faqs?post=21182"}],"curies":[{"name":"wp","href":"https:\/\/api.w.org\/{rel}","templated":true}]}}