{"id":21183,"date":"2021-09-14T10:18:32","date_gmt":"2021-09-14T14:18:32","guid":{"rendered":"https:\/\/thehometownlawyers.com\/?page_id=21183"},"modified":"2025-04-03T13:36:26","modified_gmt":"2025-04-03T17:36:26","slug":"abogados-de-accidentes-de-eaton-uber","status":"publish","type":"page","link":"https:\/\/thehometownlawyers.com\/es\/eaton\/abogado-de-accidentes-automovilisticos\/viaje-compartido\/uber\/","title":{"rendered":"Abogado de Accidente \u00daber en Eaton"},"content":{"rendered":"<h2>Abogados de accidentes de viajes compartidos en Eaton, OH<\/h2>\n<p>Los viajes compartidos como Uber se han convertido en un m\u00e9todo de transporte popular durante la \u00faltima d\u00e9cada debido a su conveniencia, precio y accesibilidad. Muchas empresas han presentado un modelo de viajes compartidos para reducir los precios para los pasajeros y aumentar la disponibilidad. Las dos compa\u00f1\u00edas de viajes compartidos m\u00e1s grandes de los EE. UU. son Uber y Lyft. P\u00f3ngase en contacto con nuestros abogados de accidentes de Uber si ha resultado lesionado en un accidente de viaje compartido.<\/p>\n<p>Si bien los viajes compartidos han permitido que los viajeros promedio limiten el uso de su propio autom\u00f3vil, los viajes compartidos en realidad han aumentado la congesti\u00f3n del tr\u00e1fico en ciertas \u00e1reas urbanas. Esto se debe al gran porcentaje de tiempo que los conductores buscan pasajeros. Estar m\u00e1s en la carretera y tener un mayor nivel de congesti\u00f3n del tr\u00e1fico puede aumentar las posibilidades de sufrir un accidente automovil\u00edstico.<\/p>\n<p>Los conductores de viajes compartidos deben pasar una inspecci\u00f3n del veh\u00edculo y una verificaci\u00f3n de antecedentes antes de poder comenzar a conducir para la empresa. El veh\u00edculo debe estar en buen estado y cumplir con los requisitos de elegibilidad de su compa\u00f1\u00eda. Para hacer que viajar con sus compa\u00f1\u00edas sea m\u00e1s seguro, las verificaciones de antecedentes de Uber y Lyft prestan especial atenci\u00f3n a las infracciones previas de tr\u00e1fico y conducci\u00f3n en estado de ebriedad.<\/p>\n<p class=\"rs-content-cta rs-content-cta-small\">Para una consulta legal gratuita, llame al <a href=\"tel:+19377336079\">937-733-6079 <\/a><\/p><h2>Comprender qui\u00e9n es responsable de los accidentes de viajes compartidos<\/h2>\n<p>Los conductores de viajes compartidos, en Uber y Lyft, deben tener un seguro personal que cumpla con los m\u00ednimos estatales. Como la mayor\u00eda de las p\u00f3lizas de seguro no cubren accidentes de viajes compartidos, los conductores tambi\u00e9n deben agregar una p\u00f3liza de viajes compartidos de las compa\u00f1\u00edas de seguros participantes. Seg\u00fan sus sitios web, Uber y Lyft tienen acuerdos de seguro similares con sus conductores:<\/p>\n<p>Si la aplicaci\u00f3n est\u00e1 apagada: se aplica el seguro personal del conductor. La compa\u00f1\u00eda de viajes compartidos no es responsable.<\/p>\n<p>Si la aplicaci\u00f3n est\u00e1 activada y el conductor est\u00e1 disponible o esperando una solicitud de viaje, Lyft y Uber brindar\u00e1n cobertura de responsabilidad civil por accidentes cubiertos si el seguro personal del conductor no se aplica:<\/p>\n<ul>\n<li>$50,000 por lesiones corporales por persona<\/li>\n<li>$100,000 por lesiones corporales por accidente<\/li>\n<li>$25,000 por da\u00f1os a la propiedad por accidente<\/li>\n<\/ul>\n<p>Si ocurre un accidente cuando el conductor se dirige a recoger pasajeros o mientras los pasajeros est\u00e1n en el autom\u00f3vil, Uber y Lyft brindan el siguiente seguro para accidentes cubiertos:<\/p>\n<ul>\n<li>$ <sup>1,000,000<\/sup> por responsabilidad de terceros<\/li>\n<li>Lesiones corporales de automovilistas sin seguro o con seguro insuficiente<\/li>\n<li>Integral contingente y colisi\u00f3n hasta el valor real en efectivo del autom\u00f3vil con un deducible de $ 2,500<\/li>\n<\/ul>\n<p>El seguro de responsabilidad civil se aplica a lesiones corporales o da\u00f1os a la propiedad a los reclamos de otro.<\/p>\n<p>Como los conductores deben tener un seguro que tenga una p\u00f3liza de viajes compartidos, tanto el conductor como la compa\u00f1\u00eda de viajes compartidos pueden ser considerados responsables de un accidente automovil\u00edstico, seg\u00fan la situaci\u00f3n. Sin embargo, el seguro de responsabilidad civil de viajes compartidos est\u00e1 dise\u00f1ado para ayudar a las partes que no tuvieron la culpa. Como los conductores de viajes compartidos son contratistas independientes y no empleados, si el conductor tiene la culpa de la colisi\u00f3n, es probable que el seguro del conductor personal sea responsable del accidente.<\/p>\n<p class=\"rs-content-cta\">Abogado de Accidente de Viaje Compartido de Eaton Cerca de M\u00ed <a href=\"tel:+19377336079\">937-733-6079<\/a><\/p><h2>Estad\u00edsticas de accidentes automovil\u00edsticos fatales de Uber<\/h2>\n<p>Seg\u00fan el m\u00e1s reciente de Uber publicado <a href=\"https:\/\/www.uber-assets.com\/image\/upload\/v1575580686\/Documents\/Safety\/UberUSSafetyReport_201718_FullReport.pdf?uclick_id=3baafe5a-a505-4b48-8086-1fadc7824ccc\" target=\"_blank\" rel=\"noopener\">US Safety Report<\/a> , para que un accidente sea clasificado como fatal \u201crelacionado con Uber\u201d, uno de los conductores del colisi\u00f3n debe haber sido un conductor certificado de Uber que usaba la plataforma, y al menos una persona muri\u00f3 dentro de los 30 d\u00edas debido a complicaciones resultantes de la colisi\u00f3n. La clasificaci\u00f3n no determina la culpa u otros factores que pueden haber contribuido a la colisi\u00f3n, como un conductor ebrio, conducir durante las horas pico o el clima. En 2017 y 2018, Uber inform\u00f3 que hubo 49 y 59 muertes relacionadas con Uber, respectivamente, en los EE. UU. Esto totaliza alrededor del 0,000005 %, o menos de uno de cada 100 000 000 viajes que resultan en muertes. Alrededor del 65% de los accidentes fatales de Uber involucran a otro autom\u00f3vil. Alrededor del 31% implican una colisi\u00f3n con peatones o ciclistas. El 67% de los fallecidos en accidentes de Uber son ocupantes del veh\u00edculo, mientras que el 33% son no ocupantes, en su mayor\u00eda terceros peatones.<\/p>\n<p>Uber no revel\u00f3 estad\u00edsticas de accidentes automovil\u00edsticos no fatales donde hubo lesiones graves. Lyft no ha publicado un informe similar.<\/p>\n<p class=\"rs-content-cta rs-content-cta-small\"><a href=\"\/es\/contacto\/\">Haga clic para contactar<\/a> con nuestros accidente de viaje compartido abogados hoy<\/p><h2>\u00bfQu\u00e9 debe hacer si est\u00e1 involucrado en un accidente de Uber o Lyft?<\/h2>\n<p>Si bien es poco probable, los accidentes ocurren. Si se lesiona en una colisi\u00f3n de viaje compartido, ya sea como pasajero, peat\u00f3n, ciclista o un tercero, \u00bfqu\u00e9 pasos debe seguir? Primero, aseg\u00farate de estar bien f\u00edsica y mentalmente. Busque tratamiento m\u00e9dico si es necesario. A continuaci\u00f3n, llama a la polic\u00eda. Un informe policial puede serle \u00fatil al presentar un reclamo de seguro. Si bien cada compa\u00f1\u00eda de viajes compartidos tiene su propio sistema de apoyo para accidentes, le recomendamos que llame a cualquier abogado de accidentes de Uber o a un abogado de accidentes de Lyft como nosotros antes de llamar a la compa\u00f1\u00eda de viajes compartidos. La compa\u00f1\u00eda de viajes compartidos tiene m\u00e1s inter\u00e9s en protegerse. <a href=\"https:\/\/thehometownlawyers.com\/es\/contacto\/\">Comun\u00edquese con los abogados de accidentes de uber de Kruger &amp; Hodges<\/a> para ayudarlo a proteger sus derechos.<\/p>\n<p>En la aplicaci\u00f3n Lyft, puede informar un accidente en la pesta\u00f1a Ayuda, que lo llevar\u00e1 a una p\u00e1gina de soporte donde puede llamar o enviar un correo electr\u00f3nico a Lyft para informar el accidente.<\/p>\n<p>En la aplicaci\u00f3n de Uber, puede comunicarse con Uber acerca de un accidente a trav\u00e9s de la pesta\u00f1a Revisi\u00f3n de viaje y tarifa.<\/p>\n<h3><em>Enlaces relacionados:<\/em><\/h3>\n<p><strong>Accidentes automovil\u00edsticos<\/strong><\/p>\n<p><strong><a href=\"https:\/\/thehometownlawyers.com\/es\/abogados-de-lesiones-personales-en-eaton-ohio\/abogados-de-accidentes-de-motocicleta-en-eaton-ohio\/\">accidentes de moto<\/a><\/strong><\/p>\n<p><strong>Lesiones de la m\u00e9dula<\/strong><\/p>\n<p><strong><a href=\"https:\/\/thehometownlawyers.com\/es\/\">Lesi\u00f3n cerebral traum\u00e1tica<\/a><\/strong><\/p>\n<p><strong><a href=\"https:\/\/thehometownlawyers.com\/es\/abogados-de-lesiones-personales-en-eaton-ohio\/abogados-de-accidentes-de-camiones-en-eaton-ohio\/\">accidentes de camiones<\/a><\/strong><\/p>\n<p><strong>Preguntas frecuentes: \u00bfQu\u00e9 es una colisi\u00f3n trasera?<\/strong><\/p>\n<p><strong>Preguntas frecuentes: \u00bfPuede mi abogado acceder a las im\u00e1genes de la c\u00e1mara de tr\u00e1fico de mi accidente?<\/strong><\/p>\n<p><strong>Preguntas frecuentes: Si me lesiono en un accidente automovil\u00edstico con un automovilista sin seguro, \u00bfpuedo recibir una compensaci\u00f3n?<\/strong><\/p>\n<p class=\"rs-content-cta rs-content-cta-small\">Llame o env\u00ede un mensaje de texto al <a href=\"tel:+19377336079\">937-733-6079<\/a> o complete una <a href=\"\/es\/contacto\/\">evaluaci\u00f3n gratuita de su caso<\/a><\/p>","protected":false},"excerpt":{"rendered":"<p>Abogados de accidentes de viajes compartidos en Eaton, OH Los viajes compartidos como Uber se han convertido en un m\u00e9todo de transporte popular durante la \u00faltima d\u00e9cada debido a su conveniencia, precio y accesibilidad. Muchas empresas han presentado un modelo de viajes compartidos para reducir los precios para los pasajeros y aumentar la disponibilidad. Las &#8230;<\/p>\n","protected":false},"author":7,"featured_media":24658,"parent":21203,"menu_order":0,"comment_status":"closed","ping_status":"closed","template":"","meta":{"_acf_changed":false,"inline_featured_image":false,"_genesis_hide_title":false,"_genesis_hide_breadcrumbs":false,"_genesis_hide_singular_image":false,"_genesis_hide_footer_widgets":false,"_genesis_custom_body_class":"","_genesis_custom_post_class":"","_genesis_layout":"","footnotes":""},"hc_faqs":[],"hc_spanish_faqs":[],"class_list":{"0":"post-21183","1":"page","2":"type-page","3":"status-publish","4":"has-post-thumbnail","6":"hc_city_location-eaton-es","7":"entry"},"acf":[],"yoast_head":"<!-- This site is optimized with the Yoast SEO plugin v27.3 - https:\/\/yoast.com\/product\/yoast-seo-wordpress\/ -->\n<title>Abogados de accidentes de Eaton Uber: Consulta gratuita<\/title>\n<meta name=\"description\" content=\"Los viajes compartidos se han vuelto cada vez m\u00e1s accesibles. P\u00f3ngase en contacto con nuestros abogados de accidentes de Uber si ha resultado lesionado en un accidente de viaje compartido.\" \/>\n<meta name=\"robots\" content=\"index, follow, max-snippet:-1, max-image-preview:large, max-video-preview:-1\" \/>\n<link rel=\"canonical\" href=\"https:\/\/thehometownlawyers.com\/es\/eaton\/abogado-de-accidentes-automovilisticos\/viaje-compartido\/uber\/\" \/>\n<meta property=\"og:locale\" content=\"es_MX\" \/>\n<meta property=\"og:type\" content=\"article\" \/>\n<meta property=\"og:title\" content=\"Abogados de accidentes de Eaton Uber: Consulta gratuita\" \/>\n<meta property=\"og:description\" content=\"Los viajes compartidos se han vuelto cada vez m\u00e1s accesibles. P\u00f3ngase en contacto con nuestros abogados de accidentes de Uber si ha resultado lesionado en un accidente de viaje compartido.\" \/>\n<meta property=\"og:url\" content=\"https:\/\/thehometownlawyers.com\/es\/eaton\/abogado-de-accidentes-automovilisticos\/viaje-compartido\/uber\/\" \/>\n<meta property=\"og:site_name\" content=\"Kruger &amp; Hodges Abogados De Lesiones\" \/>\n<meta property=\"article:publisher\" content=\"https:\/\/www.facebook.com\/KrugerHodges\/\" \/>\n<meta property=\"article:modified_time\" content=\"2025-04-03T17:36:26+00:00\" \/>\n<meta property=\"og:image\" content=\"https:\/\/thehometownlawyers.com\/wp-content\/uploads\/2025\/03\/eaton-abogado-de-accidentes-automovilisticos-viaje-compartido-uber.jpg\" \/>\n\t<meta property=\"og:image:width\" content=\"1000\" \/>\n\t<meta property=\"og:image:height\" content=\"667\" \/>\n\t<meta property=\"og:image:type\" content=\"image\/jpeg\" \/>\n<meta name=\"twitter:card\" content=\"summary_large_image\" \/>\n<meta name=\"twitter:label1\" content=\"Tiempo de lectura\" \/>\n\t<meta name=\"twitter:data1\" content=\"5 minutos\" \/>\n<script type=\"application\/ld+json\" class=\"yoast-schema-graph\">{\"@context\":\"https:\\\/\\\/schema.org\",\"@graph\":[{\"@type\":\"WebPage\",\"@id\":\"https:\\\/\\\/thehometownlawyers.com\\\/es\\\/eaton\\\/abogado-de-accidentes-automovilisticos\\\/viaje-compartido\\\/uber\\\/\",\"url\":\"https:\\\/\\\/thehometownlawyers.com\\\/es\\\/eaton\\\/abogado-de-accidentes-automovilisticos\\\/viaje-compartido\\\/uber\\\/\",\"name\":\"Abogados de accidentes de Eaton Uber: Consulta gratuita\",\"isPartOf\":{\"@id\":\"https:\\\/\\\/thehometownlawyers.com\\\/es\\\/#website\"},\"primaryImageOfPage\":{\"@id\":\"https:\\\/\\\/thehometownlawyers.com\\\/es\\\/eaton\\\/abogado-de-accidentes-automovilisticos\\\/viaje-compartido\\\/uber\\\/#primaryimage\"},\"image\":{\"@id\":\"https:\\\/\\\/thehometownlawyers.com\\\/es\\\/eaton\\\/abogado-de-accidentes-automovilisticos\\\/viaje-compartido\\\/uber\\\/#primaryimage\"},\"thumbnailUrl\":\"https:\\\/\\\/thehometownlawyers.com\\\/wp-content\\\/uploads\\\/2025\\\/03\\\/eaton-abogado-de-accidentes-automovilisticos-viaje-compartido-uber.jpg\",\"datePublished\":\"2021-09-14T14:18:32+00:00\",\"dateModified\":\"2025-04-03T17:36:26+00:00\",\"description\":\"Los viajes compartidos se han vuelto cada vez m\u00e1s accesibles. P\u00f3ngase en contacto con nuestros abogados de accidentes de Uber si ha resultado lesionado en un accidente de viaje compartido.\",\"breadcrumb\":{\"@id\":\"https:\\\/\\\/thehometownlawyers.com\\\/es\\\/eaton\\\/abogado-de-accidentes-automovilisticos\\\/viaje-compartido\\\/uber\\\/#breadcrumb\"},\"inLanguage\":\"es\",\"potentialAction\":[{\"@type\":\"ReadAction\",\"target\":[\"https:\\\/\\\/thehometownlawyers.com\\\/es\\\/eaton\\\/abogado-de-accidentes-automovilisticos\\\/viaje-compartido\\\/uber\\\/\"]}]},{\"@type\":\"ImageObject\",\"inLanguage\":\"es\",\"@id\":\"https:\\\/\\\/thehometownlawyers.com\\\/es\\\/eaton\\\/abogado-de-accidentes-automovilisticos\\\/viaje-compartido\\\/uber\\\/#primaryimage\",\"url\":\"https:\\\/\\\/thehometownlawyers.com\\\/wp-content\\\/uploads\\\/2025\\\/03\\\/eaton-abogado-de-accidentes-automovilisticos-viaje-compartido-uber.jpg\",\"contentUrl\":\"https:\\\/\\\/thehometownlawyers.com\\\/wp-content\\\/uploads\\\/2025\\\/03\\\/eaton-abogado-de-accidentes-automovilisticos-viaje-compartido-uber.jpg\",\"width\":1000,\"height\":667,\"caption\":\"Phone in car or taxi. Passenger woman using cellphone in back seat of cab.\"},{\"@type\":\"BreadcrumbList\",\"@id\":\"https:\\\/\\\/thehometownlawyers.com\\\/es\\\/eaton\\\/abogado-de-accidentes-automovilisticos\\\/viaje-compartido\\\/uber\\\/#breadcrumb\",\"itemListElement\":[{\"@type\":\"ListItem\",\"position\":1,\"name\":\"Home\",\"item\":\"https:\\\/\\\/thehometownlawyers.com\\\/es\\\/\"},{\"@type\":\"ListItem\",\"position\":2,\"name\":\"Abogado de Lesiones Personales en Eaton\",\"item\":\"https:\\\/\\\/thehometownlawyers.com\\\/es\\\/abogados-de-lesiones-personales-en-eaton-ohio\\\/\"},{\"@type\":\"ListItem\",\"position\":3,\"name\":\"Abogado de Accidente Automovil\u00edstico en Eaton\",\"item\":\"https:\\\/\\\/thehometownlawyers.com\\\/es\\\/abogados-de-lesiones-personales-en-eaton-ohio\\\/abogados-de-accidentes-automovilisticos\\\/\"},{\"@type\":\"ListItem\",\"position\":4,\"name\":\"Accidente \u00daber\"}]},{\"@type\":\"WebSite\",\"@id\":\"https:\\\/\\\/thehometownlawyers.com\\\/es\\\/#website\",\"url\":\"https:\\\/\\\/thehometownlawyers.com\\\/es\\\/\",\"name\":\"Kruger & Hodges Hometown Injury Lawyers | Accident Attorneys\",\"description\":\"Attorneys for Car, Truck and Motorcycle Accidents, Personal Injuries, and Criminal Defense.\",\"publisher\":{\"@id\":\"https:\\\/\\\/thehometownlawyers.com\\\/es\\\/#organization\"},\"alternateName\":\"Kruger & Hodges Personal Injury Lawyers\",\"inLanguage\":\"es\"},{\"@type\":\"Organization\",\"@id\":\"https:\\\/\\\/thehometownlawyers.com\\\/es\\\/#organization\",\"name\":\"Kruger & Hodges Hometown Injury Lawyers\",\"alternateName\":\"Kruger & Hodges\",\"url\":\"https:\\\/\\\/thehometownlawyers.com\\\/es\\\/\",\"logo\":{\"@type\":\"ImageObject\",\"inLanguage\":\"es\",\"@id\":\"https:\\\/\\\/thehometownlawyers.com\\\/es\\\/#\\\/schema\\\/logo\\\/image\\\/\",\"url\":\"https:\\\/\\\/thehometownlawyers.com\\\/wp-content\\\/uploads\\\/2025\\\/12\\\/revised-kh-logo-vertical-white-background-scaled.png\",\"contentUrl\":\"https:\\\/\\\/thehometownlawyers.com\\\/wp-content\\\/uploads\\\/2025\\\/12\\\/revised-kh-logo-vertical-white-background-scaled.png\",\"width\":2560,\"height\":1440,\"caption\":\"Kruger & Hodges Hometown Injury Lawyers\"},\"image\":{\"@id\":\"https:\\\/\\\/thehometownlawyers.com\\\/es\\\/#\\\/schema\\\/logo\\\/image\\\/\"},\"sameAs\":[\"https:\\\/\\\/www.facebook.com\\\/KrugerHodges\\\/\",\"https:\\\/\\\/www.instagram.com\\\/krugerhodges\\\/\",\"https:\\\/\\\/www.linkedin.com\\\/company\\\/kruger-hodges-hometown-injury-lawyers\\\/\",\"https:\\\/\\\/www.youtube.com\\\/channel\\\/UCeYcMaMaN2rb9jMlqt4EIdQ\",\"https:\\\/\\\/www.tiktok.com\\\/@thehometownlawyer\"]}]}<\/script>\n<!-- \/ Yoast SEO plugin. -->","yoast_head_json":{"title":"Abogados de accidentes de Eaton Uber: Consulta gratuita","description":"Los viajes compartidos se han vuelto cada vez m\u00e1s accesibles. P\u00f3ngase en contacto con nuestros abogados de accidentes de Uber si ha resultado lesionado en un accidente de viaje compartido.","robots":{"index":"index","follow":"follow","max-snippet":"max-snippet:-1","max-image-preview":"max-image-preview:large","max-video-preview":"max-video-preview:-1"},"canonical":"https:\/\/thehometownlawyers.com\/es\/eaton\/abogado-de-accidentes-automovilisticos\/viaje-compartido\/uber\/","og_locale":"es_MX","og_type":"article","og_title":"Abogados de accidentes de Eaton Uber: Consulta gratuita","og_description":"Los viajes compartidos se han vuelto cada vez m\u00e1s accesibles. P\u00f3ngase en contacto con nuestros abogados de accidentes de Uber si ha resultado lesionado en un accidente de viaje compartido.","og_url":"https:\/\/thehometownlawyers.com\/es\/eaton\/abogado-de-accidentes-automovilisticos\/viaje-compartido\/uber\/","og_site_name":"Kruger &amp; Hodges Abogados De Lesiones","article_publisher":"https:\/\/www.facebook.com\/KrugerHodges\/","article_modified_time":"2025-04-03T17:36:26+00:00","og_image":[{"width":1000,"height":667,"url":"https:\/\/thehometownlawyers.com\/wp-content\/uploads\/2025\/03\/eaton-abogado-de-accidentes-automovilisticos-viaje-compartido-uber.jpg","type":"image\/jpeg"}],"twitter_card":"summary_large_image","twitter_misc":{"Tiempo de lectura":"5 minutos"},"schema":{"@context":"https:\/\/schema.org","@graph":[{"@type":"WebPage","@id":"https:\/\/thehometownlawyers.com\/es\/eaton\/abogado-de-accidentes-automovilisticos\/viaje-compartido\/uber\/","url":"https:\/\/thehometownlawyers.com\/es\/eaton\/abogado-de-accidentes-automovilisticos\/viaje-compartido\/uber\/","name":"Abogados de accidentes de Eaton Uber: Consulta gratuita","isPartOf":{"@id":"https:\/\/thehometownlawyers.com\/es\/#website"},"primaryImageOfPage":{"@id":"https:\/\/thehometownlawyers.com\/es\/eaton\/abogado-de-accidentes-automovilisticos\/viaje-compartido\/uber\/#primaryimage"},"image":{"@id":"https:\/\/thehometownlawyers.com\/es\/eaton\/abogado-de-accidentes-automovilisticos\/viaje-compartido\/uber\/#primaryimage"},"thumbnailUrl":"https:\/\/thehometownlawyers.com\/wp-content\/uploads\/2025\/03\/eaton-abogado-de-accidentes-automovilisticos-viaje-compartido-uber.jpg","datePublished":"2021-09-14T14:18:32+00:00","dateModified":"2025-04-03T17:36:26+00:00","description":"Los viajes compartidos se han vuelto cada vez m\u00e1s accesibles. P\u00f3ngase en contacto con nuestros abogados de accidentes de Uber si ha resultado lesionado en un accidente de viaje compartido.","breadcrumb":{"@id":"https:\/\/thehometownlawyers.com\/es\/eaton\/abogado-de-accidentes-automovilisticos\/viaje-compartido\/uber\/#breadcrumb"},"inLanguage":"es","potentialAction":[{"@type":"ReadAction","target":["https:\/\/thehometownlawyers.com\/es\/eaton\/abogado-de-accidentes-automovilisticos\/viaje-compartido\/uber\/"]}]},{"@type":"ImageObject","inLanguage":"es","@id":"https:\/\/thehometownlawyers.com\/es\/eaton\/abogado-de-accidentes-automovilisticos\/viaje-compartido\/uber\/#primaryimage","url":"https:\/\/thehometownlawyers.com\/wp-content\/uploads\/2025\/03\/eaton-abogado-de-accidentes-automovilisticos-viaje-compartido-uber.jpg","contentUrl":"https:\/\/thehometownlawyers.com\/wp-content\/uploads\/2025\/03\/eaton-abogado-de-accidentes-automovilisticos-viaje-compartido-uber.jpg","width":1000,"height":667,"caption":"Phone in car or taxi. Passenger woman using cellphone in back seat of cab."},{"@type":"BreadcrumbList","@id":"https:\/\/thehometownlawyers.com\/es\/eaton\/abogado-de-accidentes-automovilisticos\/viaje-compartido\/uber\/#breadcrumb","itemListElement":[{"@type":"ListItem","position":1,"name":"Home","item":"https:\/\/thehometownlawyers.com\/es\/"},{"@type":"ListItem","position":2,"name":"Abogado de Lesiones Personales en Eaton","item":"https:\/\/thehometownlawyers.com\/es\/abogados-de-lesiones-personales-en-eaton-ohio\/"},{"@type":"ListItem","position":3,"name":"Abogado de Accidente Automovil\u00edstico en Eaton","item":"https:\/\/thehometownlawyers.com\/es\/abogados-de-lesiones-personales-en-eaton-ohio\/abogados-de-accidentes-automovilisticos\/"},{"@type":"ListItem","position":4,"name":"Accidente \u00daber"}]},{"@type":"WebSite","@id":"https:\/\/thehometownlawyers.com\/es\/#website","url":"https:\/\/thehometownlawyers.com\/es\/","name":"Kruger & Hodges Hometown Injury Lawyers | Accident Attorneys","description":"Attorneys for Car, Truck and Motorcycle Accidents, Personal Injuries, and Criminal Defense.","publisher":{"@id":"https:\/\/thehometownlawyers.com\/es\/#organization"},"alternateName":"Kruger & Hodges Personal Injury Lawyers","inLanguage":"es"},{"@type":"Organization","@id":"https:\/\/thehometownlawyers.com\/es\/#organization","name":"Kruger & Hodges Hometown Injury Lawyers","alternateName":"Kruger & Hodges","url":"https:\/\/thehometownlawyers.com\/es\/","logo":{"@type":"ImageObject","inLanguage":"es","@id":"https:\/\/thehometownlawyers.com\/es\/#\/schema\/logo\/image\/","url":"https:\/\/thehometownlawyers.com\/wp-content\/uploads\/2025\/12\/revised-kh-logo-vertical-white-background-scaled.png","contentUrl":"https:\/\/thehometownlawyers.com\/wp-content\/uploads\/2025\/12\/revised-kh-logo-vertical-white-background-scaled.png","width":2560,"height":1440,"caption":"Kruger & Hodges Hometown Injury Lawyers"},"image":{"@id":"https:\/\/thehometownlawyers.com\/es\/#\/schema\/logo\/image\/"},"sameAs":["https:\/\/www.facebook.com\/KrugerHodges\/","https:\/\/www.instagram.com\/krugerhodges\/","https:\/\/www.linkedin.com\/company\/kruger-hodges-hometown-injury-lawyers\/","https:\/\/www.youtube.com\/channel\/UCeYcMaMaN2rb9jMlqt4EIdQ","https:\/\/www.tiktok.com\/@thehometownlawyer"]}]}},"_links":{"self":[{"href":"https:\/\/thehometownlawyers.com\/es\/wp-json\/wp\/v2\/pages\/21183","targetHints":{"allow":["GET"]}}],"collection":[{"href":"https:\/\/thehometownlawyers.com\/es\/wp-json\/wp\/v2\/pages"}],"about":[{"href":"https:\/\/thehometownlawyers.com\/es\/wp-json\/wp\/v2\/types\/page"}],"author":[{"embeddable":true,"href":"https:\/\/thehometownlawyers.com\/es\/wp-json\/wp\/v2\/users\/7"}],"replies":[{"embeddable":true,"href":"https:\/\/thehometownlawyers.com\/es\/wp-json\/wp\/v2\/comments?post=21183"}],"version-history":[{"count":0,"href":"https:\/\/thehometownlawyers.com\/es\/wp-json\/wp\/v2\/pages\/21183\/revisions"}],"up":[{"embeddable":true,"href":"https:\/\/thehometownlawyers.com\/es\/wp-json\/wp\/v2\/pages\/21203"}],"wp:featuredmedia":[{"embeddable":true,"href":"https:\/\/thehometownlawyers.com\/es\/wp-json\/wp\/v2\/media\/24658"}],"wp:attachment":[{"href":"https:\/\/thehometownlawyers.com\/es\/wp-json\/wp\/v2\/media?parent=21183"}],"wp:term":[{"taxonomy":"hc_faqs","embeddable":true,"href":"https:\/\/thehometownlawyers.com\/es\/wp-json\/wp\/v2\/hc_faqs?post=21183"},{"taxonomy":"hc_spanish_faqs","embeddable":true,"href":"https:\/\/thehometownlawyers.com\/es\/wp-json\/wp\/v2\/hc_spanish_faqs?post=21183"}],"curies":[{"name":"wp","href":"https:\/\/api.w.org\/{rel}","templated":true}]}}