{"id":21184,"date":"2021-07-24T21:59:07","date_gmt":"2021-07-25T01:59:07","guid":{"rendered":"https:\/\/thehometownlawyers.com\/?page_id=21184"},"modified":"2025-01-31T11:33:32","modified_gmt":"2025-01-31T16:33:32","slug":"abogado-de-motocicletas-franklin-ohio","status":"publish","type":"page","link":"https:\/\/thehometownlawyers.com\/es\/abogado-de-lesiones-personales-franklin-ohio\/abogado-de-motocicletas-franklin-ohio\/","title":{"rendered":"Abogado de Accidentes de Motocicletas en Franklin"},"content":{"rendered":"<h2>Abogado de accidentes de motocicleta en Franklin, Ohio<\/h2>\n<p>Los entusiastas de las motocicletas tienen un amor por las carreteras abiertas como nadie m\u00e1s. Nada se compara con andar en motocicleta por el campo r\u00fastico o el largo tramo de las carreteras nacionales. Seg\u00fan una encuesta de 2018, la <a href=\"https:\/\/www.prnewswire.com\/news-releases\/us-households-with-a-motorcycle-climbs-to-record-8-percent-in-2018-300783120.html#:~:text=The%20estimated%20number%20of%20motorcycles,11%2C015%2C105%20motorcycles%20were%20in%20use.\" target=\"_blank\" rel=\"noopener\">cantidad estimada de motocicletas<\/a> en las carreteras de EE. UU. cruz\u00f3 la marca de los 12 millones y se espera que esta cifra siga aumentando.<\/p>\n<p>Para muchos motociclistas, su mayor preocupaci\u00f3n es recibir un golpe en la cara con un insecto volador o lidiar con las inclemencias del tiempo. Sin embargo, los peligros de la carretera son s\u00f3lo una cara de los problemas de los motociclistas. La probabilidad de que otras personas cometan un error en el camino es m\u00e1s alta de lo que uno podr\u00eda pensar. Esto es lo que hace que andar en moto sea uno de los pasatiempos m\u00e1s peligrosos para disfrutar.<\/p>\n<p class=\"rs-content-cta rs-content-cta-small\">Para una consulta legal gratuita, llame al <a href=\"tel:+15138943333\">513-894-3333 <\/a><\/p><h2>\u00bfEst\u00e1 realmente seguro en una motocicleta en estos d\u00edas?<\/h2>\n<p>El n\u00famero de veh\u00edculos de motor en las carreteras y autopistas de la ciudad aumenta dr\u00e1sticamente cada a\u00f1o. A partir de 2019, el <a href=\"https:\/\/www.dmvusa.com\/\" target=\"_blank\" rel=\"noopener\">Departamento de Veh\u00edculos Motorizados (DMV)<\/a> hab\u00eda registrado m\u00e1s de <a href=\"https:\/\/www.statista.com\/statistics\/183505\/number-of-vehicles-in-the-united-states-since-1990\/#:~:text=How%20many%20registered%20motor%20vehicles,12%20million%20units%20in%202019.\" target=\"_blank\" rel=\"noopener\">276 millones<\/a> de veh\u00edculos motorizados. Compare esto con los 8 millones de motociclistas registrados y de repente se dar\u00e1 cuenta de lo marginados que est\u00e1n en las carreteras hoy en d\u00eda.<\/p>\n<p>Conducir una motocicleta requiere un alto nivel de atenci\u00f3n, una amplia gama de equipos de protecci\u00f3n (como un casco, guantes y botas resistentes) y <a href=\"https:\/\/www.bmv.ohio.gov\/dl-mo-motorcycle.aspx\" target=\"_blank\" rel=\"noopener\">meses de cuidadosa capacitaci\u00f3n en seguridad<\/a> . Las personas que no cumplen con las normas de tr\u00e1nsito y otras pautas de seguridad se encuentran en situaciones indeseables. En los Estados Unidos, el 78,3 % de todos los accidentes informados resultan en lesiones personales, y la friolera de 4,24 % de los accidentes son fatales.<\/p>\n<p>Estad\u00edsticamente hablando, las carreteras se consideran m\u00e1s peligrosas para los motociclistas. Los autos que se desv\u00edan a alta velocidad, las r\u00e1fagas de viento de los veh\u00edculos pesados e incluso la basura arrojada por las ventanas pueden hacer que el conductor pierda el equilibrio o la tracci\u00f3n en la carretera.<\/p>\n<h2>Lesiones m\u00e1s comunes despu\u00e9s de un accidente de motocicleta<\/h2>\n<p>Dependiendo de la velocidad, la ubicaci\u00f3n del incidente y el tama\u00f1o de los veh\u00edculos, puede haber diferentes resultados en un accidente de tr\u00e1fico. A bajas velocidades, lo m\u00e1s probable es que su reacci\u00f3n final lo ayude a reducir el da\u00f1o y la gravedad del accidente. En el peor de los casos, puede salir solo con un hematoma, una erupci\u00f3n en la carretera u otras lesiones menores.<\/p>\n<p>Por otro lado, los accidentes que ocurren a altas velocidades en presencia de veh\u00edculos m\u00e1s pesados como camiones y autom\u00f3viles pueden tener resultados devastadores. Desafortunadamente, la ocurrencia de las siguientes lesiones es com\u00fan en tales escenarios:<\/p>\n<ul>\n<li>Fracturas y luxaciones de huesos<\/li>\n<li>Concusi\u00f3n<\/li>\n<li>P\u00e9rdida de consciencia<\/li>\n<li>Quemaduras de segundo o tercer grado<\/li>\n<li>P\u00e9rdida de sangre debido a laceraciones y heridas abiertas.<\/li>\n<li>Hemorragia interna y da\u00f1o a los \u00f3rganos.<\/li>\n<\/ul>\n<p>Las secuelas de un accidente de tr\u00e1fico pueden dejar a las v\u00edctimas con <a href=\"https:\/\/www.mayoclinic.org\/diseases-conditions\/post-traumatic-stress-disorder\/symptoms-causes\/syc-20355967\" target=\"_blank\" rel=\"noopener\">PTSD<\/a> , <a href=\"https:\/\/thehometownlawyers.com\/es\/\">lesiones cerebrales<\/a> o desfiguraci\u00f3n de por vida . La falta de protecci\u00f3n adecuada es la principal causa de accidentes fatales de motocicletas en los Estados Unidos. A pesar de saber que los cascos y otros equipos de protecci\u00f3n pueden reducir las posibilidades de lesiones en la cabeza y muertes, muchas personas a\u00fan optan por no usarlos.<\/p>\n<p class=\"rs-content-cta rs-content-cta-small\"><a href=\"\/es\/contacto\/\">Haga clic para contactar<\/a> con nuestros lesiones personales abogados hoy<\/p><h2>Qu\u00e9 hacer si tiene un accidente de motocicleta<\/h2>\n<p>Si es testigo o es parte de un accidente de motocicleta, llamar al 911 para recibir atenci\u00f3n y atenci\u00f3n m\u00e9dica debe ser su m\u00e1xima prioridad. A menos que obtenga una evaluaci\u00f3n adecuada del m\u00e9dico, puede ser dif\u00edcil medir el alcance de las lesiones externas e internas. Es posible que las lesiones no se hagan evidentes hasta d\u00edas o semanas despu\u00e9s del accidente.<\/p>\n<p>Adem\u00e1s, hablar con un m\u00e9dico puede ayudarlo a obtener la documentaci\u00f3n que tanto necesita para probar el alcance de sus lesiones. Esto puede ser esencial para ayudarlo a obtener la compensaci\u00f3n financiera que merece para ayudarlo a recuperarse de las lesiones.<\/p>\n<p>Si no tuvo una culpa activa en un accidente, es fundamental que se asegure de realizar un seguimiento de la mayor cantidad de evidencia posible. Si es posible, aseg\u00farese de cubrir lo siguiente desde el lugar del accidente:<\/p>\n<ul>\n<li>Im\u00e1genes de los veh\u00edculos y da\u00f1os causados.<\/li>\n<li>Nombres del propietario de los veh\u00edculos involucrados directamente<\/li>\n<li>N\u00fameros de placas de los veh\u00edculos involucrados, y su marca y modelo<\/li>\n<li>Numero de seguro<\/li>\n<\/ul>\n<p>Toda esta evidencia puede ayudarlo a construir su caso, en caso de que decida buscar una compensaci\u00f3n por sus lesiones despu\u00e9s de su accidente de motocicleta.<\/p>\n<p class=\"rs-content-cta rs-content-cta-small\">Complete una <a href=\"\/es\/contacto\/\">evaluaci\u00f3n gratuita de su caso<\/a> ahora<\/p><h2>\u00bfHa estado en un accidente de motocicleta en Franklin, Ohio?<\/h2>\n<p>Aqu\u00ed en <a href=\"https:\/\/thehometownlawyers.com\/es\/abogados-de-lesiones-personales-de-middletown\/\">Kruger &amp; Hodges<\/a> , sabemos que lidiar con choques de motocicletas puede ser estresante. El proceso de recuperaci\u00f3n puede ser lento y doloroso, y es posible que no pueda trabajar durante este tiempo. No solo lo ayudaremos a guiarlo a trav\u00e9s del proceso legal, sino que tambi\u00e9n lo ayudaremos a obtener la restituci\u00f3n financiera que necesita para ayudarlo a recuperarse del accidente. Si fue v\u00edctima del error de otra persona en el camino, no dude en <a href=\"https:\/\/thehometownlawyers.com\/es\/contacto\/\">comunicarse con nuestras oficinas<\/a> hoy.<\/p>\n<p class=\"rs-content-cta rs-content-cta-small\">Llame o env\u00ede un mensaje de texto al <a href=\"tel:+15138943333\">513-894-3333<\/a> o complete una <a href=\"\/es\/contacto\/\">evaluaci\u00f3n gratuita de su caso<\/a><\/p>","protected":false},"excerpt":{"rendered":"<p>Abogado de accidentes de motocicleta en Franklin, Ohio Los entusiastas de las motocicletas tienen un amor por las carreteras abiertas como nadie m\u00e1s. Nada se compara con andar en motocicleta por el campo r\u00fastico o el largo tramo de las carreteras nacionales. Seg\u00fan una encuesta de 2018, la cantidad estimada de motocicletas en las carreteras &#8230;<\/p>\n","protected":false},"author":7,"featured_media":24480,"parent":21191,"menu_order":0,"comment_status":"closed","ping_status":"closed","template":"","meta":{"_acf_changed":false,"inline_featured_image":false,"_genesis_hide_title":false,"_genesis_hide_breadcrumbs":false,"_genesis_hide_singular_image":false,"_genesis_hide_footer_widgets":false,"_genesis_custom_body_class":"","_genesis_custom_post_class":"","_genesis_layout":"","footnotes":""},"hc_faqs":[],"hc_spanish_faqs":[],"class_list":{"0":"post-21184","1":"page","2":"type-page","3":"status-publish","4":"has-post-thumbnail","6":"entry"},"acf":[],"yoast_head":"<!-- This site is optimized with the Yoast SEO plugin v27.4 - https:\/\/yoast.com\/product\/yoast-seo-wordpress\/ -->\n<title>Abogado de Motocicletas Franklin, Ohio: Consulta gratuita<\/title>\n<meta name=\"description\" content=\"Abogado de accidentes de motocicleta en Franklin, Ohio Los entusiastas de las motocicletas tienen un amor por las carreteras abiertas como nadie m\u00e1s. Nada\" \/>\n<meta name=\"robots\" content=\"index, follow, max-snippet:-1, max-image-preview:large, max-video-preview:-1\" \/>\n<link rel=\"canonical\" href=\"https:\/\/thehometownlawyers.com\/es\/abogado-de-lesiones-personales-franklin-ohio\/abogado-de-motocicletas-franklin-ohio\/\" \/>\n<meta property=\"og:locale\" content=\"es_MX\" \/>\n<meta property=\"og:type\" content=\"article\" \/>\n<meta property=\"og:title\" content=\"Abogado de Motocicletas Franklin, Ohio: Consulta gratuita\" \/>\n<meta property=\"og:description\" content=\"Abogado de accidentes de motocicleta en Franklin, Ohio Los entusiastas de las motocicletas tienen un amor por las carreteras abiertas como nadie m\u00e1s. Nada\" \/>\n<meta property=\"og:url\" content=\"https:\/\/thehometownlawyers.com\/es\/abogado-de-lesiones-personales-franklin-ohio\/abogado-de-motocicletas-franklin-ohio\/\" \/>\n<meta property=\"og:site_name\" content=\"Kruger &amp; Hodges Abogados De Lesiones\" \/>\n<meta property=\"article:publisher\" content=\"https:\/\/www.facebook.com\/KrugerHodges\/\" \/>\n<meta property=\"article:modified_time\" content=\"2025-01-31T16:33:32+00:00\" \/>\n<meta property=\"og:image\" content=\"https:\/\/thehometownlawyers.com\/wp-content\/uploads\/2021\/04\/service-1.png\" \/>\n\t<meta property=\"og:image:width\" content=\"415\" \/>\n\t<meta property=\"og:image:height\" content=\"306\" \/>\n\t<meta property=\"og:image:type\" content=\"image\/png\" \/>\n<meta name=\"twitter:card\" content=\"summary_large_image\" \/>\n<meta name=\"twitter:label1\" content=\"Tiempo de lectura\" \/>\n\t<meta name=\"twitter:data1\" content=\"4 minutos\" \/>\n<script type=\"application\/ld+json\" class=\"yoast-schema-graph\">{\"@context\":\"https:\\\/\\\/schema.org\",\"@graph\":[{\"@type\":\"WebPage\",\"@id\":\"https:\\\/\\\/thehometownlawyers.com\\\/es\\\/abogado-de-lesiones-personales-franklin-ohio\\\/abogado-de-motocicletas-franklin-ohio\\\/\",\"url\":\"https:\\\/\\\/thehometownlawyers.com\\\/es\\\/abogado-de-lesiones-personales-franklin-ohio\\\/abogado-de-motocicletas-franklin-ohio\\\/\",\"name\":\"Abogado de Motocicletas Franklin, Ohio: Consulta gratuita\",\"isPartOf\":{\"@id\":\"https:\\\/\\\/thehometownlawyers.com\\\/es\\\/#website\"},\"primaryImageOfPage\":{\"@id\":\"https:\\\/\\\/thehometownlawyers.com\\\/es\\\/abogado-de-lesiones-personales-franklin-ohio\\\/abogado-de-motocicletas-franklin-ohio\\\/#primaryimage\"},\"image\":{\"@id\":\"https:\\\/\\\/thehometownlawyers.com\\\/es\\\/abogado-de-lesiones-personales-franklin-ohio\\\/abogado-de-motocicletas-franklin-ohio\\\/#primaryimage\"},\"thumbnailUrl\":\"https:\\\/\\\/thehometownlawyers.com\\\/wp-content\\\/uploads\\\/2025\\\/03\\\/franklin-motorcycle-accident-lawyer.jpg\",\"datePublished\":\"2021-07-25T01:59:07+00:00\",\"dateModified\":\"2025-01-31T16:33:32+00:00\",\"description\":\"Abogado de accidentes de motocicleta en Franklin, Ohio Los entusiastas de las motocicletas tienen un amor por las carreteras abiertas como nadie m\u00e1s. Nada\",\"breadcrumb\":{\"@id\":\"https:\\\/\\\/thehometownlawyers.com\\\/es\\\/abogado-de-lesiones-personales-franklin-ohio\\\/abogado-de-motocicletas-franklin-ohio\\\/#breadcrumb\"},\"inLanguage\":\"es\",\"potentialAction\":[{\"@type\":\"ReadAction\",\"target\":[\"https:\\\/\\\/thehometownlawyers.com\\\/es\\\/abogado-de-lesiones-personales-franklin-ohio\\\/abogado-de-motocicletas-franklin-ohio\\\/\"]}]},{\"@type\":\"ImageObject\",\"inLanguage\":\"es\",\"@id\":\"https:\\\/\\\/thehometownlawyers.com\\\/es\\\/abogado-de-lesiones-personales-franklin-ohio\\\/abogado-de-motocicletas-franklin-ohio\\\/#primaryimage\",\"url\":\"https:\\\/\\\/thehometownlawyers.com\\\/wp-content\\\/uploads\\\/2025\\\/03\\\/franklin-motorcycle-accident-lawyer.jpg\",\"contentUrl\":\"https:\\\/\\\/thehometownlawyers.com\\\/wp-content\\\/uploads\\\/2025\\\/03\\\/franklin-motorcycle-accident-lawyer.jpg\",\"width\":768,\"height\":512,\"caption\":\"Man in a Motorcycle with gloves is an important protective clothing for motorcycling throttle control, safety concept.\"},{\"@type\":\"BreadcrumbList\",\"@id\":\"https:\\\/\\\/thehometownlawyers.com\\\/es\\\/abogado-de-lesiones-personales-franklin-ohio\\\/abogado-de-motocicletas-franklin-ohio\\\/#breadcrumb\",\"itemListElement\":[{\"@type\":\"ListItem\",\"position\":1,\"name\":\"Home\",\"item\":\"https:\\\/\\\/thehometownlawyers.com\\\/es\\\/\"},{\"@type\":\"ListItem\",\"position\":2,\"name\":\"Abogado de Lesiones Personales en Franklin\",\"item\":\"https:\\\/\\\/thehometownlawyers.com\\\/es\\\/abogado-de-lesiones-personales-franklin-ohio\\\/\"},{\"@type\":\"ListItem\",\"position\":3,\"name\":\"Abogado de Accidentes de Motocicletas en Franklin\"}]},{\"@type\":\"WebSite\",\"@id\":\"https:\\\/\\\/thehometownlawyers.com\\\/es\\\/#website\",\"url\":\"https:\\\/\\\/thehometownlawyers.com\\\/es\\\/\",\"name\":\"Kruger & Hodges Hometown Injury Lawyers | Accident Attorneys\",\"description\":\"Attorneys for Car, Truck and Motorcycle Accidents, Personal Injuries, and Criminal Defense.\",\"publisher\":{\"@id\":\"https:\\\/\\\/thehometownlawyers.com\\\/es\\\/#organization\"},\"alternateName\":\"Kruger & Hodges Personal Injury Lawyers\",\"inLanguage\":\"es\"},{\"@type\":\"Organization\",\"@id\":\"https:\\\/\\\/thehometownlawyers.com\\\/es\\\/#organization\",\"name\":\"Kruger & Hodges Hometown Injury Lawyers\",\"alternateName\":\"Kruger & Hodges\",\"url\":\"https:\\\/\\\/thehometownlawyers.com\\\/es\\\/\",\"logo\":{\"@type\":\"ImageObject\",\"inLanguage\":\"es\",\"@id\":\"https:\\\/\\\/thehometownlawyers.com\\\/es\\\/#\\\/schema\\\/logo\\\/image\\\/\",\"url\":\"https:\\\/\\\/thehometownlawyers.com\\\/wp-content\\\/uploads\\\/2025\\\/12\\\/revised-kh-logo-vertical-white-background-scaled.png\",\"contentUrl\":\"https:\\\/\\\/thehometownlawyers.com\\\/wp-content\\\/uploads\\\/2025\\\/12\\\/revised-kh-logo-vertical-white-background-scaled.png\",\"width\":2560,\"height\":1440,\"caption\":\"Kruger & Hodges Hometown Injury Lawyers\"},\"image\":{\"@id\":\"https:\\\/\\\/thehometownlawyers.com\\\/es\\\/#\\\/schema\\\/logo\\\/image\\\/\"},\"sameAs\":[\"https:\\\/\\\/www.facebook.com\\\/KrugerHodges\\\/\",\"https:\\\/\\\/www.instagram.com\\\/krugerhodges\\\/\",\"https:\\\/\\\/www.linkedin.com\\\/company\\\/kruger-hodges-hometown-injury-lawyers\\\/\",\"https:\\\/\\\/www.youtube.com\\\/channel\\\/UCeYcMaMaN2rb9jMlqt4EIdQ\",\"https:\\\/\\\/www.tiktok.com\\\/@thehometownlawyer\"]}]}<\/script>\n<!-- \/ Yoast SEO plugin. -->","yoast_head_json":{"title":"Abogado de Motocicletas Franklin, Ohio: Consulta gratuita","description":"Abogado de accidentes de motocicleta en Franklin, Ohio Los entusiastas de las motocicletas tienen un amor por las carreteras abiertas como nadie m\u00e1s. Nada","robots":{"index":"index","follow":"follow","max-snippet":"max-snippet:-1","max-image-preview":"max-image-preview:large","max-video-preview":"max-video-preview:-1"},"canonical":"https:\/\/thehometownlawyers.com\/es\/abogado-de-lesiones-personales-franklin-ohio\/abogado-de-motocicletas-franklin-ohio\/","og_locale":"es_MX","og_type":"article","og_title":"Abogado de Motocicletas Franklin, Ohio: Consulta gratuita","og_description":"Abogado de accidentes de motocicleta en Franklin, Ohio Los entusiastas de las motocicletas tienen un amor por las carreteras abiertas como nadie m\u00e1s. Nada","og_url":"https:\/\/thehometownlawyers.com\/es\/abogado-de-lesiones-personales-franklin-ohio\/abogado-de-motocicletas-franklin-ohio\/","og_site_name":"Kruger &amp; Hodges Abogados De Lesiones","article_publisher":"https:\/\/www.facebook.com\/KrugerHodges\/","article_modified_time":"2025-01-31T16:33:32+00:00","og_image":[{"width":415,"height":306,"url":"https:\/\/thehometownlawyers.com\/wp-content\/uploads\/2021\/04\/service-1.png","type":"image\/png"}],"twitter_card":"summary_large_image","twitter_misc":{"Tiempo de lectura":"4 minutos"},"schema":{"@context":"https:\/\/schema.org","@graph":[{"@type":"WebPage","@id":"https:\/\/thehometownlawyers.com\/es\/abogado-de-lesiones-personales-franklin-ohio\/abogado-de-motocicletas-franklin-ohio\/","url":"https:\/\/thehometownlawyers.com\/es\/abogado-de-lesiones-personales-franklin-ohio\/abogado-de-motocicletas-franklin-ohio\/","name":"Abogado de Motocicletas Franklin, Ohio: Consulta gratuita","isPartOf":{"@id":"https:\/\/thehometownlawyers.com\/es\/#website"},"primaryImageOfPage":{"@id":"https:\/\/thehometownlawyers.com\/es\/abogado-de-lesiones-personales-franklin-ohio\/abogado-de-motocicletas-franklin-ohio\/#primaryimage"},"image":{"@id":"https:\/\/thehometownlawyers.com\/es\/abogado-de-lesiones-personales-franklin-ohio\/abogado-de-motocicletas-franklin-ohio\/#primaryimage"},"thumbnailUrl":"https:\/\/thehometownlawyers.com\/wp-content\/uploads\/2025\/03\/franklin-motorcycle-accident-lawyer.jpg","datePublished":"2021-07-25T01:59:07+00:00","dateModified":"2025-01-31T16:33:32+00:00","description":"Abogado de accidentes de motocicleta en Franklin, Ohio Los entusiastas de las motocicletas tienen un amor por las carreteras abiertas como nadie m\u00e1s. Nada","breadcrumb":{"@id":"https:\/\/thehometownlawyers.com\/es\/abogado-de-lesiones-personales-franklin-ohio\/abogado-de-motocicletas-franklin-ohio\/#breadcrumb"},"inLanguage":"es","potentialAction":[{"@type":"ReadAction","target":["https:\/\/thehometownlawyers.com\/es\/abogado-de-lesiones-personales-franklin-ohio\/abogado-de-motocicletas-franklin-ohio\/"]}]},{"@type":"ImageObject","inLanguage":"es","@id":"https:\/\/thehometownlawyers.com\/es\/abogado-de-lesiones-personales-franklin-ohio\/abogado-de-motocicletas-franklin-ohio\/#primaryimage","url":"https:\/\/thehometownlawyers.com\/wp-content\/uploads\/2025\/03\/franklin-motorcycle-accident-lawyer.jpg","contentUrl":"https:\/\/thehometownlawyers.com\/wp-content\/uploads\/2025\/03\/franklin-motorcycle-accident-lawyer.jpg","width":768,"height":512,"caption":"Man in a Motorcycle with gloves is an important protective clothing for motorcycling throttle control, safety concept."},{"@type":"BreadcrumbList","@id":"https:\/\/thehometownlawyers.com\/es\/abogado-de-lesiones-personales-franklin-ohio\/abogado-de-motocicletas-franklin-ohio\/#breadcrumb","itemListElement":[{"@type":"ListItem","position":1,"name":"Home","item":"https:\/\/thehometownlawyers.com\/es\/"},{"@type":"ListItem","position":2,"name":"Abogado de Lesiones Personales en Franklin","item":"https:\/\/thehometownlawyers.com\/es\/abogado-de-lesiones-personales-franklin-ohio\/"},{"@type":"ListItem","position":3,"name":"Abogado de Accidentes de Motocicletas en Franklin"}]},{"@type":"WebSite","@id":"https:\/\/thehometownlawyers.com\/es\/#website","url":"https:\/\/thehometownlawyers.com\/es\/","name":"Kruger & Hodges Hometown Injury Lawyers | Accident Attorneys","description":"Attorneys for Car, Truck and Motorcycle Accidents, Personal Injuries, and Criminal Defense.","publisher":{"@id":"https:\/\/thehometownlawyers.com\/es\/#organization"},"alternateName":"Kruger & Hodges Personal Injury Lawyers","inLanguage":"es"},{"@type":"Organization","@id":"https:\/\/thehometownlawyers.com\/es\/#organization","name":"Kruger & Hodges Hometown Injury Lawyers","alternateName":"Kruger & Hodges","url":"https:\/\/thehometownlawyers.com\/es\/","logo":{"@type":"ImageObject","inLanguage":"es","@id":"https:\/\/thehometownlawyers.com\/es\/#\/schema\/logo\/image\/","url":"https:\/\/thehometownlawyers.com\/wp-content\/uploads\/2025\/12\/revised-kh-logo-vertical-white-background-scaled.png","contentUrl":"https:\/\/thehometownlawyers.com\/wp-content\/uploads\/2025\/12\/revised-kh-logo-vertical-white-background-scaled.png","width":2560,"height":1440,"caption":"Kruger & Hodges Hometown Injury Lawyers"},"image":{"@id":"https:\/\/thehometownlawyers.com\/es\/#\/schema\/logo\/image\/"},"sameAs":["https:\/\/www.facebook.com\/KrugerHodges\/","https:\/\/www.instagram.com\/krugerhodges\/","https:\/\/www.linkedin.com\/company\/kruger-hodges-hometown-injury-lawyers\/","https:\/\/www.youtube.com\/channel\/UCeYcMaMaN2rb9jMlqt4EIdQ","https:\/\/www.tiktok.com\/@thehometownlawyer"]}]}},"_links":{"self":[{"href":"https:\/\/thehometownlawyers.com\/es\/wp-json\/wp\/v2\/pages\/21184","targetHints":{"allow":["GET"]}}],"collection":[{"href":"https:\/\/thehometownlawyers.com\/es\/wp-json\/wp\/v2\/pages"}],"about":[{"href":"https:\/\/thehometownlawyers.com\/es\/wp-json\/wp\/v2\/types\/page"}],"author":[{"embeddable":true,"href":"https:\/\/thehometownlawyers.com\/es\/wp-json\/wp\/v2\/users\/7"}],"replies":[{"embeddable":true,"href":"https:\/\/thehometownlawyers.com\/es\/wp-json\/wp\/v2\/comments?post=21184"}],"version-history":[{"count":0,"href":"https:\/\/thehometownlawyers.com\/es\/wp-json\/wp\/v2\/pages\/21184\/revisions"}],"up":[{"embeddable":true,"href":"https:\/\/thehometownlawyers.com\/es\/wp-json\/wp\/v2\/pages\/21191"}],"wp:featuredmedia":[{"embeddable":true,"href":"https:\/\/thehometownlawyers.com\/es\/wp-json\/wp\/v2\/media\/24480"}],"wp:attachment":[{"href":"https:\/\/thehometownlawyers.com\/es\/wp-json\/wp\/v2\/media?parent=21184"}],"wp:term":[{"taxonomy":"hc_faqs","embeddable":true,"href":"https:\/\/thehometownlawyers.com\/es\/wp-json\/wp\/v2\/hc_faqs?post=21184"},{"taxonomy":"hc_spanish_faqs","embeddable":true,"href":"https:\/\/thehometownlawyers.com\/es\/wp-json\/wp\/v2\/hc_spanish_faqs?post=21184"}],"curies":[{"name":"wp","href":"https:\/\/api.w.org\/{rel}","templated":true}]}}